{"id":9211,"date":"2026-03-13T09:15:46","date_gmt":"2026-03-13T08:15:46","guid":{"rendered":"https:\/\/kamexbhp.pl\/sklep\/?post_type=product&#038;p=9211"},"modified":"2026-03-13T09:15:46","modified_gmt":"2026-03-13T08:15:46","slug":"payper-bokserki-harrison","status":"publish","type":"product","link":"https:\/\/kamexbhp.pl\/sklep\/produkt\/payper-bokserki-harrison\/","title":{"rendered":"PAYPER Bokserki HARRISON"},"content":{"rendered":"<p data-start=\"0\" data-end=\"78\"><strong data-start=\"0\" data-end=\"76\">PAYPER Bokserki HARRISON \u2013 m\u0119skie bokserki z elastycznej bawe\u0142ny (3-pak)<\/strong><\/p>\n<p data-start=\"80\" data-end=\"370\">Bokserki <strong data-start=\"89\" data-end=\"108\">PAYPER HARRISON<\/strong> to wygodna i praktyczna bielizna m\u0119ska wykonana z wysokiej jako\u015bci elastycznej bawe\u0142ny typu <strong data-start=\"201\" data-end=\"219\">stretch jersey<\/strong>. Dzi\u0119ki dodatkowi elastanu doskonale dopasowuj\u0105 si\u0119 do sylwetki, zapewniaj\u0105c komfort noszenia przez ca\u0142y dzie\u0144 \u2013 zar\u00f3wno w pracy, jak i na co dzie\u0144.<\/p>\n<p data-start=\"372\" data-end=\"659\">Model posiada <strong data-start=\"386\" data-end=\"440\">kr\u00f3tk\u0105 nogawk\u0119 oraz spersonalizowan\u0105 gumk\u0119 w pasie<\/strong>, kt\u00f3ra dobrze trzyma bielizn\u0119 na miejscu i nie powoduje ucisku. Bokserki sprzedawane s\u0105 w <strong data-start=\"531\" data-end=\"582\">praktycznym zestawie 3 sztuk w r\u00f3\u017cnych kolorach<\/strong>, co czyni je wygodnym wyborem dla os\u00f3b ceni\u0105cych komfort i funkcjonalno\u015b\u0107.<\/p>\n<p data-start=\"661\" data-end=\"765\">\u015awietnie sprawdz\u0105 si\u0119 jako <strong data-start=\"688\" data-end=\"764\">codzienna bielizna do pracy, odzie\u017cy roboczej oraz aktywnego trybu \u017cycia<\/strong>.<\/p>\n<h3 data-section-id=\"kquy10\" data-start=\"767\" data-end=\"785\">Cechy produktu<\/h3>\n<ul data-start=\"786\" data-end=\"1215\">\n<li data-section-id=\"10q5g4c\" data-start=\"786\" data-end=\"824\">\n<p data-start=\"788\" data-end=\"824\">m\u0119skie bokserki z <strong data-start=\"806\" data-end=\"824\">kr\u00f3tk\u0105 nogawk\u0105<\/strong><\/p>\n<\/li>\n<li data-section-id=\"107ozg9\" data-start=\"825\" data-end=\"869\">\n<p data-start=\"827\" data-end=\"869\">wykonane z <strong data-start=\"838\" data-end=\"869\">elastycznej bawe\u0142ny stretch<\/strong><\/p>\n<\/li>\n<li data-section-id=\"1407tc\" data-start=\"870\" data-end=\"918\">\n<p data-start=\"872\" data-end=\"918\">materia\u0142 <strong data-start=\"881\" data-end=\"918\">przyjemny dla sk\u00f3ry i oddychaj\u0105cy<\/strong><\/p>\n<\/li>\n<li data-section-id=\"j1wtmt\" data-start=\"919\" data-end=\"962\">\n<p data-start=\"921\" data-end=\"962\"><strong data-start=\"921\" data-end=\"962\">spersonalizowana gumka w pasie PAYPER<\/strong><\/p>\n<\/li>\n<li data-section-id=\"1sr1kml\" data-start=\"963\" data-end=\"998\">\n<p data-start=\"965\" data-end=\"998\">dobrze dopasowuj\u0105 si\u0119 do sylwetki<\/p>\n<\/li>\n<li data-section-id=\"1xr3dk\" data-start=\"999\" data-end=\"1033\">\n<p data-start=\"1001\" data-end=\"1033\">materia\u0142 typu <strong data-start=\"1015\" data-end=\"1033\">stretch jersey<\/strong><\/p>\n<\/li>\n<li data-section-id=\"1fh8c5g\" data-start=\"1034\" data-end=\"1058\">\n<p data-start=\"1036\" data-end=\"1058\">gramatura <strong data-start=\"1046\" data-end=\"1058\">155 g\/m\u00b2<\/strong><\/p>\n<\/li>\n<li data-section-id=\"c3wc90\" data-start=\"1059\" data-end=\"1095\">\n<p data-start=\"1061\" data-end=\"1095\">sk\u0142ad: <strong data-start=\"1068\" data-end=\"1095\">95% bawe\u0142na, 5% elastan<\/strong><\/p>\n<\/li>\n<li data-section-id=\"1de5uye\" data-start=\"1096\" data-end=\"1130\">\n<p data-start=\"1098\" data-end=\"1130\">zestaw <strong data-start=\"1105\" data-end=\"1130\">3 sztuki w opakowaniu<\/strong><\/p>\n<\/li>\n<\/ul>\n","protected":false},"excerpt":{"rendered":"<p><strong data-start=\"0\" data-end=\"28\" data-is-only-node=\"\">PAYPER Bokserki HARRISON<\/strong> to wygodna bielizna m\u0119ska wykonana z wysokiej jako\u015bci elastycznej bawe\u0142ny typu stretch. Materia\u0142 (95% bawe\u0142na, 5% elastan) jest mi\u0119kki, oddychaj\u0105cy i dobrze dopasowuje si\u0119 do sylwetki, zapewniaj\u0105c komfort przez ca\u0142y dzie\u0144. Bokserki posiadaj\u0105 kr\u00f3tk\u0105 nogawk\u0119 oraz spersonalizowan\u0105 gumk\u0119 w pasie, kt\u00f3ra dobrze utrzymuje bielizn\u0119 na miejscu bez ucisku. Sprzedawane s\u0105 w praktycznym zestawie 3 sztuk w r\u00f3\u017cnych kolorach. Gramatura materia\u0142u 155 g\/m\u00b2 gwarantuje trwa\u0142o\u015b\u0107 i wygod\u0119 u\u017cytkowania.<\/p>\n","protected":false},"featured_media":9212,"comment_status":"open","ping_status":"closed","template":"","meta":[],"product_brand":[1902],"product_cat":[15],"product_tag":[2149,2150,2147,2146,2145,2148],"class_list":{"0":"post-9211","1":"product","2":"type-product","3":"status-publish","4":"has-post-thumbnail","6":"product_brand-payper","7":"product_cat-rozne","8":"product_tag-bielizna-meska-payper","9":"product_tag-bokserki-3-pak","10":"product_tag-bokserki-bawelniane-meskie","11":"product_tag-bokserki-meskie-payper","12":"product_tag-bokserki-payper-harrison","13":"product_tag-bokserki-stretch-meskie","15":"first","16":"instock","17":"taxable","18":"shipping-taxable","19":"purchasable","20":"product-type-variable"},"yoast_head":"<!-- This site is optimized with the Yoast SEO plugin v25.6 - https:\/\/yoast.com\/wordpress\/plugins\/seo\/ -->\n<title>PAYPER Bokserki HARRISON - KAMEX BHP - SKLEP INTERNETOWY Z ARTYKU\u0141AMI BHP NAJWY\u017bSZEJ JAKO\u015aCI<\/title>\n<meta name=\"description\" content=\"M\u0119skie bokserki PAYPER Harrison z elastycznej bawe\u0142ny. Wygodne, oddychaj\u0105ce, z gumk\u0105 w pasie. Zestaw 3 sztuki w r\u00f3\u017cnych kolorach.\" \/>\n<meta name=\"robots\" content=\"index, follow, max-snippet:-1, max-image-preview:large, max-video-preview:-1\" \/>\n<link rel=\"canonical\" href=\"https:\/\/kamexbhp.pl\/sklep\/produkt\/payper-bokserki-harrison\/\" \/>\n<meta property=\"og:locale\" content=\"pl_PL\" \/>\n<meta property=\"og:type\" content=\"article\" \/>\n<meta property=\"og:title\" content=\"PAYPER Bokserki HARRISON - KAMEX BHP - SKLEP INTERNETOWY Z ARTYKU\u0141AMI BHP NAJWY\u017bSZEJ JAKO\u015aCI\" \/>\n<meta property=\"og:description\" content=\"M\u0119skie bokserki PAYPER Harrison z elastycznej bawe\u0142ny. Wygodne, oddychaj\u0105ce, z gumk\u0105 w pasie. Zestaw 3 sztuki w r\u00f3\u017cnych kolorach.\" \/>\n<meta property=\"og:url\" content=\"https:\/\/kamexbhp.pl\/sklep\/produkt\/payper-bokserki-harrison\/\" \/>\n<meta property=\"og:site_name\" content=\"KAMEX BHP - SKLEP INTERNETOWY Z ARTYKU\u0141AMI BHP NAJWY\u017bSZEJ JAKO\u015aCI\" \/>\n<meta property=\"article:publisher\" content=\"https:\/\/www.facebook.com\/bhp.kamex\" \/>\n<meta property=\"og:image\" content=\"https:\/\/kamexbhp.pl\/sklep\/wp-content\/uploads\/2026\/03\/52268_01.jpg\" \/>\n\t<meta property=\"og:image:width\" content=\"1200\" \/>\n\t<meta property=\"og:image:height\" content=\"800\" \/>\n\t<meta property=\"og:image:type\" content=\"image\/jpeg\" \/>\n<meta name=\"twitter:card\" content=\"summary_large_image\" \/>\n<meta name=\"twitter:label1\" content=\"Szacowany czas czytania\" \/>\n\t<meta name=\"twitter:data1\" content=\"2 minuty\" \/>\n<script type=\"application\/ld+json\" class=\"yoast-schema-graph\">{\"@context\":\"https:\/\/schema.org\",\"@graph\":[{\"@type\":\"WebPage\",\"@id\":\"https:\/\/kamexbhp.pl\/sklep\/produkt\/payper-bokserki-harrison\/\",\"url\":\"https:\/\/kamexbhp.pl\/sklep\/produkt\/payper-bokserki-harrison\/\",\"name\":\"PAYPER Bokserki HARRISON - KAMEX BHP - SKLEP INTERNETOWY Z ARTYKU\u0141AMI BHP NAJWY\u017bSZEJ JAKO\u015aCI\",\"isPartOf\":{\"@id\":\"https:\/\/kamexbhp.pl\/sklep\/#website\"},\"primaryImageOfPage\":{\"@id\":\"https:\/\/kamexbhp.pl\/sklep\/produkt\/payper-bokserki-harrison\/#primaryimage\"},\"image\":{\"@id\":\"https:\/\/kamexbhp.pl\/sklep\/produkt\/payper-bokserki-harrison\/#primaryimage\"},\"thumbnailUrl\":\"https:\/\/kamexbhp.pl\/sklep\/wp-content\/uploads\/2026\/03\/52268_01.jpg\",\"datePublished\":\"2026-03-13T08:15:46+00:00\",\"description\":\"M\u0119skie bokserki PAYPER Harrison z elastycznej bawe\u0142ny. Wygodne, oddychaj\u0105ce, z gumk\u0105 w pasie. Zestaw 3 sztuki w r\u00f3\u017cnych kolorach.\",\"breadcrumb\":{\"@id\":\"https:\/\/kamexbhp.pl\/sklep\/produkt\/payper-bokserki-harrison\/#breadcrumb\"},\"inLanguage\":\"pl-PL\",\"potentialAction\":[{\"@type\":\"ReadAction\",\"target\":[\"https:\/\/kamexbhp.pl\/sklep\/produkt\/payper-bokserki-harrison\/\"]}]},{\"@type\":\"ImageObject\",\"inLanguage\":\"pl-PL\",\"@id\":\"https:\/\/kamexbhp.pl\/sklep\/produkt\/payper-bokserki-harrison\/#primaryimage\",\"url\":\"https:\/\/kamexbhp.pl\/sklep\/wp-content\/uploads\/2026\/03\/52268_01.jpg\",\"contentUrl\":\"https:\/\/kamexbhp.pl\/sklep\/wp-content\/uploads\/2026\/03\/52268_01.jpg\",\"width\":1200,\"height\":800},{\"@type\":\"BreadcrumbList\",\"@id\":\"https:\/\/kamexbhp.pl\/sklep\/produkt\/payper-bokserki-harrison\/#breadcrumb\",\"itemListElement\":[{\"@type\":\"ListItem\",\"position\":1,\"name\":\"Strona g\u0142\u00f3wna\",\"item\":\"https:\/\/kamexbhp.pl\/sklep\/\"},{\"@type\":\"ListItem\",\"position\":2,\"name\":\"Sklep\",\"item\":\"https:\/\/kamexbhp.pl\/sklep\/sklep\/\"},{\"@type\":\"ListItem\",\"position\":3,\"name\":\"PAYPER Bokserki HARRISON\"}]},{\"@type\":\"WebSite\",\"@id\":\"https:\/\/kamexbhp.pl\/sklep\/#website\",\"url\":\"https:\/\/kamexbhp.pl\/sklep\/\",\"name\":\"KAMEX BHP - SKLEP INTERNETOWY Z ARTYKU\u0141AMI BHP NAJWY\u017bSZEJ JAKO\u015aCI\",\"description\":\"Artuku\u0142y BHP najwy\u017cszej jako\u015bci!\",\"publisher\":{\"@id\":\"https:\/\/kamexbhp.pl\/sklep\/#organization\"},\"potentialAction\":[{\"@type\":\"SearchAction\",\"target\":{\"@type\":\"EntryPoint\",\"urlTemplate\":\"https:\/\/kamexbhp.pl\/sklep\/?s={search_term_string}\"},\"query-input\":{\"@type\":\"PropertyValueSpecification\",\"valueRequired\":true,\"valueName\":\"search_term_string\"}}],\"inLanguage\":\"pl-PL\"},{\"@type\":\"Organization\",\"@id\":\"https:\/\/kamexbhp.pl\/sklep\/#organization\",\"name\":\"KAMEX-BHP - SKLEP BHP - Odzie\u017c i obuwie robocze\",\"url\":\"https:\/\/kamexbhp.pl\/sklep\/\",\"logo\":{\"@type\":\"ImageObject\",\"inLanguage\":\"pl-PL\",\"@id\":\"https:\/\/kamexbhp.pl\/sklep\/#\/schema\/logo\/image\/\",\"url\":\"https:\/\/kamexbhp.pl\/sklep\/wp-content\/uploads\/2025\/01\/KAMEX-BHP-Logo-1080-x-1080.png\",\"contentUrl\":\"https:\/\/kamexbhp.pl\/sklep\/wp-content\/uploads\/2025\/01\/KAMEX-BHP-Logo-1080-x-1080.png\",\"width\":1080,\"height\":1080,\"caption\":\"KAMEX-BHP - SKLEP BHP - Odzie\u017c i obuwie robocze\"},\"image\":{\"@id\":\"https:\/\/kamexbhp.pl\/sklep\/#\/schema\/logo\/image\/\"},\"sameAs\":[\"https:\/\/www.facebook.com\/bhp.kamex\",\"https:\/\/www.instagram.com\/kamexbhp\/\"]}]}<\/script>\n<!-- \/ Yoast SEO plugin. -->","yoast_head_json":{"title":"PAYPER Bokserki HARRISON - KAMEX BHP - SKLEP INTERNETOWY Z ARTYKU\u0141AMI BHP NAJWY\u017bSZEJ JAKO\u015aCI","description":"M\u0119skie bokserki PAYPER Harrison z elastycznej bawe\u0142ny. Wygodne, oddychaj\u0105ce, z gumk\u0105 w pasie. Zestaw 3 sztuki w r\u00f3\u017cnych kolorach.","robots":{"index":"index","follow":"follow","max-snippet":"max-snippet:-1","max-image-preview":"max-image-preview:large","max-video-preview":"max-video-preview:-1"},"canonical":"https:\/\/kamexbhp.pl\/sklep\/produkt\/payper-bokserki-harrison\/","og_locale":"pl_PL","og_type":"article","og_title":"PAYPER Bokserki HARRISON - KAMEX BHP - SKLEP INTERNETOWY Z ARTYKU\u0141AMI BHP NAJWY\u017bSZEJ JAKO\u015aCI","og_description":"M\u0119skie bokserki PAYPER Harrison z elastycznej bawe\u0142ny. Wygodne, oddychaj\u0105ce, z gumk\u0105 w pasie. Zestaw 3 sztuki w r\u00f3\u017cnych kolorach.","og_url":"https:\/\/kamexbhp.pl\/sklep\/produkt\/payper-bokserki-harrison\/","og_site_name":"KAMEX BHP - SKLEP INTERNETOWY Z ARTYKU\u0141AMI BHP NAJWY\u017bSZEJ JAKO\u015aCI","article_publisher":"https:\/\/www.facebook.com\/bhp.kamex","og_image":[{"width":1200,"height":800,"url":"https:\/\/kamexbhp.pl\/sklep\/wp-content\/uploads\/2026\/03\/52268_01.jpg","type":"image\/jpeg"}],"twitter_card":"summary_large_image","twitter_misc":{"Szacowany czas czytania":"2 minuty"},"schema":{"@context":"https:\/\/schema.org","@graph":[{"@type":"WebPage","@id":"https:\/\/kamexbhp.pl\/sklep\/produkt\/payper-bokserki-harrison\/","url":"https:\/\/kamexbhp.pl\/sklep\/produkt\/payper-bokserki-harrison\/","name":"PAYPER Bokserki HARRISON - KAMEX BHP - SKLEP INTERNETOWY Z ARTYKU\u0141AMI BHP NAJWY\u017bSZEJ JAKO\u015aCI","isPartOf":{"@id":"https:\/\/kamexbhp.pl\/sklep\/#website"},"primaryImageOfPage":{"@id":"https:\/\/kamexbhp.pl\/sklep\/produkt\/payper-bokserki-harrison\/#primaryimage"},"image":{"@id":"https:\/\/kamexbhp.pl\/sklep\/produkt\/payper-bokserki-harrison\/#primaryimage"},"thumbnailUrl":"https:\/\/kamexbhp.pl\/sklep\/wp-content\/uploads\/2026\/03\/52268_01.jpg","datePublished":"2026-03-13T08:15:46+00:00","description":"M\u0119skie bokserki PAYPER Harrison z elastycznej bawe\u0142ny. Wygodne, oddychaj\u0105ce, z gumk\u0105 w pasie. Zestaw 3 sztuki w r\u00f3\u017cnych kolorach.","breadcrumb":{"@id":"https:\/\/kamexbhp.pl\/sklep\/produkt\/payper-bokserki-harrison\/#breadcrumb"},"inLanguage":"pl-PL","potentialAction":[{"@type":"ReadAction","target":["https:\/\/kamexbhp.pl\/sklep\/produkt\/payper-bokserki-harrison\/"]}]},{"@type":"ImageObject","inLanguage":"pl-PL","@id":"https:\/\/kamexbhp.pl\/sklep\/produkt\/payper-bokserki-harrison\/#primaryimage","url":"https:\/\/kamexbhp.pl\/sklep\/wp-content\/uploads\/2026\/03\/52268_01.jpg","contentUrl":"https:\/\/kamexbhp.pl\/sklep\/wp-content\/uploads\/2026\/03\/52268_01.jpg","width":1200,"height":800},{"@type":"BreadcrumbList","@id":"https:\/\/kamexbhp.pl\/sklep\/produkt\/payper-bokserki-harrison\/#breadcrumb","itemListElement":[{"@type":"ListItem","position":1,"name":"Strona g\u0142\u00f3wna","item":"https:\/\/kamexbhp.pl\/sklep\/"},{"@type":"ListItem","position":2,"name":"Sklep","item":"https:\/\/kamexbhp.pl\/sklep\/sklep\/"},{"@type":"ListItem","position":3,"name":"PAYPER Bokserki HARRISON"}]},{"@type":"WebSite","@id":"https:\/\/kamexbhp.pl\/sklep\/#website","url":"https:\/\/kamexbhp.pl\/sklep\/","name":"KAMEX BHP - SKLEP INTERNETOWY Z ARTYKU\u0141AMI BHP NAJWY\u017bSZEJ JAKO\u015aCI","description":"Artuku\u0142y BHP najwy\u017cszej jako\u015bci!","publisher":{"@id":"https:\/\/kamexbhp.pl\/sklep\/#organization"},"potentialAction":[{"@type":"SearchAction","target":{"@type":"EntryPoint","urlTemplate":"https:\/\/kamexbhp.pl\/sklep\/?s={search_term_string}"},"query-input":{"@type":"PropertyValueSpecification","valueRequired":true,"valueName":"search_term_string"}}],"inLanguage":"pl-PL"},{"@type":"Organization","@id":"https:\/\/kamexbhp.pl\/sklep\/#organization","name":"KAMEX-BHP - SKLEP BHP - Odzie\u017c i obuwie robocze","url":"https:\/\/kamexbhp.pl\/sklep\/","logo":{"@type":"ImageObject","inLanguage":"pl-PL","@id":"https:\/\/kamexbhp.pl\/sklep\/#\/schema\/logo\/image\/","url":"https:\/\/kamexbhp.pl\/sklep\/wp-content\/uploads\/2025\/01\/KAMEX-BHP-Logo-1080-x-1080.png","contentUrl":"https:\/\/kamexbhp.pl\/sklep\/wp-content\/uploads\/2025\/01\/KAMEX-BHP-Logo-1080-x-1080.png","width":1080,"height":1080,"caption":"KAMEX-BHP - SKLEP BHP - Odzie\u017c i obuwie robocze"},"image":{"@id":"https:\/\/kamexbhp.pl\/sklep\/#\/schema\/logo\/image\/"},"sameAs":["https:\/\/www.facebook.com\/bhp.kamex","https:\/\/www.instagram.com\/kamexbhp\/"]}]}},"_links":{"self":[{"href":"https:\/\/kamexbhp.pl\/sklep\/wp-json\/wp\/v2\/product\/9211","targetHints":{"allow":["GET"]}}],"collection":[{"href":"https:\/\/kamexbhp.pl\/sklep\/wp-json\/wp\/v2\/product"}],"about":[{"href":"https:\/\/kamexbhp.pl\/sklep\/wp-json\/wp\/v2\/types\/product"}],"replies":[{"embeddable":true,"href":"https:\/\/kamexbhp.pl\/sklep\/wp-json\/wp\/v2\/comments?post=9211"}],"version-history":[{"count":1,"href":"https:\/\/kamexbhp.pl\/sklep\/wp-json\/wp\/v2\/product\/9211\/revisions"}],"predecessor-version":[{"id":9217,"href":"https:\/\/kamexbhp.pl\/sklep\/wp-json\/wp\/v2\/product\/9211\/revisions\/9217"}],"wp:featuredmedia":[{"embeddable":true,"href":"https:\/\/kamexbhp.pl\/sklep\/wp-json\/wp\/v2\/media\/9212"}],"wp:attachment":[{"href":"https:\/\/kamexbhp.pl\/sklep\/wp-json\/wp\/v2\/media?parent=9211"}],"wp:term":[{"taxonomy":"product_brand","embeddable":true,"href":"https:\/\/kamexbhp.pl\/sklep\/wp-json\/wp\/v2\/product_brand?post=9211"},{"taxonomy":"product_cat","embeddable":true,"href":"https:\/\/kamexbhp.pl\/sklep\/wp-json\/wp\/v2\/product_cat?post=9211"},{"taxonomy":"product_tag","embeddable":true,"href":"https:\/\/kamexbhp.pl\/sklep\/wp-json\/wp\/v2\/product_tag?post=9211"}],"curies":[{"name":"wp","href":"https:\/\/api.w.org\/{rel}","templated":true}]}}