{"id":9197,"date":"2026-03-13T08:57:52","date_gmt":"2026-03-13T07:57:52","guid":{"rendered":"https:\/\/kamexbhp.pl\/sklep\/?post_type=product&#038;p=9197"},"modified":"2026-03-30T08:12:47","modified_gmt":"2026-03-30T06:12:47","slug":"payper-kamizelka-memory","status":"publish","type":"product","link":"https:\/\/kamexbhp.pl\/sklep\/produkt\/payper-kamizelka-memory\/","title":{"rendered":"PAYPER Kamizelka Memory"},"content":{"rendered":"<p data-start=\"70\" data-end=\"455\">Kamizelka <strong data-start=\"80\" data-end=\"97\">Payper Memory<\/strong> to nowoczesna m\u0119ska kamizelka robocza, kt\u00f3ra doskonale sprawdzi si\u0119 podczas pracy w ch\u0142odniejsze dni. Dzi\u0119ki lekkiej wy\u015bci\u00f3\u0142ce z wolnych w\u0142\u00f3kien zapewnia komfort cieplny, a jednocze\u015bnie pozostaje bardzo lekka i wygodna w codziennym u\u017cytkowaniu. Wytrzyma\u0142y materia\u0142 <strong data-start=\"363\" data-end=\"384\">NYLON MEMORY 320T<\/strong> nadaje jej nowoczesny wygl\u0105d oraz zwi\u0119ksza odporno\u015b\u0107 na uszkodzenia.<\/p>\n<p data-start=\"457\" data-end=\"688\">Kamizelka \u015bwietnie sprawdzi si\u0119 w pracy na budowie, w magazynie, warsztacie, transporcie czy podczas prac na \u015bwie\u017cym powietrzu. Praktyczne kieszenie zapinane na zamek pozwalaj\u0105 bezpiecznie przechowywa\u0107 najpotrzebniejsze przedmioty.<\/p>\n<h3 data-section-id=\"wa3xcf\" data-start=\"690\" data-end=\"722\">Najwa\u017cniejsze cechy produktu<\/h3>\n<ul data-start=\"723\" data-end=\"1150\">\n<li data-section-id=\"1i4568k\" data-start=\"723\" data-end=\"766\">\n<p data-start=\"725\" data-end=\"766\">m\u0119ska kamizelka robocza <strong data-start=\"749\" data-end=\"766\">Payper Memory<\/strong><\/p>\n<\/li>\n<li data-section-id=\"1e3s559\" data-start=\"767\" data-end=\"846\">\n<p data-start=\"769\" data-end=\"846\">lekka wy\u015bci\u00f3\u0142ka z wolnych w\u0142\u00f3kien <strong data-start=\"803\" data-end=\"815\">120 g\/m\u00b2<\/strong> zapewniaj\u0105ca komfort cieplny<\/p>\n<\/li>\n<li data-section-id=\"16q8lgh\" data-start=\"847\" data-end=\"899\">\n<p data-start=\"849\" data-end=\"899\">kontrastuj\u0105ce wn\u0119trze nadaj\u0105ce nowoczesny wygl\u0105d<\/p>\n<\/li>\n<li data-section-id=\"1t38y7n\" data-start=\"900\" data-end=\"975\">\n<p data-start=\"902\" data-end=\"975\"><strong data-start=\"902\" data-end=\"930\">kryty zamek b\u0142yskawiczny<\/strong> z tworzywa sztucznego z metalowym suwakiem<\/p>\n<\/li>\n<li data-section-id=\"xeeys7\" data-start=\"976\" data-end=\"1040\">\n<p data-start=\"978\" data-end=\"1040\"><strong data-start=\"978\" data-end=\"1007\">dwie zewn\u0119trzne kieszenie<\/strong> zapinane na zamek b\u0142yskawiczny<\/p>\n<\/li>\n<li data-section-id=\"9cabj7\" data-start=\"1041\" data-end=\"1093\">\n<p data-start=\"1043\" data-end=\"1093\">lekki, wytrzyma\u0142y materia\u0142 <strong data-start=\"1070\" data-end=\"1091\">NYLON MEMORY 320T<\/strong><\/p>\n<\/li>\n<li data-section-id=\"1inw0jo\" data-start=\"1094\" data-end=\"1150\">\n<p data-start=\"1096\" data-end=\"1150\">idealna do pracy, na budow\u0119, do magazynu i warsztatu<\/p>\n<\/li>\n<\/ul>\n<h3 data-section-id=\"u8phzr\" data-start=\"1152\" data-end=\"1168\">Specyfikacja<\/h3>\n<ul data-start=\"1169\" data-end=\"1286\">\n<li data-section-id=\"84dm3n\" data-start=\"1169\" data-end=\"1194\">\n<p data-start=\"1171\" data-end=\"1194\"><strong data-start=\"1171\" data-end=\"1181\">Sk\u0142ad:<\/strong> 100% nylon<\/p>\n<\/li>\n<li data-section-id=\"9vvqrt\" data-start=\"1195\" data-end=\"1230\">\n<p data-start=\"1197\" data-end=\"1230\"><strong data-start=\"1197\" data-end=\"1210\">Materia\u0142:<\/strong> Nylon Memory 320T<\/p>\n<\/li>\n<li data-section-id=\"kdwg4i\" data-start=\"1231\" data-end=\"1257\">\n<p data-start=\"1233\" data-end=\"1257\"><strong data-start=\"1233\" data-end=\"1247\">Gramatura:<\/strong> 58 g\/m\u00b2<\/p>\n<\/li>\n<li data-section-id=\"1fnd04t\" data-start=\"1258\" data-end=\"1286\">\n<p data-start=\"1260\" data-end=\"1286\"><strong data-start=\"1260\" data-end=\"1275\">Ocieplenie:<\/strong> 120 g\/m\u00b2<\/p>\n<\/li>\n<\/ul>\n","protected":false},"excerpt":{"rendered":"<p data-start=\"0\" data-end=\"292\">Kamizelka robocza <strong data-start=\"18\" data-end=\"35\">Payper Memory<\/strong> to lekka i wygodna kamizelka m\u0119ska z ociepleniem z wolnych w\u0142\u00f3kien o gramaturze 120 g\/m\u00b2, kt\u00f3ra zapewnia komfort cieplny w ch\u0142odniejsze dni. Wykonana z wytrzyma\u0142ego materia\u0142u <strong data-start=\"211\" data-end=\"232\">Nylon Memory 320T<\/strong>, charakteryzuje si\u0119 trwa\u0142o\u015bci\u0105 oraz nowoczesnym wygl\u0105dem.<br \/>\nModel zapinany jest na <strong data-start=\"317\" data-end=\"345\">kryty zamek b\u0142yskawiczny<\/strong> z metalowym suwakiem, co zwi\u0119ksza ochron\u0119 przed wiatrem i ch\u0142odem. Kamizelka posiada <strong data-start=\"431\" data-end=\"489\">dwie praktyczne kieszenie zewn\u0119trzne zapinane na zamek<\/strong>, kt\u00f3re pozwalaj\u0105 bezpiecznie przechowywa\u0107 drobne przedmioty. Kontrastuj\u0105ce wn\u0119trze nadaje jej estetyczny i nowoczesny charakter.<\/p>\n","protected":false},"featured_media":9198,"comment_status":"open","ping_status":"closed","template":"","meta":[],"product_brand":[1902],"product_cat":[332],"product_tag":[2144,2143,2141,1147,2142,2139,2140],"class_list":{"0":"post-9197","1":"product","2":"type-product","3":"status-publish","4":"has-post-thumbnail","6":"product_brand-payper","7":"product_cat-kamizelki","8":"product_tag-kamizelka-bhp","9":"product_tag-kamizelka-do-pracy","10":"product_tag-kamizelka-ocieplana-robocza","11":"product_tag-kamizelka-robocza-meska","12":"product_tag-kamizelka-robocza-nylonowa","13":"product_tag-kamizelka-robocza-payper","14":"product_tag-payper-memory","16":"first","17":"instock","18":"taxable","19":"shipping-taxable","20":"purchasable","21":"product-type-variable"},"yoast_head":"<!-- This site is optimized with the Yoast SEO plugin v25.6 - https:\/\/yoast.com\/wordpress\/plugins\/seo\/ -->\n<title>PAYPER Kamizelka Memory - KAMEX BHP - SKLEP INTERNETOWY Z ARTYKU\u0141AMI BHP NAJWY\u017bSZEJ JAKO\u015aCI<\/title>\n<meta name=\"description\" content=\"Payper Memory \u2013 lekka kamizelka robocza z ociepleniem 120 g\/m\u00b2. Nylon 320T, kryty zamek, 2 kieszenie na zamek. Wygodna i trwa\u0142a do pracy.\" \/>\n<meta name=\"robots\" content=\"index, follow, max-snippet:-1, max-image-preview:large, max-video-preview:-1\" \/>\n<link rel=\"canonical\" href=\"https:\/\/kamexbhp.pl\/sklep\/produkt\/payper-kamizelka-memory\/\" \/>\n<meta property=\"og:locale\" content=\"pl_PL\" \/>\n<meta property=\"og:type\" content=\"article\" \/>\n<meta property=\"og:title\" content=\"PAYPER Kamizelka Memory - KAMEX BHP - SKLEP INTERNETOWY Z ARTYKU\u0141AMI BHP NAJWY\u017bSZEJ JAKO\u015aCI\" \/>\n<meta property=\"og:description\" content=\"Payper Memory \u2013 lekka kamizelka robocza z ociepleniem 120 g\/m\u00b2. Nylon 320T, kryty zamek, 2 kieszenie na zamek. Wygodna i trwa\u0142a do pracy.\" \/>\n<meta property=\"og:url\" content=\"https:\/\/kamexbhp.pl\/sklep\/produkt\/payper-kamizelka-memory\/\" \/>\n<meta property=\"og:site_name\" content=\"KAMEX BHP - SKLEP INTERNETOWY Z ARTYKU\u0141AMI BHP NAJWY\u017bSZEJ JAKO\u015aCI\" \/>\n<meta property=\"article:publisher\" content=\"https:\/\/www.facebook.com\/bhp.kamex\" \/>\n<meta property=\"article:modified_time\" content=\"2026-03-30T06:12:47+00:00\" \/>\n<meta property=\"og:image\" content=\"https:\/\/kamexbhp.pl\/sklep\/wp-content\/uploads\/2026\/03\/10363_13010.jpg\" \/>\n\t<meta property=\"og:image:width\" content=\"799\" \/>\n\t<meta property=\"og:image:height\" content=\"1200\" \/>\n\t<meta property=\"og:image:type\" content=\"image\/jpeg\" \/>\n<meta name=\"twitter:card\" content=\"summary_large_image\" \/>\n<meta name=\"twitter:label1\" content=\"Szacowany czas czytania\" \/>\n\t<meta name=\"twitter:data1\" content=\"2 minuty\" \/>\n<script type=\"application\/ld+json\" class=\"yoast-schema-graph\">{\"@context\":\"https:\/\/schema.org\",\"@graph\":[{\"@type\":\"WebPage\",\"@id\":\"https:\/\/kamexbhp.pl\/sklep\/produkt\/payper-kamizelka-memory\/\",\"url\":\"https:\/\/kamexbhp.pl\/sklep\/produkt\/payper-kamizelka-memory\/\",\"name\":\"PAYPER Kamizelka Memory - KAMEX BHP - SKLEP INTERNETOWY Z ARTYKU\u0141AMI BHP NAJWY\u017bSZEJ JAKO\u015aCI\",\"isPartOf\":{\"@id\":\"https:\/\/kamexbhp.pl\/sklep\/#website\"},\"primaryImageOfPage\":{\"@id\":\"https:\/\/kamexbhp.pl\/sklep\/produkt\/payper-kamizelka-memory\/#primaryimage\"},\"image\":{\"@id\":\"https:\/\/kamexbhp.pl\/sklep\/produkt\/payper-kamizelka-memory\/#primaryimage\"},\"thumbnailUrl\":\"https:\/\/kamexbhp.pl\/sklep\/wp-content\/uploads\/2026\/03\/10363_13010.jpg\",\"datePublished\":\"2026-03-13T07:57:52+00:00\",\"dateModified\":\"2026-03-30T06:12:47+00:00\",\"description\":\"Payper Memory \u2013 lekka kamizelka robocza z ociepleniem 120 g\/m\u00b2. Nylon 320T, kryty zamek, 2 kieszenie na zamek. Wygodna i trwa\u0142a do pracy.\",\"breadcrumb\":{\"@id\":\"https:\/\/kamexbhp.pl\/sklep\/produkt\/payper-kamizelka-memory\/#breadcrumb\"},\"inLanguage\":\"pl-PL\",\"potentialAction\":[{\"@type\":\"ReadAction\",\"target\":[\"https:\/\/kamexbhp.pl\/sklep\/produkt\/payper-kamizelka-memory\/\"]}]},{\"@type\":\"ImageObject\",\"inLanguage\":\"pl-PL\",\"@id\":\"https:\/\/kamexbhp.pl\/sklep\/produkt\/payper-kamizelka-memory\/#primaryimage\",\"url\":\"https:\/\/kamexbhp.pl\/sklep\/wp-content\/uploads\/2026\/03\/10363_13010.jpg\",\"contentUrl\":\"https:\/\/kamexbhp.pl\/sklep\/wp-content\/uploads\/2026\/03\/10363_13010.jpg\",\"width\":799,\"height\":1200},{\"@type\":\"BreadcrumbList\",\"@id\":\"https:\/\/kamexbhp.pl\/sklep\/produkt\/payper-kamizelka-memory\/#breadcrumb\",\"itemListElement\":[{\"@type\":\"ListItem\",\"position\":1,\"name\":\"Strona g\u0142\u00f3wna\",\"item\":\"https:\/\/kamexbhp.pl\/sklep\/\"},{\"@type\":\"ListItem\",\"position\":2,\"name\":\"Sklep\",\"item\":\"https:\/\/kamexbhp.pl\/sklep\/sklep\/\"},{\"@type\":\"ListItem\",\"position\":3,\"name\":\"PAYPER Kamizelka Memory\"}]},{\"@type\":\"WebSite\",\"@id\":\"https:\/\/kamexbhp.pl\/sklep\/#website\",\"url\":\"https:\/\/kamexbhp.pl\/sklep\/\",\"name\":\"KAMEX BHP - SKLEP INTERNETOWY Z ARTYKU\u0141AMI BHP NAJWY\u017bSZEJ JAKO\u015aCI\",\"description\":\"Artuku\u0142y BHP najwy\u017cszej jako\u015bci!\",\"publisher\":{\"@id\":\"https:\/\/kamexbhp.pl\/sklep\/#organization\"},\"potentialAction\":[{\"@type\":\"SearchAction\",\"target\":{\"@type\":\"EntryPoint\",\"urlTemplate\":\"https:\/\/kamexbhp.pl\/sklep\/?s={search_term_string}\"},\"query-input\":{\"@type\":\"PropertyValueSpecification\",\"valueRequired\":true,\"valueName\":\"search_term_string\"}}],\"inLanguage\":\"pl-PL\"},{\"@type\":\"Organization\",\"@id\":\"https:\/\/kamexbhp.pl\/sklep\/#organization\",\"name\":\"KAMEX-BHP - SKLEP BHP - Odzie\u017c i obuwie robocze\",\"url\":\"https:\/\/kamexbhp.pl\/sklep\/\",\"logo\":{\"@type\":\"ImageObject\",\"inLanguage\":\"pl-PL\",\"@id\":\"https:\/\/kamexbhp.pl\/sklep\/#\/schema\/logo\/image\/\",\"url\":\"https:\/\/kamexbhp.pl\/sklep\/wp-content\/uploads\/2025\/01\/KAMEX-BHP-Logo-1080-x-1080.png\",\"contentUrl\":\"https:\/\/kamexbhp.pl\/sklep\/wp-content\/uploads\/2025\/01\/KAMEX-BHP-Logo-1080-x-1080.png\",\"width\":1080,\"height\":1080,\"caption\":\"KAMEX-BHP - SKLEP BHP - Odzie\u017c i obuwie robocze\"},\"image\":{\"@id\":\"https:\/\/kamexbhp.pl\/sklep\/#\/schema\/logo\/image\/\"},\"sameAs\":[\"https:\/\/www.facebook.com\/bhp.kamex\",\"https:\/\/www.instagram.com\/kamexbhp\/\"]}]}<\/script>\n<!-- \/ Yoast SEO plugin. -->","yoast_head_json":{"title":"PAYPER Kamizelka Memory - KAMEX BHP - SKLEP INTERNETOWY Z ARTYKU\u0141AMI BHP NAJWY\u017bSZEJ JAKO\u015aCI","description":"Payper Memory \u2013 lekka kamizelka robocza z ociepleniem 120 g\/m\u00b2. Nylon 320T, kryty zamek, 2 kieszenie na zamek. Wygodna i trwa\u0142a do pracy.","robots":{"index":"index","follow":"follow","max-snippet":"max-snippet:-1","max-image-preview":"max-image-preview:large","max-video-preview":"max-video-preview:-1"},"canonical":"https:\/\/kamexbhp.pl\/sklep\/produkt\/payper-kamizelka-memory\/","og_locale":"pl_PL","og_type":"article","og_title":"PAYPER Kamizelka Memory - KAMEX BHP - SKLEP INTERNETOWY Z ARTYKU\u0141AMI BHP NAJWY\u017bSZEJ JAKO\u015aCI","og_description":"Payper Memory \u2013 lekka kamizelka robocza z ociepleniem 120 g\/m\u00b2. Nylon 320T, kryty zamek, 2 kieszenie na zamek. Wygodna i trwa\u0142a do pracy.","og_url":"https:\/\/kamexbhp.pl\/sklep\/produkt\/payper-kamizelka-memory\/","og_site_name":"KAMEX BHP - SKLEP INTERNETOWY Z ARTYKU\u0141AMI BHP NAJWY\u017bSZEJ JAKO\u015aCI","article_publisher":"https:\/\/www.facebook.com\/bhp.kamex","article_modified_time":"2026-03-30T06:12:47+00:00","og_image":[{"width":799,"height":1200,"url":"https:\/\/kamexbhp.pl\/sklep\/wp-content\/uploads\/2026\/03\/10363_13010.jpg","type":"image\/jpeg"}],"twitter_card":"summary_large_image","twitter_misc":{"Szacowany czas czytania":"2 minuty"},"schema":{"@context":"https:\/\/schema.org","@graph":[{"@type":"WebPage","@id":"https:\/\/kamexbhp.pl\/sklep\/produkt\/payper-kamizelka-memory\/","url":"https:\/\/kamexbhp.pl\/sklep\/produkt\/payper-kamizelka-memory\/","name":"PAYPER Kamizelka Memory - KAMEX BHP - SKLEP INTERNETOWY Z ARTYKU\u0141AMI BHP NAJWY\u017bSZEJ JAKO\u015aCI","isPartOf":{"@id":"https:\/\/kamexbhp.pl\/sklep\/#website"},"primaryImageOfPage":{"@id":"https:\/\/kamexbhp.pl\/sklep\/produkt\/payper-kamizelka-memory\/#primaryimage"},"image":{"@id":"https:\/\/kamexbhp.pl\/sklep\/produkt\/payper-kamizelka-memory\/#primaryimage"},"thumbnailUrl":"https:\/\/kamexbhp.pl\/sklep\/wp-content\/uploads\/2026\/03\/10363_13010.jpg","datePublished":"2026-03-13T07:57:52+00:00","dateModified":"2026-03-30T06:12:47+00:00","description":"Payper Memory \u2013 lekka kamizelka robocza z ociepleniem 120 g\/m\u00b2. Nylon 320T, kryty zamek, 2 kieszenie na zamek. Wygodna i trwa\u0142a do pracy.","breadcrumb":{"@id":"https:\/\/kamexbhp.pl\/sklep\/produkt\/payper-kamizelka-memory\/#breadcrumb"},"inLanguage":"pl-PL","potentialAction":[{"@type":"ReadAction","target":["https:\/\/kamexbhp.pl\/sklep\/produkt\/payper-kamizelka-memory\/"]}]},{"@type":"ImageObject","inLanguage":"pl-PL","@id":"https:\/\/kamexbhp.pl\/sklep\/produkt\/payper-kamizelka-memory\/#primaryimage","url":"https:\/\/kamexbhp.pl\/sklep\/wp-content\/uploads\/2026\/03\/10363_13010.jpg","contentUrl":"https:\/\/kamexbhp.pl\/sklep\/wp-content\/uploads\/2026\/03\/10363_13010.jpg","width":799,"height":1200},{"@type":"BreadcrumbList","@id":"https:\/\/kamexbhp.pl\/sklep\/produkt\/payper-kamizelka-memory\/#breadcrumb","itemListElement":[{"@type":"ListItem","position":1,"name":"Strona g\u0142\u00f3wna","item":"https:\/\/kamexbhp.pl\/sklep\/"},{"@type":"ListItem","position":2,"name":"Sklep","item":"https:\/\/kamexbhp.pl\/sklep\/sklep\/"},{"@type":"ListItem","position":3,"name":"PAYPER Kamizelka Memory"}]},{"@type":"WebSite","@id":"https:\/\/kamexbhp.pl\/sklep\/#website","url":"https:\/\/kamexbhp.pl\/sklep\/","name":"KAMEX BHP - SKLEP INTERNETOWY Z ARTYKU\u0141AMI BHP NAJWY\u017bSZEJ JAKO\u015aCI","description":"Artuku\u0142y BHP najwy\u017cszej jako\u015bci!","publisher":{"@id":"https:\/\/kamexbhp.pl\/sklep\/#organization"},"potentialAction":[{"@type":"SearchAction","target":{"@type":"EntryPoint","urlTemplate":"https:\/\/kamexbhp.pl\/sklep\/?s={search_term_string}"},"query-input":{"@type":"PropertyValueSpecification","valueRequired":true,"valueName":"search_term_string"}}],"inLanguage":"pl-PL"},{"@type":"Organization","@id":"https:\/\/kamexbhp.pl\/sklep\/#organization","name":"KAMEX-BHP - SKLEP BHP - Odzie\u017c i obuwie robocze","url":"https:\/\/kamexbhp.pl\/sklep\/","logo":{"@type":"ImageObject","inLanguage":"pl-PL","@id":"https:\/\/kamexbhp.pl\/sklep\/#\/schema\/logo\/image\/","url":"https:\/\/kamexbhp.pl\/sklep\/wp-content\/uploads\/2025\/01\/KAMEX-BHP-Logo-1080-x-1080.png","contentUrl":"https:\/\/kamexbhp.pl\/sklep\/wp-content\/uploads\/2025\/01\/KAMEX-BHP-Logo-1080-x-1080.png","width":1080,"height":1080,"caption":"KAMEX-BHP - SKLEP BHP - Odzie\u017c i obuwie robocze"},"image":{"@id":"https:\/\/kamexbhp.pl\/sklep\/#\/schema\/logo\/image\/"},"sameAs":["https:\/\/www.facebook.com\/bhp.kamex","https:\/\/www.instagram.com\/kamexbhp\/"]}]}},"_links":{"self":[{"href":"https:\/\/kamexbhp.pl\/sklep\/wp-json\/wp\/v2\/product\/9197","targetHints":{"allow":["GET"]}}],"collection":[{"href":"https:\/\/kamexbhp.pl\/sklep\/wp-json\/wp\/v2\/product"}],"about":[{"href":"https:\/\/kamexbhp.pl\/sklep\/wp-json\/wp\/v2\/types\/product"}],"replies":[{"embeddable":true,"href":"https:\/\/kamexbhp.pl\/sklep\/wp-json\/wp\/v2\/comments?post=9197"}],"version-history":[{"count":1,"href":"https:\/\/kamexbhp.pl\/sklep\/wp-json\/wp\/v2\/product\/9197\/revisions"}],"predecessor-version":[{"id":9210,"href":"https:\/\/kamexbhp.pl\/sklep\/wp-json\/wp\/v2\/product\/9197\/revisions\/9210"}],"wp:featuredmedia":[{"embeddable":true,"href":"https:\/\/kamexbhp.pl\/sklep\/wp-json\/wp\/v2\/media\/9198"}],"wp:attachment":[{"href":"https:\/\/kamexbhp.pl\/sklep\/wp-json\/wp\/v2\/media?parent=9197"}],"wp:term":[{"taxonomy":"product_brand","embeddable":true,"href":"https:\/\/kamexbhp.pl\/sklep\/wp-json\/wp\/v2\/product_brand?post=9197"},{"taxonomy":"product_cat","embeddable":true,"href":"https:\/\/kamexbhp.pl\/sklep\/wp-json\/wp\/v2\/product_cat?post=9197"},{"taxonomy":"product_tag","embeddable":true,"href":"https:\/\/kamexbhp.pl\/sklep\/wp-json\/wp\/v2\/product_tag?post=9197"}],"curies":[{"name":"wp","href":"https:\/\/api.w.org\/{rel}","templated":true}]}}