{"id":9122,"date":"2026-02-18T12:21:11","date_gmt":"2026-02-18T11:21:11","guid":{"rendered":"https:\/\/kamexbhp.pl\/sklep\/?post_type=product&#038;p=9122"},"modified":"2026-02-18T12:21:11","modified_gmt":"2026-02-18T11:21:11","slug":"payper-t-shirt-sunset","status":"publish","type":"product","link":"https:\/\/kamexbhp.pl\/sklep\/produkt\/payper-t-shirt-sunset\/","title":{"rendered":"PAYPER T-Shirt Sunset"},"content":{"rendered":"<p data-start=\"178\" data-end=\"560\">M\u0119ski T-shirt <strong data-start=\"192\" data-end=\"209\">Payper SUNSET<\/strong> to wygodna i trwa\u0142a odzie\u017c robocza, idealna do codziennej pracy i aktywno\u015bci fizycznej. Wykonany w 100% z wysokiej jako\u015bci bawe\u0142ny, gwarantuje komfort noszenia nawet podczas d\u0142ugich godzin pracy. Nowoczesny design i solidne wyko\u0144czenia sprawiaj\u0105, \u017ce T-shirt nie tylko wygl\u0105da profesjonalnie, ale r\u00f3wnie\u017c jest odporny na rozci\u0105ganie i cz\u0119ste pranie.<\/p>\n<h3 data-start=\"562\" data-end=\"585\"><strong data-start=\"566\" data-end=\"585\">Cechy produktu:<\/strong><\/h3>\n<ul data-start=\"586\" data-end=\"1008\">\n<li data-start=\"586\" data-end=\"628\">\n<p data-start=\"588\" data-end=\"628\">Kr\u00f3tki r\u0119kaw \u2013 zapewnia swobod\u0119 ruch\u00f3w<\/p>\n<\/li>\n<li data-start=\"629\" data-end=\"711\">\n<p data-start=\"631\" data-end=\"711\">Okr\u0105g\u0142y dekolt z wyko\u0144czeniem ta\u015bm\u0105 1,5 cm ze \u015bci\u0105gaczem i dodatkiem spandeksu<\/p>\n<\/li>\n<li data-start=\"712\" data-end=\"778\">\n<p data-start=\"714\" data-end=\"778\">Obszycie wierzchnie z przodu \u2013 trwa\u0142e i estetyczne wyko\u0144czenie<\/p>\n<\/li>\n<li data-start=\"779\" data-end=\"881\">\n<p data-start=\"781\" data-end=\"881\">Kontrastowa ta\u015bma wzmacniaj\u0105ca na ca\u0142ej szeroko\u015bci bark\u00f3w, widoczna na spodniej cz\u0119\u015bci ko\u0142nierzyka<\/p>\n<\/li>\n<li data-start=\"882\" data-end=\"938\">\n<p data-start=\"884\" data-end=\"938\">Elastyczne szwy \u2013 wytrzyma\u0142e i wygodne podczas pracy<\/p>\n<\/li>\n<li data-start=\"939\" data-end=\"1008\">\n<p data-start=\"941\" data-end=\"1008\">Materia\u0142: 100% bawe\u0142na \u2013 mi\u0119kka, przewiewna i przyjazna dla sk\u00f3ry<\/p>\n<\/li>\n<\/ul>\n","protected":false},"excerpt":{"rendered":"<p>Payper T-Shirt SUNSET \u2013 m\u0119ski T-shirt roboczy 100% bawe\u0142na, kr\u00f3tkie r\u0119kawy, okr\u0105g\u0142y dekolt ze \u015bci\u0105gaczem, elastyczne szwy, wzmocnione barki.<\/p>\n","protected":false},"featured_media":9123,"comment_status":"open","ping_status":"closed","template":"","meta":[],"product_brand":[1902],"product_cat":[1358],"product_tag":[2121,2120,765,2060,2118,2119,2122,2123],"class_list":{"0":"post-9122","1":"product","2":"type-product","3":"status-publish","4":"has-post-thumbnail","6":"product_brand-payper","7":"product_cat-koszulki","8":"product_tag-koszulka-meska-krotkie-rekawy","9":"product_tag-koszulka-robocza-bawelniana","10":"product_tag-odziez-bhp","11":"product_tag-odziez-robocza-payper","12":"product_tag-payper-t-shirt","13":"product_tag-t-shirt-roboczy-meski","14":"product_tag-t-shirt-z-dekoltem-okraglym","15":"product_tag-trwala-koszulka-robocza","17":"first","18":"instock","19":"taxable","20":"shipping-taxable","21":"purchasable","22":"product-type-variable"},"yoast_head":"<!-- This site is optimized with the Yoast SEO plugin v25.6 - https:\/\/yoast.com\/wordpress\/plugins\/seo\/ -->\n<title>PAYPER T-Shirt Sunset - KAMEX BHP - SKLEP INTERNETOWY Z ARTYKU\u0141AMI BHP NAJWY\u017bSZEJ JAKO\u015aCI<\/title>\n<meta name=\"description\" content=\"Payper T-Shirt SUNSET \u2013 m\u0119ski T-shirt roboczy 100% bawe\u0142na, kr\u00f3tkie r\u0119kawy, elastyczne szwy i wzmocnione barki.\" \/>\n<meta name=\"robots\" content=\"index, follow, max-snippet:-1, max-image-preview:large, max-video-preview:-1\" \/>\n<link rel=\"canonical\" href=\"https:\/\/kamexbhp.pl\/sklep\/produkt\/payper-t-shirt-sunset\/\" \/>\n<meta property=\"og:locale\" content=\"pl_PL\" \/>\n<meta property=\"og:type\" content=\"article\" \/>\n<meta property=\"og:title\" content=\"PAYPER T-Shirt Sunset - KAMEX BHP - SKLEP INTERNETOWY Z ARTYKU\u0141AMI BHP NAJWY\u017bSZEJ JAKO\u015aCI\" \/>\n<meta property=\"og:description\" content=\"Payper T-Shirt SUNSET \u2013 m\u0119ski T-shirt roboczy 100% bawe\u0142na, kr\u00f3tkie r\u0119kawy, elastyczne szwy i wzmocnione barki.\" \/>\n<meta property=\"og:url\" content=\"https:\/\/kamexbhp.pl\/sklep\/produkt\/payper-t-shirt-sunset\/\" \/>\n<meta property=\"og:site_name\" content=\"KAMEX BHP - SKLEP INTERNETOWY Z ARTYKU\u0141AMI BHP NAJWY\u017bSZEJ JAKO\u015aCI\" \/>\n<meta property=\"article:publisher\" content=\"https:\/\/www.facebook.com\/bhp.kamex\" \/>\n<meta property=\"og:image\" content=\"https:\/\/kamexbhp.pl\/sklep\/wp-content\/uploads\/2026\/02\/760_13007.jpg\" \/>\n\t<meta property=\"og:image:width\" content=\"799\" \/>\n\t<meta property=\"og:image:height\" content=\"1200\" \/>\n\t<meta property=\"og:image:type\" content=\"image\/jpeg\" \/>\n<meta name=\"twitter:card\" content=\"summary_large_image\" \/>\n<meta name=\"twitter:label1\" content=\"Szacowany czas czytania\" \/>\n\t<meta name=\"twitter:data1\" content=\"1 minuta\" \/>\n<script type=\"application\/ld+json\" class=\"yoast-schema-graph\">{\"@context\":\"https:\/\/schema.org\",\"@graph\":[{\"@type\":\"WebPage\",\"@id\":\"https:\/\/kamexbhp.pl\/sklep\/produkt\/payper-t-shirt-sunset\/\",\"url\":\"https:\/\/kamexbhp.pl\/sklep\/produkt\/payper-t-shirt-sunset\/\",\"name\":\"PAYPER T-Shirt Sunset - KAMEX BHP - SKLEP INTERNETOWY Z ARTYKU\u0141AMI BHP NAJWY\u017bSZEJ JAKO\u015aCI\",\"isPartOf\":{\"@id\":\"https:\/\/kamexbhp.pl\/sklep\/#website\"},\"primaryImageOfPage\":{\"@id\":\"https:\/\/kamexbhp.pl\/sklep\/produkt\/payper-t-shirt-sunset\/#primaryimage\"},\"image\":{\"@id\":\"https:\/\/kamexbhp.pl\/sklep\/produkt\/payper-t-shirt-sunset\/#primaryimage\"},\"thumbnailUrl\":\"https:\/\/kamexbhp.pl\/sklep\/wp-content\/uploads\/2026\/02\/760_13007.jpg\",\"datePublished\":\"2026-02-18T11:21:11+00:00\",\"description\":\"Payper T-Shirt SUNSET \u2013 m\u0119ski T-shirt roboczy 100% bawe\u0142na, kr\u00f3tkie r\u0119kawy, elastyczne szwy i wzmocnione barki.\",\"breadcrumb\":{\"@id\":\"https:\/\/kamexbhp.pl\/sklep\/produkt\/payper-t-shirt-sunset\/#breadcrumb\"},\"inLanguage\":\"pl-PL\",\"potentialAction\":[{\"@type\":\"ReadAction\",\"target\":[\"https:\/\/kamexbhp.pl\/sklep\/produkt\/payper-t-shirt-sunset\/\"]}]},{\"@type\":\"ImageObject\",\"inLanguage\":\"pl-PL\",\"@id\":\"https:\/\/kamexbhp.pl\/sklep\/produkt\/payper-t-shirt-sunset\/#primaryimage\",\"url\":\"https:\/\/kamexbhp.pl\/sklep\/wp-content\/uploads\/2026\/02\/760_13007.jpg\",\"contentUrl\":\"https:\/\/kamexbhp.pl\/sklep\/wp-content\/uploads\/2026\/02\/760_13007.jpg\",\"width\":799,\"height\":1200},{\"@type\":\"BreadcrumbList\",\"@id\":\"https:\/\/kamexbhp.pl\/sklep\/produkt\/payper-t-shirt-sunset\/#breadcrumb\",\"itemListElement\":[{\"@type\":\"ListItem\",\"position\":1,\"name\":\"Strona g\u0142\u00f3wna\",\"item\":\"https:\/\/kamexbhp.pl\/sklep\/\"},{\"@type\":\"ListItem\",\"position\":2,\"name\":\"Sklep\",\"item\":\"https:\/\/kamexbhp.pl\/sklep\/sklep\/\"},{\"@type\":\"ListItem\",\"position\":3,\"name\":\"PAYPER T-Shirt Sunset\"}]},{\"@type\":\"WebSite\",\"@id\":\"https:\/\/kamexbhp.pl\/sklep\/#website\",\"url\":\"https:\/\/kamexbhp.pl\/sklep\/\",\"name\":\"KAMEX BHP - SKLEP INTERNETOWY Z ARTYKU\u0141AMI BHP NAJWY\u017bSZEJ JAKO\u015aCI\",\"description\":\"Artuku\u0142y BHP najwy\u017cszej jako\u015bci!\",\"publisher\":{\"@id\":\"https:\/\/kamexbhp.pl\/sklep\/#organization\"},\"potentialAction\":[{\"@type\":\"SearchAction\",\"target\":{\"@type\":\"EntryPoint\",\"urlTemplate\":\"https:\/\/kamexbhp.pl\/sklep\/?s={search_term_string}\"},\"query-input\":{\"@type\":\"PropertyValueSpecification\",\"valueRequired\":true,\"valueName\":\"search_term_string\"}}],\"inLanguage\":\"pl-PL\"},{\"@type\":\"Organization\",\"@id\":\"https:\/\/kamexbhp.pl\/sklep\/#organization\",\"name\":\"KAMEX-BHP - SKLEP BHP - Odzie\u017c i obuwie robocze\",\"url\":\"https:\/\/kamexbhp.pl\/sklep\/\",\"logo\":{\"@type\":\"ImageObject\",\"inLanguage\":\"pl-PL\",\"@id\":\"https:\/\/kamexbhp.pl\/sklep\/#\/schema\/logo\/image\/\",\"url\":\"https:\/\/kamexbhp.pl\/sklep\/wp-content\/uploads\/2025\/01\/KAMEX-BHP-Logo-1080-x-1080.png\",\"contentUrl\":\"https:\/\/kamexbhp.pl\/sklep\/wp-content\/uploads\/2025\/01\/KAMEX-BHP-Logo-1080-x-1080.png\",\"width\":1080,\"height\":1080,\"caption\":\"KAMEX-BHP - SKLEP BHP - Odzie\u017c i obuwie robocze\"},\"image\":{\"@id\":\"https:\/\/kamexbhp.pl\/sklep\/#\/schema\/logo\/image\/\"},\"sameAs\":[\"https:\/\/www.facebook.com\/bhp.kamex\",\"https:\/\/www.instagram.com\/kamexbhp\/\"]}]}<\/script>\n<!-- \/ Yoast SEO plugin. -->","yoast_head_json":{"title":"PAYPER T-Shirt Sunset - KAMEX BHP - SKLEP INTERNETOWY Z ARTYKU\u0141AMI BHP NAJWY\u017bSZEJ JAKO\u015aCI","description":"Payper T-Shirt SUNSET \u2013 m\u0119ski T-shirt roboczy 100% bawe\u0142na, kr\u00f3tkie r\u0119kawy, elastyczne szwy i wzmocnione barki.","robots":{"index":"index","follow":"follow","max-snippet":"max-snippet:-1","max-image-preview":"max-image-preview:large","max-video-preview":"max-video-preview:-1"},"canonical":"https:\/\/kamexbhp.pl\/sklep\/produkt\/payper-t-shirt-sunset\/","og_locale":"pl_PL","og_type":"article","og_title":"PAYPER T-Shirt Sunset - KAMEX BHP - SKLEP INTERNETOWY Z ARTYKU\u0141AMI BHP NAJWY\u017bSZEJ JAKO\u015aCI","og_description":"Payper T-Shirt SUNSET \u2013 m\u0119ski T-shirt roboczy 100% bawe\u0142na, kr\u00f3tkie r\u0119kawy, elastyczne szwy i wzmocnione barki.","og_url":"https:\/\/kamexbhp.pl\/sklep\/produkt\/payper-t-shirt-sunset\/","og_site_name":"KAMEX BHP - SKLEP INTERNETOWY Z ARTYKU\u0141AMI BHP NAJWY\u017bSZEJ JAKO\u015aCI","article_publisher":"https:\/\/www.facebook.com\/bhp.kamex","og_image":[{"width":799,"height":1200,"url":"https:\/\/kamexbhp.pl\/sklep\/wp-content\/uploads\/2026\/02\/760_13007.jpg","type":"image\/jpeg"}],"twitter_card":"summary_large_image","twitter_misc":{"Szacowany czas czytania":"1 minuta"},"schema":{"@context":"https:\/\/schema.org","@graph":[{"@type":"WebPage","@id":"https:\/\/kamexbhp.pl\/sklep\/produkt\/payper-t-shirt-sunset\/","url":"https:\/\/kamexbhp.pl\/sklep\/produkt\/payper-t-shirt-sunset\/","name":"PAYPER T-Shirt Sunset - KAMEX BHP - SKLEP INTERNETOWY Z ARTYKU\u0141AMI BHP NAJWY\u017bSZEJ JAKO\u015aCI","isPartOf":{"@id":"https:\/\/kamexbhp.pl\/sklep\/#website"},"primaryImageOfPage":{"@id":"https:\/\/kamexbhp.pl\/sklep\/produkt\/payper-t-shirt-sunset\/#primaryimage"},"image":{"@id":"https:\/\/kamexbhp.pl\/sklep\/produkt\/payper-t-shirt-sunset\/#primaryimage"},"thumbnailUrl":"https:\/\/kamexbhp.pl\/sklep\/wp-content\/uploads\/2026\/02\/760_13007.jpg","datePublished":"2026-02-18T11:21:11+00:00","description":"Payper T-Shirt SUNSET \u2013 m\u0119ski T-shirt roboczy 100% bawe\u0142na, kr\u00f3tkie r\u0119kawy, elastyczne szwy i wzmocnione barki.","breadcrumb":{"@id":"https:\/\/kamexbhp.pl\/sklep\/produkt\/payper-t-shirt-sunset\/#breadcrumb"},"inLanguage":"pl-PL","potentialAction":[{"@type":"ReadAction","target":["https:\/\/kamexbhp.pl\/sklep\/produkt\/payper-t-shirt-sunset\/"]}]},{"@type":"ImageObject","inLanguage":"pl-PL","@id":"https:\/\/kamexbhp.pl\/sklep\/produkt\/payper-t-shirt-sunset\/#primaryimage","url":"https:\/\/kamexbhp.pl\/sklep\/wp-content\/uploads\/2026\/02\/760_13007.jpg","contentUrl":"https:\/\/kamexbhp.pl\/sklep\/wp-content\/uploads\/2026\/02\/760_13007.jpg","width":799,"height":1200},{"@type":"BreadcrumbList","@id":"https:\/\/kamexbhp.pl\/sklep\/produkt\/payper-t-shirt-sunset\/#breadcrumb","itemListElement":[{"@type":"ListItem","position":1,"name":"Strona g\u0142\u00f3wna","item":"https:\/\/kamexbhp.pl\/sklep\/"},{"@type":"ListItem","position":2,"name":"Sklep","item":"https:\/\/kamexbhp.pl\/sklep\/sklep\/"},{"@type":"ListItem","position":3,"name":"PAYPER T-Shirt Sunset"}]},{"@type":"WebSite","@id":"https:\/\/kamexbhp.pl\/sklep\/#website","url":"https:\/\/kamexbhp.pl\/sklep\/","name":"KAMEX BHP - SKLEP INTERNETOWY Z ARTYKU\u0141AMI BHP NAJWY\u017bSZEJ JAKO\u015aCI","description":"Artuku\u0142y BHP najwy\u017cszej jako\u015bci!","publisher":{"@id":"https:\/\/kamexbhp.pl\/sklep\/#organization"},"potentialAction":[{"@type":"SearchAction","target":{"@type":"EntryPoint","urlTemplate":"https:\/\/kamexbhp.pl\/sklep\/?s={search_term_string}"},"query-input":{"@type":"PropertyValueSpecification","valueRequired":true,"valueName":"search_term_string"}}],"inLanguage":"pl-PL"},{"@type":"Organization","@id":"https:\/\/kamexbhp.pl\/sklep\/#organization","name":"KAMEX-BHP - SKLEP BHP - Odzie\u017c i obuwie robocze","url":"https:\/\/kamexbhp.pl\/sklep\/","logo":{"@type":"ImageObject","inLanguage":"pl-PL","@id":"https:\/\/kamexbhp.pl\/sklep\/#\/schema\/logo\/image\/","url":"https:\/\/kamexbhp.pl\/sklep\/wp-content\/uploads\/2025\/01\/KAMEX-BHP-Logo-1080-x-1080.png","contentUrl":"https:\/\/kamexbhp.pl\/sklep\/wp-content\/uploads\/2025\/01\/KAMEX-BHP-Logo-1080-x-1080.png","width":1080,"height":1080,"caption":"KAMEX-BHP - SKLEP BHP - Odzie\u017c i obuwie robocze"},"image":{"@id":"https:\/\/kamexbhp.pl\/sklep\/#\/schema\/logo\/image\/"},"sameAs":["https:\/\/www.facebook.com\/bhp.kamex","https:\/\/www.instagram.com\/kamexbhp\/"]}]}},"_links":{"self":[{"href":"https:\/\/kamexbhp.pl\/sklep\/wp-json\/wp\/v2\/product\/9122","targetHints":{"allow":["GET"]}}],"collection":[{"href":"https:\/\/kamexbhp.pl\/sklep\/wp-json\/wp\/v2\/product"}],"about":[{"href":"https:\/\/kamexbhp.pl\/sklep\/wp-json\/wp\/v2\/types\/product"}],"replies":[{"embeddable":true,"href":"https:\/\/kamexbhp.pl\/sklep\/wp-json\/wp\/v2\/comments?post=9122"}],"version-history":[{"count":1,"href":"https:\/\/kamexbhp.pl\/sklep\/wp-json\/wp\/v2\/product\/9122\/revisions"}],"predecessor-version":[{"id":9133,"href":"https:\/\/kamexbhp.pl\/sklep\/wp-json\/wp\/v2\/product\/9122\/revisions\/9133"}],"wp:featuredmedia":[{"embeddable":true,"href":"https:\/\/kamexbhp.pl\/sklep\/wp-json\/wp\/v2\/media\/9123"}],"wp:attachment":[{"href":"https:\/\/kamexbhp.pl\/sklep\/wp-json\/wp\/v2\/media?parent=9122"}],"wp:term":[{"taxonomy":"product_brand","embeddable":true,"href":"https:\/\/kamexbhp.pl\/sklep\/wp-json\/wp\/v2\/product_brand?post=9122"},{"taxonomy":"product_cat","embeddable":true,"href":"https:\/\/kamexbhp.pl\/sklep\/wp-json\/wp\/v2\/product_cat?post=9122"},{"taxonomy":"product_tag","embeddable":true,"href":"https:\/\/kamexbhp.pl\/sklep\/wp-json\/wp\/v2\/product_tag?post=9122"}],"curies":[{"name":"wp","href":"https:\/\/api.w.org\/{rel}","templated":true}]}}