{"id":9106,"date":"2026-02-18T10:51:33","date_gmt":"2026-02-18T09:51:33","guid":{"rendered":"https:\/\/kamexbhp.pl\/sklep\/?post_type=product&#038;p=9106"},"modified":"2026-02-18T10:54:11","modified_gmt":"2026-02-18T09:54:11","slug":"payper-kurtka-softshell-creek-pad","status":"publish","type":"product","link":"https:\/\/kamexbhp.pl\/sklep\/produkt\/payper-kurtka-softshell-creek-pad\/","title":{"rendered":"PAYPER Kurtka Softshell Creek Pad"},"content":{"rendered":"<p data-start=\"225\" data-end=\"689\">M\u0119ska kurtka softshell <strong data-start=\"248\" data-end=\"268\">Payper CREEK PAD<\/strong> to idealne po\u0142\u0105czenie wygody, funkcjonalno\u015bci i nowoczesnego designu. Trzywarstwowa konstrukcja z grubym ociepleniem (160g\/m\u00b2) zapewnia optymaln\u0105 izolacj\u0119 termiczn\u0105, a elastyczne mankiety i regulowany d\u00f3\u0142 gwarantuj\u0105 dopasowanie do sylwetki. Kurtka zosta\u0142a zaprojektowana z my\u015bl\u0105 o profesjonalistach pracuj\u0105cych w trudnych warunkach, kt\u00f3rzy potrzebuj\u0105 ochrony przed wiatrem, ch\u0142odem i wilgoci\u0105, bez ograniczenia ruch\u00f3w.<\/p>\n<h3 data-start=\"691\" data-end=\"734\">Kluczowe cechy kurtki Payper CREEK PAD:<\/h3>\n<ul data-start=\"735\" data-end=\"1649\">\n<li data-start=\"735\" data-end=\"823\">\n<p data-start=\"737\" data-end=\"823\"><strong data-start=\"737\" data-end=\"795\">Trzywarstwowy softshell z grubym ociepleniem (160g\/m\u00b2)<\/strong> \u2013 idealny na ch\u0142odne dni.<\/p>\n<\/li>\n<li data-start=\"824\" data-end=\"902\">\n<p data-start=\"826\" data-end=\"902\"><strong data-start=\"826\" data-end=\"861\">Ko\u0142nierz z polarowymi wstawkami<\/strong> \u2013 komfort i ochrona szyi przed zimnem.<\/p>\n<\/li>\n<li data-start=\"903\" data-end=\"990\">\n<p data-start=\"905\" data-end=\"990\"><strong data-start=\"905\" data-end=\"956\">Zamek SBS z metalowym suwakiem \u201esemi-auto lock\u201d<\/strong> i spersonalizowanym \u015bci\u0105gaczem.<\/p>\n<\/li>\n<li data-start=\"991\" data-end=\"1067\">\n<p data-start=\"993\" data-end=\"1067\"><strong data-start=\"993\" data-end=\"1036\">Odpinany kaptur z regulowanym sznurkiem<\/strong> \u2013 \u0142atwa adaptacja do pogody.<\/p>\n<\/li>\n<li data-start=\"1068\" data-end=\"1156\">\n<p data-start=\"1070\" data-end=\"1156\"><strong data-start=\"1070\" data-end=\"1112\">Paski odblaskowe na plecach i kapturze<\/strong> \u2013 zwi\u0119kszona widoczno\u015b\u0107 i bezpiecze\u0144stwo.<\/p>\n<\/li>\n<li data-start=\"1157\" data-end=\"1240\">\n<p data-start=\"1159\" data-end=\"1240\"><strong data-start=\"1159\" data-end=\"1191\">Elastyczne mankiety z rzepem<\/strong> \u2013 idealne dopasowanie i ochrona przed wiatrem.<\/p>\n<\/li>\n<li data-start=\"1241\" data-end=\"1473\">\n<p data-start=\"1243\" data-end=\"1272\"><strong data-start=\"1243\" data-end=\"1269\">Kieszenie funkcjonalne<\/strong>:<\/p>\n<ul data-start=\"1275\" data-end=\"1473\">\n<li data-start=\"1275\" data-end=\"1312\">\n<p data-start=\"1277\" data-end=\"1312\">Dwie boczne na zamek b\u0142yskawiczny<\/p>\n<\/li>\n<li data-start=\"1315\" data-end=\"1355\">\n<p data-start=\"1317\" data-end=\"1355\">Kiesze\u0144 na piersi na powlekany zamek<\/p>\n<\/li>\n<li data-start=\"1358\" data-end=\"1425\">\n<p data-start=\"1360\" data-end=\"1425\">Kiesze\u0144 na lewym ramieniu ze zintegrowanym uchwytem na d\u0142ugopis<\/p>\n<\/li>\n<li data-start=\"1428\" data-end=\"1473\">\n<p data-start=\"1430\" data-end=\"1473\">Jedna wewn\u0119trzna kiesze\u0144 zapinana na rzep<\/p>\n<\/li>\n<\/ul>\n<\/li>\n<li data-start=\"1474\" data-end=\"1558\">\n<p data-start=\"1476\" data-end=\"1558\"><strong data-start=\"1476\" data-end=\"1511\">Fluorescencyjne \u015bci\u0105gacze zamka<\/strong> \u2013 \u0142atwe zlokalizowanie w trudnych warunkach.<\/p>\n<\/li>\n<li data-start=\"1559\" data-end=\"1649\">\n<p data-start=\"1561\" data-end=\"1649\"><strong data-start=\"1561\" data-end=\"1609\">Regulowany d\u00f3\u0142 z personalizowanymi stoperami<\/strong> \u2013 komfortowe dopasowanie do sylwetki.<\/p>\n<\/li>\n<\/ul>\n","protected":false},"excerpt":{"rendered":"<p><strong data-start=\"1651\" data-end=\"1671\">Payper CREEK PAD<\/strong> to kurtka robocza, kt\u00f3ra sprawdzi si\u0119 w pracy na zewn\u0105trz, w magazynie, na budowie oraz w ka\u017cdym \u015brodowisku wymagaj\u0105cym ochrony przed zimnem i wiatrem. Wytrzyma\u0142a, funkcjonalna i nowoczesna \u2013 doskona\u0142y wyb\u00f3r dla profesjonalist\u00f3w ceni\u0105cych komfort i bezpiecze\u0144stwo.<\/p>\n<p>Kolor kurtki bardziej wpadaj\u0105cy pod granatowy a nie szary jak na zdj\u0119ciu<\/p>\n","protected":false},"featured_media":9112,"comment_status":"open","ping_status":"closed","template":"","meta":[],"product_brand":[1902],"product_cat":[143],"product_tag":[419,984,2113,2025,2088,1089,765,2112],"class_list":{"0":"post-9106","1":"product","2":"type-product","3":"status-publish","4":"has-post-thumbnail","6":"product_brand-payper","7":"product_cat-softshell","8":"product_tag-kurtka-ocieplana","9":"product_tag-kurtka-robocza","10":"product_tag-kurtka-robocza-softshell","11":"product_tag-kurtka-softshell-meska","12":"product_tag-kurtka-z-kapturem","13":"product_tag-kurtka-z-kieszeniami","14":"product_tag-odziez-bhp","15":"product_tag-payper-creek-pad","17":"first","18":"instock","19":"taxable","20":"shipping-taxable","21":"purchasable","22":"product-type-variable"},"yoast_head":"<!-- This site is optimized with the Yoast SEO plugin v25.6 - https:\/\/yoast.com\/wordpress\/plugins\/seo\/ -->\n<title>PAYPER Kurtka Softshell Creek Pad - KAMEX BHP - SKLEP INTERNETOWY Z ARTYKU\u0141AMI BHP NAJWY\u017bSZEJ JAKO\u015aCI<\/title>\n<meta name=\"description\" content=\"M\u0119ska kurtka softshell Payper CREEK PAD, ocieplana 160g, z kapturem, odblaskami i kieszeniami \u2013 wygoda i ochrona w pracy.\" \/>\n<meta name=\"robots\" content=\"index, follow, max-snippet:-1, max-image-preview:large, max-video-preview:-1\" \/>\n<link rel=\"canonical\" href=\"https:\/\/kamexbhp.pl\/sklep\/produkt\/payper-kurtka-softshell-creek-pad\/\" \/>\n<meta property=\"og:locale\" content=\"pl_PL\" \/>\n<meta property=\"og:type\" content=\"article\" \/>\n<meta property=\"og:title\" content=\"PAYPER Kurtka Softshell Creek Pad - KAMEX BHP - SKLEP INTERNETOWY Z ARTYKU\u0141AMI BHP NAJWY\u017bSZEJ JAKO\u015aCI\" \/>\n<meta property=\"og:description\" content=\"M\u0119ska kurtka softshell Payper CREEK PAD, ocieplana 160g, z kapturem, odblaskami i kieszeniami \u2013 wygoda i ochrona w pracy.\" \/>\n<meta property=\"og:url\" content=\"https:\/\/kamexbhp.pl\/sklep\/produkt\/payper-kurtka-softshell-creek-pad\/\" \/>\n<meta property=\"og:site_name\" content=\"KAMEX BHP - SKLEP INTERNETOWY Z ARTYKU\u0141AMI BHP NAJWY\u017bSZEJ JAKO\u015aCI\" \/>\n<meta property=\"article:publisher\" content=\"https:\/\/www.facebook.com\/bhp.kamex\" \/>\n<meta property=\"article:modified_time\" content=\"2026-02-18T09:54:11+00:00\" \/>\n<meta property=\"og:image\" content=\"https:\/\/kamexbhp.pl\/sklep\/wp-content\/uploads\/2026\/02\/3333.jpg\" \/>\n\t<meta property=\"og:image:width\" content=\"800\" \/>\n\t<meta property=\"og:image:height\" content=\"1200\" \/>\n\t<meta property=\"og:image:type\" content=\"image\/jpeg\" \/>\n<meta name=\"twitter:card\" content=\"summary_large_image\" \/>\n<meta name=\"twitter:label1\" content=\"Szacowany czas czytania\" \/>\n\t<meta name=\"twitter:data1\" content=\"2 minuty\" \/>\n<script type=\"application\/ld+json\" class=\"yoast-schema-graph\">{\"@context\":\"https:\/\/schema.org\",\"@graph\":[{\"@type\":\"WebPage\",\"@id\":\"https:\/\/kamexbhp.pl\/sklep\/produkt\/payper-kurtka-softshell-creek-pad\/\",\"url\":\"https:\/\/kamexbhp.pl\/sklep\/produkt\/payper-kurtka-softshell-creek-pad\/\",\"name\":\"PAYPER Kurtka Softshell Creek Pad - KAMEX BHP - SKLEP INTERNETOWY Z ARTYKU\u0141AMI BHP NAJWY\u017bSZEJ JAKO\u015aCI\",\"isPartOf\":{\"@id\":\"https:\/\/kamexbhp.pl\/sklep\/#website\"},\"primaryImageOfPage\":{\"@id\":\"https:\/\/kamexbhp.pl\/sklep\/produkt\/payper-kurtka-softshell-creek-pad\/#primaryimage\"},\"image\":{\"@id\":\"https:\/\/kamexbhp.pl\/sklep\/produkt\/payper-kurtka-softshell-creek-pad\/#primaryimage\"},\"thumbnailUrl\":\"https:\/\/kamexbhp.pl\/sklep\/wp-content\/uploads\/2026\/02\/3333.jpg\",\"datePublished\":\"2026-02-18T09:51:33+00:00\",\"dateModified\":\"2026-02-18T09:54:11+00:00\",\"description\":\"M\u0119ska kurtka softshell Payper CREEK PAD, ocieplana 160g, z kapturem, odblaskami i kieszeniami \u2013 wygoda i ochrona w pracy.\",\"breadcrumb\":{\"@id\":\"https:\/\/kamexbhp.pl\/sklep\/produkt\/payper-kurtka-softshell-creek-pad\/#breadcrumb\"},\"inLanguage\":\"pl-PL\",\"potentialAction\":[{\"@type\":\"ReadAction\",\"target\":[\"https:\/\/kamexbhp.pl\/sklep\/produkt\/payper-kurtka-softshell-creek-pad\/\"]}]},{\"@type\":\"ImageObject\",\"inLanguage\":\"pl-PL\",\"@id\":\"https:\/\/kamexbhp.pl\/sklep\/produkt\/payper-kurtka-softshell-creek-pad\/#primaryimage\",\"url\":\"https:\/\/kamexbhp.pl\/sklep\/wp-content\/uploads\/2026\/02\/3333.jpg\",\"contentUrl\":\"https:\/\/kamexbhp.pl\/sklep\/wp-content\/uploads\/2026\/02\/3333.jpg\",\"width\":800,\"height\":1200},{\"@type\":\"BreadcrumbList\",\"@id\":\"https:\/\/kamexbhp.pl\/sklep\/produkt\/payper-kurtka-softshell-creek-pad\/#breadcrumb\",\"itemListElement\":[{\"@type\":\"ListItem\",\"position\":1,\"name\":\"Strona g\u0142\u00f3wna\",\"item\":\"https:\/\/kamexbhp.pl\/sklep\/\"},{\"@type\":\"ListItem\",\"position\":2,\"name\":\"Sklep\",\"item\":\"https:\/\/kamexbhp.pl\/sklep\/sklep\/\"},{\"@type\":\"ListItem\",\"position\":3,\"name\":\"PAYPER Kurtka Softshell Creek Pad\"}]},{\"@type\":\"WebSite\",\"@id\":\"https:\/\/kamexbhp.pl\/sklep\/#website\",\"url\":\"https:\/\/kamexbhp.pl\/sklep\/\",\"name\":\"KAMEX BHP - SKLEP INTERNETOWY Z ARTYKU\u0141AMI BHP NAJWY\u017bSZEJ JAKO\u015aCI\",\"description\":\"Artuku\u0142y BHP najwy\u017cszej jako\u015bci!\",\"publisher\":{\"@id\":\"https:\/\/kamexbhp.pl\/sklep\/#organization\"},\"potentialAction\":[{\"@type\":\"SearchAction\",\"target\":{\"@type\":\"EntryPoint\",\"urlTemplate\":\"https:\/\/kamexbhp.pl\/sklep\/?s={search_term_string}\"},\"query-input\":{\"@type\":\"PropertyValueSpecification\",\"valueRequired\":true,\"valueName\":\"search_term_string\"}}],\"inLanguage\":\"pl-PL\"},{\"@type\":\"Organization\",\"@id\":\"https:\/\/kamexbhp.pl\/sklep\/#organization\",\"name\":\"KAMEX-BHP - SKLEP BHP - Odzie\u017c i obuwie robocze\",\"url\":\"https:\/\/kamexbhp.pl\/sklep\/\",\"logo\":{\"@type\":\"ImageObject\",\"inLanguage\":\"pl-PL\",\"@id\":\"https:\/\/kamexbhp.pl\/sklep\/#\/schema\/logo\/image\/\",\"url\":\"https:\/\/kamexbhp.pl\/sklep\/wp-content\/uploads\/2025\/01\/KAMEX-BHP-Logo-1080-x-1080.png\",\"contentUrl\":\"https:\/\/kamexbhp.pl\/sklep\/wp-content\/uploads\/2025\/01\/KAMEX-BHP-Logo-1080-x-1080.png\",\"width\":1080,\"height\":1080,\"caption\":\"KAMEX-BHP - SKLEP BHP - Odzie\u017c i obuwie robocze\"},\"image\":{\"@id\":\"https:\/\/kamexbhp.pl\/sklep\/#\/schema\/logo\/image\/\"},\"sameAs\":[\"https:\/\/www.facebook.com\/bhp.kamex\",\"https:\/\/www.instagram.com\/kamexbhp\/\"]}]}<\/script>\n<!-- \/ Yoast SEO plugin. -->","yoast_head_json":{"title":"PAYPER Kurtka Softshell Creek Pad - KAMEX BHP - SKLEP INTERNETOWY Z ARTYKU\u0141AMI BHP NAJWY\u017bSZEJ JAKO\u015aCI","description":"M\u0119ska kurtka softshell Payper CREEK PAD, ocieplana 160g, z kapturem, odblaskami i kieszeniami \u2013 wygoda i ochrona w pracy.","robots":{"index":"index","follow":"follow","max-snippet":"max-snippet:-1","max-image-preview":"max-image-preview:large","max-video-preview":"max-video-preview:-1"},"canonical":"https:\/\/kamexbhp.pl\/sklep\/produkt\/payper-kurtka-softshell-creek-pad\/","og_locale":"pl_PL","og_type":"article","og_title":"PAYPER Kurtka Softshell Creek Pad - KAMEX BHP - SKLEP INTERNETOWY Z ARTYKU\u0141AMI BHP NAJWY\u017bSZEJ JAKO\u015aCI","og_description":"M\u0119ska kurtka softshell Payper CREEK PAD, ocieplana 160g, z kapturem, odblaskami i kieszeniami \u2013 wygoda i ochrona w pracy.","og_url":"https:\/\/kamexbhp.pl\/sklep\/produkt\/payper-kurtka-softshell-creek-pad\/","og_site_name":"KAMEX BHP - SKLEP INTERNETOWY Z ARTYKU\u0141AMI BHP NAJWY\u017bSZEJ JAKO\u015aCI","article_publisher":"https:\/\/www.facebook.com\/bhp.kamex","article_modified_time":"2026-02-18T09:54:11+00:00","og_image":[{"width":800,"height":1200,"url":"https:\/\/kamexbhp.pl\/sklep\/wp-content\/uploads\/2026\/02\/3333.jpg","type":"image\/jpeg"}],"twitter_card":"summary_large_image","twitter_misc":{"Szacowany czas czytania":"2 minuty"},"schema":{"@context":"https:\/\/schema.org","@graph":[{"@type":"WebPage","@id":"https:\/\/kamexbhp.pl\/sklep\/produkt\/payper-kurtka-softshell-creek-pad\/","url":"https:\/\/kamexbhp.pl\/sklep\/produkt\/payper-kurtka-softshell-creek-pad\/","name":"PAYPER Kurtka Softshell Creek Pad - KAMEX BHP - SKLEP INTERNETOWY Z ARTYKU\u0141AMI BHP NAJWY\u017bSZEJ JAKO\u015aCI","isPartOf":{"@id":"https:\/\/kamexbhp.pl\/sklep\/#website"},"primaryImageOfPage":{"@id":"https:\/\/kamexbhp.pl\/sklep\/produkt\/payper-kurtka-softshell-creek-pad\/#primaryimage"},"image":{"@id":"https:\/\/kamexbhp.pl\/sklep\/produkt\/payper-kurtka-softshell-creek-pad\/#primaryimage"},"thumbnailUrl":"https:\/\/kamexbhp.pl\/sklep\/wp-content\/uploads\/2026\/02\/3333.jpg","datePublished":"2026-02-18T09:51:33+00:00","dateModified":"2026-02-18T09:54:11+00:00","description":"M\u0119ska kurtka softshell Payper CREEK PAD, ocieplana 160g, z kapturem, odblaskami i kieszeniami \u2013 wygoda i ochrona w pracy.","breadcrumb":{"@id":"https:\/\/kamexbhp.pl\/sklep\/produkt\/payper-kurtka-softshell-creek-pad\/#breadcrumb"},"inLanguage":"pl-PL","potentialAction":[{"@type":"ReadAction","target":["https:\/\/kamexbhp.pl\/sklep\/produkt\/payper-kurtka-softshell-creek-pad\/"]}]},{"@type":"ImageObject","inLanguage":"pl-PL","@id":"https:\/\/kamexbhp.pl\/sklep\/produkt\/payper-kurtka-softshell-creek-pad\/#primaryimage","url":"https:\/\/kamexbhp.pl\/sklep\/wp-content\/uploads\/2026\/02\/3333.jpg","contentUrl":"https:\/\/kamexbhp.pl\/sklep\/wp-content\/uploads\/2026\/02\/3333.jpg","width":800,"height":1200},{"@type":"BreadcrumbList","@id":"https:\/\/kamexbhp.pl\/sklep\/produkt\/payper-kurtka-softshell-creek-pad\/#breadcrumb","itemListElement":[{"@type":"ListItem","position":1,"name":"Strona g\u0142\u00f3wna","item":"https:\/\/kamexbhp.pl\/sklep\/"},{"@type":"ListItem","position":2,"name":"Sklep","item":"https:\/\/kamexbhp.pl\/sklep\/sklep\/"},{"@type":"ListItem","position":3,"name":"PAYPER Kurtka Softshell Creek Pad"}]},{"@type":"WebSite","@id":"https:\/\/kamexbhp.pl\/sklep\/#website","url":"https:\/\/kamexbhp.pl\/sklep\/","name":"KAMEX BHP - SKLEP INTERNETOWY Z ARTYKU\u0141AMI BHP NAJWY\u017bSZEJ JAKO\u015aCI","description":"Artuku\u0142y BHP najwy\u017cszej jako\u015bci!","publisher":{"@id":"https:\/\/kamexbhp.pl\/sklep\/#organization"},"potentialAction":[{"@type":"SearchAction","target":{"@type":"EntryPoint","urlTemplate":"https:\/\/kamexbhp.pl\/sklep\/?s={search_term_string}"},"query-input":{"@type":"PropertyValueSpecification","valueRequired":true,"valueName":"search_term_string"}}],"inLanguage":"pl-PL"},{"@type":"Organization","@id":"https:\/\/kamexbhp.pl\/sklep\/#organization","name":"KAMEX-BHP - SKLEP BHP - Odzie\u017c i obuwie robocze","url":"https:\/\/kamexbhp.pl\/sklep\/","logo":{"@type":"ImageObject","inLanguage":"pl-PL","@id":"https:\/\/kamexbhp.pl\/sklep\/#\/schema\/logo\/image\/","url":"https:\/\/kamexbhp.pl\/sklep\/wp-content\/uploads\/2025\/01\/KAMEX-BHP-Logo-1080-x-1080.png","contentUrl":"https:\/\/kamexbhp.pl\/sklep\/wp-content\/uploads\/2025\/01\/KAMEX-BHP-Logo-1080-x-1080.png","width":1080,"height":1080,"caption":"KAMEX-BHP - SKLEP BHP - Odzie\u017c i obuwie robocze"},"image":{"@id":"https:\/\/kamexbhp.pl\/sklep\/#\/schema\/logo\/image\/"},"sameAs":["https:\/\/www.facebook.com\/bhp.kamex","https:\/\/www.instagram.com\/kamexbhp\/"]}]}},"_links":{"self":[{"href":"https:\/\/kamexbhp.pl\/sklep\/wp-json\/wp\/v2\/product\/9106","targetHints":{"allow":["GET"]}}],"collection":[{"href":"https:\/\/kamexbhp.pl\/sklep\/wp-json\/wp\/v2\/product"}],"about":[{"href":"https:\/\/kamexbhp.pl\/sklep\/wp-json\/wp\/v2\/types\/product"}],"replies":[{"embeddable":true,"href":"https:\/\/kamexbhp.pl\/sklep\/wp-json\/wp\/v2\/comments?post=9106"}],"version-history":[{"count":2,"href":"https:\/\/kamexbhp.pl\/sklep\/wp-json\/wp\/v2\/product\/9106\/revisions"}],"predecessor-version":[{"id":9113,"href":"https:\/\/kamexbhp.pl\/sklep\/wp-json\/wp\/v2\/product\/9106\/revisions\/9113"}],"wp:featuredmedia":[{"embeddable":true,"href":"https:\/\/kamexbhp.pl\/sklep\/wp-json\/wp\/v2\/media\/9112"}],"wp:attachment":[{"href":"https:\/\/kamexbhp.pl\/sklep\/wp-json\/wp\/v2\/media?parent=9106"}],"wp:term":[{"taxonomy":"product_brand","embeddable":true,"href":"https:\/\/kamexbhp.pl\/sklep\/wp-json\/wp\/v2\/product_brand?post=9106"},{"taxonomy":"product_cat","embeddable":true,"href":"https:\/\/kamexbhp.pl\/sklep\/wp-json\/wp\/v2\/product_cat?post=9106"},{"taxonomy":"product_tag","embeddable":true,"href":"https:\/\/kamexbhp.pl\/sklep\/wp-json\/wp\/v2\/product_tag?post=9106"}],"curies":[{"name":"wp","href":"https:\/\/api.w.org\/{rel}","templated":true}]}}