{"id":9098,"date":"2026-02-18T10:23:27","date_gmt":"2026-02-18T09:23:27","guid":{"rendered":"https:\/\/kamexbhp.pl\/sklep\/?post_type=product&#038;p=9098"},"modified":"2026-02-18T10:23:28","modified_gmt":"2026-02-18T09:23:28","slug":"payper-spodnie-do-pasa-worker-tech","status":"publish","type":"product","link":"https:\/\/kamexbhp.pl\/sklep\/produkt\/payper-spodnie-do-pasa-worker-tech\/","title":{"rendered":"PAYPER Spodnie Do Pasa Worker Tech"},"content":{"rendered":"<p data-start=\"84\" data-end=\"540\">Spodnie robocze do pasa <strong data-start=\"108\" data-end=\"130\">PAYPER Worker Tech<\/strong> to nowoczesne i wytrzyma\u0142e spodnie ochronne stworzone z my\u015bl\u0105 o profesjonalistach. Model unisex doskonale sprawdzi si\u0119 w bran\u017cy budowlanej, przemys\u0142owej, magazynowej, serwisowej oraz podczas prac technicznych. Dzi\u0119ki zastosowaniu mocnego materia\u0142u o gramaturze <strong data-start=\"392\" data-end=\"433\">265 g\/m\u00b2 (65% poliester, 35% bawe\u0142na)<\/strong> spodnie zapewniaj\u0105 wysok\u0105 odporno\u015b\u0107 na przetarcia, a jednocze\u015bnie komfort noszenia przez ca\u0142y dzie\u0144 pracy.<\/p>\n<p data-start=\"542\" data-end=\"841\">Spodnie PAYPER Worker Tech zosta\u0142y wyposa\u017cone w <strong data-start=\"590\" data-end=\"657\">wzmocnienia na kolanach z mo\u017cliwo\u015bci\u0105 zastosowania nakolannik\u00f3w<\/strong>, co zwi\u0119ksza ochron\u0119 i wygod\u0119 podczas pracy w pozycji kl\u0119cz\u0105cej. Funkcjonalne kieszenie, elementy odblaskowe oraz potr\u00f3jne szwy gwarantuj\u0105 trwa\u0142o\u015b\u0107 i praktyczno\u015b\u0107 w ka\u017cdych warunkach.<\/p>\n<p data-start=\"843\" data-end=\"994\">To idealny wyb\u00f3r dla os\u00f3b, kt\u00f3re szukaj\u0105 <strong data-start=\"884\" data-end=\"993\">solidnych spodni roboczych PAYPER o wysokiej jako\u015bci, nowoczesnym wygl\u0105dzie i maksymalnej funkcjonalno\u015bci<\/strong>.<\/p>\n<hr data-start=\"996\" data-end=\"999\" \/>\n<h2 data-start=\"1001\" data-end=\"1033\">Najwa\u017cniejsze cechy produktu:<\/h2>\n<ul data-start=\"1035\" data-end=\"1843\">\n<li data-start=\"1035\" data-end=\"1077\">\n<p data-start=\"1037\" data-end=\"1077\">spodnie robocze do pasa \u2013 model unisex<\/p>\n<\/li>\n<li data-start=\"1078\" data-end=\"1133\">\n<p data-start=\"1080\" data-end=\"1133\">wytrzyma\u0142y materia\u0142: <strong data-start=\"1101\" data-end=\"1131\">65% poliester, 35% bawe\u0142na<\/strong><\/p>\n<\/li>\n<li data-start=\"1134\" data-end=\"1192\">\n<p data-start=\"1136\" data-end=\"1192\">gramatura: <strong data-start=\"1147\" data-end=\"1159\">265 g\/m\u00b2<\/strong> \u2013 idealna do intensywnej pracy<\/p>\n<\/li>\n<li data-start=\"1193\" data-end=\"1246\">\n<p data-start=\"1195\" data-end=\"1246\">wzmocnienia na kolanach z miejscem na nakolanniki<\/p>\n<\/li>\n<li data-start=\"1247\" data-end=\"1301\">\n<p data-start=\"1249\" data-end=\"1301\">zapinane na zamek oraz guzik z tworzywa sztucznego<\/p>\n<\/li>\n<li data-start=\"1302\" data-end=\"1365\">\n<p data-start=\"1304\" data-end=\"1365\">elastyczne gumki po bokach w pasie dla lepszego dopasowania<\/p>\n<\/li>\n<li data-start=\"1366\" data-end=\"1412\">\n<p data-start=\"1368\" data-end=\"1412\">szlufki w talii umo\u017cliwiaj\u0105ce u\u017cycie paska<\/p>\n<\/li>\n<li data-start=\"1413\" data-end=\"1450\">\n<p data-start=\"1415\" data-end=\"1450\">dwie klasyczne kieszenie z przodu<\/p>\n<\/li>\n<li data-start=\"1451\" data-end=\"1510\">\n<p data-start=\"1453\" data-end=\"1510\">kiesze\u0144 boczna z innowacyjnym zapi\u0119ciem <strong data-start=\"1493\" data-end=\"1508\">LOCK SYSTEM<\/strong><\/p>\n<\/li>\n<li data-start=\"1511\" data-end=\"1559\">\n<p data-start=\"1513\" data-end=\"1559\">kiesze\u0144 na miark\u0119 oraz kieszonka na smartfon<\/p>\n<\/li>\n<li data-start=\"1560\" data-end=\"1623\">\n<p data-start=\"1562\" data-end=\"1623\">dwie kieszenie tylne: jedna z klapk\u0105 na rzep, druga otwarta<\/p>\n<\/li>\n<li data-start=\"1624\" data-end=\"1680\">\n<p data-start=\"1626\" data-end=\"1680\">kontrastowe wstawki i przeszycia \u2013 nowoczesny design<\/p>\n<\/li>\n<li data-start=\"1681\" data-end=\"1728\">\n<p data-start=\"1683\" data-end=\"1728\">elementy odblaskowe zwi\u0119kszaj\u0105ce widoczno\u015b\u0107<\/p>\n<\/li>\n<li data-start=\"1729\" data-end=\"1772\">\n<p data-start=\"1731\" data-end=\"1772\">potr\u00f3jne szwy dla maksymalnej trwa\u0142o\u015bci<\/p>\n<\/li>\n<li data-start=\"1773\" data-end=\"1843\">\n<p data-start=\"1775\" data-end=\"1843\">idealne do pracy w budownictwie, magazynie, warsztacie i przemy\u015ble<\/p>\n<\/li>\n<\/ul>\n","protected":false},"excerpt":{"rendered":"<p>Spodnie robocze PAYPER Worker Tech to model unisex, stworzony z my\u015bl\u0105 o maksymalnej trwa\u0142o\u015bci i wygodzie w pracy. Wzmocnione na kolanach z miejscem na nakolanniki, wyposa\u017cone w potr\u00f3jne szwy i odblaskowe elementy dla bezpiecze\u0144stwa. Posiadaj\u0105 liczne funkcjonalne kieszenie \u2013 przednie klasyczne, boczn\u0105 z zapi\u0119ciem LOCK SYSTEM, kiesze\u0144 na miark\u0119 i smartfon, a z ty\u0142u jedn\u0105 zamykan\u0105 na rzep i drug\u0105 otwart\u0105. Gumki po bokach i szlufki w pasie zapewniaj\u0105 idealne dopasowanie, a zamek i guzik z tworzywa gwarantuj\u0105 wygodne i trwa\u0142e zapi\u0119cie. Idealne do pracy w budownictwie, magazynie, przemy\u015ble i warsztatach.<\/p>\n","protected":false},"featured_media":9099,"comment_status":"open","ping_status":"closed","template":"","meta":[],"product_brand":[1902],"product_cat":[69],"product_tag":[2110,2109,2107,2106,2108,2111,1562],"class_list":{"0":"post-9098","1":"product","2":"type-product","3":"status-publish","4":"has-post-thumbnail","6":"product_brand-payper","7":"product_cat-spodnie-do-pasa","8":"product_tag-spodnie-bhp-payper","9":"product_tag-spodnie-ochronne-payper","10":"product_tag-spodnie-robocze-do-pasa-payper","11":"product_tag-spodnie-robocze-payper","12":"product_tag-spodnie-robocze-payper-worker-tech","13":"product_tag-spodnie-robocze-wzmocnione-na-kolanach","14":"product_tag-spodnie-robocze-z-nakolannikami","16":"first","17":"instock","18":"taxable","19":"shipping-taxable","20":"purchasable","21":"product-type-variable"},"yoast_head":"<!-- This site is optimized with the Yoast SEO plugin v25.6 - https:\/\/yoast.com\/wordpress\/plugins\/seo\/ -->\n<title>PAYPER Spodnie Do Pasa Worker Tech - KAMEX BHP - SKLEP INTERNETOWY Z ARTYKU\u0141AMI BHP NAJWY\u017bSZEJ JAKO\u015aCI<\/title>\n<meta name=\"description\" content=\"Spodnie robocze PAYPER Worker Tech z wzmocnieniami na kolanach, nakolannikami, licznymi kieszeniami i potr\u00f3jnymi szwami. Trwa\u0142e i wygodne.\" \/>\n<meta name=\"robots\" content=\"index, follow, max-snippet:-1, max-image-preview:large, max-video-preview:-1\" \/>\n<link rel=\"canonical\" href=\"https:\/\/kamexbhp.pl\/sklep\/produkt\/payper-spodnie-do-pasa-worker-tech\/\" \/>\n<meta property=\"og:locale\" content=\"pl_PL\" \/>\n<meta property=\"og:type\" content=\"article\" \/>\n<meta property=\"og:title\" content=\"PAYPER Spodnie Do Pasa Worker Tech - KAMEX BHP - SKLEP INTERNETOWY Z ARTYKU\u0141AMI BHP NAJWY\u017bSZEJ JAKO\u015aCI\" \/>\n<meta property=\"og:description\" content=\"Spodnie robocze PAYPER Worker Tech z wzmocnieniami na kolanach, nakolannikami, licznymi kieszeniami i potr\u00f3jnymi szwami. Trwa\u0142e i wygodne.\" \/>\n<meta property=\"og:url\" content=\"https:\/\/kamexbhp.pl\/sklep\/produkt\/payper-spodnie-do-pasa-worker-tech\/\" \/>\n<meta property=\"og:site_name\" content=\"KAMEX BHP - SKLEP INTERNETOWY Z ARTYKU\u0141AMI BHP NAJWY\u017bSZEJ JAKO\u015aCI\" \/>\n<meta property=\"article:publisher\" content=\"https:\/\/www.facebook.com\/bhp.kamex\" \/>\n<meta property=\"article:modified_time\" content=\"2026-02-18T09:23:28+00:00\" \/>\n<meta property=\"og:image\" content=\"https:\/\/kamexbhp.pl\/sklep\/wp-content\/uploads\/2026\/02\/10709_13044.jpg\" \/>\n\t<meta property=\"og:image:width\" content=\"800\" \/>\n\t<meta property=\"og:image:height\" content=\"1200\" \/>\n\t<meta property=\"og:image:type\" content=\"image\/jpeg\" \/>\n<meta name=\"twitter:card\" content=\"summary_large_image\" \/>\n<meta name=\"twitter:label1\" content=\"Szacowany czas czytania\" \/>\n\t<meta name=\"twitter:data1\" content=\"2 minuty\" \/>\n<script type=\"application\/ld+json\" class=\"yoast-schema-graph\">{\"@context\":\"https:\/\/schema.org\",\"@graph\":[{\"@type\":\"WebPage\",\"@id\":\"https:\/\/kamexbhp.pl\/sklep\/produkt\/payper-spodnie-do-pasa-worker-tech\/\",\"url\":\"https:\/\/kamexbhp.pl\/sklep\/produkt\/payper-spodnie-do-pasa-worker-tech\/\",\"name\":\"PAYPER Spodnie Do Pasa Worker Tech - KAMEX BHP - SKLEP INTERNETOWY Z ARTYKU\u0141AMI BHP NAJWY\u017bSZEJ JAKO\u015aCI\",\"isPartOf\":{\"@id\":\"https:\/\/kamexbhp.pl\/sklep\/#website\"},\"primaryImageOfPage\":{\"@id\":\"https:\/\/kamexbhp.pl\/sklep\/produkt\/payper-spodnie-do-pasa-worker-tech\/#primaryimage\"},\"image\":{\"@id\":\"https:\/\/kamexbhp.pl\/sklep\/produkt\/payper-spodnie-do-pasa-worker-tech\/#primaryimage\"},\"thumbnailUrl\":\"https:\/\/kamexbhp.pl\/sklep\/wp-content\/uploads\/2026\/02\/10709_13044.jpg\",\"datePublished\":\"2026-02-18T09:23:27+00:00\",\"dateModified\":\"2026-02-18T09:23:28+00:00\",\"description\":\"Spodnie robocze PAYPER Worker Tech z wzmocnieniami na kolanach, nakolannikami, licznymi kieszeniami i potr\u00f3jnymi szwami. Trwa\u0142e i wygodne.\",\"breadcrumb\":{\"@id\":\"https:\/\/kamexbhp.pl\/sklep\/produkt\/payper-spodnie-do-pasa-worker-tech\/#breadcrumb\"},\"inLanguage\":\"pl-PL\",\"potentialAction\":[{\"@type\":\"ReadAction\",\"target\":[\"https:\/\/kamexbhp.pl\/sklep\/produkt\/payper-spodnie-do-pasa-worker-tech\/\"]}]},{\"@type\":\"ImageObject\",\"inLanguage\":\"pl-PL\",\"@id\":\"https:\/\/kamexbhp.pl\/sklep\/produkt\/payper-spodnie-do-pasa-worker-tech\/#primaryimage\",\"url\":\"https:\/\/kamexbhp.pl\/sklep\/wp-content\/uploads\/2026\/02\/10709_13044.jpg\",\"contentUrl\":\"https:\/\/kamexbhp.pl\/sklep\/wp-content\/uploads\/2026\/02\/10709_13044.jpg\",\"width\":800,\"height\":1200},{\"@type\":\"BreadcrumbList\",\"@id\":\"https:\/\/kamexbhp.pl\/sklep\/produkt\/payper-spodnie-do-pasa-worker-tech\/#breadcrumb\",\"itemListElement\":[{\"@type\":\"ListItem\",\"position\":1,\"name\":\"Strona g\u0142\u00f3wna\",\"item\":\"https:\/\/kamexbhp.pl\/sklep\/\"},{\"@type\":\"ListItem\",\"position\":2,\"name\":\"Sklep\",\"item\":\"https:\/\/kamexbhp.pl\/sklep\/sklep\/\"},{\"@type\":\"ListItem\",\"position\":3,\"name\":\"PAYPER Spodnie Do Pasa Worker Tech\"}]},{\"@type\":\"WebSite\",\"@id\":\"https:\/\/kamexbhp.pl\/sklep\/#website\",\"url\":\"https:\/\/kamexbhp.pl\/sklep\/\",\"name\":\"KAMEX BHP - SKLEP INTERNETOWY Z ARTYKU\u0141AMI BHP NAJWY\u017bSZEJ JAKO\u015aCI\",\"description\":\"Artuku\u0142y BHP najwy\u017cszej jako\u015bci!\",\"publisher\":{\"@id\":\"https:\/\/kamexbhp.pl\/sklep\/#organization\"},\"potentialAction\":[{\"@type\":\"SearchAction\",\"target\":{\"@type\":\"EntryPoint\",\"urlTemplate\":\"https:\/\/kamexbhp.pl\/sklep\/?s={search_term_string}\"},\"query-input\":{\"@type\":\"PropertyValueSpecification\",\"valueRequired\":true,\"valueName\":\"search_term_string\"}}],\"inLanguage\":\"pl-PL\"},{\"@type\":\"Organization\",\"@id\":\"https:\/\/kamexbhp.pl\/sklep\/#organization\",\"name\":\"KAMEX-BHP - SKLEP BHP - Odzie\u017c i obuwie robocze\",\"url\":\"https:\/\/kamexbhp.pl\/sklep\/\",\"logo\":{\"@type\":\"ImageObject\",\"inLanguage\":\"pl-PL\",\"@id\":\"https:\/\/kamexbhp.pl\/sklep\/#\/schema\/logo\/image\/\",\"url\":\"https:\/\/kamexbhp.pl\/sklep\/wp-content\/uploads\/2025\/01\/KAMEX-BHP-Logo-1080-x-1080.png\",\"contentUrl\":\"https:\/\/kamexbhp.pl\/sklep\/wp-content\/uploads\/2025\/01\/KAMEX-BHP-Logo-1080-x-1080.png\",\"width\":1080,\"height\":1080,\"caption\":\"KAMEX-BHP - SKLEP BHP - Odzie\u017c i obuwie robocze\"},\"image\":{\"@id\":\"https:\/\/kamexbhp.pl\/sklep\/#\/schema\/logo\/image\/\"},\"sameAs\":[\"https:\/\/www.facebook.com\/bhp.kamex\",\"https:\/\/www.instagram.com\/kamexbhp\/\"]}]}<\/script>\n<!-- \/ Yoast SEO plugin. -->","yoast_head_json":{"title":"PAYPER Spodnie Do Pasa Worker Tech - KAMEX BHP - SKLEP INTERNETOWY Z ARTYKU\u0141AMI BHP NAJWY\u017bSZEJ JAKO\u015aCI","description":"Spodnie robocze PAYPER Worker Tech z wzmocnieniami na kolanach, nakolannikami, licznymi kieszeniami i potr\u00f3jnymi szwami. Trwa\u0142e i wygodne.","robots":{"index":"index","follow":"follow","max-snippet":"max-snippet:-1","max-image-preview":"max-image-preview:large","max-video-preview":"max-video-preview:-1"},"canonical":"https:\/\/kamexbhp.pl\/sklep\/produkt\/payper-spodnie-do-pasa-worker-tech\/","og_locale":"pl_PL","og_type":"article","og_title":"PAYPER Spodnie Do Pasa Worker Tech - KAMEX BHP - SKLEP INTERNETOWY Z ARTYKU\u0141AMI BHP NAJWY\u017bSZEJ JAKO\u015aCI","og_description":"Spodnie robocze PAYPER Worker Tech z wzmocnieniami na kolanach, nakolannikami, licznymi kieszeniami i potr\u00f3jnymi szwami. Trwa\u0142e i wygodne.","og_url":"https:\/\/kamexbhp.pl\/sklep\/produkt\/payper-spodnie-do-pasa-worker-tech\/","og_site_name":"KAMEX BHP - SKLEP INTERNETOWY Z ARTYKU\u0141AMI BHP NAJWY\u017bSZEJ JAKO\u015aCI","article_publisher":"https:\/\/www.facebook.com\/bhp.kamex","article_modified_time":"2026-02-18T09:23:28+00:00","og_image":[{"width":800,"height":1200,"url":"https:\/\/kamexbhp.pl\/sklep\/wp-content\/uploads\/2026\/02\/10709_13044.jpg","type":"image\/jpeg"}],"twitter_card":"summary_large_image","twitter_misc":{"Szacowany czas czytania":"2 minuty"},"schema":{"@context":"https:\/\/schema.org","@graph":[{"@type":"WebPage","@id":"https:\/\/kamexbhp.pl\/sklep\/produkt\/payper-spodnie-do-pasa-worker-tech\/","url":"https:\/\/kamexbhp.pl\/sklep\/produkt\/payper-spodnie-do-pasa-worker-tech\/","name":"PAYPER Spodnie Do Pasa Worker Tech - KAMEX BHP - SKLEP INTERNETOWY Z ARTYKU\u0141AMI BHP NAJWY\u017bSZEJ JAKO\u015aCI","isPartOf":{"@id":"https:\/\/kamexbhp.pl\/sklep\/#website"},"primaryImageOfPage":{"@id":"https:\/\/kamexbhp.pl\/sklep\/produkt\/payper-spodnie-do-pasa-worker-tech\/#primaryimage"},"image":{"@id":"https:\/\/kamexbhp.pl\/sklep\/produkt\/payper-spodnie-do-pasa-worker-tech\/#primaryimage"},"thumbnailUrl":"https:\/\/kamexbhp.pl\/sklep\/wp-content\/uploads\/2026\/02\/10709_13044.jpg","datePublished":"2026-02-18T09:23:27+00:00","dateModified":"2026-02-18T09:23:28+00:00","description":"Spodnie robocze PAYPER Worker Tech z wzmocnieniami na kolanach, nakolannikami, licznymi kieszeniami i potr\u00f3jnymi szwami. Trwa\u0142e i wygodne.","breadcrumb":{"@id":"https:\/\/kamexbhp.pl\/sklep\/produkt\/payper-spodnie-do-pasa-worker-tech\/#breadcrumb"},"inLanguage":"pl-PL","potentialAction":[{"@type":"ReadAction","target":["https:\/\/kamexbhp.pl\/sklep\/produkt\/payper-spodnie-do-pasa-worker-tech\/"]}]},{"@type":"ImageObject","inLanguage":"pl-PL","@id":"https:\/\/kamexbhp.pl\/sklep\/produkt\/payper-spodnie-do-pasa-worker-tech\/#primaryimage","url":"https:\/\/kamexbhp.pl\/sklep\/wp-content\/uploads\/2026\/02\/10709_13044.jpg","contentUrl":"https:\/\/kamexbhp.pl\/sklep\/wp-content\/uploads\/2026\/02\/10709_13044.jpg","width":800,"height":1200},{"@type":"BreadcrumbList","@id":"https:\/\/kamexbhp.pl\/sklep\/produkt\/payper-spodnie-do-pasa-worker-tech\/#breadcrumb","itemListElement":[{"@type":"ListItem","position":1,"name":"Strona g\u0142\u00f3wna","item":"https:\/\/kamexbhp.pl\/sklep\/"},{"@type":"ListItem","position":2,"name":"Sklep","item":"https:\/\/kamexbhp.pl\/sklep\/sklep\/"},{"@type":"ListItem","position":3,"name":"PAYPER Spodnie Do Pasa Worker Tech"}]},{"@type":"WebSite","@id":"https:\/\/kamexbhp.pl\/sklep\/#website","url":"https:\/\/kamexbhp.pl\/sklep\/","name":"KAMEX BHP - SKLEP INTERNETOWY Z ARTYKU\u0141AMI BHP NAJWY\u017bSZEJ JAKO\u015aCI","description":"Artuku\u0142y BHP najwy\u017cszej jako\u015bci!","publisher":{"@id":"https:\/\/kamexbhp.pl\/sklep\/#organization"},"potentialAction":[{"@type":"SearchAction","target":{"@type":"EntryPoint","urlTemplate":"https:\/\/kamexbhp.pl\/sklep\/?s={search_term_string}"},"query-input":{"@type":"PropertyValueSpecification","valueRequired":true,"valueName":"search_term_string"}}],"inLanguage":"pl-PL"},{"@type":"Organization","@id":"https:\/\/kamexbhp.pl\/sklep\/#organization","name":"KAMEX-BHP - SKLEP BHP - Odzie\u017c i obuwie robocze","url":"https:\/\/kamexbhp.pl\/sklep\/","logo":{"@type":"ImageObject","inLanguage":"pl-PL","@id":"https:\/\/kamexbhp.pl\/sklep\/#\/schema\/logo\/image\/","url":"https:\/\/kamexbhp.pl\/sklep\/wp-content\/uploads\/2025\/01\/KAMEX-BHP-Logo-1080-x-1080.png","contentUrl":"https:\/\/kamexbhp.pl\/sklep\/wp-content\/uploads\/2025\/01\/KAMEX-BHP-Logo-1080-x-1080.png","width":1080,"height":1080,"caption":"KAMEX-BHP - SKLEP BHP - Odzie\u017c i obuwie robocze"},"image":{"@id":"https:\/\/kamexbhp.pl\/sklep\/#\/schema\/logo\/image\/"},"sameAs":["https:\/\/www.facebook.com\/bhp.kamex","https:\/\/www.instagram.com\/kamexbhp\/"]}]}},"_links":{"self":[{"href":"https:\/\/kamexbhp.pl\/sklep\/wp-json\/wp\/v2\/product\/9098","targetHints":{"allow":["GET"]}}],"collection":[{"href":"https:\/\/kamexbhp.pl\/sklep\/wp-json\/wp\/v2\/product"}],"about":[{"href":"https:\/\/kamexbhp.pl\/sklep\/wp-json\/wp\/v2\/types\/product"}],"replies":[{"embeddable":true,"href":"https:\/\/kamexbhp.pl\/sklep\/wp-json\/wp\/v2\/comments?post=9098"}],"version-history":[{"count":1,"href":"https:\/\/kamexbhp.pl\/sklep\/wp-json\/wp\/v2\/product\/9098\/revisions"}],"predecessor-version":[{"id":9105,"href":"https:\/\/kamexbhp.pl\/sklep\/wp-json\/wp\/v2\/product\/9098\/revisions\/9105"}],"wp:featuredmedia":[{"embeddable":true,"href":"https:\/\/kamexbhp.pl\/sklep\/wp-json\/wp\/v2\/media\/9099"}],"wp:attachment":[{"href":"https:\/\/kamexbhp.pl\/sklep\/wp-json\/wp\/v2\/media?parent=9098"}],"wp:term":[{"taxonomy":"product_brand","embeddable":true,"href":"https:\/\/kamexbhp.pl\/sklep\/wp-json\/wp\/v2\/product_brand?post=9098"},{"taxonomy":"product_cat","embeddable":true,"href":"https:\/\/kamexbhp.pl\/sklep\/wp-json\/wp\/v2\/product_cat?post=9098"},{"taxonomy":"product_tag","embeddable":true,"href":"https:\/\/kamexbhp.pl\/sklep\/wp-json\/wp\/v2\/product_tag?post=9098"}],"curies":[{"name":"wp","href":"https:\/\/api.w.org\/{rel}","templated":true}]}}