{"id":9090,"date":"2026-02-18T09:58:58","date_gmt":"2026-02-18T08:58:58","guid":{"rendered":"https:\/\/kamexbhp.pl\/sklep\/?post_type=product&#038;p=9090"},"modified":"2026-02-18T09:58:58","modified_gmt":"2026-02-18T08:58:58","slug":"payper-spodnie-do-pasa-worker-stretch","status":"publish","type":"product","link":"https:\/\/kamexbhp.pl\/sklep\/produkt\/payper-spodnie-do-pasa-worker-stretch\/","title":{"rendered":"Payper Spodnie Do Pasa Worker Stretch"},"content":{"rendered":"<p data-start=\"0\" data-end=\"256\"><strong data-start=\"0\" data-end=\"41\">Spodnie robocze Payper Worker Stretch<\/strong> to wygodne i wytrzyma\u0142e spodnie do pasa stworzone z my\u015bl\u0105 o profesjonalistach. Wykonane z wysokiej jako\u015bci materia\u0142u (98% bawe\u0142na, 2% elastan, 290 g\/m\u00b2), zapewniaj\u0105 elastyczno\u015b\u0107, komfort i odporno\u015b\u0107 na uszkodzenia.<\/p>\n<p data-start=\"258\" data-end=\"538\">Elastyczne wstawki boczne gwarantuj\u0105 lepsze dopasowanie, a potr\u00f3jne szwy zwi\u0119kszaj\u0105 trwa\u0142o\u015b\u0107. Funkcjonalne kieszenie, w tym kiesze\u0144 na miark\u0119 i kiesze\u0144 z systemem LOCK, u\u0142atwiaj\u0105 codzienn\u0105 prac\u0119. Kontrastowe elementy i odblaski poprawiaj\u0105 widoczno\u015b\u0107 oraz nadaj\u0105 nowoczesny wygl\u0105d.<\/p>\n<p data-start=\"540\" data-end=\"624\" data-is-last-node=\"\" data-is-only-node=\"\">Idealne do pracy w budownictwie, warsztacie, magazynie i przemy\u015ble \u2013 przez ca\u0142y rok.<\/p>\n","protected":false},"excerpt":{"rendered":"<p><strong data-start=\"92\" data-end=\"133\">Spodnie robocze Payper Worker Stretch<\/strong> to nowoczesne spodnie do pasa zaprojektowane z my\u015bl\u0105 o profesjonalistach, kt\u00f3rzy potrzebuj\u0105 maksymalnej wygody, wytrzyma\u0142o\u015bci i funkcjonalno\u015bci podczas pracy. Dzi\u0119ki zastosowaniu wysokiej jako\u015bci bawe\u0142ny z dodatkiem elastanu spodnie idealnie dopasowuj\u0105 si\u0119 do sylwetki, zapewniaj\u0105c swobod\u0119 ruch\u00f3w nawet podczas intensywnych zada\u0144.<\/p>\n","protected":false},"featured_media":9091,"comment_status":"open","ping_status":"closed","template":"","meta":[],"product_brand":[1902],"product_cat":[69],"product_tag":[944,2107,2106,2105,1940],"class_list":{"0":"post-9090","1":"product","2":"type-product","3":"status-publish","4":"has-post-thumbnail","6":"product_brand-payper","7":"product_cat-spodnie-do-pasa","8":"product_tag-elastyczne-spodnie-robocze","9":"product_tag-spodnie-robocze-do-pasa-payper","10":"product_tag-spodnie-robocze-payper","11":"product_tag-spodnie-robocze-payper-worker-stretch","12":"product_tag-spodnie-robocze-stretch","14":"first","15":"instock","16":"taxable","17":"shipping-taxable","18":"purchasable","19":"product-type-variable"},"yoast_head":"<!-- This site is optimized with the Yoast SEO plugin v25.6 - https:\/\/yoast.com\/wordpress\/plugins\/seo\/ -->\n<title>Payper Spodnie Do Pasa Worker Stretch - KAMEX BHP - SKLEP INTERNETOWY Z ARTYKU\u0141AMI BHP NAJWY\u017bSZEJ JAKO\u015aCI<\/title>\n<meta name=\"description\" content=\"Spodnie robocze Payper Worker Stretch z elastycznego materia\u0142u. Trwa\u0142e, wygodne, z wieloma kieszeniami i potr\u00f3jnymi szwami do pracy.\" \/>\n<meta name=\"robots\" content=\"index, follow, max-snippet:-1, max-image-preview:large, max-video-preview:-1\" \/>\n<link rel=\"canonical\" href=\"https:\/\/kamexbhp.pl\/sklep\/produkt\/payper-spodnie-do-pasa-worker-stretch\/\" \/>\n<meta property=\"og:locale\" content=\"pl_PL\" \/>\n<meta property=\"og:type\" content=\"article\" \/>\n<meta property=\"og:title\" content=\"Payper Spodnie Do Pasa Worker Stretch - KAMEX BHP - SKLEP INTERNETOWY Z ARTYKU\u0141AMI BHP NAJWY\u017bSZEJ JAKO\u015aCI\" \/>\n<meta property=\"og:description\" content=\"Spodnie robocze Payper Worker Stretch z elastycznego materia\u0142u. Trwa\u0142e, wygodne, z wieloma kieszeniami i potr\u00f3jnymi szwami do pracy.\" \/>\n<meta property=\"og:url\" content=\"https:\/\/kamexbhp.pl\/sklep\/produkt\/payper-spodnie-do-pasa-worker-stretch\/\" \/>\n<meta property=\"og:site_name\" content=\"KAMEX BHP - SKLEP INTERNETOWY Z ARTYKU\u0141AMI BHP NAJWY\u017bSZEJ JAKO\u015aCI\" \/>\n<meta property=\"article:publisher\" content=\"https:\/\/www.facebook.com\/bhp.kamex\" \/>\n<meta property=\"og:image\" content=\"https:\/\/kamexbhp.pl\/sklep\/wp-content\/uploads\/2026\/02\/8743_14000.jpg\" \/>\n\t<meta property=\"og:image:width\" content=\"799\" \/>\n\t<meta property=\"og:image:height\" content=\"1200\" \/>\n\t<meta property=\"og:image:type\" content=\"image\/jpeg\" \/>\n<meta name=\"twitter:card\" content=\"summary_large_image\" \/>\n<meta name=\"twitter:label1\" content=\"Szacowany czas czytania\" \/>\n\t<meta name=\"twitter:data1\" content=\"1 minuta\" \/>\n<script type=\"application\/ld+json\" class=\"yoast-schema-graph\">{\"@context\":\"https:\/\/schema.org\",\"@graph\":[{\"@type\":\"WebPage\",\"@id\":\"https:\/\/kamexbhp.pl\/sklep\/produkt\/payper-spodnie-do-pasa-worker-stretch\/\",\"url\":\"https:\/\/kamexbhp.pl\/sklep\/produkt\/payper-spodnie-do-pasa-worker-stretch\/\",\"name\":\"Payper Spodnie Do Pasa Worker Stretch - KAMEX BHP - SKLEP INTERNETOWY Z ARTYKU\u0141AMI BHP NAJWY\u017bSZEJ JAKO\u015aCI\",\"isPartOf\":{\"@id\":\"https:\/\/kamexbhp.pl\/sklep\/#website\"},\"primaryImageOfPage\":{\"@id\":\"https:\/\/kamexbhp.pl\/sklep\/produkt\/payper-spodnie-do-pasa-worker-stretch\/#primaryimage\"},\"image\":{\"@id\":\"https:\/\/kamexbhp.pl\/sklep\/produkt\/payper-spodnie-do-pasa-worker-stretch\/#primaryimage\"},\"thumbnailUrl\":\"https:\/\/kamexbhp.pl\/sklep\/wp-content\/uploads\/2026\/02\/8743_14000.jpg\",\"datePublished\":\"2026-02-18T08:58:58+00:00\",\"description\":\"Spodnie robocze Payper Worker Stretch z elastycznego materia\u0142u. Trwa\u0142e, wygodne, z wieloma kieszeniami i potr\u00f3jnymi szwami do pracy.\",\"breadcrumb\":{\"@id\":\"https:\/\/kamexbhp.pl\/sklep\/produkt\/payper-spodnie-do-pasa-worker-stretch\/#breadcrumb\"},\"inLanguage\":\"pl-PL\",\"potentialAction\":[{\"@type\":\"ReadAction\",\"target\":[\"https:\/\/kamexbhp.pl\/sklep\/produkt\/payper-spodnie-do-pasa-worker-stretch\/\"]}]},{\"@type\":\"ImageObject\",\"inLanguage\":\"pl-PL\",\"@id\":\"https:\/\/kamexbhp.pl\/sklep\/produkt\/payper-spodnie-do-pasa-worker-stretch\/#primaryimage\",\"url\":\"https:\/\/kamexbhp.pl\/sklep\/wp-content\/uploads\/2026\/02\/8743_14000.jpg\",\"contentUrl\":\"https:\/\/kamexbhp.pl\/sklep\/wp-content\/uploads\/2026\/02\/8743_14000.jpg\",\"width\":799,\"height\":1200},{\"@type\":\"BreadcrumbList\",\"@id\":\"https:\/\/kamexbhp.pl\/sklep\/produkt\/payper-spodnie-do-pasa-worker-stretch\/#breadcrumb\",\"itemListElement\":[{\"@type\":\"ListItem\",\"position\":1,\"name\":\"Strona g\u0142\u00f3wna\",\"item\":\"https:\/\/kamexbhp.pl\/sklep\/\"},{\"@type\":\"ListItem\",\"position\":2,\"name\":\"Sklep\",\"item\":\"https:\/\/kamexbhp.pl\/sklep\/sklep\/\"},{\"@type\":\"ListItem\",\"position\":3,\"name\":\"Payper Spodnie Do Pasa Worker Stretch\"}]},{\"@type\":\"WebSite\",\"@id\":\"https:\/\/kamexbhp.pl\/sklep\/#website\",\"url\":\"https:\/\/kamexbhp.pl\/sklep\/\",\"name\":\"KAMEX BHP - SKLEP INTERNETOWY Z ARTYKU\u0141AMI BHP NAJWY\u017bSZEJ JAKO\u015aCI\",\"description\":\"Artuku\u0142y BHP najwy\u017cszej jako\u015bci!\",\"publisher\":{\"@id\":\"https:\/\/kamexbhp.pl\/sklep\/#organization\"},\"potentialAction\":[{\"@type\":\"SearchAction\",\"target\":{\"@type\":\"EntryPoint\",\"urlTemplate\":\"https:\/\/kamexbhp.pl\/sklep\/?s={search_term_string}\"},\"query-input\":{\"@type\":\"PropertyValueSpecification\",\"valueRequired\":true,\"valueName\":\"search_term_string\"}}],\"inLanguage\":\"pl-PL\"},{\"@type\":\"Organization\",\"@id\":\"https:\/\/kamexbhp.pl\/sklep\/#organization\",\"name\":\"KAMEX-BHP - SKLEP BHP - Odzie\u017c i obuwie robocze\",\"url\":\"https:\/\/kamexbhp.pl\/sklep\/\",\"logo\":{\"@type\":\"ImageObject\",\"inLanguage\":\"pl-PL\",\"@id\":\"https:\/\/kamexbhp.pl\/sklep\/#\/schema\/logo\/image\/\",\"url\":\"https:\/\/kamexbhp.pl\/sklep\/wp-content\/uploads\/2025\/01\/KAMEX-BHP-Logo-1080-x-1080.png\",\"contentUrl\":\"https:\/\/kamexbhp.pl\/sklep\/wp-content\/uploads\/2025\/01\/KAMEX-BHP-Logo-1080-x-1080.png\",\"width\":1080,\"height\":1080,\"caption\":\"KAMEX-BHP - SKLEP BHP - Odzie\u017c i obuwie robocze\"},\"image\":{\"@id\":\"https:\/\/kamexbhp.pl\/sklep\/#\/schema\/logo\/image\/\"},\"sameAs\":[\"https:\/\/www.facebook.com\/bhp.kamex\",\"https:\/\/www.instagram.com\/kamexbhp\/\"]}]}<\/script>\n<!-- \/ Yoast SEO plugin. -->","yoast_head_json":{"title":"Payper Spodnie Do Pasa Worker Stretch - KAMEX BHP - SKLEP INTERNETOWY Z ARTYKU\u0141AMI BHP NAJWY\u017bSZEJ JAKO\u015aCI","description":"Spodnie robocze Payper Worker Stretch z elastycznego materia\u0142u. Trwa\u0142e, wygodne, z wieloma kieszeniami i potr\u00f3jnymi szwami do pracy.","robots":{"index":"index","follow":"follow","max-snippet":"max-snippet:-1","max-image-preview":"max-image-preview:large","max-video-preview":"max-video-preview:-1"},"canonical":"https:\/\/kamexbhp.pl\/sklep\/produkt\/payper-spodnie-do-pasa-worker-stretch\/","og_locale":"pl_PL","og_type":"article","og_title":"Payper Spodnie Do Pasa Worker Stretch - KAMEX BHP - SKLEP INTERNETOWY Z ARTYKU\u0141AMI BHP NAJWY\u017bSZEJ JAKO\u015aCI","og_description":"Spodnie robocze Payper Worker Stretch z elastycznego materia\u0142u. Trwa\u0142e, wygodne, z wieloma kieszeniami i potr\u00f3jnymi szwami do pracy.","og_url":"https:\/\/kamexbhp.pl\/sklep\/produkt\/payper-spodnie-do-pasa-worker-stretch\/","og_site_name":"KAMEX BHP - SKLEP INTERNETOWY Z ARTYKU\u0141AMI BHP NAJWY\u017bSZEJ JAKO\u015aCI","article_publisher":"https:\/\/www.facebook.com\/bhp.kamex","og_image":[{"width":799,"height":1200,"url":"https:\/\/kamexbhp.pl\/sklep\/wp-content\/uploads\/2026\/02\/8743_14000.jpg","type":"image\/jpeg"}],"twitter_card":"summary_large_image","twitter_misc":{"Szacowany czas czytania":"1 minuta"},"schema":{"@context":"https:\/\/schema.org","@graph":[{"@type":"WebPage","@id":"https:\/\/kamexbhp.pl\/sklep\/produkt\/payper-spodnie-do-pasa-worker-stretch\/","url":"https:\/\/kamexbhp.pl\/sklep\/produkt\/payper-spodnie-do-pasa-worker-stretch\/","name":"Payper Spodnie Do Pasa Worker Stretch - KAMEX BHP - SKLEP INTERNETOWY Z ARTYKU\u0141AMI BHP NAJWY\u017bSZEJ JAKO\u015aCI","isPartOf":{"@id":"https:\/\/kamexbhp.pl\/sklep\/#website"},"primaryImageOfPage":{"@id":"https:\/\/kamexbhp.pl\/sklep\/produkt\/payper-spodnie-do-pasa-worker-stretch\/#primaryimage"},"image":{"@id":"https:\/\/kamexbhp.pl\/sklep\/produkt\/payper-spodnie-do-pasa-worker-stretch\/#primaryimage"},"thumbnailUrl":"https:\/\/kamexbhp.pl\/sklep\/wp-content\/uploads\/2026\/02\/8743_14000.jpg","datePublished":"2026-02-18T08:58:58+00:00","description":"Spodnie robocze Payper Worker Stretch z elastycznego materia\u0142u. Trwa\u0142e, wygodne, z wieloma kieszeniami i potr\u00f3jnymi szwami do pracy.","breadcrumb":{"@id":"https:\/\/kamexbhp.pl\/sklep\/produkt\/payper-spodnie-do-pasa-worker-stretch\/#breadcrumb"},"inLanguage":"pl-PL","potentialAction":[{"@type":"ReadAction","target":["https:\/\/kamexbhp.pl\/sklep\/produkt\/payper-spodnie-do-pasa-worker-stretch\/"]}]},{"@type":"ImageObject","inLanguage":"pl-PL","@id":"https:\/\/kamexbhp.pl\/sklep\/produkt\/payper-spodnie-do-pasa-worker-stretch\/#primaryimage","url":"https:\/\/kamexbhp.pl\/sklep\/wp-content\/uploads\/2026\/02\/8743_14000.jpg","contentUrl":"https:\/\/kamexbhp.pl\/sklep\/wp-content\/uploads\/2026\/02\/8743_14000.jpg","width":799,"height":1200},{"@type":"BreadcrumbList","@id":"https:\/\/kamexbhp.pl\/sklep\/produkt\/payper-spodnie-do-pasa-worker-stretch\/#breadcrumb","itemListElement":[{"@type":"ListItem","position":1,"name":"Strona g\u0142\u00f3wna","item":"https:\/\/kamexbhp.pl\/sklep\/"},{"@type":"ListItem","position":2,"name":"Sklep","item":"https:\/\/kamexbhp.pl\/sklep\/sklep\/"},{"@type":"ListItem","position":3,"name":"Payper Spodnie Do Pasa Worker Stretch"}]},{"@type":"WebSite","@id":"https:\/\/kamexbhp.pl\/sklep\/#website","url":"https:\/\/kamexbhp.pl\/sklep\/","name":"KAMEX BHP - SKLEP INTERNETOWY Z ARTYKU\u0141AMI BHP NAJWY\u017bSZEJ JAKO\u015aCI","description":"Artuku\u0142y BHP najwy\u017cszej jako\u015bci!","publisher":{"@id":"https:\/\/kamexbhp.pl\/sklep\/#organization"},"potentialAction":[{"@type":"SearchAction","target":{"@type":"EntryPoint","urlTemplate":"https:\/\/kamexbhp.pl\/sklep\/?s={search_term_string}"},"query-input":{"@type":"PropertyValueSpecification","valueRequired":true,"valueName":"search_term_string"}}],"inLanguage":"pl-PL"},{"@type":"Organization","@id":"https:\/\/kamexbhp.pl\/sklep\/#organization","name":"KAMEX-BHP - SKLEP BHP - Odzie\u017c i obuwie robocze","url":"https:\/\/kamexbhp.pl\/sklep\/","logo":{"@type":"ImageObject","inLanguage":"pl-PL","@id":"https:\/\/kamexbhp.pl\/sklep\/#\/schema\/logo\/image\/","url":"https:\/\/kamexbhp.pl\/sklep\/wp-content\/uploads\/2025\/01\/KAMEX-BHP-Logo-1080-x-1080.png","contentUrl":"https:\/\/kamexbhp.pl\/sklep\/wp-content\/uploads\/2025\/01\/KAMEX-BHP-Logo-1080-x-1080.png","width":1080,"height":1080,"caption":"KAMEX-BHP - SKLEP BHP - Odzie\u017c i obuwie robocze"},"image":{"@id":"https:\/\/kamexbhp.pl\/sklep\/#\/schema\/logo\/image\/"},"sameAs":["https:\/\/www.facebook.com\/bhp.kamex","https:\/\/www.instagram.com\/kamexbhp\/"]}]}},"_links":{"self":[{"href":"https:\/\/kamexbhp.pl\/sklep\/wp-json\/wp\/v2\/product\/9090","targetHints":{"allow":["GET"]}}],"collection":[{"href":"https:\/\/kamexbhp.pl\/sklep\/wp-json\/wp\/v2\/product"}],"about":[{"href":"https:\/\/kamexbhp.pl\/sklep\/wp-json\/wp\/v2\/types\/product"}],"replies":[{"embeddable":true,"href":"https:\/\/kamexbhp.pl\/sklep\/wp-json\/wp\/v2\/comments?post=9090"}],"version-history":[{"count":1,"href":"https:\/\/kamexbhp.pl\/sklep\/wp-json\/wp\/v2\/product\/9090\/revisions"}],"predecessor-version":[{"id":9097,"href":"https:\/\/kamexbhp.pl\/sklep\/wp-json\/wp\/v2\/product\/9090\/revisions\/9097"}],"wp:featuredmedia":[{"embeddable":true,"href":"https:\/\/kamexbhp.pl\/sklep\/wp-json\/wp\/v2\/media\/9091"}],"wp:attachment":[{"href":"https:\/\/kamexbhp.pl\/sklep\/wp-json\/wp\/v2\/media?parent=9090"}],"wp:term":[{"taxonomy":"product_brand","embeddable":true,"href":"https:\/\/kamexbhp.pl\/sklep\/wp-json\/wp\/v2\/product_brand?post=9090"},{"taxonomy":"product_cat","embeddable":true,"href":"https:\/\/kamexbhp.pl\/sklep\/wp-json\/wp\/v2\/product_cat?post=9090"},{"taxonomy":"product_tag","embeddable":true,"href":"https:\/\/kamexbhp.pl\/sklep\/wp-json\/wp\/v2\/product_tag?post=9090"}],"curies":[{"name":"wp","href":"https:\/\/api.w.org\/{rel}","templated":true}]}}