{"id":9082,"date":"2026-02-18T08:43:26","date_gmt":"2026-02-18T07:43:26","guid":{"rendered":"https:\/\/kamexbhp.pl\/sklep\/?post_type=product&#038;p=9082"},"modified":"2026-02-18T08:43:26","modified_gmt":"2026-02-18T07:43:26","slug":"payper-spodnie-ostrzegawcze-working","status":"publish","type":"product","link":"https:\/\/kamexbhp.pl\/sklep\/produkt\/payper-spodnie-ostrzegawcze-working\/","title":{"rendered":"PAYPER Spodnie Ostrzegawcze WORKING"},"content":{"rendered":"<p data-start=\"152\" data-end=\"565\">Szukasz trwa\u0142ych i wygodnych spodni roboczych o wysokiej widoczno\u015bci? <strong data-start=\"222\" data-end=\"292\"><span class=\"hover:entity-accent entity-underline inline cursor-pointer align-baseline\"><span class=\"whitespace-normal\">Payper<\/span><\/span> Spodnie ostrzegawcze WORKING<\/strong> to profesjonalna odzie\u017c BHP zaprojektowana z my\u015bl\u0105 o bezpiecze\u0144stwie i komforcie pracy przez ca\u0142y rok. Model unisex, wielosezonowy, wykonany w dwukolorowej wersji hi-vis z pasami odblaskowymi, zapewnia doskona\u0142\u0105 widoczno\u015b\u0107 pracownika w warunkach ograniczonego o\u015bwietlenia.<\/p>\n<p data-start=\"567\" data-end=\"651\">Idealne do pracy na budowie, w magazynie, transporcie, drogownictwie oraz przemy\u015ble.<\/p>\n<h3 data-start=\"653\" data-end=\"686\">Najwa\u017cniejsze cechy produktu:<\/h3>\n<ul data-start=\"688\" data-end=\"1362\">\n<li data-start=\"688\" data-end=\"733\">\n<p data-start=\"690\" data-end=\"733\">\u2705 Spodnie robocze <strong data-start=\"708\" data-end=\"733\">unisex, wielosezonowe<\/strong><\/p>\n<\/li>\n<li data-start=\"734\" data-end=\"786\">\n<p data-start=\"736\" data-end=\"786\">\u2705 Wysoka widoczno\u015b\u0107 (Hi-Vis) + <strong data-start=\"767\" data-end=\"786\">pasy odblaskowe<\/strong><\/p>\n<\/li>\n<li data-start=\"787\" data-end=\"824\">\n<p data-start=\"789\" data-end=\"824\">\u2705 Dwukolorowy, profesjonalny design<\/p>\n<\/li>\n<li data-start=\"825\" data-end=\"871\">\n<p data-start=\"827\" data-end=\"871\">\u2705 Gumki po bokach w talii + szlufki na pasek<\/p>\n<\/li>\n<li data-start=\"872\" data-end=\"925\">\n<p data-start=\"874\" data-end=\"925\">\u2705 Zapi\u0119cie na zamek b\u0142yskawiczny i plastikowy guzik<\/p>\n<\/li>\n<li data-start=\"926\" data-end=\"981\">\n<p data-start=\"928\" data-end=\"981\">\u2705 Dwie ergonomiczne, wyprofilowane kieszenie przednie<\/p>\n<\/li>\n<li data-start=\"982\" data-end=\"1028\">\n<p data-start=\"984\" data-end=\"1028\">\u2705 Boczna kiesze\u0144 z zapi\u0119ciem <strong data-start=\"1013\" data-end=\"1028\">LOCK SYSTEM<\/strong><\/p>\n<\/li>\n<li data-start=\"1029\" data-end=\"1067\">\n<p data-start=\"1031\" data-end=\"1067\">\u2705 Zdejmowany uchwyt na identyfikator<\/p>\n<\/li>\n<li data-start=\"1068\" data-end=\"1106\">\n<p data-start=\"1070\" data-end=\"1106\">\u2705 Podw\u00f3jny uchwyt na ta\u015bm\u0119 miernicz\u0105<\/p>\n<\/li>\n<li data-start=\"1107\" data-end=\"1217\">\n<p data-start=\"1109\" data-end=\"1132\">\u2705 Dwie kieszenie tylne:<\/p>\n<ul data-start=\"1135\" data-end=\"1217\">\n<li data-start=\"1135\" data-end=\"1178\">\n<p data-start=\"1137\" data-end=\"1178\">jedna otwarta z elementami odblaskowymi<\/p>\n<\/li>\n<li data-start=\"1181\" data-end=\"1217\">\n<p data-start=\"1183\" data-end=\"1217\">jedna z klapk\u0105 i zapi\u0119ciem na rzep<\/p>\n<\/li>\n<\/ul>\n<\/li>\n<li data-start=\"1218\" data-end=\"1267\">\n<p data-start=\"1220\" data-end=\"1267\">\u2705 Kontrastowe przeszycia podkre\u015blaj\u0105ce trwa\u0142o\u015b\u0107<\/p>\n<\/li>\n<li data-start=\"1268\" data-end=\"1362\">\n<p data-start=\"1270\" data-end=\"1362\">\u2705 Potr\u00f3jne szwy w kroku i na wewn\u0119trznej stronie nogawki \u2013 zwi\u0119kszona odporno\u015b\u0107 na rozdarcia<\/p>\n<\/li>\n<\/ul>\n<h3 data-start=\"1364\" data-end=\"1426\">Dlaczego warto wybra\u0107 spodnie ostrzegawcze Payper WORKING?<\/h3>\n<p data-start=\"1428\" data-end=\"1716\">To spodnie BHP stworzone z my\u015bl\u0105 o intensywnej pracy. Potr\u00f3jne szwy w newralgicznych miejscach zwi\u0119kszaj\u0105 wytrzyma\u0142o\u015b\u0107, a liczne kieszenie poprawiaj\u0105 funkcjonalno\u015b\u0107. Elementy odblaskowe znacz\u0105co podnosz\u0105 bezpiecze\u0144stwo pracownika, szczeg\u00f3lnie przy pracy na zewn\u0105trz oraz w ruchu drogowym.<\/p>\n","protected":false},"excerpt":{"rendered":"<article class=\"text-token-text-primary w-full focus:outline-none [--shadow-height:45px] has-data-writing-block:pointer-events-none has-data-writing-block:-mt-(--shadow-height) has-data-writing-block:pt-(--shadow-height) [&amp;:has([data-writing-block])&gt;*]:pointer-events-auto scroll-mt-(--header-height)\" dir=\"auto\" tabindex=\"-1\" data-turn-id=\"77164dff-ab79-4fd3-9445-2ddc0f49b8bf\" data-testid=\"conversation-turn-3\" data-scroll-anchor=\"false\" data-turn=\"user\"><\/article>\n<article class=\"text-token-text-primary w-full focus:outline-none [--shadow-height:45px] has-data-writing-block:pointer-events-none has-data-writing-block:-mt-(--shadow-height) has-data-writing-block:pt-(--shadow-height) [&amp;:has([data-writing-block])&gt;*]:pointer-events-auto scroll-mt-[calc(var(--header-height)+min(200px,max(70px,20svh)))]\" dir=\"auto\" tabindex=\"-1\" data-turn-id=\"request-WEB:3d7a733e-5aae-4102-a028-fc6728af2b8e-1\" data-testid=\"conversation-turn-4\" data-scroll-anchor=\"true\" data-turn=\"assistant\">\n<div class=\"text-base my-auto mx-auto pb-10 [--thread-content-margin:--spacing(4)] @w-sm\/main:[--thread-content-margin:--spacing(6)] @w-lg\/main:[--thread-content-margin:--spacing(16)] px-(--thread-content-margin)\">\n<div class=\"[--thread-content-max-width:40rem] @w-lg\/main:[--thread-content-max-width:48rem] mx-auto max-w-(--thread-content-max-width) flex-1 group\/turn-messages focus-visible:outline-hidden relative flex w-full min-w-0 flex-col agent-turn\" tabindex=\"-1\">\n<div class=\"flex max-w-full flex-col grow\">\n<div class=\"min-h-8 text-message relative flex w-full flex-col items-end gap-2 text-start break-words whitespace-normal [.text-message+&amp;]:mt-1\" dir=\"auto\" data-message-author-role=\"assistant\" data-message-id=\"afdbd93f-cc85-414b-a55f-97e0e86f17f7\" data-message-model-slug=\"gpt-5-2\">\n<div class=\"flex w-full flex-col gap-1 empty:hidden first:pt-[1px]\">\n<div class=\"markdown prose dark:prose-invert w-full wrap-break-word light markdown-new-styling\">\n<p data-start=\"0\" data-end=\"323\" data-is-last-node=\"\" data-is-only-node=\"\"><strong data-start=\"0\" data-end=\"39\" data-is-only-node=\"\">Payper Spodnie ostrzegawcze WORKING<\/strong> to wytrzyma\u0142e, wielosezonowe spodnie robocze o wysokiej widoczno\u015bci z pasami odblaskowymi. Posiadaj\u0105 elastyczne wstawki w pasie, liczne funkcjonalne kieszenie, uchwyt na identyfikator oraz potr\u00f3jne szwy zwi\u0119kszaj\u0105ce trwa\u0142o\u015b\u0107. Idealne do pracy w budownictwie, transporcie i przemy\u015ble.<\/p>\n<\/div>\n<\/div>\n<\/div>\n<\/div>\n<\/div>\n<\/div>\n<\/article>\n","protected":false},"featured_media":9083,"comment_status":"open","ping_status":"closed","template":"","meta":[],"product_brand":[1902],"product_cat":[69],"product_tag":[2102,2101,2104,1674,2100,2103],"class_list":{"0":"post-9082","1":"product","2":"type-product","3":"status-publish","4":"has-post-thumbnail","6":"product_brand-payper","7":"product_cat-spodnie-do-pasa","8":"product_tag-payper-working","9":"product_tag-spodnie-bhp-z-odblaskami","10":"product_tag-spodnie-budowlane-odblaskowe","11":"product_tag-spodnie-ostrzegawcze","12":"product_tag-spodnie-robocze-hi-vis","13":"product_tag-spodnie-robocze-unisex","15":"first","16":"instock","17":"taxable","18":"shipping-taxable","19":"purchasable","20":"product-type-variable"},"yoast_head":"<!-- This site is optimized with the Yoast SEO plugin v25.6 - https:\/\/yoast.com\/wordpress\/plugins\/seo\/ -->\n<title>PAYPER Spodnie Ostrzegawcze WORKING - KAMEX BHP - SKLEP INTERNETOWY Z ARTYKU\u0141AMI BHP NAJWY\u017bSZEJ JAKO\u015aCI<\/title>\n<meta name=\"description\" content=\"Payper Spodnie ostrzegawcze WORKING \u2013 spodnie robocze o wysokiej widoczno\u015bci do pracy w ka\u017cdych warunkach\" \/>\n<meta name=\"robots\" content=\"index, follow, max-snippet:-1, max-image-preview:large, max-video-preview:-1\" \/>\n<link rel=\"canonical\" href=\"https:\/\/kamexbhp.pl\/sklep\/produkt\/payper-spodnie-ostrzegawcze-working\/\" \/>\n<meta property=\"og:locale\" content=\"pl_PL\" \/>\n<meta property=\"og:type\" content=\"article\" \/>\n<meta property=\"og:title\" content=\"PAYPER Spodnie Ostrzegawcze WORKING - KAMEX BHP - SKLEP INTERNETOWY Z ARTYKU\u0141AMI BHP NAJWY\u017bSZEJ JAKO\u015aCI\" \/>\n<meta property=\"og:description\" content=\"Payper Spodnie ostrzegawcze WORKING \u2013 spodnie robocze o wysokiej widoczno\u015bci do pracy w ka\u017cdych warunkach\" \/>\n<meta property=\"og:url\" content=\"https:\/\/kamexbhp.pl\/sklep\/produkt\/payper-spodnie-ostrzegawcze-working\/\" \/>\n<meta property=\"og:site_name\" content=\"KAMEX BHP - SKLEP INTERNETOWY Z ARTYKU\u0141AMI BHP NAJWY\u017bSZEJ JAKO\u015aCI\" \/>\n<meta property=\"article:publisher\" content=\"https:\/\/www.facebook.com\/bhp.kamex\" \/>\n<meta property=\"og:image\" content=\"https:\/\/kamexbhp.pl\/sklep\/wp-content\/uploads\/2026\/02\/19708_01014.jpg\" \/>\n\t<meta property=\"og:image:width\" content=\"800\" \/>\n\t<meta property=\"og:image:height\" content=\"1200\" \/>\n\t<meta property=\"og:image:type\" content=\"image\/jpeg\" \/>\n<meta name=\"twitter:card\" content=\"summary_large_image\" \/>\n<meta name=\"twitter:label1\" content=\"Szacowany czas czytania\" \/>\n\t<meta name=\"twitter:data1\" content=\"2 minuty\" \/>\n<script type=\"application\/ld+json\" class=\"yoast-schema-graph\">{\"@context\":\"https:\/\/schema.org\",\"@graph\":[{\"@type\":\"WebPage\",\"@id\":\"https:\/\/kamexbhp.pl\/sklep\/produkt\/payper-spodnie-ostrzegawcze-working\/\",\"url\":\"https:\/\/kamexbhp.pl\/sklep\/produkt\/payper-spodnie-ostrzegawcze-working\/\",\"name\":\"PAYPER Spodnie Ostrzegawcze WORKING - KAMEX BHP - SKLEP INTERNETOWY Z ARTYKU\u0141AMI BHP NAJWY\u017bSZEJ JAKO\u015aCI\",\"isPartOf\":{\"@id\":\"https:\/\/kamexbhp.pl\/sklep\/#website\"},\"primaryImageOfPage\":{\"@id\":\"https:\/\/kamexbhp.pl\/sklep\/produkt\/payper-spodnie-ostrzegawcze-working\/#primaryimage\"},\"image\":{\"@id\":\"https:\/\/kamexbhp.pl\/sklep\/produkt\/payper-spodnie-ostrzegawcze-working\/#primaryimage\"},\"thumbnailUrl\":\"https:\/\/kamexbhp.pl\/sklep\/wp-content\/uploads\/2026\/02\/19708_01014.jpg\",\"datePublished\":\"2026-02-18T07:43:26+00:00\",\"description\":\"Payper Spodnie ostrzegawcze WORKING \u2013 spodnie robocze o wysokiej widoczno\u015bci do pracy w ka\u017cdych warunkach\",\"breadcrumb\":{\"@id\":\"https:\/\/kamexbhp.pl\/sklep\/produkt\/payper-spodnie-ostrzegawcze-working\/#breadcrumb\"},\"inLanguage\":\"pl-PL\",\"potentialAction\":[{\"@type\":\"ReadAction\",\"target\":[\"https:\/\/kamexbhp.pl\/sklep\/produkt\/payper-spodnie-ostrzegawcze-working\/\"]}]},{\"@type\":\"ImageObject\",\"inLanguage\":\"pl-PL\",\"@id\":\"https:\/\/kamexbhp.pl\/sklep\/produkt\/payper-spodnie-ostrzegawcze-working\/#primaryimage\",\"url\":\"https:\/\/kamexbhp.pl\/sklep\/wp-content\/uploads\/2026\/02\/19708_01014.jpg\",\"contentUrl\":\"https:\/\/kamexbhp.pl\/sklep\/wp-content\/uploads\/2026\/02\/19708_01014.jpg\",\"width\":800,\"height\":1200},{\"@type\":\"BreadcrumbList\",\"@id\":\"https:\/\/kamexbhp.pl\/sklep\/produkt\/payper-spodnie-ostrzegawcze-working\/#breadcrumb\",\"itemListElement\":[{\"@type\":\"ListItem\",\"position\":1,\"name\":\"Strona g\u0142\u00f3wna\",\"item\":\"https:\/\/kamexbhp.pl\/sklep\/\"},{\"@type\":\"ListItem\",\"position\":2,\"name\":\"Sklep\",\"item\":\"https:\/\/kamexbhp.pl\/sklep\/sklep\/\"},{\"@type\":\"ListItem\",\"position\":3,\"name\":\"PAYPER Spodnie Ostrzegawcze WORKING\"}]},{\"@type\":\"WebSite\",\"@id\":\"https:\/\/kamexbhp.pl\/sklep\/#website\",\"url\":\"https:\/\/kamexbhp.pl\/sklep\/\",\"name\":\"KAMEX BHP - SKLEP INTERNETOWY Z ARTYKU\u0141AMI BHP NAJWY\u017bSZEJ JAKO\u015aCI\",\"description\":\"Artuku\u0142y BHP najwy\u017cszej jako\u015bci!\",\"publisher\":{\"@id\":\"https:\/\/kamexbhp.pl\/sklep\/#organization\"},\"potentialAction\":[{\"@type\":\"SearchAction\",\"target\":{\"@type\":\"EntryPoint\",\"urlTemplate\":\"https:\/\/kamexbhp.pl\/sklep\/?s={search_term_string}\"},\"query-input\":{\"@type\":\"PropertyValueSpecification\",\"valueRequired\":true,\"valueName\":\"search_term_string\"}}],\"inLanguage\":\"pl-PL\"},{\"@type\":\"Organization\",\"@id\":\"https:\/\/kamexbhp.pl\/sklep\/#organization\",\"name\":\"KAMEX-BHP - SKLEP BHP - Odzie\u017c i obuwie robocze\",\"url\":\"https:\/\/kamexbhp.pl\/sklep\/\",\"logo\":{\"@type\":\"ImageObject\",\"inLanguage\":\"pl-PL\",\"@id\":\"https:\/\/kamexbhp.pl\/sklep\/#\/schema\/logo\/image\/\",\"url\":\"https:\/\/kamexbhp.pl\/sklep\/wp-content\/uploads\/2025\/01\/KAMEX-BHP-Logo-1080-x-1080.png\",\"contentUrl\":\"https:\/\/kamexbhp.pl\/sklep\/wp-content\/uploads\/2025\/01\/KAMEX-BHP-Logo-1080-x-1080.png\",\"width\":1080,\"height\":1080,\"caption\":\"KAMEX-BHP - SKLEP BHP - Odzie\u017c i obuwie robocze\"},\"image\":{\"@id\":\"https:\/\/kamexbhp.pl\/sklep\/#\/schema\/logo\/image\/\"},\"sameAs\":[\"https:\/\/www.facebook.com\/bhp.kamex\",\"https:\/\/www.instagram.com\/kamexbhp\/\"]}]}<\/script>\n<!-- \/ Yoast SEO plugin. -->","yoast_head_json":{"title":"PAYPER Spodnie Ostrzegawcze WORKING - KAMEX BHP - SKLEP INTERNETOWY Z ARTYKU\u0141AMI BHP NAJWY\u017bSZEJ JAKO\u015aCI","description":"Payper Spodnie ostrzegawcze WORKING \u2013 spodnie robocze o wysokiej widoczno\u015bci do pracy w ka\u017cdych warunkach","robots":{"index":"index","follow":"follow","max-snippet":"max-snippet:-1","max-image-preview":"max-image-preview:large","max-video-preview":"max-video-preview:-1"},"canonical":"https:\/\/kamexbhp.pl\/sklep\/produkt\/payper-spodnie-ostrzegawcze-working\/","og_locale":"pl_PL","og_type":"article","og_title":"PAYPER Spodnie Ostrzegawcze WORKING - KAMEX BHP - SKLEP INTERNETOWY Z ARTYKU\u0141AMI BHP NAJWY\u017bSZEJ JAKO\u015aCI","og_description":"Payper Spodnie ostrzegawcze WORKING \u2013 spodnie robocze o wysokiej widoczno\u015bci do pracy w ka\u017cdych warunkach","og_url":"https:\/\/kamexbhp.pl\/sklep\/produkt\/payper-spodnie-ostrzegawcze-working\/","og_site_name":"KAMEX BHP - SKLEP INTERNETOWY Z ARTYKU\u0141AMI BHP NAJWY\u017bSZEJ JAKO\u015aCI","article_publisher":"https:\/\/www.facebook.com\/bhp.kamex","og_image":[{"width":800,"height":1200,"url":"https:\/\/kamexbhp.pl\/sklep\/wp-content\/uploads\/2026\/02\/19708_01014.jpg","type":"image\/jpeg"}],"twitter_card":"summary_large_image","twitter_misc":{"Szacowany czas czytania":"2 minuty"},"schema":{"@context":"https:\/\/schema.org","@graph":[{"@type":"WebPage","@id":"https:\/\/kamexbhp.pl\/sklep\/produkt\/payper-spodnie-ostrzegawcze-working\/","url":"https:\/\/kamexbhp.pl\/sklep\/produkt\/payper-spodnie-ostrzegawcze-working\/","name":"PAYPER Spodnie Ostrzegawcze WORKING - KAMEX BHP - SKLEP INTERNETOWY Z ARTYKU\u0141AMI BHP NAJWY\u017bSZEJ JAKO\u015aCI","isPartOf":{"@id":"https:\/\/kamexbhp.pl\/sklep\/#website"},"primaryImageOfPage":{"@id":"https:\/\/kamexbhp.pl\/sklep\/produkt\/payper-spodnie-ostrzegawcze-working\/#primaryimage"},"image":{"@id":"https:\/\/kamexbhp.pl\/sklep\/produkt\/payper-spodnie-ostrzegawcze-working\/#primaryimage"},"thumbnailUrl":"https:\/\/kamexbhp.pl\/sklep\/wp-content\/uploads\/2026\/02\/19708_01014.jpg","datePublished":"2026-02-18T07:43:26+00:00","description":"Payper Spodnie ostrzegawcze WORKING \u2013 spodnie robocze o wysokiej widoczno\u015bci do pracy w ka\u017cdych warunkach","breadcrumb":{"@id":"https:\/\/kamexbhp.pl\/sklep\/produkt\/payper-spodnie-ostrzegawcze-working\/#breadcrumb"},"inLanguage":"pl-PL","potentialAction":[{"@type":"ReadAction","target":["https:\/\/kamexbhp.pl\/sklep\/produkt\/payper-spodnie-ostrzegawcze-working\/"]}]},{"@type":"ImageObject","inLanguage":"pl-PL","@id":"https:\/\/kamexbhp.pl\/sklep\/produkt\/payper-spodnie-ostrzegawcze-working\/#primaryimage","url":"https:\/\/kamexbhp.pl\/sklep\/wp-content\/uploads\/2026\/02\/19708_01014.jpg","contentUrl":"https:\/\/kamexbhp.pl\/sklep\/wp-content\/uploads\/2026\/02\/19708_01014.jpg","width":800,"height":1200},{"@type":"BreadcrumbList","@id":"https:\/\/kamexbhp.pl\/sklep\/produkt\/payper-spodnie-ostrzegawcze-working\/#breadcrumb","itemListElement":[{"@type":"ListItem","position":1,"name":"Strona g\u0142\u00f3wna","item":"https:\/\/kamexbhp.pl\/sklep\/"},{"@type":"ListItem","position":2,"name":"Sklep","item":"https:\/\/kamexbhp.pl\/sklep\/sklep\/"},{"@type":"ListItem","position":3,"name":"PAYPER Spodnie Ostrzegawcze WORKING"}]},{"@type":"WebSite","@id":"https:\/\/kamexbhp.pl\/sklep\/#website","url":"https:\/\/kamexbhp.pl\/sklep\/","name":"KAMEX BHP - SKLEP INTERNETOWY Z ARTYKU\u0141AMI BHP NAJWY\u017bSZEJ JAKO\u015aCI","description":"Artuku\u0142y BHP najwy\u017cszej jako\u015bci!","publisher":{"@id":"https:\/\/kamexbhp.pl\/sklep\/#organization"},"potentialAction":[{"@type":"SearchAction","target":{"@type":"EntryPoint","urlTemplate":"https:\/\/kamexbhp.pl\/sklep\/?s={search_term_string}"},"query-input":{"@type":"PropertyValueSpecification","valueRequired":true,"valueName":"search_term_string"}}],"inLanguage":"pl-PL"},{"@type":"Organization","@id":"https:\/\/kamexbhp.pl\/sklep\/#organization","name":"KAMEX-BHP - SKLEP BHP - Odzie\u017c i obuwie robocze","url":"https:\/\/kamexbhp.pl\/sklep\/","logo":{"@type":"ImageObject","inLanguage":"pl-PL","@id":"https:\/\/kamexbhp.pl\/sklep\/#\/schema\/logo\/image\/","url":"https:\/\/kamexbhp.pl\/sklep\/wp-content\/uploads\/2025\/01\/KAMEX-BHP-Logo-1080-x-1080.png","contentUrl":"https:\/\/kamexbhp.pl\/sklep\/wp-content\/uploads\/2025\/01\/KAMEX-BHP-Logo-1080-x-1080.png","width":1080,"height":1080,"caption":"KAMEX-BHP - SKLEP BHP - Odzie\u017c i obuwie robocze"},"image":{"@id":"https:\/\/kamexbhp.pl\/sklep\/#\/schema\/logo\/image\/"},"sameAs":["https:\/\/www.facebook.com\/bhp.kamex","https:\/\/www.instagram.com\/kamexbhp\/"]}]}},"_links":{"self":[{"href":"https:\/\/kamexbhp.pl\/sklep\/wp-json\/wp\/v2\/product\/9082","targetHints":{"allow":["GET"]}}],"collection":[{"href":"https:\/\/kamexbhp.pl\/sklep\/wp-json\/wp\/v2\/product"}],"about":[{"href":"https:\/\/kamexbhp.pl\/sklep\/wp-json\/wp\/v2\/types\/product"}],"replies":[{"embeddable":true,"href":"https:\/\/kamexbhp.pl\/sklep\/wp-json\/wp\/v2\/comments?post=9082"}],"version-history":[{"count":1,"href":"https:\/\/kamexbhp.pl\/sklep\/wp-json\/wp\/v2\/product\/9082\/revisions"}],"predecessor-version":[{"id":9089,"href":"https:\/\/kamexbhp.pl\/sklep\/wp-json\/wp\/v2\/product\/9082\/revisions\/9089"}],"wp:featuredmedia":[{"embeddable":true,"href":"https:\/\/kamexbhp.pl\/sklep\/wp-json\/wp\/v2\/media\/9083"}],"wp:attachment":[{"href":"https:\/\/kamexbhp.pl\/sklep\/wp-json\/wp\/v2\/media?parent=9082"}],"wp:term":[{"taxonomy":"product_brand","embeddable":true,"href":"https:\/\/kamexbhp.pl\/sklep\/wp-json\/wp\/v2\/product_brand?post=9082"},{"taxonomy":"product_cat","embeddable":true,"href":"https:\/\/kamexbhp.pl\/sklep\/wp-json\/wp\/v2\/product_cat?post=9082"},{"taxonomy":"product_tag","embeddable":true,"href":"https:\/\/kamexbhp.pl\/sklep\/wp-json\/wp\/v2\/product_tag?post=9082"}],"curies":[{"name":"wp","href":"https:\/\/api.w.org\/{rel}","templated":true}]}}