{"id":9058,"date":"2026-01-30T09:42:16","date_gmt":"2026-01-30T08:42:16","guid":{"rendered":"https:\/\/kamexbhp.pl\/sklep\/?post_type=product&#038;p=9058"},"modified":"2026-01-30T09:42:16","modified_gmt":"2026-01-30T08:42:16","slug":"safety-jogger-trzewik-asama","status":"publish","type":"product","link":"https:\/\/kamexbhp.pl\/sklep\/produkt\/safety-jogger-trzewik-asama\/","title":{"rendered":"SAFETY JOGGER TRZEWIK ASAMA"},"content":{"rendered":"<p data-start=\"287\" data-end=\"614\"><strong data-start=\"287\" data-end=\"314\">Safety Jogger ASAMA S3S<\/strong> to nowoczesne trzewiki robocze stworzone z my\u015bl\u0105 o profesjonalistach, kt\u00f3rzy oczekuj\u0105 maksymalnej ochrony, wygody i nowoczesnych rozwi\u0105za\u0144. Lekki model o \u015brednim kroju, wyposa\u017cony w innowacyjny system <strong data-start=\"516\" data-end=\"529\">TLS (BOA)<\/strong>, pozwala na szybkie i precyzyjne dopasowanie obuwia \u2013 nawet w r\u0119kawicach ochronnych.<\/p>\n<p data-start=\"616\" data-end=\"1022\">Buty ASAMA S3S \u0142\u0105cz\u0105 wysoki poziom bezpiecze\u0144stwa z komfortem u\u017cytkowania przez ca\u0142y dzie\u0144. Oddychaj\u0105ca konstrukcja zmniejsza zm\u0119czenie st\u00f3p, a szeroki podnosek oraz odporna na przebicie podeszwa \u015brodkowa skutecznie chroni\u0105 w wymagaj\u0105cych warunkach pracy. Model <strong data-start=\"878\" data-end=\"914\">nie zawiera element\u00f3w metalowych<\/strong>, posiada certyfikat <strong data-start=\"935\" data-end=\"942\">ESD<\/strong> i doskonale sprawdza si\u0119 w bran\u017cy monta\u017cowej, motoryzacyjnej oraz logistycznej.<\/p>\n<h3 data-start=\"1024\" data-end=\"1082\">Najwa\u017cniejsze cechy trzewik\u00f3w Safety Jogger ASAMA S3S:<\/h3>\n<ul data-start=\"1083\" data-end=\"1806\">\n<li data-start=\"1083\" data-end=\"1152\">\n<p data-start=\"1085\" data-end=\"1152\">innowacyjny system <strong data-start=\"1104\" data-end=\"1117\">TLS \/ BOA<\/strong> \u2013 szybkie i precyzyjne zapinanie<\/p>\n<\/li>\n<li data-start=\"1153\" data-end=\"1194\">\n<p data-start=\"1155\" data-end=\"1194\"><strong data-start=\"1155\" data-end=\"1176\">lekka konstrukcja<\/strong> o \u015brednim kroju<\/p>\n<\/li>\n<li data-start=\"1195\" data-end=\"1247\">\n<p data-start=\"1197\" data-end=\"1247\"><strong data-start=\"1197\" data-end=\"1229\">szeroki, bezpieczny podnosek<\/strong> chroni\u0105cy palce<\/p>\n<\/li>\n<li data-start=\"1248\" data-end=\"1312\">\n<p data-start=\"1250\" data-end=\"1312\"><strong data-start=\"1250\" data-end=\"1310\">ochrona palc\u00f3w i zabezpieczenie podnoska przed otarciami<\/strong><\/p>\n<\/li>\n<li data-start=\"1313\" data-end=\"1359\">\n<p data-start=\"1315\" data-end=\"1359\"><strong data-start=\"1315\" data-end=\"1357\">podeszwa \u015brodkowa odporna na przebicie<\/strong><\/p>\n<\/li>\n<li data-start=\"1360\" data-end=\"1402\">\n<p data-start=\"1362\" data-end=\"1402\"><strong data-start=\"1362\" data-end=\"1400\">antypo\u015blizgowa podeszwa zewn\u0119trzna<\/strong><\/p>\n<\/li>\n<li data-start=\"1403\" data-end=\"1450\">\n<p data-start=\"1405\" data-end=\"1450\">podeszwa odporna na <strong data-start=\"1425\" data-end=\"1448\">wysokie temperatury<\/strong><\/p>\n<\/li>\n<li data-start=\"1451\" data-end=\"1510\">\n<p data-start=\"1453\" data-end=\"1510\"><strong data-start=\"1453\" data-end=\"1468\">wodoodporne<\/strong> \u2013 idealne do pracy w trudnych warunkach<\/p>\n<\/li>\n<li data-start=\"1511\" data-end=\"1567\">\n<p data-start=\"1513\" data-end=\"1567\"><strong data-start=\"1513\" data-end=\"1538\">oddychaj\u0105ce materia\u0142y<\/strong> \u2013 komfort przez ca\u0142y dzie\u0144<\/p>\n<\/li>\n<li data-start=\"1568\" data-end=\"1633\">\n<p data-start=\"1570\" data-end=\"1633\"><strong data-start=\"1570\" data-end=\"1601\">wk\u0142adki ortopedyczne Neskid<\/strong> zwi\u0119kszaj\u0105ce wygod\u0119 chodzenia<\/p>\n<\/li>\n<li data-start=\"1634\" data-end=\"1730\">\n<p data-start=\"1636\" data-end=\"1730\"><strong data-start=\"1636\" data-end=\"1660\">obuwie ESD-certified<\/strong> \u2013 bezpieczne w \u015brodowisku wra\u017cliwym na wy\u0142adowania elektrostatyczne<\/p>\n<\/li>\n<li data-start=\"1731\" data-end=\"1806\">\n<p data-start=\"1733\" data-end=\"1806\"><strong data-start=\"1733\" data-end=\"1761\">bez element\u00f3w metalowych<\/strong> \u2013 idealne do hal produkcyjnych i logistyki<\/p>\n<\/li>\n<\/ul>\n","protected":false},"excerpt":{"rendered":"<p>Trzewiki robocze Safety Jogger ASAMA S3S to lekkie i wygodne obuwie ochronne z systemem BOA\/TLS, wodoodporne, antypo\u015blizgowe, bez element\u00f3w metalowych, z ochron\u0105 palc\u00f3w, podeszw\u0105 odporn\u0105 na przebicie oraz certyfikatem ESD.<\/p>\n","protected":false},"featured_media":9059,"comment_status":"open","ping_status":"closed","template":"","meta":[],"product_brand":[2072],"product_cat":[126],"product_tag":[2098,1875,2096,2099,2079,1699,2097,478],"class_list":{"0":"post-9058","1":"product","2":"type-product","3":"status-publish","4":"has-post-thumbnail","6":"product_brand-safety-jogger","7":"product_cat-trzewiki","8":"product_tag-buty-robocze-boa","9":"product_tag-buty-robocze-esd","10":"product_tag-buty-robocze-s3s","11":"product_tag-buty-robocze-tls","12":"product_tag-lekkie-buty-robocze","13":"product_tag-obuwie-ochronne-s3","14":"product_tag-safety-jogger-asama","15":"product_tag-trzewiki-robocze","17":"first","18":"instock","19":"taxable","20":"shipping-taxable","21":"purchasable","22":"product-type-variable"},"yoast_head":"<!-- This site is optimized with the Yoast SEO plugin v25.6 - https:\/\/yoast.com\/wordpress\/plugins\/seo\/ -->\n<title>SAFETY JOGGER TRZEWIK ASAMA - KAMEX BHP - SKLEP INTERNETOWY Z ARTYKU\u0141AMI BHP NAJWY\u017bSZEJ JAKO\u015aCI<\/title>\n<meta name=\"description\" content=\"Trzewiki robocze Safety Jogger ASAMA S3S BOA \u2013 lekkie, wodoodporne, ESD, antypo\u015blizgowe, bez metalu, z systemem TLS i ochron\u0105 palc\u00f3w.\" \/>\n<meta name=\"robots\" content=\"index, follow, max-snippet:-1, max-image-preview:large, max-video-preview:-1\" \/>\n<link rel=\"canonical\" href=\"https:\/\/kamexbhp.pl\/sklep\/produkt\/safety-jogger-trzewik-asama\/\" \/>\n<meta property=\"og:locale\" content=\"pl_PL\" \/>\n<meta property=\"og:type\" content=\"article\" \/>\n<meta property=\"og:title\" content=\"SAFETY JOGGER TRZEWIK ASAMA - KAMEX BHP - SKLEP INTERNETOWY Z ARTYKU\u0141AMI BHP NAJWY\u017bSZEJ JAKO\u015aCI\" \/>\n<meta property=\"og:description\" content=\"Trzewiki robocze Safety Jogger ASAMA S3S BOA \u2013 lekkie, wodoodporne, ESD, antypo\u015blizgowe, bez metalu, z systemem TLS i ochron\u0105 palc\u00f3w.\" \/>\n<meta property=\"og:url\" content=\"https:\/\/kamexbhp.pl\/sklep\/produkt\/safety-jogger-trzewik-asama\/\" \/>\n<meta property=\"og:site_name\" content=\"KAMEX BHP - SKLEP INTERNETOWY Z ARTYKU\u0141AMI BHP NAJWY\u017bSZEJ JAKO\u015aCI\" \/>\n<meta property=\"article:publisher\" content=\"https:\/\/www.facebook.com\/bhp.kamex\" \/>\n<meta property=\"og:image\" content=\"https:\/\/kamexbhp.pl\/sklep\/wp-content\/uploads\/2026\/01\/ASAMAS3MTL-BLK-WEB03.webp\" \/>\n\t<meta property=\"og:image:width\" content=\"640\" \/>\n\t<meta property=\"og:image:height\" content=\"640\" \/>\n\t<meta property=\"og:image:type\" content=\"image\/webp\" \/>\n<meta name=\"twitter:card\" content=\"summary_large_image\" \/>\n<meta name=\"twitter:label1\" content=\"Szacowany czas czytania\" \/>\n\t<meta name=\"twitter:data1\" content=\"2 minuty\" \/>\n<script type=\"application\/ld+json\" class=\"yoast-schema-graph\">{\"@context\":\"https:\/\/schema.org\",\"@graph\":[{\"@type\":\"WebPage\",\"@id\":\"https:\/\/kamexbhp.pl\/sklep\/produkt\/safety-jogger-trzewik-asama\/\",\"url\":\"https:\/\/kamexbhp.pl\/sklep\/produkt\/safety-jogger-trzewik-asama\/\",\"name\":\"SAFETY JOGGER TRZEWIK ASAMA - KAMEX BHP - SKLEP INTERNETOWY Z ARTYKU\u0141AMI BHP NAJWY\u017bSZEJ JAKO\u015aCI\",\"isPartOf\":{\"@id\":\"https:\/\/kamexbhp.pl\/sklep\/#website\"},\"primaryImageOfPage\":{\"@id\":\"https:\/\/kamexbhp.pl\/sklep\/produkt\/safety-jogger-trzewik-asama\/#primaryimage\"},\"image\":{\"@id\":\"https:\/\/kamexbhp.pl\/sklep\/produkt\/safety-jogger-trzewik-asama\/#primaryimage\"},\"thumbnailUrl\":\"https:\/\/kamexbhp.pl\/sklep\/wp-content\/uploads\/2026\/01\/ASAMAS3MTL-BLK-WEB03.webp\",\"datePublished\":\"2026-01-30T08:42:16+00:00\",\"description\":\"Trzewiki robocze Safety Jogger ASAMA S3S BOA \u2013 lekkie, wodoodporne, ESD, antypo\u015blizgowe, bez metalu, z systemem TLS i ochron\u0105 palc\u00f3w.\",\"breadcrumb\":{\"@id\":\"https:\/\/kamexbhp.pl\/sklep\/produkt\/safety-jogger-trzewik-asama\/#breadcrumb\"},\"inLanguage\":\"pl-PL\",\"potentialAction\":[{\"@type\":\"ReadAction\",\"target\":[\"https:\/\/kamexbhp.pl\/sklep\/produkt\/safety-jogger-trzewik-asama\/\"]}]},{\"@type\":\"ImageObject\",\"inLanguage\":\"pl-PL\",\"@id\":\"https:\/\/kamexbhp.pl\/sklep\/produkt\/safety-jogger-trzewik-asama\/#primaryimage\",\"url\":\"https:\/\/kamexbhp.pl\/sklep\/wp-content\/uploads\/2026\/01\/ASAMAS3MTL-BLK-WEB03.webp\",\"contentUrl\":\"https:\/\/kamexbhp.pl\/sklep\/wp-content\/uploads\/2026\/01\/ASAMAS3MTL-BLK-WEB03.webp\",\"width\":640,\"height\":640},{\"@type\":\"BreadcrumbList\",\"@id\":\"https:\/\/kamexbhp.pl\/sklep\/produkt\/safety-jogger-trzewik-asama\/#breadcrumb\",\"itemListElement\":[{\"@type\":\"ListItem\",\"position\":1,\"name\":\"Strona g\u0142\u00f3wna\",\"item\":\"https:\/\/kamexbhp.pl\/sklep\/\"},{\"@type\":\"ListItem\",\"position\":2,\"name\":\"Sklep\",\"item\":\"https:\/\/kamexbhp.pl\/sklep\/sklep\/\"},{\"@type\":\"ListItem\",\"position\":3,\"name\":\"SAFETY JOGGER TRZEWIK ASAMA\"}]},{\"@type\":\"WebSite\",\"@id\":\"https:\/\/kamexbhp.pl\/sklep\/#website\",\"url\":\"https:\/\/kamexbhp.pl\/sklep\/\",\"name\":\"KAMEX BHP - SKLEP INTERNETOWY Z ARTYKU\u0141AMI BHP NAJWY\u017bSZEJ JAKO\u015aCI\",\"description\":\"Artuku\u0142y BHP najwy\u017cszej jako\u015bci!\",\"publisher\":{\"@id\":\"https:\/\/kamexbhp.pl\/sklep\/#organization\"},\"potentialAction\":[{\"@type\":\"SearchAction\",\"target\":{\"@type\":\"EntryPoint\",\"urlTemplate\":\"https:\/\/kamexbhp.pl\/sklep\/?s={search_term_string}\"},\"query-input\":{\"@type\":\"PropertyValueSpecification\",\"valueRequired\":true,\"valueName\":\"search_term_string\"}}],\"inLanguage\":\"pl-PL\"},{\"@type\":\"Organization\",\"@id\":\"https:\/\/kamexbhp.pl\/sklep\/#organization\",\"name\":\"KAMEX-BHP - SKLEP BHP - Odzie\u017c i obuwie robocze\",\"url\":\"https:\/\/kamexbhp.pl\/sklep\/\",\"logo\":{\"@type\":\"ImageObject\",\"inLanguage\":\"pl-PL\",\"@id\":\"https:\/\/kamexbhp.pl\/sklep\/#\/schema\/logo\/image\/\",\"url\":\"https:\/\/kamexbhp.pl\/sklep\/wp-content\/uploads\/2025\/01\/KAMEX-BHP-Logo-1080-x-1080.png\",\"contentUrl\":\"https:\/\/kamexbhp.pl\/sklep\/wp-content\/uploads\/2025\/01\/KAMEX-BHP-Logo-1080-x-1080.png\",\"width\":1080,\"height\":1080,\"caption\":\"KAMEX-BHP - SKLEP BHP - Odzie\u017c i obuwie robocze\"},\"image\":{\"@id\":\"https:\/\/kamexbhp.pl\/sklep\/#\/schema\/logo\/image\/\"},\"sameAs\":[\"https:\/\/www.facebook.com\/bhp.kamex\",\"https:\/\/www.instagram.com\/kamexbhp\/\"]}]}<\/script>\n<!-- \/ Yoast SEO plugin. -->","yoast_head_json":{"title":"SAFETY JOGGER TRZEWIK ASAMA - KAMEX BHP - SKLEP INTERNETOWY Z ARTYKU\u0141AMI BHP NAJWY\u017bSZEJ JAKO\u015aCI","description":"Trzewiki robocze Safety Jogger ASAMA S3S BOA \u2013 lekkie, wodoodporne, ESD, antypo\u015blizgowe, bez metalu, z systemem TLS i ochron\u0105 palc\u00f3w.","robots":{"index":"index","follow":"follow","max-snippet":"max-snippet:-1","max-image-preview":"max-image-preview:large","max-video-preview":"max-video-preview:-1"},"canonical":"https:\/\/kamexbhp.pl\/sklep\/produkt\/safety-jogger-trzewik-asama\/","og_locale":"pl_PL","og_type":"article","og_title":"SAFETY JOGGER TRZEWIK ASAMA - KAMEX BHP - SKLEP INTERNETOWY Z ARTYKU\u0141AMI BHP NAJWY\u017bSZEJ JAKO\u015aCI","og_description":"Trzewiki robocze Safety Jogger ASAMA S3S BOA \u2013 lekkie, wodoodporne, ESD, antypo\u015blizgowe, bez metalu, z systemem TLS i ochron\u0105 palc\u00f3w.","og_url":"https:\/\/kamexbhp.pl\/sklep\/produkt\/safety-jogger-trzewik-asama\/","og_site_name":"KAMEX BHP - SKLEP INTERNETOWY Z ARTYKU\u0141AMI BHP NAJWY\u017bSZEJ JAKO\u015aCI","article_publisher":"https:\/\/www.facebook.com\/bhp.kamex","og_image":[{"width":640,"height":640,"url":"https:\/\/kamexbhp.pl\/sklep\/wp-content\/uploads\/2026\/01\/ASAMAS3MTL-BLK-WEB03.webp","type":"image\/webp"}],"twitter_card":"summary_large_image","twitter_misc":{"Szacowany czas czytania":"2 minuty"},"schema":{"@context":"https:\/\/schema.org","@graph":[{"@type":"WebPage","@id":"https:\/\/kamexbhp.pl\/sklep\/produkt\/safety-jogger-trzewik-asama\/","url":"https:\/\/kamexbhp.pl\/sklep\/produkt\/safety-jogger-trzewik-asama\/","name":"SAFETY JOGGER TRZEWIK ASAMA - KAMEX BHP - SKLEP INTERNETOWY Z ARTYKU\u0141AMI BHP NAJWY\u017bSZEJ JAKO\u015aCI","isPartOf":{"@id":"https:\/\/kamexbhp.pl\/sklep\/#website"},"primaryImageOfPage":{"@id":"https:\/\/kamexbhp.pl\/sklep\/produkt\/safety-jogger-trzewik-asama\/#primaryimage"},"image":{"@id":"https:\/\/kamexbhp.pl\/sklep\/produkt\/safety-jogger-trzewik-asama\/#primaryimage"},"thumbnailUrl":"https:\/\/kamexbhp.pl\/sklep\/wp-content\/uploads\/2026\/01\/ASAMAS3MTL-BLK-WEB03.webp","datePublished":"2026-01-30T08:42:16+00:00","description":"Trzewiki robocze Safety Jogger ASAMA S3S BOA \u2013 lekkie, wodoodporne, ESD, antypo\u015blizgowe, bez metalu, z systemem TLS i ochron\u0105 palc\u00f3w.","breadcrumb":{"@id":"https:\/\/kamexbhp.pl\/sklep\/produkt\/safety-jogger-trzewik-asama\/#breadcrumb"},"inLanguage":"pl-PL","potentialAction":[{"@type":"ReadAction","target":["https:\/\/kamexbhp.pl\/sklep\/produkt\/safety-jogger-trzewik-asama\/"]}]},{"@type":"ImageObject","inLanguage":"pl-PL","@id":"https:\/\/kamexbhp.pl\/sklep\/produkt\/safety-jogger-trzewik-asama\/#primaryimage","url":"https:\/\/kamexbhp.pl\/sklep\/wp-content\/uploads\/2026\/01\/ASAMAS3MTL-BLK-WEB03.webp","contentUrl":"https:\/\/kamexbhp.pl\/sklep\/wp-content\/uploads\/2026\/01\/ASAMAS3MTL-BLK-WEB03.webp","width":640,"height":640},{"@type":"BreadcrumbList","@id":"https:\/\/kamexbhp.pl\/sklep\/produkt\/safety-jogger-trzewik-asama\/#breadcrumb","itemListElement":[{"@type":"ListItem","position":1,"name":"Strona g\u0142\u00f3wna","item":"https:\/\/kamexbhp.pl\/sklep\/"},{"@type":"ListItem","position":2,"name":"Sklep","item":"https:\/\/kamexbhp.pl\/sklep\/sklep\/"},{"@type":"ListItem","position":3,"name":"SAFETY JOGGER TRZEWIK ASAMA"}]},{"@type":"WebSite","@id":"https:\/\/kamexbhp.pl\/sklep\/#website","url":"https:\/\/kamexbhp.pl\/sklep\/","name":"KAMEX BHP - SKLEP INTERNETOWY Z ARTYKU\u0141AMI BHP NAJWY\u017bSZEJ JAKO\u015aCI","description":"Artuku\u0142y BHP najwy\u017cszej jako\u015bci!","publisher":{"@id":"https:\/\/kamexbhp.pl\/sklep\/#organization"},"potentialAction":[{"@type":"SearchAction","target":{"@type":"EntryPoint","urlTemplate":"https:\/\/kamexbhp.pl\/sklep\/?s={search_term_string}"},"query-input":{"@type":"PropertyValueSpecification","valueRequired":true,"valueName":"search_term_string"}}],"inLanguage":"pl-PL"},{"@type":"Organization","@id":"https:\/\/kamexbhp.pl\/sklep\/#organization","name":"KAMEX-BHP - SKLEP BHP - Odzie\u017c i obuwie robocze","url":"https:\/\/kamexbhp.pl\/sklep\/","logo":{"@type":"ImageObject","inLanguage":"pl-PL","@id":"https:\/\/kamexbhp.pl\/sklep\/#\/schema\/logo\/image\/","url":"https:\/\/kamexbhp.pl\/sklep\/wp-content\/uploads\/2025\/01\/KAMEX-BHP-Logo-1080-x-1080.png","contentUrl":"https:\/\/kamexbhp.pl\/sklep\/wp-content\/uploads\/2025\/01\/KAMEX-BHP-Logo-1080-x-1080.png","width":1080,"height":1080,"caption":"KAMEX-BHP - SKLEP BHP - Odzie\u017c i obuwie robocze"},"image":{"@id":"https:\/\/kamexbhp.pl\/sklep\/#\/schema\/logo\/image\/"},"sameAs":["https:\/\/www.facebook.com\/bhp.kamex","https:\/\/www.instagram.com\/kamexbhp\/"]}]}},"_links":{"self":[{"href":"https:\/\/kamexbhp.pl\/sklep\/wp-json\/wp\/v2\/product\/9058","targetHints":{"allow":["GET"]}}],"collection":[{"href":"https:\/\/kamexbhp.pl\/sklep\/wp-json\/wp\/v2\/product"}],"about":[{"href":"https:\/\/kamexbhp.pl\/sklep\/wp-json\/wp\/v2\/types\/product"}],"replies":[{"embeddable":true,"href":"https:\/\/kamexbhp.pl\/sklep\/wp-json\/wp\/v2\/comments?post=9058"}],"version-history":[{"count":1,"href":"https:\/\/kamexbhp.pl\/sklep\/wp-json\/wp\/v2\/product\/9058\/revisions"}],"predecessor-version":[{"id":9070,"href":"https:\/\/kamexbhp.pl\/sklep\/wp-json\/wp\/v2\/product\/9058\/revisions\/9070"}],"wp:featuredmedia":[{"embeddable":true,"href":"https:\/\/kamexbhp.pl\/sklep\/wp-json\/wp\/v2\/media\/9059"}],"wp:attachment":[{"href":"https:\/\/kamexbhp.pl\/sklep\/wp-json\/wp\/v2\/media?parent=9058"}],"wp:term":[{"taxonomy":"product_brand","embeddable":true,"href":"https:\/\/kamexbhp.pl\/sklep\/wp-json\/wp\/v2\/product_brand?post=9058"},{"taxonomy":"product_cat","embeddable":true,"href":"https:\/\/kamexbhp.pl\/sklep\/wp-json\/wp\/v2\/product_cat?post=9058"},{"taxonomy":"product_tag","embeddable":true,"href":"https:\/\/kamexbhp.pl\/sklep\/wp-json\/wp\/v2\/product_tag?post=9058"}],"curies":[{"name":"wp","href":"https:\/\/api.w.org\/{rel}","templated":true}]}}