{"id":8979,"date":"2025-10-02T11:23:41","date_gmt":"2025-10-02T09:23:41","guid":{"rendered":"https:\/\/kamexbhp.pl\/sklep\/?post_type=product&#038;p=8979"},"modified":"2025-10-02T11:23:41","modified_gmt":"2025-10-02T09:23:41","slug":"seven-kings-softshell-navy","status":"publish","type":"product","link":"https:\/\/kamexbhp.pl\/sklep\/produkt\/seven-kings-softshell-navy\/","title":{"rendered":"SEVEN KINGS SOFTSHELL NAVY"},"content":{"rendered":"<p data-start=\"110\" data-end=\"484\">Poznaj <strong data-start=\"138\" data-end=\"168\">Seven Kings Softshell Navy<\/strong> \u2013 idealn\u0105 kurtk\u0119 robocz\u0105 dla profesjonalist\u00f3w, kt\u00f3rzy ceni\u0105 komfort, ochron\u0119 i nowoczesny design. Kurtka zosta\u0142a stworzona z my\u015bl\u0105 o trudnych warunkach pracy, zapewniaj\u0105c wodoodporno\u015b\u0107, oddychalno\u015b\u0107 i wytrzyma\u0142o\u015b\u0107 materia\u0142\u00f3w. Doskonale sprawdzi si\u0119 na budowie, w magazynie, warsztacie czy podczas pracy w terenie.<\/p>\n<p data-start=\"486\" data-end=\"507\"><strong data-start=\"486\" data-end=\"505\">Cechy produktu:<\/strong><\/p>\n<ul data-start=\"508\" data-end=\"1105\">\n<li data-start=\"508\" data-end=\"570\">\n<p data-start=\"510\" data-end=\"570\"><strong data-start=\"510\" data-end=\"530\">Rodzaj zapi\u0119cia:<\/strong> kurtka zapinana na zamek b\u0142yskawiczny<\/p>\n<\/li>\n<li data-start=\"571\" data-end=\"623\">\n<p data-start=\"573\" data-end=\"623\"><strong data-start=\"573\" data-end=\"586\">Materia\u0142:<\/strong> 100% poliester, gramatura 310 g\/m\u00b2<\/p>\n<\/li>\n<li data-start=\"624\" data-end=\"726\">\n<p data-start=\"626\" data-end=\"726\"><strong data-start=\"626\" data-end=\"644\">Budowa\/szycie:<\/strong> wzmocnienia na ramionach i \u0142okciach z materia\u0142u OXFORD, wodoodporna konstrukcja<\/p>\n<\/li>\n<li data-start=\"727\" data-end=\"825\">\n<p data-start=\"729\" data-end=\"825\"><strong data-start=\"729\" data-end=\"743\">Kieszenie:<\/strong> kiesze\u0144 na dokumenty zapinana na zamek, dwie boczne kieszenie zapinane na zamek<\/p>\n<\/li>\n<li data-start=\"826\" data-end=\"908\">\n<p data-start=\"828\" data-end=\"908\"><strong data-start=\"828\" data-end=\"848\">R\u0119kawy\/mankiety:<\/strong> zako\u0144czone mankietem z regulacj\u0105 dla lepszego dopasowania<\/p>\n<\/li>\n<li data-start=\"909\" data-end=\"982\">\n<p data-start=\"911\" data-end=\"982\"><strong data-start=\"911\" data-end=\"932\">Regulacja obwodu:<\/strong> mo\u017cliwo\u015b\u0107 regulacji t\u0119go\u015bci za pomoc\u0105 \u015bci\u0105gacza<\/p>\n<\/li>\n<li data-start=\"983\" data-end=\"1028\">\n<p data-start=\"985\" data-end=\"1028\"><strong data-start=\"985\" data-end=\"996\">Kaptur:<\/strong> odpinany, regulowany na zamek<\/p>\n<\/li>\n<li data-start=\"1029\" data-end=\"1063\">\n<p data-start=\"1031\" data-end=\"1063\"><strong data-start=\"1031\" data-end=\"1048\">Oddychalno\u015b\u0107:<\/strong> 800 g\/m\u00b2\/24h<\/p>\n<\/li>\n<li data-start=\"1064\" data-end=\"1105\">\n<p data-start=\"1066\" data-end=\"1105\"><strong data-start=\"1066\" data-end=\"1084\">Wodoodporno\u015b\u0107:<\/strong> 3000 mm s\u0142upa wody<\/p>\n<\/li>\n<\/ul>\n","protected":false},"excerpt":{"rendered":"<p>Kurtka \u0142\u0105czy funkcjonalno\u015b\u0107 z wytrzyma\u0142o\u015bci\u0105. Wzmocnienia na \u0142okciach i ramionach zapewniaj\u0105 odporno\u015b\u0107 na uszkodzenia mechaniczne, a wodoodporno\u015b\u0107 i oddychalno\u015b\u0107 gwarantuj\u0105 komfort nawet podczas d\u0142ugiej pracy w trudnych warunkach. Regulowany kaptur i mankiety pozwalaj\u0105 na idealne dopasowanie, a liczne kieszenie zapewniaj\u0105 praktyczn\u0105 przestrze\u0144 na dokumenty i narz\u0119dzia.<\/p>\n","protected":false},"featured_media":8980,"comment_status":"open","ping_status":"closed","template":"","meta":[],"product_brand":[1905],"product_cat":[143],"product_tag":[439,984,2088,1089,765,679,880,2086,2087],"class_list":{"0":"post-8979","1":"product","2":"type-product","3":"status-publish","4":"has-post-thumbnail","6":"product_brand-seven-kings","7":"product_cat-softshell","8":"product_tag-kurtka-ochronna","9":"product_tag-kurtka-robocza","10":"product_tag-kurtka-z-kapturem","11":"product_tag-kurtka-z-kieszeniami","12":"product_tag-odziez-bhp","13":"product_tag-odziez-robocza","14":"product_tag-seven-kings","15":"product_tag-softshell-navy","16":"product_tag-wodoodporna-kurtka","18":"first","19":"instock","20":"taxable","21":"shipping-taxable","22":"purchasable","23":"product-type-variable"},"yoast_head":"<!-- This site is optimized with the Yoast SEO plugin v25.6 - https:\/\/yoast.com\/wordpress\/plugins\/seo\/ -->\n<title>SEVEN KINGS SOFTSHELL NAVY - KAMEX BHP - SKLEP INTERNETOWY Z ARTYKU\u0141AMI BHP NAJWY\u017bSZEJ JAKO\u015aCI<\/title>\n<meta name=\"description\" content=\"Wytrzyma\u0142a, wodoodporna kurtka Seven Kings Softshell Navy z odpinanym kapturem, regulacj\u0105 mankiet\u00f3w i kieszeniami na zamek.\" \/>\n<meta name=\"robots\" content=\"index, follow, max-snippet:-1, max-image-preview:large, max-video-preview:-1\" \/>\n<link rel=\"canonical\" href=\"https:\/\/kamexbhp.pl\/sklep\/produkt\/seven-kings-softshell-navy\/\" \/>\n<meta property=\"og:locale\" content=\"pl_PL\" \/>\n<meta property=\"og:type\" content=\"article\" \/>\n<meta property=\"og:title\" content=\"SEVEN KINGS SOFTSHELL NAVY - KAMEX BHP - SKLEP INTERNETOWY Z ARTYKU\u0141AMI BHP NAJWY\u017bSZEJ JAKO\u015aCI\" \/>\n<meta property=\"og:description\" content=\"Wytrzyma\u0142a, wodoodporna kurtka Seven Kings Softshell Navy z odpinanym kapturem, regulacj\u0105 mankiet\u00f3w i kieszeniami na zamek.\" \/>\n<meta property=\"og:url\" content=\"https:\/\/kamexbhp.pl\/sklep\/produkt\/seven-kings-softshell-navy\/\" \/>\n<meta property=\"og:site_name\" content=\"KAMEX BHP - SKLEP INTERNETOWY Z ARTYKU\u0141AMI BHP NAJWY\u017bSZEJ JAKO\u015aCI\" \/>\n<meta property=\"article:publisher\" content=\"https:\/\/www.facebook.com\/bhp.kamex\" \/>\n<meta property=\"og:image\" content=\"https:\/\/kamexbhp.pl\/sklep\/wp-content\/uploads\/2025\/10\/thumb_20250428_polary_i_softshelle-1740-edit.jpg\" \/>\n\t<meta property=\"og:image:width\" content=\"350\" \/>\n\t<meta property=\"og:image:height\" content=\"405\" \/>\n\t<meta property=\"og:image:type\" content=\"image\/jpeg\" \/>\n<meta name=\"twitter:card\" content=\"summary_large_image\" \/>\n<meta name=\"twitter:label1\" content=\"Szacowany czas czytania\" \/>\n\t<meta name=\"twitter:data1\" content=\"1 minuta\" \/>\n<script type=\"application\/ld+json\" class=\"yoast-schema-graph\">{\"@context\":\"https:\/\/schema.org\",\"@graph\":[{\"@type\":\"WebPage\",\"@id\":\"https:\/\/kamexbhp.pl\/sklep\/produkt\/seven-kings-softshell-navy\/\",\"url\":\"https:\/\/kamexbhp.pl\/sklep\/produkt\/seven-kings-softshell-navy\/\",\"name\":\"SEVEN KINGS SOFTSHELL NAVY - KAMEX BHP - SKLEP INTERNETOWY Z ARTYKU\u0141AMI BHP NAJWY\u017bSZEJ JAKO\u015aCI\",\"isPartOf\":{\"@id\":\"https:\/\/kamexbhp.pl\/sklep\/#website\"},\"primaryImageOfPage\":{\"@id\":\"https:\/\/kamexbhp.pl\/sklep\/produkt\/seven-kings-softshell-navy\/#primaryimage\"},\"image\":{\"@id\":\"https:\/\/kamexbhp.pl\/sklep\/produkt\/seven-kings-softshell-navy\/#primaryimage\"},\"thumbnailUrl\":\"https:\/\/kamexbhp.pl\/sklep\/wp-content\/uploads\/2025\/10\/thumb_20250428_polary_i_softshelle-1740-edit.jpg\",\"datePublished\":\"2025-10-02T09:23:41+00:00\",\"description\":\"Wytrzyma\u0142a, wodoodporna kurtka Seven Kings Softshell Navy z odpinanym kapturem, regulacj\u0105 mankiet\u00f3w i kieszeniami na zamek.\",\"breadcrumb\":{\"@id\":\"https:\/\/kamexbhp.pl\/sklep\/produkt\/seven-kings-softshell-navy\/#breadcrumb\"},\"inLanguage\":\"pl-PL\",\"potentialAction\":[{\"@type\":\"ReadAction\",\"target\":[\"https:\/\/kamexbhp.pl\/sklep\/produkt\/seven-kings-softshell-navy\/\"]}]},{\"@type\":\"ImageObject\",\"inLanguage\":\"pl-PL\",\"@id\":\"https:\/\/kamexbhp.pl\/sklep\/produkt\/seven-kings-softshell-navy\/#primaryimage\",\"url\":\"https:\/\/kamexbhp.pl\/sklep\/wp-content\/uploads\/2025\/10\/thumb_20250428_polary_i_softshelle-1740-edit.jpg\",\"contentUrl\":\"https:\/\/kamexbhp.pl\/sklep\/wp-content\/uploads\/2025\/10\/thumb_20250428_polary_i_softshelle-1740-edit.jpg\",\"width\":350,\"height\":405},{\"@type\":\"BreadcrumbList\",\"@id\":\"https:\/\/kamexbhp.pl\/sklep\/produkt\/seven-kings-softshell-navy\/#breadcrumb\",\"itemListElement\":[{\"@type\":\"ListItem\",\"position\":1,\"name\":\"Strona g\u0142\u00f3wna\",\"item\":\"https:\/\/kamexbhp.pl\/sklep\/\"},{\"@type\":\"ListItem\",\"position\":2,\"name\":\"Sklep\",\"item\":\"https:\/\/kamexbhp.pl\/sklep\/sklep\/\"},{\"@type\":\"ListItem\",\"position\":3,\"name\":\"SEVEN KINGS SOFTSHELL NAVY\"}]},{\"@type\":\"WebSite\",\"@id\":\"https:\/\/kamexbhp.pl\/sklep\/#website\",\"url\":\"https:\/\/kamexbhp.pl\/sklep\/\",\"name\":\"KAMEX BHP - SKLEP INTERNETOWY Z ARTYKU\u0141AMI BHP NAJWY\u017bSZEJ JAKO\u015aCI\",\"description\":\"Artuku\u0142y BHP najwy\u017cszej jako\u015bci!\",\"publisher\":{\"@id\":\"https:\/\/kamexbhp.pl\/sklep\/#organization\"},\"potentialAction\":[{\"@type\":\"SearchAction\",\"target\":{\"@type\":\"EntryPoint\",\"urlTemplate\":\"https:\/\/kamexbhp.pl\/sklep\/?s={search_term_string}\"},\"query-input\":{\"@type\":\"PropertyValueSpecification\",\"valueRequired\":true,\"valueName\":\"search_term_string\"}}],\"inLanguage\":\"pl-PL\"},{\"@type\":\"Organization\",\"@id\":\"https:\/\/kamexbhp.pl\/sklep\/#organization\",\"name\":\"KAMEX-BHP - SKLEP BHP - Odzie\u017c i obuwie robocze\",\"url\":\"https:\/\/kamexbhp.pl\/sklep\/\",\"logo\":{\"@type\":\"ImageObject\",\"inLanguage\":\"pl-PL\",\"@id\":\"https:\/\/kamexbhp.pl\/sklep\/#\/schema\/logo\/image\/\",\"url\":\"https:\/\/kamexbhp.pl\/sklep\/wp-content\/uploads\/2025\/01\/KAMEX-BHP-Logo-1080-x-1080.png\",\"contentUrl\":\"https:\/\/kamexbhp.pl\/sklep\/wp-content\/uploads\/2025\/01\/KAMEX-BHP-Logo-1080-x-1080.png\",\"width\":1080,\"height\":1080,\"caption\":\"KAMEX-BHP - SKLEP BHP - Odzie\u017c i obuwie robocze\"},\"image\":{\"@id\":\"https:\/\/kamexbhp.pl\/sklep\/#\/schema\/logo\/image\/\"},\"sameAs\":[\"https:\/\/www.facebook.com\/bhp.kamex\",\"https:\/\/www.instagram.com\/kamexbhp\/\"]}]}<\/script>\n<!-- \/ Yoast SEO plugin. -->","yoast_head_json":{"title":"SEVEN KINGS SOFTSHELL NAVY - KAMEX BHP - SKLEP INTERNETOWY Z ARTYKU\u0141AMI BHP NAJWY\u017bSZEJ JAKO\u015aCI","description":"Wytrzyma\u0142a, wodoodporna kurtka Seven Kings Softshell Navy z odpinanym kapturem, regulacj\u0105 mankiet\u00f3w i kieszeniami na zamek.","robots":{"index":"index","follow":"follow","max-snippet":"max-snippet:-1","max-image-preview":"max-image-preview:large","max-video-preview":"max-video-preview:-1"},"canonical":"https:\/\/kamexbhp.pl\/sklep\/produkt\/seven-kings-softshell-navy\/","og_locale":"pl_PL","og_type":"article","og_title":"SEVEN KINGS SOFTSHELL NAVY - KAMEX BHP - SKLEP INTERNETOWY Z ARTYKU\u0141AMI BHP NAJWY\u017bSZEJ JAKO\u015aCI","og_description":"Wytrzyma\u0142a, wodoodporna kurtka Seven Kings Softshell Navy z odpinanym kapturem, regulacj\u0105 mankiet\u00f3w i kieszeniami na zamek.","og_url":"https:\/\/kamexbhp.pl\/sklep\/produkt\/seven-kings-softshell-navy\/","og_site_name":"KAMEX BHP - SKLEP INTERNETOWY Z ARTYKU\u0141AMI BHP NAJWY\u017bSZEJ JAKO\u015aCI","article_publisher":"https:\/\/www.facebook.com\/bhp.kamex","og_image":[{"width":350,"height":405,"url":"https:\/\/kamexbhp.pl\/sklep\/wp-content\/uploads\/2025\/10\/thumb_20250428_polary_i_softshelle-1740-edit.jpg","type":"image\/jpeg"}],"twitter_card":"summary_large_image","twitter_misc":{"Szacowany czas czytania":"1 minuta"},"schema":{"@context":"https:\/\/schema.org","@graph":[{"@type":"WebPage","@id":"https:\/\/kamexbhp.pl\/sklep\/produkt\/seven-kings-softshell-navy\/","url":"https:\/\/kamexbhp.pl\/sklep\/produkt\/seven-kings-softshell-navy\/","name":"SEVEN KINGS SOFTSHELL NAVY - KAMEX BHP - SKLEP INTERNETOWY Z ARTYKU\u0141AMI BHP NAJWY\u017bSZEJ JAKO\u015aCI","isPartOf":{"@id":"https:\/\/kamexbhp.pl\/sklep\/#website"},"primaryImageOfPage":{"@id":"https:\/\/kamexbhp.pl\/sklep\/produkt\/seven-kings-softshell-navy\/#primaryimage"},"image":{"@id":"https:\/\/kamexbhp.pl\/sklep\/produkt\/seven-kings-softshell-navy\/#primaryimage"},"thumbnailUrl":"https:\/\/kamexbhp.pl\/sklep\/wp-content\/uploads\/2025\/10\/thumb_20250428_polary_i_softshelle-1740-edit.jpg","datePublished":"2025-10-02T09:23:41+00:00","description":"Wytrzyma\u0142a, wodoodporna kurtka Seven Kings Softshell Navy z odpinanym kapturem, regulacj\u0105 mankiet\u00f3w i kieszeniami na zamek.","breadcrumb":{"@id":"https:\/\/kamexbhp.pl\/sklep\/produkt\/seven-kings-softshell-navy\/#breadcrumb"},"inLanguage":"pl-PL","potentialAction":[{"@type":"ReadAction","target":["https:\/\/kamexbhp.pl\/sklep\/produkt\/seven-kings-softshell-navy\/"]}]},{"@type":"ImageObject","inLanguage":"pl-PL","@id":"https:\/\/kamexbhp.pl\/sklep\/produkt\/seven-kings-softshell-navy\/#primaryimage","url":"https:\/\/kamexbhp.pl\/sklep\/wp-content\/uploads\/2025\/10\/thumb_20250428_polary_i_softshelle-1740-edit.jpg","contentUrl":"https:\/\/kamexbhp.pl\/sklep\/wp-content\/uploads\/2025\/10\/thumb_20250428_polary_i_softshelle-1740-edit.jpg","width":350,"height":405},{"@type":"BreadcrumbList","@id":"https:\/\/kamexbhp.pl\/sklep\/produkt\/seven-kings-softshell-navy\/#breadcrumb","itemListElement":[{"@type":"ListItem","position":1,"name":"Strona g\u0142\u00f3wna","item":"https:\/\/kamexbhp.pl\/sklep\/"},{"@type":"ListItem","position":2,"name":"Sklep","item":"https:\/\/kamexbhp.pl\/sklep\/sklep\/"},{"@type":"ListItem","position":3,"name":"SEVEN KINGS SOFTSHELL NAVY"}]},{"@type":"WebSite","@id":"https:\/\/kamexbhp.pl\/sklep\/#website","url":"https:\/\/kamexbhp.pl\/sklep\/","name":"KAMEX BHP - SKLEP INTERNETOWY Z ARTYKU\u0141AMI BHP NAJWY\u017bSZEJ JAKO\u015aCI","description":"Artuku\u0142y BHP najwy\u017cszej jako\u015bci!","publisher":{"@id":"https:\/\/kamexbhp.pl\/sklep\/#organization"},"potentialAction":[{"@type":"SearchAction","target":{"@type":"EntryPoint","urlTemplate":"https:\/\/kamexbhp.pl\/sklep\/?s={search_term_string}"},"query-input":{"@type":"PropertyValueSpecification","valueRequired":true,"valueName":"search_term_string"}}],"inLanguage":"pl-PL"},{"@type":"Organization","@id":"https:\/\/kamexbhp.pl\/sklep\/#organization","name":"KAMEX-BHP - SKLEP BHP - Odzie\u017c i obuwie robocze","url":"https:\/\/kamexbhp.pl\/sklep\/","logo":{"@type":"ImageObject","inLanguage":"pl-PL","@id":"https:\/\/kamexbhp.pl\/sklep\/#\/schema\/logo\/image\/","url":"https:\/\/kamexbhp.pl\/sklep\/wp-content\/uploads\/2025\/01\/KAMEX-BHP-Logo-1080-x-1080.png","contentUrl":"https:\/\/kamexbhp.pl\/sklep\/wp-content\/uploads\/2025\/01\/KAMEX-BHP-Logo-1080-x-1080.png","width":1080,"height":1080,"caption":"KAMEX-BHP - SKLEP BHP - Odzie\u017c i obuwie robocze"},"image":{"@id":"https:\/\/kamexbhp.pl\/sklep\/#\/schema\/logo\/image\/"},"sameAs":["https:\/\/www.facebook.com\/bhp.kamex","https:\/\/www.instagram.com\/kamexbhp\/"]}]}},"_links":{"self":[{"href":"https:\/\/kamexbhp.pl\/sklep\/wp-json\/wp\/v2\/product\/8979","targetHints":{"allow":["GET"]}}],"collection":[{"href":"https:\/\/kamexbhp.pl\/sklep\/wp-json\/wp\/v2\/product"}],"about":[{"href":"https:\/\/kamexbhp.pl\/sklep\/wp-json\/wp\/v2\/types\/product"}],"replies":[{"embeddable":true,"href":"https:\/\/kamexbhp.pl\/sklep\/wp-json\/wp\/v2\/comments?post=8979"}],"version-history":[{"count":1,"href":"https:\/\/kamexbhp.pl\/sklep\/wp-json\/wp\/v2\/product\/8979\/revisions"}],"predecessor-version":[{"id":8993,"href":"https:\/\/kamexbhp.pl\/sklep\/wp-json\/wp\/v2\/product\/8979\/revisions\/8993"}],"wp:featuredmedia":[{"embeddable":true,"href":"https:\/\/kamexbhp.pl\/sklep\/wp-json\/wp\/v2\/media\/8980"}],"wp:attachment":[{"href":"https:\/\/kamexbhp.pl\/sklep\/wp-json\/wp\/v2\/media?parent=8979"}],"wp:term":[{"taxonomy":"product_brand","embeddable":true,"href":"https:\/\/kamexbhp.pl\/sklep\/wp-json\/wp\/v2\/product_brand?post=8979"},{"taxonomy":"product_cat","embeddable":true,"href":"https:\/\/kamexbhp.pl\/sklep\/wp-json\/wp\/v2\/product_cat?post=8979"},{"taxonomy":"product_tag","embeddable":true,"href":"https:\/\/kamexbhp.pl\/sklep\/wp-json\/wp\/v2\/product_tag?post=8979"}],"curies":[{"name":"wp","href":"https:\/\/api.w.org\/{rel}","templated":true}]}}