{"id":8952,"date":"2025-10-02T10:32:00","date_gmt":"2025-10-02T08:32:00","guid":{"rendered":"https:\/\/kamexbhp.pl\/sklep\/?post_type=product&#038;p=8952"},"modified":"2026-01-29T09:12:01","modified_gmt":"2026-01-29T08:12:01","slug":"safety-jogger-trzewik-dakar-s3","status":"publish","type":"product","link":"https:\/\/kamexbhp.pl\/sklep\/produkt\/safety-jogger-trzewik-dakar-s3\/","title":{"rendered":"SAFETY JOGGER TRZEWIK DAKAR S3"},"content":{"rendered":"<p data-start=\"225\" data-end=\"776\">Safety Jogger DAKAR S3 to nowoczesne, modne trzewiki ochronne \u0142\u0105cz\u0105ce wyj\u0105tkowe w\u0142a\u015bciwo\u015bci techniczne z komfortem u\u017cytkowania. Wodoodporna cholewka oraz antypo\u015blizgowa podeszwa sprawiaj\u0105, \u017ce buty idealnie sprawdz\u0105 si\u0119 w wymagaj\u0105cych, wilgotnych warunkach pracy. Certyfikat S3, stalowy podnosek i odporna na przebicie podeszwa \u015brodkowa chroni\u0105 stopy przed urazami, a amortyzowana pi\u0119ta i piankowa wk\u0142adka zapewniaj\u0105 komfort przez ca\u0142y dzie\u0144. DAKAR S3 to wyb\u00f3r dla profesjonalist\u00f3w w bran\u017cy budowlanej, motoryzacyjnej, logistycznej i naftowo-gazowej.<\/p>\n<p data-start=\"778\" data-end=\"799\"><strong data-start=\"778\" data-end=\"797\">Cechy produktu:<\/strong><\/p>\n<ul data-start=\"800\" data-end=\"1178\">\n<li data-start=\"800\" data-end=\"832\">\n<p data-start=\"802\" data-end=\"832\">Certyfikat bezpiecze\u0144stwa S3<\/p>\n<\/li>\n<li data-start=\"833\" data-end=\"857\">\n<p data-start=\"835\" data-end=\"857\">Wodoodporna cholewka<\/p>\n<\/li>\n<li data-start=\"858\" data-end=\"896\">\n<p data-start=\"860\" data-end=\"896\">Ochrona palc\u00f3w stalowym podnoskiem<\/p>\n<\/li>\n<li data-start=\"897\" data-end=\"939\">\n<p data-start=\"899\" data-end=\"939\">Podeszwa \u015brodkowa odporna na przebicie<\/p>\n<\/li>\n<li data-start=\"940\" data-end=\"967\">\n<p data-start=\"942\" data-end=\"967\">Antypo\u015blizgowa podeszwa<\/p>\n<\/li>\n<li data-start=\"968\" data-end=\"1023\">\n<p data-start=\"970\" data-end=\"1023\">Chroni przed wy\u0142adowaniami elektrostatycznymi (ESD)<\/p>\n<\/li>\n<li data-start=\"1024\" data-end=\"1057\">\n<p data-start=\"1026\" data-end=\"1057\">Wyjmowana, dopasowana wk\u0142adka<\/p>\n<\/li>\n<li data-start=\"1058\" data-end=\"1115\">\n<p data-start=\"1060\" data-end=\"1115\">Mo\u017cliwo\u015b\u0107 stosowania wk\u0142adek ortopedycznych (Neskrid)<\/p>\n<\/li>\n<li data-start=\"1116\" data-end=\"1178\">\n<p data-start=\"1118\" data-end=\"1178\">Amortyzowana pi\u0119ta i piankowa wk\u0142adka zapewniaj\u0105ca komfort<\/p>\n<\/li>\n<\/ul>\n","protected":false},"excerpt":{"rendered":"<p data-start=\"76\" data-end=\"562\">Trzewiki ochronne <strong data-start=\"94\" data-end=\"120\">Safety Jogger DAKAR S3<\/strong> \u0142\u0105cz\u0105 bezpiecze\u0144stwo z komfortem. Wodoodporna cholewka i antypo\u015blizgowa podeszwa zapewniaj\u0105 stabilno\u015b\u0107 w trudnych warunkach. Buty posiadaj\u0105 stalowy podnosek i podeszw\u0119 \u015brodkow\u0105 odporn\u0105 na przebicie, chroni\u0105c stopy przed urazami. Wyjmowana wk\u0142adka, mo\u017cliwo\u015b\u0107 stosowania wk\u0142adek ortopedycznych oraz amortyzowana pi\u0119ta gwarantuj\u0105 wygod\u0119 przez ca\u0142y dzie\u0144 pracy. Idealne do bran\u017cy budowlanej, motoryzacyjnej, logistycznej i przemys\u0142u ci\u0119\u017ckiego.<\/p>\n<p>&nbsp;<\/p>\n","protected":false},"featured_media":8953,"comment_status":"open","ping_status":"closed","template":"","meta":[],"product_brand":[2072],"product_cat":[126],"product_tag":[830,2081,1810,1863,796,806,2076,792],"class_list":{"0":"post-8952","1":"product","2":"type-product","3":"status-publish","4":"has-post-thumbnail","6":"product_brand-safety-jogger","7":"product_cat-trzewiki","8":"product_tag-antyposlizgowe-buty-robocze","9":"product_tag-buty-do-pracy-w-budownictwie","10":"product_tag-buty-ochronne-wodoodporne","11":"product_tag-buty-robocze-s3","12":"product_tag-buty-z-podnoskiem","13":"product_tag-obuwie-bhp","14":"product_tag-safety-jogger","15":"product_tag-trzewiki-ochronne","17":"first","18":"instock","19":"taxable","20":"shipping-taxable","21":"purchasable","22":"product-type-variable"},"yoast_head":"<!-- This site is optimized with the Yoast SEO plugin v25.6 - https:\/\/yoast.com\/wordpress\/plugins\/seo\/ -->\n<title>SAFETY JOGGER TRZEWIK DAKAR S3 - KAMEX BHP - SKLEP INTERNETOWY Z ARTYKU\u0141AMI BHP NAJWY\u017bSZEJ JAKO\u015aCI<\/title>\n<meta name=\"description\" content=\"Trzewiki Safety Jogger DAKAR S3 \u2013 wodoodporne, antypo\u015blizgowe, z podnoskiem i podeszw\u0105 odporn\u0105 na przebicie, komfort ca\u0142ego dnia.\" \/>\n<meta name=\"robots\" content=\"index, follow, max-snippet:-1, max-image-preview:large, max-video-preview:-1\" \/>\n<link rel=\"canonical\" href=\"https:\/\/kamexbhp.pl\/sklep\/produkt\/safety-jogger-trzewik-dakar-s3\/\" \/>\n<meta property=\"og:locale\" content=\"pl_PL\" \/>\n<meta property=\"og:type\" content=\"article\" \/>\n<meta property=\"og:title\" content=\"SAFETY JOGGER TRZEWIK DAKAR S3 - KAMEX BHP - SKLEP INTERNETOWY Z ARTYKU\u0141AMI BHP NAJWY\u017bSZEJ JAKO\u015aCI\" \/>\n<meta property=\"og:description\" content=\"Trzewiki Safety Jogger DAKAR S3 \u2013 wodoodporne, antypo\u015blizgowe, z podnoskiem i podeszw\u0105 odporn\u0105 na przebicie, komfort ca\u0142ego dnia.\" \/>\n<meta property=\"og:url\" content=\"https:\/\/kamexbhp.pl\/sklep\/produkt\/safety-jogger-trzewik-dakar-s3\/\" \/>\n<meta property=\"og:site_name\" content=\"KAMEX BHP - SKLEP INTERNETOWY Z ARTYKU\u0141AMI BHP NAJWY\u017bSZEJ JAKO\u015aCI\" \/>\n<meta property=\"article:publisher\" content=\"https:\/\/www.facebook.com\/bhp.kamex\" \/>\n<meta property=\"article:modified_time\" content=\"2026-01-29T08:12:01+00:00\" \/>\n<meta property=\"og:image\" content=\"https:\/\/kamexbhp.pl\/sklep\/wp-content\/uploads\/2025\/10\/DAKAR-019-WEB01.webp\" \/>\n\t<meta property=\"og:image:width\" content=\"640\" \/>\n\t<meta property=\"og:image:height\" content=\"640\" \/>\n\t<meta property=\"og:image:type\" content=\"image\/webp\" \/>\n<meta name=\"twitter:card\" content=\"summary_large_image\" \/>\n<meta name=\"twitter:label1\" content=\"Szacowany czas czytania\" \/>\n\t<meta name=\"twitter:data1\" content=\"1 minuta\" \/>\n<script type=\"application\/ld+json\" class=\"yoast-schema-graph\">{\"@context\":\"https:\/\/schema.org\",\"@graph\":[{\"@type\":\"WebPage\",\"@id\":\"https:\/\/kamexbhp.pl\/sklep\/produkt\/safety-jogger-trzewik-dakar-s3\/\",\"url\":\"https:\/\/kamexbhp.pl\/sklep\/produkt\/safety-jogger-trzewik-dakar-s3\/\",\"name\":\"SAFETY JOGGER TRZEWIK DAKAR S3 - KAMEX BHP - SKLEP INTERNETOWY Z ARTYKU\u0141AMI BHP NAJWY\u017bSZEJ JAKO\u015aCI\",\"isPartOf\":{\"@id\":\"https:\/\/kamexbhp.pl\/sklep\/#website\"},\"primaryImageOfPage\":{\"@id\":\"https:\/\/kamexbhp.pl\/sklep\/produkt\/safety-jogger-trzewik-dakar-s3\/#primaryimage\"},\"image\":{\"@id\":\"https:\/\/kamexbhp.pl\/sklep\/produkt\/safety-jogger-trzewik-dakar-s3\/#primaryimage\"},\"thumbnailUrl\":\"https:\/\/kamexbhp.pl\/sklep\/wp-content\/uploads\/2025\/10\/DAKAR-019-WEB01.webp\",\"datePublished\":\"2025-10-02T08:32:00+00:00\",\"dateModified\":\"2026-01-29T08:12:01+00:00\",\"description\":\"Trzewiki Safety Jogger DAKAR S3 \u2013 wodoodporne, antypo\u015blizgowe, z podnoskiem i podeszw\u0105 odporn\u0105 na przebicie, komfort ca\u0142ego dnia.\",\"breadcrumb\":{\"@id\":\"https:\/\/kamexbhp.pl\/sklep\/produkt\/safety-jogger-trzewik-dakar-s3\/#breadcrumb\"},\"inLanguage\":\"pl-PL\",\"potentialAction\":[{\"@type\":\"ReadAction\",\"target\":[\"https:\/\/kamexbhp.pl\/sklep\/produkt\/safety-jogger-trzewik-dakar-s3\/\"]}]},{\"@type\":\"ImageObject\",\"inLanguage\":\"pl-PL\",\"@id\":\"https:\/\/kamexbhp.pl\/sklep\/produkt\/safety-jogger-trzewik-dakar-s3\/#primaryimage\",\"url\":\"https:\/\/kamexbhp.pl\/sklep\/wp-content\/uploads\/2025\/10\/DAKAR-019-WEB01.webp\",\"contentUrl\":\"https:\/\/kamexbhp.pl\/sklep\/wp-content\/uploads\/2025\/10\/DAKAR-019-WEB01.webp\",\"width\":640,\"height\":640},{\"@type\":\"BreadcrumbList\",\"@id\":\"https:\/\/kamexbhp.pl\/sklep\/produkt\/safety-jogger-trzewik-dakar-s3\/#breadcrumb\",\"itemListElement\":[{\"@type\":\"ListItem\",\"position\":1,\"name\":\"Strona g\u0142\u00f3wna\",\"item\":\"https:\/\/kamexbhp.pl\/sklep\/\"},{\"@type\":\"ListItem\",\"position\":2,\"name\":\"Sklep\",\"item\":\"https:\/\/kamexbhp.pl\/sklep\/sklep\/\"},{\"@type\":\"ListItem\",\"position\":3,\"name\":\"SAFETY JOGGER TRZEWIK DAKAR S3\"}]},{\"@type\":\"WebSite\",\"@id\":\"https:\/\/kamexbhp.pl\/sklep\/#website\",\"url\":\"https:\/\/kamexbhp.pl\/sklep\/\",\"name\":\"KAMEX BHP - SKLEP INTERNETOWY Z ARTYKU\u0141AMI BHP NAJWY\u017bSZEJ JAKO\u015aCI\",\"description\":\"Artuku\u0142y BHP najwy\u017cszej jako\u015bci!\",\"publisher\":{\"@id\":\"https:\/\/kamexbhp.pl\/sklep\/#organization\"},\"potentialAction\":[{\"@type\":\"SearchAction\",\"target\":{\"@type\":\"EntryPoint\",\"urlTemplate\":\"https:\/\/kamexbhp.pl\/sklep\/?s={search_term_string}\"},\"query-input\":{\"@type\":\"PropertyValueSpecification\",\"valueRequired\":true,\"valueName\":\"search_term_string\"}}],\"inLanguage\":\"pl-PL\"},{\"@type\":\"Organization\",\"@id\":\"https:\/\/kamexbhp.pl\/sklep\/#organization\",\"name\":\"KAMEX-BHP - SKLEP BHP - Odzie\u017c i obuwie robocze\",\"url\":\"https:\/\/kamexbhp.pl\/sklep\/\",\"logo\":{\"@type\":\"ImageObject\",\"inLanguage\":\"pl-PL\",\"@id\":\"https:\/\/kamexbhp.pl\/sklep\/#\/schema\/logo\/image\/\",\"url\":\"https:\/\/kamexbhp.pl\/sklep\/wp-content\/uploads\/2025\/01\/KAMEX-BHP-Logo-1080-x-1080.png\",\"contentUrl\":\"https:\/\/kamexbhp.pl\/sklep\/wp-content\/uploads\/2025\/01\/KAMEX-BHP-Logo-1080-x-1080.png\",\"width\":1080,\"height\":1080,\"caption\":\"KAMEX-BHP - SKLEP BHP - Odzie\u017c i obuwie robocze\"},\"image\":{\"@id\":\"https:\/\/kamexbhp.pl\/sklep\/#\/schema\/logo\/image\/\"},\"sameAs\":[\"https:\/\/www.facebook.com\/bhp.kamex\",\"https:\/\/www.instagram.com\/kamexbhp\/\"]}]}<\/script>\n<!-- \/ Yoast SEO plugin. -->","yoast_head_json":{"title":"SAFETY JOGGER TRZEWIK DAKAR S3 - KAMEX BHP - SKLEP INTERNETOWY Z ARTYKU\u0141AMI BHP NAJWY\u017bSZEJ JAKO\u015aCI","description":"Trzewiki Safety Jogger DAKAR S3 \u2013 wodoodporne, antypo\u015blizgowe, z podnoskiem i podeszw\u0105 odporn\u0105 na przebicie, komfort ca\u0142ego dnia.","robots":{"index":"index","follow":"follow","max-snippet":"max-snippet:-1","max-image-preview":"max-image-preview:large","max-video-preview":"max-video-preview:-1"},"canonical":"https:\/\/kamexbhp.pl\/sklep\/produkt\/safety-jogger-trzewik-dakar-s3\/","og_locale":"pl_PL","og_type":"article","og_title":"SAFETY JOGGER TRZEWIK DAKAR S3 - KAMEX BHP - SKLEP INTERNETOWY Z ARTYKU\u0141AMI BHP NAJWY\u017bSZEJ JAKO\u015aCI","og_description":"Trzewiki Safety Jogger DAKAR S3 \u2013 wodoodporne, antypo\u015blizgowe, z podnoskiem i podeszw\u0105 odporn\u0105 na przebicie, komfort ca\u0142ego dnia.","og_url":"https:\/\/kamexbhp.pl\/sklep\/produkt\/safety-jogger-trzewik-dakar-s3\/","og_site_name":"KAMEX BHP - SKLEP INTERNETOWY Z ARTYKU\u0141AMI BHP NAJWY\u017bSZEJ JAKO\u015aCI","article_publisher":"https:\/\/www.facebook.com\/bhp.kamex","article_modified_time":"2026-01-29T08:12:01+00:00","og_image":[{"width":640,"height":640,"url":"https:\/\/kamexbhp.pl\/sklep\/wp-content\/uploads\/2025\/10\/DAKAR-019-WEB01.webp","type":"image\/webp"}],"twitter_card":"summary_large_image","twitter_misc":{"Szacowany czas czytania":"1 minuta"},"schema":{"@context":"https:\/\/schema.org","@graph":[{"@type":"WebPage","@id":"https:\/\/kamexbhp.pl\/sklep\/produkt\/safety-jogger-trzewik-dakar-s3\/","url":"https:\/\/kamexbhp.pl\/sklep\/produkt\/safety-jogger-trzewik-dakar-s3\/","name":"SAFETY JOGGER TRZEWIK DAKAR S3 - KAMEX BHP - SKLEP INTERNETOWY Z ARTYKU\u0141AMI BHP NAJWY\u017bSZEJ JAKO\u015aCI","isPartOf":{"@id":"https:\/\/kamexbhp.pl\/sklep\/#website"},"primaryImageOfPage":{"@id":"https:\/\/kamexbhp.pl\/sklep\/produkt\/safety-jogger-trzewik-dakar-s3\/#primaryimage"},"image":{"@id":"https:\/\/kamexbhp.pl\/sklep\/produkt\/safety-jogger-trzewik-dakar-s3\/#primaryimage"},"thumbnailUrl":"https:\/\/kamexbhp.pl\/sklep\/wp-content\/uploads\/2025\/10\/DAKAR-019-WEB01.webp","datePublished":"2025-10-02T08:32:00+00:00","dateModified":"2026-01-29T08:12:01+00:00","description":"Trzewiki Safety Jogger DAKAR S3 \u2013 wodoodporne, antypo\u015blizgowe, z podnoskiem i podeszw\u0105 odporn\u0105 na przebicie, komfort ca\u0142ego dnia.","breadcrumb":{"@id":"https:\/\/kamexbhp.pl\/sklep\/produkt\/safety-jogger-trzewik-dakar-s3\/#breadcrumb"},"inLanguage":"pl-PL","potentialAction":[{"@type":"ReadAction","target":["https:\/\/kamexbhp.pl\/sklep\/produkt\/safety-jogger-trzewik-dakar-s3\/"]}]},{"@type":"ImageObject","inLanguage":"pl-PL","@id":"https:\/\/kamexbhp.pl\/sklep\/produkt\/safety-jogger-trzewik-dakar-s3\/#primaryimage","url":"https:\/\/kamexbhp.pl\/sklep\/wp-content\/uploads\/2025\/10\/DAKAR-019-WEB01.webp","contentUrl":"https:\/\/kamexbhp.pl\/sklep\/wp-content\/uploads\/2025\/10\/DAKAR-019-WEB01.webp","width":640,"height":640},{"@type":"BreadcrumbList","@id":"https:\/\/kamexbhp.pl\/sklep\/produkt\/safety-jogger-trzewik-dakar-s3\/#breadcrumb","itemListElement":[{"@type":"ListItem","position":1,"name":"Strona g\u0142\u00f3wna","item":"https:\/\/kamexbhp.pl\/sklep\/"},{"@type":"ListItem","position":2,"name":"Sklep","item":"https:\/\/kamexbhp.pl\/sklep\/sklep\/"},{"@type":"ListItem","position":3,"name":"SAFETY JOGGER TRZEWIK DAKAR S3"}]},{"@type":"WebSite","@id":"https:\/\/kamexbhp.pl\/sklep\/#website","url":"https:\/\/kamexbhp.pl\/sklep\/","name":"KAMEX BHP - SKLEP INTERNETOWY Z ARTYKU\u0141AMI BHP NAJWY\u017bSZEJ JAKO\u015aCI","description":"Artuku\u0142y BHP najwy\u017cszej jako\u015bci!","publisher":{"@id":"https:\/\/kamexbhp.pl\/sklep\/#organization"},"potentialAction":[{"@type":"SearchAction","target":{"@type":"EntryPoint","urlTemplate":"https:\/\/kamexbhp.pl\/sklep\/?s={search_term_string}"},"query-input":{"@type":"PropertyValueSpecification","valueRequired":true,"valueName":"search_term_string"}}],"inLanguage":"pl-PL"},{"@type":"Organization","@id":"https:\/\/kamexbhp.pl\/sklep\/#organization","name":"KAMEX-BHP - SKLEP BHP - Odzie\u017c i obuwie robocze","url":"https:\/\/kamexbhp.pl\/sklep\/","logo":{"@type":"ImageObject","inLanguage":"pl-PL","@id":"https:\/\/kamexbhp.pl\/sklep\/#\/schema\/logo\/image\/","url":"https:\/\/kamexbhp.pl\/sklep\/wp-content\/uploads\/2025\/01\/KAMEX-BHP-Logo-1080-x-1080.png","contentUrl":"https:\/\/kamexbhp.pl\/sklep\/wp-content\/uploads\/2025\/01\/KAMEX-BHP-Logo-1080-x-1080.png","width":1080,"height":1080,"caption":"KAMEX-BHP - SKLEP BHP - Odzie\u017c i obuwie robocze"},"image":{"@id":"https:\/\/kamexbhp.pl\/sklep\/#\/schema\/logo\/image\/"},"sameAs":["https:\/\/www.facebook.com\/bhp.kamex","https:\/\/www.instagram.com\/kamexbhp\/"]}]}},"_links":{"self":[{"href":"https:\/\/kamexbhp.pl\/sklep\/wp-json\/wp\/v2\/product\/8952","targetHints":{"allow":["GET"]}}],"collection":[{"href":"https:\/\/kamexbhp.pl\/sklep\/wp-json\/wp\/v2\/product"}],"about":[{"href":"https:\/\/kamexbhp.pl\/sklep\/wp-json\/wp\/v2\/types\/product"}],"replies":[{"embeddable":true,"href":"https:\/\/kamexbhp.pl\/sklep\/wp-json\/wp\/v2\/comments?post=8952"}],"version-history":[{"count":1,"href":"https:\/\/kamexbhp.pl\/sklep\/wp-json\/wp\/v2\/product\/8952\/revisions"}],"predecessor-version":[{"id":8964,"href":"https:\/\/kamexbhp.pl\/sklep\/wp-json\/wp\/v2\/product\/8952\/revisions\/8964"}],"wp:featuredmedia":[{"embeddable":true,"href":"https:\/\/kamexbhp.pl\/sklep\/wp-json\/wp\/v2\/media\/8953"}],"wp:attachment":[{"href":"https:\/\/kamexbhp.pl\/sklep\/wp-json\/wp\/v2\/media?parent=8952"}],"wp:term":[{"taxonomy":"product_brand","embeddable":true,"href":"https:\/\/kamexbhp.pl\/sklep\/wp-json\/wp\/v2\/product_brand?post=8952"},{"taxonomy":"product_cat","embeddable":true,"href":"https:\/\/kamexbhp.pl\/sklep\/wp-json\/wp\/v2\/product_cat?post=8952"},{"taxonomy":"product_tag","embeddable":true,"href":"https:\/\/kamexbhp.pl\/sklep\/wp-json\/wp\/v2\/product_tag?post=8952"}],"curies":[{"name":"wp","href":"https:\/\/api.w.org\/{rel}","templated":true}]}}