{"id":8940,"date":"2025-10-02T09:59:57","date_gmt":"2025-10-02T07:59:57","guid":{"rendered":"https:\/\/kamexbhp.pl\/sklep\/?post_type=product&#038;p=8940"},"modified":"2026-01-29T09:17:59","modified_gmt":"2026-01-29T08:17:59","slug":"safety-jogger-polbut-ecodempo-s3s","status":"publish","type":"product","link":"https:\/\/kamexbhp.pl\/sklep\/produkt\/safety-jogger-polbut-ecodempo-s3s\/","title":{"rendered":"SAFETY JOGGER P\u00d3\u0141BUT ECODEMPO S3S"},"content":{"rendered":"<p data-start=\"144\" data-end=\"897\">P\u00f3\u0142buty ochronne <strong data-start=\"161\" data-end=\"195\">Safety Jogger ECODEMPO S3S LOW<\/strong> to nowoczesne, <strong data-start=\"211\" data-end=\"237\">ekologiczne obuwie BHP<\/strong> wykonane z materia\u0142\u00f3w pochodz\u0105cych z recyklingu. Nie zawieraj\u0105 metalu, dzi\u0119ki czemu s\u0105 lekkie i przechodz\u0105 przez wykrywacze metalu. Wyposa\u017cone w <strong data-start=\"383\" data-end=\"407\">kompozytowy podnosek<\/strong> oraz podeszw\u0119 odporn\u0105 na przebicie i po\u015blizg, zapewniaj\u0105 najwy\u017cszy poziom bezpiecze\u0144stwa w pracy. Buty posiadaj\u0105 <strong data-start=\"521\" data-end=\"539\">certyfikat ESD<\/strong>, chroni\u0105c przed wy\u0142adowaniami elektrostatycznymi, co czyni je idealnym wyborem dla bran\u017cy monta\u017cowej, motoryzacyjnej, logistycznej i przemys\u0142owej. Komfort u\u017cytkowania podnosz\u0105 <strong data-start=\"716\" data-end=\"740\">oddychaj\u0105ca cholewka<\/strong>, wodoodporno\u015b\u0107 oraz mo\u017cliwo\u015b\u0107 zastosowania <strong data-start=\"784\" data-end=\"817\">ortopedycznej wk\u0142adki Neskrid<\/strong>. Ich lekka konstrukcja nie obci\u0105\u017ca n\u00f3g i umo\u017cliwia swobodny ruch podczas pracy.<\/p>\n<p data-start=\"899\" data-end=\"951\"><strong data-start=\"899\" data-end=\"949\">Cechy p\u00f3\u0142but\u00f3w Safety Jogger ECODEMPO S3S LOW:<\/strong><\/p>\n<ul data-start=\"952\" data-end=\"1463\">\n<li data-start=\"952\" data-end=\"1027\">\n<p data-start=\"954\" data-end=\"1027\">Niezawieraj\u0105ce metalu \u2013 ultralekkie, przechodz\u0105 przez wykrywacze metalu<\/p>\n<\/li>\n<li data-start=\"1028\" data-end=\"1095\">\n<p data-start=\"1030\" data-end=\"1095\">Certyfikat ESD \u2013 ochrona przed wy\u0142adowaniami elektrostatycznymi<\/p>\n<\/li>\n<li data-start=\"1096\" data-end=\"1148\">\n<p data-start=\"1098\" data-end=\"1148\">Kompozytowy podnosek \u2013 maksymalna ochrona palc\u00f3w<\/p>\n<\/li>\n<li data-start=\"1149\" data-end=\"1215\">\n<p data-start=\"1151\" data-end=\"1215\">Podeszwa zewn\u0119trzna odporna na oleje, paliwo, ciep\u0142o i po\u015blizg<\/p>\n<\/li>\n<li data-start=\"1216\" data-end=\"1258\">\n<p data-start=\"1218\" data-end=\"1258\">Podeszwa \u015brodkowa odporna na przebicie<\/p>\n<\/li>\n<li data-start=\"1259\" data-end=\"1288\">\n<p data-start=\"1261\" data-end=\"1288\">Wodoodporne i oddychaj\u0105ce<\/p>\n<\/li>\n<li data-start=\"1289\" data-end=\"1335\">\n<p data-start=\"1291\" data-end=\"1335\">Ortopedyczne dopasowanie (wk\u0142adka Neskrid)<\/p>\n<\/li>\n<li data-start=\"1336\" data-end=\"1378\">\n<p data-start=\"1338\" data-end=\"1378\">Bardzo szeroki kr\u00f3j dla komfortu pracy<\/p>\n<\/li>\n<li data-start=\"1379\" data-end=\"1428\">\n<p data-start=\"1381\" data-end=\"1428\">Lekka konstrukcja zmniejszaj\u0105ca zm\u0119czenie n\u00f3g<\/p>\n<\/li>\n<li data-start=\"1429\" data-end=\"1463\">\n<p data-start=\"1431\" data-end=\"1463\">Trwa\u0142a i odporna na zadrapania<\/p>\n<\/li>\n<\/ul>\n","protected":false},"excerpt":{"rendered":"<p>P\u00f3\u0142buty Safety Jogger ECODEMPO S3S LOW \u2013 lekkie, wodoodporne obuwie BHP z kompozytowym podnoskiem, antypo\u015blizgowe, odporne na przebicie, z certyfikatem ESD, ekologiczne i komfortowe.<\/p>\n","protected":false},"featured_media":8941,"comment_status":"open","ping_status":"closed","template":"","meta":[],"product_brand":[2072],"product_cat":[127],"product_tag":[2078,799,477,2077,2079,1786,2080,525,2076],"class_list":{"0":"post-8940","1":"product","2":"type-product","3":"status-publish","4":"has-post-thumbnail","6":"product_brand-safety-jogger","7":"product_cat-polbuty","8":"product_tag-buty-bez-metalu","9":"product_tag-buty-bhp","10":"product_tag-buty-do-pracy","11":"product_tag-ecodempo-s3s","12":"product_tag-lekkie-buty-robocze","13":"product_tag-obuwie-esd","14":"product_tag-obuwie-przemyslowe","15":"product_tag-polbuty-ochronne","16":"product_tag-safety-jogger","18":"first","19":"instock","20":"taxable","21":"shipping-taxable","22":"purchasable","23":"product-type-variable"},"yoast_head":"<!-- This site is optimized with the Yoast SEO plugin v25.6 - https:\/\/yoast.com\/wordpress\/plugins\/seo\/ -->\n<title>SAFETY JOGGER P\u00d3\u0141BUT ECODEMPO S3S - KAMEX BHP - SKLEP INTERNETOWY Z ARTYKU\u0141AMI BHP NAJWY\u017bSZEJ JAKO\u015aCI<\/title>\n<meta name=\"description\" content=\"P\u00f3\u0142buty Safety Jogger ECODEMPO S3S LOW, lekkie, wodoodporne, z kompozytowym podnoskiem, ESD, antypo\u015blizgowe, ekologiczne.\" \/>\n<meta name=\"robots\" content=\"index, follow, max-snippet:-1, max-image-preview:large, max-video-preview:-1\" \/>\n<link rel=\"canonical\" href=\"https:\/\/kamexbhp.pl\/sklep\/produkt\/safety-jogger-polbut-ecodempo-s3s\/\" \/>\n<meta property=\"og:locale\" content=\"pl_PL\" \/>\n<meta property=\"og:type\" content=\"article\" \/>\n<meta property=\"og:title\" content=\"SAFETY JOGGER P\u00d3\u0141BUT ECODEMPO S3S - KAMEX BHP - SKLEP INTERNETOWY Z ARTYKU\u0141AMI BHP NAJWY\u017bSZEJ JAKO\u015aCI\" \/>\n<meta property=\"og:description\" content=\"P\u00f3\u0142buty Safety Jogger ECODEMPO S3S LOW, lekkie, wodoodporne, z kompozytowym podnoskiem, ESD, antypo\u015blizgowe, ekologiczne.\" \/>\n<meta property=\"og:url\" content=\"https:\/\/kamexbhp.pl\/sklep\/produkt\/safety-jogger-polbut-ecodempo-s3s\/\" \/>\n<meta property=\"og:site_name\" content=\"KAMEX BHP - SKLEP INTERNETOWY Z ARTYKU\u0141AMI BHP NAJWY\u017bSZEJ JAKO\u015aCI\" \/>\n<meta property=\"article:publisher\" content=\"https:\/\/www.facebook.com\/bhp.kamex\" \/>\n<meta property=\"article:modified_time\" content=\"2026-01-29T08:17:59+00:00\" \/>\n<meta property=\"og:image\" content=\"https:\/\/kamexbhp.pl\/sklep\/wp-content\/uploads\/2025\/10\/ECODEMPS3L-BLK-WEB01.webp\" \/>\n\t<meta property=\"og:image:width\" content=\"640\" \/>\n\t<meta property=\"og:image:height\" content=\"640\" \/>\n\t<meta property=\"og:image:type\" content=\"image\/webp\" \/>\n<meta name=\"twitter:card\" content=\"summary_large_image\" \/>\n<meta name=\"twitter:label1\" content=\"Szacowany czas czytania\" \/>\n\t<meta name=\"twitter:data1\" content=\"2 minuty\" \/>\n<script type=\"application\/ld+json\" class=\"yoast-schema-graph\">{\"@context\":\"https:\/\/schema.org\",\"@graph\":[{\"@type\":\"WebPage\",\"@id\":\"https:\/\/kamexbhp.pl\/sklep\/produkt\/safety-jogger-polbut-ecodempo-s3s\/\",\"url\":\"https:\/\/kamexbhp.pl\/sklep\/produkt\/safety-jogger-polbut-ecodempo-s3s\/\",\"name\":\"SAFETY JOGGER P\u00d3\u0141BUT ECODEMPO S3S - KAMEX BHP - SKLEP INTERNETOWY Z ARTYKU\u0141AMI BHP NAJWY\u017bSZEJ JAKO\u015aCI\",\"isPartOf\":{\"@id\":\"https:\/\/kamexbhp.pl\/sklep\/#website\"},\"primaryImageOfPage\":{\"@id\":\"https:\/\/kamexbhp.pl\/sklep\/produkt\/safety-jogger-polbut-ecodempo-s3s\/#primaryimage\"},\"image\":{\"@id\":\"https:\/\/kamexbhp.pl\/sklep\/produkt\/safety-jogger-polbut-ecodempo-s3s\/#primaryimage\"},\"thumbnailUrl\":\"https:\/\/kamexbhp.pl\/sklep\/wp-content\/uploads\/2025\/10\/ECODEMPS3L-BLK-WEB01.webp\",\"datePublished\":\"2025-10-02T07:59:57+00:00\",\"dateModified\":\"2026-01-29T08:17:59+00:00\",\"description\":\"P\u00f3\u0142buty Safety Jogger ECODEMPO S3S LOW, lekkie, wodoodporne, z kompozytowym podnoskiem, ESD, antypo\u015blizgowe, ekologiczne.\",\"breadcrumb\":{\"@id\":\"https:\/\/kamexbhp.pl\/sklep\/produkt\/safety-jogger-polbut-ecodempo-s3s\/#breadcrumb\"},\"inLanguage\":\"pl-PL\",\"potentialAction\":[{\"@type\":\"ReadAction\",\"target\":[\"https:\/\/kamexbhp.pl\/sklep\/produkt\/safety-jogger-polbut-ecodempo-s3s\/\"]}]},{\"@type\":\"ImageObject\",\"inLanguage\":\"pl-PL\",\"@id\":\"https:\/\/kamexbhp.pl\/sklep\/produkt\/safety-jogger-polbut-ecodempo-s3s\/#primaryimage\",\"url\":\"https:\/\/kamexbhp.pl\/sklep\/wp-content\/uploads\/2025\/10\/ECODEMPS3L-BLK-WEB01.webp\",\"contentUrl\":\"https:\/\/kamexbhp.pl\/sklep\/wp-content\/uploads\/2025\/10\/ECODEMPS3L-BLK-WEB01.webp\",\"width\":640,\"height\":640},{\"@type\":\"BreadcrumbList\",\"@id\":\"https:\/\/kamexbhp.pl\/sklep\/produkt\/safety-jogger-polbut-ecodempo-s3s\/#breadcrumb\",\"itemListElement\":[{\"@type\":\"ListItem\",\"position\":1,\"name\":\"Strona g\u0142\u00f3wna\",\"item\":\"https:\/\/kamexbhp.pl\/sklep\/\"},{\"@type\":\"ListItem\",\"position\":2,\"name\":\"Sklep\",\"item\":\"https:\/\/kamexbhp.pl\/sklep\/sklep\/\"},{\"@type\":\"ListItem\",\"position\":3,\"name\":\"SAFETY JOGGER P\u00d3\u0141BUT ECODEMPO S3S\"}]},{\"@type\":\"WebSite\",\"@id\":\"https:\/\/kamexbhp.pl\/sklep\/#website\",\"url\":\"https:\/\/kamexbhp.pl\/sklep\/\",\"name\":\"KAMEX BHP - SKLEP INTERNETOWY Z ARTYKU\u0141AMI BHP NAJWY\u017bSZEJ JAKO\u015aCI\",\"description\":\"Artuku\u0142y BHP najwy\u017cszej jako\u015bci!\",\"publisher\":{\"@id\":\"https:\/\/kamexbhp.pl\/sklep\/#organization\"},\"potentialAction\":[{\"@type\":\"SearchAction\",\"target\":{\"@type\":\"EntryPoint\",\"urlTemplate\":\"https:\/\/kamexbhp.pl\/sklep\/?s={search_term_string}\"},\"query-input\":{\"@type\":\"PropertyValueSpecification\",\"valueRequired\":true,\"valueName\":\"search_term_string\"}}],\"inLanguage\":\"pl-PL\"},{\"@type\":\"Organization\",\"@id\":\"https:\/\/kamexbhp.pl\/sklep\/#organization\",\"name\":\"KAMEX-BHP - SKLEP BHP - Odzie\u017c i obuwie robocze\",\"url\":\"https:\/\/kamexbhp.pl\/sklep\/\",\"logo\":{\"@type\":\"ImageObject\",\"inLanguage\":\"pl-PL\",\"@id\":\"https:\/\/kamexbhp.pl\/sklep\/#\/schema\/logo\/image\/\",\"url\":\"https:\/\/kamexbhp.pl\/sklep\/wp-content\/uploads\/2025\/01\/KAMEX-BHP-Logo-1080-x-1080.png\",\"contentUrl\":\"https:\/\/kamexbhp.pl\/sklep\/wp-content\/uploads\/2025\/01\/KAMEX-BHP-Logo-1080-x-1080.png\",\"width\":1080,\"height\":1080,\"caption\":\"KAMEX-BHP - SKLEP BHP - Odzie\u017c i obuwie robocze\"},\"image\":{\"@id\":\"https:\/\/kamexbhp.pl\/sklep\/#\/schema\/logo\/image\/\"},\"sameAs\":[\"https:\/\/www.facebook.com\/bhp.kamex\",\"https:\/\/www.instagram.com\/kamexbhp\/\"]}]}<\/script>\n<!-- \/ Yoast SEO plugin. -->","yoast_head_json":{"title":"SAFETY JOGGER P\u00d3\u0141BUT ECODEMPO S3S - KAMEX BHP - SKLEP INTERNETOWY Z ARTYKU\u0141AMI BHP NAJWY\u017bSZEJ JAKO\u015aCI","description":"P\u00f3\u0142buty Safety Jogger ECODEMPO S3S LOW, lekkie, wodoodporne, z kompozytowym podnoskiem, ESD, antypo\u015blizgowe, ekologiczne.","robots":{"index":"index","follow":"follow","max-snippet":"max-snippet:-1","max-image-preview":"max-image-preview:large","max-video-preview":"max-video-preview:-1"},"canonical":"https:\/\/kamexbhp.pl\/sklep\/produkt\/safety-jogger-polbut-ecodempo-s3s\/","og_locale":"pl_PL","og_type":"article","og_title":"SAFETY JOGGER P\u00d3\u0141BUT ECODEMPO S3S - KAMEX BHP - SKLEP INTERNETOWY Z ARTYKU\u0141AMI BHP NAJWY\u017bSZEJ JAKO\u015aCI","og_description":"P\u00f3\u0142buty Safety Jogger ECODEMPO S3S LOW, lekkie, wodoodporne, z kompozytowym podnoskiem, ESD, antypo\u015blizgowe, ekologiczne.","og_url":"https:\/\/kamexbhp.pl\/sklep\/produkt\/safety-jogger-polbut-ecodempo-s3s\/","og_site_name":"KAMEX BHP - SKLEP INTERNETOWY Z ARTYKU\u0141AMI BHP NAJWY\u017bSZEJ JAKO\u015aCI","article_publisher":"https:\/\/www.facebook.com\/bhp.kamex","article_modified_time":"2026-01-29T08:17:59+00:00","og_image":[{"width":640,"height":640,"url":"https:\/\/kamexbhp.pl\/sklep\/wp-content\/uploads\/2025\/10\/ECODEMPS3L-BLK-WEB01.webp","type":"image\/webp"}],"twitter_card":"summary_large_image","twitter_misc":{"Szacowany czas czytania":"2 minuty"},"schema":{"@context":"https:\/\/schema.org","@graph":[{"@type":"WebPage","@id":"https:\/\/kamexbhp.pl\/sklep\/produkt\/safety-jogger-polbut-ecodempo-s3s\/","url":"https:\/\/kamexbhp.pl\/sklep\/produkt\/safety-jogger-polbut-ecodempo-s3s\/","name":"SAFETY JOGGER P\u00d3\u0141BUT ECODEMPO S3S - KAMEX BHP - SKLEP INTERNETOWY Z ARTYKU\u0141AMI BHP NAJWY\u017bSZEJ JAKO\u015aCI","isPartOf":{"@id":"https:\/\/kamexbhp.pl\/sklep\/#website"},"primaryImageOfPage":{"@id":"https:\/\/kamexbhp.pl\/sklep\/produkt\/safety-jogger-polbut-ecodempo-s3s\/#primaryimage"},"image":{"@id":"https:\/\/kamexbhp.pl\/sklep\/produkt\/safety-jogger-polbut-ecodempo-s3s\/#primaryimage"},"thumbnailUrl":"https:\/\/kamexbhp.pl\/sklep\/wp-content\/uploads\/2025\/10\/ECODEMPS3L-BLK-WEB01.webp","datePublished":"2025-10-02T07:59:57+00:00","dateModified":"2026-01-29T08:17:59+00:00","description":"P\u00f3\u0142buty Safety Jogger ECODEMPO S3S LOW, lekkie, wodoodporne, z kompozytowym podnoskiem, ESD, antypo\u015blizgowe, ekologiczne.","breadcrumb":{"@id":"https:\/\/kamexbhp.pl\/sklep\/produkt\/safety-jogger-polbut-ecodempo-s3s\/#breadcrumb"},"inLanguage":"pl-PL","potentialAction":[{"@type":"ReadAction","target":["https:\/\/kamexbhp.pl\/sklep\/produkt\/safety-jogger-polbut-ecodempo-s3s\/"]}]},{"@type":"ImageObject","inLanguage":"pl-PL","@id":"https:\/\/kamexbhp.pl\/sklep\/produkt\/safety-jogger-polbut-ecodempo-s3s\/#primaryimage","url":"https:\/\/kamexbhp.pl\/sklep\/wp-content\/uploads\/2025\/10\/ECODEMPS3L-BLK-WEB01.webp","contentUrl":"https:\/\/kamexbhp.pl\/sklep\/wp-content\/uploads\/2025\/10\/ECODEMPS3L-BLK-WEB01.webp","width":640,"height":640},{"@type":"BreadcrumbList","@id":"https:\/\/kamexbhp.pl\/sklep\/produkt\/safety-jogger-polbut-ecodempo-s3s\/#breadcrumb","itemListElement":[{"@type":"ListItem","position":1,"name":"Strona g\u0142\u00f3wna","item":"https:\/\/kamexbhp.pl\/sklep\/"},{"@type":"ListItem","position":2,"name":"Sklep","item":"https:\/\/kamexbhp.pl\/sklep\/sklep\/"},{"@type":"ListItem","position":3,"name":"SAFETY JOGGER P\u00d3\u0141BUT ECODEMPO S3S"}]},{"@type":"WebSite","@id":"https:\/\/kamexbhp.pl\/sklep\/#website","url":"https:\/\/kamexbhp.pl\/sklep\/","name":"KAMEX BHP - SKLEP INTERNETOWY Z ARTYKU\u0141AMI BHP NAJWY\u017bSZEJ JAKO\u015aCI","description":"Artuku\u0142y BHP najwy\u017cszej jako\u015bci!","publisher":{"@id":"https:\/\/kamexbhp.pl\/sklep\/#organization"},"potentialAction":[{"@type":"SearchAction","target":{"@type":"EntryPoint","urlTemplate":"https:\/\/kamexbhp.pl\/sklep\/?s={search_term_string}"},"query-input":{"@type":"PropertyValueSpecification","valueRequired":true,"valueName":"search_term_string"}}],"inLanguage":"pl-PL"},{"@type":"Organization","@id":"https:\/\/kamexbhp.pl\/sklep\/#organization","name":"KAMEX-BHP - SKLEP BHP - Odzie\u017c i obuwie robocze","url":"https:\/\/kamexbhp.pl\/sklep\/","logo":{"@type":"ImageObject","inLanguage":"pl-PL","@id":"https:\/\/kamexbhp.pl\/sklep\/#\/schema\/logo\/image\/","url":"https:\/\/kamexbhp.pl\/sklep\/wp-content\/uploads\/2025\/01\/KAMEX-BHP-Logo-1080-x-1080.png","contentUrl":"https:\/\/kamexbhp.pl\/sklep\/wp-content\/uploads\/2025\/01\/KAMEX-BHP-Logo-1080-x-1080.png","width":1080,"height":1080,"caption":"KAMEX-BHP - SKLEP BHP - Odzie\u017c i obuwie robocze"},"image":{"@id":"https:\/\/kamexbhp.pl\/sklep\/#\/schema\/logo\/image\/"},"sameAs":["https:\/\/www.facebook.com\/bhp.kamex","https:\/\/www.instagram.com\/kamexbhp\/"]}]}},"_links":{"self":[{"href":"https:\/\/kamexbhp.pl\/sklep\/wp-json\/wp\/v2\/product\/8940","targetHints":{"allow":["GET"]}}],"collection":[{"href":"https:\/\/kamexbhp.pl\/sklep\/wp-json\/wp\/v2\/product"}],"about":[{"href":"https:\/\/kamexbhp.pl\/sklep\/wp-json\/wp\/v2\/types\/product"}],"replies":[{"embeddable":true,"href":"https:\/\/kamexbhp.pl\/sklep\/wp-json\/wp\/v2\/comments?post=8940"}],"version-history":[{"count":1,"href":"https:\/\/kamexbhp.pl\/sklep\/wp-json\/wp\/v2\/product\/8940\/revisions"}],"predecessor-version":[{"id":8951,"href":"https:\/\/kamexbhp.pl\/sklep\/wp-json\/wp\/v2\/product\/8940\/revisions\/8951"}],"wp:featuredmedia":[{"embeddable":true,"href":"https:\/\/kamexbhp.pl\/sklep\/wp-json\/wp\/v2\/media\/8941"}],"wp:attachment":[{"href":"https:\/\/kamexbhp.pl\/sklep\/wp-json\/wp\/v2\/media?parent=8940"}],"wp:term":[{"taxonomy":"product_brand","embeddable":true,"href":"https:\/\/kamexbhp.pl\/sklep\/wp-json\/wp\/v2\/product_brand?post=8940"},{"taxonomy":"product_cat","embeddable":true,"href":"https:\/\/kamexbhp.pl\/sklep\/wp-json\/wp\/v2\/product_cat?post=8940"},{"taxonomy":"product_tag","embeddable":true,"href":"https:\/\/kamexbhp.pl\/sklep\/wp-json\/wp\/v2\/product_tag?post=8940"}],"curies":[{"name":"wp","href":"https:\/\/api.w.org\/{rel}","templated":true}]}}