{"id":8929,"date":"2025-10-02T09:34:51","date_gmt":"2025-10-02T07:34:51","guid":{"rendered":"https:\/\/kamexbhp.pl\/sklep\/?post_type=product&#038;p=8929"},"modified":"2026-01-29T09:23:24","modified_gmt":"2026-01-29T08:23:24","slug":"safety-jogger-trzewik-modulo-s3s","status":"publish","type":"product","link":"https:\/\/kamexbhp.pl\/sklep\/produkt\/safety-jogger-trzewik-modulo-s3s\/","title":{"rendered":"SAFETY JOGGER TRZEWIK Modulo S3S"},"content":{"rendered":"<p data-start=\"206\" data-end=\"467\">Nowoczesne i ultralekkie <strong data-start=\"231\" data-end=\"257\">buty robocze klasy S3S<\/strong> stworzone dla maksymalnej ochrony i komfortu pracy. Doskonale sprawdzaj\u0105 si\u0119 w wymagaj\u0105cych warunkach, zapewniaj\u0105c bezpiecze\u0144stwo, odporno\u015b\u0107 na wod\u0119 i doskona\u0142\u0105 przyczepno\u015b\u0107 nawet na \u015bliskich powierzchniach.<\/p>\n<h4 data-start=\"469\" data-end=\"484\"><strong data-start=\"474\" data-end=\"484\">Cechy:<\/strong><\/h4>\n<ul data-start=\"485\" data-end=\"1523\">\n<li data-start=\"485\" data-end=\"588\">\n<p data-start=\"487\" data-end=\"588\"><strong data-start=\"487\" data-end=\"531\">Klasa bezpiecze\u0144stwa S3S ESD CI FO SR SC<\/strong> \u2013 najwy\u017cszy poziom ochrony w trudnych warunkach pracy.<\/p>\n<\/li>\n<li data-start=\"589\" data-end=\"687\">\n<p data-start=\"591\" data-end=\"687\"><strong data-start=\"591\" data-end=\"623\">Podnosek Nano Carbon (\u2265200J)<\/strong> \u2013 lekki, niemetalowy, zapewnia skuteczn\u0105 ochron\u0119 palc\u00f3w st\u00f3p.<\/p>\n<\/li>\n<li data-start=\"688\" data-end=\"815\">\n<p data-start=\"690\" data-end=\"815\"><strong data-start=\"690\" data-end=\"746\">Superelastyczna i ultralekka wk\u0142adka antyprzebiciowa<\/strong> \u2013 chroni 100% dolnego obszaru stopy, brak przewodnictwa cieplnego.<\/p>\n<\/li>\n<li data-start=\"816\" data-end=\"943\">\n<p data-start=\"818\" data-end=\"943\"><strong data-start=\"818\" data-end=\"848\">Podeszwa antypo\u015blizgowa SR<\/strong> \u2013 testowana na p\u0142ytkach pokrytych myd\u0142em i olejem, gwarantuje przyczepno\u015b\u0107 i bezpiecze\u0144stwo.<\/p>\n<\/li>\n<li data-start=\"944\" data-end=\"1039\">\n<p data-start=\"946\" data-end=\"1039\"><strong data-start=\"946\" data-end=\"976\">Absorpcja energii w pi\u0119cie<\/strong> \u2013 zmniejsza zm\u0119czenie, chroni stawy przy skokach i bieganiu.<\/p>\n<\/li>\n<li data-start=\"1040\" data-end=\"1125\">\n<p data-start=\"1042\" data-end=\"1125\"><strong data-start=\"1042\" data-end=\"1085\">FO \u2013 podeszwa odporna na oleje i paliwa<\/strong> \u2013 idealna do \u015brodowisk przemys\u0142owych.<\/p>\n<\/li>\n<li data-start=\"1126\" data-end=\"1244\">\n<p data-start=\"1128\" data-end=\"1244\"><strong data-start=\"1128\" data-end=\"1184\">ESD \u2013 ochrona przed wy\u0142adowaniami elektrostatycznymi<\/strong> \u2013 kontrolowane odprowadzanie \u0142adunk\u00f3w elektrostatycznych.<\/p>\n<\/li>\n<li data-start=\"1245\" data-end=\"1362\">\n<p data-start=\"1247\" data-end=\"1362\"><strong data-start=\"1247\" data-end=\"1286\">SC \u2013 dodatkowe zabezpieczenie noska<\/strong> \u2013 zwi\u0119kszona trwa\u0142o\u015b\u0107 cholewki, odporno\u015b\u0107 na \u015bcieranie podczas kl\u0119czenia.<\/p>\n<\/li>\n<li data-start=\"1363\" data-end=\"1418\">\n<p data-start=\"1365\" data-end=\"1418\"><strong data-start=\"1365\" data-end=\"1392\">CI \u2013 izolacja termiczna<\/strong> \u2013 ochrona przed zimnem.<\/p>\n<\/li>\n<li data-start=\"1419\" data-end=\"1523\">\n<p data-start=\"1421\" data-end=\"1523\"><strong data-start=\"1421\" data-end=\"1451\">WPA \u2013 wodoodporna cholewka<\/strong> \u2013 odporno\u015b\u0107 na penetracj\u0119 i absorpcj\u0119 wody, hydrofobowy wierzch buta.<\/p>\n<\/li>\n<\/ul>\n","protected":false},"excerpt":{"rendered":"<h3 data-start=\"106\" data-end=\"157\"><strong data-start=\"110\" data-end=\"155\">Buty Robocze Safety Jogger Modulo S3S MID<\/strong><\/h3>\n<p data-start=\"159\" data-end=\"450\">Profesjonalne <strong data-start=\"173\" data-end=\"199\">buty robocze klasy S3S<\/strong> \u0142\u0105cz\u0105ce najwy\u017cszy poziom ochrony z komfortem u\u017cytkowania. Model <strong data-start=\"264\" data-end=\"296\">Modulo S3S MID Safety Jogger<\/strong> zosta\u0142 zaprojektowany do pracy w wymagaj\u0105cych \u015brodowiskach, gdzie liczy si\u0119 bezpiecze\u0144stwo, odporno\u015b\u0107 na czynniki zewn\u0119trzne i wygoda przez ca\u0142y dzie\u0144.<\/p>\n","protected":false},"featured_media":8930,"comment_status":"open","ping_status":"closed","template":"","meta":[],"product_brand":[2072],"product_cat":[126],"product_tag":[2074,2073,820,2075],"class_list":{"0":"post-8929","1":"product","2":"type-product","3":"status-publish","4":"has-post-thumbnail","6":"product_brand-safety-jogger","7":"product_cat-trzewiki","8":"product_tag-buty-ochronne-modulo-s3s","9":"product_tag-buty-robocze-safety-jogger","10":"product_tag-buty-robocze-wodoodporne","11":"product_tag-buty-robocze-z-podnoskiem-nano-carbon","13":"first","14":"instock","15":"taxable","16":"shipping-taxable","17":"purchasable","18":"product-type-variable"},"yoast_head":"<!-- This site is optimized with the Yoast SEO plugin v25.6 - https:\/\/yoast.com\/wordpress\/plugins\/seo\/ -->\n<title>SAFETY JOGGER TRZEWIK Modulo S3S - KAMEX BHP - SKLEP INTERNETOWY Z ARTYKU\u0141AMI BHP NAJWY\u017bSZEJ JAKO\u015aCI<\/title>\n<meta name=\"description\" content=\"ChatGPT powiedzia\u0142:Buty robocze Safety Jogger Modulo S3S MID \u2013 wodoodporne, antypo\u015blizgowe, z podnoskiem Nano Carbon i wk\u0142adk\u0105 antyprzebiciow\u0105.\" \/>\n<meta name=\"robots\" content=\"index, follow, max-snippet:-1, max-image-preview:large, max-video-preview:-1\" \/>\n<link rel=\"canonical\" href=\"https:\/\/kamexbhp.pl\/sklep\/produkt\/safety-jogger-trzewik-modulo-s3s\/\" \/>\n<meta property=\"og:locale\" content=\"pl_PL\" \/>\n<meta property=\"og:type\" content=\"article\" \/>\n<meta property=\"og:title\" content=\"SAFETY JOGGER TRZEWIK Modulo S3S - KAMEX BHP - SKLEP INTERNETOWY Z ARTYKU\u0141AMI BHP NAJWY\u017bSZEJ JAKO\u015aCI\" \/>\n<meta property=\"og:description\" content=\"ChatGPT powiedzia\u0142:Buty robocze Safety Jogger Modulo S3S MID \u2013 wodoodporne, antypo\u015blizgowe, z podnoskiem Nano Carbon i wk\u0142adk\u0105 antyprzebiciow\u0105.\" \/>\n<meta property=\"og:url\" content=\"https:\/\/kamexbhp.pl\/sklep\/produkt\/safety-jogger-trzewik-modulo-s3s\/\" \/>\n<meta property=\"og:site_name\" content=\"KAMEX BHP - SKLEP INTERNETOWY Z ARTYKU\u0141AMI BHP NAJWY\u017bSZEJ JAKO\u015aCI\" \/>\n<meta property=\"article:publisher\" content=\"https:\/\/www.facebook.com\/bhp.kamex\" \/>\n<meta property=\"article:modified_time\" content=\"2026-01-29T08:23:24+00:00\" \/>\n<meta property=\"og:image\" content=\"https:\/\/kamexbhp.pl\/sklep\/wp-content\/uploads\/2025\/10\/Najlepsze-Buty-Robocze-Modulo-S3S-MID-Safety-Jogger-Limonkowe.jpg\" \/>\n\t<meta property=\"og:image:width\" content=\"1750\" \/>\n\t<meta property=\"og:image:height\" content=\"1237\" \/>\n\t<meta property=\"og:image:type\" content=\"image\/jpeg\" \/>\n<meta name=\"twitter:card\" content=\"summary_large_image\" \/>\n<meta name=\"twitter:label1\" content=\"Szacowany czas czytania\" \/>\n\t<meta name=\"twitter:data1\" content=\"2 minuty\" \/>\n<script type=\"application\/ld+json\" class=\"yoast-schema-graph\">{\"@context\":\"https:\/\/schema.org\",\"@graph\":[{\"@type\":\"WebPage\",\"@id\":\"https:\/\/kamexbhp.pl\/sklep\/produkt\/safety-jogger-trzewik-modulo-s3s\/\",\"url\":\"https:\/\/kamexbhp.pl\/sklep\/produkt\/safety-jogger-trzewik-modulo-s3s\/\",\"name\":\"SAFETY JOGGER TRZEWIK Modulo S3S - KAMEX BHP - SKLEP INTERNETOWY Z ARTYKU\u0141AMI BHP NAJWY\u017bSZEJ JAKO\u015aCI\",\"isPartOf\":{\"@id\":\"https:\/\/kamexbhp.pl\/sklep\/#website\"},\"primaryImageOfPage\":{\"@id\":\"https:\/\/kamexbhp.pl\/sklep\/produkt\/safety-jogger-trzewik-modulo-s3s\/#primaryimage\"},\"image\":{\"@id\":\"https:\/\/kamexbhp.pl\/sklep\/produkt\/safety-jogger-trzewik-modulo-s3s\/#primaryimage\"},\"thumbnailUrl\":\"https:\/\/kamexbhp.pl\/sklep\/wp-content\/uploads\/2025\/10\/Najlepsze-Buty-Robocze-Modulo-S3S-MID-Safety-Jogger-Limonkowe.jpg\",\"datePublished\":\"2025-10-02T07:34:51+00:00\",\"dateModified\":\"2026-01-29T08:23:24+00:00\",\"description\":\"ChatGPT powiedzia\u0142:Buty robocze Safety Jogger Modulo S3S MID \u2013 wodoodporne, antypo\u015blizgowe, z podnoskiem Nano Carbon i wk\u0142adk\u0105 antyprzebiciow\u0105.\",\"breadcrumb\":{\"@id\":\"https:\/\/kamexbhp.pl\/sklep\/produkt\/safety-jogger-trzewik-modulo-s3s\/#breadcrumb\"},\"inLanguage\":\"pl-PL\",\"potentialAction\":[{\"@type\":\"ReadAction\",\"target\":[\"https:\/\/kamexbhp.pl\/sklep\/produkt\/safety-jogger-trzewik-modulo-s3s\/\"]}]},{\"@type\":\"ImageObject\",\"inLanguage\":\"pl-PL\",\"@id\":\"https:\/\/kamexbhp.pl\/sklep\/produkt\/safety-jogger-trzewik-modulo-s3s\/#primaryimage\",\"url\":\"https:\/\/kamexbhp.pl\/sklep\/wp-content\/uploads\/2025\/10\/Najlepsze-Buty-Robocze-Modulo-S3S-MID-Safety-Jogger-Limonkowe.jpg\",\"contentUrl\":\"https:\/\/kamexbhp.pl\/sklep\/wp-content\/uploads\/2025\/10\/Najlepsze-Buty-Robocze-Modulo-S3S-MID-Safety-Jogger-Limonkowe.jpg\",\"width\":1750,\"height\":1237},{\"@type\":\"BreadcrumbList\",\"@id\":\"https:\/\/kamexbhp.pl\/sklep\/produkt\/safety-jogger-trzewik-modulo-s3s\/#breadcrumb\",\"itemListElement\":[{\"@type\":\"ListItem\",\"position\":1,\"name\":\"Strona g\u0142\u00f3wna\",\"item\":\"https:\/\/kamexbhp.pl\/sklep\/\"},{\"@type\":\"ListItem\",\"position\":2,\"name\":\"Sklep\",\"item\":\"https:\/\/kamexbhp.pl\/sklep\/sklep\/\"},{\"@type\":\"ListItem\",\"position\":3,\"name\":\"SAFETY JOGGER TRZEWIK Modulo S3S\"}]},{\"@type\":\"WebSite\",\"@id\":\"https:\/\/kamexbhp.pl\/sklep\/#website\",\"url\":\"https:\/\/kamexbhp.pl\/sklep\/\",\"name\":\"KAMEX BHP - SKLEP INTERNETOWY Z ARTYKU\u0141AMI BHP NAJWY\u017bSZEJ JAKO\u015aCI\",\"description\":\"Artuku\u0142y BHP najwy\u017cszej jako\u015bci!\",\"publisher\":{\"@id\":\"https:\/\/kamexbhp.pl\/sklep\/#organization\"},\"potentialAction\":[{\"@type\":\"SearchAction\",\"target\":{\"@type\":\"EntryPoint\",\"urlTemplate\":\"https:\/\/kamexbhp.pl\/sklep\/?s={search_term_string}\"},\"query-input\":{\"@type\":\"PropertyValueSpecification\",\"valueRequired\":true,\"valueName\":\"search_term_string\"}}],\"inLanguage\":\"pl-PL\"},{\"@type\":\"Organization\",\"@id\":\"https:\/\/kamexbhp.pl\/sklep\/#organization\",\"name\":\"KAMEX-BHP - SKLEP BHP - Odzie\u017c i obuwie robocze\",\"url\":\"https:\/\/kamexbhp.pl\/sklep\/\",\"logo\":{\"@type\":\"ImageObject\",\"inLanguage\":\"pl-PL\",\"@id\":\"https:\/\/kamexbhp.pl\/sklep\/#\/schema\/logo\/image\/\",\"url\":\"https:\/\/kamexbhp.pl\/sklep\/wp-content\/uploads\/2025\/01\/KAMEX-BHP-Logo-1080-x-1080.png\",\"contentUrl\":\"https:\/\/kamexbhp.pl\/sklep\/wp-content\/uploads\/2025\/01\/KAMEX-BHP-Logo-1080-x-1080.png\",\"width\":1080,\"height\":1080,\"caption\":\"KAMEX-BHP - SKLEP BHP - Odzie\u017c i obuwie robocze\"},\"image\":{\"@id\":\"https:\/\/kamexbhp.pl\/sklep\/#\/schema\/logo\/image\/\"},\"sameAs\":[\"https:\/\/www.facebook.com\/bhp.kamex\",\"https:\/\/www.instagram.com\/kamexbhp\/\"]}]}<\/script>\n<!-- \/ Yoast SEO plugin. -->","yoast_head_json":{"title":"SAFETY JOGGER TRZEWIK Modulo S3S - KAMEX BHP - SKLEP INTERNETOWY Z ARTYKU\u0141AMI BHP NAJWY\u017bSZEJ JAKO\u015aCI","description":"ChatGPT powiedzia\u0142:Buty robocze Safety Jogger Modulo S3S MID \u2013 wodoodporne, antypo\u015blizgowe, z podnoskiem Nano Carbon i wk\u0142adk\u0105 antyprzebiciow\u0105.","robots":{"index":"index","follow":"follow","max-snippet":"max-snippet:-1","max-image-preview":"max-image-preview:large","max-video-preview":"max-video-preview:-1"},"canonical":"https:\/\/kamexbhp.pl\/sklep\/produkt\/safety-jogger-trzewik-modulo-s3s\/","og_locale":"pl_PL","og_type":"article","og_title":"SAFETY JOGGER TRZEWIK Modulo S3S - KAMEX BHP - SKLEP INTERNETOWY Z ARTYKU\u0141AMI BHP NAJWY\u017bSZEJ JAKO\u015aCI","og_description":"ChatGPT powiedzia\u0142:Buty robocze Safety Jogger Modulo S3S MID \u2013 wodoodporne, antypo\u015blizgowe, z podnoskiem Nano Carbon i wk\u0142adk\u0105 antyprzebiciow\u0105.","og_url":"https:\/\/kamexbhp.pl\/sklep\/produkt\/safety-jogger-trzewik-modulo-s3s\/","og_site_name":"KAMEX BHP - SKLEP INTERNETOWY Z ARTYKU\u0141AMI BHP NAJWY\u017bSZEJ JAKO\u015aCI","article_publisher":"https:\/\/www.facebook.com\/bhp.kamex","article_modified_time":"2026-01-29T08:23:24+00:00","og_image":[{"width":1750,"height":1237,"url":"https:\/\/kamexbhp.pl\/sklep\/wp-content\/uploads\/2025\/10\/Najlepsze-Buty-Robocze-Modulo-S3S-MID-Safety-Jogger-Limonkowe.jpg","type":"image\/jpeg"}],"twitter_card":"summary_large_image","twitter_misc":{"Szacowany czas czytania":"2 minuty"},"schema":{"@context":"https:\/\/schema.org","@graph":[{"@type":"WebPage","@id":"https:\/\/kamexbhp.pl\/sklep\/produkt\/safety-jogger-trzewik-modulo-s3s\/","url":"https:\/\/kamexbhp.pl\/sklep\/produkt\/safety-jogger-trzewik-modulo-s3s\/","name":"SAFETY JOGGER TRZEWIK Modulo S3S - KAMEX BHP - SKLEP INTERNETOWY Z ARTYKU\u0141AMI BHP NAJWY\u017bSZEJ JAKO\u015aCI","isPartOf":{"@id":"https:\/\/kamexbhp.pl\/sklep\/#website"},"primaryImageOfPage":{"@id":"https:\/\/kamexbhp.pl\/sklep\/produkt\/safety-jogger-trzewik-modulo-s3s\/#primaryimage"},"image":{"@id":"https:\/\/kamexbhp.pl\/sklep\/produkt\/safety-jogger-trzewik-modulo-s3s\/#primaryimage"},"thumbnailUrl":"https:\/\/kamexbhp.pl\/sklep\/wp-content\/uploads\/2025\/10\/Najlepsze-Buty-Robocze-Modulo-S3S-MID-Safety-Jogger-Limonkowe.jpg","datePublished":"2025-10-02T07:34:51+00:00","dateModified":"2026-01-29T08:23:24+00:00","description":"ChatGPT powiedzia\u0142:Buty robocze Safety Jogger Modulo S3S MID \u2013 wodoodporne, antypo\u015blizgowe, z podnoskiem Nano Carbon i wk\u0142adk\u0105 antyprzebiciow\u0105.","breadcrumb":{"@id":"https:\/\/kamexbhp.pl\/sklep\/produkt\/safety-jogger-trzewik-modulo-s3s\/#breadcrumb"},"inLanguage":"pl-PL","potentialAction":[{"@type":"ReadAction","target":["https:\/\/kamexbhp.pl\/sklep\/produkt\/safety-jogger-trzewik-modulo-s3s\/"]}]},{"@type":"ImageObject","inLanguage":"pl-PL","@id":"https:\/\/kamexbhp.pl\/sklep\/produkt\/safety-jogger-trzewik-modulo-s3s\/#primaryimage","url":"https:\/\/kamexbhp.pl\/sklep\/wp-content\/uploads\/2025\/10\/Najlepsze-Buty-Robocze-Modulo-S3S-MID-Safety-Jogger-Limonkowe.jpg","contentUrl":"https:\/\/kamexbhp.pl\/sklep\/wp-content\/uploads\/2025\/10\/Najlepsze-Buty-Robocze-Modulo-S3S-MID-Safety-Jogger-Limonkowe.jpg","width":1750,"height":1237},{"@type":"BreadcrumbList","@id":"https:\/\/kamexbhp.pl\/sklep\/produkt\/safety-jogger-trzewik-modulo-s3s\/#breadcrumb","itemListElement":[{"@type":"ListItem","position":1,"name":"Strona g\u0142\u00f3wna","item":"https:\/\/kamexbhp.pl\/sklep\/"},{"@type":"ListItem","position":2,"name":"Sklep","item":"https:\/\/kamexbhp.pl\/sklep\/sklep\/"},{"@type":"ListItem","position":3,"name":"SAFETY JOGGER TRZEWIK Modulo S3S"}]},{"@type":"WebSite","@id":"https:\/\/kamexbhp.pl\/sklep\/#website","url":"https:\/\/kamexbhp.pl\/sklep\/","name":"KAMEX BHP - SKLEP INTERNETOWY Z ARTYKU\u0141AMI BHP NAJWY\u017bSZEJ JAKO\u015aCI","description":"Artuku\u0142y BHP najwy\u017cszej jako\u015bci!","publisher":{"@id":"https:\/\/kamexbhp.pl\/sklep\/#organization"},"potentialAction":[{"@type":"SearchAction","target":{"@type":"EntryPoint","urlTemplate":"https:\/\/kamexbhp.pl\/sklep\/?s={search_term_string}"},"query-input":{"@type":"PropertyValueSpecification","valueRequired":true,"valueName":"search_term_string"}}],"inLanguage":"pl-PL"},{"@type":"Organization","@id":"https:\/\/kamexbhp.pl\/sklep\/#organization","name":"KAMEX-BHP - SKLEP BHP - Odzie\u017c i obuwie robocze","url":"https:\/\/kamexbhp.pl\/sklep\/","logo":{"@type":"ImageObject","inLanguage":"pl-PL","@id":"https:\/\/kamexbhp.pl\/sklep\/#\/schema\/logo\/image\/","url":"https:\/\/kamexbhp.pl\/sklep\/wp-content\/uploads\/2025\/01\/KAMEX-BHP-Logo-1080-x-1080.png","contentUrl":"https:\/\/kamexbhp.pl\/sklep\/wp-content\/uploads\/2025\/01\/KAMEX-BHP-Logo-1080-x-1080.png","width":1080,"height":1080,"caption":"KAMEX-BHP - SKLEP BHP - Odzie\u017c i obuwie robocze"},"image":{"@id":"https:\/\/kamexbhp.pl\/sklep\/#\/schema\/logo\/image\/"},"sameAs":["https:\/\/www.facebook.com\/bhp.kamex","https:\/\/www.instagram.com\/kamexbhp\/"]}]}},"_links":{"self":[{"href":"https:\/\/kamexbhp.pl\/sklep\/wp-json\/wp\/v2\/product\/8929","targetHints":{"allow":["GET"]}}],"collection":[{"href":"https:\/\/kamexbhp.pl\/sklep\/wp-json\/wp\/v2\/product"}],"about":[{"href":"https:\/\/kamexbhp.pl\/sklep\/wp-json\/wp\/v2\/types\/product"}],"replies":[{"embeddable":true,"href":"https:\/\/kamexbhp.pl\/sklep\/wp-json\/wp\/v2\/comments?post=8929"}],"version-history":[{"count":1,"href":"https:\/\/kamexbhp.pl\/sklep\/wp-json\/wp\/v2\/product\/8929\/revisions"}],"predecessor-version":[{"id":8938,"href":"https:\/\/kamexbhp.pl\/sklep\/wp-json\/wp\/v2\/product\/8929\/revisions\/8938"}],"wp:featuredmedia":[{"embeddable":true,"href":"https:\/\/kamexbhp.pl\/sklep\/wp-json\/wp\/v2\/media\/8930"}],"wp:attachment":[{"href":"https:\/\/kamexbhp.pl\/sklep\/wp-json\/wp\/v2\/media?parent=8929"}],"wp:term":[{"taxonomy":"product_brand","embeddable":true,"href":"https:\/\/kamexbhp.pl\/sklep\/wp-json\/wp\/v2\/product_brand?post=8929"},{"taxonomy":"product_cat","embeddable":true,"href":"https:\/\/kamexbhp.pl\/sklep\/wp-json\/wp\/v2\/product_cat?post=8929"},{"taxonomy":"product_tag","embeddable":true,"href":"https:\/\/kamexbhp.pl\/sklep\/wp-json\/wp\/v2\/product_tag?post=8929"}],"curies":[{"name":"wp","href":"https:\/\/api.w.org\/{rel}","templated":true}]}}