{"id":8857,"date":"2025-08-28T11:49:21","date_gmt":"2025-08-28T09:49:21","guid":{"rendered":"https:\/\/kamexbhp.pl\/sklep\/?post_type=product&#038;p=8857"},"modified":"2026-01-29T09:58:02","modified_gmt":"2026-01-29T08:58:02","slug":"seven-kings-vector-kurtka","status":"publish","type":"product","link":"https:\/\/kamexbhp.pl\/sklep\/produkt\/seven-kings-vector-kurtka\/","title":{"rendered":"SEVEN KINGS VECTOR KURTKA"},"content":{"rendered":"<p data-start=\"137\" data-end=\"645\">Kurtka robocza <strong data-start=\"152\" data-end=\"174\">SEVEN KINGS VECTOR<\/strong> to nowoczesny i funkcjonalny softshell, stworzony z my\u015bl\u0105 o komforcie i bezpiecze\u0144stwie w pracy. Dzi\u0119ki zastosowaniu wysokiej jako\u015bci materia\u0142\u00f3w i ociepliny przepikowanej, zapewnia ochron\u0119 przed ch\u0142odem i wiatrem, a jednocze\u015bnie gwarantuje swobod\u0119 ruch\u00f3w. Dodatkowe elementy odblaskowe poprawiaj\u0105 widoczno\u015b\u0107 w warunkach s\u0142abego o\u015bwietlenia. To idealny wyb\u00f3r dla pracownik\u00f3w budowlanych, magazynowych, monter\u00f3w i os\u00f3b pracuj\u0105cych na zewn\u0105trz w okresie jesienno-zimowym.<\/p>\n<h3 data-start=\"647\" data-end=\"683\">Cechy kurtki SEVEN KINGS VECTOR:<\/h3>\n<ul data-start=\"684\" data-end=\"1193\">\n<li data-start=\"684\" data-end=\"718\">\n<p data-start=\"686\" data-end=\"718\">Typ: kurtka typu <strong data-start=\"703\" data-end=\"716\">softshell<\/strong><\/p>\n<\/li>\n<li data-start=\"719\" data-end=\"813\">\n<p data-start=\"721\" data-end=\"813\">Ocieplina: przepikowana, zapobiegaj\u0105ca przesuwaniu si\u0119, 100% poliester, gramatura 200 g\/m\u00b2<\/p>\n<\/li>\n<li data-start=\"814\" data-end=\"872\">\n<p data-start=\"816\" data-end=\"872\">Materia\u0142 wierzchni: 100% poliester, gramatura 310 g\/m\u00b2<\/p>\n<\/li>\n<li data-start=\"873\" data-end=\"955\">\n<p data-start=\"875\" data-end=\"887\">Kieszenie:<\/p>\n<ul data-start=\"890\" data-end=\"955\">\n<li data-start=\"890\" data-end=\"905\">\n<p data-start=\"892\" data-end=\"905\">dwie boczne<\/p>\n<\/li>\n<li data-start=\"908\" data-end=\"955\">\n<p data-start=\"910\" data-end=\"955\">dwie na klatce piersiowej zapinane na zamek<\/p>\n<\/li>\n<\/ul>\n<\/li>\n<li data-start=\"956\" data-end=\"1007\">\n<p data-start=\"958\" data-end=\"1007\">Elementy odblaskowe zwi\u0119kszaj\u0105ce bezpiecze\u0144stwo<\/p>\n<\/li>\n<li data-start=\"1008\" data-end=\"1076\">\n<p data-start=\"1010\" data-end=\"1076\">R\u0119kawy\/mankiety: wszyty \u015bci\u0105gacz wewn\u0119trzny + regulacja na rzepy<\/p>\n<\/li>\n<li data-start=\"1077\" data-end=\"1147\">\n<p data-start=\"1079\" data-end=\"1147\">Budowa: wstawki kolorystyczne, elastyczny \u015bci\u0105gacz, d\u00f3\u0142 regulowany<\/p>\n<\/li>\n<li data-start=\"1148\" data-end=\"1193\">\n<p data-start=\"1150\" data-end=\"1193\">Komfort i ochrona w niskich temperaturach<\/p>\n<\/li>\n<\/ul>\n","protected":false},"excerpt":{"rendered":"<p>Kurtka robocza <strong data-start=\"152\" data-end=\"174\">SEVEN KINGS VECTOR<\/strong> to nowoczesny i funkcjonalny softshell, stworzony z my\u015bl\u0105 o komforcie i bezpiecze\u0144stwie w pracy. Dzi\u0119ki zastosowaniu wysokiej jako\u015bci materia\u0142\u00f3w i ociepliny przepikowanej, zapewnia ochron\u0119 przed ch\u0142odem i wiatrem, a jednocze\u015bnie gwarantuje swobod\u0119 ruch\u00f3w. Dodatkowe elementy odblaskowe poprawiaj\u0105 widoczno\u015b\u0107 w warunkach s\u0142abego o\u015bwietlenia. To idealny wyb\u00f3r dla pracownik\u00f3w budowlanych, magazynowych, monter\u00f3w i os\u00f3b pracuj\u0105cych na zewn\u0105trz w okresie jesienno-zimowym.<\/p>\n","protected":false},"featured_media":8858,"comment_status":"open","ping_status":"closed","template":"","meta":[],"product_brand":[1905],"product_cat":[72],"product_tag":[2046,2049,2047,2050,2045,2048],"class_list":{"0":"post-8857","1":"product","2":"type-product","3":"status-publish","4":"has-post-thumbnail","6":"product_brand-seven-kings","7":"product_cat-kurtki","8":"product_tag-kurtka-bhp-softshell","9":"product_tag-kurtka-do-pracy-jesien-zima","10":"product_tag-kurtka-ocieplana-robocza","11":"product_tag-kurtka-robocza-ocieplana-seven-kings-vector","12":"product_tag-kurtka-robocza-seven-kings","13":"product_tag-kurtka-robocza-z-odblaskami","15":"first","16":"instock","17":"taxable","18":"shipping-taxable","19":"purchasable","20":"product-type-variable"},"yoast_head":"<!-- This site is optimized with the Yoast SEO plugin v25.6 - https:\/\/yoast.com\/wordpress\/plugins\/seo\/ -->\n<title>SEVEN KINGS VECTOR KURTKA - KAMEX BHP - SKLEP INTERNETOWY Z ARTYKU\u0141AMI BHP NAJWY\u017bSZEJ JAKO\u015aCI<\/title>\n<meta name=\"description\" content=\"Kurtka robocza SEVEN KINGS VECTOR softshell z ocieplin\u0105, kieszeniami i odblaskami. Wygoda, ciep\u0142o i bezpiecze\u0144stwo.\" \/>\n<meta name=\"robots\" content=\"index, follow, max-snippet:-1, max-image-preview:large, max-video-preview:-1\" \/>\n<link rel=\"canonical\" href=\"https:\/\/kamexbhp.pl\/sklep\/produkt\/seven-kings-vector-kurtka\/\" \/>\n<meta property=\"og:locale\" content=\"pl_PL\" \/>\n<meta property=\"og:type\" content=\"article\" \/>\n<meta property=\"og:title\" content=\"SEVEN KINGS VECTOR KURTKA - KAMEX BHP - SKLEP INTERNETOWY Z ARTYKU\u0141AMI BHP NAJWY\u017bSZEJ JAKO\u015aCI\" \/>\n<meta property=\"og:description\" content=\"Kurtka robocza SEVEN KINGS VECTOR softshell z ocieplin\u0105, kieszeniami i odblaskami. Wygoda, ciep\u0142o i bezpiecze\u0144stwo.\" \/>\n<meta property=\"og:url\" content=\"https:\/\/kamexbhp.pl\/sklep\/produkt\/seven-kings-vector-kurtka\/\" \/>\n<meta property=\"og:site_name\" content=\"KAMEX BHP - SKLEP INTERNETOWY Z ARTYKU\u0141AMI BHP NAJWY\u017bSZEJ JAKO\u015aCI\" \/>\n<meta property=\"article:publisher\" content=\"https:\/\/www.facebook.com\/bhp.kamex\" \/>\n<meta property=\"article:modified_time\" content=\"2026-01-29T08:58:02+00:00\" \/>\n<meta property=\"og:image\" content=\"https:\/\/kamexbhp.pl\/sklep\/wp-content\/uploads\/2025\/08\/thumb_seven_kings_vector_kurtka_czarnyzielony_1.jpg\" \/>\n\t<meta property=\"og:image:width\" content=\"350\" \/>\n\t<meta property=\"og:image:height\" content=\"405\" \/>\n\t<meta property=\"og:image:type\" content=\"image\/jpeg\" \/>\n<meta name=\"twitter:card\" content=\"summary_large_image\" \/>\n<meta name=\"twitter:label1\" content=\"Szacowany czas czytania\" \/>\n\t<meta name=\"twitter:data1\" content=\"1 minuta\" \/>\n<script type=\"application\/ld+json\" class=\"yoast-schema-graph\">{\"@context\":\"https:\/\/schema.org\",\"@graph\":[{\"@type\":\"WebPage\",\"@id\":\"https:\/\/kamexbhp.pl\/sklep\/produkt\/seven-kings-vector-kurtka\/\",\"url\":\"https:\/\/kamexbhp.pl\/sklep\/produkt\/seven-kings-vector-kurtka\/\",\"name\":\"SEVEN KINGS VECTOR KURTKA - KAMEX BHP - SKLEP INTERNETOWY Z ARTYKU\u0141AMI BHP NAJWY\u017bSZEJ JAKO\u015aCI\",\"isPartOf\":{\"@id\":\"https:\/\/kamexbhp.pl\/sklep\/#website\"},\"primaryImageOfPage\":{\"@id\":\"https:\/\/kamexbhp.pl\/sklep\/produkt\/seven-kings-vector-kurtka\/#primaryimage\"},\"image\":{\"@id\":\"https:\/\/kamexbhp.pl\/sklep\/produkt\/seven-kings-vector-kurtka\/#primaryimage\"},\"thumbnailUrl\":\"https:\/\/kamexbhp.pl\/sklep\/wp-content\/uploads\/2025\/08\/thumb_seven_kings_vector_kurtka_czarnyzielony_1.jpg\",\"datePublished\":\"2025-08-28T09:49:21+00:00\",\"dateModified\":\"2026-01-29T08:58:02+00:00\",\"description\":\"Kurtka robocza SEVEN KINGS VECTOR softshell z ocieplin\u0105, kieszeniami i odblaskami. Wygoda, ciep\u0142o i bezpiecze\u0144stwo.\",\"breadcrumb\":{\"@id\":\"https:\/\/kamexbhp.pl\/sklep\/produkt\/seven-kings-vector-kurtka\/#breadcrumb\"},\"inLanguage\":\"pl-PL\",\"potentialAction\":[{\"@type\":\"ReadAction\",\"target\":[\"https:\/\/kamexbhp.pl\/sklep\/produkt\/seven-kings-vector-kurtka\/\"]}]},{\"@type\":\"ImageObject\",\"inLanguage\":\"pl-PL\",\"@id\":\"https:\/\/kamexbhp.pl\/sklep\/produkt\/seven-kings-vector-kurtka\/#primaryimage\",\"url\":\"https:\/\/kamexbhp.pl\/sklep\/wp-content\/uploads\/2025\/08\/thumb_seven_kings_vector_kurtka_czarnyzielony_1.jpg\",\"contentUrl\":\"https:\/\/kamexbhp.pl\/sklep\/wp-content\/uploads\/2025\/08\/thumb_seven_kings_vector_kurtka_czarnyzielony_1.jpg\",\"width\":350,\"height\":405},{\"@type\":\"BreadcrumbList\",\"@id\":\"https:\/\/kamexbhp.pl\/sklep\/produkt\/seven-kings-vector-kurtka\/#breadcrumb\",\"itemListElement\":[{\"@type\":\"ListItem\",\"position\":1,\"name\":\"Strona g\u0142\u00f3wna\",\"item\":\"https:\/\/kamexbhp.pl\/sklep\/\"},{\"@type\":\"ListItem\",\"position\":2,\"name\":\"Sklep\",\"item\":\"https:\/\/kamexbhp.pl\/sklep\/sklep\/\"},{\"@type\":\"ListItem\",\"position\":3,\"name\":\"SEVEN KINGS VECTOR KURTKA\"}]},{\"@type\":\"WebSite\",\"@id\":\"https:\/\/kamexbhp.pl\/sklep\/#website\",\"url\":\"https:\/\/kamexbhp.pl\/sklep\/\",\"name\":\"KAMEX BHP - SKLEP INTERNETOWY Z ARTYKU\u0141AMI BHP NAJWY\u017bSZEJ JAKO\u015aCI\",\"description\":\"Artuku\u0142y BHP najwy\u017cszej jako\u015bci!\",\"publisher\":{\"@id\":\"https:\/\/kamexbhp.pl\/sklep\/#organization\"},\"potentialAction\":[{\"@type\":\"SearchAction\",\"target\":{\"@type\":\"EntryPoint\",\"urlTemplate\":\"https:\/\/kamexbhp.pl\/sklep\/?s={search_term_string}\"},\"query-input\":{\"@type\":\"PropertyValueSpecification\",\"valueRequired\":true,\"valueName\":\"search_term_string\"}}],\"inLanguage\":\"pl-PL\"},{\"@type\":\"Organization\",\"@id\":\"https:\/\/kamexbhp.pl\/sklep\/#organization\",\"name\":\"KAMEX-BHP - SKLEP BHP - Odzie\u017c i obuwie robocze\",\"url\":\"https:\/\/kamexbhp.pl\/sklep\/\",\"logo\":{\"@type\":\"ImageObject\",\"inLanguage\":\"pl-PL\",\"@id\":\"https:\/\/kamexbhp.pl\/sklep\/#\/schema\/logo\/image\/\",\"url\":\"https:\/\/kamexbhp.pl\/sklep\/wp-content\/uploads\/2025\/01\/KAMEX-BHP-Logo-1080-x-1080.png\",\"contentUrl\":\"https:\/\/kamexbhp.pl\/sklep\/wp-content\/uploads\/2025\/01\/KAMEX-BHP-Logo-1080-x-1080.png\",\"width\":1080,\"height\":1080,\"caption\":\"KAMEX-BHP - SKLEP BHP - Odzie\u017c i obuwie robocze\"},\"image\":{\"@id\":\"https:\/\/kamexbhp.pl\/sklep\/#\/schema\/logo\/image\/\"},\"sameAs\":[\"https:\/\/www.facebook.com\/bhp.kamex\",\"https:\/\/www.instagram.com\/kamexbhp\/\"]}]}<\/script>\n<!-- \/ Yoast SEO plugin. -->","yoast_head_json":{"title":"SEVEN KINGS VECTOR KURTKA - KAMEX BHP - SKLEP INTERNETOWY Z ARTYKU\u0141AMI BHP NAJWY\u017bSZEJ JAKO\u015aCI","description":"Kurtka robocza SEVEN KINGS VECTOR softshell z ocieplin\u0105, kieszeniami i odblaskami. Wygoda, ciep\u0142o i bezpiecze\u0144stwo.","robots":{"index":"index","follow":"follow","max-snippet":"max-snippet:-1","max-image-preview":"max-image-preview:large","max-video-preview":"max-video-preview:-1"},"canonical":"https:\/\/kamexbhp.pl\/sklep\/produkt\/seven-kings-vector-kurtka\/","og_locale":"pl_PL","og_type":"article","og_title":"SEVEN KINGS VECTOR KURTKA - KAMEX BHP - SKLEP INTERNETOWY Z ARTYKU\u0141AMI BHP NAJWY\u017bSZEJ JAKO\u015aCI","og_description":"Kurtka robocza SEVEN KINGS VECTOR softshell z ocieplin\u0105, kieszeniami i odblaskami. Wygoda, ciep\u0142o i bezpiecze\u0144stwo.","og_url":"https:\/\/kamexbhp.pl\/sklep\/produkt\/seven-kings-vector-kurtka\/","og_site_name":"KAMEX BHP - SKLEP INTERNETOWY Z ARTYKU\u0141AMI BHP NAJWY\u017bSZEJ JAKO\u015aCI","article_publisher":"https:\/\/www.facebook.com\/bhp.kamex","article_modified_time":"2026-01-29T08:58:02+00:00","og_image":[{"width":350,"height":405,"url":"https:\/\/kamexbhp.pl\/sklep\/wp-content\/uploads\/2025\/08\/thumb_seven_kings_vector_kurtka_czarnyzielony_1.jpg","type":"image\/jpeg"}],"twitter_card":"summary_large_image","twitter_misc":{"Szacowany czas czytania":"1 minuta"},"schema":{"@context":"https:\/\/schema.org","@graph":[{"@type":"WebPage","@id":"https:\/\/kamexbhp.pl\/sklep\/produkt\/seven-kings-vector-kurtka\/","url":"https:\/\/kamexbhp.pl\/sklep\/produkt\/seven-kings-vector-kurtka\/","name":"SEVEN KINGS VECTOR KURTKA - KAMEX BHP - SKLEP INTERNETOWY Z ARTYKU\u0141AMI BHP NAJWY\u017bSZEJ JAKO\u015aCI","isPartOf":{"@id":"https:\/\/kamexbhp.pl\/sklep\/#website"},"primaryImageOfPage":{"@id":"https:\/\/kamexbhp.pl\/sklep\/produkt\/seven-kings-vector-kurtka\/#primaryimage"},"image":{"@id":"https:\/\/kamexbhp.pl\/sklep\/produkt\/seven-kings-vector-kurtka\/#primaryimage"},"thumbnailUrl":"https:\/\/kamexbhp.pl\/sklep\/wp-content\/uploads\/2025\/08\/thumb_seven_kings_vector_kurtka_czarnyzielony_1.jpg","datePublished":"2025-08-28T09:49:21+00:00","dateModified":"2026-01-29T08:58:02+00:00","description":"Kurtka robocza SEVEN KINGS VECTOR softshell z ocieplin\u0105, kieszeniami i odblaskami. Wygoda, ciep\u0142o i bezpiecze\u0144stwo.","breadcrumb":{"@id":"https:\/\/kamexbhp.pl\/sklep\/produkt\/seven-kings-vector-kurtka\/#breadcrumb"},"inLanguage":"pl-PL","potentialAction":[{"@type":"ReadAction","target":["https:\/\/kamexbhp.pl\/sklep\/produkt\/seven-kings-vector-kurtka\/"]}]},{"@type":"ImageObject","inLanguage":"pl-PL","@id":"https:\/\/kamexbhp.pl\/sklep\/produkt\/seven-kings-vector-kurtka\/#primaryimage","url":"https:\/\/kamexbhp.pl\/sklep\/wp-content\/uploads\/2025\/08\/thumb_seven_kings_vector_kurtka_czarnyzielony_1.jpg","contentUrl":"https:\/\/kamexbhp.pl\/sklep\/wp-content\/uploads\/2025\/08\/thumb_seven_kings_vector_kurtka_czarnyzielony_1.jpg","width":350,"height":405},{"@type":"BreadcrumbList","@id":"https:\/\/kamexbhp.pl\/sklep\/produkt\/seven-kings-vector-kurtka\/#breadcrumb","itemListElement":[{"@type":"ListItem","position":1,"name":"Strona g\u0142\u00f3wna","item":"https:\/\/kamexbhp.pl\/sklep\/"},{"@type":"ListItem","position":2,"name":"Sklep","item":"https:\/\/kamexbhp.pl\/sklep\/sklep\/"},{"@type":"ListItem","position":3,"name":"SEVEN KINGS VECTOR KURTKA"}]},{"@type":"WebSite","@id":"https:\/\/kamexbhp.pl\/sklep\/#website","url":"https:\/\/kamexbhp.pl\/sklep\/","name":"KAMEX BHP - SKLEP INTERNETOWY Z ARTYKU\u0141AMI BHP NAJWY\u017bSZEJ JAKO\u015aCI","description":"Artuku\u0142y BHP najwy\u017cszej jako\u015bci!","publisher":{"@id":"https:\/\/kamexbhp.pl\/sklep\/#organization"},"potentialAction":[{"@type":"SearchAction","target":{"@type":"EntryPoint","urlTemplate":"https:\/\/kamexbhp.pl\/sklep\/?s={search_term_string}"},"query-input":{"@type":"PropertyValueSpecification","valueRequired":true,"valueName":"search_term_string"}}],"inLanguage":"pl-PL"},{"@type":"Organization","@id":"https:\/\/kamexbhp.pl\/sklep\/#organization","name":"KAMEX-BHP - SKLEP BHP - Odzie\u017c i obuwie robocze","url":"https:\/\/kamexbhp.pl\/sklep\/","logo":{"@type":"ImageObject","inLanguage":"pl-PL","@id":"https:\/\/kamexbhp.pl\/sklep\/#\/schema\/logo\/image\/","url":"https:\/\/kamexbhp.pl\/sklep\/wp-content\/uploads\/2025\/01\/KAMEX-BHP-Logo-1080-x-1080.png","contentUrl":"https:\/\/kamexbhp.pl\/sklep\/wp-content\/uploads\/2025\/01\/KAMEX-BHP-Logo-1080-x-1080.png","width":1080,"height":1080,"caption":"KAMEX-BHP - SKLEP BHP - Odzie\u017c i obuwie robocze"},"image":{"@id":"https:\/\/kamexbhp.pl\/sklep\/#\/schema\/logo\/image\/"},"sameAs":["https:\/\/www.facebook.com\/bhp.kamex","https:\/\/www.instagram.com\/kamexbhp\/"]}]}},"_links":{"self":[{"href":"https:\/\/kamexbhp.pl\/sklep\/wp-json\/wp\/v2\/product\/8857","targetHints":{"allow":["GET"]}}],"collection":[{"href":"https:\/\/kamexbhp.pl\/sklep\/wp-json\/wp\/v2\/product"}],"about":[{"href":"https:\/\/kamexbhp.pl\/sklep\/wp-json\/wp\/v2\/types\/product"}],"replies":[{"embeddable":true,"href":"https:\/\/kamexbhp.pl\/sklep\/wp-json\/wp\/v2\/comments?post=8857"}],"version-history":[{"count":1,"href":"https:\/\/kamexbhp.pl\/sklep\/wp-json\/wp\/v2\/product\/8857\/revisions"}],"predecessor-version":[{"id":8868,"href":"https:\/\/kamexbhp.pl\/sklep\/wp-json\/wp\/v2\/product\/8857\/revisions\/8868"}],"wp:featuredmedia":[{"embeddable":true,"href":"https:\/\/kamexbhp.pl\/sklep\/wp-json\/wp\/v2\/media\/8858"}],"wp:attachment":[{"href":"https:\/\/kamexbhp.pl\/sklep\/wp-json\/wp\/v2\/media?parent=8857"}],"wp:term":[{"taxonomy":"product_brand","embeddable":true,"href":"https:\/\/kamexbhp.pl\/sklep\/wp-json\/wp\/v2\/product_brand?post=8857"},{"taxonomy":"product_cat","embeddable":true,"href":"https:\/\/kamexbhp.pl\/sklep\/wp-json\/wp\/v2\/product_cat?post=8857"},{"taxonomy":"product_tag","embeddable":true,"href":"https:\/\/kamexbhp.pl\/sklep\/wp-json\/wp\/v2\/product_tag?post=8857"}],"curies":[{"name":"wp","href":"https:\/\/api.w.org\/{rel}","templated":true}]}}