{"id":8844,"date":"2025-08-28T11:26:32","date_gmt":"2025-08-28T09:26:32","guid":{"rendered":"https:\/\/kamexbhp.pl\/sklep\/?post_type=product&#038;p=8844"},"modified":"2026-01-29T10:01:12","modified_gmt":"2026-01-29T09:01:12","slug":"seven-kings-rival-spodnie-softshell-ocieplane","status":"publish","type":"product","link":"https:\/\/kamexbhp.pl\/sklep\/produkt\/seven-kings-rival-spodnie-softshell-ocieplane\/","title":{"rendered":"SEVEN KINGS RIVAL SPODNIE SOFTSHELL OCIEPLANE"},"content":{"rendered":"<p data-start=\"167\" data-end=\"474\">RIVAL spodnie softshell ocieplane to funkcjonalna odzie\u017c robocza stworzona z my\u015bl\u0105 o komforcie i bezpiecze\u0144stwie pracownika. Dzi\u0119ki nowoczesnym materia\u0142om i solidnemu szyciu zapewniaj\u0105 ochron\u0119 przed zimnem, deszczem i uszkodzeniami mechanicznymi, jednocze\u015bnie gwarantuj\u0105c wygod\u0119 podczas intensywnej pracy.<\/p>\n<p data-start=\"476\" data-end=\"675\">\u2714 <strong data-start=\"478\" data-end=\"490\">Materia\u0142<\/strong>: 95% poliester \/ 5% spandex z membran\u0105 TPU<br data-start=\"533\" data-end=\"536\" \/>\u2714 <strong data-start=\"538\" data-end=\"551\">Ocieplina<\/strong>: 100% poliester, gramatura 320 g\/m\u00b2<br data-start=\"587\" data-end=\"590\" \/>\u2714 <strong data-start=\"592\" data-end=\"609\">Wodoodporno\u015b\u0107<\/strong>: 8000 mm<br data-start=\"618\" data-end=\"621\" \/>\u2714 <strong data-start=\"623\" data-end=\"639\">Oddychalno\u015b\u0107<\/strong>: 3000 g\/m\u00b2\/24h<br data-start=\"654\" data-end=\"657\" \/>\u2714 <strong data-start=\"659\" data-end=\"672\">Kieszenie<\/strong>:<\/p>\n<ul data-start=\"676\" data-end=\"803\">\n<li data-start=\"676\" data-end=\"696\">\n<p data-start=\"678\" data-end=\"696\">kiesze\u0144 na zamek<\/p>\n<\/li>\n<li data-start=\"697\" data-end=\"721\">\n<p data-start=\"699\" data-end=\"721\">dwie kieszenie tylne<\/p>\n<\/li>\n<li data-start=\"722\" data-end=\"747\">\n<p data-start=\"724\" data-end=\"747\">dwie kieszenie boczne<\/p>\n<\/li>\n<li data-start=\"748\" data-end=\"780\">\n<p data-start=\"750\" data-end=\"780\">kiesze\u0144 na miark\u0119 \u201emetr\u00f3wk\u0119\u201d<\/p>\n<\/li>\n<li data-start=\"781\" data-end=\"803\">\n<p data-start=\"783\" data-end=\"803\">kiesze\u0144 na telefon<\/p>\n<\/li>\n<\/ul>\n<p data-start=\"805\" data-end=\"829\">\u2714 <strong data-start=\"807\" data-end=\"826\">Budowa i szycie<\/strong>:<\/p>\n<ul data-start=\"830\" data-end=\"975\">\n<li data-start=\"830\" data-end=\"865\">\n<p data-start=\"832\" data-end=\"865\">podw\u00f3jne szwy szyte mocn\u0105 nici\u0105<\/p>\n<\/li>\n<li data-start=\"866\" data-end=\"914\">\n<p data-start=\"868\" data-end=\"914\">rygl\u00f3wki w miejscach nara\u017conych na rozprucie<\/p>\n<\/li>\n<li data-start=\"915\" data-end=\"944\">\n<p data-start=\"917\" data-end=\"944\">szlufki na pasek i m\u0142otek<\/p>\n<\/li>\n<li data-start=\"945\" data-end=\"975\">\n<p data-start=\"947\" data-end=\"975\">rozporek zapinany na suwak<\/p>\n<\/li>\n<\/ul>\n<p data-start=\"977\" data-end=\"1000\">\u2714 <strong data-start=\"979\" data-end=\"997\">Bezpiecze\u0144stwo<\/strong>:<\/p>\n<ul data-start=\"1001\" data-end=\"1058\">\n<li data-start=\"1001\" data-end=\"1058\">\n<p data-start=\"1003\" data-end=\"1058\">wstawki i elementy odblaskowe poprawiaj\u0105ce widoczno\u015b\u0107<\/p>\n<\/li>\n<\/ul>\n","protected":false},"excerpt":{"rendered":"<p>Spodnie RIVAL Softshell to doskona\u0142y wyb\u00f3r dla os\u00f3b pracuj\u0105cych w budownictwie, logistyce, transporcie, a tak\u017ce w trudnych warunkach pogodowych. \u0141\u0105cz\u0105 w sobie trwa\u0142o\u015b\u0107, ochron\u0119 i wygod\u0119, dzi\u0119ki czemu sprawdz\u0105 si\u0119 w ka\u017cdej wymagaj\u0105cej pracy.<\/p>\n","protected":false},"featured_media":8845,"comment_status":"open","ping_status":"closed","template":"","meta":[],"product_brand":[1905],"product_cat":[69],"product_tag":[2044,2042,2041,939,1836,2043],"class_list":{"0":"post-8844","1":"product","2":"type-product","3":"status-publish","4":"has-post-thumbnail","6":"product_brand-seven-kings","7":"product_cat-spodnie-do-pasa","8":"product_tag-spodnie-bhp-softshell","9":"product_tag-spodnie-robocze-ocieplane","10":"product_tag-spodnie-robocze-softshell","11":"product_tag-spodnie-robocze-z-odblaskami","12":"product_tag-spodnie-robocze-zimowe","13":"product_tag-spodnie-softshell-meskie","15":"first","16":"instock","17":"taxable","18":"shipping-taxable","19":"purchasable","20":"product-type-variable"},"yoast_head":"<!-- This site is optimized with the Yoast SEO plugin v25.6 - https:\/\/yoast.com\/wordpress\/plugins\/seo\/ -->\n<title>SEVEN KINGS RIVAL SPODNIE SOFTSHELL OCIEPLANE - KAMEX BHP - SKLEP INTERNETOWY Z ARTYKU\u0141AMI BHP NAJWY\u017bSZEJ JAKO\u015aCI<\/title>\n<meta name=\"description\" content=\"RIVAL spodnie softshell ocieplane, wodoodporne 8000mm, oddychaj\u0105ce 3000g\/m\u00b2\/24h, z licznymi kieszeniami i elementami odblaskowymi.\" \/>\n<meta name=\"robots\" content=\"index, follow, max-snippet:-1, max-image-preview:large, max-video-preview:-1\" \/>\n<link rel=\"canonical\" href=\"https:\/\/kamexbhp.pl\/sklep\/produkt\/seven-kings-rival-spodnie-softshell-ocieplane\/\" \/>\n<meta property=\"og:locale\" content=\"pl_PL\" \/>\n<meta property=\"og:type\" content=\"article\" \/>\n<meta property=\"og:title\" content=\"SEVEN KINGS RIVAL SPODNIE SOFTSHELL OCIEPLANE - KAMEX BHP - SKLEP INTERNETOWY Z ARTYKU\u0141AMI BHP NAJWY\u017bSZEJ JAKO\u015aCI\" \/>\n<meta property=\"og:description\" content=\"RIVAL spodnie softshell ocieplane, wodoodporne 8000mm, oddychaj\u0105ce 3000g\/m\u00b2\/24h, z licznymi kieszeniami i elementami odblaskowymi.\" \/>\n<meta property=\"og:url\" content=\"https:\/\/kamexbhp.pl\/sklep\/produkt\/seven-kings-rival-spodnie-softshell-ocieplane\/\" \/>\n<meta property=\"og:site_name\" content=\"KAMEX BHP - SKLEP INTERNETOWY Z ARTYKU\u0141AMI BHP NAJWY\u017bSZEJ JAKO\u015aCI\" \/>\n<meta property=\"article:publisher\" content=\"https:\/\/www.facebook.com\/bhp.kamex\" \/>\n<meta property=\"article:modified_time\" content=\"2026-01-29T09:01:12+00:00\" \/>\n<meta property=\"og:image\" content=\"https:\/\/kamexbhp.pl\/sklep\/wp-content\/uploads\/2025\/08\/thumb_seven_kings_rival_spodnie_softshell_ocieplane_czarnyzolty_1.jpg\" \/>\n\t<meta property=\"og:image:width\" content=\"350\" \/>\n\t<meta property=\"og:image:height\" content=\"405\" \/>\n\t<meta property=\"og:image:type\" content=\"image\/jpeg\" \/>\n<meta name=\"twitter:card\" content=\"summary_large_image\" \/>\n<meta name=\"twitter:label1\" content=\"Szacowany czas czytania\" \/>\n\t<meta name=\"twitter:data1\" content=\"1 minuta\" \/>\n<script type=\"application\/ld+json\" class=\"yoast-schema-graph\">{\"@context\":\"https:\/\/schema.org\",\"@graph\":[{\"@type\":\"WebPage\",\"@id\":\"https:\/\/kamexbhp.pl\/sklep\/produkt\/seven-kings-rival-spodnie-softshell-ocieplane\/\",\"url\":\"https:\/\/kamexbhp.pl\/sklep\/produkt\/seven-kings-rival-spodnie-softshell-ocieplane\/\",\"name\":\"SEVEN KINGS RIVAL SPODNIE SOFTSHELL OCIEPLANE - KAMEX BHP - SKLEP INTERNETOWY Z ARTYKU\u0141AMI BHP NAJWY\u017bSZEJ JAKO\u015aCI\",\"isPartOf\":{\"@id\":\"https:\/\/kamexbhp.pl\/sklep\/#website\"},\"primaryImageOfPage\":{\"@id\":\"https:\/\/kamexbhp.pl\/sklep\/produkt\/seven-kings-rival-spodnie-softshell-ocieplane\/#primaryimage\"},\"image\":{\"@id\":\"https:\/\/kamexbhp.pl\/sklep\/produkt\/seven-kings-rival-spodnie-softshell-ocieplane\/#primaryimage\"},\"thumbnailUrl\":\"https:\/\/kamexbhp.pl\/sklep\/wp-content\/uploads\/2025\/08\/thumb_seven_kings_rival_spodnie_softshell_ocieplane_czarnyzolty_1.jpg\",\"datePublished\":\"2025-08-28T09:26:32+00:00\",\"dateModified\":\"2026-01-29T09:01:12+00:00\",\"description\":\"RIVAL spodnie softshell ocieplane, wodoodporne 8000mm, oddychaj\u0105ce 3000g\/m\u00b2\/24h, z licznymi kieszeniami i elementami odblaskowymi.\",\"breadcrumb\":{\"@id\":\"https:\/\/kamexbhp.pl\/sklep\/produkt\/seven-kings-rival-spodnie-softshell-ocieplane\/#breadcrumb\"},\"inLanguage\":\"pl-PL\",\"potentialAction\":[{\"@type\":\"ReadAction\",\"target\":[\"https:\/\/kamexbhp.pl\/sklep\/produkt\/seven-kings-rival-spodnie-softshell-ocieplane\/\"]}]},{\"@type\":\"ImageObject\",\"inLanguage\":\"pl-PL\",\"@id\":\"https:\/\/kamexbhp.pl\/sklep\/produkt\/seven-kings-rival-spodnie-softshell-ocieplane\/#primaryimage\",\"url\":\"https:\/\/kamexbhp.pl\/sklep\/wp-content\/uploads\/2025\/08\/thumb_seven_kings_rival_spodnie_softshell_ocieplane_czarnyzolty_1.jpg\",\"contentUrl\":\"https:\/\/kamexbhp.pl\/sklep\/wp-content\/uploads\/2025\/08\/thumb_seven_kings_rival_spodnie_softshell_ocieplane_czarnyzolty_1.jpg\",\"width\":350,\"height\":405},{\"@type\":\"BreadcrumbList\",\"@id\":\"https:\/\/kamexbhp.pl\/sklep\/produkt\/seven-kings-rival-spodnie-softshell-ocieplane\/#breadcrumb\",\"itemListElement\":[{\"@type\":\"ListItem\",\"position\":1,\"name\":\"Strona g\u0142\u00f3wna\",\"item\":\"https:\/\/kamexbhp.pl\/sklep\/\"},{\"@type\":\"ListItem\",\"position\":2,\"name\":\"Sklep\",\"item\":\"https:\/\/kamexbhp.pl\/sklep\/sklep\/\"},{\"@type\":\"ListItem\",\"position\":3,\"name\":\"SEVEN KINGS RIVAL SPODNIE SOFTSHELL OCIEPLANE\"}]},{\"@type\":\"WebSite\",\"@id\":\"https:\/\/kamexbhp.pl\/sklep\/#website\",\"url\":\"https:\/\/kamexbhp.pl\/sklep\/\",\"name\":\"KAMEX BHP - SKLEP INTERNETOWY Z ARTYKU\u0141AMI BHP NAJWY\u017bSZEJ JAKO\u015aCI\",\"description\":\"Artuku\u0142y BHP najwy\u017cszej jako\u015bci!\",\"publisher\":{\"@id\":\"https:\/\/kamexbhp.pl\/sklep\/#organization\"},\"potentialAction\":[{\"@type\":\"SearchAction\",\"target\":{\"@type\":\"EntryPoint\",\"urlTemplate\":\"https:\/\/kamexbhp.pl\/sklep\/?s={search_term_string}\"},\"query-input\":{\"@type\":\"PropertyValueSpecification\",\"valueRequired\":true,\"valueName\":\"search_term_string\"}}],\"inLanguage\":\"pl-PL\"},{\"@type\":\"Organization\",\"@id\":\"https:\/\/kamexbhp.pl\/sklep\/#organization\",\"name\":\"KAMEX-BHP - SKLEP BHP - Odzie\u017c i obuwie robocze\",\"url\":\"https:\/\/kamexbhp.pl\/sklep\/\",\"logo\":{\"@type\":\"ImageObject\",\"inLanguage\":\"pl-PL\",\"@id\":\"https:\/\/kamexbhp.pl\/sklep\/#\/schema\/logo\/image\/\",\"url\":\"https:\/\/kamexbhp.pl\/sklep\/wp-content\/uploads\/2025\/01\/KAMEX-BHP-Logo-1080-x-1080.png\",\"contentUrl\":\"https:\/\/kamexbhp.pl\/sklep\/wp-content\/uploads\/2025\/01\/KAMEX-BHP-Logo-1080-x-1080.png\",\"width\":1080,\"height\":1080,\"caption\":\"KAMEX-BHP - SKLEP BHP - Odzie\u017c i obuwie robocze\"},\"image\":{\"@id\":\"https:\/\/kamexbhp.pl\/sklep\/#\/schema\/logo\/image\/\"},\"sameAs\":[\"https:\/\/www.facebook.com\/bhp.kamex\",\"https:\/\/www.instagram.com\/kamexbhp\/\"]}]}<\/script>\n<!-- \/ Yoast SEO plugin. -->","yoast_head_json":{"title":"SEVEN KINGS RIVAL SPODNIE SOFTSHELL OCIEPLANE - KAMEX BHP - SKLEP INTERNETOWY Z ARTYKU\u0141AMI BHP NAJWY\u017bSZEJ JAKO\u015aCI","description":"RIVAL spodnie softshell ocieplane, wodoodporne 8000mm, oddychaj\u0105ce 3000g\/m\u00b2\/24h, z licznymi kieszeniami i elementami odblaskowymi.","robots":{"index":"index","follow":"follow","max-snippet":"max-snippet:-1","max-image-preview":"max-image-preview:large","max-video-preview":"max-video-preview:-1"},"canonical":"https:\/\/kamexbhp.pl\/sklep\/produkt\/seven-kings-rival-spodnie-softshell-ocieplane\/","og_locale":"pl_PL","og_type":"article","og_title":"SEVEN KINGS RIVAL SPODNIE SOFTSHELL OCIEPLANE - KAMEX BHP - SKLEP INTERNETOWY Z ARTYKU\u0141AMI BHP NAJWY\u017bSZEJ JAKO\u015aCI","og_description":"RIVAL spodnie softshell ocieplane, wodoodporne 8000mm, oddychaj\u0105ce 3000g\/m\u00b2\/24h, z licznymi kieszeniami i elementami odblaskowymi.","og_url":"https:\/\/kamexbhp.pl\/sklep\/produkt\/seven-kings-rival-spodnie-softshell-ocieplane\/","og_site_name":"KAMEX BHP - SKLEP INTERNETOWY Z ARTYKU\u0141AMI BHP NAJWY\u017bSZEJ JAKO\u015aCI","article_publisher":"https:\/\/www.facebook.com\/bhp.kamex","article_modified_time":"2026-01-29T09:01:12+00:00","og_image":[{"width":350,"height":405,"url":"https:\/\/kamexbhp.pl\/sklep\/wp-content\/uploads\/2025\/08\/thumb_seven_kings_rival_spodnie_softshell_ocieplane_czarnyzolty_1.jpg","type":"image\/jpeg"}],"twitter_card":"summary_large_image","twitter_misc":{"Szacowany czas czytania":"1 minuta"},"schema":{"@context":"https:\/\/schema.org","@graph":[{"@type":"WebPage","@id":"https:\/\/kamexbhp.pl\/sklep\/produkt\/seven-kings-rival-spodnie-softshell-ocieplane\/","url":"https:\/\/kamexbhp.pl\/sklep\/produkt\/seven-kings-rival-spodnie-softshell-ocieplane\/","name":"SEVEN KINGS RIVAL SPODNIE SOFTSHELL OCIEPLANE - KAMEX BHP - SKLEP INTERNETOWY Z ARTYKU\u0141AMI BHP NAJWY\u017bSZEJ JAKO\u015aCI","isPartOf":{"@id":"https:\/\/kamexbhp.pl\/sklep\/#website"},"primaryImageOfPage":{"@id":"https:\/\/kamexbhp.pl\/sklep\/produkt\/seven-kings-rival-spodnie-softshell-ocieplane\/#primaryimage"},"image":{"@id":"https:\/\/kamexbhp.pl\/sklep\/produkt\/seven-kings-rival-spodnie-softshell-ocieplane\/#primaryimage"},"thumbnailUrl":"https:\/\/kamexbhp.pl\/sklep\/wp-content\/uploads\/2025\/08\/thumb_seven_kings_rival_spodnie_softshell_ocieplane_czarnyzolty_1.jpg","datePublished":"2025-08-28T09:26:32+00:00","dateModified":"2026-01-29T09:01:12+00:00","description":"RIVAL spodnie softshell ocieplane, wodoodporne 8000mm, oddychaj\u0105ce 3000g\/m\u00b2\/24h, z licznymi kieszeniami i elementami odblaskowymi.","breadcrumb":{"@id":"https:\/\/kamexbhp.pl\/sklep\/produkt\/seven-kings-rival-spodnie-softshell-ocieplane\/#breadcrumb"},"inLanguage":"pl-PL","potentialAction":[{"@type":"ReadAction","target":["https:\/\/kamexbhp.pl\/sklep\/produkt\/seven-kings-rival-spodnie-softshell-ocieplane\/"]}]},{"@type":"ImageObject","inLanguage":"pl-PL","@id":"https:\/\/kamexbhp.pl\/sklep\/produkt\/seven-kings-rival-spodnie-softshell-ocieplane\/#primaryimage","url":"https:\/\/kamexbhp.pl\/sklep\/wp-content\/uploads\/2025\/08\/thumb_seven_kings_rival_spodnie_softshell_ocieplane_czarnyzolty_1.jpg","contentUrl":"https:\/\/kamexbhp.pl\/sklep\/wp-content\/uploads\/2025\/08\/thumb_seven_kings_rival_spodnie_softshell_ocieplane_czarnyzolty_1.jpg","width":350,"height":405},{"@type":"BreadcrumbList","@id":"https:\/\/kamexbhp.pl\/sklep\/produkt\/seven-kings-rival-spodnie-softshell-ocieplane\/#breadcrumb","itemListElement":[{"@type":"ListItem","position":1,"name":"Strona g\u0142\u00f3wna","item":"https:\/\/kamexbhp.pl\/sklep\/"},{"@type":"ListItem","position":2,"name":"Sklep","item":"https:\/\/kamexbhp.pl\/sklep\/sklep\/"},{"@type":"ListItem","position":3,"name":"SEVEN KINGS RIVAL SPODNIE SOFTSHELL OCIEPLANE"}]},{"@type":"WebSite","@id":"https:\/\/kamexbhp.pl\/sklep\/#website","url":"https:\/\/kamexbhp.pl\/sklep\/","name":"KAMEX BHP - SKLEP INTERNETOWY Z ARTYKU\u0141AMI BHP NAJWY\u017bSZEJ JAKO\u015aCI","description":"Artuku\u0142y BHP najwy\u017cszej jako\u015bci!","publisher":{"@id":"https:\/\/kamexbhp.pl\/sklep\/#organization"},"potentialAction":[{"@type":"SearchAction","target":{"@type":"EntryPoint","urlTemplate":"https:\/\/kamexbhp.pl\/sklep\/?s={search_term_string}"},"query-input":{"@type":"PropertyValueSpecification","valueRequired":true,"valueName":"search_term_string"}}],"inLanguage":"pl-PL"},{"@type":"Organization","@id":"https:\/\/kamexbhp.pl\/sklep\/#organization","name":"KAMEX-BHP - SKLEP BHP - Odzie\u017c i obuwie robocze","url":"https:\/\/kamexbhp.pl\/sklep\/","logo":{"@type":"ImageObject","inLanguage":"pl-PL","@id":"https:\/\/kamexbhp.pl\/sklep\/#\/schema\/logo\/image\/","url":"https:\/\/kamexbhp.pl\/sklep\/wp-content\/uploads\/2025\/01\/KAMEX-BHP-Logo-1080-x-1080.png","contentUrl":"https:\/\/kamexbhp.pl\/sklep\/wp-content\/uploads\/2025\/01\/KAMEX-BHP-Logo-1080-x-1080.png","width":1080,"height":1080,"caption":"KAMEX-BHP - SKLEP BHP - Odzie\u017c i obuwie robocze"},"image":{"@id":"https:\/\/kamexbhp.pl\/sklep\/#\/schema\/logo\/image\/"},"sameAs":["https:\/\/www.facebook.com\/bhp.kamex","https:\/\/www.instagram.com\/kamexbhp\/"]}]}},"_links":{"self":[{"href":"https:\/\/kamexbhp.pl\/sklep\/wp-json\/wp\/v2\/product\/8844","targetHints":{"allow":["GET"]}}],"collection":[{"href":"https:\/\/kamexbhp.pl\/sklep\/wp-json\/wp\/v2\/product"}],"about":[{"href":"https:\/\/kamexbhp.pl\/sklep\/wp-json\/wp\/v2\/types\/product"}],"replies":[{"embeddable":true,"href":"https:\/\/kamexbhp.pl\/sklep\/wp-json\/wp\/v2\/comments?post=8844"}],"version-history":[{"count":1,"href":"https:\/\/kamexbhp.pl\/sklep\/wp-json\/wp\/v2\/product\/8844\/revisions"}],"predecessor-version":[{"id":8856,"href":"https:\/\/kamexbhp.pl\/sklep\/wp-json\/wp\/v2\/product\/8844\/revisions\/8856"}],"wp:featuredmedia":[{"embeddable":true,"href":"https:\/\/kamexbhp.pl\/sklep\/wp-json\/wp\/v2\/media\/8845"}],"wp:attachment":[{"href":"https:\/\/kamexbhp.pl\/sklep\/wp-json\/wp\/v2\/media?parent=8844"}],"wp:term":[{"taxonomy":"product_brand","embeddable":true,"href":"https:\/\/kamexbhp.pl\/sklep\/wp-json\/wp\/v2\/product_brand?post=8844"},{"taxonomy":"product_cat","embeddable":true,"href":"https:\/\/kamexbhp.pl\/sklep\/wp-json\/wp\/v2\/product_cat?post=8844"},{"taxonomy":"product_tag","embeddable":true,"href":"https:\/\/kamexbhp.pl\/sklep\/wp-json\/wp\/v2\/product_tag?post=8844"}],"curies":[{"name":"wp","href":"https:\/\/api.w.org\/{rel}","templated":true}]}}