{"id":8828,"date":"2025-08-28T10:55:49","date_gmt":"2025-08-28T08:55:49","guid":{"rendered":"https:\/\/kamexbhp.pl\/sklep\/?post_type=product&#038;p=8828"},"modified":"2025-08-28T10:56:24","modified_gmt":"2025-08-28T08:56:24","slug":"atlas-polbut-flash-3300-boa","status":"publish","type":"product","link":"https:\/\/kamexbhp.pl\/sklep\/produkt\/atlas-polbut-flash-3300-boa\/","title":{"rendered":"Atlas P\u00f3\u0142but Flash 3300 Boa"},"content":{"rendered":"<p data-start=\"163\" data-end=\"450\"><strong data-start=\"163\" data-end=\"187\">Atlas Flash 3300 BOA<\/strong> to lekkie i wygodne p\u00f3\u0142buty robocze stworzone dla profesjonalist\u00f3w, kt\u00f3rzy oczekuj\u0105 najwy\u017cszej ochrony i komfortu. Obuwie spe\u0142nia norm\u0119 <strong data-start=\"324\" data-end=\"347\">EN ISO 20345 S1 SRC<\/strong>, dzi\u0119ki czemu gwarantuje bezpiecze\u0144stwo i odporno\u015b\u0107 na po\u015blizg nawet w wymagaj\u0105cym \u015brodowisku pracy.<\/p>\n<p data-start=\"452\" data-end=\"778\">Wyposa\u017cone w <strong data-start=\"465\" data-end=\"496\">aluminiowy podnosek Alu-tec<\/strong>, innowacyjny <strong data-start=\"510\" data-end=\"532\">BOA Closure System<\/strong> oraz amortyzacj\u0119 <strong data-start=\"550\" data-end=\"572\">MPU REBOUND SYSTEM<\/strong>, zapewniaj\u0105 maksymaln\u0105 wygod\u0119 i trwa\u0142o\u015b\u0107. Dzi\u0119ki <strong data-start=\"622\" data-end=\"656\">oddychaj\u0105cej wy\u015bci\u00f3\u0142ce aktiv-X<\/strong>, technologii <strong data-start=\"670\" data-end=\"686\">clima-stream<\/strong> oraz cholewce z przewiewnej siatki, stopa zachowuje \u015bwie\u017co\u015b\u0107 nawet podczas d\u0142ugiego dnia.<\/p>\n<hr data-start=\"780\" data-end=\"783\" \/>\n<h3 data-start=\"785\" data-end=\"812\">\ud83d\udd39 Najwa\u017cniejsze cechy:<\/h3>\n<ul data-start=\"813\" data-end=\"1479\">\n<li data-start=\"813\" data-end=\"842\">\n<p data-start=\"815\" data-end=\"842\">Numer artyku\u0142u: <strong data-start=\"831\" data-end=\"840\">79600<\/strong><\/p>\n<\/li>\n<li data-start=\"843\" data-end=\"892\">\n<p data-start=\"845\" data-end=\"892\">Norma bezpiecze\u0144stwa: <strong data-start=\"867\" data-end=\"890\">EN ISO 20345 S1 SRC<\/strong><\/p>\n<\/li>\n<li data-start=\"893\" data-end=\"970\">\n<p data-start=\"895\" data-end=\"970\"><strong data-start=\"895\" data-end=\"926\">Aluminiowy podnosek Alu-tec<\/strong> \u2013 wysoka ochrona przy zachowaniu lekko\u015bci<\/p>\n<\/li>\n<li data-start=\"971\" data-end=\"1040\">\n<p data-start=\"973\" data-end=\"1040\"><strong data-start=\"973\" data-end=\"987\">System BOA<\/strong> \u2013 szybkie i precyzyjne dopasowanie bez sznurowade\u0142<\/p>\n<\/li>\n<li data-start=\"1041\" data-end=\"1098\">\n<p data-start=\"1043\" data-end=\"1098\"><strong data-start=\"1043\" data-end=\"1065\">MPU REBOUND SYSTEM<\/strong> \u2013 amortyzacja i ochrona staw\u00f3w<\/p>\n<\/li>\n<li data-start=\"1099\" data-end=\"1168\">\n<p data-start=\"1101\" data-end=\"1168\"><strong data-start=\"1101\" data-end=\"1134\">Oddychaj\u0105ca wy\u015bci\u00f3\u0142ka aktiv-X<\/strong> \u2013 komfort i higiena u\u017cytkowania<\/p>\n<\/li>\n<li data-start=\"1169\" data-end=\"1239\">\n<p data-start=\"1171\" data-end=\"1239\"><strong data-start=\"1171\" data-end=\"1187\">Clima-stream<\/strong> \u2013 optymalna regulacja temperatury wewn\u0105trz obuwia<\/p>\n<\/li>\n<li data-start=\"1240\" data-end=\"1300\">\n<p data-start=\"1242\" data-end=\"1300\"><strong data-start=\"1242\" data-end=\"1298\">ESD \u2013 ochrona przed wy\u0142adowaniami elektrostatycznymi<\/strong><\/p>\n<\/li>\n<li data-start=\"1301\" data-end=\"1352\">\n<p data-start=\"1303\" data-end=\"1352\"><strong data-start=\"1303\" data-end=\"1350\">Mo\u017cliwo\u015b\u0107 stosowania wk\u0142adek ortopedycznych<\/strong><\/p>\n<\/li>\n<li data-start=\"1353\" data-end=\"1423\">\n<p data-start=\"1355\" data-end=\"1423\"><strong data-start=\"1355\" data-end=\"1374\">System INNOFLEX<\/strong> \u2013 stabilno\u015b\u0107 i dynamiczne dopasowanie do ruchu<\/p>\n<\/li>\n<li data-start=\"1424\" data-end=\"1479\">\n<p data-start=\"1426\" data-end=\"1479\"><strong data-start=\"1426\" data-end=\"1452\">Cholewka z siatki mesh<\/strong> \u2013 lekko\u015b\u0107 i przewiewno\u015b\u0107<\/p>\n<\/li>\n<\/ul>\n","protected":false},"excerpt":{"rendered":"<p>P\u00f3\u0142but <strong data-start=\"172\" data-end=\"196\">Atlas Flash 3300 BOA<\/strong> (nr artyku\u0142u 79600) to nowoczesne obuwie robocze spe\u0142niaj\u0105ce norm\u0119 <strong data-start=\"264\" data-end=\"287\">EN ISO 20345 S1 SRC<\/strong>, zaprojektowane z my\u015bl\u0105 o komforcie i bezpiecze\u0144stwie w miejscu pracy. Dzi\u0119ki innowacyjnym systemom amortyzacji oraz oddychaj\u0105cym materia\u0142om, buty te doskonale sprawdz\u0105 si\u0119 w bran\u017cach wymagaj\u0105cych wysokiej ochrony, wygody i trwa\u0142o\u015bci.<\/p>\n","protected":false},"featured_media":8829,"comment_status":"open","ping_status":"closed","template":"","meta":[],"product_brand":[2033],"product_cat":[15],"product_tag":[2034,2038,2040,2036,2039,2035,2037],"class_list":{"0":"post-8828","1":"product","2":"type-product","3":"status-publish","4":"has-post-thumbnail","6":"product_brand-atlas","7":"product_cat-rozne","8":"product_tag-atlas-flash-3300-boa","9":"product_tag-atlas-flash-3300-sklep","10":"product_tag-buty-ochronne-atlas-boa","11":"product_tag-buty-robocze-atlas-flash","12":"product_tag-obuwie-robocze-atlas","13":"product_tag-polbuty-atlas-boa","14":"product_tag-polbuty-robocze-atlas","16":"first","17":"instock","18":"taxable","19":"shipping-taxable","20":"purchasable","21":"product-type-variable"},"yoast_head":"<!-- This site is optimized with the Yoast SEO plugin v25.6 - https:\/\/yoast.com\/wordpress\/plugins\/seo\/ -->\n<title>Atlas P\u00f3\u0142but Flash 3300 Boa - KAMEX BHP - SKLEP INTERNETOWY Z ARTYKU\u0141AMI BHP NAJWY\u017bSZEJ JAKO\u015aCI<\/title>\n<meta name=\"description\" content=\"P\u00f3\u0142buty robocze Atlas Flash 3300 BOA S1 SRC z aluminiowym podnoskiem, systemem BOA i oddychaj\u0105c\u0105 wy\u015bci\u00f3\u0142k\u0105 aktiv-X.\" \/>\n<meta name=\"robots\" content=\"index, follow, max-snippet:-1, max-image-preview:large, max-video-preview:-1\" \/>\n<link rel=\"canonical\" href=\"https:\/\/kamexbhp.pl\/sklep\/produkt\/atlas-polbut-flash-3300-boa\/\" \/>\n<meta property=\"og:locale\" content=\"pl_PL\" \/>\n<meta property=\"og:type\" content=\"article\" \/>\n<meta property=\"og:title\" content=\"Atlas P\u00f3\u0142but Flash 3300 Boa - KAMEX BHP - SKLEP INTERNETOWY Z ARTYKU\u0141AMI BHP NAJWY\u017bSZEJ JAKO\u015aCI\" \/>\n<meta property=\"og:description\" content=\"P\u00f3\u0142buty robocze Atlas Flash 3300 BOA S1 SRC z aluminiowym podnoskiem, systemem BOA i oddychaj\u0105c\u0105 wy\u015bci\u00f3\u0142k\u0105 aktiv-X.\" \/>\n<meta property=\"og:url\" content=\"https:\/\/kamexbhp.pl\/sklep\/produkt\/atlas-polbut-flash-3300-boa\/\" \/>\n<meta property=\"og:site_name\" content=\"KAMEX BHP - SKLEP INTERNETOWY Z ARTYKU\u0141AMI BHP NAJWY\u017bSZEJ JAKO\u015aCI\" \/>\n<meta property=\"article:publisher\" content=\"https:\/\/www.facebook.com\/bhp.kamex\" \/>\n<meta property=\"article:modified_time\" content=\"2025-08-28T08:56:24+00:00\" \/>\n<meta property=\"og:image\" content=\"https:\/\/kamexbhp.pl\/sklep\/wp-content\/uploads\/2025\/08\/FLASH-3300-BOA.jpg\" \/>\n\t<meta property=\"og:image:width\" content=\"500\" \/>\n\t<meta property=\"og:image:height\" content=\"500\" \/>\n\t<meta property=\"og:image:type\" content=\"image\/jpeg\" \/>\n<meta name=\"twitter:card\" content=\"summary_large_image\" \/>\n<meta name=\"twitter:label1\" content=\"Szacowany czas czytania\" \/>\n\t<meta name=\"twitter:data1\" content=\"2 minuty\" \/>\n<script type=\"application\/ld+json\" class=\"yoast-schema-graph\">{\"@context\":\"https:\/\/schema.org\",\"@graph\":[{\"@type\":\"WebPage\",\"@id\":\"https:\/\/kamexbhp.pl\/sklep\/produkt\/atlas-polbut-flash-3300-boa\/\",\"url\":\"https:\/\/kamexbhp.pl\/sklep\/produkt\/atlas-polbut-flash-3300-boa\/\",\"name\":\"Atlas P\u00f3\u0142but Flash 3300 Boa - KAMEX BHP - SKLEP INTERNETOWY Z ARTYKU\u0141AMI BHP NAJWY\u017bSZEJ JAKO\u015aCI\",\"isPartOf\":{\"@id\":\"https:\/\/kamexbhp.pl\/sklep\/#website\"},\"primaryImageOfPage\":{\"@id\":\"https:\/\/kamexbhp.pl\/sklep\/produkt\/atlas-polbut-flash-3300-boa\/#primaryimage\"},\"image\":{\"@id\":\"https:\/\/kamexbhp.pl\/sklep\/produkt\/atlas-polbut-flash-3300-boa\/#primaryimage\"},\"thumbnailUrl\":\"https:\/\/kamexbhp.pl\/sklep\/wp-content\/uploads\/2025\/08\/FLASH-3300-BOA.jpg\",\"datePublished\":\"2025-08-28T08:55:49+00:00\",\"dateModified\":\"2025-08-28T08:56:24+00:00\",\"description\":\"P\u00f3\u0142buty robocze Atlas Flash 3300 BOA S1 SRC z aluminiowym podnoskiem, systemem BOA i oddychaj\u0105c\u0105 wy\u015bci\u00f3\u0142k\u0105 aktiv-X.\",\"breadcrumb\":{\"@id\":\"https:\/\/kamexbhp.pl\/sklep\/produkt\/atlas-polbut-flash-3300-boa\/#breadcrumb\"},\"inLanguage\":\"pl-PL\",\"potentialAction\":[{\"@type\":\"ReadAction\",\"target\":[\"https:\/\/kamexbhp.pl\/sklep\/produkt\/atlas-polbut-flash-3300-boa\/\"]}]},{\"@type\":\"ImageObject\",\"inLanguage\":\"pl-PL\",\"@id\":\"https:\/\/kamexbhp.pl\/sklep\/produkt\/atlas-polbut-flash-3300-boa\/#primaryimage\",\"url\":\"https:\/\/kamexbhp.pl\/sklep\/wp-content\/uploads\/2025\/08\/FLASH-3300-BOA.jpg\",\"contentUrl\":\"https:\/\/kamexbhp.pl\/sklep\/wp-content\/uploads\/2025\/08\/FLASH-3300-BOA.jpg\",\"width\":500,\"height\":500},{\"@type\":\"BreadcrumbList\",\"@id\":\"https:\/\/kamexbhp.pl\/sklep\/produkt\/atlas-polbut-flash-3300-boa\/#breadcrumb\",\"itemListElement\":[{\"@type\":\"ListItem\",\"position\":1,\"name\":\"Strona g\u0142\u00f3wna\",\"item\":\"https:\/\/kamexbhp.pl\/sklep\/\"},{\"@type\":\"ListItem\",\"position\":2,\"name\":\"Sklep\",\"item\":\"https:\/\/kamexbhp.pl\/sklep\/sklep\/\"},{\"@type\":\"ListItem\",\"position\":3,\"name\":\"Atlas P\u00f3\u0142but Flash 3300 Boa\"}]},{\"@type\":\"WebSite\",\"@id\":\"https:\/\/kamexbhp.pl\/sklep\/#website\",\"url\":\"https:\/\/kamexbhp.pl\/sklep\/\",\"name\":\"KAMEX BHP - SKLEP INTERNETOWY Z ARTYKU\u0141AMI BHP NAJWY\u017bSZEJ JAKO\u015aCI\",\"description\":\"Artuku\u0142y BHP najwy\u017cszej jako\u015bci!\",\"publisher\":{\"@id\":\"https:\/\/kamexbhp.pl\/sklep\/#organization\"},\"potentialAction\":[{\"@type\":\"SearchAction\",\"target\":{\"@type\":\"EntryPoint\",\"urlTemplate\":\"https:\/\/kamexbhp.pl\/sklep\/?s={search_term_string}\"},\"query-input\":{\"@type\":\"PropertyValueSpecification\",\"valueRequired\":true,\"valueName\":\"search_term_string\"}}],\"inLanguage\":\"pl-PL\"},{\"@type\":\"Organization\",\"@id\":\"https:\/\/kamexbhp.pl\/sklep\/#organization\",\"name\":\"KAMEX-BHP - SKLEP BHP - Odzie\u017c i obuwie robocze\",\"url\":\"https:\/\/kamexbhp.pl\/sklep\/\",\"logo\":{\"@type\":\"ImageObject\",\"inLanguage\":\"pl-PL\",\"@id\":\"https:\/\/kamexbhp.pl\/sklep\/#\/schema\/logo\/image\/\",\"url\":\"https:\/\/kamexbhp.pl\/sklep\/wp-content\/uploads\/2025\/01\/KAMEX-BHP-Logo-1080-x-1080.png\",\"contentUrl\":\"https:\/\/kamexbhp.pl\/sklep\/wp-content\/uploads\/2025\/01\/KAMEX-BHP-Logo-1080-x-1080.png\",\"width\":1080,\"height\":1080,\"caption\":\"KAMEX-BHP - SKLEP BHP - Odzie\u017c i obuwie robocze\"},\"image\":{\"@id\":\"https:\/\/kamexbhp.pl\/sklep\/#\/schema\/logo\/image\/\"},\"sameAs\":[\"https:\/\/www.facebook.com\/bhp.kamex\",\"https:\/\/www.instagram.com\/kamexbhp\/\"]}]}<\/script>\n<!-- \/ Yoast SEO plugin. -->","yoast_head_json":{"title":"Atlas P\u00f3\u0142but Flash 3300 Boa - KAMEX BHP - SKLEP INTERNETOWY Z ARTYKU\u0141AMI BHP NAJWY\u017bSZEJ JAKO\u015aCI","description":"P\u00f3\u0142buty robocze Atlas Flash 3300 BOA S1 SRC z aluminiowym podnoskiem, systemem BOA i oddychaj\u0105c\u0105 wy\u015bci\u00f3\u0142k\u0105 aktiv-X.","robots":{"index":"index","follow":"follow","max-snippet":"max-snippet:-1","max-image-preview":"max-image-preview:large","max-video-preview":"max-video-preview:-1"},"canonical":"https:\/\/kamexbhp.pl\/sklep\/produkt\/atlas-polbut-flash-3300-boa\/","og_locale":"pl_PL","og_type":"article","og_title":"Atlas P\u00f3\u0142but Flash 3300 Boa - KAMEX BHP - SKLEP INTERNETOWY Z ARTYKU\u0141AMI BHP NAJWY\u017bSZEJ JAKO\u015aCI","og_description":"P\u00f3\u0142buty robocze Atlas Flash 3300 BOA S1 SRC z aluminiowym podnoskiem, systemem BOA i oddychaj\u0105c\u0105 wy\u015bci\u00f3\u0142k\u0105 aktiv-X.","og_url":"https:\/\/kamexbhp.pl\/sklep\/produkt\/atlas-polbut-flash-3300-boa\/","og_site_name":"KAMEX BHP - SKLEP INTERNETOWY Z ARTYKU\u0141AMI BHP NAJWY\u017bSZEJ JAKO\u015aCI","article_publisher":"https:\/\/www.facebook.com\/bhp.kamex","article_modified_time":"2025-08-28T08:56:24+00:00","og_image":[{"width":500,"height":500,"url":"https:\/\/kamexbhp.pl\/sklep\/wp-content\/uploads\/2025\/08\/FLASH-3300-BOA.jpg","type":"image\/jpeg"}],"twitter_card":"summary_large_image","twitter_misc":{"Szacowany czas czytania":"2 minuty"},"schema":{"@context":"https:\/\/schema.org","@graph":[{"@type":"WebPage","@id":"https:\/\/kamexbhp.pl\/sklep\/produkt\/atlas-polbut-flash-3300-boa\/","url":"https:\/\/kamexbhp.pl\/sklep\/produkt\/atlas-polbut-flash-3300-boa\/","name":"Atlas P\u00f3\u0142but Flash 3300 Boa - KAMEX BHP - SKLEP INTERNETOWY Z ARTYKU\u0141AMI BHP NAJWY\u017bSZEJ JAKO\u015aCI","isPartOf":{"@id":"https:\/\/kamexbhp.pl\/sklep\/#website"},"primaryImageOfPage":{"@id":"https:\/\/kamexbhp.pl\/sklep\/produkt\/atlas-polbut-flash-3300-boa\/#primaryimage"},"image":{"@id":"https:\/\/kamexbhp.pl\/sklep\/produkt\/atlas-polbut-flash-3300-boa\/#primaryimage"},"thumbnailUrl":"https:\/\/kamexbhp.pl\/sklep\/wp-content\/uploads\/2025\/08\/FLASH-3300-BOA.jpg","datePublished":"2025-08-28T08:55:49+00:00","dateModified":"2025-08-28T08:56:24+00:00","description":"P\u00f3\u0142buty robocze Atlas Flash 3300 BOA S1 SRC z aluminiowym podnoskiem, systemem BOA i oddychaj\u0105c\u0105 wy\u015bci\u00f3\u0142k\u0105 aktiv-X.","breadcrumb":{"@id":"https:\/\/kamexbhp.pl\/sklep\/produkt\/atlas-polbut-flash-3300-boa\/#breadcrumb"},"inLanguage":"pl-PL","potentialAction":[{"@type":"ReadAction","target":["https:\/\/kamexbhp.pl\/sklep\/produkt\/atlas-polbut-flash-3300-boa\/"]}]},{"@type":"ImageObject","inLanguage":"pl-PL","@id":"https:\/\/kamexbhp.pl\/sklep\/produkt\/atlas-polbut-flash-3300-boa\/#primaryimage","url":"https:\/\/kamexbhp.pl\/sklep\/wp-content\/uploads\/2025\/08\/FLASH-3300-BOA.jpg","contentUrl":"https:\/\/kamexbhp.pl\/sklep\/wp-content\/uploads\/2025\/08\/FLASH-3300-BOA.jpg","width":500,"height":500},{"@type":"BreadcrumbList","@id":"https:\/\/kamexbhp.pl\/sklep\/produkt\/atlas-polbut-flash-3300-boa\/#breadcrumb","itemListElement":[{"@type":"ListItem","position":1,"name":"Strona g\u0142\u00f3wna","item":"https:\/\/kamexbhp.pl\/sklep\/"},{"@type":"ListItem","position":2,"name":"Sklep","item":"https:\/\/kamexbhp.pl\/sklep\/sklep\/"},{"@type":"ListItem","position":3,"name":"Atlas P\u00f3\u0142but Flash 3300 Boa"}]},{"@type":"WebSite","@id":"https:\/\/kamexbhp.pl\/sklep\/#website","url":"https:\/\/kamexbhp.pl\/sklep\/","name":"KAMEX BHP - SKLEP INTERNETOWY Z ARTYKU\u0141AMI BHP NAJWY\u017bSZEJ JAKO\u015aCI","description":"Artuku\u0142y BHP najwy\u017cszej jako\u015bci!","publisher":{"@id":"https:\/\/kamexbhp.pl\/sklep\/#organization"},"potentialAction":[{"@type":"SearchAction","target":{"@type":"EntryPoint","urlTemplate":"https:\/\/kamexbhp.pl\/sklep\/?s={search_term_string}"},"query-input":{"@type":"PropertyValueSpecification","valueRequired":true,"valueName":"search_term_string"}}],"inLanguage":"pl-PL"},{"@type":"Organization","@id":"https:\/\/kamexbhp.pl\/sklep\/#organization","name":"KAMEX-BHP - SKLEP BHP - Odzie\u017c i obuwie robocze","url":"https:\/\/kamexbhp.pl\/sklep\/","logo":{"@type":"ImageObject","inLanguage":"pl-PL","@id":"https:\/\/kamexbhp.pl\/sklep\/#\/schema\/logo\/image\/","url":"https:\/\/kamexbhp.pl\/sklep\/wp-content\/uploads\/2025\/01\/KAMEX-BHP-Logo-1080-x-1080.png","contentUrl":"https:\/\/kamexbhp.pl\/sklep\/wp-content\/uploads\/2025\/01\/KAMEX-BHP-Logo-1080-x-1080.png","width":1080,"height":1080,"caption":"KAMEX-BHP - SKLEP BHP - Odzie\u017c i obuwie robocze"},"image":{"@id":"https:\/\/kamexbhp.pl\/sklep\/#\/schema\/logo\/image\/"},"sameAs":["https:\/\/www.facebook.com\/bhp.kamex","https:\/\/www.instagram.com\/kamexbhp\/"]}]}},"_links":{"self":[{"href":"https:\/\/kamexbhp.pl\/sklep\/wp-json\/wp\/v2\/product\/8828","targetHints":{"allow":["GET"]}}],"collection":[{"href":"https:\/\/kamexbhp.pl\/sklep\/wp-json\/wp\/v2\/product"}],"about":[{"href":"https:\/\/kamexbhp.pl\/sklep\/wp-json\/wp\/v2\/types\/product"}],"replies":[{"embeddable":true,"href":"https:\/\/kamexbhp.pl\/sklep\/wp-json\/wp\/v2\/comments?post=8828"}],"version-history":[{"count":1,"href":"https:\/\/kamexbhp.pl\/sklep\/wp-json\/wp\/v2\/product\/8828\/revisions"}],"predecessor-version":[{"id":8831,"href":"https:\/\/kamexbhp.pl\/sklep\/wp-json\/wp\/v2\/product\/8828\/revisions\/8831"}],"wp:featuredmedia":[{"embeddable":true,"href":"https:\/\/kamexbhp.pl\/sklep\/wp-json\/wp\/v2\/media\/8829"}],"wp:attachment":[{"href":"https:\/\/kamexbhp.pl\/sklep\/wp-json\/wp\/v2\/media?parent=8828"}],"wp:term":[{"taxonomy":"product_brand","embeddable":true,"href":"https:\/\/kamexbhp.pl\/sklep\/wp-json\/wp\/v2\/product_brand?post=8828"},{"taxonomy":"product_cat","embeddable":true,"href":"https:\/\/kamexbhp.pl\/sklep\/wp-json\/wp\/v2\/product_cat?post=8828"},{"taxonomy":"product_tag","embeddable":true,"href":"https:\/\/kamexbhp.pl\/sklep\/wp-json\/wp\/v2\/product_tag?post=8828"}],"curies":[{"name":"wp","href":"https:\/\/api.w.org\/{rel}","templated":true}]}}