{"id":8819,"date":"2025-08-23T11:01:01","date_gmt":"2025-08-23T09:01:01","guid":{"rendered":"https:\/\/kamexbhp.pl\/sklep\/?post_type=product&#038;p=8819"},"modified":"2026-01-29T10:02:56","modified_gmt":"2026-01-29T09:02:56","slug":"portwest-spodnie-jogger-ze-stretchem","status":"publish","type":"product","link":"https:\/\/kamexbhp.pl\/sklep\/produkt\/portwest-spodnie-jogger-ze-stretchem\/","title":{"rendered":"PORTWEST Spodnie Jogger ze stretchem"},"content":{"rendered":"<p data-start=\"138\" data-end=\"609\"><strong data-start=\"138\" data-end=\"186\">Portwest Spodnie Jogger ze stretchem (CO740)<\/strong> to nowoczesne i wygodne spodnie robocze, stworzone z my\u015bl\u0105 o maksymalnym komforcie i funkcjonalno\u015bci podczas pracy. Wykonane z trwa\u0142ej tkaniny poliestrowo\u2013bawe\u0142nianej, gwarantuj\u0105 odporno\u015b\u0107 na codzienne u\u017cytkowanie, a jednocze\u015bnie zapewniaj\u0105 swobod\u0119 ruch\u00f3w. Dzi\u0119ki elastycznym elementom, przegubowym zaszewkom i specjalnemu klinowi w kroku, spodnie dopasowuj\u0105 si\u0119 do cia\u0142a, zmniejszaj\u0105c zm\u0119czenie w trakcie d\u0142ugiej pracy.<\/p>\n<p data-start=\"611\" data-end=\"1023\">Wyposa\u017cone w liczne kieszenie, w tym boczne, udowe i ukryt\u0105 kiesze\u0144 na telefon, pozwalaj\u0105 mie\u0107 wszystkie niezb\u0119dne narz\u0119dzia i akcesoria zawsze pod r\u0119k\u0105. Nowoczesne wyko\u0144czenie <strong data-start=\"788\" data-end=\"810\">Texpel\u2122 Splash Eco<\/strong> bez PFAS sprawia, \u017ce materia\u0142 jest wodoodporny i \u0142atwy w czyszczeniu \u2013 woda i zabrudzenia sp\u0142ywaj\u0105 z powierzchni tkaniny. Spodnie zachowuj\u0105 sw\u00f3j rozmiar i kszta\u0142t nawet po wielu praniach w temperaturze do 60\u00b0C.<\/p>\n","protected":false},"excerpt":{"rendered":"<p>Spodnie o dopasowaniu slim fit, zapewniaj\u0105ce niesamowity komfort i elastyczno\u015b\u0107. Profilowane i zmocnione panele na kolanach zapewniaj\u0105 wi\u0119ksz\u0105 swobod\u0119 ruch\u00f3w, a pas i elastyczne nogawki zapewniaj\u0105 uniwersalne dopasowanie. Dodatkowe funkcje obejmuj\u0105 klin w kroku i liczne kieszenie idealne do bezpiecznego przechowywania telefonu, d\u0142ugopis\u00f3w.<\/p>\n","protected":false},"featured_media":8820,"comment_status":"open","ping_status":"closed","template":"","meta":[],"product_brand":[2029],"product_cat":[15],"product_tag":[2030,2031,911,2032,892],"class_list":{"0":"post-8819","1":"product","2":"type-product","3":"status-publish","4":"has-post-thumbnail","6":"product_brand-portwest","7":"product_cat-rozne","8":"product_tag-portwest-spodnie-jogger","9":"product_tag-spodnie-robocze-portwest-co740","10":"product_tag-spodnie-robocze-z-kieszeniami","11":"product_tag-spodnie-robocze-ze-stretchem","12":"product_tag-wygodne-spodnie-robocze","14":"first","15":"instock","16":"taxable","17":"shipping-taxable","18":"purchasable","19":"product-type-variable"},"yoast_head":"<!-- This site is optimized with the Yoast SEO plugin v25.6 - https:\/\/yoast.com\/wordpress\/plugins\/seo\/ -->\n<title>PORTWEST Spodnie Jogger ze stretchem - KAMEX BHP - SKLEP INTERNETOWY Z ARTYKU\u0141AMI BHP NAJWY\u017bSZEJ JAKO\u015aCI<\/title>\n<meta name=\"description\" content=\"Portwest Spodnie Jogger CO740 \u2013 trwa\u0142e, elastyczne, wodoodporne, oddychaj\u0105ce, z wieloma kieszeniami i idealnym dopasowaniem.\" \/>\n<meta name=\"robots\" content=\"index, follow, max-snippet:-1, max-image-preview:large, max-video-preview:-1\" \/>\n<link rel=\"canonical\" href=\"https:\/\/kamexbhp.pl\/sklep\/produkt\/portwest-spodnie-jogger-ze-stretchem\/\" \/>\n<meta property=\"og:locale\" content=\"pl_PL\" \/>\n<meta property=\"og:type\" content=\"article\" \/>\n<meta property=\"og:title\" content=\"PORTWEST Spodnie Jogger ze stretchem - KAMEX BHP - SKLEP INTERNETOWY Z ARTYKU\u0141AMI BHP NAJWY\u017bSZEJ JAKO\u015aCI\" \/>\n<meta property=\"og:description\" content=\"Portwest Spodnie Jogger CO740 \u2013 trwa\u0142e, elastyczne, wodoodporne, oddychaj\u0105ce, z wieloma kieszeniami i idealnym dopasowaniem.\" \/>\n<meta property=\"og:url\" content=\"https:\/\/kamexbhp.pl\/sklep\/produkt\/portwest-spodnie-jogger-ze-stretchem\/\" \/>\n<meta property=\"og:site_name\" content=\"KAMEX BHP - SKLEP INTERNETOWY Z ARTYKU\u0141AMI BHP NAJWY\u017bSZEJ JAKO\u015aCI\" \/>\n<meta property=\"article:publisher\" content=\"https:\/\/www.facebook.com\/bhp.kamex\" \/>\n<meta property=\"article:modified_time\" content=\"2026-01-29T09:02:56+00:00\" \/>\n<meta property=\"og:image\" content=\"https:\/\/kamexbhp.pl\/sklep\/wp-content\/uploads\/2025\/08\/C074BKR.jpg\" \/>\n\t<meta property=\"og:image:width\" content=\"1100\" \/>\n\t<meta property=\"og:image:height\" content=\"1100\" \/>\n\t<meta property=\"og:image:type\" content=\"image\/jpeg\" \/>\n<meta name=\"twitter:card\" content=\"summary_large_image\" \/>\n<meta name=\"twitter:label1\" content=\"Szacowany czas czytania\" \/>\n\t<meta name=\"twitter:data1\" content=\"1 minuta\" \/>\n<script type=\"application\/ld+json\" class=\"yoast-schema-graph\">{\"@context\":\"https:\/\/schema.org\",\"@graph\":[{\"@type\":\"WebPage\",\"@id\":\"https:\/\/kamexbhp.pl\/sklep\/produkt\/portwest-spodnie-jogger-ze-stretchem\/\",\"url\":\"https:\/\/kamexbhp.pl\/sklep\/produkt\/portwest-spodnie-jogger-ze-stretchem\/\",\"name\":\"PORTWEST Spodnie Jogger ze stretchem - KAMEX BHP - SKLEP INTERNETOWY Z ARTYKU\u0141AMI BHP NAJWY\u017bSZEJ JAKO\u015aCI\",\"isPartOf\":{\"@id\":\"https:\/\/kamexbhp.pl\/sklep\/#website\"},\"primaryImageOfPage\":{\"@id\":\"https:\/\/kamexbhp.pl\/sklep\/produkt\/portwest-spodnie-jogger-ze-stretchem\/#primaryimage\"},\"image\":{\"@id\":\"https:\/\/kamexbhp.pl\/sklep\/produkt\/portwest-spodnie-jogger-ze-stretchem\/#primaryimage\"},\"thumbnailUrl\":\"https:\/\/kamexbhp.pl\/sklep\/wp-content\/uploads\/2025\/08\/C074BKR.jpg\",\"datePublished\":\"2025-08-23T09:01:01+00:00\",\"dateModified\":\"2026-01-29T09:02:56+00:00\",\"description\":\"Portwest Spodnie Jogger CO740 \u2013 trwa\u0142e, elastyczne, wodoodporne, oddychaj\u0105ce, z wieloma kieszeniami i idealnym dopasowaniem.\",\"breadcrumb\":{\"@id\":\"https:\/\/kamexbhp.pl\/sklep\/produkt\/portwest-spodnie-jogger-ze-stretchem\/#breadcrumb\"},\"inLanguage\":\"pl-PL\",\"potentialAction\":[{\"@type\":\"ReadAction\",\"target\":[\"https:\/\/kamexbhp.pl\/sklep\/produkt\/portwest-spodnie-jogger-ze-stretchem\/\"]}]},{\"@type\":\"ImageObject\",\"inLanguage\":\"pl-PL\",\"@id\":\"https:\/\/kamexbhp.pl\/sklep\/produkt\/portwest-spodnie-jogger-ze-stretchem\/#primaryimage\",\"url\":\"https:\/\/kamexbhp.pl\/sklep\/wp-content\/uploads\/2025\/08\/C074BKR.jpg\",\"contentUrl\":\"https:\/\/kamexbhp.pl\/sklep\/wp-content\/uploads\/2025\/08\/C074BKR.jpg\",\"width\":1100,\"height\":1100},{\"@type\":\"BreadcrumbList\",\"@id\":\"https:\/\/kamexbhp.pl\/sklep\/produkt\/portwest-spodnie-jogger-ze-stretchem\/#breadcrumb\",\"itemListElement\":[{\"@type\":\"ListItem\",\"position\":1,\"name\":\"Strona g\u0142\u00f3wna\",\"item\":\"https:\/\/kamexbhp.pl\/sklep\/\"},{\"@type\":\"ListItem\",\"position\":2,\"name\":\"Sklep\",\"item\":\"https:\/\/kamexbhp.pl\/sklep\/sklep\/\"},{\"@type\":\"ListItem\",\"position\":3,\"name\":\"PORTWEST Spodnie Jogger ze stretchem\"}]},{\"@type\":\"WebSite\",\"@id\":\"https:\/\/kamexbhp.pl\/sklep\/#website\",\"url\":\"https:\/\/kamexbhp.pl\/sklep\/\",\"name\":\"KAMEX BHP - SKLEP INTERNETOWY Z ARTYKU\u0141AMI BHP NAJWY\u017bSZEJ JAKO\u015aCI\",\"description\":\"Artuku\u0142y BHP najwy\u017cszej jako\u015bci!\",\"publisher\":{\"@id\":\"https:\/\/kamexbhp.pl\/sklep\/#organization\"},\"potentialAction\":[{\"@type\":\"SearchAction\",\"target\":{\"@type\":\"EntryPoint\",\"urlTemplate\":\"https:\/\/kamexbhp.pl\/sklep\/?s={search_term_string}\"},\"query-input\":{\"@type\":\"PropertyValueSpecification\",\"valueRequired\":true,\"valueName\":\"search_term_string\"}}],\"inLanguage\":\"pl-PL\"},{\"@type\":\"Organization\",\"@id\":\"https:\/\/kamexbhp.pl\/sklep\/#organization\",\"name\":\"KAMEX-BHP - SKLEP BHP - Odzie\u017c i obuwie robocze\",\"url\":\"https:\/\/kamexbhp.pl\/sklep\/\",\"logo\":{\"@type\":\"ImageObject\",\"inLanguage\":\"pl-PL\",\"@id\":\"https:\/\/kamexbhp.pl\/sklep\/#\/schema\/logo\/image\/\",\"url\":\"https:\/\/kamexbhp.pl\/sklep\/wp-content\/uploads\/2025\/01\/KAMEX-BHP-Logo-1080-x-1080.png\",\"contentUrl\":\"https:\/\/kamexbhp.pl\/sklep\/wp-content\/uploads\/2025\/01\/KAMEX-BHP-Logo-1080-x-1080.png\",\"width\":1080,\"height\":1080,\"caption\":\"KAMEX-BHP - SKLEP BHP - Odzie\u017c i obuwie robocze\"},\"image\":{\"@id\":\"https:\/\/kamexbhp.pl\/sklep\/#\/schema\/logo\/image\/\"},\"sameAs\":[\"https:\/\/www.facebook.com\/bhp.kamex\",\"https:\/\/www.instagram.com\/kamexbhp\/\"]}]}<\/script>\n<!-- \/ Yoast SEO plugin. -->","yoast_head_json":{"title":"PORTWEST Spodnie Jogger ze stretchem - KAMEX BHP - SKLEP INTERNETOWY Z ARTYKU\u0141AMI BHP NAJWY\u017bSZEJ JAKO\u015aCI","description":"Portwest Spodnie Jogger CO740 \u2013 trwa\u0142e, elastyczne, wodoodporne, oddychaj\u0105ce, z wieloma kieszeniami i idealnym dopasowaniem.","robots":{"index":"index","follow":"follow","max-snippet":"max-snippet:-1","max-image-preview":"max-image-preview:large","max-video-preview":"max-video-preview:-1"},"canonical":"https:\/\/kamexbhp.pl\/sklep\/produkt\/portwest-spodnie-jogger-ze-stretchem\/","og_locale":"pl_PL","og_type":"article","og_title":"PORTWEST Spodnie Jogger ze stretchem - KAMEX BHP - SKLEP INTERNETOWY Z ARTYKU\u0141AMI BHP NAJWY\u017bSZEJ JAKO\u015aCI","og_description":"Portwest Spodnie Jogger CO740 \u2013 trwa\u0142e, elastyczne, wodoodporne, oddychaj\u0105ce, z wieloma kieszeniami i idealnym dopasowaniem.","og_url":"https:\/\/kamexbhp.pl\/sklep\/produkt\/portwest-spodnie-jogger-ze-stretchem\/","og_site_name":"KAMEX BHP - SKLEP INTERNETOWY Z ARTYKU\u0141AMI BHP NAJWY\u017bSZEJ JAKO\u015aCI","article_publisher":"https:\/\/www.facebook.com\/bhp.kamex","article_modified_time":"2026-01-29T09:02:56+00:00","og_image":[{"width":1100,"height":1100,"url":"https:\/\/kamexbhp.pl\/sklep\/wp-content\/uploads\/2025\/08\/C074BKR.jpg","type":"image\/jpeg"}],"twitter_card":"summary_large_image","twitter_misc":{"Szacowany czas czytania":"1 minuta"},"schema":{"@context":"https:\/\/schema.org","@graph":[{"@type":"WebPage","@id":"https:\/\/kamexbhp.pl\/sklep\/produkt\/portwest-spodnie-jogger-ze-stretchem\/","url":"https:\/\/kamexbhp.pl\/sklep\/produkt\/portwest-spodnie-jogger-ze-stretchem\/","name":"PORTWEST Spodnie Jogger ze stretchem - KAMEX BHP - SKLEP INTERNETOWY Z ARTYKU\u0141AMI BHP NAJWY\u017bSZEJ JAKO\u015aCI","isPartOf":{"@id":"https:\/\/kamexbhp.pl\/sklep\/#website"},"primaryImageOfPage":{"@id":"https:\/\/kamexbhp.pl\/sklep\/produkt\/portwest-spodnie-jogger-ze-stretchem\/#primaryimage"},"image":{"@id":"https:\/\/kamexbhp.pl\/sklep\/produkt\/portwest-spodnie-jogger-ze-stretchem\/#primaryimage"},"thumbnailUrl":"https:\/\/kamexbhp.pl\/sklep\/wp-content\/uploads\/2025\/08\/C074BKR.jpg","datePublished":"2025-08-23T09:01:01+00:00","dateModified":"2026-01-29T09:02:56+00:00","description":"Portwest Spodnie Jogger CO740 \u2013 trwa\u0142e, elastyczne, wodoodporne, oddychaj\u0105ce, z wieloma kieszeniami i idealnym dopasowaniem.","breadcrumb":{"@id":"https:\/\/kamexbhp.pl\/sklep\/produkt\/portwest-spodnie-jogger-ze-stretchem\/#breadcrumb"},"inLanguage":"pl-PL","potentialAction":[{"@type":"ReadAction","target":["https:\/\/kamexbhp.pl\/sklep\/produkt\/portwest-spodnie-jogger-ze-stretchem\/"]}]},{"@type":"ImageObject","inLanguage":"pl-PL","@id":"https:\/\/kamexbhp.pl\/sklep\/produkt\/portwest-spodnie-jogger-ze-stretchem\/#primaryimage","url":"https:\/\/kamexbhp.pl\/sklep\/wp-content\/uploads\/2025\/08\/C074BKR.jpg","contentUrl":"https:\/\/kamexbhp.pl\/sklep\/wp-content\/uploads\/2025\/08\/C074BKR.jpg","width":1100,"height":1100},{"@type":"BreadcrumbList","@id":"https:\/\/kamexbhp.pl\/sklep\/produkt\/portwest-spodnie-jogger-ze-stretchem\/#breadcrumb","itemListElement":[{"@type":"ListItem","position":1,"name":"Strona g\u0142\u00f3wna","item":"https:\/\/kamexbhp.pl\/sklep\/"},{"@type":"ListItem","position":2,"name":"Sklep","item":"https:\/\/kamexbhp.pl\/sklep\/sklep\/"},{"@type":"ListItem","position":3,"name":"PORTWEST Spodnie Jogger ze stretchem"}]},{"@type":"WebSite","@id":"https:\/\/kamexbhp.pl\/sklep\/#website","url":"https:\/\/kamexbhp.pl\/sklep\/","name":"KAMEX BHP - SKLEP INTERNETOWY Z ARTYKU\u0141AMI BHP NAJWY\u017bSZEJ JAKO\u015aCI","description":"Artuku\u0142y BHP najwy\u017cszej jako\u015bci!","publisher":{"@id":"https:\/\/kamexbhp.pl\/sklep\/#organization"},"potentialAction":[{"@type":"SearchAction","target":{"@type":"EntryPoint","urlTemplate":"https:\/\/kamexbhp.pl\/sklep\/?s={search_term_string}"},"query-input":{"@type":"PropertyValueSpecification","valueRequired":true,"valueName":"search_term_string"}}],"inLanguage":"pl-PL"},{"@type":"Organization","@id":"https:\/\/kamexbhp.pl\/sklep\/#organization","name":"KAMEX-BHP - SKLEP BHP - Odzie\u017c i obuwie robocze","url":"https:\/\/kamexbhp.pl\/sklep\/","logo":{"@type":"ImageObject","inLanguage":"pl-PL","@id":"https:\/\/kamexbhp.pl\/sklep\/#\/schema\/logo\/image\/","url":"https:\/\/kamexbhp.pl\/sklep\/wp-content\/uploads\/2025\/01\/KAMEX-BHP-Logo-1080-x-1080.png","contentUrl":"https:\/\/kamexbhp.pl\/sklep\/wp-content\/uploads\/2025\/01\/KAMEX-BHP-Logo-1080-x-1080.png","width":1080,"height":1080,"caption":"KAMEX-BHP - SKLEP BHP - Odzie\u017c i obuwie robocze"},"image":{"@id":"https:\/\/kamexbhp.pl\/sklep\/#\/schema\/logo\/image\/"},"sameAs":["https:\/\/www.facebook.com\/bhp.kamex","https:\/\/www.instagram.com\/kamexbhp\/"]}]}},"_links":{"self":[{"href":"https:\/\/kamexbhp.pl\/sklep\/wp-json\/wp\/v2\/product\/8819","targetHints":{"allow":["GET"]}}],"collection":[{"href":"https:\/\/kamexbhp.pl\/sklep\/wp-json\/wp\/v2\/product"}],"about":[{"href":"https:\/\/kamexbhp.pl\/sklep\/wp-json\/wp\/v2\/types\/product"}],"replies":[{"embeddable":true,"href":"https:\/\/kamexbhp.pl\/sklep\/wp-json\/wp\/v2\/comments?post=8819"}],"version-history":[{"count":1,"href":"https:\/\/kamexbhp.pl\/sklep\/wp-json\/wp\/v2\/product\/8819\/revisions"}],"predecessor-version":[{"id":8827,"href":"https:\/\/kamexbhp.pl\/sklep\/wp-json\/wp\/v2\/product\/8819\/revisions\/8827"}],"wp:featuredmedia":[{"embeddable":true,"href":"https:\/\/kamexbhp.pl\/sklep\/wp-json\/wp\/v2\/media\/8820"}],"wp:attachment":[{"href":"https:\/\/kamexbhp.pl\/sklep\/wp-json\/wp\/v2\/media?parent=8819"}],"wp:term":[{"taxonomy":"product_brand","embeddable":true,"href":"https:\/\/kamexbhp.pl\/sklep\/wp-json\/wp\/v2\/product_brand?post=8819"},{"taxonomy":"product_cat","embeddable":true,"href":"https:\/\/kamexbhp.pl\/sklep\/wp-json\/wp\/v2\/product_cat?post=8819"},{"taxonomy":"product_tag","embeddable":true,"href":"https:\/\/kamexbhp.pl\/sklep\/wp-json\/wp\/v2\/product_tag?post=8819"}],"curies":[{"name":"wp","href":"https:\/\/api.w.org\/{rel}","templated":true}]}}