{"id":8806,"date":"2025-08-23T10:08:38","date_gmt":"2025-08-23T08:08:38","guid":{"rendered":"https:\/\/kamexbhp.pl\/sklep\/?post_type=product&#038;p=8806"},"modified":"2026-01-29T10:07:03","modified_gmt":"2026-01-29T09:07:03","slug":"payper-kurtka-softshell-gale","status":"publish","type":"product","link":"https:\/\/kamexbhp.pl\/sklep\/produkt\/payper-kurtka-softshell-gale\/","title":{"rendered":"PAYPER KURTKA SOFTSHELL GALE"},"content":{"rendered":"<p data-start=\"143\" data-end=\"500\">PAYPER SOFTSHELL GALE to wysokiej jako\u015bci kurtka m\u0119ska, kt\u00f3ra sprawdzi si\u0119 zar\u00f3wno podczas pracy, jak i codziennego u\u017cytkowania. Zapewnia wygod\u0119 ruchu, ochron\u0119 przed wiatrem i ch\u0142odem oraz funkcjonalno\u015b\u0107, na jak\u0105 licz\u0105 profesjonali\u015bci. Dzi\u0119ki nowoczesnemu designowi i solidnemu wykonaniu idealnie nadaje si\u0119 do pracy w terenie, w magazynie czy na budowie.<\/p>\n<h4 data-start=\"502\" data-end=\"526\"><strong data-start=\"507\" data-end=\"524\">Cechy kurtki:<\/strong><\/h4>\n<ul data-start=\"527\" data-end=\"968\">\n<li data-start=\"527\" data-end=\"577\">\n<p data-start=\"529\" data-end=\"577\">ergonomiczny kr\u00f3j zapewniaj\u0105cy swobod\u0119 ruch\u00f3w,<\/p>\n<\/li>\n<li data-start=\"578\" data-end=\"630\">\n<p data-start=\"580\" data-end=\"630\">r\u0119kawy raglanowe podnosz\u0105ce komfort u\u017cytkowania,<\/p>\n<\/li>\n<li data-start=\"631\" data-end=\"695\">\n<p data-start=\"633\" data-end=\"695\">kaptur profilowany z podw\u00f3jnym szwem i regulacj\u0105 na sznurek,<\/p>\n<\/li>\n<li data-start=\"696\" data-end=\"742\">\n<p data-start=\"698\" data-end=\"742\">d\u0142ugi zamek b\u0142yskawiczny z ta\u015bm\u0105 ochronn\u0105,<\/p>\n<\/li>\n<li data-start=\"743\" data-end=\"776\">\n<p data-start=\"745\" data-end=\"776\">mankiety regulowane na rzepy,<\/p>\n<\/li>\n<li data-start=\"777\" data-end=\"834\">\n<p data-start=\"779\" data-end=\"834\">elastyczne gumki w obwodzie dla lepszego dopasowania,<\/p>\n<\/li>\n<li data-start=\"835\" data-end=\"896\">\n<p data-start=\"837\" data-end=\"896\">dwie zewn\u0119trzne kieszenie zapinane na zamek b\u0142yskawiczny,<\/p>\n<\/li>\n<li data-start=\"897\" data-end=\"968\">\n<p data-start=\"899\" data-end=\"968\">nowoczesny i profesjonalny wygl\u0105d \u2013 idealny do pracy i na co dzie\u0144.<\/p>\n<\/li>\n<\/ul>\n","protected":false},"excerpt":{"rendered":"<h6 class=\"sr-only\">PAYPER SOFTSHELL GALE \u2013 ergonomiczna kurtka m\u0119ska do pracy i na co dzie\u0144. Posiada kaptur profilowany ze sznurkiem, r\u0119kawy raglanowe zapewniaj\u0105ce swobod\u0119 ruch\u00f3w, d\u0142ugi zamek b\u0142yskawiczny z ta\u015bm\u0105 ochronn\u0105, regulowane na rzep mankiety oraz elastyczne gumki dla lepszego dopasowania. Wyposa\u017cona w dwie praktyczne kieszenie zewn\u0119trzne zapinane na zamek. Idealna ochrona przed wiatrem i ch\u0142odem.<\/h6>\n","protected":false},"featured_media":8807,"comment_status":"open","ping_status":"closed","template":"","meta":[],"product_brand":[1902],"product_cat":[143],"product_tag":[2026,2027,2024,2025,2022,2023,2028],"class_list":{"0":"post-8806","1":"product","2":"type-product","3":"status-publish","4":"has-post-thumbnail","6":"product_brand-payper","7":"product_cat-softshell","8":"product_tag-kurtka-bhp-payper","9":"product_tag-kurtka-ochronna-payper","10":"product_tag-kurtka-payper-gale","11":"product_tag-kurtka-softshell-meska","12":"product_tag-payper-gale","13":"product_tag-payper-softshell-gale","14":"product_tag-softshell-roboczy","16":"first","17":"instock","18":"taxable","19":"shipping-taxable","20":"purchasable","21":"product-type-variable"},"yoast_head":"<!-- This site is optimized with the Yoast SEO plugin v25.6 - https:\/\/yoast.com\/wordpress\/plugins\/seo\/ -->\n<title>PAYPER KURTKA SOFTSHELL GALE - KAMEX BHP - SKLEP INTERNETOWY Z ARTYKU\u0141AMI BHP NAJWY\u017bSZEJ JAKO\u015aCI<\/title>\n<meta name=\"description\" content=\"PAYPER SOFTSHELL GALE \u2013 ergonomiczna kurtka m\u0119ska z kapturem, zamkiem, regulacj\u0105 mankiet\u00f3w i kieszeniami na zamek.\" \/>\n<meta name=\"robots\" content=\"index, follow, max-snippet:-1, max-image-preview:large, max-video-preview:-1\" \/>\n<link rel=\"canonical\" href=\"https:\/\/kamexbhp.pl\/sklep\/produkt\/payper-kurtka-softshell-gale\/\" \/>\n<meta property=\"og:locale\" content=\"pl_PL\" \/>\n<meta property=\"og:type\" content=\"article\" \/>\n<meta property=\"og:title\" content=\"PAYPER KURTKA SOFTSHELL GALE - KAMEX BHP - SKLEP INTERNETOWY Z ARTYKU\u0141AMI BHP NAJWY\u017bSZEJ JAKO\u015aCI\" \/>\n<meta property=\"og:description\" content=\"PAYPER SOFTSHELL GALE \u2013 ergonomiczna kurtka m\u0119ska z kapturem, zamkiem, regulacj\u0105 mankiet\u00f3w i kieszeniami na zamek.\" \/>\n<meta property=\"og:url\" content=\"https:\/\/kamexbhp.pl\/sklep\/produkt\/payper-kurtka-softshell-gale\/\" \/>\n<meta property=\"og:site_name\" content=\"KAMEX BHP - SKLEP INTERNETOWY Z ARTYKU\u0141AMI BHP NAJWY\u017bSZEJ JAKO\u015aCI\" \/>\n<meta property=\"article:publisher\" content=\"https:\/\/www.facebook.com\/bhp.kamex\" \/>\n<meta property=\"article:modified_time\" content=\"2026-01-29T09:07:03+00:00\" \/>\n<meta property=\"og:image\" content=\"https:\/\/kamexbhp.pl\/sklep\/wp-content\/uploads\/2025\/08\/5603_14000.jpg\" \/>\n\t<meta property=\"og:image:width\" content=\"799\" \/>\n\t<meta property=\"og:image:height\" content=\"1200\" \/>\n\t<meta property=\"og:image:type\" content=\"image\/jpeg\" \/>\n<meta name=\"twitter:card\" content=\"summary_large_image\" \/>\n<meta name=\"twitter:label1\" content=\"Szacowany czas czytania\" \/>\n\t<meta name=\"twitter:data1\" content=\"1 minuta\" \/>\n<script type=\"application\/ld+json\" class=\"yoast-schema-graph\">{\"@context\":\"https:\/\/schema.org\",\"@graph\":[{\"@type\":\"WebPage\",\"@id\":\"https:\/\/kamexbhp.pl\/sklep\/produkt\/payper-kurtka-softshell-gale\/\",\"url\":\"https:\/\/kamexbhp.pl\/sklep\/produkt\/payper-kurtka-softshell-gale\/\",\"name\":\"PAYPER KURTKA SOFTSHELL GALE - KAMEX BHP - SKLEP INTERNETOWY Z ARTYKU\u0141AMI BHP NAJWY\u017bSZEJ JAKO\u015aCI\",\"isPartOf\":{\"@id\":\"https:\/\/kamexbhp.pl\/sklep\/#website\"},\"primaryImageOfPage\":{\"@id\":\"https:\/\/kamexbhp.pl\/sklep\/produkt\/payper-kurtka-softshell-gale\/#primaryimage\"},\"image\":{\"@id\":\"https:\/\/kamexbhp.pl\/sklep\/produkt\/payper-kurtka-softshell-gale\/#primaryimage\"},\"thumbnailUrl\":\"https:\/\/kamexbhp.pl\/sklep\/wp-content\/uploads\/2025\/08\/5603_14000.jpg\",\"datePublished\":\"2025-08-23T08:08:38+00:00\",\"dateModified\":\"2026-01-29T09:07:03+00:00\",\"description\":\"PAYPER SOFTSHELL GALE \u2013 ergonomiczna kurtka m\u0119ska z kapturem, zamkiem, regulacj\u0105 mankiet\u00f3w i kieszeniami na zamek.\",\"breadcrumb\":{\"@id\":\"https:\/\/kamexbhp.pl\/sklep\/produkt\/payper-kurtka-softshell-gale\/#breadcrumb\"},\"inLanguage\":\"pl-PL\",\"potentialAction\":[{\"@type\":\"ReadAction\",\"target\":[\"https:\/\/kamexbhp.pl\/sklep\/produkt\/payper-kurtka-softshell-gale\/\"]}]},{\"@type\":\"ImageObject\",\"inLanguage\":\"pl-PL\",\"@id\":\"https:\/\/kamexbhp.pl\/sklep\/produkt\/payper-kurtka-softshell-gale\/#primaryimage\",\"url\":\"https:\/\/kamexbhp.pl\/sklep\/wp-content\/uploads\/2025\/08\/5603_14000.jpg\",\"contentUrl\":\"https:\/\/kamexbhp.pl\/sklep\/wp-content\/uploads\/2025\/08\/5603_14000.jpg\",\"width\":799,\"height\":1200},{\"@type\":\"BreadcrumbList\",\"@id\":\"https:\/\/kamexbhp.pl\/sklep\/produkt\/payper-kurtka-softshell-gale\/#breadcrumb\",\"itemListElement\":[{\"@type\":\"ListItem\",\"position\":1,\"name\":\"Strona g\u0142\u00f3wna\",\"item\":\"https:\/\/kamexbhp.pl\/sklep\/\"},{\"@type\":\"ListItem\",\"position\":2,\"name\":\"Sklep\",\"item\":\"https:\/\/kamexbhp.pl\/sklep\/sklep\/\"},{\"@type\":\"ListItem\",\"position\":3,\"name\":\"PAYPER KURTKA SOFTSHELL GALE\"}]},{\"@type\":\"WebSite\",\"@id\":\"https:\/\/kamexbhp.pl\/sklep\/#website\",\"url\":\"https:\/\/kamexbhp.pl\/sklep\/\",\"name\":\"KAMEX BHP - SKLEP INTERNETOWY Z ARTYKU\u0141AMI BHP NAJWY\u017bSZEJ JAKO\u015aCI\",\"description\":\"Artuku\u0142y BHP najwy\u017cszej jako\u015bci!\",\"publisher\":{\"@id\":\"https:\/\/kamexbhp.pl\/sklep\/#organization\"},\"potentialAction\":[{\"@type\":\"SearchAction\",\"target\":{\"@type\":\"EntryPoint\",\"urlTemplate\":\"https:\/\/kamexbhp.pl\/sklep\/?s={search_term_string}\"},\"query-input\":{\"@type\":\"PropertyValueSpecification\",\"valueRequired\":true,\"valueName\":\"search_term_string\"}}],\"inLanguage\":\"pl-PL\"},{\"@type\":\"Organization\",\"@id\":\"https:\/\/kamexbhp.pl\/sklep\/#organization\",\"name\":\"KAMEX-BHP - SKLEP BHP - Odzie\u017c i obuwie robocze\",\"url\":\"https:\/\/kamexbhp.pl\/sklep\/\",\"logo\":{\"@type\":\"ImageObject\",\"inLanguage\":\"pl-PL\",\"@id\":\"https:\/\/kamexbhp.pl\/sklep\/#\/schema\/logo\/image\/\",\"url\":\"https:\/\/kamexbhp.pl\/sklep\/wp-content\/uploads\/2025\/01\/KAMEX-BHP-Logo-1080-x-1080.png\",\"contentUrl\":\"https:\/\/kamexbhp.pl\/sklep\/wp-content\/uploads\/2025\/01\/KAMEX-BHP-Logo-1080-x-1080.png\",\"width\":1080,\"height\":1080,\"caption\":\"KAMEX-BHP - SKLEP BHP - Odzie\u017c i obuwie robocze\"},\"image\":{\"@id\":\"https:\/\/kamexbhp.pl\/sklep\/#\/schema\/logo\/image\/\"},\"sameAs\":[\"https:\/\/www.facebook.com\/bhp.kamex\",\"https:\/\/www.instagram.com\/kamexbhp\/\"]}]}<\/script>\n<!-- \/ Yoast SEO plugin. -->","yoast_head_json":{"title":"PAYPER KURTKA SOFTSHELL GALE - KAMEX BHP - SKLEP INTERNETOWY Z ARTYKU\u0141AMI BHP NAJWY\u017bSZEJ JAKO\u015aCI","description":"PAYPER SOFTSHELL GALE \u2013 ergonomiczna kurtka m\u0119ska z kapturem, zamkiem, regulacj\u0105 mankiet\u00f3w i kieszeniami na zamek.","robots":{"index":"index","follow":"follow","max-snippet":"max-snippet:-1","max-image-preview":"max-image-preview:large","max-video-preview":"max-video-preview:-1"},"canonical":"https:\/\/kamexbhp.pl\/sklep\/produkt\/payper-kurtka-softshell-gale\/","og_locale":"pl_PL","og_type":"article","og_title":"PAYPER KURTKA SOFTSHELL GALE - KAMEX BHP - SKLEP INTERNETOWY Z ARTYKU\u0141AMI BHP NAJWY\u017bSZEJ JAKO\u015aCI","og_description":"PAYPER SOFTSHELL GALE \u2013 ergonomiczna kurtka m\u0119ska z kapturem, zamkiem, regulacj\u0105 mankiet\u00f3w i kieszeniami na zamek.","og_url":"https:\/\/kamexbhp.pl\/sklep\/produkt\/payper-kurtka-softshell-gale\/","og_site_name":"KAMEX BHP - SKLEP INTERNETOWY Z ARTYKU\u0141AMI BHP NAJWY\u017bSZEJ JAKO\u015aCI","article_publisher":"https:\/\/www.facebook.com\/bhp.kamex","article_modified_time":"2026-01-29T09:07:03+00:00","og_image":[{"width":799,"height":1200,"url":"https:\/\/kamexbhp.pl\/sklep\/wp-content\/uploads\/2025\/08\/5603_14000.jpg","type":"image\/jpeg"}],"twitter_card":"summary_large_image","twitter_misc":{"Szacowany czas czytania":"1 minuta"},"schema":{"@context":"https:\/\/schema.org","@graph":[{"@type":"WebPage","@id":"https:\/\/kamexbhp.pl\/sklep\/produkt\/payper-kurtka-softshell-gale\/","url":"https:\/\/kamexbhp.pl\/sklep\/produkt\/payper-kurtka-softshell-gale\/","name":"PAYPER KURTKA SOFTSHELL GALE - KAMEX BHP - SKLEP INTERNETOWY Z ARTYKU\u0141AMI BHP NAJWY\u017bSZEJ JAKO\u015aCI","isPartOf":{"@id":"https:\/\/kamexbhp.pl\/sklep\/#website"},"primaryImageOfPage":{"@id":"https:\/\/kamexbhp.pl\/sklep\/produkt\/payper-kurtka-softshell-gale\/#primaryimage"},"image":{"@id":"https:\/\/kamexbhp.pl\/sklep\/produkt\/payper-kurtka-softshell-gale\/#primaryimage"},"thumbnailUrl":"https:\/\/kamexbhp.pl\/sklep\/wp-content\/uploads\/2025\/08\/5603_14000.jpg","datePublished":"2025-08-23T08:08:38+00:00","dateModified":"2026-01-29T09:07:03+00:00","description":"PAYPER SOFTSHELL GALE \u2013 ergonomiczna kurtka m\u0119ska z kapturem, zamkiem, regulacj\u0105 mankiet\u00f3w i kieszeniami na zamek.","breadcrumb":{"@id":"https:\/\/kamexbhp.pl\/sklep\/produkt\/payper-kurtka-softshell-gale\/#breadcrumb"},"inLanguage":"pl-PL","potentialAction":[{"@type":"ReadAction","target":["https:\/\/kamexbhp.pl\/sklep\/produkt\/payper-kurtka-softshell-gale\/"]}]},{"@type":"ImageObject","inLanguage":"pl-PL","@id":"https:\/\/kamexbhp.pl\/sklep\/produkt\/payper-kurtka-softshell-gale\/#primaryimage","url":"https:\/\/kamexbhp.pl\/sklep\/wp-content\/uploads\/2025\/08\/5603_14000.jpg","contentUrl":"https:\/\/kamexbhp.pl\/sklep\/wp-content\/uploads\/2025\/08\/5603_14000.jpg","width":799,"height":1200},{"@type":"BreadcrumbList","@id":"https:\/\/kamexbhp.pl\/sklep\/produkt\/payper-kurtka-softshell-gale\/#breadcrumb","itemListElement":[{"@type":"ListItem","position":1,"name":"Strona g\u0142\u00f3wna","item":"https:\/\/kamexbhp.pl\/sklep\/"},{"@type":"ListItem","position":2,"name":"Sklep","item":"https:\/\/kamexbhp.pl\/sklep\/sklep\/"},{"@type":"ListItem","position":3,"name":"PAYPER KURTKA SOFTSHELL GALE"}]},{"@type":"WebSite","@id":"https:\/\/kamexbhp.pl\/sklep\/#website","url":"https:\/\/kamexbhp.pl\/sklep\/","name":"KAMEX BHP - SKLEP INTERNETOWY Z ARTYKU\u0141AMI BHP NAJWY\u017bSZEJ JAKO\u015aCI","description":"Artuku\u0142y BHP najwy\u017cszej jako\u015bci!","publisher":{"@id":"https:\/\/kamexbhp.pl\/sklep\/#organization"},"potentialAction":[{"@type":"SearchAction","target":{"@type":"EntryPoint","urlTemplate":"https:\/\/kamexbhp.pl\/sklep\/?s={search_term_string}"},"query-input":{"@type":"PropertyValueSpecification","valueRequired":true,"valueName":"search_term_string"}}],"inLanguage":"pl-PL"},{"@type":"Organization","@id":"https:\/\/kamexbhp.pl\/sklep\/#organization","name":"KAMEX-BHP - SKLEP BHP - Odzie\u017c i obuwie robocze","url":"https:\/\/kamexbhp.pl\/sklep\/","logo":{"@type":"ImageObject","inLanguage":"pl-PL","@id":"https:\/\/kamexbhp.pl\/sklep\/#\/schema\/logo\/image\/","url":"https:\/\/kamexbhp.pl\/sklep\/wp-content\/uploads\/2025\/01\/KAMEX-BHP-Logo-1080-x-1080.png","contentUrl":"https:\/\/kamexbhp.pl\/sklep\/wp-content\/uploads\/2025\/01\/KAMEX-BHP-Logo-1080-x-1080.png","width":1080,"height":1080,"caption":"KAMEX-BHP - SKLEP BHP - Odzie\u017c i obuwie robocze"},"image":{"@id":"https:\/\/kamexbhp.pl\/sklep\/#\/schema\/logo\/image\/"},"sameAs":["https:\/\/www.facebook.com\/bhp.kamex","https:\/\/www.instagram.com\/kamexbhp\/"]}]}},"_links":{"self":[{"href":"https:\/\/kamexbhp.pl\/sklep\/wp-json\/wp\/v2\/product\/8806","targetHints":{"allow":["GET"]}}],"collection":[{"href":"https:\/\/kamexbhp.pl\/sklep\/wp-json\/wp\/v2\/product"}],"about":[{"href":"https:\/\/kamexbhp.pl\/sklep\/wp-json\/wp\/v2\/types\/product"}],"replies":[{"embeddable":true,"href":"https:\/\/kamexbhp.pl\/sklep\/wp-json\/wp\/v2\/comments?post=8806"}],"version-history":[{"count":1,"href":"https:\/\/kamexbhp.pl\/sklep\/wp-json\/wp\/v2\/product\/8806\/revisions"}],"predecessor-version":[{"id":8818,"href":"https:\/\/kamexbhp.pl\/sklep\/wp-json\/wp\/v2\/product\/8806\/revisions\/8818"}],"wp:featuredmedia":[{"embeddable":true,"href":"https:\/\/kamexbhp.pl\/sklep\/wp-json\/wp\/v2\/media\/8807"}],"wp:attachment":[{"href":"https:\/\/kamexbhp.pl\/sklep\/wp-json\/wp\/v2\/media?parent=8806"}],"wp:term":[{"taxonomy":"product_brand","embeddable":true,"href":"https:\/\/kamexbhp.pl\/sklep\/wp-json\/wp\/v2\/product_brand?post=8806"},{"taxonomy":"product_cat","embeddable":true,"href":"https:\/\/kamexbhp.pl\/sklep\/wp-json\/wp\/v2\/product_cat?post=8806"},{"taxonomy":"product_tag","embeddable":true,"href":"https:\/\/kamexbhp.pl\/sklep\/wp-json\/wp\/v2\/product_tag?post=8806"}],"curies":[{"name":"wp","href":"https:\/\/api.w.org\/{rel}","templated":true}]}}