{"id":8795,"date":"2025-08-23T09:45:10","date_gmt":"2025-08-23T07:45:10","guid":{"rendered":"https:\/\/kamexbhp.pl\/sklep\/?post_type=product&#038;p=8795"},"modified":"2025-08-23T09:45:10","modified_gmt":"2025-08-23T07:45:10","slug":"brixton-spark-spodnie-krotkie-100-bawelna","status":"publish","type":"product","link":"https:\/\/kamexbhp.pl\/sklep\/produkt\/brixton-spark-spodnie-krotkie-100-bawelna\/","title":{"rendered":"BRIXTON SPARK SPODNIE KR\u00d3TKIE 100% BAWE\u0141NA"},"content":{"rendered":"<p data-start=\"139\" data-end=\"491\"><strong data-start=\"139\" data-end=\"173\">BRIXTON SPARK spodenki robocze<\/strong> to idealny wyb\u00f3r na ciep\u0142e dni dla os\u00f3b ceni\u0105cych wygod\u0119, wytrzyma\u0142o\u015b\u0107 i funkcjonalno\u015b\u0107 w pracy. Wykonane z wysokiej jako\u015bci <strong data-start=\"299\" data-end=\"315\">100% bawe\u0142ny<\/strong>, gwarantuj\u0105 komfort noszenia oraz stabilno\u015b\u0107 rozmiaru nawet po wielokrotnym praniu. Doskonale sprawdz\u0105 si\u0119 w warsztacie, na budowie, w magazynie czy podczas prac ogrodowych.<\/p>\n<h3 data-start=\"493\" data-end=\"512\">Cechy produktu:<\/h3>\n<ul data-start=\"513\" data-end=\"1051\">\n<li data-start=\"513\" data-end=\"602\">\n<p data-start=\"515\" data-end=\"602\"><strong data-start=\"515\" data-end=\"528\">Materia\u0142:<\/strong> 100% wysokiej jako\u015bci bawe\u0142na \u2013 zapewnia trwa\u0142o\u015b\u0107 i wygod\u0119 u\u017cytkowania.<\/p>\n<\/li>\n<li data-start=\"603\" data-end=\"695\">\n<p data-start=\"605\" data-end=\"695\"><strong data-start=\"605\" data-end=\"626\">Regulacja obwodu:<\/strong> elastyczna gumka w pasie umo\u017cliwia dopasowanie spodni do sylwetki.<\/p>\n<\/li>\n<li data-start=\"696\" data-end=\"919\">\n<p data-start=\"698\" data-end=\"720\"><strong data-start=\"698\" data-end=\"718\">Budowa \/ szycie:<\/strong><\/p>\n<ul data-start=\"723\" data-end=\"919\">\n<li data-start=\"723\" data-end=\"772\">\n<p data-start=\"725\" data-end=\"772\">podw\u00f3jne szwy wykonane mocn\u0105, widoczn\u0105 nici\u0105,<\/p>\n<\/li>\n<li data-start=\"775\" data-end=\"861\">\n<p data-start=\"777\" data-end=\"861\">wzmocnienia i du\u017ca ilo\u015b\u0107 rygl\u00f3wek w miejscach szczeg\u00f3lnie nara\u017conych na rozprucie,<\/p>\n<\/li>\n<li data-start=\"864\" data-end=\"919\">\n<p data-start=\"866\" data-end=\"919\">szlufki na pasek oraz praktyczna szlufka na m\u0142otek.<\/p>\n<\/li>\n<\/ul>\n<\/li>\n<li data-start=\"920\" data-end=\"1051\">\n<p data-start=\"922\" data-end=\"938\"><strong data-start=\"922\" data-end=\"936\">Kieszenie:<\/strong><\/p>\n<ul data-start=\"941\" data-end=\"1051\">\n<li data-start=\"941\" data-end=\"967\">\n<p data-start=\"943\" data-end=\"967\">dwie kieszenie z ty\u0142u,<\/p>\n<\/li>\n<li data-start=\"970\" data-end=\"1002\">\n<p data-start=\"972\" data-end=\"1002\">wzmocnione kieszenie boczne,<\/p>\n<\/li>\n<li data-start=\"1005\" data-end=\"1051\">\n<p data-start=\"1007\" data-end=\"1051\">funkcjonalna kiesze\u0144 na miark\u0119 \u201emetr\u00f3wk\u0119\u201d.<\/p>\n<\/li>\n<\/ul>\n<\/li>\n<\/ul>\n<h3 data-start=\"1053\" data-end=\"1104\">Dlaczego warto wybra\u0107 spodenki BRIXTON SPARK?<\/h3>\n<ul data-start=\"1105\" data-end=\"1288\">\n<li data-start=\"1105\" data-end=\"1139\">\n<p data-start=\"1107\" data-end=\"1139\">trwa\u0142y i oddychaj\u0105cy materia\u0142,<\/p>\n<\/li>\n<li data-start=\"1140\" data-end=\"1188\">\n<p data-start=\"1142\" data-end=\"1188\">wysoka odporno\u015b\u0107 na uszkodzenia mechaniczne,<\/p>\n<\/li>\n<li data-start=\"1189\" data-end=\"1239\">\n<p data-start=\"1191\" data-end=\"1239\">praktyczne kieszenie na narz\u0119dzia i akcesoria,<\/p>\n<\/li>\n<li data-start=\"1240\" data-end=\"1288\">\n<p data-start=\"1242\" data-end=\"1288\">wygoda i swoboda ruch\u00f3w w ka\u017cdych warunkach.<\/p>\n<\/li>\n<\/ul>\n","protected":false},"excerpt":{"rendered":"<p><strong data-start=\"139\" data-end=\"173\">BRIXTON SPARK spodenki robocze<\/strong> to idealny wyb\u00f3r na ciep\u0142e dni dla os\u00f3b ceni\u0105cych wygod\u0119, wytrzyma\u0142o\u015b\u0107 i funkcjonalno\u015b\u0107 w pracy. Wykonane z wysokiej jako\u015bci <strong data-start=\"299\" data-end=\"315\">100% bawe\u0142ny<\/strong>, gwarantuj\u0105 komfort noszenia oraz stabilno\u015b\u0107 rozmiaru nawet po wielokrotnym praniu. Doskonale sprawdz\u0105 si\u0119 w warsztacie, na budowie, w magazynie czy podczas prac ogrodowych.<\/p>\n","protected":false},"featured_media":8796,"comment_status":"open","ping_status":"closed","template":"","meta":[],"product_brand":[2017],"product_cat":[1035],"product_tag":[2018,1957,2021,1973,1975,2020,2019],"class_list":{"0":"post-8795","1":"product","2":"type-product","3":"status-publish","4":"has-post-thumbnail","6":"product_brand-brixton","7":"product_cat-krotkie-spodenki-spodnie","8":"product_tag-brixton-spark-spodenki","9":"product_tag-krotkie-spodnie-robocze","10":"product_tag-odziez-bhp-spodenki","11":"product_tag-odziez-robocza-lato","12":"product_tag-spodenki-do-pracy","13":"product_tag-spodenki-robocze-100-bawelna","14":"product_tag-spodenki-robocze-bawelniane","16":"first","17":"instock","18":"taxable","19":"shipping-taxable","20":"purchasable","21":"product-type-variable"},"yoast_head":"<!-- This site is optimized with the Yoast SEO plugin v25.6 - https:\/\/yoast.com\/wordpress\/plugins\/seo\/ -->\n<title>BRIXTON SPARK SPODNIE KR\u00d3TKIE 100% BAWE\u0141NA - KAMEX BHP - SKLEP INTERNETOWY Z ARTYKU\u0141AMI BHP NAJWY\u017bSZEJ JAKO\u015aCI<\/title>\n<meta name=\"description\" content=\"Spodenki robocze BRIXTON SPARK 100% bawe\u0142na. Wytrzyma\u0142e, z podw\u00f3jnymi szwami, regulacj\u0105 w pasie i praktycznymi kieszeniami.\" \/>\n<meta name=\"robots\" content=\"index, follow, max-snippet:-1, max-image-preview:large, max-video-preview:-1\" \/>\n<link rel=\"canonical\" href=\"https:\/\/kamexbhp.pl\/sklep\/produkt\/brixton-spark-spodnie-krotkie-100-bawelna\/\" \/>\n<meta property=\"og:locale\" content=\"pl_PL\" \/>\n<meta property=\"og:type\" content=\"article\" \/>\n<meta property=\"og:title\" content=\"BRIXTON SPARK SPODNIE KR\u00d3TKIE 100% BAWE\u0141NA - KAMEX BHP - SKLEP INTERNETOWY Z ARTYKU\u0141AMI BHP NAJWY\u017bSZEJ JAKO\u015aCI\" \/>\n<meta property=\"og:description\" content=\"Spodenki robocze BRIXTON SPARK 100% bawe\u0142na. Wytrzyma\u0142e, z podw\u00f3jnymi szwami, regulacj\u0105 w pasie i praktycznymi kieszeniami.\" \/>\n<meta property=\"og:url\" content=\"https:\/\/kamexbhp.pl\/sklep\/produkt\/brixton-spark-spodnie-krotkie-100-bawelna\/\" \/>\n<meta property=\"og:site_name\" content=\"KAMEX BHP - SKLEP INTERNETOWY Z ARTYKU\u0141AMI BHP NAJWY\u017bSZEJ JAKO\u015aCI\" \/>\n<meta property=\"article:publisher\" content=\"https:\/\/www.facebook.com\/bhp.kamex\" \/>\n<meta property=\"og:image\" content=\"https:\/\/kamexbhp.pl\/sklep\/wp-content\/uploads\/2025\/08\/thumb_spodenki_robocze_krotkie_brixton_spark_granat_2.jpg\" \/>\n\t<meta property=\"og:image:width\" content=\"350\" \/>\n\t<meta property=\"og:image:height\" content=\"405\" \/>\n\t<meta property=\"og:image:type\" content=\"image\/jpeg\" \/>\n<meta name=\"twitter:card\" content=\"summary_large_image\" \/>\n<meta name=\"twitter:label1\" content=\"Szacowany czas czytania\" \/>\n\t<meta name=\"twitter:data1\" content=\"2 minuty\" \/>\n<script type=\"application\/ld+json\" class=\"yoast-schema-graph\">{\"@context\":\"https:\/\/schema.org\",\"@graph\":[{\"@type\":\"WebPage\",\"@id\":\"https:\/\/kamexbhp.pl\/sklep\/produkt\/brixton-spark-spodnie-krotkie-100-bawelna\/\",\"url\":\"https:\/\/kamexbhp.pl\/sklep\/produkt\/brixton-spark-spodnie-krotkie-100-bawelna\/\",\"name\":\"BRIXTON SPARK SPODNIE KR\u00d3TKIE 100% BAWE\u0141NA - KAMEX BHP - SKLEP INTERNETOWY Z ARTYKU\u0141AMI BHP NAJWY\u017bSZEJ JAKO\u015aCI\",\"isPartOf\":{\"@id\":\"https:\/\/kamexbhp.pl\/sklep\/#website\"},\"primaryImageOfPage\":{\"@id\":\"https:\/\/kamexbhp.pl\/sklep\/produkt\/brixton-spark-spodnie-krotkie-100-bawelna\/#primaryimage\"},\"image\":{\"@id\":\"https:\/\/kamexbhp.pl\/sklep\/produkt\/brixton-spark-spodnie-krotkie-100-bawelna\/#primaryimage\"},\"thumbnailUrl\":\"https:\/\/kamexbhp.pl\/sklep\/wp-content\/uploads\/2025\/08\/thumb_spodenki_robocze_krotkie_brixton_spark_granat_2.jpg\",\"datePublished\":\"2025-08-23T07:45:10+00:00\",\"description\":\"Spodenki robocze BRIXTON SPARK 100% bawe\u0142na. Wytrzyma\u0142e, z podw\u00f3jnymi szwami, regulacj\u0105 w pasie i praktycznymi kieszeniami.\",\"breadcrumb\":{\"@id\":\"https:\/\/kamexbhp.pl\/sklep\/produkt\/brixton-spark-spodnie-krotkie-100-bawelna\/#breadcrumb\"},\"inLanguage\":\"pl-PL\",\"potentialAction\":[{\"@type\":\"ReadAction\",\"target\":[\"https:\/\/kamexbhp.pl\/sklep\/produkt\/brixton-spark-spodnie-krotkie-100-bawelna\/\"]}]},{\"@type\":\"ImageObject\",\"inLanguage\":\"pl-PL\",\"@id\":\"https:\/\/kamexbhp.pl\/sklep\/produkt\/brixton-spark-spodnie-krotkie-100-bawelna\/#primaryimage\",\"url\":\"https:\/\/kamexbhp.pl\/sklep\/wp-content\/uploads\/2025\/08\/thumb_spodenki_robocze_krotkie_brixton_spark_granat_2.jpg\",\"contentUrl\":\"https:\/\/kamexbhp.pl\/sklep\/wp-content\/uploads\/2025\/08\/thumb_spodenki_robocze_krotkie_brixton_spark_granat_2.jpg\",\"width\":350,\"height\":405},{\"@type\":\"BreadcrumbList\",\"@id\":\"https:\/\/kamexbhp.pl\/sklep\/produkt\/brixton-spark-spodnie-krotkie-100-bawelna\/#breadcrumb\",\"itemListElement\":[{\"@type\":\"ListItem\",\"position\":1,\"name\":\"Strona g\u0142\u00f3wna\",\"item\":\"https:\/\/kamexbhp.pl\/sklep\/\"},{\"@type\":\"ListItem\",\"position\":2,\"name\":\"Sklep\",\"item\":\"https:\/\/kamexbhp.pl\/sklep\/sklep\/\"},{\"@type\":\"ListItem\",\"position\":3,\"name\":\"BRIXTON SPARK SPODNIE KR\u00d3TKIE 100% BAWE\u0141NA\"}]},{\"@type\":\"WebSite\",\"@id\":\"https:\/\/kamexbhp.pl\/sklep\/#website\",\"url\":\"https:\/\/kamexbhp.pl\/sklep\/\",\"name\":\"KAMEX BHP - SKLEP INTERNETOWY Z ARTYKU\u0141AMI BHP NAJWY\u017bSZEJ JAKO\u015aCI\",\"description\":\"Artuku\u0142y BHP najwy\u017cszej jako\u015bci!\",\"publisher\":{\"@id\":\"https:\/\/kamexbhp.pl\/sklep\/#organization\"},\"potentialAction\":[{\"@type\":\"SearchAction\",\"target\":{\"@type\":\"EntryPoint\",\"urlTemplate\":\"https:\/\/kamexbhp.pl\/sklep\/?s={search_term_string}\"},\"query-input\":{\"@type\":\"PropertyValueSpecification\",\"valueRequired\":true,\"valueName\":\"search_term_string\"}}],\"inLanguage\":\"pl-PL\"},{\"@type\":\"Organization\",\"@id\":\"https:\/\/kamexbhp.pl\/sklep\/#organization\",\"name\":\"KAMEX-BHP - SKLEP BHP - Odzie\u017c i obuwie robocze\",\"url\":\"https:\/\/kamexbhp.pl\/sklep\/\",\"logo\":{\"@type\":\"ImageObject\",\"inLanguage\":\"pl-PL\",\"@id\":\"https:\/\/kamexbhp.pl\/sklep\/#\/schema\/logo\/image\/\",\"url\":\"https:\/\/kamexbhp.pl\/sklep\/wp-content\/uploads\/2025\/01\/KAMEX-BHP-Logo-1080-x-1080.png\",\"contentUrl\":\"https:\/\/kamexbhp.pl\/sklep\/wp-content\/uploads\/2025\/01\/KAMEX-BHP-Logo-1080-x-1080.png\",\"width\":1080,\"height\":1080,\"caption\":\"KAMEX-BHP - SKLEP BHP - Odzie\u017c i obuwie robocze\"},\"image\":{\"@id\":\"https:\/\/kamexbhp.pl\/sklep\/#\/schema\/logo\/image\/\"},\"sameAs\":[\"https:\/\/www.facebook.com\/bhp.kamex\",\"https:\/\/www.instagram.com\/kamexbhp\/\"]}]}<\/script>\n<!-- \/ Yoast SEO plugin. -->","yoast_head_json":{"title":"BRIXTON SPARK SPODNIE KR\u00d3TKIE 100% BAWE\u0141NA - KAMEX BHP - SKLEP INTERNETOWY Z ARTYKU\u0141AMI BHP NAJWY\u017bSZEJ JAKO\u015aCI","description":"Spodenki robocze BRIXTON SPARK 100% bawe\u0142na. Wytrzyma\u0142e, z podw\u00f3jnymi szwami, regulacj\u0105 w pasie i praktycznymi kieszeniami.","robots":{"index":"index","follow":"follow","max-snippet":"max-snippet:-1","max-image-preview":"max-image-preview:large","max-video-preview":"max-video-preview:-1"},"canonical":"https:\/\/kamexbhp.pl\/sklep\/produkt\/brixton-spark-spodnie-krotkie-100-bawelna\/","og_locale":"pl_PL","og_type":"article","og_title":"BRIXTON SPARK SPODNIE KR\u00d3TKIE 100% BAWE\u0141NA - KAMEX BHP - SKLEP INTERNETOWY Z ARTYKU\u0141AMI BHP NAJWY\u017bSZEJ JAKO\u015aCI","og_description":"Spodenki robocze BRIXTON SPARK 100% bawe\u0142na. Wytrzyma\u0142e, z podw\u00f3jnymi szwami, regulacj\u0105 w pasie i praktycznymi kieszeniami.","og_url":"https:\/\/kamexbhp.pl\/sklep\/produkt\/brixton-spark-spodnie-krotkie-100-bawelna\/","og_site_name":"KAMEX BHP - SKLEP INTERNETOWY Z ARTYKU\u0141AMI BHP NAJWY\u017bSZEJ JAKO\u015aCI","article_publisher":"https:\/\/www.facebook.com\/bhp.kamex","og_image":[{"width":350,"height":405,"url":"https:\/\/kamexbhp.pl\/sklep\/wp-content\/uploads\/2025\/08\/thumb_spodenki_robocze_krotkie_brixton_spark_granat_2.jpg","type":"image\/jpeg"}],"twitter_card":"summary_large_image","twitter_misc":{"Szacowany czas czytania":"2 minuty"},"schema":{"@context":"https:\/\/schema.org","@graph":[{"@type":"WebPage","@id":"https:\/\/kamexbhp.pl\/sklep\/produkt\/brixton-spark-spodnie-krotkie-100-bawelna\/","url":"https:\/\/kamexbhp.pl\/sklep\/produkt\/brixton-spark-spodnie-krotkie-100-bawelna\/","name":"BRIXTON SPARK SPODNIE KR\u00d3TKIE 100% BAWE\u0141NA - KAMEX BHP - SKLEP INTERNETOWY Z ARTYKU\u0141AMI BHP NAJWY\u017bSZEJ JAKO\u015aCI","isPartOf":{"@id":"https:\/\/kamexbhp.pl\/sklep\/#website"},"primaryImageOfPage":{"@id":"https:\/\/kamexbhp.pl\/sklep\/produkt\/brixton-spark-spodnie-krotkie-100-bawelna\/#primaryimage"},"image":{"@id":"https:\/\/kamexbhp.pl\/sklep\/produkt\/brixton-spark-spodnie-krotkie-100-bawelna\/#primaryimage"},"thumbnailUrl":"https:\/\/kamexbhp.pl\/sklep\/wp-content\/uploads\/2025\/08\/thumb_spodenki_robocze_krotkie_brixton_spark_granat_2.jpg","datePublished":"2025-08-23T07:45:10+00:00","description":"Spodenki robocze BRIXTON SPARK 100% bawe\u0142na. Wytrzyma\u0142e, z podw\u00f3jnymi szwami, regulacj\u0105 w pasie i praktycznymi kieszeniami.","breadcrumb":{"@id":"https:\/\/kamexbhp.pl\/sklep\/produkt\/brixton-spark-spodnie-krotkie-100-bawelna\/#breadcrumb"},"inLanguage":"pl-PL","potentialAction":[{"@type":"ReadAction","target":["https:\/\/kamexbhp.pl\/sklep\/produkt\/brixton-spark-spodnie-krotkie-100-bawelna\/"]}]},{"@type":"ImageObject","inLanguage":"pl-PL","@id":"https:\/\/kamexbhp.pl\/sklep\/produkt\/brixton-spark-spodnie-krotkie-100-bawelna\/#primaryimage","url":"https:\/\/kamexbhp.pl\/sklep\/wp-content\/uploads\/2025\/08\/thumb_spodenki_robocze_krotkie_brixton_spark_granat_2.jpg","contentUrl":"https:\/\/kamexbhp.pl\/sklep\/wp-content\/uploads\/2025\/08\/thumb_spodenki_robocze_krotkie_brixton_spark_granat_2.jpg","width":350,"height":405},{"@type":"BreadcrumbList","@id":"https:\/\/kamexbhp.pl\/sklep\/produkt\/brixton-spark-spodnie-krotkie-100-bawelna\/#breadcrumb","itemListElement":[{"@type":"ListItem","position":1,"name":"Strona g\u0142\u00f3wna","item":"https:\/\/kamexbhp.pl\/sklep\/"},{"@type":"ListItem","position":2,"name":"Sklep","item":"https:\/\/kamexbhp.pl\/sklep\/sklep\/"},{"@type":"ListItem","position":3,"name":"BRIXTON SPARK SPODNIE KR\u00d3TKIE 100% BAWE\u0141NA"}]},{"@type":"WebSite","@id":"https:\/\/kamexbhp.pl\/sklep\/#website","url":"https:\/\/kamexbhp.pl\/sklep\/","name":"KAMEX BHP - SKLEP INTERNETOWY Z ARTYKU\u0141AMI BHP NAJWY\u017bSZEJ JAKO\u015aCI","description":"Artuku\u0142y BHP najwy\u017cszej jako\u015bci!","publisher":{"@id":"https:\/\/kamexbhp.pl\/sklep\/#organization"},"potentialAction":[{"@type":"SearchAction","target":{"@type":"EntryPoint","urlTemplate":"https:\/\/kamexbhp.pl\/sklep\/?s={search_term_string}"},"query-input":{"@type":"PropertyValueSpecification","valueRequired":true,"valueName":"search_term_string"}}],"inLanguage":"pl-PL"},{"@type":"Organization","@id":"https:\/\/kamexbhp.pl\/sklep\/#organization","name":"KAMEX-BHP - SKLEP BHP - Odzie\u017c i obuwie robocze","url":"https:\/\/kamexbhp.pl\/sklep\/","logo":{"@type":"ImageObject","inLanguage":"pl-PL","@id":"https:\/\/kamexbhp.pl\/sklep\/#\/schema\/logo\/image\/","url":"https:\/\/kamexbhp.pl\/sklep\/wp-content\/uploads\/2025\/01\/KAMEX-BHP-Logo-1080-x-1080.png","contentUrl":"https:\/\/kamexbhp.pl\/sklep\/wp-content\/uploads\/2025\/01\/KAMEX-BHP-Logo-1080-x-1080.png","width":1080,"height":1080,"caption":"KAMEX-BHP - SKLEP BHP - Odzie\u017c i obuwie robocze"},"image":{"@id":"https:\/\/kamexbhp.pl\/sklep\/#\/schema\/logo\/image\/"},"sameAs":["https:\/\/www.facebook.com\/bhp.kamex","https:\/\/www.instagram.com\/kamexbhp\/"]}]}},"_links":{"self":[{"href":"https:\/\/kamexbhp.pl\/sklep\/wp-json\/wp\/v2\/product\/8795","targetHints":{"allow":["GET"]}}],"collection":[{"href":"https:\/\/kamexbhp.pl\/sklep\/wp-json\/wp\/v2\/product"}],"about":[{"href":"https:\/\/kamexbhp.pl\/sklep\/wp-json\/wp\/v2\/types\/product"}],"replies":[{"embeddable":true,"href":"https:\/\/kamexbhp.pl\/sklep\/wp-json\/wp\/v2\/comments?post=8795"}],"version-history":[{"count":1,"href":"https:\/\/kamexbhp.pl\/sklep\/wp-json\/wp\/v2\/product\/8795\/revisions"}],"predecessor-version":[{"id":8805,"href":"https:\/\/kamexbhp.pl\/sklep\/wp-json\/wp\/v2\/product\/8795\/revisions\/8805"}],"wp:featuredmedia":[{"embeddable":true,"href":"https:\/\/kamexbhp.pl\/sklep\/wp-json\/wp\/v2\/media\/8796"}],"wp:attachment":[{"href":"https:\/\/kamexbhp.pl\/sklep\/wp-json\/wp\/v2\/media?parent=8795"}],"wp:term":[{"taxonomy":"product_brand","embeddable":true,"href":"https:\/\/kamexbhp.pl\/sklep\/wp-json\/wp\/v2\/product_brand?post=8795"},{"taxonomy":"product_cat","embeddable":true,"href":"https:\/\/kamexbhp.pl\/sklep\/wp-json\/wp\/v2\/product_cat?post=8795"},{"taxonomy":"product_tag","embeddable":true,"href":"https:\/\/kamexbhp.pl\/sklep\/wp-json\/wp\/v2\/product_tag?post=8795"}],"curies":[{"name":"wp","href":"https:\/\/api.w.org\/{rel}","templated":true}]}}