{"id":8715,"date":"2025-07-01T14:20:16","date_gmt":"2025-07-01T12:20:16","guid":{"rendered":"https:\/\/kamexbhp.pl\/sklep\/?post_type=product&#038;p=8715"},"modified":"2025-08-22T08:28:48","modified_gmt":"2025-08-22T06:28:48","slug":"payper-krotkie-spodenki-next-4w-shorts","status":"publish","type":"product","link":"https:\/\/kamexbhp.pl\/sklep\/produkt\/payper-krotkie-spodenki-next-4w-shorts\/","title":{"rendered":"PAYPER KR\u00d3TKIE SPODENKI NEXT 4W SHORTS"},"content":{"rendered":"<p data-start=\"233\" data-end=\"523\">Profesjonalne <strong data-start=\"247\" data-end=\"274\">spodenki robocze unisex<\/strong> PAYPER NEXT 4W to po\u0142\u0105czenie nowoczesnej technologii i funkcjonalnych rozwi\u0105za\u0144. Wykonane z elastycznej tkaniny rozci\u0105gliwej w czterech kierunkach (4-way stretch), zapewniaj\u0105 maksymalny komfort ruchu i trwa\u0142o\u015b\u0107 nawet w intensywnych warunkach pracy.<\/p>\n<h4 data-start=\"525\" data-end=\"563\"><strong data-start=\"530\" data-end=\"563\">Najwa\u017cniejsze cechy produktu:<\/strong><\/h4>\n<ul data-start=\"564\" data-end=\"1548\">\n<li data-start=\"564\" data-end=\"656\">\n<p data-start=\"566\" data-end=\"656\">\u2705 Tkanina <strong data-start=\"576\" data-end=\"606\">rozci\u0105gliwa w 4 kierunkach<\/strong> \u2013 idealne dopasowanie do cia\u0142a i swoboda ruch\u00f3w<\/p>\n<\/li>\n<li data-start=\"657\" data-end=\"714\">\n<p data-start=\"659\" data-end=\"714\">\u2705 <strong data-start=\"661\" data-end=\"681\">Elastyczna talia<\/strong> z bocznymi gumkami i szlufkami<\/p>\n<\/li>\n<li data-start=\"715\" data-end=\"784\">\n<p data-start=\"717\" data-end=\"784\">\u2705 Zapi\u0119cie na <strong data-start=\"731\" data-end=\"753\">zamek b\u0142yskawiczny<\/strong> i <strong data-start=\"756\" data-end=\"782\">spersonalizowany guzik<\/strong><\/p>\n<\/li>\n<li data-start=\"785\" data-end=\"915\">\n<p data-start=\"787\" data-end=\"795\">\u2705 Prz\u00f3d:<\/p>\n<ul data-start=\"798\" data-end=\"915\">\n<li data-start=\"798\" data-end=\"828\">\n<p data-start=\"800\" data-end=\"828\">Dwie zaokr\u0105glone kieszenie<\/p>\n<\/li>\n<li data-start=\"831\" data-end=\"867\">\n<p data-start=\"833\" data-end=\"867\">Kiesze\u0144 na monety (prawa strona)<\/p>\n<\/li>\n<li data-start=\"870\" data-end=\"915\">\n<p data-start=\"872\" data-end=\"915\">Bezpieczna kiesze\u0144 na zamek (lewa strona)<\/p>\n<\/li>\n<\/ul>\n<\/li>\n<li data-start=\"916\" data-end=\"1057\">\n<p data-start=\"918\" data-end=\"933\">\u2705 Lewa nogawka:<\/p>\n<ul data-start=\"936\" data-end=\"1057\">\n<li data-start=\"936\" data-end=\"964\">\n<p data-start=\"938\" data-end=\"964\">Kiesze\u0144 pozioma na zamek<\/p>\n<\/li>\n<li data-start=\"967\" data-end=\"1021\">\n<p data-start=\"969\" data-end=\"1021\">Kiesze\u0144 z klapk\u0105 na rzep + uchwyt na identyfikator<\/p>\n<\/li>\n<li data-start=\"1024\" data-end=\"1057\">\n<p data-start=\"1026\" data-end=\"1057\">Ma\u0142a pionowa kiesze\u0144 na zamek<\/p>\n<\/li>\n<\/ul>\n<\/li>\n<li data-start=\"1058\" data-end=\"1109\">\n<p data-start=\"1060\" data-end=\"1109\">\u2705 Prawa nogawka z przodu \u2013 <strong data-start=\"1087\" data-end=\"1107\">odblaskowy pasek<\/strong><\/p>\n<\/li>\n<li data-start=\"1110\" data-end=\"1312\">\n<p data-start=\"1112\" data-end=\"1118\">\u2705 Ty\u0142:<\/p>\n<ul data-start=\"1121\" data-end=\"1312\">\n<li data-start=\"1121\" data-end=\"1149\">\n<p data-start=\"1123\" data-end=\"1149\">Kiesze\u0144 z klapk\u0105 na rzep<\/p>\n<\/li>\n<li data-start=\"1152\" data-end=\"1171\">\n<p data-start=\"1154\" data-end=\"1171\">P\u0119tla na m\u0142otek<\/p>\n<\/li>\n<li data-start=\"1174\" data-end=\"1203\">\n<p data-start=\"1176\" data-end=\"1203\">Otwarta kiesze\u0144 na miark\u0119<\/p>\n<\/li>\n<li data-start=\"1206\" data-end=\"1246\">\n<p data-start=\"1208\" data-end=\"1246\">Kiesze\u0144 na telefon z klapk\u0105 i rzepem<\/p>\n<\/li>\n<li data-start=\"1249\" data-end=\"1312\">\n<p data-start=\"1251\" data-end=\"1312\">Dodatkowa otwarta kiesze\u0144 z podw\u00f3jnymi paskami odblaskowymi<\/p>\n<\/li>\n<\/ul>\n<\/li>\n<li data-start=\"1313\" data-end=\"1380\">\n<p data-start=\"1315\" data-end=\"1380\">\u2705 Wzmocnione szwy w wielu miejscach, <strong data-start=\"1352\" data-end=\"1378\">kontrastowe przeszycia<\/strong><\/p>\n<\/li>\n<li data-start=\"1381\" data-end=\"1431\">\n<p data-start=\"1383\" data-end=\"1431\">\u2705 D\u0142ugo\u015b\u0107 nogawki: 31 cm<\/p>\n<\/li>\n<li data-start=\"1432\" data-end=\"1474\">\n<p data-start=\"1434\" data-end=\"1474\">\u2705 Materia\u0142: <strong data-start=\"1446\" data-end=\"1472\">90% nylon, 10% elastan<\/strong><\/p>\n<\/li>\n<li data-start=\"1475\" data-end=\"1504\">\n<p data-start=\"1477\" data-end=\"1504\">\u2705 Gramatura: <strong data-start=\"1490\" data-end=\"1502\">170 g\/m\u00b2<\/strong><\/p>\n<\/li>\n<li data-start=\"1505\" data-end=\"1548\">\n<p data-start=\"1507\" data-end=\"1548\">\u2705 Nowoczesny wygl\u0105d \u2013 <strong data-start=\"1529\" data-end=\"1548\">HIGH TECH NYLON<\/strong><\/p>\n<\/li>\n<\/ul>\n","protected":false},"excerpt":{"rendered":"<p>PAYPER NEXT 4W to kr\u00f3tkie spodenki robocze unisex wykonane z lekkiej, elastycznej tkaniny 4-way stretch. Zapewniaj\u0105 pe\u0142n\u0105 swobod\u0119 ruch\u00f3w i wysoki komfort pracy. Wyposa\u017cone w liczne funkcjonalne kieszenie z przodu, z ty\u0142u oraz na nogawkach \u2013 w tym zamykane na zamek, na rzep oraz z uchwytem na identyfikator. Dodatkowe elementy odblaskowe zwi\u0119kszaj\u0105 widoczno\u015b\u0107, a wzmocnione szwy gwarantuj\u0105 trwa\u0142o\u015b\u0107. Idealne na lato dla profesjonalist\u00f3w i os\u00f3b aktywnych.<\/p>\n","protected":false},"featured_media":8716,"comment_status":"open","ping_status":"closed","template":"","meta":[],"product_brand":[1902],"product_cat":[1035],"product_tag":[2012,1986,429,1988,2013,1999,2014,2015],"class_list":{"0":"post-8715","1":"product","2":"type-product","3":"status-publish","4":"has-post-thumbnail","6":"product_brand-payper","7":"product_cat-krotkie-spodenki-spodnie","8":"product_tag-bermudy-bhp","9":"product_tag-krotkie-spodenki-robocze","10":"product_tag-odziez-ochronna","11":"product_tag-odziez-robocza-letnia","12":"product_tag-spodenki-4-way-stretch","13":"product_tag-spodenki-robocze-payper","14":"product_tag-spodenki-techniczne","15":"product_tag-spodenki-z-kieszeniami","17":"first","18":"instock","19":"taxable","20":"shipping-taxable","21":"purchasable","22":"product-type-variable"},"yoast_head":"<!-- This site is optimized with the Yoast SEO plugin v25.6 - https:\/\/yoast.com\/wordpress\/plugins\/seo\/ -->\n<title>PAYPER KR\u00d3TKIE SPODENKI NEXT 4W SHORTS - KAMEX BHP - SKLEP INTERNETOWY Z ARTYKU\u0141AMI BHP NAJWY\u017bSZEJ JAKO\u015aCI<\/title>\n<meta name=\"description\" content=\"Elastyczne spodenki robocze PAYPER NEXT 4W z licznymi kieszeniami, odblaskami i 4-kierunkowym stretch nylonem.\" \/>\n<meta name=\"robots\" content=\"index, follow, max-snippet:-1, max-image-preview:large, max-video-preview:-1\" \/>\n<link rel=\"canonical\" href=\"https:\/\/kamexbhp.pl\/sklep\/produkt\/payper-krotkie-spodenki-next-4w-shorts\/\" \/>\n<meta property=\"og:locale\" content=\"pl_PL\" \/>\n<meta property=\"og:type\" content=\"article\" \/>\n<meta property=\"og:title\" content=\"PAYPER KR\u00d3TKIE SPODENKI NEXT 4W SHORTS - KAMEX BHP - SKLEP INTERNETOWY Z ARTYKU\u0141AMI BHP NAJWY\u017bSZEJ JAKO\u015aCI\" \/>\n<meta property=\"og:description\" content=\"Elastyczne spodenki robocze PAYPER NEXT 4W z licznymi kieszeniami, odblaskami i 4-kierunkowym stretch nylonem.\" \/>\n<meta property=\"og:url\" content=\"https:\/\/kamexbhp.pl\/sklep\/produkt\/payper-krotkie-spodenki-next-4w-shorts\/\" \/>\n<meta property=\"og:site_name\" content=\"KAMEX BHP - SKLEP INTERNETOWY Z ARTYKU\u0141AMI BHP NAJWY\u017bSZEJ JAKO\u015aCI\" \/>\n<meta property=\"article:publisher\" content=\"https:\/\/www.facebook.com\/bhp.kamex\" \/>\n<meta property=\"article:modified_time\" content=\"2025-08-22T06:28:48+00:00\" \/>\n<meta property=\"og:image\" content=\"https:\/\/kamexbhp.pl\/sklep\/wp-content\/uploads\/2025\/07\/15950_13044.jpg\" \/>\n\t<meta property=\"og:image:width\" content=\"800\" \/>\n\t<meta property=\"og:image:height\" content=\"1200\" \/>\n\t<meta property=\"og:image:type\" content=\"image\/jpeg\" \/>\n<meta name=\"twitter:card\" content=\"summary_large_image\" \/>\n<meta name=\"twitter:label1\" content=\"Szacowany czas czytania\" \/>\n\t<meta name=\"twitter:data1\" content=\"2 minuty\" \/>\n<script type=\"application\/ld+json\" class=\"yoast-schema-graph\">{\"@context\":\"https:\/\/schema.org\",\"@graph\":[{\"@type\":\"WebPage\",\"@id\":\"https:\/\/kamexbhp.pl\/sklep\/produkt\/payper-krotkie-spodenki-next-4w-shorts\/\",\"url\":\"https:\/\/kamexbhp.pl\/sklep\/produkt\/payper-krotkie-spodenki-next-4w-shorts\/\",\"name\":\"PAYPER KR\u00d3TKIE SPODENKI NEXT 4W SHORTS - KAMEX BHP - SKLEP INTERNETOWY Z ARTYKU\u0141AMI BHP NAJWY\u017bSZEJ JAKO\u015aCI\",\"isPartOf\":{\"@id\":\"https:\/\/kamexbhp.pl\/sklep\/#website\"},\"primaryImageOfPage\":{\"@id\":\"https:\/\/kamexbhp.pl\/sklep\/produkt\/payper-krotkie-spodenki-next-4w-shorts\/#primaryimage\"},\"image\":{\"@id\":\"https:\/\/kamexbhp.pl\/sklep\/produkt\/payper-krotkie-spodenki-next-4w-shorts\/#primaryimage\"},\"thumbnailUrl\":\"https:\/\/kamexbhp.pl\/sklep\/wp-content\/uploads\/2025\/07\/15950_13044.jpg\",\"datePublished\":\"2025-07-01T12:20:16+00:00\",\"dateModified\":\"2025-08-22T06:28:48+00:00\",\"description\":\"Elastyczne spodenki robocze PAYPER NEXT 4W z licznymi kieszeniami, odblaskami i 4-kierunkowym stretch nylonem.\",\"breadcrumb\":{\"@id\":\"https:\/\/kamexbhp.pl\/sklep\/produkt\/payper-krotkie-spodenki-next-4w-shorts\/#breadcrumb\"},\"inLanguage\":\"pl-PL\",\"potentialAction\":[{\"@type\":\"ReadAction\",\"target\":[\"https:\/\/kamexbhp.pl\/sklep\/produkt\/payper-krotkie-spodenki-next-4w-shorts\/\"]}]},{\"@type\":\"ImageObject\",\"inLanguage\":\"pl-PL\",\"@id\":\"https:\/\/kamexbhp.pl\/sklep\/produkt\/payper-krotkie-spodenki-next-4w-shorts\/#primaryimage\",\"url\":\"https:\/\/kamexbhp.pl\/sklep\/wp-content\/uploads\/2025\/07\/15950_13044.jpg\",\"contentUrl\":\"https:\/\/kamexbhp.pl\/sklep\/wp-content\/uploads\/2025\/07\/15950_13044.jpg\",\"width\":800,\"height\":1200},{\"@type\":\"BreadcrumbList\",\"@id\":\"https:\/\/kamexbhp.pl\/sklep\/produkt\/payper-krotkie-spodenki-next-4w-shorts\/#breadcrumb\",\"itemListElement\":[{\"@type\":\"ListItem\",\"position\":1,\"name\":\"Strona g\u0142\u00f3wna\",\"item\":\"https:\/\/kamexbhp.pl\/sklep\/\"},{\"@type\":\"ListItem\",\"position\":2,\"name\":\"Sklep\",\"item\":\"https:\/\/kamexbhp.pl\/sklep\/sklep\/\"},{\"@type\":\"ListItem\",\"position\":3,\"name\":\"PAYPER KR\u00d3TKIE SPODENKI NEXT 4W SHORTS\"}]},{\"@type\":\"WebSite\",\"@id\":\"https:\/\/kamexbhp.pl\/sklep\/#website\",\"url\":\"https:\/\/kamexbhp.pl\/sklep\/\",\"name\":\"KAMEX BHP - SKLEP INTERNETOWY Z ARTYKU\u0141AMI BHP NAJWY\u017bSZEJ JAKO\u015aCI\",\"description\":\"Artuku\u0142y BHP najwy\u017cszej jako\u015bci!\",\"publisher\":{\"@id\":\"https:\/\/kamexbhp.pl\/sklep\/#organization\"},\"potentialAction\":[{\"@type\":\"SearchAction\",\"target\":{\"@type\":\"EntryPoint\",\"urlTemplate\":\"https:\/\/kamexbhp.pl\/sklep\/?s={search_term_string}\"},\"query-input\":{\"@type\":\"PropertyValueSpecification\",\"valueRequired\":true,\"valueName\":\"search_term_string\"}}],\"inLanguage\":\"pl-PL\"},{\"@type\":\"Organization\",\"@id\":\"https:\/\/kamexbhp.pl\/sklep\/#organization\",\"name\":\"KAMEX-BHP - SKLEP BHP - Odzie\u017c i obuwie robocze\",\"url\":\"https:\/\/kamexbhp.pl\/sklep\/\",\"logo\":{\"@type\":\"ImageObject\",\"inLanguage\":\"pl-PL\",\"@id\":\"https:\/\/kamexbhp.pl\/sklep\/#\/schema\/logo\/image\/\",\"url\":\"https:\/\/kamexbhp.pl\/sklep\/wp-content\/uploads\/2025\/01\/KAMEX-BHP-Logo-1080-x-1080.png\",\"contentUrl\":\"https:\/\/kamexbhp.pl\/sklep\/wp-content\/uploads\/2025\/01\/KAMEX-BHP-Logo-1080-x-1080.png\",\"width\":1080,\"height\":1080,\"caption\":\"KAMEX-BHP - SKLEP BHP - Odzie\u017c i obuwie robocze\"},\"image\":{\"@id\":\"https:\/\/kamexbhp.pl\/sklep\/#\/schema\/logo\/image\/\"},\"sameAs\":[\"https:\/\/www.facebook.com\/bhp.kamex\",\"https:\/\/www.instagram.com\/kamexbhp\/\"]}]}<\/script>\n<!-- \/ Yoast SEO plugin. -->","yoast_head_json":{"title":"PAYPER KR\u00d3TKIE SPODENKI NEXT 4W SHORTS - KAMEX BHP - SKLEP INTERNETOWY Z ARTYKU\u0141AMI BHP NAJWY\u017bSZEJ JAKO\u015aCI","description":"Elastyczne spodenki robocze PAYPER NEXT 4W z licznymi kieszeniami, odblaskami i 4-kierunkowym stretch nylonem.","robots":{"index":"index","follow":"follow","max-snippet":"max-snippet:-1","max-image-preview":"max-image-preview:large","max-video-preview":"max-video-preview:-1"},"canonical":"https:\/\/kamexbhp.pl\/sklep\/produkt\/payper-krotkie-spodenki-next-4w-shorts\/","og_locale":"pl_PL","og_type":"article","og_title":"PAYPER KR\u00d3TKIE SPODENKI NEXT 4W SHORTS - KAMEX BHP - SKLEP INTERNETOWY Z ARTYKU\u0141AMI BHP NAJWY\u017bSZEJ JAKO\u015aCI","og_description":"Elastyczne spodenki robocze PAYPER NEXT 4W z licznymi kieszeniami, odblaskami i 4-kierunkowym stretch nylonem.","og_url":"https:\/\/kamexbhp.pl\/sklep\/produkt\/payper-krotkie-spodenki-next-4w-shorts\/","og_site_name":"KAMEX BHP - SKLEP INTERNETOWY Z ARTYKU\u0141AMI BHP NAJWY\u017bSZEJ JAKO\u015aCI","article_publisher":"https:\/\/www.facebook.com\/bhp.kamex","article_modified_time":"2025-08-22T06:28:48+00:00","og_image":[{"width":800,"height":1200,"url":"https:\/\/kamexbhp.pl\/sklep\/wp-content\/uploads\/2025\/07\/15950_13044.jpg","type":"image\/jpeg"}],"twitter_card":"summary_large_image","twitter_misc":{"Szacowany czas czytania":"2 minuty"},"schema":{"@context":"https:\/\/schema.org","@graph":[{"@type":"WebPage","@id":"https:\/\/kamexbhp.pl\/sklep\/produkt\/payper-krotkie-spodenki-next-4w-shorts\/","url":"https:\/\/kamexbhp.pl\/sklep\/produkt\/payper-krotkie-spodenki-next-4w-shorts\/","name":"PAYPER KR\u00d3TKIE SPODENKI NEXT 4W SHORTS - KAMEX BHP - SKLEP INTERNETOWY Z ARTYKU\u0141AMI BHP NAJWY\u017bSZEJ JAKO\u015aCI","isPartOf":{"@id":"https:\/\/kamexbhp.pl\/sklep\/#website"},"primaryImageOfPage":{"@id":"https:\/\/kamexbhp.pl\/sklep\/produkt\/payper-krotkie-spodenki-next-4w-shorts\/#primaryimage"},"image":{"@id":"https:\/\/kamexbhp.pl\/sklep\/produkt\/payper-krotkie-spodenki-next-4w-shorts\/#primaryimage"},"thumbnailUrl":"https:\/\/kamexbhp.pl\/sklep\/wp-content\/uploads\/2025\/07\/15950_13044.jpg","datePublished":"2025-07-01T12:20:16+00:00","dateModified":"2025-08-22T06:28:48+00:00","description":"Elastyczne spodenki robocze PAYPER NEXT 4W z licznymi kieszeniami, odblaskami i 4-kierunkowym stretch nylonem.","breadcrumb":{"@id":"https:\/\/kamexbhp.pl\/sklep\/produkt\/payper-krotkie-spodenki-next-4w-shorts\/#breadcrumb"},"inLanguage":"pl-PL","potentialAction":[{"@type":"ReadAction","target":["https:\/\/kamexbhp.pl\/sklep\/produkt\/payper-krotkie-spodenki-next-4w-shorts\/"]}]},{"@type":"ImageObject","inLanguage":"pl-PL","@id":"https:\/\/kamexbhp.pl\/sklep\/produkt\/payper-krotkie-spodenki-next-4w-shorts\/#primaryimage","url":"https:\/\/kamexbhp.pl\/sklep\/wp-content\/uploads\/2025\/07\/15950_13044.jpg","contentUrl":"https:\/\/kamexbhp.pl\/sklep\/wp-content\/uploads\/2025\/07\/15950_13044.jpg","width":800,"height":1200},{"@type":"BreadcrumbList","@id":"https:\/\/kamexbhp.pl\/sklep\/produkt\/payper-krotkie-spodenki-next-4w-shorts\/#breadcrumb","itemListElement":[{"@type":"ListItem","position":1,"name":"Strona g\u0142\u00f3wna","item":"https:\/\/kamexbhp.pl\/sklep\/"},{"@type":"ListItem","position":2,"name":"Sklep","item":"https:\/\/kamexbhp.pl\/sklep\/sklep\/"},{"@type":"ListItem","position":3,"name":"PAYPER KR\u00d3TKIE SPODENKI NEXT 4W SHORTS"}]},{"@type":"WebSite","@id":"https:\/\/kamexbhp.pl\/sklep\/#website","url":"https:\/\/kamexbhp.pl\/sklep\/","name":"KAMEX BHP - SKLEP INTERNETOWY Z ARTYKU\u0141AMI BHP NAJWY\u017bSZEJ JAKO\u015aCI","description":"Artuku\u0142y BHP najwy\u017cszej jako\u015bci!","publisher":{"@id":"https:\/\/kamexbhp.pl\/sklep\/#organization"},"potentialAction":[{"@type":"SearchAction","target":{"@type":"EntryPoint","urlTemplate":"https:\/\/kamexbhp.pl\/sklep\/?s={search_term_string}"},"query-input":{"@type":"PropertyValueSpecification","valueRequired":true,"valueName":"search_term_string"}}],"inLanguage":"pl-PL"},{"@type":"Organization","@id":"https:\/\/kamexbhp.pl\/sklep\/#organization","name":"KAMEX-BHP - SKLEP BHP - Odzie\u017c i obuwie robocze","url":"https:\/\/kamexbhp.pl\/sklep\/","logo":{"@type":"ImageObject","inLanguage":"pl-PL","@id":"https:\/\/kamexbhp.pl\/sklep\/#\/schema\/logo\/image\/","url":"https:\/\/kamexbhp.pl\/sklep\/wp-content\/uploads\/2025\/01\/KAMEX-BHP-Logo-1080-x-1080.png","contentUrl":"https:\/\/kamexbhp.pl\/sklep\/wp-content\/uploads\/2025\/01\/KAMEX-BHP-Logo-1080-x-1080.png","width":1080,"height":1080,"caption":"KAMEX-BHP - SKLEP BHP - Odzie\u017c i obuwie robocze"},"image":{"@id":"https:\/\/kamexbhp.pl\/sklep\/#\/schema\/logo\/image\/"},"sameAs":["https:\/\/www.facebook.com\/bhp.kamex","https:\/\/www.instagram.com\/kamexbhp\/"]}]}},"_links":{"self":[{"href":"https:\/\/kamexbhp.pl\/sklep\/wp-json\/wp\/v2\/product\/8715","targetHints":{"allow":["GET"]}}],"collection":[{"href":"https:\/\/kamexbhp.pl\/sklep\/wp-json\/wp\/v2\/product"}],"about":[{"href":"https:\/\/kamexbhp.pl\/sklep\/wp-json\/wp\/v2\/types\/product"}],"replies":[{"embeddable":true,"href":"https:\/\/kamexbhp.pl\/sklep\/wp-json\/wp\/v2\/comments?post=8715"}],"version-history":[{"count":1,"href":"https:\/\/kamexbhp.pl\/sklep\/wp-json\/wp\/v2\/product\/8715\/revisions"}],"predecessor-version":[{"id":8721,"href":"https:\/\/kamexbhp.pl\/sklep\/wp-json\/wp\/v2\/product\/8715\/revisions\/8721"}],"wp:featuredmedia":[{"embeddable":true,"href":"https:\/\/kamexbhp.pl\/sklep\/wp-json\/wp\/v2\/media\/8716"}],"wp:attachment":[{"href":"https:\/\/kamexbhp.pl\/sklep\/wp-json\/wp\/v2\/media?parent=8715"}],"wp:term":[{"taxonomy":"product_brand","embeddable":true,"href":"https:\/\/kamexbhp.pl\/sklep\/wp-json\/wp\/v2\/product_brand?post=8715"},{"taxonomy":"product_cat","embeddable":true,"href":"https:\/\/kamexbhp.pl\/sklep\/wp-json\/wp\/v2\/product_cat?post=8715"},{"taxonomy":"product_tag","embeddable":true,"href":"https:\/\/kamexbhp.pl\/sklep\/wp-json\/wp\/v2\/product_tag?post=8715"}],"curies":[{"name":"wp","href":"https:\/\/api.w.org\/{rel}","templated":true}]}}