{"id":8664,"date":"2025-06-12T10:37:50","date_gmt":"2025-06-12T08:37:50","guid":{"rendered":"https:\/\/kamexbhp.pl\/sklep\/?post_type=product&#038;p=8664"},"modified":"2025-06-25T23:52:50","modified_gmt":"2025-06-25T21:52:50","slug":"payper-krotkie-spodenki-service","status":"publish","type":"product","link":"https:\/\/kamexbhp.pl\/sklep\/produkt\/payper-krotkie-spodenki-service\/","title":{"rendered":"PAYPER KR\u00d3TKIE SPODENKI SERVICE"},"content":{"rendered":"<p data-start=\"216\" data-end=\"586\"><strong data-start=\"216\" data-end=\"234\">PAYPER SERVICE<\/strong> to funkcjonalne i wytrzyma\u0142e <strong data-start=\"264\" data-end=\"297\">spodenki robocze typu bermudy<\/strong>, idealne na ciep\u0142e dni. Wykonane z lekkiego materia\u0142u <strong data-start=\"352\" data-end=\"376\">mini ripstop stretch<\/strong>, gwarantuj\u0105 wysoki komfort noszenia i swobod\u0119 ruch\u00f3w. Praktyczne rozmieszczenie kieszeni sprawia, \u017ce spodenki s\u0105 doskona\u0142ym wyborem dla profesjonalist\u00f3w w r\u00f3\u017cnych bran\u017cach \u2013 od budownictwa po prace magazynowe.<\/p>\n<h4 data-start=\"588\" data-end=\"612\"><strong data-start=\"593\" data-end=\"612\">Cechy produktu:<\/strong><\/h4>\n<ul data-start=\"613\" data-end=\"1307\">\n<li data-start=\"613\" data-end=\"677\">\n<p data-start=\"615\" data-end=\"677\">\u2705 Wykonane z trwa\u0142ej i elastycznej tkaniny <strong data-start=\"658\" data-end=\"677\">ripstop stretch<\/strong><\/p>\n<\/li>\n<li data-start=\"678\" data-end=\"728\">\n<p data-start=\"680\" data-end=\"728\">\u2705 <strong data-start=\"682\" data-end=\"712\">Lekka gramatura \u2013 220 g\/m\u00b2<\/strong> idealna na lato<\/p>\n<\/li>\n<li data-start=\"729\" data-end=\"809\">\n<p data-start=\"731\" data-end=\"809\">\u2705 <strong data-start=\"733\" data-end=\"761\">Elastyczna talia z gumk\u0105<\/strong> i szlufkami \u2013 doskona\u0142e dopasowanie do sylwetki<\/p>\n<\/li>\n<li data-start=\"810\" data-end=\"856\">\n<p data-start=\"812\" data-end=\"856\">\u2705 Zapi\u0119cie na <strong data-start=\"826\" data-end=\"856\">zamek b\u0142yskawiczny i guzik<\/strong><\/p>\n<\/li>\n<li data-start=\"857\" data-end=\"933\">\n<p data-start=\"859\" data-end=\"933\">\u2705 <strong data-start=\"861\" data-end=\"888\">Dwie przednie kieszenie<\/strong> o kroju klasycznym + <strong data-start=\"910\" data-end=\"933\">kieszonka na monety<\/strong><\/p>\n<\/li>\n<li data-start=\"934\" data-end=\"988\">\n<p data-start=\"936\" data-end=\"988\">\u2705 <strong data-start=\"938\" data-end=\"970\">Praktyczna kiesze\u0144 na miark\u0119<\/strong> po prawej stronie<\/p>\n<\/li>\n<li data-start=\"989\" data-end=\"1059\">\n<p data-start=\"991\" data-end=\"1059\">\u2705 <strong data-start=\"993\" data-end=\"1042\">Boczna kiesze\u0144 z patk\u0105 i systemem LOCK SYSTEM<\/strong> po lewej stronie<\/p>\n<\/li>\n<li data-start=\"1060\" data-end=\"1118\">\n<p data-start=\"1062\" data-end=\"1118\">\u2705 <strong data-start=\"1064\" data-end=\"1088\">Dwie tylne kieszenie<\/strong>, w tym jedna z patk\u0105 i rzepem<\/p>\n<\/li>\n<li data-start=\"1119\" data-end=\"1193\">\n<p data-start=\"1121\" data-end=\"1193\">\u2705 <strong data-start=\"1123\" data-end=\"1149\">Trzyrz\u0119dowe przeszycia<\/strong> \u2013 wi\u0119ksza trwa\u0142o\u015b\u0107 i odporno\u015b\u0107 na rozdarcia<\/p>\n<\/li>\n<li data-start=\"1194\" data-end=\"1265\">\n<p data-start=\"1196\" data-end=\"1265\">\u2705 Materia\u0142: <strong data-start=\"1208\" data-end=\"1235\">98% bawe\u0142na, 2% elastan<\/strong> \u2013 przewiewno\u015b\u0107 i elastyczno\u015b\u0107<\/p>\n<\/li>\n<li data-start=\"1266\" data-end=\"1307\">\n<p data-start=\"1268\" data-end=\"1307\">\u2705 Nowoczesny wygl\u0105d i ergonomiczny kr\u00f3j<\/p>\n<\/li>\n<\/ul>\n","protected":false},"excerpt":{"rendered":"<p>PAYPER SERVICE to kr\u00f3tkie spodenki robocze z lekkiej i elastycznej tkaniny ripstop stretch (98% bawe\u0142na, 2% elastan). Wyposa\u017cone w klasyczne kieszenie z przodu, kiesze\u0144 na miark\u0119, boczn\u0105 kiesze\u0144 z patk\u0105 LOCK SYSTEM oraz dwie kieszenie z ty\u0142u (jedna z rzepem). Posiadaj\u0105 elastyczn\u0105 tali\u0119, szlufki, zapi\u0119cie na guzik i zamek. Trwa\u0142e dzi\u0119ki trzyrz\u0119dowym przeszyciom. Gramatura: 220 g\/m\u00b2. Idealne na lato.<\/p>\n","protected":false},"featured_media":8665,"comment_status":"open","ping_status":"closed","template":"","meta":[],"product_brand":[1902],"product_cat":[1035],"product_tag":[1995,1957,1997,1996,1998,1959,1956],"class_list":{"0":"post-8664","1":"product","2":"type-product","3":"status-publish","4":"has-post-thumbnail","6":"product_brand-payper","7":"product_cat-krotkie-spodenki-spodnie","8":"product_tag-bermudy-robocze","9":"product_tag-krotkie-spodnie-robocze","10":"product_tag-odziez-robocza-na-lato","11":"product_tag-payper-service","12":"product_tag-robocze-spodenki-stretch","13":"product_tag-spodenki-bhp","14":"product_tag-spodenki-robocze","16":"first","17":"instock","18":"taxable","19":"shipping-taxable","20":"purchasable","21":"product-type-variable"},"yoast_head":"<!-- This site is optimized with the Yoast SEO plugin v25.6 - https:\/\/yoast.com\/wordpress\/plugins\/seo\/ -->\n<title>PAYPER KR\u00d3TKIE SPODENKI SERVICE - KAMEX BHP - SKLEP INTERNETOWY Z ARTYKU\u0141AMI BHP NAJWY\u017bSZEJ JAKO\u015aCI<\/title>\n<meta name=\"description\" content=\"Lekkie i wytrzyma\u0142e spodenki robocze PAYPER z tkaniny ripstop stretch, idealne na ciep\u0142e dni.\" \/>\n<meta name=\"robots\" content=\"index, follow, max-snippet:-1, max-image-preview:large, max-video-preview:-1\" \/>\n<link rel=\"canonical\" href=\"https:\/\/kamexbhp.pl\/sklep\/produkt\/payper-krotkie-spodenki-service\/\" \/>\n<meta property=\"og:locale\" content=\"pl_PL\" \/>\n<meta property=\"og:type\" content=\"article\" \/>\n<meta property=\"og:title\" content=\"PAYPER KR\u00d3TKIE SPODENKI SERVICE - KAMEX BHP - SKLEP INTERNETOWY Z ARTYKU\u0141AMI BHP NAJWY\u017bSZEJ JAKO\u015aCI\" \/>\n<meta property=\"og:description\" content=\"Lekkie i wytrzyma\u0142e spodenki robocze PAYPER z tkaniny ripstop stretch, idealne na ciep\u0142e dni.\" \/>\n<meta property=\"og:url\" content=\"https:\/\/kamexbhp.pl\/sklep\/produkt\/payper-krotkie-spodenki-service\/\" \/>\n<meta property=\"og:site_name\" content=\"KAMEX BHP - SKLEP INTERNETOWY Z ARTYKU\u0141AMI BHP NAJWY\u017bSZEJ JAKO\u015aCI\" \/>\n<meta property=\"article:publisher\" content=\"https:\/\/www.facebook.com\/bhp.kamex\" \/>\n<meta property=\"article:modified_time\" content=\"2025-06-25T21:52:50+00:00\" \/>\n<meta property=\"og:image\" content=\"https:\/\/kamexbhp.pl\/sklep\/wp-content\/uploads\/2025\/06\/16887_13007.jpg\" \/>\n\t<meta property=\"og:image:width\" content=\"800\" \/>\n\t<meta property=\"og:image:height\" content=\"1200\" \/>\n\t<meta property=\"og:image:type\" content=\"image\/jpeg\" \/>\n<meta name=\"twitter:card\" content=\"summary_large_image\" \/>\n<meta name=\"twitter:label1\" content=\"Szacowany czas czytania\" \/>\n\t<meta name=\"twitter:data1\" content=\"2 minuty\" \/>\n<script type=\"application\/ld+json\" class=\"yoast-schema-graph\">{\"@context\":\"https:\/\/schema.org\",\"@graph\":[{\"@type\":\"WebPage\",\"@id\":\"https:\/\/kamexbhp.pl\/sklep\/produkt\/payper-krotkie-spodenki-service\/\",\"url\":\"https:\/\/kamexbhp.pl\/sklep\/produkt\/payper-krotkie-spodenki-service\/\",\"name\":\"PAYPER KR\u00d3TKIE SPODENKI SERVICE - KAMEX BHP - SKLEP INTERNETOWY Z ARTYKU\u0141AMI BHP NAJWY\u017bSZEJ JAKO\u015aCI\",\"isPartOf\":{\"@id\":\"https:\/\/kamexbhp.pl\/sklep\/#website\"},\"primaryImageOfPage\":{\"@id\":\"https:\/\/kamexbhp.pl\/sklep\/produkt\/payper-krotkie-spodenki-service\/#primaryimage\"},\"image\":{\"@id\":\"https:\/\/kamexbhp.pl\/sklep\/produkt\/payper-krotkie-spodenki-service\/#primaryimage\"},\"thumbnailUrl\":\"https:\/\/kamexbhp.pl\/sklep\/wp-content\/uploads\/2025\/06\/16887_13007.jpg\",\"datePublished\":\"2025-06-12T08:37:50+00:00\",\"dateModified\":\"2025-06-25T21:52:50+00:00\",\"description\":\"Lekkie i wytrzyma\u0142e spodenki robocze PAYPER z tkaniny ripstop stretch, idealne na ciep\u0142e dni.\",\"breadcrumb\":{\"@id\":\"https:\/\/kamexbhp.pl\/sklep\/produkt\/payper-krotkie-spodenki-service\/#breadcrumb\"},\"inLanguage\":\"pl-PL\",\"potentialAction\":[{\"@type\":\"ReadAction\",\"target\":[\"https:\/\/kamexbhp.pl\/sklep\/produkt\/payper-krotkie-spodenki-service\/\"]}]},{\"@type\":\"ImageObject\",\"inLanguage\":\"pl-PL\",\"@id\":\"https:\/\/kamexbhp.pl\/sklep\/produkt\/payper-krotkie-spodenki-service\/#primaryimage\",\"url\":\"https:\/\/kamexbhp.pl\/sklep\/wp-content\/uploads\/2025\/06\/16887_13007.jpg\",\"contentUrl\":\"https:\/\/kamexbhp.pl\/sklep\/wp-content\/uploads\/2025\/06\/16887_13007.jpg\",\"width\":800,\"height\":1200,\"caption\":\"kr\u00f3tkie spodenki service\"},{\"@type\":\"BreadcrumbList\",\"@id\":\"https:\/\/kamexbhp.pl\/sklep\/produkt\/payper-krotkie-spodenki-service\/#breadcrumb\",\"itemListElement\":[{\"@type\":\"ListItem\",\"position\":1,\"name\":\"Strona g\u0142\u00f3wna\",\"item\":\"https:\/\/kamexbhp.pl\/sklep\/\"},{\"@type\":\"ListItem\",\"position\":2,\"name\":\"Sklep\",\"item\":\"https:\/\/kamexbhp.pl\/sklep\/sklep\/\"},{\"@type\":\"ListItem\",\"position\":3,\"name\":\"PAYPER KR\u00d3TKIE SPODENKI SERVICE\"}]},{\"@type\":\"WebSite\",\"@id\":\"https:\/\/kamexbhp.pl\/sklep\/#website\",\"url\":\"https:\/\/kamexbhp.pl\/sklep\/\",\"name\":\"KAMEX BHP - SKLEP INTERNETOWY Z ARTYKU\u0141AMI BHP NAJWY\u017bSZEJ JAKO\u015aCI\",\"description\":\"Artuku\u0142y BHP najwy\u017cszej jako\u015bci!\",\"publisher\":{\"@id\":\"https:\/\/kamexbhp.pl\/sklep\/#organization\"},\"potentialAction\":[{\"@type\":\"SearchAction\",\"target\":{\"@type\":\"EntryPoint\",\"urlTemplate\":\"https:\/\/kamexbhp.pl\/sklep\/?s={search_term_string}\"},\"query-input\":{\"@type\":\"PropertyValueSpecification\",\"valueRequired\":true,\"valueName\":\"search_term_string\"}}],\"inLanguage\":\"pl-PL\"},{\"@type\":\"Organization\",\"@id\":\"https:\/\/kamexbhp.pl\/sklep\/#organization\",\"name\":\"KAMEX-BHP - SKLEP BHP - Odzie\u017c i obuwie robocze\",\"url\":\"https:\/\/kamexbhp.pl\/sklep\/\",\"logo\":{\"@type\":\"ImageObject\",\"inLanguage\":\"pl-PL\",\"@id\":\"https:\/\/kamexbhp.pl\/sklep\/#\/schema\/logo\/image\/\",\"url\":\"https:\/\/kamexbhp.pl\/sklep\/wp-content\/uploads\/2025\/01\/KAMEX-BHP-Logo-1080-x-1080.png\",\"contentUrl\":\"https:\/\/kamexbhp.pl\/sklep\/wp-content\/uploads\/2025\/01\/KAMEX-BHP-Logo-1080-x-1080.png\",\"width\":1080,\"height\":1080,\"caption\":\"KAMEX-BHP - SKLEP BHP - Odzie\u017c i obuwie robocze\"},\"image\":{\"@id\":\"https:\/\/kamexbhp.pl\/sklep\/#\/schema\/logo\/image\/\"},\"sameAs\":[\"https:\/\/www.facebook.com\/bhp.kamex\",\"https:\/\/www.instagram.com\/kamexbhp\/\"]}]}<\/script>\n<!-- \/ Yoast SEO plugin. -->","yoast_head_json":{"title":"PAYPER KR\u00d3TKIE SPODENKI SERVICE - KAMEX BHP - SKLEP INTERNETOWY Z ARTYKU\u0141AMI BHP NAJWY\u017bSZEJ JAKO\u015aCI","description":"Lekkie i wytrzyma\u0142e spodenki robocze PAYPER z tkaniny ripstop stretch, idealne na ciep\u0142e dni.","robots":{"index":"index","follow":"follow","max-snippet":"max-snippet:-1","max-image-preview":"max-image-preview:large","max-video-preview":"max-video-preview:-1"},"canonical":"https:\/\/kamexbhp.pl\/sklep\/produkt\/payper-krotkie-spodenki-service\/","og_locale":"pl_PL","og_type":"article","og_title":"PAYPER KR\u00d3TKIE SPODENKI SERVICE - KAMEX BHP - SKLEP INTERNETOWY Z ARTYKU\u0141AMI BHP NAJWY\u017bSZEJ JAKO\u015aCI","og_description":"Lekkie i wytrzyma\u0142e spodenki robocze PAYPER z tkaniny ripstop stretch, idealne na ciep\u0142e dni.","og_url":"https:\/\/kamexbhp.pl\/sklep\/produkt\/payper-krotkie-spodenki-service\/","og_site_name":"KAMEX BHP - SKLEP INTERNETOWY Z ARTYKU\u0141AMI BHP NAJWY\u017bSZEJ JAKO\u015aCI","article_publisher":"https:\/\/www.facebook.com\/bhp.kamex","article_modified_time":"2025-06-25T21:52:50+00:00","og_image":[{"width":800,"height":1200,"url":"https:\/\/kamexbhp.pl\/sklep\/wp-content\/uploads\/2025\/06\/16887_13007.jpg","type":"image\/jpeg"}],"twitter_card":"summary_large_image","twitter_misc":{"Szacowany czas czytania":"2 minuty"},"schema":{"@context":"https:\/\/schema.org","@graph":[{"@type":"WebPage","@id":"https:\/\/kamexbhp.pl\/sklep\/produkt\/payper-krotkie-spodenki-service\/","url":"https:\/\/kamexbhp.pl\/sklep\/produkt\/payper-krotkie-spodenki-service\/","name":"PAYPER KR\u00d3TKIE SPODENKI SERVICE - KAMEX BHP - SKLEP INTERNETOWY Z ARTYKU\u0141AMI BHP NAJWY\u017bSZEJ JAKO\u015aCI","isPartOf":{"@id":"https:\/\/kamexbhp.pl\/sklep\/#website"},"primaryImageOfPage":{"@id":"https:\/\/kamexbhp.pl\/sklep\/produkt\/payper-krotkie-spodenki-service\/#primaryimage"},"image":{"@id":"https:\/\/kamexbhp.pl\/sklep\/produkt\/payper-krotkie-spodenki-service\/#primaryimage"},"thumbnailUrl":"https:\/\/kamexbhp.pl\/sklep\/wp-content\/uploads\/2025\/06\/16887_13007.jpg","datePublished":"2025-06-12T08:37:50+00:00","dateModified":"2025-06-25T21:52:50+00:00","description":"Lekkie i wytrzyma\u0142e spodenki robocze PAYPER z tkaniny ripstop stretch, idealne na ciep\u0142e dni.","breadcrumb":{"@id":"https:\/\/kamexbhp.pl\/sklep\/produkt\/payper-krotkie-spodenki-service\/#breadcrumb"},"inLanguage":"pl-PL","potentialAction":[{"@type":"ReadAction","target":["https:\/\/kamexbhp.pl\/sklep\/produkt\/payper-krotkie-spodenki-service\/"]}]},{"@type":"ImageObject","inLanguage":"pl-PL","@id":"https:\/\/kamexbhp.pl\/sklep\/produkt\/payper-krotkie-spodenki-service\/#primaryimage","url":"https:\/\/kamexbhp.pl\/sklep\/wp-content\/uploads\/2025\/06\/16887_13007.jpg","contentUrl":"https:\/\/kamexbhp.pl\/sklep\/wp-content\/uploads\/2025\/06\/16887_13007.jpg","width":800,"height":1200,"caption":"kr\u00f3tkie spodenki service"},{"@type":"BreadcrumbList","@id":"https:\/\/kamexbhp.pl\/sklep\/produkt\/payper-krotkie-spodenki-service\/#breadcrumb","itemListElement":[{"@type":"ListItem","position":1,"name":"Strona g\u0142\u00f3wna","item":"https:\/\/kamexbhp.pl\/sklep\/"},{"@type":"ListItem","position":2,"name":"Sklep","item":"https:\/\/kamexbhp.pl\/sklep\/sklep\/"},{"@type":"ListItem","position":3,"name":"PAYPER KR\u00d3TKIE SPODENKI SERVICE"}]},{"@type":"WebSite","@id":"https:\/\/kamexbhp.pl\/sklep\/#website","url":"https:\/\/kamexbhp.pl\/sklep\/","name":"KAMEX BHP - SKLEP INTERNETOWY Z ARTYKU\u0141AMI BHP NAJWY\u017bSZEJ JAKO\u015aCI","description":"Artuku\u0142y BHP najwy\u017cszej jako\u015bci!","publisher":{"@id":"https:\/\/kamexbhp.pl\/sklep\/#organization"},"potentialAction":[{"@type":"SearchAction","target":{"@type":"EntryPoint","urlTemplate":"https:\/\/kamexbhp.pl\/sklep\/?s={search_term_string}"},"query-input":{"@type":"PropertyValueSpecification","valueRequired":true,"valueName":"search_term_string"}}],"inLanguage":"pl-PL"},{"@type":"Organization","@id":"https:\/\/kamexbhp.pl\/sklep\/#organization","name":"KAMEX-BHP - SKLEP BHP - Odzie\u017c i obuwie robocze","url":"https:\/\/kamexbhp.pl\/sklep\/","logo":{"@type":"ImageObject","inLanguage":"pl-PL","@id":"https:\/\/kamexbhp.pl\/sklep\/#\/schema\/logo\/image\/","url":"https:\/\/kamexbhp.pl\/sklep\/wp-content\/uploads\/2025\/01\/KAMEX-BHP-Logo-1080-x-1080.png","contentUrl":"https:\/\/kamexbhp.pl\/sklep\/wp-content\/uploads\/2025\/01\/KAMEX-BHP-Logo-1080-x-1080.png","width":1080,"height":1080,"caption":"KAMEX-BHP - SKLEP BHP - Odzie\u017c i obuwie robocze"},"image":{"@id":"https:\/\/kamexbhp.pl\/sklep\/#\/schema\/logo\/image\/"},"sameAs":["https:\/\/www.facebook.com\/bhp.kamex","https:\/\/www.instagram.com\/kamexbhp\/"]}]}},"_links":{"self":[{"href":"https:\/\/kamexbhp.pl\/sklep\/wp-json\/wp\/v2\/product\/8664","targetHints":{"allow":["GET"]}}],"collection":[{"href":"https:\/\/kamexbhp.pl\/sklep\/wp-json\/wp\/v2\/product"}],"about":[{"href":"https:\/\/kamexbhp.pl\/sklep\/wp-json\/wp\/v2\/types\/product"}],"replies":[{"embeddable":true,"href":"https:\/\/kamexbhp.pl\/sklep\/wp-json\/wp\/v2\/comments?post=8664"}],"version-history":[{"count":2,"href":"https:\/\/kamexbhp.pl\/sklep\/wp-json\/wp\/v2\/product\/8664\/revisions"}],"predecessor-version":[{"id":8687,"href":"https:\/\/kamexbhp.pl\/sklep\/wp-json\/wp\/v2\/product\/8664\/revisions\/8687"}],"wp:featuredmedia":[{"embeddable":true,"href":"https:\/\/kamexbhp.pl\/sklep\/wp-json\/wp\/v2\/media\/8665"}],"wp:attachment":[{"href":"https:\/\/kamexbhp.pl\/sklep\/wp-json\/wp\/v2\/media?parent=8664"}],"wp:term":[{"taxonomy":"product_brand","embeddable":true,"href":"https:\/\/kamexbhp.pl\/sklep\/wp-json\/wp\/v2\/product_brand?post=8664"},{"taxonomy":"product_cat","embeddable":true,"href":"https:\/\/kamexbhp.pl\/sklep\/wp-json\/wp\/v2\/product_cat?post=8664"},{"taxonomy":"product_tag","embeddable":true,"href":"https:\/\/kamexbhp.pl\/sklep\/wp-json\/wp\/v2\/product_tag?post=8664"}],"curies":[{"name":"wp","href":"https:\/\/api.w.org\/{rel}","templated":true}]}}