{"id":8582,"date":"2025-04-15T09:52:35","date_gmt":"2025-04-15T07:52:35","guid":{"rendered":"https:\/\/kamexbhp.pl\/sklep\/?post_type=product&#038;p=8582"},"modified":"2025-08-22T08:41:43","modified_gmt":"2025-08-22T06:41:43","slug":"seven-kings-spodnie-krotkie-topaz","status":"publish","type":"product","link":"https:\/\/kamexbhp.pl\/sklep\/produkt\/seven-kings-spodnie-krotkie-topaz\/","title":{"rendered":"SEVEN KINGS SPODNIE KR\u00d3TKIE TOPAZ"},"content":{"rendered":"<p class=\"\" data-start=\"213\" data-end=\"529\">Spodenki robocze <strong data-start=\"230\" data-end=\"251\">SEVEN KINGS TOPAZ<\/strong> to doskona\u0142y wyb\u00f3r na ciep\u0142e dni dla ka\u017cdego profesjonalisty ceni\u0105cego sobie wygod\u0119, wytrzyma\u0142o\u015b\u0107 i praktyczne rozwi\u0105zania. Wykonane z wysokiej jako\u015bci materia\u0142u, kt\u00f3ry zachowuje swoje w\u0142a\u015bciwo\u015bci nawet po wielu praniach \u2013 idealne do intensywnej pracy w wymagaj\u0105cych warunkach.<\/p>\n<h4 class=\"\" data-start=\"531\" data-end=\"555\"><strong data-start=\"536\" data-end=\"555\">Cechy produktu:<\/strong><\/h4>\n<ul data-start=\"557\" data-end=\"1158\">\n<li class=\"\" data-start=\"557\" data-end=\"622\">\n<p class=\"\" data-start=\"559\" data-end=\"622\"><strong data-start=\"559\" data-end=\"572\">Materia\u0142:<\/strong> 65% poliester \/ 35% bawe\u0142na, gramatura 260 g\/m\u00b2<\/p>\n<\/li>\n<li class=\"\" data-start=\"623\" data-end=\"687\">\n<p class=\"\" data-start=\"625\" data-end=\"687\"><strong data-start=\"625\" data-end=\"656\">Trwa\u0142o\u015b\u0107 kolor\u00f3w i rozmiaru<\/strong> nawet po wielokrotnym praniu<\/p>\n<\/li>\n<li class=\"\" data-start=\"688\" data-end=\"768\">\n<p class=\"\" data-start=\"690\" data-end=\"768\"><strong data-start=\"690\" data-end=\"716\">Regulacja obwodu pasa:<\/strong> elastyczna gumka zapewniaj\u0105ca wygodne dopasowanie<\/p>\n<\/li>\n<li class=\"\" data-start=\"769\" data-end=\"820\">\n<p class=\"\" data-start=\"771\" data-end=\"820\"><strong data-start=\"771\" data-end=\"791\">Kolorowa lam\u00f3wka<\/strong> nadaj\u0105ca nowoczesny wygl\u0105d<\/p>\n<\/li>\n<li class=\"\" data-start=\"821\" data-end=\"896\">\n<p class=\"\" data-start=\"823\" data-end=\"896\"><strong data-start=\"823\" data-end=\"842\">Solidne szycie:<\/strong> liczne rygl\u00f3wki w miejscach nara\u017conych na rozprucie<\/p>\n<\/li>\n<li class=\"\" data-start=\"897\" data-end=\"950\">\n<p class=\"\" data-start=\"899\" data-end=\"950\"><strong data-start=\"899\" data-end=\"924\">Funkcjonalne szlufki:<\/strong> w tym szlufka na m\u0142otek<\/p>\n<\/li>\n<li class=\"\" data-start=\"951\" data-end=\"1158\">\n<p class=\"\" data-start=\"953\" data-end=\"975\"><strong data-start=\"953\" data-end=\"975\">Wygodne kieszenie:<\/strong><\/p>\n<ul data-start=\"978\" data-end=\"1158\">\n<li class=\"\" data-start=\"978\" data-end=\"999\">\n<p class=\"\" data-start=\"980\" data-end=\"999\">2 tylne kieszenie<\/p>\n<\/li>\n<li class=\"\" data-start=\"1002\" data-end=\"1043\">\n<p class=\"\" data-start=\"1004\" data-end=\"1043\">wzmocnione kieszenie zapinane na rzep<\/p>\n<\/li>\n<li class=\"\" data-start=\"1046\" data-end=\"1078\">\n<p class=\"\" data-start=\"1048\" data-end=\"1078\">kiesze\u0144 na telefon kom\u00f3rkowy<\/p>\n<\/li>\n<li class=\"\" data-start=\"1081\" data-end=\"1113\">\n<p class=\"\" data-start=\"1083\" data-end=\"1113\">kiesze\u0144 na miark\u0119 \u201emetr\u00f3wk\u0119\u201d<\/p>\n<\/li>\n<li class=\"\" data-start=\"1116\" data-end=\"1158\">\n<p class=\"\" data-start=\"1118\" data-end=\"1158\">2 kieszenie monterskie dopinane na zamek<\/p>\n<\/li>\n<\/ul>\n<\/li>\n<\/ul>\n","protected":false},"excerpt":{"rendered":"<p><strong data-start=\"144\" data-end=\"182\">SEVEN KINGS Spodenki robocze TOPAZ<\/strong> wykonane z trwa\u0142ej tkaniny (65% poliester, 35% bawe\u0142na, 260 g\/m\u00b2). Materia\u0142 odporny na wielokrotne pranie \u2013 nie traci koloru ani kszta\u0142tu. Regulacja w pasie dzi\u0119ki elastycznej gumce zapewnia komfort noszenia. Spodenki posiadaj\u0105 liczne praktyczne kieszenie: na metr\u00f3wk\u0119, telefon, dwie kieszenie tylne, wzmacniane kieszenie na rzep oraz dwie kieszenie monterskie dopinane na zamek. Kolorowa lam\u00f3wka, solidne rygl\u00f3wki w newralgicznych miejscach i szlufka na m\u0142otek to dodatkowe atuty modelu.<\/p>\n","protected":false},"featured_media":8583,"comment_status":"open","ping_status":"closed","template":"","meta":[],"product_brand":[1905],"product_cat":[1035],"product_tag":[1957,1973,1972,1959,1975,1956,1974],"class_list":{"0":"post-8582","1":"product","2":"type-product","3":"status-publish","4":"has-post-thumbnail","6":"product_brand-seven-kings","7":"product_cat-krotkie-spodenki-spodnie","8":"product_tag-krotkie-spodnie-robocze","9":"product_tag-odziez-robocza-lato","10":"product_tag-seven-kings-topaz","11":"product_tag-spodenki-bhp","12":"product_tag-spodenki-do-pracy","13":"product_tag-spodenki-robocze","14":"product_tag-spodnie-robocze-krotkie-z-kieszeniami","16":"first","17":"instock","18":"taxable","19":"shipping-taxable","20":"purchasable","21":"product-type-variable"},"yoast_head":"<!-- This site is optimized with the Yoast SEO plugin v25.6 - https:\/\/yoast.com\/wordpress\/plugins\/seo\/ -->\n<title>SEVEN KINGS SPODNIE KR\u00d3TKIE TOPAZ - KAMEX BHP - SKLEP INTERNETOWY Z ARTYKU\u0141AMI BHP NAJWY\u017bSZEJ JAKO\u015aCI<\/title>\n<meta name=\"description\" content=\"Spodenki TOPAZ sprawdz\u0105 si\u0119 w pracy na budowie, w warsztacie, magazynie czy w ogrodzie \u2013 wsz\u0119dzie tam, gdzie liczy si\u0119 komfort i niezawodno\u015b\u0107.\" \/>\n<meta name=\"robots\" content=\"index, follow, max-snippet:-1, max-image-preview:large, max-video-preview:-1\" \/>\n<link rel=\"canonical\" href=\"https:\/\/kamexbhp.pl\/sklep\/produkt\/seven-kings-spodnie-krotkie-topaz\/\" \/>\n<meta property=\"og:locale\" content=\"pl_PL\" \/>\n<meta property=\"og:type\" content=\"article\" \/>\n<meta property=\"og:title\" content=\"SEVEN KINGS SPODNIE KR\u00d3TKIE TOPAZ - KAMEX BHP - SKLEP INTERNETOWY Z ARTYKU\u0141AMI BHP NAJWY\u017bSZEJ JAKO\u015aCI\" \/>\n<meta property=\"og:description\" content=\"Spodenki TOPAZ sprawdz\u0105 si\u0119 w pracy na budowie, w warsztacie, magazynie czy w ogrodzie \u2013 wsz\u0119dzie tam, gdzie liczy si\u0119 komfort i niezawodno\u015b\u0107.\" \/>\n<meta property=\"og:url\" content=\"https:\/\/kamexbhp.pl\/sklep\/produkt\/seven-kings-spodnie-krotkie-topaz\/\" \/>\n<meta property=\"og:site_name\" content=\"KAMEX BHP - SKLEP INTERNETOWY Z ARTYKU\u0141AMI BHP NAJWY\u017bSZEJ JAKO\u015aCI\" \/>\n<meta property=\"article:publisher\" content=\"https:\/\/www.facebook.com\/bhp.kamex\" \/>\n<meta property=\"article:modified_time\" content=\"2025-08-22T06:41:43+00:00\" \/>\n<meta property=\"og:image\" content=\"https:\/\/kamexbhp.pl\/sklep\/wp-content\/uploads\/2025\/04\/thumb_seven_kings_spodnie_krotkie_topaz_stal_a8ks_polstar_7.jpg\" \/>\n\t<meta property=\"og:image:width\" content=\"350\" \/>\n\t<meta property=\"og:image:height\" content=\"405\" \/>\n\t<meta property=\"og:image:type\" content=\"image\/jpeg\" \/>\n<meta name=\"twitter:card\" content=\"summary_large_image\" \/>\n<meta name=\"twitter:label1\" content=\"Szacowany czas czytania\" \/>\n\t<meta name=\"twitter:data1\" content=\"1 minuta\" \/>\n<script type=\"application\/ld+json\" class=\"yoast-schema-graph\">{\"@context\":\"https:\/\/schema.org\",\"@graph\":[{\"@type\":\"WebPage\",\"@id\":\"https:\/\/kamexbhp.pl\/sklep\/produkt\/seven-kings-spodnie-krotkie-topaz\/\",\"url\":\"https:\/\/kamexbhp.pl\/sklep\/produkt\/seven-kings-spodnie-krotkie-topaz\/\",\"name\":\"SEVEN KINGS SPODNIE KR\u00d3TKIE TOPAZ - KAMEX BHP - SKLEP INTERNETOWY Z ARTYKU\u0141AMI BHP NAJWY\u017bSZEJ JAKO\u015aCI\",\"isPartOf\":{\"@id\":\"https:\/\/kamexbhp.pl\/sklep\/#website\"},\"primaryImageOfPage\":{\"@id\":\"https:\/\/kamexbhp.pl\/sklep\/produkt\/seven-kings-spodnie-krotkie-topaz\/#primaryimage\"},\"image\":{\"@id\":\"https:\/\/kamexbhp.pl\/sklep\/produkt\/seven-kings-spodnie-krotkie-topaz\/#primaryimage\"},\"thumbnailUrl\":\"https:\/\/kamexbhp.pl\/sklep\/wp-content\/uploads\/2025\/04\/thumb_seven_kings_spodnie_krotkie_topaz_stal_a8ks_polstar_7.jpg\",\"datePublished\":\"2025-04-15T07:52:35+00:00\",\"dateModified\":\"2025-08-22T06:41:43+00:00\",\"description\":\"Spodenki TOPAZ sprawdz\u0105 si\u0119 w pracy na budowie, w warsztacie, magazynie czy w ogrodzie \u2013 wsz\u0119dzie tam, gdzie liczy si\u0119 komfort i niezawodno\u015b\u0107.\",\"breadcrumb\":{\"@id\":\"https:\/\/kamexbhp.pl\/sklep\/produkt\/seven-kings-spodnie-krotkie-topaz\/#breadcrumb\"},\"inLanguage\":\"pl-PL\",\"potentialAction\":[{\"@type\":\"ReadAction\",\"target\":[\"https:\/\/kamexbhp.pl\/sklep\/produkt\/seven-kings-spodnie-krotkie-topaz\/\"]}]},{\"@type\":\"ImageObject\",\"inLanguage\":\"pl-PL\",\"@id\":\"https:\/\/kamexbhp.pl\/sklep\/produkt\/seven-kings-spodnie-krotkie-topaz\/#primaryimage\",\"url\":\"https:\/\/kamexbhp.pl\/sklep\/wp-content\/uploads\/2025\/04\/thumb_seven_kings_spodnie_krotkie_topaz_stal_a8ks_polstar_7.jpg\",\"contentUrl\":\"https:\/\/kamexbhp.pl\/sklep\/wp-content\/uploads\/2025\/04\/thumb_seven_kings_spodnie_krotkie_topaz_stal_a8ks_polstar_7.jpg\",\"width\":350,\"height\":405,\"caption\":\"krotkie spodenki topaz\"},{\"@type\":\"BreadcrumbList\",\"@id\":\"https:\/\/kamexbhp.pl\/sklep\/produkt\/seven-kings-spodnie-krotkie-topaz\/#breadcrumb\",\"itemListElement\":[{\"@type\":\"ListItem\",\"position\":1,\"name\":\"Strona g\u0142\u00f3wna\",\"item\":\"https:\/\/kamexbhp.pl\/sklep\/\"},{\"@type\":\"ListItem\",\"position\":2,\"name\":\"Sklep\",\"item\":\"https:\/\/kamexbhp.pl\/sklep\/sklep\/\"},{\"@type\":\"ListItem\",\"position\":3,\"name\":\"SEVEN KINGS SPODNIE KR\u00d3TKIE TOPAZ\"}]},{\"@type\":\"WebSite\",\"@id\":\"https:\/\/kamexbhp.pl\/sklep\/#website\",\"url\":\"https:\/\/kamexbhp.pl\/sklep\/\",\"name\":\"KAMEX BHP - SKLEP INTERNETOWY Z ARTYKU\u0141AMI BHP NAJWY\u017bSZEJ JAKO\u015aCI\",\"description\":\"Artuku\u0142y BHP najwy\u017cszej jako\u015bci!\",\"publisher\":{\"@id\":\"https:\/\/kamexbhp.pl\/sklep\/#organization\"},\"potentialAction\":[{\"@type\":\"SearchAction\",\"target\":{\"@type\":\"EntryPoint\",\"urlTemplate\":\"https:\/\/kamexbhp.pl\/sklep\/?s={search_term_string}\"},\"query-input\":{\"@type\":\"PropertyValueSpecification\",\"valueRequired\":true,\"valueName\":\"search_term_string\"}}],\"inLanguage\":\"pl-PL\"},{\"@type\":\"Organization\",\"@id\":\"https:\/\/kamexbhp.pl\/sklep\/#organization\",\"name\":\"KAMEX-BHP - SKLEP BHP - Odzie\u017c i obuwie robocze\",\"url\":\"https:\/\/kamexbhp.pl\/sklep\/\",\"logo\":{\"@type\":\"ImageObject\",\"inLanguage\":\"pl-PL\",\"@id\":\"https:\/\/kamexbhp.pl\/sklep\/#\/schema\/logo\/image\/\",\"url\":\"https:\/\/kamexbhp.pl\/sklep\/wp-content\/uploads\/2025\/01\/KAMEX-BHP-Logo-1080-x-1080.png\",\"contentUrl\":\"https:\/\/kamexbhp.pl\/sklep\/wp-content\/uploads\/2025\/01\/KAMEX-BHP-Logo-1080-x-1080.png\",\"width\":1080,\"height\":1080,\"caption\":\"KAMEX-BHP - SKLEP BHP - Odzie\u017c i obuwie robocze\"},\"image\":{\"@id\":\"https:\/\/kamexbhp.pl\/sklep\/#\/schema\/logo\/image\/\"},\"sameAs\":[\"https:\/\/www.facebook.com\/bhp.kamex\",\"https:\/\/www.instagram.com\/kamexbhp\/\"]}]}<\/script>\n<!-- \/ Yoast SEO plugin. -->","yoast_head_json":{"title":"SEVEN KINGS SPODNIE KR\u00d3TKIE TOPAZ - KAMEX BHP - SKLEP INTERNETOWY Z ARTYKU\u0141AMI BHP NAJWY\u017bSZEJ JAKO\u015aCI","description":"Spodenki TOPAZ sprawdz\u0105 si\u0119 w pracy na budowie, w warsztacie, magazynie czy w ogrodzie \u2013 wsz\u0119dzie tam, gdzie liczy si\u0119 komfort i niezawodno\u015b\u0107.","robots":{"index":"index","follow":"follow","max-snippet":"max-snippet:-1","max-image-preview":"max-image-preview:large","max-video-preview":"max-video-preview:-1"},"canonical":"https:\/\/kamexbhp.pl\/sklep\/produkt\/seven-kings-spodnie-krotkie-topaz\/","og_locale":"pl_PL","og_type":"article","og_title":"SEVEN KINGS SPODNIE KR\u00d3TKIE TOPAZ - KAMEX BHP - SKLEP INTERNETOWY Z ARTYKU\u0141AMI BHP NAJWY\u017bSZEJ JAKO\u015aCI","og_description":"Spodenki TOPAZ sprawdz\u0105 si\u0119 w pracy na budowie, w warsztacie, magazynie czy w ogrodzie \u2013 wsz\u0119dzie tam, gdzie liczy si\u0119 komfort i niezawodno\u015b\u0107.","og_url":"https:\/\/kamexbhp.pl\/sklep\/produkt\/seven-kings-spodnie-krotkie-topaz\/","og_site_name":"KAMEX BHP - SKLEP INTERNETOWY Z ARTYKU\u0141AMI BHP NAJWY\u017bSZEJ JAKO\u015aCI","article_publisher":"https:\/\/www.facebook.com\/bhp.kamex","article_modified_time":"2025-08-22T06:41:43+00:00","og_image":[{"width":350,"height":405,"url":"https:\/\/kamexbhp.pl\/sklep\/wp-content\/uploads\/2025\/04\/thumb_seven_kings_spodnie_krotkie_topaz_stal_a8ks_polstar_7.jpg","type":"image\/jpeg"}],"twitter_card":"summary_large_image","twitter_misc":{"Szacowany czas czytania":"1 minuta"},"schema":{"@context":"https:\/\/schema.org","@graph":[{"@type":"WebPage","@id":"https:\/\/kamexbhp.pl\/sklep\/produkt\/seven-kings-spodnie-krotkie-topaz\/","url":"https:\/\/kamexbhp.pl\/sklep\/produkt\/seven-kings-spodnie-krotkie-topaz\/","name":"SEVEN KINGS SPODNIE KR\u00d3TKIE TOPAZ - KAMEX BHP - SKLEP INTERNETOWY Z ARTYKU\u0141AMI BHP NAJWY\u017bSZEJ JAKO\u015aCI","isPartOf":{"@id":"https:\/\/kamexbhp.pl\/sklep\/#website"},"primaryImageOfPage":{"@id":"https:\/\/kamexbhp.pl\/sklep\/produkt\/seven-kings-spodnie-krotkie-topaz\/#primaryimage"},"image":{"@id":"https:\/\/kamexbhp.pl\/sklep\/produkt\/seven-kings-spodnie-krotkie-topaz\/#primaryimage"},"thumbnailUrl":"https:\/\/kamexbhp.pl\/sklep\/wp-content\/uploads\/2025\/04\/thumb_seven_kings_spodnie_krotkie_topaz_stal_a8ks_polstar_7.jpg","datePublished":"2025-04-15T07:52:35+00:00","dateModified":"2025-08-22T06:41:43+00:00","description":"Spodenki TOPAZ sprawdz\u0105 si\u0119 w pracy na budowie, w warsztacie, magazynie czy w ogrodzie \u2013 wsz\u0119dzie tam, gdzie liczy si\u0119 komfort i niezawodno\u015b\u0107.","breadcrumb":{"@id":"https:\/\/kamexbhp.pl\/sklep\/produkt\/seven-kings-spodnie-krotkie-topaz\/#breadcrumb"},"inLanguage":"pl-PL","potentialAction":[{"@type":"ReadAction","target":["https:\/\/kamexbhp.pl\/sklep\/produkt\/seven-kings-spodnie-krotkie-topaz\/"]}]},{"@type":"ImageObject","inLanguage":"pl-PL","@id":"https:\/\/kamexbhp.pl\/sklep\/produkt\/seven-kings-spodnie-krotkie-topaz\/#primaryimage","url":"https:\/\/kamexbhp.pl\/sklep\/wp-content\/uploads\/2025\/04\/thumb_seven_kings_spodnie_krotkie_topaz_stal_a8ks_polstar_7.jpg","contentUrl":"https:\/\/kamexbhp.pl\/sklep\/wp-content\/uploads\/2025\/04\/thumb_seven_kings_spodnie_krotkie_topaz_stal_a8ks_polstar_7.jpg","width":350,"height":405,"caption":"krotkie spodenki topaz"},{"@type":"BreadcrumbList","@id":"https:\/\/kamexbhp.pl\/sklep\/produkt\/seven-kings-spodnie-krotkie-topaz\/#breadcrumb","itemListElement":[{"@type":"ListItem","position":1,"name":"Strona g\u0142\u00f3wna","item":"https:\/\/kamexbhp.pl\/sklep\/"},{"@type":"ListItem","position":2,"name":"Sklep","item":"https:\/\/kamexbhp.pl\/sklep\/sklep\/"},{"@type":"ListItem","position":3,"name":"SEVEN KINGS SPODNIE KR\u00d3TKIE TOPAZ"}]},{"@type":"WebSite","@id":"https:\/\/kamexbhp.pl\/sklep\/#website","url":"https:\/\/kamexbhp.pl\/sklep\/","name":"KAMEX BHP - SKLEP INTERNETOWY Z ARTYKU\u0141AMI BHP NAJWY\u017bSZEJ JAKO\u015aCI","description":"Artuku\u0142y BHP najwy\u017cszej jako\u015bci!","publisher":{"@id":"https:\/\/kamexbhp.pl\/sklep\/#organization"},"potentialAction":[{"@type":"SearchAction","target":{"@type":"EntryPoint","urlTemplate":"https:\/\/kamexbhp.pl\/sklep\/?s={search_term_string}"},"query-input":{"@type":"PropertyValueSpecification","valueRequired":true,"valueName":"search_term_string"}}],"inLanguage":"pl-PL"},{"@type":"Organization","@id":"https:\/\/kamexbhp.pl\/sklep\/#organization","name":"KAMEX-BHP - SKLEP BHP - Odzie\u017c i obuwie robocze","url":"https:\/\/kamexbhp.pl\/sklep\/","logo":{"@type":"ImageObject","inLanguage":"pl-PL","@id":"https:\/\/kamexbhp.pl\/sklep\/#\/schema\/logo\/image\/","url":"https:\/\/kamexbhp.pl\/sklep\/wp-content\/uploads\/2025\/01\/KAMEX-BHP-Logo-1080-x-1080.png","contentUrl":"https:\/\/kamexbhp.pl\/sklep\/wp-content\/uploads\/2025\/01\/KAMEX-BHP-Logo-1080-x-1080.png","width":1080,"height":1080,"caption":"KAMEX-BHP - SKLEP BHP - Odzie\u017c i obuwie robocze"},"image":{"@id":"https:\/\/kamexbhp.pl\/sklep\/#\/schema\/logo\/image\/"},"sameAs":["https:\/\/www.facebook.com\/bhp.kamex","https:\/\/www.instagram.com\/kamexbhp\/"]}]}},"_links":{"self":[{"href":"https:\/\/kamexbhp.pl\/sklep\/wp-json\/wp\/v2\/product\/8582","targetHints":{"allow":["GET"]}}],"collection":[{"href":"https:\/\/kamexbhp.pl\/sklep\/wp-json\/wp\/v2\/product"}],"about":[{"href":"https:\/\/kamexbhp.pl\/sklep\/wp-json\/wp\/v2\/types\/product"}],"replies":[{"embeddable":true,"href":"https:\/\/kamexbhp.pl\/sklep\/wp-json\/wp\/v2\/comments?post=8582"}],"version-history":[{"count":2,"href":"https:\/\/kamexbhp.pl\/sklep\/wp-json\/wp\/v2\/product\/8582\/revisions"}],"predecessor-version":[{"id":8596,"href":"https:\/\/kamexbhp.pl\/sklep\/wp-json\/wp\/v2\/product\/8582\/revisions\/8596"}],"wp:featuredmedia":[{"embeddable":true,"href":"https:\/\/kamexbhp.pl\/sklep\/wp-json\/wp\/v2\/media\/8583"}],"wp:attachment":[{"href":"https:\/\/kamexbhp.pl\/sklep\/wp-json\/wp\/v2\/media?parent=8582"}],"wp:term":[{"taxonomy":"product_brand","embeddable":true,"href":"https:\/\/kamexbhp.pl\/sklep\/wp-json\/wp\/v2\/product_brand?post=8582"},{"taxonomy":"product_cat","embeddable":true,"href":"https:\/\/kamexbhp.pl\/sklep\/wp-json\/wp\/v2\/product_cat?post=8582"},{"taxonomy":"product_tag","embeddable":true,"href":"https:\/\/kamexbhp.pl\/sklep\/wp-json\/wp\/v2\/product_tag?post=8582"}],"curies":[{"name":"wp","href":"https:\/\/api.w.org\/{rel}","templated":true}]}}