{"id":8546,"date":"2025-04-15T08:50:16","date_gmt":"2025-04-15T06:50:16","guid":{"rendered":"https:\/\/kamexbhp.pl\/sklep\/?post_type=product&#038;p=8546"},"modified":"2026-03-30T08:15:35","modified_gmt":"2026-03-30T06:15:35","slug":"bearfield-hull-sandal-s1-ps-sr-fo","status":"publish","type":"product","link":"https:\/\/kamexbhp.pl\/sklep\/produkt\/bearfield-hull-sandal-s1-ps-sr-fo\/","title":{"rendered":"BEARFIELD HULL SANDA\u0141 S1 PS SR FO"},"content":{"rendered":"<p class=\"\" data-start=\"248\" data-end=\"602\">Sanda\u0142y robocze <strong data-start=\"264\" data-end=\"294\">BEARFIELD HULL S1 PS SR FO<\/strong> to doskona\u0142y wyb\u00f3r dla os\u00f3b pracuj\u0105cych w warunkach wymagaj\u0105cych maksymalnego komfortu i ochrony st\u00f3p. Lekka, oddychaj\u0105ca konstrukcja po\u0142\u0105czona z nowoczesnymi technologiami sprawia, \u017ce model ten \u015bwietnie sprawdzi si\u0119 zar\u00f3wno w halach produkcyjnych, magazynach, jak i podczas pracy w cieplejszych miesi\u0105cach.<\/p>\n<p class=\"\" data-start=\"604\" data-end=\"637\"><strong data-start=\"604\" data-end=\"637\">Najwa\u017cniejsze cechy produktu:<\/strong><\/p>\n<ul data-start=\"639\" data-end=\"1583\">\n<li class=\"\" data-start=\"639\" data-end=\"756\">\n<p class=\"\" data-start=\"641\" data-end=\"756\"><strong data-start=\"641\" data-end=\"665\">Podnosek kompozytowy<\/strong> \u2013 odporny na uderzenia z energi\u0105 200 J oraz zgniecenia do 15 kN, lekki i niemagnetyczny.<\/p>\n<\/li>\n<li class=\"\" data-start=\"757\" data-end=\"877\">\n<p class=\"\" data-start=\"759\" data-end=\"782\"><strong data-start=\"759\" data-end=\"782\">Wk\u0142adka wewn\u0119trzna:<\/strong><\/p>\n<ul data-start=\"785\" data-end=\"877\">\n<li class=\"\" data-start=\"785\" data-end=\"796\">\n<p class=\"\" data-start=\"787\" data-end=\"796\">wymienna,<\/p>\n<\/li>\n<li class=\"\" data-start=\"799\" data-end=\"816\">\n<p class=\"\" data-start=\"801\" data-end=\"816\">antybakteryjna,<\/p>\n<\/li>\n<li class=\"\" data-start=\"819\" data-end=\"877\">\n<p class=\"\" data-start=\"821\" data-end=\"877\">antygrzybiczna \u2013 zapewnia higien\u0119 i komfort u\u017cytkowania.<\/p>\n<\/li>\n<\/ul>\n<\/li>\n<li class=\"\" data-start=\"878\" data-end=\"1005\">\n<p class=\"\" data-start=\"880\" data-end=\"1005\"><strong data-start=\"880\" data-end=\"917\">Wk\u0142adka antyprzebiciowa kevlarowa<\/strong> \u2013 chroni przed przek\u0142uciami o nacisku 1100N (testowana gwo\u017adziem o \u015brednicy 3 mm \u2013 PS).<\/p>\n<\/li>\n<li class=\"\" data-start=\"1006\" data-end=\"1091\">\n<p class=\"\" data-start=\"1008\" data-end=\"1091\"><strong data-start=\"1008\" data-end=\"1039\">System zapi\u0119cia BOA (FITGO)<\/strong> \u2013 szybkie i precyzyjne dopasowanie obuwia do stopy.<\/p>\n<\/li>\n<li class=\"\" data-start=\"1092\" data-end=\"1328\">\n<p class=\"\" data-start=\"1094\" data-end=\"1133\"><strong data-start=\"1094\" data-end=\"1133\">Dodatkowe zabezpieczenia i komfort:<\/strong><\/p>\n<ul data-start=\"1136\" data-end=\"1328\">\n<li class=\"\" data-start=\"1136\" data-end=\"1182\">\n<p class=\"\" data-start=\"1138\" data-end=\"1182\">elementy odblaskowe zwi\u0119kszaj\u0105ce widoczno\u015b\u0107,<\/p>\n<\/li>\n<li class=\"\" data-start=\"1185\" data-end=\"1254\">\n<p class=\"\" data-start=\"1187\" data-end=\"1254\">dodatkowa warstwa materia\u0142u na podnosku dla podniesionej trwa\u0142o\u015bci,<\/p>\n<\/li>\n<li class=\"\" data-start=\"1257\" data-end=\"1328\">\n<p class=\"\" data-start=\"1259\" data-end=\"1328\">materia\u0142owe wstawki wentylacyjne \u2013 poprawiaj\u0105ce cyrkulacj\u0119 powietrza.<\/p>\n<\/li>\n<\/ul>\n<\/li>\n<li class=\"\" data-start=\"1329\" data-end=\"1583\">\n<p class=\"\" data-start=\"1331\" data-end=\"1361\"><strong data-start=\"1331\" data-end=\"1361\">Podeszwa o w\u0142a\u015bciwo\u015bciach:<\/strong><\/p>\n<ul data-start=\"1364\" data-end=\"1583\">\n<li class=\"\" data-start=\"1364\" data-end=\"1387\">\n<p class=\"\" data-start=\"1366\" data-end=\"1387\">antyelektrostatyczna,<\/p>\n<\/li>\n<li class=\"\" data-start=\"1390\" data-end=\"1428\">\n<p class=\"\" data-start=\"1392\" data-end=\"1428\">absorpcja energii w cz\u0119\u015bci pi\u0119towej,<\/p>\n<\/li>\n<li class=\"\" data-start=\"1431\" data-end=\"1499\">\n<p class=\"\" data-start=\"1433\" data-end=\"1499\">w\u0142a\u015bciwo\u015bci antypo\u015blizgowe (SR) \u2013 zgodne z normami bezpiecze\u0144stwa,<\/p>\n<\/li>\n<li class=\"\" data-start=\"1502\" data-end=\"1583\">\n<p class=\"\" data-start=\"1504\" data-end=\"1583\">odporno\u015b\u0107 na olej nap\u0119dowy (FO) \u2013 trwa\u0142o\u015b\u0107 i przyczepno\u015b\u0107 w trudnych warunkach.<\/p>\n<\/li>\n<\/ul>\n<\/li>\n<\/ul>\n","protected":false},"excerpt":{"rendered":"<p><strong data-start=\"132\" data-end=\"169\">BEARFIELD HULL SANDA\u0141 S1 PS SR FO<\/strong> to lekkie i nowoczesne sanda\u0142y robocze z kompozytowym podnoskiem odpornym na uderzenia 200 J i zgniecenia do 15 kN. Wyposa\u017cone w <strong data-start=\"299\" data-end=\"339\">kevlarow\u0105 wk\u0142adk\u0119 antyprzebiciow\u0105 PS<\/strong> (odporno\u015b\u0107 1100N), chroni\u0105c\u0105 stop\u0119 przed przek\u0142uciami. System <strong data-start=\"402\" data-end=\"417\">BOA (FITGO)<\/strong> pozwala na szybkie i precyzyjne dopasowanie do stopy. Oddychaj\u0105ce wstawki i antybakteryjna wk\u0142adka zapewniaj\u0105 komfort nawet przy d\u0142ugim u\u017cytkowaniu. Podeszwa jest antypo\u015blizgowa (SR), antyelektrostatyczna, z absorpcj\u0105 energii w pi\u0119cie i odporna na olej nap\u0119dowy (FO). Dodatkowe wzmocnienia i elementy odblaskowe zwi\u0119kszaj\u0105 trwa\u0142o\u015b\u0107 i bezpiecze\u0144stwo.<\/p>\n","protected":false},"featured_media":8547,"comment_status":"open","ping_status":"closed","template":"","meta":[],"product_brand":[1904],"product_cat":[851],"product_tag":[1963,1965,1967,1966,1962,1964],"class_list":{"0":"post-8546","1":"product","2":"type-product","3":"status-publish","4":"has-post-thumbnail","6":"product_brand-bearfield","7":"product_cat-sandaly","8":"product_tag-bearfield-hull-s1","9":"product_tag-buty-robocze-z-boa","10":"product_tag-lekkie-sandaly-bhp","11":"product_tag-sandaly-ochronne-kevlar","12":"product_tag-sandaly-robocze-s1","13":"product_tag-sandaly-robocze-z-kompozytowym-podnoskiem","15":"first","16":"instock","17":"taxable","18":"shipping-taxable","19":"purchasable","20":"product-type-variable"},"yoast_head":"<!-- This site is optimized with the Yoast SEO plugin v25.6 - https:\/\/yoast.com\/wordpress\/plugins\/seo\/ -->\n<title>BEARFIELD HULL SANDA\u0141 S1 PS SR FO - KAMEX BHP - SKLEP INTERNETOWY Z ARTYKU\u0141AMI BHP NAJWY\u017bSZEJ JAKO\u015aCI<\/title>\n<meta name=\"description\" content=\"BEARFIELD HULL S1 to idealny wyb\u00f3r dla profesjonalist\u00f3w, kt\u00f3rzy szukaj\u0105 niezawodnych i komfortowych sanda\u0142\u00f3w roboczych z nowoczesnymi technologiami zabezpieczaj\u0105cymi.\" \/>\n<meta name=\"robots\" content=\"index, follow, max-snippet:-1, max-image-preview:large, max-video-preview:-1\" \/>\n<link rel=\"canonical\" href=\"https:\/\/kamexbhp.pl\/sklep\/produkt\/bearfield-hull-sandal-s1-ps-sr-fo\/\" \/>\n<meta property=\"og:locale\" content=\"pl_PL\" \/>\n<meta property=\"og:type\" content=\"article\" \/>\n<meta property=\"og:title\" content=\"BEARFIELD HULL SANDA\u0141 S1 PS SR FO - KAMEX BHP - SKLEP INTERNETOWY Z ARTYKU\u0141AMI BHP NAJWY\u017bSZEJ JAKO\u015aCI\" \/>\n<meta property=\"og:description\" content=\"BEARFIELD HULL S1 to idealny wyb\u00f3r dla profesjonalist\u00f3w, kt\u00f3rzy szukaj\u0105 niezawodnych i komfortowych sanda\u0142\u00f3w roboczych z nowoczesnymi technologiami zabezpieczaj\u0105cymi.\" \/>\n<meta property=\"og:url\" content=\"https:\/\/kamexbhp.pl\/sklep\/produkt\/bearfield-hull-sandal-s1-ps-sr-fo\/\" \/>\n<meta property=\"og:site_name\" content=\"KAMEX BHP - SKLEP INTERNETOWY Z ARTYKU\u0141AMI BHP NAJWY\u017bSZEJ JAKO\u015aCI\" \/>\n<meta property=\"article:publisher\" content=\"https:\/\/www.facebook.com\/bhp.kamex\" \/>\n<meta property=\"article:modified_time\" content=\"2026-03-30T06:15:35+00:00\" \/>\n<meta property=\"og:image\" content=\"https:\/\/kamexbhp.pl\/sklep\/wp-content\/uploads\/2025\/04\/thumb_bearfield-bbhu-hull-s1ps-sandal-08.jpg\" \/>\n\t<meta property=\"og:image:width\" content=\"350\" \/>\n\t<meta property=\"og:image:height\" content=\"303\" \/>\n\t<meta property=\"og:image:type\" content=\"image\/jpeg\" \/>\n<meta name=\"twitter:card\" content=\"summary_large_image\" \/>\n<meta name=\"twitter:label1\" content=\"Szacowany czas czytania\" \/>\n\t<meta name=\"twitter:data1\" content=\"2 minuty\" \/>\n<script type=\"application\/ld+json\" class=\"yoast-schema-graph\">{\"@context\":\"https:\/\/schema.org\",\"@graph\":[{\"@type\":\"WebPage\",\"@id\":\"https:\/\/kamexbhp.pl\/sklep\/produkt\/bearfield-hull-sandal-s1-ps-sr-fo\/\",\"url\":\"https:\/\/kamexbhp.pl\/sklep\/produkt\/bearfield-hull-sandal-s1-ps-sr-fo\/\",\"name\":\"BEARFIELD HULL SANDA\u0141 S1 PS SR FO - KAMEX BHP - SKLEP INTERNETOWY Z ARTYKU\u0141AMI BHP NAJWY\u017bSZEJ JAKO\u015aCI\",\"isPartOf\":{\"@id\":\"https:\/\/kamexbhp.pl\/sklep\/#website\"},\"primaryImageOfPage\":{\"@id\":\"https:\/\/kamexbhp.pl\/sklep\/produkt\/bearfield-hull-sandal-s1-ps-sr-fo\/#primaryimage\"},\"image\":{\"@id\":\"https:\/\/kamexbhp.pl\/sklep\/produkt\/bearfield-hull-sandal-s1-ps-sr-fo\/#primaryimage\"},\"thumbnailUrl\":\"https:\/\/kamexbhp.pl\/sklep\/wp-content\/uploads\/2025\/04\/thumb_bearfield-bbhu-hull-s1ps-sandal-08.jpg\",\"datePublished\":\"2025-04-15T06:50:16+00:00\",\"dateModified\":\"2026-03-30T06:15:35+00:00\",\"description\":\"BEARFIELD HULL S1 to idealny wyb\u00f3r dla profesjonalist\u00f3w, kt\u00f3rzy szukaj\u0105 niezawodnych i komfortowych sanda\u0142\u00f3w roboczych z nowoczesnymi technologiami zabezpieczaj\u0105cymi.\",\"breadcrumb\":{\"@id\":\"https:\/\/kamexbhp.pl\/sklep\/produkt\/bearfield-hull-sandal-s1-ps-sr-fo\/#breadcrumb\"},\"inLanguage\":\"pl-PL\",\"potentialAction\":[{\"@type\":\"ReadAction\",\"target\":[\"https:\/\/kamexbhp.pl\/sklep\/produkt\/bearfield-hull-sandal-s1-ps-sr-fo\/\"]}]},{\"@type\":\"ImageObject\",\"inLanguage\":\"pl-PL\",\"@id\":\"https:\/\/kamexbhp.pl\/sklep\/produkt\/bearfield-hull-sandal-s1-ps-sr-fo\/#primaryimage\",\"url\":\"https:\/\/kamexbhp.pl\/sklep\/wp-content\/uploads\/2025\/04\/thumb_bearfield-bbhu-hull-s1ps-sandal-08.jpg\",\"contentUrl\":\"https:\/\/kamexbhp.pl\/sklep\/wp-content\/uploads\/2025\/04\/thumb_bearfield-bbhu-hull-s1ps-sandal-08.jpg\",\"width\":350,\"height\":303,\"caption\":\"sandal roboczy s1 boa\"},{\"@type\":\"BreadcrumbList\",\"@id\":\"https:\/\/kamexbhp.pl\/sklep\/produkt\/bearfield-hull-sandal-s1-ps-sr-fo\/#breadcrumb\",\"itemListElement\":[{\"@type\":\"ListItem\",\"position\":1,\"name\":\"Strona g\u0142\u00f3wna\",\"item\":\"https:\/\/kamexbhp.pl\/sklep\/\"},{\"@type\":\"ListItem\",\"position\":2,\"name\":\"Sklep\",\"item\":\"https:\/\/kamexbhp.pl\/sklep\/sklep\/\"},{\"@type\":\"ListItem\",\"position\":3,\"name\":\"BEARFIELD HULL SANDA\u0141 S1 PS SR FO\"}]},{\"@type\":\"WebSite\",\"@id\":\"https:\/\/kamexbhp.pl\/sklep\/#website\",\"url\":\"https:\/\/kamexbhp.pl\/sklep\/\",\"name\":\"KAMEX BHP - SKLEP INTERNETOWY Z ARTYKU\u0141AMI BHP NAJWY\u017bSZEJ JAKO\u015aCI\",\"description\":\"Artuku\u0142y BHP najwy\u017cszej jako\u015bci!\",\"publisher\":{\"@id\":\"https:\/\/kamexbhp.pl\/sklep\/#organization\"},\"potentialAction\":[{\"@type\":\"SearchAction\",\"target\":{\"@type\":\"EntryPoint\",\"urlTemplate\":\"https:\/\/kamexbhp.pl\/sklep\/?s={search_term_string}\"},\"query-input\":{\"@type\":\"PropertyValueSpecification\",\"valueRequired\":true,\"valueName\":\"search_term_string\"}}],\"inLanguage\":\"pl-PL\"},{\"@type\":\"Organization\",\"@id\":\"https:\/\/kamexbhp.pl\/sklep\/#organization\",\"name\":\"KAMEX-BHP - SKLEP BHP - Odzie\u017c i obuwie robocze\",\"url\":\"https:\/\/kamexbhp.pl\/sklep\/\",\"logo\":{\"@type\":\"ImageObject\",\"inLanguage\":\"pl-PL\",\"@id\":\"https:\/\/kamexbhp.pl\/sklep\/#\/schema\/logo\/image\/\",\"url\":\"https:\/\/kamexbhp.pl\/sklep\/wp-content\/uploads\/2025\/01\/KAMEX-BHP-Logo-1080-x-1080.png\",\"contentUrl\":\"https:\/\/kamexbhp.pl\/sklep\/wp-content\/uploads\/2025\/01\/KAMEX-BHP-Logo-1080-x-1080.png\",\"width\":1080,\"height\":1080,\"caption\":\"KAMEX-BHP - SKLEP BHP - Odzie\u017c i obuwie robocze\"},\"image\":{\"@id\":\"https:\/\/kamexbhp.pl\/sklep\/#\/schema\/logo\/image\/\"},\"sameAs\":[\"https:\/\/www.facebook.com\/bhp.kamex\",\"https:\/\/www.instagram.com\/kamexbhp\/\"]}]}<\/script>\n<!-- \/ Yoast SEO plugin. -->","yoast_head_json":{"title":"BEARFIELD HULL SANDA\u0141 S1 PS SR FO - KAMEX BHP - SKLEP INTERNETOWY Z ARTYKU\u0141AMI BHP NAJWY\u017bSZEJ JAKO\u015aCI","description":"BEARFIELD HULL S1 to idealny wyb\u00f3r dla profesjonalist\u00f3w, kt\u00f3rzy szukaj\u0105 niezawodnych i komfortowych sanda\u0142\u00f3w roboczych z nowoczesnymi technologiami zabezpieczaj\u0105cymi.","robots":{"index":"index","follow":"follow","max-snippet":"max-snippet:-1","max-image-preview":"max-image-preview:large","max-video-preview":"max-video-preview:-1"},"canonical":"https:\/\/kamexbhp.pl\/sklep\/produkt\/bearfield-hull-sandal-s1-ps-sr-fo\/","og_locale":"pl_PL","og_type":"article","og_title":"BEARFIELD HULL SANDA\u0141 S1 PS SR FO - KAMEX BHP - SKLEP INTERNETOWY Z ARTYKU\u0141AMI BHP NAJWY\u017bSZEJ JAKO\u015aCI","og_description":"BEARFIELD HULL S1 to idealny wyb\u00f3r dla profesjonalist\u00f3w, kt\u00f3rzy szukaj\u0105 niezawodnych i komfortowych sanda\u0142\u00f3w roboczych z nowoczesnymi technologiami zabezpieczaj\u0105cymi.","og_url":"https:\/\/kamexbhp.pl\/sklep\/produkt\/bearfield-hull-sandal-s1-ps-sr-fo\/","og_site_name":"KAMEX BHP - SKLEP INTERNETOWY Z ARTYKU\u0141AMI BHP NAJWY\u017bSZEJ JAKO\u015aCI","article_publisher":"https:\/\/www.facebook.com\/bhp.kamex","article_modified_time":"2026-03-30T06:15:35+00:00","og_image":[{"width":350,"height":303,"url":"https:\/\/kamexbhp.pl\/sklep\/wp-content\/uploads\/2025\/04\/thumb_bearfield-bbhu-hull-s1ps-sandal-08.jpg","type":"image\/jpeg"}],"twitter_card":"summary_large_image","twitter_misc":{"Szacowany czas czytania":"2 minuty"},"schema":{"@context":"https:\/\/schema.org","@graph":[{"@type":"WebPage","@id":"https:\/\/kamexbhp.pl\/sklep\/produkt\/bearfield-hull-sandal-s1-ps-sr-fo\/","url":"https:\/\/kamexbhp.pl\/sklep\/produkt\/bearfield-hull-sandal-s1-ps-sr-fo\/","name":"BEARFIELD HULL SANDA\u0141 S1 PS SR FO - KAMEX BHP - SKLEP INTERNETOWY Z ARTYKU\u0141AMI BHP NAJWY\u017bSZEJ JAKO\u015aCI","isPartOf":{"@id":"https:\/\/kamexbhp.pl\/sklep\/#website"},"primaryImageOfPage":{"@id":"https:\/\/kamexbhp.pl\/sklep\/produkt\/bearfield-hull-sandal-s1-ps-sr-fo\/#primaryimage"},"image":{"@id":"https:\/\/kamexbhp.pl\/sklep\/produkt\/bearfield-hull-sandal-s1-ps-sr-fo\/#primaryimage"},"thumbnailUrl":"https:\/\/kamexbhp.pl\/sklep\/wp-content\/uploads\/2025\/04\/thumb_bearfield-bbhu-hull-s1ps-sandal-08.jpg","datePublished":"2025-04-15T06:50:16+00:00","dateModified":"2026-03-30T06:15:35+00:00","description":"BEARFIELD HULL S1 to idealny wyb\u00f3r dla profesjonalist\u00f3w, kt\u00f3rzy szukaj\u0105 niezawodnych i komfortowych sanda\u0142\u00f3w roboczych z nowoczesnymi technologiami zabezpieczaj\u0105cymi.","breadcrumb":{"@id":"https:\/\/kamexbhp.pl\/sklep\/produkt\/bearfield-hull-sandal-s1-ps-sr-fo\/#breadcrumb"},"inLanguage":"pl-PL","potentialAction":[{"@type":"ReadAction","target":["https:\/\/kamexbhp.pl\/sklep\/produkt\/bearfield-hull-sandal-s1-ps-sr-fo\/"]}]},{"@type":"ImageObject","inLanguage":"pl-PL","@id":"https:\/\/kamexbhp.pl\/sklep\/produkt\/bearfield-hull-sandal-s1-ps-sr-fo\/#primaryimage","url":"https:\/\/kamexbhp.pl\/sklep\/wp-content\/uploads\/2025\/04\/thumb_bearfield-bbhu-hull-s1ps-sandal-08.jpg","contentUrl":"https:\/\/kamexbhp.pl\/sklep\/wp-content\/uploads\/2025\/04\/thumb_bearfield-bbhu-hull-s1ps-sandal-08.jpg","width":350,"height":303,"caption":"sandal roboczy s1 boa"},{"@type":"BreadcrumbList","@id":"https:\/\/kamexbhp.pl\/sklep\/produkt\/bearfield-hull-sandal-s1-ps-sr-fo\/#breadcrumb","itemListElement":[{"@type":"ListItem","position":1,"name":"Strona g\u0142\u00f3wna","item":"https:\/\/kamexbhp.pl\/sklep\/"},{"@type":"ListItem","position":2,"name":"Sklep","item":"https:\/\/kamexbhp.pl\/sklep\/sklep\/"},{"@type":"ListItem","position":3,"name":"BEARFIELD HULL SANDA\u0141 S1 PS SR FO"}]},{"@type":"WebSite","@id":"https:\/\/kamexbhp.pl\/sklep\/#website","url":"https:\/\/kamexbhp.pl\/sklep\/","name":"KAMEX BHP - SKLEP INTERNETOWY Z ARTYKU\u0141AMI BHP NAJWY\u017bSZEJ JAKO\u015aCI","description":"Artuku\u0142y BHP najwy\u017cszej jako\u015bci!","publisher":{"@id":"https:\/\/kamexbhp.pl\/sklep\/#organization"},"potentialAction":[{"@type":"SearchAction","target":{"@type":"EntryPoint","urlTemplate":"https:\/\/kamexbhp.pl\/sklep\/?s={search_term_string}"},"query-input":{"@type":"PropertyValueSpecification","valueRequired":true,"valueName":"search_term_string"}}],"inLanguage":"pl-PL"},{"@type":"Organization","@id":"https:\/\/kamexbhp.pl\/sklep\/#organization","name":"KAMEX-BHP - SKLEP BHP - Odzie\u017c i obuwie robocze","url":"https:\/\/kamexbhp.pl\/sklep\/","logo":{"@type":"ImageObject","inLanguage":"pl-PL","@id":"https:\/\/kamexbhp.pl\/sklep\/#\/schema\/logo\/image\/","url":"https:\/\/kamexbhp.pl\/sklep\/wp-content\/uploads\/2025\/01\/KAMEX-BHP-Logo-1080-x-1080.png","contentUrl":"https:\/\/kamexbhp.pl\/sklep\/wp-content\/uploads\/2025\/01\/KAMEX-BHP-Logo-1080-x-1080.png","width":1080,"height":1080,"caption":"KAMEX-BHP - SKLEP BHP - Odzie\u017c i obuwie robocze"},"image":{"@id":"https:\/\/kamexbhp.pl\/sklep\/#\/schema\/logo\/image\/"},"sameAs":["https:\/\/www.facebook.com\/bhp.kamex","https:\/\/www.instagram.com\/kamexbhp\/"]}]}},"_links":{"self":[{"href":"https:\/\/kamexbhp.pl\/sklep\/wp-json\/wp\/v2\/product\/8546","targetHints":{"allow":["GET"]}}],"collection":[{"href":"https:\/\/kamexbhp.pl\/sklep\/wp-json\/wp\/v2\/product"}],"about":[{"href":"https:\/\/kamexbhp.pl\/sklep\/wp-json\/wp\/v2\/types\/product"}],"replies":[{"embeddable":true,"href":"https:\/\/kamexbhp.pl\/sklep\/wp-json\/wp\/v2\/comments?post=8546"}],"version-history":[{"count":1,"href":"https:\/\/kamexbhp.pl\/sklep\/wp-json\/wp\/v2\/product\/8546\/revisions"}],"predecessor-version":[{"id":8563,"href":"https:\/\/kamexbhp.pl\/sklep\/wp-json\/wp\/v2\/product\/8546\/revisions\/8563"}],"wp:featuredmedia":[{"embeddable":true,"href":"https:\/\/kamexbhp.pl\/sklep\/wp-json\/wp\/v2\/media\/8547"}],"wp:attachment":[{"href":"https:\/\/kamexbhp.pl\/sklep\/wp-json\/wp\/v2\/media?parent=8546"}],"wp:term":[{"taxonomy":"product_brand","embeddable":true,"href":"https:\/\/kamexbhp.pl\/sklep\/wp-json\/wp\/v2\/product_brand?post=8546"},{"taxonomy":"product_cat","embeddable":true,"href":"https:\/\/kamexbhp.pl\/sklep\/wp-json\/wp\/v2\/product_cat?post=8546"},{"taxonomy":"product_tag","embeddable":true,"href":"https:\/\/kamexbhp.pl\/sklep\/wp-json\/wp\/v2\/product_tag?post=8546"}],"curies":[{"name":"wp","href":"https:\/\/api.w.org\/{rel}","templated":true}]}}