{"id":8523,"date":"2025-04-15T08:31:15","date_gmt":"2025-04-15T06:31:15","guid":{"rendered":"https:\/\/kamexbhp.pl\/sklep\/?post_type=product&#038;p=8523"},"modified":"2025-08-22T08:30:21","modified_gmt":"2025-08-22T06:30:21","slug":"seven-kings-trail-spodnie-krotkie","status":"publish","type":"product","link":"https:\/\/kamexbhp.pl\/sklep\/produkt\/seven-kings-trail-spodnie-krotkie\/","title":{"rendered":"SEVEN KINGS TRAIL SPODNIE KR\u00d3TKIE"},"content":{"rendered":"<p class=\"\" data-start=\"226\" data-end=\"515\">Kr\u00f3tkie spodenki robocze <strong data-start=\"251\" data-end=\"272\">SEVEN KINGS TRAIL<\/strong> to doskona\u0142y wyb\u00f3r na ciep\u0142e dni dla profesjonalist\u00f3w ceni\u0105cych sobie wygod\u0119, funkcjonalno\u015b\u0107 i wytrzyma\u0142o\u015b\u0107. Wykonane z elastycznego materia\u0142u typu <strong data-start=\"421\" data-end=\"437\">4WAY Stretch<\/strong>, zapewniaj\u0105 pe\u0142n\u0105 swobod\u0119 ruch\u00f3w nawet podczas najbardziej wymagaj\u0105cych prac.<\/p>\n<p class=\"\" data-start=\"517\" data-end=\"703\">Dzi\u0119ki <strong data-start=\"524\" data-end=\"556\">wysokiej gramaturze 280 g\/m\u00b2<\/strong> oraz dodatkom wzmacniaj\u0105cym, spodenki te idealnie sprawdzaj\u0105 si\u0119 w trudnych warunkach \u2013 zar\u00f3wno w pracy na budowie, w magazynie, jak i w ogrodzie.<\/p>\n<h4 class=\"\" data-start=\"710\" data-end=\"734\"><strong data-start=\"715\" data-end=\"734\">Cechy produktu:<\/strong><\/h4>\n<p class=\"\" data-start=\"736\" data-end=\"763\">\u2705 <strong data-start=\"738\" data-end=\"763\">Materia\u0142 i wykonanie:<\/strong><\/p>\n<ul data-start=\"764\" data-end=\"1197\">\n<li class=\"\" data-start=\"764\" data-end=\"838\">\n<p class=\"\" data-start=\"766\" data-end=\"838\">Elastyczny materia\u0142 <strong data-start=\"786\" data-end=\"802\">4WAY Stretch<\/strong> \u2013 swoboda ruch\u00f3w w ka\u017cdej pozycji<\/p>\n<\/li>\n<li class=\"\" data-start=\"839\" data-end=\"876\">\n<p class=\"\" data-start=\"841\" data-end=\"876\">Sk\u0142ad: <strong data-start=\"848\" data-end=\"874\">95% nylon \/ 5% elastan<\/strong><\/p>\n<\/li>\n<li class=\"\" data-start=\"877\" data-end=\"941\">\n<p class=\"\" data-start=\"879\" data-end=\"941\"><strong data-start=\"879\" data-end=\"902\">Gramatura: 280 g\/m\u00b2<\/strong> \u2013 trwa\u0142o\u015b\u0107 i odporno\u015b\u0107 na przetarcia<\/p>\n<\/li>\n<li class=\"\" data-start=\"942\" data-end=\"992\">\n<p class=\"\" data-start=\"944\" data-end=\"992\"><strong data-start=\"944\" data-end=\"972\">Podw\u00f3jne i potr\u00f3jne szwy<\/strong> szyte mocn\u0105 nici\u0105<\/p>\n<\/li>\n<li class=\"\" data-start=\"993\" data-end=\"1074\">\n<p class=\"\" data-start=\"995\" data-end=\"1074\"><strong data-start=\"995\" data-end=\"1019\">Kontrastowe rygl\u00f3wki<\/strong> i <strong data-start=\"1022\" data-end=\"1047\">wstawki kolorystyczne<\/strong> dla nowoczesnego wygl\u0105du<\/p>\n<\/li>\n<li class=\"\" data-start=\"1075\" data-end=\"1134\">\n<p class=\"\" data-start=\"1077\" data-end=\"1134\">Du\u017ca ilo\u015b\u0107 rygl\u00f3wek w miejscach nara\u017conych na rozprucie<\/p>\n<\/li>\n<li class=\"\" data-start=\"1135\" data-end=\"1197\">\n<p class=\"\" data-start=\"1137\" data-end=\"1197\">Szlufki na pasek \u2013 mo\u017cliwo\u015b\u0107 noszenia z pasem narz\u0119dziowym<\/p>\n<\/li>\n<\/ul>\n<p class=\"\" data-start=\"1199\" data-end=\"1215\">\u2705 <strong data-start=\"1201\" data-end=\"1215\">Kieszenie:<\/strong><\/p>\n<ul data-start=\"1216\" data-end=\"1406\">\n<li class=\"\" data-start=\"1216\" data-end=\"1272\">\n<p class=\"\" data-start=\"1218\" data-end=\"1272\"><strong data-start=\"1218\" data-end=\"1249\">Wzmocnione kieszenie boczne<\/strong> \u2013 odporne na zu\u017cycie<\/p>\n<\/li>\n<li class=\"\" data-start=\"1273\" data-end=\"1309\">\n<p class=\"\" data-start=\"1275\" data-end=\"1309\"><strong data-start=\"1275\" data-end=\"1307\">Kiesze\u0144 na telefon kom\u00f3rkowy<\/strong><\/p>\n<\/li>\n<li class=\"\" data-start=\"1310\" data-end=\"1338\">\n<p class=\"\" data-start=\"1312\" data-end=\"1338\"><strong data-start=\"1312\" data-end=\"1336\">Kiesze\u0144 na dokumenty<\/strong><\/p>\n<\/li>\n<li class=\"\" data-start=\"1339\" data-end=\"1406\">\n<p class=\"\" data-start=\"1341\" data-end=\"1406\"><strong data-start=\"1341\" data-end=\"1376\">Tylna kiesze\u0144 zapinana na zamek<\/strong> \u2013 bezpieczne przechowywanie<\/p>\n<\/li>\n<\/ul>\n","protected":false},"excerpt":{"rendered":"<p>SEVEN KINGS TRAIL to kr\u00f3tkie spodenki robocze z elastycznego materia\u0142u 4WAY Stretch (95% nylon, 5% elastan) o gramaturze 280 g\/m\u00b2. Posiadaj\u0105 wzmocnione kieszenie, szwy podw\u00f3jne i potr\u00f3jne, kontrastowe rygl\u00f3wki, kolorowe wstawki oraz praktyczne kieszenie \u2013 na dokumenty, telefon i tyln\u0105 zapinan\u0105 na zamek. Idealne na lato \u2013 wygodne, trwa\u0142e i funkcjonalne.<\/p>\n","protected":false},"featured_media":8524,"comment_status":"open","ping_status":"closed","template":"","meta":[],"product_brand":[1905],"product_cat":[1035],"product_tag":[1957,1958,1961,1959,1956,1960],"class_list":{"0":"post-8523","1":"product","2":"type-product","3":"status-publish","4":"has-post-thumbnail","6":"product_brand-seven-kings","7":"product_cat-krotkie-spodenki-spodnie","8":"product_tag-krotkie-spodnie-robocze","9":"product_tag-seven-kings-trail","10":"product_tag-spodenki-4way-stretch","11":"product_tag-spodenki-bhp","12":"product_tag-spodenki-robocze","13":"product_tag-spodenki-robocze-stretch","15":"first","16":"instock","17":"taxable","18":"shipping-taxable","19":"purchasable","20":"product-type-variable"},"yoast_head":"<!-- This site is optimized with the Yoast SEO plugin v25.6 - https:\/\/yoast.com\/wordpress\/plugins\/seo\/ -->\n<title>SEVEN KINGS TRAIL SPODNIE KR\u00d3TKIE - KAMEX BHP - SKLEP INTERNETOWY Z ARTYKU\u0141AMI BHP NAJWY\u017bSZEJ JAKO\u015aCI<\/title>\n<meta name=\"description\" content=\"Elastyczne spodenki robocze SEVEN KINGS TRAIL 4WAY Stretch \u2013 wygoda, wytrzyma\u0142o\u015b\u0107 i funkcjonalne kieszenie.\" \/>\n<meta name=\"robots\" content=\"index, follow, max-snippet:-1, max-image-preview:large, max-video-preview:-1\" \/>\n<link rel=\"canonical\" href=\"https:\/\/kamexbhp.pl\/sklep\/produkt\/seven-kings-trail-spodnie-krotkie\/\" \/>\n<meta property=\"og:locale\" content=\"pl_PL\" \/>\n<meta property=\"og:type\" content=\"article\" \/>\n<meta property=\"og:title\" content=\"SEVEN KINGS TRAIL SPODNIE KR\u00d3TKIE - KAMEX BHP - SKLEP INTERNETOWY Z ARTYKU\u0141AMI BHP NAJWY\u017bSZEJ JAKO\u015aCI\" \/>\n<meta property=\"og:description\" content=\"Elastyczne spodenki robocze SEVEN KINGS TRAIL 4WAY Stretch \u2013 wygoda, wytrzyma\u0142o\u015b\u0107 i funkcjonalne kieszenie.\" \/>\n<meta property=\"og:url\" content=\"https:\/\/kamexbhp.pl\/sklep\/produkt\/seven-kings-trail-spodnie-krotkie\/\" \/>\n<meta property=\"og:site_name\" content=\"KAMEX BHP - SKLEP INTERNETOWY Z ARTYKU\u0141AMI BHP NAJWY\u017bSZEJ JAKO\u015aCI\" \/>\n<meta property=\"article:publisher\" content=\"https:\/\/www.facebook.com\/bhp.kamex\" \/>\n<meta property=\"article:modified_time\" content=\"2025-08-22T06:30:21+00:00\" \/>\n<meta property=\"og:image\" content=\"https:\/\/kamexbhp.pl\/sklep\/wp-content\/uploads\/2025\/04\/thumb_20241031_polstar-20044-edit-edit.jpg\" \/>\n\t<meta property=\"og:image:width\" content=\"350\" \/>\n\t<meta property=\"og:image:height\" content=\"405\" \/>\n\t<meta property=\"og:image:type\" content=\"image\/jpeg\" \/>\n<meta name=\"twitter:card\" content=\"summary_large_image\" \/>\n<meta name=\"twitter:label1\" content=\"Szacowany czas czytania\" \/>\n\t<meta name=\"twitter:data1\" content=\"2 minuty\" \/>\n<script type=\"application\/ld+json\" class=\"yoast-schema-graph\">{\"@context\":\"https:\/\/schema.org\",\"@graph\":[{\"@type\":\"WebPage\",\"@id\":\"https:\/\/kamexbhp.pl\/sklep\/produkt\/seven-kings-trail-spodnie-krotkie\/\",\"url\":\"https:\/\/kamexbhp.pl\/sklep\/produkt\/seven-kings-trail-spodnie-krotkie\/\",\"name\":\"SEVEN KINGS TRAIL SPODNIE KR\u00d3TKIE - KAMEX BHP - SKLEP INTERNETOWY Z ARTYKU\u0141AMI BHP NAJWY\u017bSZEJ JAKO\u015aCI\",\"isPartOf\":{\"@id\":\"https:\/\/kamexbhp.pl\/sklep\/#website\"},\"primaryImageOfPage\":{\"@id\":\"https:\/\/kamexbhp.pl\/sklep\/produkt\/seven-kings-trail-spodnie-krotkie\/#primaryimage\"},\"image\":{\"@id\":\"https:\/\/kamexbhp.pl\/sklep\/produkt\/seven-kings-trail-spodnie-krotkie\/#primaryimage\"},\"thumbnailUrl\":\"https:\/\/kamexbhp.pl\/sklep\/wp-content\/uploads\/2025\/04\/thumb_20241031_polstar-20044-edit-edit.jpg\",\"datePublished\":\"2025-04-15T06:31:15+00:00\",\"dateModified\":\"2025-08-22T06:30:21+00:00\",\"description\":\"Elastyczne spodenki robocze SEVEN KINGS TRAIL 4WAY Stretch \u2013 wygoda, wytrzyma\u0142o\u015b\u0107 i funkcjonalne kieszenie.\",\"breadcrumb\":{\"@id\":\"https:\/\/kamexbhp.pl\/sklep\/produkt\/seven-kings-trail-spodnie-krotkie\/#breadcrumb\"},\"inLanguage\":\"pl-PL\",\"potentialAction\":[{\"@type\":\"ReadAction\",\"target\":[\"https:\/\/kamexbhp.pl\/sklep\/produkt\/seven-kings-trail-spodnie-krotkie\/\"]}]},{\"@type\":\"ImageObject\",\"inLanguage\":\"pl-PL\",\"@id\":\"https:\/\/kamexbhp.pl\/sklep\/produkt\/seven-kings-trail-spodnie-krotkie\/#primaryimage\",\"url\":\"https:\/\/kamexbhp.pl\/sklep\/wp-content\/uploads\/2025\/04\/thumb_20241031_polstar-20044-edit-edit.jpg\",\"contentUrl\":\"https:\/\/kamexbhp.pl\/sklep\/wp-content\/uploads\/2025\/04\/thumb_20241031_polstar-20044-edit-edit.jpg\",\"width\":350,\"height\":405,\"caption\":\"krotkie spodenki khaki\"},{\"@type\":\"BreadcrumbList\",\"@id\":\"https:\/\/kamexbhp.pl\/sklep\/produkt\/seven-kings-trail-spodnie-krotkie\/#breadcrumb\",\"itemListElement\":[{\"@type\":\"ListItem\",\"position\":1,\"name\":\"Strona g\u0142\u00f3wna\",\"item\":\"https:\/\/kamexbhp.pl\/sklep\/\"},{\"@type\":\"ListItem\",\"position\":2,\"name\":\"Sklep\",\"item\":\"https:\/\/kamexbhp.pl\/sklep\/sklep\/\"},{\"@type\":\"ListItem\",\"position\":3,\"name\":\"SEVEN KINGS TRAIL SPODNIE KR\u00d3TKIE\"}]},{\"@type\":\"WebSite\",\"@id\":\"https:\/\/kamexbhp.pl\/sklep\/#website\",\"url\":\"https:\/\/kamexbhp.pl\/sklep\/\",\"name\":\"KAMEX BHP - SKLEP INTERNETOWY Z ARTYKU\u0141AMI BHP NAJWY\u017bSZEJ JAKO\u015aCI\",\"description\":\"Artuku\u0142y BHP najwy\u017cszej jako\u015bci!\",\"publisher\":{\"@id\":\"https:\/\/kamexbhp.pl\/sklep\/#organization\"},\"potentialAction\":[{\"@type\":\"SearchAction\",\"target\":{\"@type\":\"EntryPoint\",\"urlTemplate\":\"https:\/\/kamexbhp.pl\/sklep\/?s={search_term_string}\"},\"query-input\":{\"@type\":\"PropertyValueSpecification\",\"valueRequired\":true,\"valueName\":\"search_term_string\"}}],\"inLanguage\":\"pl-PL\"},{\"@type\":\"Organization\",\"@id\":\"https:\/\/kamexbhp.pl\/sklep\/#organization\",\"name\":\"KAMEX-BHP - SKLEP BHP - Odzie\u017c i obuwie robocze\",\"url\":\"https:\/\/kamexbhp.pl\/sklep\/\",\"logo\":{\"@type\":\"ImageObject\",\"inLanguage\":\"pl-PL\",\"@id\":\"https:\/\/kamexbhp.pl\/sklep\/#\/schema\/logo\/image\/\",\"url\":\"https:\/\/kamexbhp.pl\/sklep\/wp-content\/uploads\/2025\/01\/KAMEX-BHP-Logo-1080-x-1080.png\",\"contentUrl\":\"https:\/\/kamexbhp.pl\/sklep\/wp-content\/uploads\/2025\/01\/KAMEX-BHP-Logo-1080-x-1080.png\",\"width\":1080,\"height\":1080,\"caption\":\"KAMEX-BHP - SKLEP BHP - Odzie\u017c i obuwie robocze\"},\"image\":{\"@id\":\"https:\/\/kamexbhp.pl\/sklep\/#\/schema\/logo\/image\/\"},\"sameAs\":[\"https:\/\/www.facebook.com\/bhp.kamex\",\"https:\/\/www.instagram.com\/kamexbhp\/\"]}]}<\/script>\n<!-- \/ Yoast SEO plugin. -->","yoast_head_json":{"title":"SEVEN KINGS TRAIL SPODNIE KR\u00d3TKIE - KAMEX BHP - SKLEP INTERNETOWY Z ARTYKU\u0141AMI BHP NAJWY\u017bSZEJ JAKO\u015aCI","description":"Elastyczne spodenki robocze SEVEN KINGS TRAIL 4WAY Stretch \u2013 wygoda, wytrzyma\u0142o\u015b\u0107 i funkcjonalne kieszenie.","robots":{"index":"index","follow":"follow","max-snippet":"max-snippet:-1","max-image-preview":"max-image-preview:large","max-video-preview":"max-video-preview:-1"},"canonical":"https:\/\/kamexbhp.pl\/sklep\/produkt\/seven-kings-trail-spodnie-krotkie\/","og_locale":"pl_PL","og_type":"article","og_title":"SEVEN KINGS TRAIL SPODNIE KR\u00d3TKIE - KAMEX BHP - SKLEP INTERNETOWY Z ARTYKU\u0141AMI BHP NAJWY\u017bSZEJ JAKO\u015aCI","og_description":"Elastyczne spodenki robocze SEVEN KINGS TRAIL 4WAY Stretch \u2013 wygoda, wytrzyma\u0142o\u015b\u0107 i funkcjonalne kieszenie.","og_url":"https:\/\/kamexbhp.pl\/sklep\/produkt\/seven-kings-trail-spodnie-krotkie\/","og_site_name":"KAMEX BHP - SKLEP INTERNETOWY Z ARTYKU\u0141AMI BHP NAJWY\u017bSZEJ JAKO\u015aCI","article_publisher":"https:\/\/www.facebook.com\/bhp.kamex","article_modified_time":"2025-08-22T06:30:21+00:00","og_image":[{"width":350,"height":405,"url":"https:\/\/kamexbhp.pl\/sklep\/wp-content\/uploads\/2025\/04\/thumb_20241031_polstar-20044-edit-edit.jpg","type":"image\/jpeg"}],"twitter_card":"summary_large_image","twitter_misc":{"Szacowany czas czytania":"2 minuty"},"schema":{"@context":"https:\/\/schema.org","@graph":[{"@type":"WebPage","@id":"https:\/\/kamexbhp.pl\/sklep\/produkt\/seven-kings-trail-spodnie-krotkie\/","url":"https:\/\/kamexbhp.pl\/sklep\/produkt\/seven-kings-trail-spodnie-krotkie\/","name":"SEVEN KINGS TRAIL SPODNIE KR\u00d3TKIE - KAMEX BHP - SKLEP INTERNETOWY Z ARTYKU\u0141AMI BHP NAJWY\u017bSZEJ JAKO\u015aCI","isPartOf":{"@id":"https:\/\/kamexbhp.pl\/sklep\/#website"},"primaryImageOfPage":{"@id":"https:\/\/kamexbhp.pl\/sklep\/produkt\/seven-kings-trail-spodnie-krotkie\/#primaryimage"},"image":{"@id":"https:\/\/kamexbhp.pl\/sklep\/produkt\/seven-kings-trail-spodnie-krotkie\/#primaryimage"},"thumbnailUrl":"https:\/\/kamexbhp.pl\/sklep\/wp-content\/uploads\/2025\/04\/thumb_20241031_polstar-20044-edit-edit.jpg","datePublished":"2025-04-15T06:31:15+00:00","dateModified":"2025-08-22T06:30:21+00:00","description":"Elastyczne spodenki robocze SEVEN KINGS TRAIL 4WAY Stretch \u2013 wygoda, wytrzyma\u0142o\u015b\u0107 i funkcjonalne kieszenie.","breadcrumb":{"@id":"https:\/\/kamexbhp.pl\/sklep\/produkt\/seven-kings-trail-spodnie-krotkie\/#breadcrumb"},"inLanguage":"pl-PL","potentialAction":[{"@type":"ReadAction","target":["https:\/\/kamexbhp.pl\/sklep\/produkt\/seven-kings-trail-spodnie-krotkie\/"]}]},{"@type":"ImageObject","inLanguage":"pl-PL","@id":"https:\/\/kamexbhp.pl\/sklep\/produkt\/seven-kings-trail-spodnie-krotkie\/#primaryimage","url":"https:\/\/kamexbhp.pl\/sklep\/wp-content\/uploads\/2025\/04\/thumb_20241031_polstar-20044-edit-edit.jpg","contentUrl":"https:\/\/kamexbhp.pl\/sklep\/wp-content\/uploads\/2025\/04\/thumb_20241031_polstar-20044-edit-edit.jpg","width":350,"height":405,"caption":"krotkie spodenki khaki"},{"@type":"BreadcrumbList","@id":"https:\/\/kamexbhp.pl\/sklep\/produkt\/seven-kings-trail-spodnie-krotkie\/#breadcrumb","itemListElement":[{"@type":"ListItem","position":1,"name":"Strona g\u0142\u00f3wna","item":"https:\/\/kamexbhp.pl\/sklep\/"},{"@type":"ListItem","position":2,"name":"Sklep","item":"https:\/\/kamexbhp.pl\/sklep\/sklep\/"},{"@type":"ListItem","position":3,"name":"SEVEN KINGS TRAIL SPODNIE KR\u00d3TKIE"}]},{"@type":"WebSite","@id":"https:\/\/kamexbhp.pl\/sklep\/#website","url":"https:\/\/kamexbhp.pl\/sklep\/","name":"KAMEX BHP - SKLEP INTERNETOWY Z ARTYKU\u0141AMI BHP NAJWY\u017bSZEJ JAKO\u015aCI","description":"Artuku\u0142y BHP najwy\u017cszej jako\u015bci!","publisher":{"@id":"https:\/\/kamexbhp.pl\/sklep\/#organization"},"potentialAction":[{"@type":"SearchAction","target":{"@type":"EntryPoint","urlTemplate":"https:\/\/kamexbhp.pl\/sklep\/?s={search_term_string}"},"query-input":{"@type":"PropertyValueSpecification","valueRequired":true,"valueName":"search_term_string"}}],"inLanguage":"pl-PL"},{"@type":"Organization","@id":"https:\/\/kamexbhp.pl\/sklep\/#organization","name":"KAMEX-BHP - SKLEP BHP - Odzie\u017c i obuwie robocze","url":"https:\/\/kamexbhp.pl\/sklep\/","logo":{"@type":"ImageObject","inLanguage":"pl-PL","@id":"https:\/\/kamexbhp.pl\/sklep\/#\/schema\/logo\/image\/","url":"https:\/\/kamexbhp.pl\/sklep\/wp-content\/uploads\/2025\/01\/KAMEX-BHP-Logo-1080-x-1080.png","contentUrl":"https:\/\/kamexbhp.pl\/sklep\/wp-content\/uploads\/2025\/01\/KAMEX-BHP-Logo-1080-x-1080.png","width":1080,"height":1080,"caption":"KAMEX-BHP - SKLEP BHP - Odzie\u017c i obuwie robocze"},"image":{"@id":"https:\/\/kamexbhp.pl\/sklep\/#\/schema\/logo\/image\/"},"sameAs":["https:\/\/www.facebook.com\/bhp.kamex","https:\/\/www.instagram.com\/kamexbhp\/"]}]}},"_links":{"self":[{"href":"https:\/\/kamexbhp.pl\/sklep\/wp-json\/wp\/v2\/product\/8523","targetHints":{"allow":["GET"]}}],"collection":[{"href":"https:\/\/kamexbhp.pl\/sklep\/wp-json\/wp\/v2\/product"}],"about":[{"href":"https:\/\/kamexbhp.pl\/sklep\/wp-json\/wp\/v2\/types\/product"}],"replies":[{"embeddable":true,"href":"https:\/\/kamexbhp.pl\/sklep\/wp-json\/wp\/v2\/comments?post=8523"}],"version-history":[{"count":2,"href":"https:\/\/kamexbhp.pl\/sklep\/wp-json\/wp\/v2\/product\/8523\/revisions"}],"predecessor-version":[{"id":8728,"href":"https:\/\/kamexbhp.pl\/sklep\/wp-json\/wp\/v2\/product\/8523\/revisions\/8728"}],"wp:featuredmedia":[{"embeddable":true,"href":"https:\/\/kamexbhp.pl\/sklep\/wp-json\/wp\/v2\/media\/8524"}],"wp:attachment":[{"href":"https:\/\/kamexbhp.pl\/sklep\/wp-json\/wp\/v2\/media?parent=8523"}],"wp:term":[{"taxonomy":"product_brand","embeddable":true,"href":"https:\/\/kamexbhp.pl\/sklep\/wp-json\/wp\/v2\/product_brand?post=8523"},{"taxonomy":"product_cat","embeddable":true,"href":"https:\/\/kamexbhp.pl\/sklep\/wp-json\/wp\/v2\/product_cat?post=8523"},{"taxonomy":"product_tag","embeddable":true,"href":"https:\/\/kamexbhp.pl\/sklep\/wp-json\/wp\/v2\/product_tag?post=8523"}],"curies":[{"name":"wp","href":"https:\/\/api.w.org\/{rel}","templated":true}]}}