{"id":8437,"date":"2025-04-12T11:03:49","date_gmt":"2025-04-12T09:03:49","guid":{"rendered":"https:\/\/kamexbhp.pl\/sklep\/?post_type=product&#038;p=8437"},"modified":"2026-01-29T10:14:04","modified_gmt":"2026-01-29T09:14:04","slug":"bearfield-polbut-preston-o2","status":"publish","type":"product","link":"https:\/\/kamexbhp.pl\/sklep\/produkt\/bearfield-polbut-preston-o2\/","title":{"rendered":"BEARFIELD P\u00d3\u0141BUT PRESTON O2"},"content":{"rendered":"<p>P\u00f3\u0142buty robocze <strong data-start=\"246\" data-end=\"267\">BEARFIELD PRESTON<\/strong> to doskona\u0142y wyb\u00f3r dla pracownik\u00f3w, kt\u00f3rzy nie potrzebuj\u0105 podnoska, ale oczekuj\u0105 od obuwia niezawodno\u015bci, komfortu oraz zwi\u0119kszonej ochrony przed wilgoci\u0105 i olejami. Model ten \u0142\u0105czy nowoczesne materia\u0142y z funkcjonalno\u015bci\u0105, oferuj\u0105c wysoki standard ochrony <strong data-start=\"524\" data-end=\"539\">w klasie O2<\/strong>.<\/p>\n<h4 class=\"\" data-start=\"962\" data-end=\"986\"><strong data-start=\"967\" data-end=\"986\">Cechy produktu:<\/strong><\/h4>\n<ul data-start=\"988\" data-end=\"1508\">\n<li class=\"\" data-start=\"988\" data-end=\"1099\">\n<p class=\"\" data-start=\"990\" data-end=\"1099\">\u2705 Wierzch: mikrofibra 1,8\u20132,0 mm o podwy\u017cszonej wodoodporno\u015bci (odporno\u015b\u0107 na absorpcj\u0119 wody przez 60 minut)<\/p>\n<\/li>\n<li class=\"\" data-start=\"1100\" data-end=\"1131\">\n<p class=\"\" data-start=\"1102\" data-end=\"1131\">\u2705 Kategoria ochrony: <strong data-start=\"1123\" data-end=\"1129\">O2<\/strong><\/p>\n<\/li>\n<li class=\"\" data-start=\"1132\" data-end=\"1202\">\n<p class=\"\" data-start=\"1134\" data-end=\"1202\">\u2705 Brak podnoska \u2013 idealne dla prac nie wymagaj\u0105cych ochrony palc\u00f3w<\/p>\n<\/li>\n<li class=\"\" data-start=\"1203\" data-end=\"1292\">\n<p class=\"\" data-start=\"1205\" data-end=\"1292\">\u2705 Wy\u015bci\u00f3\u0142ka: higroskopijna, oddychaj\u0105ca, zapobiegaj\u0105ca otarciom, poch\u0142aniaj\u0105ca wilgo\u0107<\/p>\n<\/li>\n<li class=\"\" data-start=\"1293\" data-end=\"1508\">\n<p class=\"\" data-start=\"1295\" data-end=\"1306\">\u2705 Podeszwa:<\/p>\n<ul data-start=\"1309\" data-end=\"1508\">\n<li class=\"\" data-start=\"1309\" data-end=\"1347\">\n<p class=\"\" data-start=\"1311\" data-end=\"1347\">odporna na <strong data-start=\"1322\" data-end=\"1345\">oleje i w\u0119glowodory<\/strong><\/p>\n<\/li>\n<li class=\"\" data-start=\"1350\" data-end=\"1392\">\n<p class=\"\" data-start=\"1352\" data-end=\"1392\"><strong data-start=\"1352\" data-end=\"1370\">antypo\u015blizgowa<\/strong> \u2013 zgodna z norm\u0105 SR<\/p>\n<\/li>\n<li class=\"\" data-start=\"1395\" data-end=\"1434\">\n<p class=\"\" data-start=\"1397\" data-end=\"1434\"><strong data-start=\"1397\" data-end=\"1432\">FO \u2013 odporno\u015b\u0107 na olej nap\u0119dowy<\/strong><\/p>\n<\/li>\n<li class=\"\" data-start=\"1437\" data-end=\"1508\">\n<p class=\"\" data-start=\"1439\" data-end=\"1508\"><strong data-start=\"1439\" data-end=\"1478\">absorpcja energii w cz\u0119\u015bci pi\u0119towej<\/strong> \u2013 komfort podczas chodzenia<\/p>\n<\/li>\n<\/ul>\n<\/li>\n<\/ul>\n","protected":false},"excerpt":{"rendered":"<p>P\u00f3\u0142buty robocze <strong data-start=\"16\" data-end=\"37\">BEARFIELD PRESTON<\/strong> bez podnoska to doskona\u0142y wyb\u00f3r dla os\u00f3b, kt\u00f3re potrzebuj\u0105 wygodnego, lekkiego i funkcjonalnego obuwia roboczego w klasie ochrony <strong data-start=\"168\" data-end=\"174\">O2<\/strong>. Wykonane z wysokiej jako\u015bci mikrofibry o grubo\u015bci 1,8-2,0 mm, zapewniaj\u0105 <strong data-start=\"249\" data-end=\"278\">podwy\u017cszon\u0105 wodoodporno\u015b\u0107<\/strong> \u2013 chroni\u0105 przed wch\u0142anianiem wody przez <strong data-start=\"319\" data-end=\"331\">60 minut<\/strong>. Wy\u015bci\u00f3\u0142ka z <strong data-start=\"345\" data-end=\"383\">przewiewnej tkaniny higroskopijnej<\/strong> skutecznie poch\u0142ania pot i zapobiega otarciom, zapewniaj\u0105c komfort przez ca\u0142y dzie\u0144 pracy.<\/p>\n","protected":false},"featured_media":8438,"comment_status":"open","ping_status":"closed","template":"","meta":[],"product_brand":[1904],"product_cat":[127],"product_tag":[1947,1949,1945,1948,1946],"class_list":{"0":"post-8437","1":"product","2":"type-product","3":"status-publish","4":"has-post-thumbnail","6":"product_brand-bearfield","7":"product_cat-polbuty","8":"product_tag-buty-bearfield-preston","9":"product_tag-buty-ochronne-mikrofibra","10":"product_tag-buty-robocze-bez-podnoska","11":"product_tag-obuwie-robocze-bez-podnoska","12":"product_tag-polbuty-bhp-o2","14":"first","15":"instock","16":"taxable","17":"shipping-taxable","18":"purchasable","19":"product-type-variable"},"yoast_head":"<!-- This site is optimized with the Yoast SEO plugin v25.6 - https:\/\/yoast.com\/wordpress\/plugins\/seo\/ -->\n<title>BEARFIELD P\u00d3\u0141BUT PRESTON O2 - KAMEX BHP - SKLEP INTERNETOWY Z ARTYKU\u0141AMI BHP NAJWY\u017bSZEJ JAKO\u015aCI<\/title>\n<meta name=\"description\" content=\"P\u00f3\u0142buty robocze BEARFIELD PRESTON O2 bez podnoska, wodoodporne, antypo\u015blizgowe, odporne na oleje i wygodne.\" \/>\n<meta name=\"robots\" content=\"index, follow, max-snippet:-1, max-image-preview:large, max-video-preview:-1\" \/>\n<link rel=\"canonical\" href=\"https:\/\/kamexbhp.pl\/sklep\/produkt\/bearfield-polbut-preston-o2\/\" \/>\n<meta property=\"og:locale\" content=\"pl_PL\" \/>\n<meta property=\"og:type\" content=\"article\" \/>\n<meta property=\"og:title\" content=\"BEARFIELD P\u00d3\u0141BUT PRESTON O2 - KAMEX BHP - SKLEP INTERNETOWY Z ARTYKU\u0141AMI BHP NAJWY\u017bSZEJ JAKO\u015aCI\" \/>\n<meta property=\"og:description\" content=\"P\u00f3\u0142buty robocze BEARFIELD PRESTON O2 bez podnoska, wodoodporne, antypo\u015blizgowe, odporne na oleje i wygodne.\" \/>\n<meta property=\"og:url\" content=\"https:\/\/kamexbhp.pl\/sklep\/produkt\/bearfield-polbut-preston-o2\/\" \/>\n<meta property=\"og:site_name\" content=\"KAMEX BHP - SKLEP INTERNETOWY Z ARTYKU\u0141AMI BHP NAJWY\u017bSZEJ JAKO\u015aCI\" \/>\n<meta property=\"article:publisher\" content=\"https:\/\/www.facebook.com\/bhp.kamex\" \/>\n<meta property=\"article:modified_time\" content=\"2026-01-29T09:14:04+00:00\" \/>\n<meta property=\"og:image\" content=\"https:\/\/kamexbhp.pl\/sklep\/wp-content\/uploads\/2025\/04\/thumb_bearfield-bbpp-preston-o2-polbut-01.jpg\" \/>\n\t<meta property=\"og:image:width\" content=\"350\" \/>\n\t<meta property=\"og:image:height\" content=\"303\" \/>\n\t<meta property=\"og:image:type\" content=\"image\/jpeg\" \/>\n<meta name=\"twitter:card\" content=\"summary_large_image\" \/>\n<meta name=\"twitter:label1\" content=\"Szacowany czas czytania\" \/>\n\t<meta name=\"twitter:data1\" content=\"1 minuta\" \/>\n<script type=\"application\/ld+json\" class=\"yoast-schema-graph\">{\"@context\":\"https:\/\/schema.org\",\"@graph\":[{\"@type\":\"WebPage\",\"@id\":\"https:\/\/kamexbhp.pl\/sklep\/produkt\/bearfield-polbut-preston-o2\/\",\"url\":\"https:\/\/kamexbhp.pl\/sklep\/produkt\/bearfield-polbut-preston-o2\/\",\"name\":\"BEARFIELD P\u00d3\u0141BUT PRESTON O2 - KAMEX BHP - SKLEP INTERNETOWY Z ARTYKU\u0141AMI BHP NAJWY\u017bSZEJ JAKO\u015aCI\",\"isPartOf\":{\"@id\":\"https:\/\/kamexbhp.pl\/sklep\/#website\"},\"primaryImageOfPage\":{\"@id\":\"https:\/\/kamexbhp.pl\/sklep\/produkt\/bearfield-polbut-preston-o2\/#primaryimage\"},\"image\":{\"@id\":\"https:\/\/kamexbhp.pl\/sklep\/produkt\/bearfield-polbut-preston-o2\/#primaryimage\"},\"thumbnailUrl\":\"https:\/\/kamexbhp.pl\/sklep\/wp-content\/uploads\/2025\/04\/thumb_bearfield-bbpp-preston-o2-polbut-01.jpg\",\"datePublished\":\"2025-04-12T09:03:49+00:00\",\"dateModified\":\"2026-01-29T09:14:04+00:00\",\"description\":\"P\u00f3\u0142buty robocze BEARFIELD PRESTON O2 bez podnoska, wodoodporne, antypo\u015blizgowe, odporne na oleje i wygodne.\",\"breadcrumb\":{\"@id\":\"https:\/\/kamexbhp.pl\/sklep\/produkt\/bearfield-polbut-preston-o2\/#breadcrumb\"},\"inLanguage\":\"pl-PL\",\"potentialAction\":[{\"@type\":\"ReadAction\",\"target\":[\"https:\/\/kamexbhp.pl\/sklep\/produkt\/bearfield-polbut-preston-o2\/\"]}]},{\"@type\":\"ImageObject\",\"inLanguage\":\"pl-PL\",\"@id\":\"https:\/\/kamexbhp.pl\/sklep\/produkt\/bearfield-polbut-preston-o2\/#primaryimage\",\"url\":\"https:\/\/kamexbhp.pl\/sklep\/wp-content\/uploads\/2025\/04\/thumb_bearfield-bbpp-preston-o2-polbut-01.jpg\",\"contentUrl\":\"https:\/\/kamexbhp.pl\/sklep\/wp-content\/uploads\/2025\/04\/thumb_bearfield-bbpp-preston-o2-polbut-01.jpg\",\"width\":350,\"height\":303,\"caption\":\"p\u00f3\u0142but p\u00f3\u0142but bez podnoska\"},{\"@type\":\"BreadcrumbList\",\"@id\":\"https:\/\/kamexbhp.pl\/sklep\/produkt\/bearfield-polbut-preston-o2\/#breadcrumb\",\"itemListElement\":[{\"@type\":\"ListItem\",\"position\":1,\"name\":\"Strona g\u0142\u00f3wna\",\"item\":\"https:\/\/kamexbhp.pl\/sklep\/\"},{\"@type\":\"ListItem\",\"position\":2,\"name\":\"Sklep\",\"item\":\"https:\/\/kamexbhp.pl\/sklep\/sklep\/\"},{\"@type\":\"ListItem\",\"position\":3,\"name\":\"BEARFIELD P\u00d3\u0141BUT PRESTON O2\"}]},{\"@type\":\"WebSite\",\"@id\":\"https:\/\/kamexbhp.pl\/sklep\/#website\",\"url\":\"https:\/\/kamexbhp.pl\/sklep\/\",\"name\":\"KAMEX BHP - SKLEP INTERNETOWY Z ARTYKU\u0141AMI BHP NAJWY\u017bSZEJ JAKO\u015aCI\",\"description\":\"Artuku\u0142y BHP najwy\u017cszej jako\u015bci!\",\"publisher\":{\"@id\":\"https:\/\/kamexbhp.pl\/sklep\/#organization\"},\"potentialAction\":[{\"@type\":\"SearchAction\",\"target\":{\"@type\":\"EntryPoint\",\"urlTemplate\":\"https:\/\/kamexbhp.pl\/sklep\/?s={search_term_string}\"},\"query-input\":{\"@type\":\"PropertyValueSpecification\",\"valueRequired\":true,\"valueName\":\"search_term_string\"}}],\"inLanguage\":\"pl-PL\"},{\"@type\":\"Organization\",\"@id\":\"https:\/\/kamexbhp.pl\/sklep\/#organization\",\"name\":\"KAMEX-BHP - SKLEP BHP - Odzie\u017c i obuwie robocze\",\"url\":\"https:\/\/kamexbhp.pl\/sklep\/\",\"logo\":{\"@type\":\"ImageObject\",\"inLanguage\":\"pl-PL\",\"@id\":\"https:\/\/kamexbhp.pl\/sklep\/#\/schema\/logo\/image\/\",\"url\":\"https:\/\/kamexbhp.pl\/sklep\/wp-content\/uploads\/2025\/01\/KAMEX-BHP-Logo-1080-x-1080.png\",\"contentUrl\":\"https:\/\/kamexbhp.pl\/sklep\/wp-content\/uploads\/2025\/01\/KAMEX-BHP-Logo-1080-x-1080.png\",\"width\":1080,\"height\":1080,\"caption\":\"KAMEX-BHP - SKLEP BHP - Odzie\u017c i obuwie robocze\"},\"image\":{\"@id\":\"https:\/\/kamexbhp.pl\/sklep\/#\/schema\/logo\/image\/\"},\"sameAs\":[\"https:\/\/www.facebook.com\/bhp.kamex\",\"https:\/\/www.instagram.com\/kamexbhp\/\"]}]}<\/script>\n<!-- \/ Yoast SEO plugin. -->","yoast_head_json":{"title":"BEARFIELD P\u00d3\u0141BUT PRESTON O2 - KAMEX BHP - SKLEP INTERNETOWY Z ARTYKU\u0141AMI BHP NAJWY\u017bSZEJ JAKO\u015aCI","description":"P\u00f3\u0142buty robocze BEARFIELD PRESTON O2 bez podnoska, wodoodporne, antypo\u015blizgowe, odporne na oleje i wygodne.","robots":{"index":"index","follow":"follow","max-snippet":"max-snippet:-1","max-image-preview":"max-image-preview:large","max-video-preview":"max-video-preview:-1"},"canonical":"https:\/\/kamexbhp.pl\/sklep\/produkt\/bearfield-polbut-preston-o2\/","og_locale":"pl_PL","og_type":"article","og_title":"BEARFIELD P\u00d3\u0141BUT PRESTON O2 - KAMEX BHP - SKLEP INTERNETOWY Z ARTYKU\u0141AMI BHP NAJWY\u017bSZEJ JAKO\u015aCI","og_description":"P\u00f3\u0142buty robocze BEARFIELD PRESTON O2 bez podnoska, wodoodporne, antypo\u015blizgowe, odporne na oleje i wygodne.","og_url":"https:\/\/kamexbhp.pl\/sklep\/produkt\/bearfield-polbut-preston-o2\/","og_site_name":"KAMEX BHP - SKLEP INTERNETOWY Z ARTYKU\u0141AMI BHP NAJWY\u017bSZEJ JAKO\u015aCI","article_publisher":"https:\/\/www.facebook.com\/bhp.kamex","article_modified_time":"2026-01-29T09:14:04+00:00","og_image":[{"width":350,"height":303,"url":"https:\/\/kamexbhp.pl\/sklep\/wp-content\/uploads\/2025\/04\/thumb_bearfield-bbpp-preston-o2-polbut-01.jpg","type":"image\/jpeg"}],"twitter_card":"summary_large_image","twitter_misc":{"Szacowany czas czytania":"1 minuta"},"schema":{"@context":"https:\/\/schema.org","@graph":[{"@type":"WebPage","@id":"https:\/\/kamexbhp.pl\/sklep\/produkt\/bearfield-polbut-preston-o2\/","url":"https:\/\/kamexbhp.pl\/sklep\/produkt\/bearfield-polbut-preston-o2\/","name":"BEARFIELD P\u00d3\u0141BUT PRESTON O2 - KAMEX BHP - SKLEP INTERNETOWY Z ARTYKU\u0141AMI BHP NAJWY\u017bSZEJ JAKO\u015aCI","isPartOf":{"@id":"https:\/\/kamexbhp.pl\/sklep\/#website"},"primaryImageOfPage":{"@id":"https:\/\/kamexbhp.pl\/sklep\/produkt\/bearfield-polbut-preston-o2\/#primaryimage"},"image":{"@id":"https:\/\/kamexbhp.pl\/sklep\/produkt\/bearfield-polbut-preston-o2\/#primaryimage"},"thumbnailUrl":"https:\/\/kamexbhp.pl\/sklep\/wp-content\/uploads\/2025\/04\/thumb_bearfield-bbpp-preston-o2-polbut-01.jpg","datePublished":"2025-04-12T09:03:49+00:00","dateModified":"2026-01-29T09:14:04+00:00","description":"P\u00f3\u0142buty robocze BEARFIELD PRESTON O2 bez podnoska, wodoodporne, antypo\u015blizgowe, odporne na oleje i wygodne.","breadcrumb":{"@id":"https:\/\/kamexbhp.pl\/sklep\/produkt\/bearfield-polbut-preston-o2\/#breadcrumb"},"inLanguage":"pl-PL","potentialAction":[{"@type":"ReadAction","target":["https:\/\/kamexbhp.pl\/sklep\/produkt\/bearfield-polbut-preston-o2\/"]}]},{"@type":"ImageObject","inLanguage":"pl-PL","@id":"https:\/\/kamexbhp.pl\/sklep\/produkt\/bearfield-polbut-preston-o2\/#primaryimage","url":"https:\/\/kamexbhp.pl\/sklep\/wp-content\/uploads\/2025\/04\/thumb_bearfield-bbpp-preston-o2-polbut-01.jpg","contentUrl":"https:\/\/kamexbhp.pl\/sklep\/wp-content\/uploads\/2025\/04\/thumb_bearfield-bbpp-preston-o2-polbut-01.jpg","width":350,"height":303,"caption":"p\u00f3\u0142but p\u00f3\u0142but bez podnoska"},{"@type":"BreadcrumbList","@id":"https:\/\/kamexbhp.pl\/sklep\/produkt\/bearfield-polbut-preston-o2\/#breadcrumb","itemListElement":[{"@type":"ListItem","position":1,"name":"Strona g\u0142\u00f3wna","item":"https:\/\/kamexbhp.pl\/sklep\/"},{"@type":"ListItem","position":2,"name":"Sklep","item":"https:\/\/kamexbhp.pl\/sklep\/sklep\/"},{"@type":"ListItem","position":3,"name":"BEARFIELD P\u00d3\u0141BUT PRESTON O2"}]},{"@type":"WebSite","@id":"https:\/\/kamexbhp.pl\/sklep\/#website","url":"https:\/\/kamexbhp.pl\/sklep\/","name":"KAMEX BHP - SKLEP INTERNETOWY Z ARTYKU\u0141AMI BHP NAJWY\u017bSZEJ JAKO\u015aCI","description":"Artuku\u0142y BHP najwy\u017cszej jako\u015bci!","publisher":{"@id":"https:\/\/kamexbhp.pl\/sklep\/#organization"},"potentialAction":[{"@type":"SearchAction","target":{"@type":"EntryPoint","urlTemplate":"https:\/\/kamexbhp.pl\/sklep\/?s={search_term_string}"},"query-input":{"@type":"PropertyValueSpecification","valueRequired":true,"valueName":"search_term_string"}}],"inLanguage":"pl-PL"},{"@type":"Organization","@id":"https:\/\/kamexbhp.pl\/sklep\/#organization","name":"KAMEX-BHP - SKLEP BHP - Odzie\u017c i obuwie robocze","url":"https:\/\/kamexbhp.pl\/sklep\/","logo":{"@type":"ImageObject","inLanguage":"pl-PL","@id":"https:\/\/kamexbhp.pl\/sklep\/#\/schema\/logo\/image\/","url":"https:\/\/kamexbhp.pl\/sklep\/wp-content\/uploads\/2025\/01\/KAMEX-BHP-Logo-1080-x-1080.png","contentUrl":"https:\/\/kamexbhp.pl\/sklep\/wp-content\/uploads\/2025\/01\/KAMEX-BHP-Logo-1080-x-1080.png","width":1080,"height":1080,"caption":"KAMEX-BHP - SKLEP BHP - Odzie\u017c i obuwie robocze"},"image":{"@id":"https:\/\/kamexbhp.pl\/sklep\/#\/schema\/logo\/image\/"},"sameAs":["https:\/\/www.facebook.com\/bhp.kamex","https:\/\/www.instagram.com\/kamexbhp\/"]}]}},"_links":{"self":[{"href":"https:\/\/kamexbhp.pl\/sklep\/wp-json\/wp\/v2\/product\/8437","targetHints":{"allow":["GET"]}}],"collection":[{"href":"https:\/\/kamexbhp.pl\/sklep\/wp-json\/wp\/v2\/product"}],"about":[{"href":"https:\/\/kamexbhp.pl\/sklep\/wp-json\/wp\/v2\/types\/product"}],"replies":[{"embeddable":true,"href":"https:\/\/kamexbhp.pl\/sklep\/wp-json\/wp\/v2\/comments?post=8437"}],"version-history":[{"count":1,"href":"https:\/\/kamexbhp.pl\/sklep\/wp-json\/wp\/v2\/product\/8437\/revisions"}],"predecessor-version":[{"id":8452,"href":"https:\/\/kamexbhp.pl\/sklep\/wp-json\/wp\/v2\/product\/8437\/revisions\/8452"}],"wp:featuredmedia":[{"embeddable":true,"href":"https:\/\/kamexbhp.pl\/sklep\/wp-json\/wp\/v2\/media\/8438"}],"wp:attachment":[{"href":"https:\/\/kamexbhp.pl\/sklep\/wp-json\/wp\/v2\/media?parent=8437"}],"wp:term":[{"taxonomy":"product_brand","embeddable":true,"href":"https:\/\/kamexbhp.pl\/sklep\/wp-json\/wp\/v2\/product_brand?post=8437"},{"taxonomy":"product_cat","embeddable":true,"href":"https:\/\/kamexbhp.pl\/sklep\/wp-json\/wp\/v2\/product_cat?post=8437"},{"taxonomy":"product_tag","embeddable":true,"href":"https:\/\/kamexbhp.pl\/sklep\/wp-json\/wp\/v2\/product_tag?post=8437"}],"curies":[{"name":"wp","href":"https:\/\/api.w.org\/{rel}","templated":true}]}}