{"id":8249,"date":"2025-02-18T11:21:02","date_gmt":"2025-02-18T10:21:02","guid":{"rendered":"https:\/\/kamexbhp.pl\/sklep\/?post_type=product&#038;p=8249"},"modified":"2026-01-29T10:27:11","modified_gmt":"2026-01-29T09:27:11","slug":"seven-kings-spodnie-do-pasa-topaz","status":"publish","type":"product","link":"https:\/\/kamexbhp.pl\/sklep\/produkt\/seven-kings-spodnie-do-pasa-topaz\/","title":{"rendered":"Seven Kings  spodnie do pasa TOPAZ"},"content":{"rendered":"<p data-start=\"73\" data-end=\"361\">Spodnie robocze SEVEN KINGS TOPAZ to praktyczne i trwa\u0142e rozwi\u0105zanie dla os\u00f3b pracuj\u0105cych w wymagaj\u0105cych warunkach. Wykonane z materia\u0142u o sk\u0142adzie 65% poliester i 35% bawe\u0142na, o gramaturze 260 g\/m\u00b2, zapewniaj\u0105 odporno\u015b\u0107 na przetarcia i stabilno\u015b\u0107 rozmiaru nawet po wielokrotnym praniu.<\/p>\n<p data-start=\"73\" data-end=\"361\"><strong>Cechy produktu<\/strong><\/p>\n<ul data-start=\"390\" data-end=\"768\">\n<li data-start=\"390\" data-end=\"451\">Materia\u0142: 65% poliester \/ 35% bawe\u0142na, gramatura 260 g\/m\u00b2<\/li>\n<li data-start=\"452\" data-end=\"506\">Trwa\u0142o\u015b\u0107 koloru i rozmiaru nawet po cz\u0119stym praniu<\/li>\n<li data-start=\"554\" data-end=\"619\">Podw\u00f3jne szwy szyte mocn\u0105 nici\u0105 dla zwi\u0119kszonej wytrzyma\u0142o\u015bci<\/li>\n<li data-start=\"620\" data-end=\"671\">Wszyty klin w kroku poprawiaj\u0105cy swobod\u0119 ruch\u00f3w<\/li>\n<li data-start=\"672\" data-end=\"725\">Szlufki na pasek oraz dodatkowa szlufka na m\u0142otek<\/li>\n<li data-start=\"726\" data-end=\"768\">Wzmocnione kieszenie zapinane na rzepy<\/li>\n<li data-start=\"726\" data-end=\"768\">Odpinane kieszenie<\/li>\n<\/ul>\n","protected":false},"excerpt":{"rendered":"<p>SEVEN KINGS TOPAZ \u2013 wytrzyma\u0142e spodnie robocze (65% poliester, 35% bawe\u0142na, 260 g\/m\u00b2) z regulacj\u0105 pasa, podw\u00f3jnymi szwami, szlufk\u0105 na m\u0142otek i licznymi kieszeniami, w tym na nakolanniki.<\/p>\n<p>&nbsp;<\/p>\n","protected":false},"featured_media":8250,"comment_status":"open","ping_status":"closed","template":"","meta":[],"product_brand":[1905],"product_cat":[69],"product_tag":[765,679,880,450,452,910],"class_list":{"0":"post-8249","1":"product","2":"type-product","3":"status-publish","4":"has-post-thumbnail","6":"product_brand-seven-kings","7":"product_cat-spodnie-do-pasa","8":"product_tag-odziez-bhp","9":"product_tag-odziez-robocza","10":"product_tag-seven-kings","11":"product_tag-spodnie-do-pasa","12":"product_tag-spodnie-robocze","13":"product_tag-wytrzymale-spodnie-robocze","15":"first","16":"instock","17":"taxable","18":"shipping-taxable","19":"purchasable","20":"product-type-variable"},"yoast_head":"<!-- This site is optimized with the Yoast SEO plugin v25.6 - https:\/\/yoast.com\/wordpress\/plugins\/seo\/ -->\n<title>Seven Kings spodnie do pasa TOPAZ - KAMEX BHP - SKLEP INTERNETOWY Z ARTYKU\u0141AMI BHP NAJWY\u017bSZEJ JAKO\u015aCI<\/title>\n<meta name=\"description\" content=\"SEVEN KINGS TOPAZ to wytrzyma\u0142e spodnie robocze z regulacj\u0105 pasa, licznymi kieszeniami i ergonomicznym krojem. Wykonane z trwa\u0142ego materia\u0142u, zapewniaj\u0105 wygod\u0119 i funkcjonalno\u015b\u0107.\" \/>\n<meta name=\"robots\" content=\"index, follow, max-snippet:-1, max-image-preview:large, max-video-preview:-1\" \/>\n<link rel=\"canonical\" href=\"https:\/\/kamexbhp.pl\/sklep\/produkt\/seven-kings-spodnie-do-pasa-topaz\/\" \/>\n<meta property=\"og:locale\" content=\"pl_PL\" \/>\n<meta property=\"og:type\" content=\"article\" \/>\n<meta property=\"og:title\" content=\"Seven Kings spodnie do pasa TOPAZ - KAMEX BHP - SKLEP INTERNETOWY Z ARTYKU\u0141AMI BHP NAJWY\u017bSZEJ JAKO\u015aCI\" \/>\n<meta property=\"og:description\" content=\"SEVEN KINGS TOPAZ to wytrzyma\u0142e spodnie robocze z regulacj\u0105 pasa, licznymi kieszeniami i ergonomicznym krojem. Wykonane z trwa\u0142ego materia\u0142u, zapewniaj\u0105 wygod\u0119 i funkcjonalno\u015b\u0107.\" \/>\n<meta property=\"og:url\" content=\"https:\/\/kamexbhp.pl\/sklep\/produkt\/seven-kings-spodnie-do-pasa-topaz\/\" \/>\n<meta property=\"og:site_name\" content=\"KAMEX BHP - SKLEP INTERNETOWY Z ARTYKU\u0141AMI BHP NAJWY\u017bSZEJ JAKO\u015aCI\" \/>\n<meta property=\"article:publisher\" content=\"https:\/\/www.facebook.com\/bhp.kamex\" \/>\n<meta property=\"article:modified_time\" content=\"2026-01-29T09:27:11+00:00\" \/>\n<meta property=\"og:image\" content=\"https:\/\/kamexbhp.pl\/sklep\/wp-content\/uploads\/2025\/02\/thumb_seven_kings_spodnie_do_pasa_topaz_a8sp_polstar_1.jpg\" \/>\n\t<meta property=\"og:image:width\" content=\"350\" \/>\n\t<meta property=\"og:image:height\" content=\"405\" \/>\n\t<meta property=\"og:image:type\" content=\"image\/jpeg\" \/>\n<meta name=\"twitter:card\" content=\"summary_large_image\" \/>\n<meta name=\"twitter:label1\" content=\"Szacowany czas czytania\" \/>\n\t<meta name=\"twitter:data1\" content=\"1 minuta\" \/>\n<script type=\"application\/ld+json\" class=\"yoast-schema-graph\">{\"@context\":\"https:\/\/schema.org\",\"@graph\":[{\"@type\":\"WebPage\",\"@id\":\"https:\/\/kamexbhp.pl\/sklep\/produkt\/seven-kings-spodnie-do-pasa-topaz\/\",\"url\":\"https:\/\/kamexbhp.pl\/sklep\/produkt\/seven-kings-spodnie-do-pasa-topaz\/\",\"name\":\"Seven Kings spodnie do pasa TOPAZ - KAMEX BHP - SKLEP INTERNETOWY Z ARTYKU\u0141AMI BHP NAJWY\u017bSZEJ JAKO\u015aCI\",\"isPartOf\":{\"@id\":\"https:\/\/kamexbhp.pl\/sklep\/#website\"},\"primaryImageOfPage\":{\"@id\":\"https:\/\/kamexbhp.pl\/sklep\/produkt\/seven-kings-spodnie-do-pasa-topaz\/#primaryimage\"},\"image\":{\"@id\":\"https:\/\/kamexbhp.pl\/sklep\/produkt\/seven-kings-spodnie-do-pasa-topaz\/#primaryimage\"},\"thumbnailUrl\":\"https:\/\/kamexbhp.pl\/sklep\/wp-content\/uploads\/2025\/02\/thumb_seven_kings_spodnie_do_pasa_topaz_a8sp_polstar_1.jpg\",\"datePublished\":\"2025-02-18T10:21:02+00:00\",\"dateModified\":\"2026-01-29T09:27:11+00:00\",\"description\":\"SEVEN KINGS TOPAZ to wytrzyma\u0142e spodnie robocze z regulacj\u0105 pasa, licznymi kieszeniami i ergonomicznym krojem. Wykonane z trwa\u0142ego materia\u0142u, zapewniaj\u0105 wygod\u0119 i funkcjonalno\u015b\u0107.\",\"breadcrumb\":{\"@id\":\"https:\/\/kamexbhp.pl\/sklep\/produkt\/seven-kings-spodnie-do-pasa-topaz\/#breadcrumb\"},\"inLanguage\":\"pl-PL\",\"potentialAction\":[{\"@type\":\"ReadAction\",\"target\":[\"https:\/\/kamexbhp.pl\/sklep\/produkt\/seven-kings-spodnie-do-pasa-topaz\/\"]}]},{\"@type\":\"ImageObject\",\"inLanguage\":\"pl-PL\",\"@id\":\"https:\/\/kamexbhp.pl\/sklep\/produkt\/seven-kings-spodnie-do-pasa-topaz\/#primaryimage\",\"url\":\"https:\/\/kamexbhp.pl\/sklep\/wp-content\/uploads\/2025\/02\/thumb_seven_kings_spodnie_do_pasa_topaz_a8sp_polstar_1.jpg\",\"contentUrl\":\"https:\/\/kamexbhp.pl\/sklep\/wp-content\/uploads\/2025\/02\/thumb_seven_kings_spodnie_do_pasa_topaz_a8sp_polstar_1.jpg\",\"width\":350,\"height\":405,\"caption\":\"spodnie z odpinanymi kieszeniami\"},{\"@type\":\"BreadcrumbList\",\"@id\":\"https:\/\/kamexbhp.pl\/sklep\/produkt\/seven-kings-spodnie-do-pasa-topaz\/#breadcrumb\",\"itemListElement\":[{\"@type\":\"ListItem\",\"position\":1,\"name\":\"Strona g\u0142\u00f3wna\",\"item\":\"https:\/\/kamexbhp.pl\/sklep\/\"},{\"@type\":\"ListItem\",\"position\":2,\"name\":\"Sklep\",\"item\":\"https:\/\/kamexbhp.pl\/sklep\/sklep\/\"},{\"@type\":\"ListItem\",\"position\":3,\"name\":\"Seven Kings spodnie do pasa TOPAZ\"}]},{\"@type\":\"WebSite\",\"@id\":\"https:\/\/kamexbhp.pl\/sklep\/#website\",\"url\":\"https:\/\/kamexbhp.pl\/sklep\/\",\"name\":\"KAMEX BHP - SKLEP INTERNETOWY Z ARTYKU\u0141AMI BHP NAJWY\u017bSZEJ JAKO\u015aCI\",\"description\":\"Artuku\u0142y BHP najwy\u017cszej jako\u015bci!\",\"publisher\":{\"@id\":\"https:\/\/kamexbhp.pl\/sklep\/#organization\"},\"potentialAction\":[{\"@type\":\"SearchAction\",\"target\":{\"@type\":\"EntryPoint\",\"urlTemplate\":\"https:\/\/kamexbhp.pl\/sklep\/?s={search_term_string}\"},\"query-input\":{\"@type\":\"PropertyValueSpecification\",\"valueRequired\":true,\"valueName\":\"search_term_string\"}}],\"inLanguage\":\"pl-PL\"},{\"@type\":\"Organization\",\"@id\":\"https:\/\/kamexbhp.pl\/sklep\/#organization\",\"name\":\"KAMEX-BHP - SKLEP BHP - Odzie\u017c i obuwie robocze\",\"url\":\"https:\/\/kamexbhp.pl\/sklep\/\",\"logo\":{\"@type\":\"ImageObject\",\"inLanguage\":\"pl-PL\",\"@id\":\"https:\/\/kamexbhp.pl\/sklep\/#\/schema\/logo\/image\/\",\"url\":\"https:\/\/kamexbhp.pl\/sklep\/wp-content\/uploads\/2025\/01\/KAMEX-BHP-Logo-1080-x-1080.png\",\"contentUrl\":\"https:\/\/kamexbhp.pl\/sklep\/wp-content\/uploads\/2025\/01\/KAMEX-BHP-Logo-1080-x-1080.png\",\"width\":1080,\"height\":1080,\"caption\":\"KAMEX-BHP - SKLEP BHP - Odzie\u017c i obuwie robocze\"},\"image\":{\"@id\":\"https:\/\/kamexbhp.pl\/sklep\/#\/schema\/logo\/image\/\"},\"sameAs\":[\"https:\/\/www.facebook.com\/bhp.kamex\",\"https:\/\/www.instagram.com\/kamexbhp\/\"]}]}<\/script>\n<!-- \/ Yoast SEO plugin. -->","yoast_head_json":{"title":"Seven Kings spodnie do pasa TOPAZ - KAMEX BHP - SKLEP INTERNETOWY Z ARTYKU\u0141AMI BHP NAJWY\u017bSZEJ JAKO\u015aCI","description":"SEVEN KINGS TOPAZ to wytrzyma\u0142e spodnie robocze z regulacj\u0105 pasa, licznymi kieszeniami i ergonomicznym krojem. Wykonane z trwa\u0142ego materia\u0142u, zapewniaj\u0105 wygod\u0119 i funkcjonalno\u015b\u0107.","robots":{"index":"index","follow":"follow","max-snippet":"max-snippet:-1","max-image-preview":"max-image-preview:large","max-video-preview":"max-video-preview:-1"},"canonical":"https:\/\/kamexbhp.pl\/sklep\/produkt\/seven-kings-spodnie-do-pasa-topaz\/","og_locale":"pl_PL","og_type":"article","og_title":"Seven Kings spodnie do pasa TOPAZ - KAMEX BHP - SKLEP INTERNETOWY Z ARTYKU\u0141AMI BHP NAJWY\u017bSZEJ JAKO\u015aCI","og_description":"SEVEN KINGS TOPAZ to wytrzyma\u0142e spodnie robocze z regulacj\u0105 pasa, licznymi kieszeniami i ergonomicznym krojem. Wykonane z trwa\u0142ego materia\u0142u, zapewniaj\u0105 wygod\u0119 i funkcjonalno\u015b\u0107.","og_url":"https:\/\/kamexbhp.pl\/sklep\/produkt\/seven-kings-spodnie-do-pasa-topaz\/","og_site_name":"KAMEX BHP - SKLEP INTERNETOWY Z ARTYKU\u0141AMI BHP NAJWY\u017bSZEJ JAKO\u015aCI","article_publisher":"https:\/\/www.facebook.com\/bhp.kamex","article_modified_time":"2026-01-29T09:27:11+00:00","og_image":[{"width":350,"height":405,"url":"https:\/\/kamexbhp.pl\/sklep\/wp-content\/uploads\/2025\/02\/thumb_seven_kings_spodnie_do_pasa_topaz_a8sp_polstar_1.jpg","type":"image\/jpeg"}],"twitter_card":"summary_large_image","twitter_misc":{"Szacowany czas czytania":"1 minuta"},"schema":{"@context":"https:\/\/schema.org","@graph":[{"@type":"WebPage","@id":"https:\/\/kamexbhp.pl\/sklep\/produkt\/seven-kings-spodnie-do-pasa-topaz\/","url":"https:\/\/kamexbhp.pl\/sklep\/produkt\/seven-kings-spodnie-do-pasa-topaz\/","name":"Seven Kings spodnie do pasa TOPAZ - KAMEX BHP - SKLEP INTERNETOWY Z ARTYKU\u0141AMI BHP NAJWY\u017bSZEJ JAKO\u015aCI","isPartOf":{"@id":"https:\/\/kamexbhp.pl\/sklep\/#website"},"primaryImageOfPage":{"@id":"https:\/\/kamexbhp.pl\/sklep\/produkt\/seven-kings-spodnie-do-pasa-topaz\/#primaryimage"},"image":{"@id":"https:\/\/kamexbhp.pl\/sklep\/produkt\/seven-kings-spodnie-do-pasa-topaz\/#primaryimage"},"thumbnailUrl":"https:\/\/kamexbhp.pl\/sklep\/wp-content\/uploads\/2025\/02\/thumb_seven_kings_spodnie_do_pasa_topaz_a8sp_polstar_1.jpg","datePublished":"2025-02-18T10:21:02+00:00","dateModified":"2026-01-29T09:27:11+00:00","description":"SEVEN KINGS TOPAZ to wytrzyma\u0142e spodnie robocze z regulacj\u0105 pasa, licznymi kieszeniami i ergonomicznym krojem. Wykonane z trwa\u0142ego materia\u0142u, zapewniaj\u0105 wygod\u0119 i funkcjonalno\u015b\u0107.","breadcrumb":{"@id":"https:\/\/kamexbhp.pl\/sklep\/produkt\/seven-kings-spodnie-do-pasa-topaz\/#breadcrumb"},"inLanguage":"pl-PL","potentialAction":[{"@type":"ReadAction","target":["https:\/\/kamexbhp.pl\/sklep\/produkt\/seven-kings-spodnie-do-pasa-topaz\/"]}]},{"@type":"ImageObject","inLanguage":"pl-PL","@id":"https:\/\/kamexbhp.pl\/sklep\/produkt\/seven-kings-spodnie-do-pasa-topaz\/#primaryimage","url":"https:\/\/kamexbhp.pl\/sklep\/wp-content\/uploads\/2025\/02\/thumb_seven_kings_spodnie_do_pasa_topaz_a8sp_polstar_1.jpg","contentUrl":"https:\/\/kamexbhp.pl\/sklep\/wp-content\/uploads\/2025\/02\/thumb_seven_kings_spodnie_do_pasa_topaz_a8sp_polstar_1.jpg","width":350,"height":405,"caption":"spodnie z odpinanymi kieszeniami"},{"@type":"BreadcrumbList","@id":"https:\/\/kamexbhp.pl\/sklep\/produkt\/seven-kings-spodnie-do-pasa-topaz\/#breadcrumb","itemListElement":[{"@type":"ListItem","position":1,"name":"Strona g\u0142\u00f3wna","item":"https:\/\/kamexbhp.pl\/sklep\/"},{"@type":"ListItem","position":2,"name":"Sklep","item":"https:\/\/kamexbhp.pl\/sklep\/sklep\/"},{"@type":"ListItem","position":3,"name":"Seven Kings spodnie do pasa TOPAZ"}]},{"@type":"WebSite","@id":"https:\/\/kamexbhp.pl\/sklep\/#website","url":"https:\/\/kamexbhp.pl\/sklep\/","name":"KAMEX BHP - SKLEP INTERNETOWY Z ARTYKU\u0141AMI BHP NAJWY\u017bSZEJ JAKO\u015aCI","description":"Artuku\u0142y BHP najwy\u017cszej jako\u015bci!","publisher":{"@id":"https:\/\/kamexbhp.pl\/sklep\/#organization"},"potentialAction":[{"@type":"SearchAction","target":{"@type":"EntryPoint","urlTemplate":"https:\/\/kamexbhp.pl\/sklep\/?s={search_term_string}"},"query-input":{"@type":"PropertyValueSpecification","valueRequired":true,"valueName":"search_term_string"}}],"inLanguage":"pl-PL"},{"@type":"Organization","@id":"https:\/\/kamexbhp.pl\/sklep\/#organization","name":"KAMEX-BHP - SKLEP BHP - Odzie\u017c i obuwie robocze","url":"https:\/\/kamexbhp.pl\/sklep\/","logo":{"@type":"ImageObject","inLanguage":"pl-PL","@id":"https:\/\/kamexbhp.pl\/sklep\/#\/schema\/logo\/image\/","url":"https:\/\/kamexbhp.pl\/sklep\/wp-content\/uploads\/2025\/01\/KAMEX-BHP-Logo-1080-x-1080.png","contentUrl":"https:\/\/kamexbhp.pl\/sklep\/wp-content\/uploads\/2025\/01\/KAMEX-BHP-Logo-1080-x-1080.png","width":1080,"height":1080,"caption":"KAMEX-BHP - SKLEP BHP - Odzie\u017c i obuwie robocze"},"image":{"@id":"https:\/\/kamexbhp.pl\/sklep\/#\/schema\/logo\/image\/"},"sameAs":["https:\/\/www.facebook.com\/bhp.kamex","https:\/\/www.instagram.com\/kamexbhp\/"]}]}},"_links":{"self":[{"href":"https:\/\/kamexbhp.pl\/sklep\/wp-json\/wp\/v2\/product\/8249","targetHints":{"allow":["GET"]}}],"collection":[{"href":"https:\/\/kamexbhp.pl\/sklep\/wp-json\/wp\/v2\/product"}],"about":[{"href":"https:\/\/kamexbhp.pl\/sklep\/wp-json\/wp\/v2\/types\/product"}],"replies":[{"embeddable":true,"href":"https:\/\/kamexbhp.pl\/sklep\/wp-json\/wp\/v2\/comments?post=8249"}],"version-history":[{"count":4,"href":"https:\/\/kamexbhp.pl\/sklep\/wp-json\/wp\/v2\/product\/8249\/revisions"}],"predecessor-version":[{"id":8285,"href":"https:\/\/kamexbhp.pl\/sklep\/wp-json\/wp\/v2\/product\/8249\/revisions\/8285"}],"wp:featuredmedia":[{"embeddable":true,"href":"https:\/\/kamexbhp.pl\/sklep\/wp-json\/wp\/v2\/media\/8250"}],"wp:attachment":[{"href":"https:\/\/kamexbhp.pl\/sklep\/wp-json\/wp\/v2\/media?parent=8249"}],"wp:term":[{"taxonomy":"product_brand","embeddable":true,"href":"https:\/\/kamexbhp.pl\/sklep\/wp-json\/wp\/v2\/product_brand?post=8249"},{"taxonomy":"product_cat","embeddable":true,"href":"https:\/\/kamexbhp.pl\/sklep\/wp-json\/wp\/v2\/product_cat?post=8249"},{"taxonomy":"product_tag","embeddable":true,"href":"https:\/\/kamexbhp.pl\/sklep\/wp-json\/wp\/v2\/product_tag?post=8249"}],"curies":[{"name":"wp","href":"https:\/\/api.w.org\/{rel}","templated":true}]}}