{"id":7925,"date":"2024-11-05T14:56:58","date_gmt":"2024-11-05T13:56:58","guid":{"rendered":"https:\/\/kamexbhp.pl\/sklep\/?post_type=product&#038;p=7925"},"modified":"2025-08-22T11:06:02","modified_gmt":"2025-08-22T09:06:02","slug":"brixton-practical-spodnie-do-pasa-z-odpinanymi-nogawkami-bialy","status":"publish","type":"product","link":"https:\/\/kamexbhp.pl\/sklep\/produkt\/brixton-practical-spodnie-do-pasa-z-odpinanymi-nogawkami-bialy\/","title":{"rendered":"BRIXTON PRACTICAL SPODNIE DO PASA Z ODPINANYMI NOGAWKAMI BIA\u0141Y"},"content":{"rendered":"<p><strong>BRIXTON PRACTICAL SPODNIE DO PASA Z ODPINANYMI NOGAWKAMI BIA\u0141Y<\/strong> \u2013 wytrzyma\u0142e i funkcjonalne spodnie robocze idealne dla pracownik\u00f3w r\u00f3\u017cnych bran\u017c. Wykonane z wysokiej jako\u015bci materia\u0142\u00f3w, kt\u00f3re zachowuj\u0105 stabilno\u015b\u0107 rozmiar\u00f3w i kolor\u00f3w nawet po wielokrotnym praniu. Spodnie zapewniaj\u0105 komfort noszenia i praktyczne rozwi\u0105zania, takie jak odpinane nogawki i liczne kieszenie.<\/p>\n<p><strong>Cechy produktu:<\/strong><\/p>\n<ul>\n<li><strong>Materia\u0142<\/strong>: wysoka jako\u015b\u0107, stabilno\u015b\u0107 rozmiar\u00f3w i kolor\u00f3w po praniu<\/li>\n<li><strong>Regulacja obwodu<\/strong>: elastyczna gumka w pasie<\/li>\n<li><strong>Budowa i szycie<\/strong>:\n<ul>\n<li>wzmocnienie z ty\u0142u zapobiegaj\u0105ce przetarciom<\/li>\n<li>kolorowe wstawki<\/li>\n<li>podw\u00f3jne i potr\u00f3jne szwy, mocne nici<\/li>\n<li>rygl\u00f3wki w newralgicznych miejscach<\/li>\n<li>odpinane nogawki, szlufki na pasek i m\u0142otek<\/li>\n<\/ul>\n<\/li>\n<li><strong>Kieszenie<\/strong>:\n<ul>\n<li>kiesze\u0144 na zamek<\/li>\n<li>dwie tylne kieszenie<\/li>\n<li>przestrzenne i wzmocnione kieszenie boczne<\/li>\n<li>kiesze\u0144 na kom\u00f3rk\u0119, dwie na d\u0142ugopisy, kiesze\u0144 na miark\u0119 \u201emetr\u00f3wk\u0119\u201d<\/li>\n<li>ergonomiczna kiesze\u0144 na nakolanniki z materia\u0142u OXFORD<\/li>\n<\/ul>\n<\/li>\n<\/ul>\n","protected":false},"excerpt":{"rendered":"<p><strong>BRIXTON PRACTICAL SPODNIE DO PASA Z ODPINANYMI NOGAWKAMI BIA\u0141Y<\/strong> to funkcjonalne spodnie robocze wykonane z wysokiej jako\u015bci materia\u0142\u00f3w, kt\u00f3re zachowuj\u0105 kolor i rozmiar po praniu. Wyposa\u017cone w elastyczn\u0105 regulacj\u0119 w pasie, wzmocnienia w newralgicznych miejscach oraz odpinane nogawki, zapewniaj\u0105 wygod\u0119 i wszechstronno\u015b\u0107. Liczne kieszenie, w tym ergonomiczna kiesze\u0144 na nakolanniki, sprawiaj\u0105, \u017ce s\u0105 idealne dla profesjonalist\u00f3w w r\u00f3\u017cnych bran\u017cach.<\/p>\n","protected":false},"featured_media":7926,"comment_status":"open","ping_status":"closed","template":"","meta":[],"product_brand":[],"product_cat":[916],"product_tag":[1781,453,1780,429,889,450,452,513],"class_list":{"0":"post-7925","1":"product","2":"type-product","3":"status-publish","4":"has-post-thumbnail","6":"product_cat-promocje","7":"product_tag-biale-spodnie-robocze","8":"product_tag-brixton-practical","9":"product_tag-kieszenie-na-narzedzia","10":"product_tag-odziez-ochronna","11":"product_tag-spodnie-bhp","12":"product_tag-spodnie-do-pasa","13":"product_tag-spodnie-robocze","14":"product_tag-spodnie-z-odpinanymi-nogawkami","16":"first","17":"instock","18":"taxable","19":"shipping-taxable","20":"purchasable","21":"product-type-variable"},"yoast_head":"<!-- This site is optimized with the Yoast SEO plugin v25.6 - https:\/\/yoast.com\/wordpress\/plugins\/seo\/ -->\n<title>BRIXTON PRACTICAL SPODNIE DO PASA Z ODPINANYMI NOGAWKAMI BIA\u0141Y - KAMEX BHP - SKLEP INTERNETOWY Z ARTYKU\u0141AMI BHP NAJWY\u017bSZEJ JAKO\u015aCI<\/title>\n<meta name=\"description\" content=\"BRIXTON PRACTICAL to trwa\u0142e spodnie robocze z odpinanymi nogawkami. Wykonane z wysokiej jako\u015bci materia\u0142u, z elastyczn\u0105 regulacj\u0105, wzmocnieniami i licznymi praktycznymi kieszeniami.\" \/>\n<meta name=\"robots\" content=\"index, follow, max-snippet:-1, max-image-preview:large, max-video-preview:-1\" \/>\n<link rel=\"canonical\" href=\"https:\/\/kamexbhp.pl\/sklep\/produkt\/brixton-practical-spodnie-do-pasa-z-odpinanymi-nogawkami-bialy\/\" \/>\n<meta property=\"og:locale\" content=\"pl_PL\" \/>\n<meta property=\"og:type\" content=\"article\" \/>\n<meta property=\"og:title\" content=\"BRIXTON PRACTICAL SPODNIE DO PASA Z ODPINANYMI NOGAWKAMI BIA\u0141Y - KAMEX BHP - SKLEP INTERNETOWY Z ARTYKU\u0141AMI BHP NAJWY\u017bSZEJ JAKO\u015aCI\" \/>\n<meta property=\"og:description\" content=\"BRIXTON PRACTICAL to trwa\u0142e spodnie robocze z odpinanymi nogawkami. Wykonane z wysokiej jako\u015bci materia\u0142u, z elastyczn\u0105 regulacj\u0105, wzmocnieniami i licznymi praktycznymi kieszeniami.\" \/>\n<meta property=\"og:url\" content=\"https:\/\/kamexbhp.pl\/sklep\/produkt\/brixton-practical-spodnie-do-pasa-z-odpinanymi-nogawkami-bialy\/\" \/>\n<meta property=\"og:site_name\" content=\"KAMEX BHP - SKLEP INTERNETOWY Z ARTYKU\u0141AMI BHP NAJWY\u017bSZEJ JAKO\u015aCI\" \/>\n<meta property=\"article:publisher\" content=\"https:\/\/www.facebook.com\/bhp.kamex\" \/>\n<meta property=\"article:modified_time\" content=\"2025-08-22T09:06:02+00:00\" \/>\n<meta property=\"og:image\" content=\"https:\/\/kamexbhp.pl\/sklep\/wp-content\/uploads\/2024\/11\/1-7.jpg\" \/>\n\t<meta property=\"og:image:width\" content=\"350\" \/>\n\t<meta property=\"og:image:height\" content=\"405\" \/>\n\t<meta property=\"og:image:type\" content=\"image\/jpeg\" \/>\n<meta name=\"twitter:card\" content=\"summary_large_image\" \/>\n<meta name=\"twitter:label1\" content=\"Szacowany czas czytania\" \/>\n\t<meta name=\"twitter:data1\" content=\"1 minuta\" \/>\n<script type=\"application\/ld+json\" class=\"yoast-schema-graph\">{\"@context\":\"https:\/\/schema.org\",\"@graph\":[{\"@type\":\"WebPage\",\"@id\":\"https:\/\/kamexbhp.pl\/sklep\/produkt\/brixton-practical-spodnie-do-pasa-z-odpinanymi-nogawkami-bialy\/\",\"url\":\"https:\/\/kamexbhp.pl\/sklep\/produkt\/brixton-practical-spodnie-do-pasa-z-odpinanymi-nogawkami-bialy\/\",\"name\":\"BRIXTON PRACTICAL SPODNIE DO PASA Z ODPINANYMI NOGAWKAMI BIA\u0141Y - KAMEX BHP - SKLEP INTERNETOWY Z ARTYKU\u0141AMI BHP NAJWY\u017bSZEJ JAKO\u015aCI\",\"isPartOf\":{\"@id\":\"https:\/\/kamexbhp.pl\/sklep\/#website\"},\"primaryImageOfPage\":{\"@id\":\"https:\/\/kamexbhp.pl\/sklep\/produkt\/brixton-practical-spodnie-do-pasa-z-odpinanymi-nogawkami-bialy\/#primaryimage\"},\"image\":{\"@id\":\"https:\/\/kamexbhp.pl\/sklep\/produkt\/brixton-practical-spodnie-do-pasa-z-odpinanymi-nogawkami-bialy\/#primaryimage\"},\"thumbnailUrl\":\"https:\/\/kamexbhp.pl\/sklep\/wp-content\/uploads\/2024\/11\/1-7.jpg\",\"datePublished\":\"2024-11-05T13:56:58+00:00\",\"dateModified\":\"2025-08-22T09:06:02+00:00\",\"description\":\"BRIXTON PRACTICAL to trwa\u0142e spodnie robocze z odpinanymi nogawkami. Wykonane z wysokiej jako\u015bci materia\u0142u, z elastyczn\u0105 regulacj\u0105, wzmocnieniami i licznymi praktycznymi kieszeniami.\",\"breadcrumb\":{\"@id\":\"https:\/\/kamexbhp.pl\/sklep\/produkt\/brixton-practical-spodnie-do-pasa-z-odpinanymi-nogawkami-bialy\/#breadcrumb\"},\"inLanguage\":\"pl-PL\",\"potentialAction\":[{\"@type\":\"ReadAction\",\"target\":[\"https:\/\/kamexbhp.pl\/sklep\/produkt\/brixton-practical-spodnie-do-pasa-z-odpinanymi-nogawkami-bialy\/\"]}]},{\"@type\":\"ImageObject\",\"inLanguage\":\"pl-PL\",\"@id\":\"https:\/\/kamexbhp.pl\/sklep\/produkt\/brixton-practical-spodnie-do-pasa-z-odpinanymi-nogawkami-bialy\/#primaryimage\",\"url\":\"https:\/\/kamexbhp.pl\/sklep\/wp-content\/uploads\/2024\/11\/1-7.jpg\",\"contentUrl\":\"https:\/\/kamexbhp.pl\/sklep\/wp-content\/uploads\/2024\/11\/1-7.jpg\",\"width\":350,\"height\":405,\"caption\":\"BRIXTON PRACTICAL SPODNIE DO PASA Z ODPINANYMI NOGAWKAMI BIA\u0141Y\"},{\"@type\":\"BreadcrumbList\",\"@id\":\"https:\/\/kamexbhp.pl\/sklep\/produkt\/brixton-practical-spodnie-do-pasa-z-odpinanymi-nogawkami-bialy\/#breadcrumb\",\"itemListElement\":[{\"@type\":\"ListItem\",\"position\":1,\"name\":\"Strona g\u0142\u00f3wna\",\"item\":\"https:\/\/kamexbhp.pl\/sklep\/\"},{\"@type\":\"ListItem\",\"position\":2,\"name\":\"Sklep\",\"item\":\"https:\/\/kamexbhp.pl\/sklep\/sklep\/\"},{\"@type\":\"ListItem\",\"position\":3,\"name\":\"BRIXTON PRACTICAL SPODNIE DO PASA Z ODPINANYMI NOGAWKAMI BIA\u0141Y\"}]},{\"@type\":\"WebSite\",\"@id\":\"https:\/\/kamexbhp.pl\/sklep\/#website\",\"url\":\"https:\/\/kamexbhp.pl\/sklep\/\",\"name\":\"KAMEX BHP - SKLEP INTERNETOWY Z ARTYKU\u0141AMI BHP NAJWY\u017bSZEJ JAKO\u015aCI\",\"description\":\"Artuku\u0142y BHP najwy\u017cszej jako\u015bci!\",\"publisher\":{\"@id\":\"https:\/\/kamexbhp.pl\/sklep\/#organization\"},\"potentialAction\":[{\"@type\":\"SearchAction\",\"target\":{\"@type\":\"EntryPoint\",\"urlTemplate\":\"https:\/\/kamexbhp.pl\/sklep\/?s={search_term_string}\"},\"query-input\":{\"@type\":\"PropertyValueSpecification\",\"valueRequired\":true,\"valueName\":\"search_term_string\"}}],\"inLanguage\":\"pl-PL\"},{\"@type\":\"Organization\",\"@id\":\"https:\/\/kamexbhp.pl\/sklep\/#organization\",\"name\":\"KAMEX-BHP - SKLEP BHP - Odzie\u017c i obuwie robocze\",\"url\":\"https:\/\/kamexbhp.pl\/sklep\/\",\"logo\":{\"@type\":\"ImageObject\",\"inLanguage\":\"pl-PL\",\"@id\":\"https:\/\/kamexbhp.pl\/sklep\/#\/schema\/logo\/image\/\",\"url\":\"https:\/\/kamexbhp.pl\/sklep\/wp-content\/uploads\/2025\/01\/KAMEX-BHP-Logo-1080-x-1080.png\",\"contentUrl\":\"https:\/\/kamexbhp.pl\/sklep\/wp-content\/uploads\/2025\/01\/KAMEX-BHP-Logo-1080-x-1080.png\",\"width\":1080,\"height\":1080,\"caption\":\"KAMEX-BHP - SKLEP BHP - Odzie\u017c i obuwie robocze\"},\"image\":{\"@id\":\"https:\/\/kamexbhp.pl\/sklep\/#\/schema\/logo\/image\/\"},\"sameAs\":[\"https:\/\/www.facebook.com\/bhp.kamex\",\"https:\/\/www.instagram.com\/kamexbhp\/\"]}]}<\/script>\n<!-- \/ Yoast SEO plugin. -->","yoast_head_json":{"title":"BRIXTON PRACTICAL SPODNIE DO PASA Z ODPINANYMI NOGAWKAMI BIA\u0141Y - KAMEX BHP - SKLEP INTERNETOWY Z ARTYKU\u0141AMI BHP NAJWY\u017bSZEJ JAKO\u015aCI","description":"BRIXTON PRACTICAL to trwa\u0142e spodnie robocze z odpinanymi nogawkami. Wykonane z wysokiej jako\u015bci materia\u0142u, z elastyczn\u0105 regulacj\u0105, wzmocnieniami i licznymi praktycznymi kieszeniami.","robots":{"index":"index","follow":"follow","max-snippet":"max-snippet:-1","max-image-preview":"max-image-preview:large","max-video-preview":"max-video-preview:-1"},"canonical":"https:\/\/kamexbhp.pl\/sklep\/produkt\/brixton-practical-spodnie-do-pasa-z-odpinanymi-nogawkami-bialy\/","og_locale":"pl_PL","og_type":"article","og_title":"BRIXTON PRACTICAL SPODNIE DO PASA Z ODPINANYMI NOGAWKAMI BIA\u0141Y - KAMEX BHP - SKLEP INTERNETOWY Z ARTYKU\u0141AMI BHP NAJWY\u017bSZEJ JAKO\u015aCI","og_description":"BRIXTON PRACTICAL to trwa\u0142e spodnie robocze z odpinanymi nogawkami. Wykonane z wysokiej jako\u015bci materia\u0142u, z elastyczn\u0105 regulacj\u0105, wzmocnieniami i licznymi praktycznymi kieszeniami.","og_url":"https:\/\/kamexbhp.pl\/sklep\/produkt\/brixton-practical-spodnie-do-pasa-z-odpinanymi-nogawkami-bialy\/","og_site_name":"KAMEX BHP - SKLEP INTERNETOWY Z ARTYKU\u0141AMI BHP NAJWY\u017bSZEJ JAKO\u015aCI","article_publisher":"https:\/\/www.facebook.com\/bhp.kamex","article_modified_time":"2025-08-22T09:06:02+00:00","og_image":[{"width":350,"height":405,"url":"https:\/\/kamexbhp.pl\/sklep\/wp-content\/uploads\/2024\/11\/1-7.jpg","type":"image\/jpeg"}],"twitter_card":"summary_large_image","twitter_misc":{"Szacowany czas czytania":"1 minuta"},"schema":{"@context":"https:\/\/schema.org","@graph":[{"@type":"WebPage","@id":"https:\/\/kamexbhp.pl\/sklep\/produkt\/brixton-practical-spodnie-do-pasa-z-odpinanymi-nogawkami-bialy\/","url":"https:\/\/kamexbhp.pl\/sklep\/produkt\/brixton-practical-spodnie-do-pasa-z-odpinanymi-nogawkami-bialy\/","name":"BRIXTON PRACTICAL SPODNIE DO PASA Z ODPINANYMI NOGAWKAMI BIA\u0141Y - KAMEX BHP - SKLEP INTERNETOWY Z ARTYKU\u0141AMI BHP NAJWY\u017bSZEJ JAKO\u015aCI","isPartOf":{"@id":"https:\/\/kamexbhp.pl\/sklep\/#website"},"primaryImageOfPage":{"@id":"https:\/\/kamexbhp.pl\/sklep\/produkt\/brixton-practical-spodnie-do-pasa-z-odpinanymi-nogawkami-bialy\/#primaryimage"},"image":{"@id":"https:\/\/kamexbhp.pl\/sklep\/produkt\/brixton-practical-spodnie-do-pasa-z-odpinanymi-nogawkami-bialy\/#primaryimage"},"thumbnailUrl":"https:\/\/kamexbhp.pl\/sklep\/wp-content\/uploads\/2024\/11\/1-7.jpg","datePublished":"2024-11-05T13:56:58+00:00","dateModified":"2025-08-22T09:06:02+00:00","description":"BRIXTON PRACTICAL to trwa\u0142e spodnie robocze z odpinanymi nogawkami. Wykonane z wysokiej jako\u015bci materia\u0142u, z elastyczn\u0105 regulacj\u0105, wzmocnieniami i licznymi praktycznymi kieszeniami.","breadcrumb":{"@id":"https:\/\/kamexbhp.pl\/sklep\/produkt\/brixton-practical-spodnie-do-pasa-z-odpinanymi-nogawkami-bialy\/#breadcrumb"},"inLanguage":"pl-PL","potentialAction":[{"@type":"ReadAction","target":["https:\/\/kamexbhp.pl\/sklep\/produkt\/brixton-practical-spodnie-do-pasa-z-odpinanymi-nogawkami-bialy\/"]}]},{"@type":"ImageObject","inLanguage":"pl-PL","@id":"https:\/\/kamexbhp.pl\/sklep\/produkt\/brixton-practical-spodnie-do-pasa-z-odpinanymi-nogawkami-bialy\/#primaryimage","url":"https:\/\/kamexbhp.pl\/sklep\/wp-content\/uploads\/2024\/11\/1-7.jpg","contentUrl":"https:\/\/kamexbhp.pl\/sklep\/wp-content\/uploads\/2024\/11\/1-7.jpg","width":350,"height":405,"caption":"BRIXTON PRACTICAL SPODNIE DO PASA Z ODPINANYMI NOGAWKAMI BIA\u0141Y"},{"@type":"BreadcrumbList","@id":"https:\/\/kamexbhp.pl\/sklep\/produkt\/brixton-practical-spodnie-do-pasa-z-odpinanymi-nogawkami-bialy\/#breadcrumb","itemListElement":[{"@type":"ListItem","position":1,"name":"Strona g\u0142\u00f3wna","item":"https:\/\/kamexbhp.pl\/sklep\/"},{"@type":"ListItem","position":2,"name":"Sklep","item":"https:\/\/kamexbhp.pl\/sklep\/sklep\/"},{"@type":"ListItem","position":3,"name":"BRIXTON PRACTICAL SPODNIE DO PASA Z ODPINANYMI NOGAWKAMI BIA\u0141Y"}]},{"@type":"WebSite","@id":"https:\/\/kamexbhp.pl\/sklep\/#website","url":"https:\/\/kamexbhp.pl\/sklep\/","name":"KAMEX BHP - SKLEP INTERNETOWY Z ARTYKU\u0141AMI BHP NAJWY\u017bSZEJ JAKO\u015aCI","description":"Artuku\u0142y BHP najwy\u017cszej jako\u015bci!","publisher":{"@id":"https:\/\/kamexbhp.pl\/sklep\/#organization"},"potentialAction":[{"@type":"SearchAction","target":{"@type":"EntryPoint","urlTemplate":"https:\/\/kamexbhp.pl\/sklep\/?s={search_term_string}"},"query-input":{"@type":"PropertyValueSpecification","valueRequired":true,"valueName":"search_term_string"}}],"inLanguage":"pl-PL"},{"@type":"Organization","@id":"https:\/\/kamexbhp.pl\/sklep\/#organization","name":"KAMEX-BHP - SKLEP BHP - Odzie\u017c i obuwie robocze","url":"https:\/\/kamexbhp.pl\/sklep\/","logo":{"@type":"ImageObject","inLanguage":"pl-PL","@id":"https:\/\/kamexbhp.pl\/sklep\/#\/schema\/logo\/image\/","url":"https:\/\/kamexbhp.pl\/sklep\/wp-content\/uploads\/2025\/01\/KAMEX-BHP-Logo-1080-x-1080.png","contentUrl":"https:\/\/kamexbhp.pl\/sklep\/wp-content\/uploads\/2025\/01\/KAMEX-BHP-Logo-1080-x-1080.png","width":1080,"height":1080,"caption":"KAMEX-BHP - SKLEP BHP - Odzie\u017c i obuwie robocze"},"image":{"@id":"https:\/\/kamexbhp.pl\/sklep\/#\/schema\/logo\/image\/"},"sameAs":["https:\/\/www.facebook.com\/bhp.kamex","https:\/\/www.instagram.com\/kamexbhp\/"]}]}},"_links":{"self":[{"href":"https:\/\/kamexbhp.pl\/sklep\/wp-json\/wp\/v2\/product\/7925","targetHints":{"allow":["GET"]}}],"collection":[{"href":"https:\/\/kamexbhp.pl\/sklep\/wp-json\/wp\/v2\/product"}],"about":[{"href":"https:\/\/kamexbhp.pl\/sklep\/wp-json\/wp\/v2\/types\/product"}],"replies":[{"embeddable":true,"href":"https:\/\/kamexbhp.pl\/sklep\/wp-json\/wp\/v2\/comments?post=7925"}],"version-history":[{"count":1,"href":"https:\/\/kamexbhp.pl\/sklep\/wp-json\/wp\/v2\/product\/7925\/revisions"}],"predecessor-version":[{"id":7933,"href":"https:\/\/kamexbhp.pl\/sklep\/wp-json\/wp\/v2\/product\/7925\/revisions\/7933"}],"wp:featuredmedia":[{"embeddable":true,"href":"https:\/\/kamexbhp.pl\/sklep\/wp-json\/wp\/v2\/media\/7926"}],"wp:attachment":[{"href":"https:\/\/kamexbhp.pl\/sklep\/wp-json\/wp\/v2\/media?parent=7925"}],"wp:term":[{"taxonomy":"product_brand","embeddable":true,"href":"https:\/\/kamexbhp.pl\/sklep\/wp-json\/wp\/v2\/product_brand?post=7925"},{"taxonomy":"product_cat","embeddable":true,"href":"https:\/\/kamexbhp.pl\/sklep\/wp-json\/wp\/v2\/product_cat?post=7925"},{"taxonomy":"product_tag","embeddable":true,"href":"https:\/\/kamexbhp.pl\/sklep\/wp-json\/wp\/v2\/product_tag?post=7925"}],"curies":[{"name":"wp","href":"https:\/\/api.w.org\/{rel}","templated":true}]}}