{"id":7891,"date":"2024-11-05T12:36:38","date_gmt":"2024-11-05T11:36:38","guid":{"rendered":"https:\/\/kamexbhp.pl\/sklep\/?post_type=product&#038;p=7891"},"modified":"2024-11-07T08:14:45","modified_gmt":"2024-11-07T07:14:45","slug":"max-popular-spodnie-do-pasa","status":"publish","type":"product","link":"https:\/\/kamexbhp.pl\/sklep\/produkt\/max-popular-spodnie-do-pasa\/","title":{"rendered":"MAX POPULAR SPODNIE DO PASA"},"content":{"rendered":"<p>Szukasz spodni roboczych, kt\u00f3re zapewni\u0105 Ci komfort i trwa\u0142o\u015b\u0107? Spodnie MAX-POPULAR DO PASA to idealny wyb\u00f3r dla ka\u017cdego profesjonalisty! Dzi\u0119ki zastosowaniu wysokiej jako\u015bci materia\u0142\u00f3w, nasze spodnie zachowuj\u0105 swoje w\u0142a\u015bciwo\u015bci nawet po wielokrotnym praniu, co gwarantuje stabilno\u015b\u0107 rozmiar\u00f3w i kolor\u00f3w.<\/p>\n<h4>Cechy produktu:<\/h4>\n<ul>\n<li><strong>Wysoka jako\u015b\u0107 materia\u0142u<\/strong>: Gwarantuje d\u0142ugotrwa\u0142e u\u017cytkowanie bez utraty w\u0142a\u015bciwo\u015bci.<\/li>\n<li><strong>Regulacja obwodu<\/strong>: Spodnie wyposa\u017cone s\u0105 w gumk\u0119, umo\u017cliwiaj\u0105c\u0105 \u0142atwe dopasowanie w pasie.<\/li>\n<li><strong>Solidna budowa<\/strong>: Kolorowa lam\u00f3wka oraz podw\u00f3jne szwy szyte mocn\u0105 nici\u0105 zapewniaj\u0105 dodatkow\u0105 wytrzyma\u0142o\u015b\u0107.<\/li>\n<li><strong>Praktyczne kieszenie<\/strong>:\n<ul>\n<li>Kiesze\u0144 w tylnej cz\u0119\u015bci.<\/li>\n<li>Dwie kieszenie boczne.<\/li>\n<li>Kiesze\u0144 na miark\u0119 \u201emetr\u00f3wk\u0119\u201d.<\/li>\n<\/ul>\n<\/li>\n<\/ul>\n","protected":false},"excerpt":{"rendered":"<div class=\"flex max-w-full flex-col flex-grow\">\n<div class=\"min-h-8 text-message flex w-full flex-col items-end gap-2 whitespace-normal break-words [.text-message+&amp;]:mt-5\" dir=\"auto\" data-message-author-role=\"assistant\" data-message-id=\"9f3bafb4-3f91-4677-b523-8320b5f79598\" data-message-model-slug=\"gpt-4o-mini\">\n<div class=\"flex w-full flex-col gap-1 empty:hidden first:pt-[3px]\">\n<div class=\"markdown prose w-full break-words dark:prose-invert light\">\n<p>Spodnie MAX-POPULAR do pasa s\u0105 wykonane z wysokiej jako\u015bci materia\u0142u, kt\u00f3ry zachowuje stabilno\u015b\u0107 rozmiar\u00f3w i kolor\u00f3w. Oferuj\u0105 regulacj\u0119 obwodu dzi\u0119ki gumce, mocne podw\u00f3jne szwy, kolorow\u0105 lam\u00f3wk\u0119 oraz praktyczne kieszenie: tyln\u0105, dwie boczne i kiesze\u0144 na miark\u0119. Idealne dla profesjonalist\u00f3w ceni\u0105cych komfort i trwa\u0142o\u015b\u0107 w pracy.<\/p>\n<\/div>\n<\/div>\n<\/div>\n<\/div>\n","protected":false},"featured_media":7892,"comment_status":"open","ping_status":"closed","template":"","meta":[],"product_brand":[],"product_cat":[916],"product_tag":[403,469,679,1772,450,452,1773],"class_list":{"0":"post-7891","1":"product","2":"type-product","3":"status-publish","4":"has-post-thumbnail","6":"product_cat-promocje","7":"product_tag-bhp","8":"product_tag-max-popular","9":"product_tag-odziez-robocza","10":"product_tag-regulacja-obwodu","11":"product_tag-spodnie-do-pasa","12":"product_tag-spodnie-robocze","13":"product_tag-trwalosc-materialu","15":"first","16":"instock","17":"taxable","18":"shipping-taxable","19":"purchasable","20":"product-type-variable"},"yoast_head":"<!-- This site is optimized with the Yoast SEO plugin v25.6 - https:\/\/yoast.com\/wordpress\/plugins\/seo\/ -->\n<title>MAX POPULAR SPODNIE DO PASA - KAMEX BHP - SKLEP INTERNETOWY Z ARTYKU\u0141AMI BHP NAJWY\u017bSZEJ JAKO\u015aCI<\/title>\n<meta name=\"description\" content=\"Spodnie MAX-POPULAR do pasa \u0142\u0105cz\u0105 wysok\u0105 jako\u015b\u0107 materia\u0142u z funkcjonalno\u015bci\u0105. Posiadaj\u0105 regulacj\u0119 w pasie, mocne szwy oraz praktyczne kieszenie. Idealne do pracy!\" \/>\n<meta name=\"robots\" content=\"index, follow, max-snippet:-1, max-image-preview:large, max-video-preview:-1\" \/>\n<link rel=\"canonical\" href=\"https:\/\/kamexbhp.pl\/sklep\/produkt\/max-popular-spodnie-do-pasa\/\" \/>\n<meta property=\"og:locale\" content=\"pl_PL\" \/>\n<meta property=\"og:type\" content=\"article\" \/>\n<meta property=\"og:title\" content=\"MAX POPULAR SPODNIE DO PASA - KAMEX BHP - SKLEP INTERNETOWY Z ARTYKU\u0141AMI BHP NAJWY\u017bSZEJ JAKO\u015aCI\" \/>\n<meta property=\"og:description\" content=\"Spodnie MAX-POPULAR do pasa \u0142\u0105cz\u0105 wysok\u0105 jako\u015b\u0107 materia\u0142u z funkcjonalno\u015bci\u0105. Posiadaj\u0105 regulacj\u0119 w pasie, mocne szwy oraz praktyczne kieszenie. Idealne do pracy!\" \/>\n<meta property=\"og:url\" content=\"https:\/\/kamexbhp.pl\/sklep\/produkt\/max-popular-spodnie-do-pasa\/\" \/>\n<meta property=\"og:site_name\" content=\"KAMEX BHP - SKLEP INTERNETOWY Z ARTYKU\u0141AMI BHP NAJWY\u017bSZEJ JAKO\u015aCI\" \/>\n<meta property=\"article:publisher\" content=\"https:\/\/www.facebook.com\/bhp.kamex\" \/>\n<meta property=\"article:modified_time\" content=\"2024-11-07T07:14:45+00:00\" \/>\n<meta property=\"og:image\" content=\"https:\/\/kamexbhp.pl\/sklep\/wp-content\/uploads\/2024\/11\/1-2.jpg\" \/>\n\t<meta property=\"og:image:width\" content=\"350\" \/>\n\t<meta property=\"og:image:height\" content=\"405\" \/>\n\t<meta property=\"og:image:type\" content=\"image\/jpeg\" \/>\n<meta name=\"twitter:card\" content=\"summary_large_image\" \/>\n<meta name=\"twitter:label1\" content=\"Szacowany czas czytania\" \/>\n\t<meta name=\"twitter:data1\" content=\"1 minuta\" \/>\n<script type=\"application\/ld+json\" class=\"yoast-schema-graph\">{\"@context\":\"https:\/\/schema.org\",\"@graph\":[{\"@type\":\"WebPage\",\"@id\":\"https:\/\/kamexbhp.pl\/sklep\/produkt\/max-popular-spodnie-do-pasa\/\",\"url\":\"https:\/\/kamexbhp.pl\/sklep\/produkt\/max-popular-spodnie-do-pasa\/\",\"name\":\"MAX POPULAR SPODNIE DO PASA - KAMEX BHP - SKLEP INTERNETOWY Z ARTYKU\u0141AMI BHP NAJWY\u017bSZEJ JAKO\u015aCI\",\"isPartOf\":{\"@id\":\"https:\/\/kamexbhp.pl\/sklep\/#website\"},\"primaryImageOfPage\":{\"@id\":\"https:\/\/kamexbhp.pl\/sklep\/produkt\/max-popular-spodnie-do-pasa\/#primaryimage\"},\"image\":{\"@id\":\"https:\/\/kamexbhp.pl\/sklep\/produkt\/max-popular-spodnie-do-pasa\/#primaryimage\"},\"thumbnailUrl\":\"https:\/\/kamexbhp.pl\/sklep\/wp-content\/uploads\/2024\/11\/1-2.jpg\",\"datePublished\":\"2024-11-05T11:36:38+00:00\",\"dateModified\":\"2024-11-07T07:14:45+00:00\",\"description\":\"Spodnie MAX-POPULAR do pasa \u0142\u0105cz\u0105 wysok\u0105 jako\u015b\u0107 materia\u0142u z funkcjonalno\u015bci\u0105. Posiadaj\u0105 regulacj\u0119 w pasie, mocne szwy oraz praktyczne kieszenie. Idealne do pracy!\",\"breadcrumb\":{\"@id\":\"https:\/\/kamexbhp.pl\/sklep\/produkt\/max-popular-spodnie-do-pasa\/#breadcrumb\"},\"inLanguage\":\"pl-PL\",\"potentialAction\":[{\"@type\":\"ReadAction\",\"target\":[\"https:\/\/kamexbhp.pl\/sklep\/produkt\/max-popular-spodnie-do-pasa\/\"]}]},{\"@type\":\"ImageObject\",\"inLanguage\":\"pl-PL\",\"@id\":\"https:\/\/kamexbhp.pl\/sklep\/produkt\/max-popular-spodnie-do-pasa\/#primaryimage\",\"url\":\"https:\/\/kamexbhp.pl\/sklep\/wp-content\/uploads\/2024\/11\/1-2.jpg\",\"contentUrl\":\"https:\/\/kamexbhp.pl\/sklep\/wp-content\/uploads\/2024\/11\/1-2.jpg\",\"width\":350,\"height\":405,\"caption\":\"MAX-POPULAR SPODNIE DO PASA\"},{\"@type\":\"BreadcrumbList\",\"@id\":\"https:\/\/kamexbhp.pl\/sklep\/produkt\/max-popular-spodnie-do-pasa\/#breadcrumb\",\"itemListElement\":[{\"@type\":\"ListItem\",\"position\":1,\"name\":\"Strona g\u0142\u00f3wna\",\"item\":\"https:\/\/kamexbhp.pl\/sklep\/\"},{\"@type\":\"ListItem\",\"position\":2,\"name\":\"Sklep\",\"item\":\"https:\/\/kamexbhp.pl\/sklep\/sklep\/\"},{\"@type\":\"ListItem\",\"position\":3,\"name\":\"MAX POPULAR SPODNIE DO PASA\"}]},{\"@type\":\"WebSite\",\"@id\":\"https:\/\/kamexbhp.pl\/sklep\/#website\",\"url\":\"https:\/\/kamexbhp.pl\/sklep\/\",\"name\":\"KAMEX BHP - SKLEP INTERNETOWY Z ARTYKU\u0141AMI BHP NAJWY\u017bSZEJ JAKO\u015aCI\",\"description\":\"Artuku\u0142y BHP najwy\u017cszej jako\u015bci!\",\"publisher\":{\"@id\":\"https:\/\/kamexbhp.pl\/sklep\/#organization\"},\"potentialAction\":[{\"@type\":\"SearchAction\",\"target\":{\"@type\":\"EntryPoint\",\"urlTemplate\":\"https:\/\/kamexbhp.pl\/sklep\/?s={search_term_string}\"},\"query-input\":{\"@type\":\"PropertyValueSpecification\",\"valueRequired\":true,\"valueName\":\"search_term_string\"}}],\"inLanguage\":\"pl-PL\"},{\"@type\":\"Organization\",\"@id\":\"https:\/\/kamexbhp.pl\/sklep\/#organization\",\"name\":\"KAMEX-BHP - SKLEP BHP - Odzie\u017c i obuwie robocze\",\"url\":\"https:\/\/kamexbhp.pl\/sklep\/\",\"logo\":{\"@type\":\"ImageObject\",\"inLanguage\":\"pl-PL\",\"@id\":\"https:\/\/kamexbhp.pl\/sklep\/#\/schema\/logo\/image\/\",\"url\":\"https:\/\/kamexbhp.pl\/sklep\/wp-content\/uploads\/2025\/01\/KAMEX-BHP-Logo-1080-x-1080.png\",\"contentUrl\":\"https:\/\/kamexbhp.pl\/sklep\/wp-content\/uploads\/2025\/01\/KAMEX-BHP-Logo-1080-x-1080.png\",\"width\":1080,\"height\":1080,\"caption\":\"KAMEX-BHP - SKLEP BHP - Odzie\u017c i obuwie robocze\"},\"image\":{\"@id\":\"https:\/\/kamexbhp.pl\/sklep\/#\/schema\/logo\/image\/\"},\"sameAs\":[\"https:\/\/www.facebook.com\/bhp.kamex\",\"https:\/\/www.instagram.com\/kamexbhp\/\"]}]}<\/script>\n<!-- \/ Yoast SEO plugin. -->","yoast_head_json":{"title":"MAX POPULAR SPODNIE DO PASA - KAMEX BHP - SKLEP INTERNETOWY Z ARTYKU\u0141AMI BHP NAJWY\u017bSZEJ JAKO\u015aCI","description":"Spodnie MAX-POPULAR do pasa \u0142\u0105cz\u0105 wysok\u0105 jako\u015b\u0107 materia\u0142u z funkcjonalno\u015bci\u0105. Posiadaj\u0105 regulacj\u0119 w pasie, mocne szwy oraz praktyczne kieszenie. Idealne do pracy!","robots":{"index":"index","follow":"follow","max-snippet":"max-snippet:-1","max-image-preview":"max-image-preview:large","max-video-preview":"max-video-preview:-1"},"canonical":"https:\/\/kamexbhp.pl\/sklep\/produkt\/max-popular-spodnie-do-pasa\/","og_locale":"pl_PL","og_type":"article","og_title":"MAX POPULAR SPODNIE DO PASA - KAMEX BHP - SKLEP INTERNETOWY Z ARTYKU\u0141AMI BHP NAJWY\u017bSZEJ JAKO\u015aCI","og_description":"Spodnie MAX-POPULAR do pasa \u0142\u0105cz\u0105 wysok\u0105 jako\u015b\u0107 materia\u0142u z funkcjonalno\u015bci\u0105. Posiadaj\u0105 regulacj\u0119 w pasie, mocne szwy oraz praktyczne kieszenie. Idealne do pracy!","og_url":"https:\/\/kamexbhp.pl\/sklep\/produkt\/max-popular-spodnie-do-pasa\/","og_site_name":"KAMEX BHP - SKLEP INTERNETOWY Z ARTYKU\u0141AMI BHP NAJWY\u017bSZEJ JAKO\u015aCI","article_publisher":"https:\/\/www.facebook.com\/bhp.kamex","article_modified_time":"2024-11-07T07:14:45+00:00","og_image":[{"width":350,"height":405,"url":"https:\/\/kamexbhp.pl\/sklep\/wp-content\/uploads\/2024\/11\/1-2.jpg","type":"image\/jpeg"}],"twitter_card":"summary_large_image","twitter_misc":{"Szacowany czas czytania":"1 minuta"},"schema":{"@context":"https:\/\/schema.org","@graph":[{"@type":"WebPage","@id":"https:\/\/kamexbhp.pl\/sklep\/produkt\/max-popular-spodnie-do-pasa\/","url":"https:\/\/kamexbhp.pl\/sklep\/produkt\/max-popular-spodnie-do-pasa\/","name":"MAX POPULAR SPODNIE DO PASA - KAMEX BHP - SKLEP INTERNETOWY Z ARTYKU\u0141AMI BHP NAJWY\u017bSZEJ JAKO\u015aCI","isPartOf":{"@id":"https:\/\/kamexbhp.pl\/sklep\/#website"},"primaryImageOfPage":{"@id":"https:\/\/kamexbhp.pl\/sklep\/produkt\/max-popular-spodnie-do-pasa\/#primaryimage"},"image":{"@id":"https:\/\/kamexbhp.pl\/sklep\/produkt\/max-popular-spodnie-do-pasa\/#primaryimage"},"thumbnailUrl":"https:\/\/kamexbhp.pl\/sklep\/wp-content\/uploads\/2024\/11\/1-2.jpg","datePublished":"2024-11-05T11:36:38+00:00","dateModified":"2024-11-07T07:14:45+00:00","description":"Spodnie MAX-POPULAR do pasa \u0142\u0105cz\u0105 wysok\u0105 jako\u015b\u0107 materia\u0142u z funkcjonalno\u015bci\u0105. Posiadaj\u0105 regulacj\u0119 w pasie, mocne szwy oraz praktyczne kieszenie. Idealne do pracy!","breadcrumb":{"@id":"https:\/\/kamexbhp.pl\/sklep\/produkt\/max-popular-spodnie-do-pasa\/#breadcrumb"},"inLanguage":"pl-PL","potentialAction":[{"@type":"ReadAction","target":["https:\/\/kamexbhp.pl\/sklep\/produkt\/max-popular-spodnie-do-pasa\/"]}]},{"@type":"ImageObject","inLanguage":"pl-PL","@id":"https:\/\/kamexbhp.pl\/sklep\/produkt\/max-popular-spodnie-do-pasa\/#primaryimage","url":"https:\/\/kamexbhp.pl\/sklep\/wp-content\/uploads\/2024\/11\/1-2.jpg","contentUrl":"https:\/\/kamexbhp.pl\/sklep\/wp-content\/uploads\/2024\/11\/1-2.jpg","width":350,"height":405,"caption":"MAX-POPULAR SPODNIE DO PASA"},{"@type":"BreadcrumbList","@id":"https:\/\/kamexbhp.pl\/sklep\/produkt\/max-popular-spodnie-do-pasa\/#breadcrumb","itemListElement":[{"@type":"ListItem","position":1,"name":"Strona g\u0142\u00f3wna","item":"https:\/\/kamexbhp.pl\/sklep\/"},{"@type":"ListItem","position":2,"name":"Sklep","item":"https:\/\/kamexbhp.pl\/sklep\/sklep\/"},{"@type":"ListItem","position":3,"name":"MAX POPULAR SPODNIE DO PASA"}]},{"@type":"WebSite","@id":"https:\/\/kamexbhp.pl\/sklep\/#website","url":"https:\/\/kamexbhp.pl\/sklep\/","name":"KAMEX BHP - SKLEP INTERNETOWY Z ARTYKU\u0141AMI BHP NAJWY\u017bSZEJ JAKO\u015aCI","description":"Artuku\u0142y BHP najwy\u017cszej jako\u015bci!","publisher":{"@id":"https:\/\/kamexbhp.pl\/sklep\/#organization"},"potentialAction":[{"@type":"SearchAction","target":{"@type":"EntryPoint","urlTemplate":"https:\/\/kamexbhp.pl\/sklep\/?s={search_term_string}"},"query-input":{"@type":"PropertyValueSpecification","valueRequired":true,"valueName":"search_term_string"}}],"inLanguage":"pl-PL"},{"@type":"Organization","@id":"https:\/\/kamexbhp.pl\/sklep\/#organization","name":"KAMEX-BHP - SKLEP BHP - Odzie\u017c i obuwie robocze","url":"https:\/\/kamexbhp.pl\/sklep\/","logo":{"@type":"ImageObject","inLanguage":"pl-PL","@id":"https:\/\/kamexbhp.pl\/sklep\/#\/schema\/logo\/image\/","url":"https:\/\/kamexbhp.pl\/sklep\/wp-content\/uploads\/2025\/01\/KAMEX-BHP-Logo-1080-x-1080.png","contentUrl":"https:\/\/kamexbhp.pl\/sklep\/wp-content\/uploads\/2025\/01\/KAMEX-BHP-Logo-1080-x-1080.png","width":1080,"height":1080,"caption":"KAMEX-BHP - SKLEP BHP - Odzie\u017c i obuwie robocze"},"image":{"@id":"https:\/\/kamexbhp.pl\/sklep\/#\/schema\/logo\/image\/"},"sameAs":["https:\/\/www.facebook.com\/bhp.kamex","https:\/\/www.instagram.com\/kamexbhp\/"]}]}},"_links":{"self":[{"href":"https:\/\/kamexbhp.pl\/sklep\/wp-json\/wp\/v2\/product\/7891","targetHints":{"allow":["GET"]}}],"collection":[{"href":"https:\/\/kamexbhp.pl\/sklep\/wp-json\/wp\/v2\/product"}],"about":[{"href":"https:\/\/kamexbhp.pl\/sklep\/wp-json\/wp\/v2\/types\/product"}],"replies":[{"embeddable":true,"href":"https:\/\/kamexbhp.pl\/sklep\/wp-json\/wp\/v2\/comments?post=7891"}],"version-history":[{"count":1,"href":"https:\/\/kamexbhp.pl\/sklep\/wp-json\/wp\/v2\/product\/7891\/revisions"}],"predecessor-version":[{"id":7904,"href":"https:\/\/kamexbhp.pl\/sklep\/wp-json\/wp\/v2\/product\/7891\/revisions\/7904"}],"wp:featuredmedia":[{"embeddable":true,"href":"https:\/\/kamexbhp.pl\/sklep\/wp-json\/wp\/v2\/media\/7892"}],"wp:attachment":[{"href":"https:\/\/kamexbhp.pl\/sklep\/wp-json\/wp\/v2\/media?parent=7891"}],"wp:term":[{"taxonomy":"product_brand","embeddable":true,"href":"https:\/\/kamexbhp.pl\/sklep\/wp-json\/wp\/v2\/product_brand?post=7891"},{"taxonomy":"product_cat","embeddable":true,"href":"https:\/\/kamexbhp.pl\/sklep\/wp-json\/wp\/v2\/product_cat?post=7891"},{"taxonomy":"product_tag","embeddable":true,"href":"https:\/\/kamexbhp.pl\/sklep\/wp-json\/wp\/v2\/product_tag?post=7891"}],"curies":[{"name":"wp","href":"https:\/\/api.w.org\/{rel}","templated":true}]}}