{"id":7467,"date":"2024-10-11T10:10:14","date_gmt":"2024-10-11T08:10:14","guid":{"rendered":"https:\/\/kamexbhp.pl\/sklep\/?post_type=product&#038;p=7467"},"modified":"2024-10-11T17:27:59","modified_gmt":"2024-10-11T15:27:59","slug":"brixton-flash-spodnie-ogrodniczki","status":"publish","type":"product","link":"https:\/\/kamexbhp.pl\/sklep\/produkt\/brixton-flash-spodnie-ogrodniczki\/","title":{"rendered":"BRIXTON FLASH SPODNIE OGRODNICZKI"},"content":{"rendered":"<p>Spodnie ogrodniczki <strong>BRIXTON FLASH<\/strong> to doskona\u0142e rozwi\u0105zanie dla os\u00f3b, kt\u00f3re potrzebuj\u0105 odzie\u017cy roboczej o wysokiej funkcjonalno\u015bci i trwa\u0142o\u015bci. Dost\u0119pne w kolorach <strong>pomara\u0144czowo-granatowym<\/strong> oraz <strong>\u017c\u00f3\u0142to-granatowym<\/strong>, te spodnie spe\u0142niaj\u0105 najwy\u017csze standardy BHP. Wykonane z wysokiej jako\u015bci materia\u0142u, kt\u00f3ry gwarantuje stabilno\u015b\u0107 rozmiar\u00f3w i kolor\u00f3w nawet po wielokrotnym praniu, zapewniaj\u0105 komfort i d\u0142ugotrwa\u0142\u0105 trwa\u0142o\u015b\u0107 w codziennym u\u017cytkowaniu.<\/p>\n<h4>Najwa\u017cniejsze cechy:<\/h4>\n<ul>\n<li><strong>Regulowane szelki<\/strong>: d\u0142ugie, wygodne, zapewniaj\u0105 indywidualne dopasowanie.<\/li>\n<li><strong>Trwa\u0142a konstrukcja<\/strong>: spodnie posiadaj\u0105 wzmocnienia w miejscach nara\u017conych na rozprucie, w tym klin w kroku, kt\u00f3ry zwi\u0119ksza swobod\u0119 ruch\u00f3w.<\/li>\n<li><strong>Wstawki kolorystyczne<\/strong>: stylowe i funkcjonalne, nadaj\u0105 nowoczesny wygl\u0105d.<\/li>\n<li><strong>Sp\u00f3d nogawki z materia\u0142u OXFORD<\/strong>: dodatkowa odporno\u015b\u0107 na zu\u017cycie.<\/li>\n<li><strong>Ergonomiczne kieszenie<\/strong>:\n<ul>\n<li>Dwie tylne kieszenie zapinane na rzepy.<\/li>\n<li>Dwie boczne, wzmocnione kieszenie.<\/li>\n<li>Kiesze\u0144 na kom\u00f3rk\u0119, dokumenty (zapinana na zamek), miark\u0119 oraz nakolanniki z OXFORDU.<\/li>\n<\/ul>\n<\/li>\n<li><strong>Szlufka na m\u0142otek<\/strong>: idealne rozwi\u0105zanie dla fachowc\u00f3w.<\/li>\n<li><strong>Regulacja obwodu<\/strong>: elastyczna gumka w tylnej cz\u0119\u015bci pasa oraz regulacja guzikami pozwalaj\u0105 na idealne dopasowanie do sylwetki.<\/li>\n<li><strong>Odblaskowe elementy<\/strong>: podw\u00f3jne ta\u015bmy odblaskowe o w\u0142a\u015bciwo\u015bciach fluorescencyjnych, zapewniaj\u0105 bezpiecze\u0144stwo w warunkach s\u0142abego o\u015bwietlenia.<\/li>\n<\/ul>\n","protected":false},"excerpt":{"rendered":"<p><strong>PRODUKT NA ZAM\u00d3WIENIE (czas realizacji do 3dni roboczych)<\/strong><\/p>\n<p><strong>BRIXTON FLASH<\/strong> to wygodne spodnie ogrodniczki BHP, dost\u0119pne w kolorach pomara\u0144czowo-granatowym i \u017c\u00f3\u0142to-granatowym. Wykonane z wysokiej jako\u015bci materia\u0142u, zapewniaj\u0105 trwa\u0142o\u015b\u0107 i stabilno\u015b\u0107 kolor\u00f3w. Regulowane szelki oraz elastyczny pas zapewniaj\u0105 komfort noszenia. Posiadaj\u0105 liczne kieszenie, w tym na telefon i dokumenty, a tak\u017ce wzmocnienia w miejscach nara\u017conych na uszkodzenia. Dodatkowo, elementy odblaskowe poprawiaj\u0105 widoczno\u015b\u0107 w trudnych warunkach. Idealne dla profesjonalist\u00f3w w ka\u017cdej bran\u017cy!<\/p>\n","protected":false},"featured_media":7468,"comment_status":"open","ping_status":"closed","template":"","meta":[],"product_brand":[],"product_cat":[70],"product_tag":[1690,1689,1687,1688,1685,1684,1686,1691,911],"class_list":{"0":"post-7467","1":"product","2":"type-product","3":"status-publish","4":"has-post-thumbnail","6":"product_cat-ogrodniczki","7":"product_tag-odziez-ochronna-z-szelkami","8":"product_tag-odziez-robocza-na-budowe-kluczbork","9":"product_tag-odziez-robocza-pomaranczowo-granatowa","10":"product_tag-odziez-robocza-zolto-granatowa","11":"product_tag-ogrodniczki-bhp-opole","12":"product_tag-podnie-robocze-brixton-flash","13":"product_tag-spodnie-ochronne-z-odblaskami","14":"product_tag-spodnie-robocze-na-budowe-brzeg","15":"product_tag-spodnie-robocze-z-kieszeniami","17":"first","18":"onbackorder","19":"taxable","20":"shipping-taxable","21":"purchasable","22":"product-type-variable"},"yoast_head":"<!-- This site is optimized with the Yoast SEO plugin v25.6 - https:\/\/yoast.com\/wordpress\/plugins\/seo\/ -->\n<title>BRIXTON FLASH SPODNIE OGRODNICZKI - KAMEX BHP - SKLEP INTERNETOWY Z ARTYKU\u0141AMI BHP NAJWY\u017bSZEJ JAKO\u015aCI<\/title>\n<meta name=\"description\" content=\"BRIXTON FLASH to trwa\u0142e spodnie ogrodniczki BHP w kolorach pomara\u0144czowo-granatowym i \u017c\u00f3\u0142to-granatowym. Regulowane szelki, wzmocnione kieszenie i elementy odblaskowe zapewniaj\u0105 komfort oraz bezpiecze\u0144stwo w pracy.\" \/>\n<meta name=\"robots\" content=\"index, follow, max-snippet:-1, max-image-preview:large, max-video-preview:-1\" \/>\n<link rel=\"canonical\" href=\"https:\/\/kamexbhp.pl\/sklep\/produkt\/brixton-flash-spodnie-ogrodniczki\/\" \/>\n<meta property=\"og:locale\" content=\"pl_PL\" \/>\n<meta property=\"og:type\" content=\"article\" \/>\n<meta property=\"og:title\" content=\"BRIXTON FLASH SPODNIE OGRODNICZKI - KAMEX BHP - SKLEP INTERNETOWY Z ARTYKU\u0141AMI BHP NAJWY\u017bSZEJ JAKO\u015aCI\" \/>\n<meta property=\"og:description\" content=\"BRIXTON FLASH to trwa\u0142e spodnie ogrodniczki BHP w kolorach pomara\u0144czowo-granatowym i \u017c\u00f3\u0142to-granatowym. Regulowane szelki, wzmocnione kieszenie i elementy odblaskowe zapewniaj\u0105 komfort oraz bezpiecze\u0144stwo w pracy.\" \/>\n<meta property=\"og:url\" content=\"https:\/\/kamexbhp.pl\/sklep\/produkt\/brixton-flash-spodnie-ogrodniczki\/\" \/>\n<meta property=\"og:site_name\" content=\"KAMEX BHP - SKLEP INTERNETOWY Z ARTYKU\u0141AMI BHP NAJWY\u017bSZEJ JAKO\u015aCI\" \/>\n<meta property=\"article:publisher\" content=\"https:\/\/www.facebook.com\/bhp.kamex\" \/>\n<meta property=\"article:modified_time\" content=\"2024-10-11T15:27:59+00:00\" \/>\n<meta property=\"og:image\" content=\"https:\/\/kamexbhp.pl\/sklep\/wp-content\/uploads\/2024\/10\/1-23.jpg\" \/>\n\t<meta property=\"og:image:width\" content=\"350\" \/>\n\t<meta property=\"og:image:height\" content=\"405\" \/>\n\t<meta property=\"og:image:type\" content=\"image\/jpeg\" \/>\n<meta name=\"twitter:card\" content=\"summary_large_image\" \/>\n<meta name=\"twitter:label1\" content=\"Szacowany czas czytania\" \/>\n\t<meta name=\"twitter:data1\" content=\"2 minuty\" \/>\n<script type=\"application\/ld+json\" class=\"yoast-schema-graph\">{\"@context\":\"https:\/\/schema.org\",\"@graph\":[{\"@type\":\"WebPage\",\"@id\":\"https:\/\/kamexbhp.pl\/sklep\/produkt\/brixton-flash-spodnie-ogrodniczki\/\",\"url\":\"https:\/\/kamexbhp.pl\/sklep\/produkt\/brixton-flash-spodnie-ogrodniczki\/\",\"name\":\"BRIXTON FLASH SPODNIE OGRODNICZKI - KAMEX BHP - SKLEP INTERNETOWY Z ARTYKU\u0141AMI BHP NAJWY\u017bSZEJ JAKO\u015aCI\",\"isPartOf\":{\"@id\":\"https:\/\/kamexbhp.pl\/sklep\/#website\"},\"primaryImageOfPage\":{\"@id\":\"https:\/\/kamexbhp.pl\/sklep\/produkt\/brixton-flash-spodnie-ogrodniczki\/#primaryimage\"},\"image\":{\"@id\":\"https:\/\/kamexbhp.pl\/sklep\/produkt\/brixton-flash-spodnie-ogrodniczki\/#primaryimage\"},\"thumbnailUrl\":\"https:\/\/kamexbhp.pl\/sklep\/wp-content\/uploads\/2024\/10\/1-23.jpg\",\"datePublished\":\"2024-10-11T08:10:14+00:00\",\"dateModified\":\"2024-10-11T15:27:59+00:00\",\"description\":\"BRIXTON FLASH to trwa\u0142e spodnie ogrodniczki BHP w kolorach pomara\u0144czowo-granatowym i \u017c\u00f3\u0142to-granatowym. Regulowane szelki, wzmocnione kieszenie i elementy odblaskowe zapewniaj\u0105 komfort oraz bezpiecze\u0144stwo w pracy.\",\"breadcrumb\":{\"@id\":\"https:\/\/kamexbhp.pl\/sklep\/produkt\/brixton-flash-spodnie-ogrodniczki\/#breadcrumb\"},\"inLanguage\":\"pl-PL\",\"potentialAction\":[{\"@type\":\"ReadAction\",\"target\":[\"https:\/\/kamexbhp.pl\/sklep\/produkt\/brixton-flash-spodnie-ogrodniczki\/\"]}]},{\"@type\":\"ImageObject\",\"inLanguage\":\"pl-PL\",\"@id\":\"https:\/\/kamexbhp.pl\/sklep\/produkt\/brixton-flash-spodnie-ogrodniczki\/#primaryimage\",\"url\":\"https:\/\/kamexbhp.pl\/sklep\/wp-content\/uploads\/2024\/10\/1-23.jpg\",\"contentUrl\":\"https:\/\/kamexbhp.pl\/sklep\/wp-content\/uploads\/2024\/10\/1-23.jpg\",\"width\":350,\"height\":405,\"caption\":\"ogrodniczki ostrzegawcze\"},{\"@type\":\"BreadcrumbList\",\"@id\":\"https:\/\/kamexbhp.pl\/sklep\/produkt\/brixton-flash-spodnie-ogrodniczki\/#breadcrumb\",\"itemListElement\":[{\"@type\":\"ListItem\",\"position\":1,\"name\":\"Strona g\u0142\u00f3wna\",\"item\":\"https:\/\/kamexbhp.pl\/sklep\/\"},{\"@type\":\"ListItem\",\"position\":2,\"name\":\"Sklep\",\"item\":\"https:\/\/kamexbhp.pl\/sklep\/sklep\/\"},{\"@type\":\"ListItem\",\"position\":3,\"name\":\"BRIXTON FLASH SPODNIE OGRODNICZKI\"}]},{\"@type\":\"WebSite\",\"@id\":\"https:\/\/kamexbhp.pl\/sklep\/#website\",\"url\":\"https:\/\/kamexbhp.pl\/sklep\/\",\"name\":\"KAMEX BHP - SKLEP INTERNETOWY Z ARTYKU\u0141AMI BHP NAJWY\u017bSZEJ JAKO\u015aCI\",\"description\":\"Artuku\u0142y BHP najwy\u017cszej jako\u015bci!\",\"publisher\":{\"@id\":\"https:\/\/kamexbhp.pl\/sklep\/#organization\"},\"potentialAction\":[{\"@type\":\"SearchAction\",\"target\":{\"@type\":\"EntryPoint\",\"urlTemplate\":\"https:\/\/kamexbhp.pl\/sklep\/?s={search_term_string}\"},\"query-input\":{\"@type\":\"PropertyValueSpecification\",\"valueRequired\":true,\"valueName\":\"search_term_string\"}}],\"inLanguage\":\"pl-PL\"},{\"@type\":\"Organization\",\"@id\":\"https:\/\/kamexbhp.pl\/sklep\/#organization\",\"name\":\"KAMEX-BHP - SKLEP BHP - Odzie\u017c i obuwie robocze\",\"url\":\"https:\/\/kamexbhp.pl\/sklep\/\",\"logo\":{\"@type\":\"ImageObject\",\"inLanguage\":\"pl-PL\",\"@id\":\"https:\/\/kamexbhp.pl\/sklep\/#\/schema\/logo\/image\/\",\"url\":\"https:\/\/kamexbhp.pl\/sklep\/wp-content\/uploads\/2025\/01\/KAMEX-BHP-Logo-1080-x-1080.png\",\"contentUrl\":\"https:\/\/kamexbhp.pl\/sklep\/wp-content\/uploads\/2025\/01\/KAMEX-BHP-Logo-1080-x-1080.png\",\"width\":1080,\"height\":1080,\"caption\":\"KAMEX-BHP - SKLEP BHP - Odzie\u017c i obuwie robocze\"},\"image\":{\"@id\":\"https:\/\/kamexbhp.pl\/sklep\/#\/schema\/logo\/image\/\"},\"sameAs\":[\"https:\/\/www.facebook.com\/bhp.kamex\",\"https:\/\/www.instagram.com\/kamexbhp\/\"]}]}<\/script>\n<!-- \/ Yoast SEO plugin. -->","yoast_head_json":{"title":"BRIXTON FLASH SPODNIE OGRODNICZKI - KAMEX BHP - SKLEP INTERNETOWY Z ARTYKU\u0141AMI BHP NAJWY\u017bSZEJ JAKO\u015aCI","description":"BRIXTON FLASH to trwa\u0142e spodnie ogrodniczki BHP w kolorach pomara\u0144czowo-granatowym i \u017c\u00f3\u0142to-granatowym. Regulowane szelki, wzmocnione kieszenie i elementy odblaskowe zapewniaj\u0105 komfort oraz bezpiecze\u0144stwo w pracy.","robots":{"index":"index","follow":"follow","max-snippet":"max-snippet:-1","max-image-preview":"max-image-preview:large","max-video-preview":"max-video-preview:-1"},"canonical":"https:\/\/kamexbhp.pl\/sklep\/produkt\/brixton-flash-spodnie-ogrodniczki\/","og_locale":"pl_PL","og_type":"article","og_title":"BRIXTON FLASH SPODNIE OGRODNICZKI - KAMEX BHP - SKLEP INTERNETOWY Z ARTYKU\u0141AMI BHP NAJWY\u017bSZEJ JAKO\u015aCI","og_description":"BRIXTON FLASH to trwa\u0142e spodnie ogrodniczki BHP w kolorach pomara\u0144czowo-granatowym i \u017c\u00f3\u0142to-granatowym. Regulowane szelki, wzmocnione kieszenie i elementy odblaskowe zapewniaj\u0105 komfort oraz bezpiecze\u0144stwo w pracy.","og_url":"https:\/\/kamexbhp.pl\/sklep\/produkt\/brixton-flash-spodnie-ogrodniczki\/","og_site_name":"KAMEX BHP - SKLEP INTERNETOWY Z ARTYKU\u0141AMI BHP NAJWY\u017bSZEJ JAKO\u015aCI","article_publisher":"https:\/\/www.facebook.com\/bhp.kamex","article_modified_time":"2024-10-11T15:27:59+00:00","og_image":[{"width":350,"height":405,"url":"https:\/\/kamexbhp.pl\/sklep\/wp-content\/uploads\/2024\/10\/1-23.jpg","type":"image\/jpeg"}],"twitter_card":"summary_large_image","twitter_misc":{"Szacowany czas czytania":"2 minuty"},"schema":{"@context":"https:\/\/schema.org","@graph":[{"@type":"WebPage","@id":"https:\/\/kamexbhp.pl\/sklep\/produkt\/brixton-flash-spodnie-ogrodniczki\/","url":"https:\/\/kamexbhp.pl\/sklep\/produkt\/brixton-flash-spodnie-ogrodniczki\/","name":"BRIXTON FLASH SPODNIE OGRODNICZKI - KAMEX BHP - SKLEP INTERNETOWY Z ARTYKU\u0141AMI BHP NAJWY\u017bSZEJ JAKO\u015aCI","isPartOf":{"@id":"https:\/\/kamexbhp.pl\/sklep\/#website"},"primaryImageOfPage":{"@id":"https:\/\/kamexbhp.pl\/sklep\/produkt\/brixton-flash-spodnie-ogrodniczki\/#primaryimage"},"image":{"@id":"https:\/\/kamexbhp.pl\/sklep\/produkt\/brixton-flash-spodnie-ogrodniczki\/#primaryimage"},"thumbnailUrl":"https:\/\/kamexbhp.pl\/sklep\/wp-content\/uploads\/2024\/10\/1-23.jpg","datePublished":"2024-10-11T08:10:14+00:00","dateModified":"2024-10-11T15:27:59+00:00","description":"BRIXTON FLASH to trwa\u0142e spodnie ogrodniczki BHP w kolorach pomara\u0144czowo-granatowym i \u017c\u00f3\u0142to-granatowym. Regulowane szelki, wzmocnione kieszenie i elementy odblaskowe zapewniaj\u0105 komfort oraz bezpiecze\u0144stwo w pracy.","breadcrumb":{"@id":"https:\/\/kamexbhp.pl\/sklep\/produkt\/brixton-flash-spodnie-ogrodniczki\/#breadcrumb"},"inLanguage":"pl-PL","potentialAction":[{"@type":"ReadAction","target":["https:\/\/kamexbhp.pl\/sklep\/produkt\/brixton-flash-spodnie-ogrodniczki\/"]}]},{"@type":"ImageObject","inLanguage":"pl-PL","@id":"https:\/\/kamexbhp.pl\/sklep\/produkt\/brixton-flash-spodnie-ogrodniczki\/#primaryimage","url":"https:\/\/kamexbhp.pl\/sklep\/wp-content\/uploads\/2024\/10\/1-23.jpg","contentUrl":"https:\/\/kamexbhp.pl\/sklep\/wp-content\/uploads\/2024\/10\/1-23.jpg","width":350,"height":405,"caption":"ogrodniczki ostrzegawcze"},{"@type":"BreadcrumbList","@id":"https:\/\/kamexbhp.pl\/sklep\/produkt\/brixton-flash-spodnie-ogrodniczki\/#breadcrumb","itemListElement":[{"@type":"ListItem","position":1,"name":"Strona g\u0142\u00f3wna","item":"https:\/\/kamexbhp.pl\/sklep\/"},{"@type":"ListItem","position":2,"name":"Sklep","item":"https:\/\/kamexbhp.pl\/sklep\/sklep\/"},{"@type":"ListItem","position":3,"name":"BRIXTON FLASH SPODNIE OGRODNICZKI"}]},{"@type":"WebSite","@id":"https:\/\/kamexbhp.pl\/sklep\/#website","url":"https:\/\/kamexbhp.pl\/sklep\/","name":"KAMEX BHP - SKLEP INTERNETOWY Z ARTYKU\u0141AMI BHP NAJWY\u017bSZEJ JAKO\u015aCI","description":"Artuku\u0142y BHP najwy\u017cszej jako\u015bci!","publisher":{"@id":"https:\/\/kamexbhp.pl\/sklep\/#organization"},"potentialAction":[{"@type":"SearchAction","target":{"@type":"EntryPoint","urlTemplate":"https:\/\/kamexbhp.pl\/sklep\/?s={search_term_string}"},"query-input":{"@type":"PropertyValueSpecification","valueRequired":true,"valueName":"search_term_string"}}],"inLanguage":"pl-PL"},{"@type":"Organization","@id":"https:\/\/kamexbhp.pl\/sklep\/#organization","name":"KAMEX-BHP - SKLEP BHP - Odzie\u017c i obuwie robocze","url":"https:\/\/kamexbhp.pl\/sklep\/","logo":{"@type":"ImageObject","inLanguage":"pl-PL","@id":"https:\/\/kamexbhp.pl\/sklep\/#\/schema\/logo\/image\/","url":"https:\/\/kamexbhp.pl\/sklep\/wp-content\/uploads\/2025\/01\/KAMEX-BHP-Logo-1080-x-1080.png","contentUrl":"https:\/\/kamexbhp.pl\/sklep\/wp-content\/uploads\/2025\/01\/KAMEX-BHP-Logo-1080-x-1080.png","width":1080,"height":1080,"caption":"KAMEX-BHP - SKLEP BHP - Odzie\u017c i obuwie robocze"},"image":{"@id":"https:\/\/kamexbhp.pl\/sklep\/#\/schema\/logo\/image\/"},"sameAs":["https:\/\/www.facebook.com\/bhp.kamex","https:\/\/www.instagram.com\/kamexbhp\/"]}]}},"_links":{"self":[{"href":"https:\/\/kamexbhp.pl\/sklep\/wp-json\/wp\/v2\/product\/7467","targetHints":{"allow":["GET"]}}],"collection":[{"href":"https:\/\/kamexbhp.pl\/sklep\/wp-json\/wp\/v2\/product"}],"about":[{"href":"https:\/\/kamexbhp.pl\/sklep\/wp-json\/wp\/v2\/types\/product"}],"replies":[{"embeddable":true,"href":"https:\/\/kamexbhp.pl\/sklep\/wp-json\/wp\/v2\/comments?post=7467"}],"version-history":[{"count":3,"href":"https:\/\/kamexbhp.pl\/sklep\/wp-json\/wp\/v2\/product\/7467\/revisions"}],"predecessor-version":[{"id":7655,"href":"https:\/\/kamexbhp.pl\/sklep\/wp-json\/wp\/v2\/product\/7467\/revisions\/7655"}],"wp:featuredmedia":[{"embeddable":true,"href":"https:\/\/kamexbhp.pl\/sklep\/wp-json\/wp\/v2\/media\/7468"}],"wp:attachment":[{"href":"https:\/\/kamexbhp.pl\/sklep\/wp-json\/wp\/v2\/media?parent=7467"}],"wp:term":[{"taxonomy":"product_brand","embeddable":true,"href":"https:\/\/kamexbhp.pl\/sklep\/wp-json\/wp\/v2\/product_brand?post=7467"},{"taxonomy":"product_cat","embeddable":true,"href":"https:\/\/kamexbhp.pl\/sklep\/wp-json\/wp\/v2\/product_cat?post=7467"},{"taxonomy":"product_tag","embeddable":true,"href":"https:\/\/kamexbhp.pl\/sklep\/wp-json\/wp\/v2\/product_tag?post=7467"}],"curies":[{"name":"wp","href":"https:\/\/api.w.org\/{rel}","templated":true}]}}