{"id":6797,"date":"2024-09-19T10:41:52","date_gmt":"2024-09-19T08:41:52","guid":{"rendered":"https:\/\/kamexbhp.pl\/sklep\/?post_type=product&#038;p=6797"},"modified":"2024-11-10T07:52:41","modified_gmt":"2024-11-10T06:52:41","slug":"pasta-bhp-azett-classic","status":"publish","type":"product","link":"https:\/\/kamexbhp.pl\/sklep\/produkt\/pasta-bhp-azett-classic\/","title":{"rendered":"PASTA BHP AZETT CLASSIC"},"content":{"rendered":"<p>Szukasz skutecznego rozwi\u0105zania do usuwania najci\u0119\u017cszych zabrudze\u0144? Nasza <strong>pasta do mycia r\u0105k<\/strong> jest stworzona z my\u015bl\u0105 o Twoich potrzebach. Dzi\u0119ki zastosowaniu wysokiej jako\u015bci m\u0105czki drzewnej jako materia\u0142u \u015bciernego, doskonale radzi sobie z nawet najtrudniejszymi zabrudzeniami, jednocze\u015bnie dbaj\u0105c o sk\u00f3r\u0119.<\/p>\n<p><strong>Dlaczego warto wybra\u0107 nasz\u0105 past\u0119?<\/strong><\/p>\n<ul>\n<li><strong>Bezpieczna i przyjazna dla sk\u00f3ry:<\/strong> Nasza pasta nie zawiera rozpuszczalnik\u00f3w, silikon\u00f3w ani produkt\u00f3w ropopochodnych, takich jak parafina. Jest wolna od mikroplastiku i myd\u0142a, co zapewnia, \u017ce nie wysusza ani nie podra\u017cnia sk\u00f3ry. Dzi\u0119ki naturalnemu pH (5) i zawarto\u015bci kaolinu, pasta jest idealna dla os\u00f3b z wra\u017cliw\u0105 i such\u0105 sk\u00f3r\u0105.<\/li>\n<li><strong>Efektywne dzia\u0142anie:<\/strong> M\u0105czka drzewna skutecznie usuwa silne zabrudzenia, a celuloza dodaje g\u0142adko\u015bci, u\u0142atwiaj\u0105c rozprowadzanie kosmetyk\u00f3w. Po u\u017cyciu pasta nie pozostawia lepkiego filmu i nie zatyka por\u00f3w sk\u00f3ry.<\/li>\n<li><strong>Przyjazna dla \u015brodowiska:<\/strong> Nasza pasta jest ekologiczna \u2013 nie zawiera mikroplastiku ani szkodliwych substancji. Nie zapycha kanalizacji, co przyczynia si\u0119 do ochrony \u015brodowiska.<\/li>\n<li><strong>Przyjemny zapach:<\/strong> Nasza pasta wyr\u00f3\u017cnia si\u0119 przyjemnym zapachem, kt\u00f3ry uprzyjemnia codzienne mycie r\u0105k.<\/li>\n<\/ul>\n","protected":false},"excerpt":{"rendered":"<p><strong>Wysoce skuteczna, skoncentrowana pasta do mycia r\u0105k<\/strong> idealna do usuwania silnych zabrudze\u0144. Ekonomiczna w u\u017cyciu, zawiera naturalne sk\u0142adniki i drobn\u0105 m\u0105czk\u0119 drzewn\u0105, tworz\u0105c ochronn\u0105 barier\u0119 dla wra\u017cliwej sk\u00f3ry. Dermatologicznie przetestowana, z neutralnym pH, jest ekologiczna i sprawdza si\u0119 podczas oraz po pracy.<\/p>\n","protected":false},"featured_media":6798,"comment_status":"open","ping_status":"closed","template":"","meta":[],"product_brand":[],"product_cat":[349],"product_tag":[1388,1387,1299,1386,1385],"class_list":{"0":"post-6797","1":"product","2":"type-product","3":"status-publish","4":"has-post-thumbnail","6":"product_cat-ochrona-rak","7":"product_tag-ekologiczna-pasta-do-rak","8":"product_tag-naturalna-pasta-do-mycia-rak","9":"product_tag-pasta-do-mycia-rak","10":"product_tag-pasta-do-mycia-rak-bez-silikonow","11":"product_tag-pasta-do-rak-z-maczka-drzewna","13":"first","14":"instock","15":"taxable","16":"shipping-taxable","17":"purchasable","18":"product-type-simple"},"yoast_head":"<!-- This site is optimized with the Yoast SEO plugin v25.6 - https:\/\/yoast.com\/wordpress\/plugins\/seo\/ -->\n<title>PASTA BHP AZETT CLASSIC - KAMEX BHP - SKLEP INTERNETOWY Z ARTYKU\u0141AMI BHP NAJWY\u017bSZEJ JAKO\u015aCI<\/title>\n<meta name=\"description\" content=\"Pasta do mycia r\u0105k: skutecznie usuwa silne zabrudzenia, nie wysusza sk\u00f3ry, jest ekologiczna i przyjazna dla \u015brodowiska, bez silikon\u00f3w, mikroplastiku i myd\u0142a.\" \/>\n<meta name=\"robots\" content=\"index, follow, max-snippet:-1, max-image-preview:large, max-video-preview:-1\" \/>\n<link rel=\"canonical\" href=\"https:\/\/kamexbhp.pl\/sklep\/produkt\/pasta-bhp-azett-classic\/\" \/>\n<meta property=\"og:locale\" content=\"pl_PL\" \/>\n<meta property=\"og:type\" content=\"article\" \/>\n<meta property=\"og:title\" content=\"PASTA BHP AZETT CLASSIC - KAMEX BHP - SKLEP INTERNETOWY Z ARTYKU\u0141AMI BHP NAJWY\u017bSZEJ JAKO\u015aCI\" \/>\n<meta property=\"og:description\" content=\"Pasta do mycia r\u0105k: skutecznie usuwa silne zabrudzenia, nie wysusza sk\u00f3ry, jest ekologiczna i przyjazna dla \u015brodowiska, bez silikon\u00f3w, mikroplastiku i myd\u0142a.\" \/>\n<meta property=\"og:url\" content=\"https:\/\/kamexbhp.pl\/sklep\/produkt\/pasta-bhp-azett-classic\/\" \/>\n<meta property=\"og:site_name\" content=\"KAMEX BHP - SKLEP INTERNETOWY Z ARTYKU\u0141AMI BHP NAJWY\u017bSZEJ JAKO\u015aCI\" \/>\n<meta property=\"article:publisher\" content=\"https:\/\/www.facebook.com\/bhp.kamex\" \/>\n<meta property=\"article:modified_time\" content=\"2024-11-10T06:52:41+00:00\" \/>\n<meta property=\"og:image\" content=\"https:\/\/kamexbhp.pl\/sklep\/wp-content\/uploads\/2024\/09\/AZETT-CLASSIC-Niemiecka-Pasta-BHP-do-mycia-rak-500-ml.webp\" \/>\n\t<meta property=\"og:image:width\" content=\"128\" \/>\n\t<meta property=\"og:image:height\" content=\"104\" \/>\n\t<meta property=\"og:image:type\" content=\"image\/webp\" \/>\n<meta name=\"twitter:card\" content=\"summary_large_image\" \/>\n<meta name=\"twitter:label1\" content=\"Szacowany czas czytania\" \/>\n\t<meta name=\"twitter:data1\" content=\"2 minuty\" \/>\n<script type=\"application\/ld+json\" class=\"yoast-schema-graph\">{\"@context\":\"https:\/\/schema.org\",\"@graph\":[{\"@type\":\"WebPage\",\"@id\":\"https:\/\/kamexbhp.pl\/sklep\/produkt\/pasta-bhp-azett-classic\/\",\"url\":\"https:\/\/kamexbhp.pl\/sklep\/produkt\/pasta-bhp-azett-classic\/\",\"name\":\"PASTA BHP AZETT CLASSIC - KAMEX BHP - SKLEP INTERNETOWY Z ARTYKU\u0141AMI BHP NAJWY\u017bSZEJ JAKO\u015aCI\",\"isPartOf\":{\"@id\":\"https:\/\/kamexbhp.pl\/sklep\/#website\"},\"primaryImageOfPage\":{\"@id\":\"https:\/\/kamexbhp.pl\/sklep\/produkt\/pasta-bhp-azett-classic\/#primaryimage\"},\"image\":{\"@id\":\"https:\/\/kamexbhp.pl\/sklep\/produkt\/pasta-bhp-azett-classic\/#primaryimage\"},\"thumbnailUrl\":\"https:\/\/kamexbhp.pl\/sklep\/wp-content\/uploads\/2024\/09\/AZETT-CLASSIC-Niemiecka-Pasta-BHP-do-mycia-rak-500-ml.webp\",\"datePublished\":\"2024-09-19T08:41:52+00:00\",\"dateModified\":\"2024-11-10T06:52:41+00:00\",\"description\":\"Pasta do mycia r\u0105k: skutecznie usuwa silne zabrudzenia, nie wysusza sk\u00f3ry, jest ekologiczna i przyjazna dla \u015brodowiska, bez silikon\u00f3w, mikroplastiku i myd\u0142a.\",\"breadcrumb\":{\"@id\":\"https:\/\/kamexbhp.pl\/sklep\/produkt\/pasta-bhp-azett-classic\/#breadcrumb\"},\"inLanguage\":\"pl-PL\",\"potentialAction\":[{\"@type\":\"ReadAction\",\"target\":[\"https:\/\/kamexbhp.pl\/sklep\/produkt\/pasta-bhp-azett-classic\/\"]}]},{\"@type\":\"ImageObject\",\"inLanguage\":\"pl-PL\",\"@id\":\"https:\/\/kamexbhp.pl\/sklep\/produkt\/pasta-bhp-azett-classic\/#primaryimage\",\"url\":\"https:\/\/kamexbhp.pl\/sklep\/wp-content\/uploads\/2024\/09\/AZETT-CLASSIC-Niemiecka-Pasta-BHP-do-mycia-rak-500-ml.webp\",\"contentUrl\":\"https:\/\/kamexbhp.pl\/sklep\/wp-content\/uploads\/2024\/09\/AZETT-CLASSIC-Niemiecka-Pasta-BHP-do-mycia-rak-500-ml.webp\",\"width\":128,\"height\":104,\"caption\":\"pasta do mycia r\u0105k\"},{\"@type\":\"BreadcrumbList\",\"@id\":\"https:\/\/kamexbhp.pl\/sklep\/produkt\/pasta-bhp-azett-classic\/#breadcrumb\",\"itemListElement\":[{\"@type\":\"ListItem\",\"position\":1,\"name\":\"Strona g\u0142\u00f3wna\",\"item\":\"https:\/\/kamexbhp.pl\/sklep\/\"},{\"@type\":\"ListItem\",\"position\":2,\"name\":\"Sklep\",\"item\":\"https:\/\/kamexbhp.pl\/sklep\/sklep\/\"},{\"@type\":\"ListItem\",\"position\":3,\"name\":\"PASTA BHP AZETT CLASSIC\"}]},{\"@type\":\"WebSite\",\"@id\":\"https:\/\/kamexbhp.pl\/sklep\/#website\",\"url\":\"https:\/\/kamexbhp.pl\/sklep\/\",\"name\":\"KAMEX BHP - SKLEP INTERNETOWY Z ARTYKU\u0141AMI BHP NAJWY\u017bSZEJ JAKO\u015aCI\",\"description\":\"Artuku\u0142y BHP najwy\u017cszej jako\u015bci!\",\"publisher\":{\"@id\":\"https:\/\/kamexbhp.pl\/sklep\/#organization\"},\"potentialAction\":[{\"@type\":\"SearchAction\",\"target\":{\"@type\":\"EntryPoint\",\"urlTemplate\":\"https:\/\/kamexbhp.pl\/sklep\/?s={search_term_string}\"},\"query-input\":{\"@type\":\"PropertyValueSpecification\",\"valueRequired\":true,\"valueName\":\"search_term_string\"}}],\"inLanguage\":\"pl-PL\"},{\"@type\":\"Organization\",\"@id\":\"https:\/\/kamexbhp.pl\/sklep\/#organization\",\"name\":\"KAMEX-BHP - SKLEP BHP - Odzie\u017c i obuwie robocze\",\"url\":\"https:\/\/kamexbhp.pl\/sklep\/\",\"logo\":{\"@type\":\"ImageObject\",\"inLanguage\":\"pl-PL\",\"@id\":\"https:\/\/kamexbhp.pl\/sklep\/#\/schema\/logo\/image\/\",\"url\":\"https:\/\/kamexbhp.pl\/sklep\/wp-content\/uploads\/2025\/01\/KAMEX-BHP-Logo-1080-x-1080.png\",\"contentUrl\":\"https:\/\/kamexbhp.pl\/sklep\/wp-content\/uploads\/2025\/01\/KAMEX-BHP-Logo-1080-x-1080.png\",\"width\":1080,\"height\":1080,\"caption\":\"KAMEX-BHP - SKLEP BHP - Odzie\u017c i obuwie robocze\"},\"image\":{\"@id\":\"https:\/\/kamexbhp.pl\/sklep\/#\/schema\/logo\/image\/\"},\"sameAs\":[\"https:\/\/www.facebook.com\/bhp.kamex\",\"https:\/\/www.instagram.com\/kamexbhp\/\"]}]}<\/script>\n<!-- \/ Yoast SEO plugin. -->","yoast_head_json":{"title":"PASTA BHP AZETT CLASSIC - KAMEX BHP - SKLEP INTERNETOWY Z ARTYKU\u0141AMI BHP NAJWY\u017bSZEJ JAKO\u015aCI","description":"Pasta do mycia r\u0105k: skutecznie usuwa silne zabrudzenia, nie wysusza sk\u00f3ry, jest ekologiczna i przyjazna dla \u015brodowiska, bez silikon\u00f3w, mikroplastiku i myd\u0142a.","robots":{"index":"index","follow":"follow","max-snippet":"max-snippet:-1","max-image-preview":"max-image-preview:large","max-video-preview":"max-video-preview:-1"},"canonical":"https:\/\/kamexbhp.pl\/sklep\/produkt\/pasta-bhp-azett-classic\/","og_locale":"pl_PL","og_type":"article","og_title":"PASTA BHP AZETT CLASSIC - KAMEX BHP - SKLEP INTERNETOWY Z ARTYKU\u0141AMI BHP NAJWY\u017bSZEJ JAKO\u015aCI","og_description":"Pasta do mycia r\u0105k: skutecznie usuwa silne zabrudzenia, nie wysusza sk\u00f3ry, jest ekologiczna i przyjazna dla \u015brodowiska, bez silikon\u00f3w, mikroplastiku i myd\u0142a.","og_url":"https:\/\/kamexbhp.pl\/sklep\/produkt\/pasta-bhp-azett-classic\/","og_site_name":"KAMEX BHP - SKLEP INTERNETOWY Z ARTYKU\u0141AMI BHP NAJWY\u017bSZEJ JAKO\u015aCI","article_publisher":"https:\/\/www.facebook.com\/bhp.kamex","article_modified_time":"2024-11-10T06:52:41+00:00","og_image":[{"width":128,"height":104,"url":"https:\/\/kamexbhp.pl\/sklep\/wp-content\/uploads\/2024\/09\/AZETT-CLASSIC-Niemiecka-Pasta-BHP-do-mycia-rak-500-ml.webp","type":"image\/webp"}],"twitter_card":"summary_large_image","twitter_misc":{"Szacowany czas czytania":"2 minuty"},"schema":{"@context":"https:\/\/schema.org","@graph":[{"@type":"WebPage","@id":"https:\/\/kamexbhp.pl\/sklep\/produkt\/pasta-bhp-azett-classic\/","url":"https:\/\/kamexbhp.pl\/sklep\/produkt\/pasta-bhp-azett-classic\/","name":"PASTA BHP AZETT CLASSIC - KAMEX BHP - SKLEP INTERNETOWY Z ARTYKU\u0141AMI BHP NAJWY\u017bSZEJ JAKO\u015aCI","isPartOf":{"@id":"https:\/\/kamexbhp.pl\/sklep\/#website"},"primaryImageOfPage":{"@id":"https:\/\/kamexbhp.pl\/sklep\/produkt\/pasta-bhp-azett-classic\/#primaryimage"},"image":{"@id":"https:\/\/kamexbhp.pl\/sklep\/produkt\/pasta-bhp-azett-classic\/#primaryimage"},"thumbnailUrl":"https:\/\/kamexbhp.pl\/sklep\/wp-content\/uploads\/2024\/09\/AZETT-CLASSIC-Niemiecka-Pasta-BHP-do-mycia-rak-500-ml.webp","datePublished":"2024-09-19T08:41:52+00:00","dateModified":"2024-11-10T06:52:41+00:00","description":"Pasta do mycia r\u0105k: skutecznie usuwa silne zabrudzenia, nie wysusza sk\u00f3ry, jest ekologiczna i przyjazna dla \u015brodowiska, bez silikon\u00f3w, mikroplastiku i myd\u0142a.","breadcrumb":{"@id":"https:\/\/kamexbhp.pl\/sklep\/produkt\/pasta-bhp-azett-classic\/#breadcrumb"},"inLanguage":"pl-PL","potentialAction":[{"@type":"ReadAction","target":["https:\/\/kamexbhp.pl\/sklep\/produkt\/pasta-bhp-azett-classic\/"]}]},{"@type":"ImageObject","inLanguage":"pl-PL","@id":"https:\/\/kamexbhp.pl\/sklep\/produkt\/pasta-bhp-azett-classic\/#primaryimage","url":"https:\/\/kamexbhp.pl\/sklep\/wp-content\/uploads\/2024\/09\/AZETT-CLASSIC-Niemiecka-Pasta-BHP-do-mycia-rak-500-ml.webp","contentUrl":"https:\/\/kamexbhp.pl\/sklep\/wp-content\/uploads\/2024\/09\/AZETT-CLASSIC-Niemiecka-Pasta-BHP-do-mycia-rak-500-ml.webp","width":128,"height":104,"caption":"pasta do mycia r\u0105k"},{"@type":"BreadcrumbList","@id":"https:\/\/kamexbhp.pl\/sklep\/produkt\/pasta-bhp-azett-classic\/#breadcrumb","itemListElement":[{"@type":"ListItem","position":1,"name":"Strona g\u0142\u00f3wna","item":"https:\/\/kamexbhp.pl\/sklep\/"},{"@type":"ListItem","position":2,"name":"Sklep","item":"https:\/\/kamexbhp.pl\/sklep\/sklep\/"},{"@type":"ListItem","position":3,"name":"PASTA BHP AZETT CLASSIC"}]},{"@type":"WebSite","@id":"https:\/\/kamexbhp.pl\/sklep\/#website","url":"https:\/\/kamexbhp.pl\/sklep\/","name":"KAMEX BHP - SKLEP INTERNETOWY Z ARTYKU\u0141AMI BHP NAJWY\u017bSZEJ JAKO\u015aCI","description":"Artuku\u0142y BHP najwy\u017cszej jako\u015bci!","publisher":{"@id":"https:\/\/kamexbhp.pl\/sklep\/#organization"},"potentialAction":[{"@type":"SearchAction","target":{"@type":"EntryPoint","urlTemplate":"https:\/\/kamexbhp.pl\/sklep\/?s={search_term_string}"},"query-input":{"@type":"PropertyValueSpecification","valueRequired":true,"valueName":"search_term_string"}}],"inLanguage":"pl-PL"},{"@type":"Organization","@id":"https:\/\/kamexbhp.pl\/sklep\/#organization","name":"KAMEX-BHP - SKLEP BHP - Odzie\u017c i obuwie robocze","url":"https:\/\/kamexbhp.pl\/sklep\/","logo":{"@type":"ImageObject","inLanguage":"pl-PL","@id":"https:\/\/kamexbhp.pl\/sklep\/#\/schema\/logo\/image\/","url":"https:\/\/kamexbhp.pl\/sklep\/wp-content\/uploads\/2025\/01\/KAMEX-BHP-Logo-1080-x-1080.png","contentUrl":"https:\/\/kamexbhp.pl\/sklep\/wp-content\/uploads\/2025\/01\/KAMEX-BHP-Logo-1080-x-1080.png","width":1080,"height":1080,"caption":"KAMEX-BHP - SKLEP BHP - Odzie\u017c i obuwie robocze"},"image":{"@id":"https:\/\/kamexbhp.pl\/sklep\/#\/schema\/logo\/image\/"},"sameAs":["https:\/\/www.facebook.com\/bhp.kamex","https:\/\/www.instagram.com\/kamexbhp\/"]}]}},"_links":{"self":[{"href":"https:\/\/kamexbhp.pl\/sklep\/wp-json\/wp\/v2\/product\/6797","targetHints":{"allow":["GET"]}}],"collection":[{"href":"https:\/\/kamexbhp.pl\/sklep\/wp-json\/wp\/v2\/product"}],"about":[{"href":"https:\/\/kamexbhp.pl\/sklep\/wp-json\/wp\/v2\/types\/product"}],"replies":[{"embeddable":true,"href":"https:\/\/kamexbhp.pl\/sklep\/wp-json\/wp\/v2\/comments?post=6797"}],"version-history":[{"count":1,"href":"https:\/\/kamexbhp.pl\/sklep\/wp-json\/wp\/v2\/product\/6797\/revisions"}],"predecessor-version":[{"id":6802,"href":"https:\/\/kamexbhp.pl\/sklep\/wp-json\/wp\/v2\/product\/6797\/revisions\/6802"}],"wp:featuredmedia":[{"embeddable":true,"href":"https:\/\/kamexbhp.pl\/sklep\/wp-json\/wp\/v2\/media\/6798"}],"wp:attachment":[{"href":"https:\/\/kamexbhp.pl\/sklep\/wp-json\/wp\/v2\/media?parent=6797"}],"wp:term":[{"taxonomy":"product_brand","embeddable":true,"href":"https:\/\/kamexbhp.pl\/sklep\/wp-json\/wp\/v2\/product_brand?post=6797"},{"taxonomy":"product_cat","embeddable":true,"href":"https:\/\/kamexbhp.pl\/sklep\/wp-json\/wp\/v2\/product_cat?post=6797"},{"taxonomy":"product_tag","embeddable":true,"href":"https:\/\/kamexbhp.pl\/sklep\/wp-json\/wp\/v2\/product_tag?post=6797"}],"curies":[{"name":"wp","href":"https:\/\/api.w.org\/{rel}","templated":true}]}}