{"id":6148,"date":"2024-09-11T16:34:38","date_gmt":"2024-09-11T14:34:38","guid":{"rendered":"https:\/\/kamexbhp.pl\/sklep\/?post_type=product&#038;p=6148"},"modified":"2025-08-22T08:38:24","modified_gmt":"2025-08-22T06:38:24","slug":"ardon-spodenki-xstretch","status":"publish","type":"product","link":"https:\/\/kamexbhp.pl\/sklep\/produkt\/ardon-spodenki-xstretch\/","title":{"rendered":"ARDON Spodenki Xstretch"},"content":{"rendered":"<p><strong>ARDON Spodenki Xstretch \u2013 Szorty robocze z elastycznej bawe\u0142ny Amalytton\u00ae<\/strong><\/p>\n<p>Szorty robocze <strong>ARDON Xstretch<\/strong> to po\u0142\u0105czenie ergonomii, funkcjonalno\u015bci oraz wyj\u0105tkowej wytrzyma\u0142o\u015bci. Wykonane z innowacyjnego materia\u0142u <strong>Amalytton\u00ae<\/strong>, gwarantuj\u0105 nie tylko zwi\u0119kszon\u0105 trwa\u0142o\u015b\u0107 tkaniny bawe\u0142nianej, ale tak\u017ce pe\u0142en komfort i elastyczno\u015b\u0107. Naturalna oddychalno\u015b\u0107 materia\u0142u sprawia, \u017ce spodenki s\u0105 idealne do codziennej pracy w wymagaj\u0105cych warunkach.<\/p>\n<p><strong>Najwa\u017cniejsze cechy produktu:<\/strong><\/p>\n<ul>\n<li><strong>Materia\u0142 Amalytton\u00ae<\/strong> \u2013 trwa\u0142y, elastyczny, zapewniaj\u0105cy wygod\u0119 i przewiewno\u015b\u0107.<\/li>\n<li><strong>Tabiflex\u00ae<\/strong> \u2013 wysoce elastyczny materia\u0142 na ods\u0142oni\u0119tych obszarach, co zwi\u0119ksza odporno\u015b\u0107 na uszkodzenia.<\/li>\n<li><strong>Ergonomiczny kr\u00f3j<\/strong> \u2013 dopasowany, zapewnia pe\u0142n\u0105 swobod\u0119 ruchu.<\/li>\n<li><strong>Elastyczny pas<\/strong> \u2013 z ukryt\u0105 podw\u00f3jn\u0105 p\u0119telk\u0105 z ty\u0142u dla wygodnego dopasowania paska.<\/li>\n<li><strong>Liczne kieszenie<\/strong> \u2013 2 g\u0142\u0119bokie wpuszczane kieszenie, kiesze\u0144 na narz\u0119dzia, wielofunkcyjna kiesze\u0144 na linijk\u0119, \u015brubokr\u0119t, n\u00f3\u017c, a tak\u017ce du\u017ca kiesze\u0144 z patk\u0105 na napy.<\/li>\n<li><strong>Wysoka widoczno\u015b\u0107<\/strong> \u2013 paski odblaskowe z przodu i z ty\u0142u oraz akcesoria Hi-Vis, kt\u00f3re zwi\u0119kszaj\u0105 bezpiecze\u0144stwo pracy w warunkach o ograniczonej widoczno\u015bci.<\/li>\n<li><strong>Dodatkowe funkcje<\/strong> \u2013 pier\u015bcie\u0144 D na karabi\u0144czyk oraz tylne kieszenie, w tym prawa zamykana patk\u0105 z zatrzaskiem.<\/li>\n<\/ul>\n","protected":false},"excerpt":{"rendered":"<p><strong>ARDON Spodenki Xstretch<\/strong> to elastyczne szorty robocze z materia\u0142u Amalytton\u00ae zapewniaj\u0105cego trwa\u0142o\u015b\u0107 i komfort. Wyposa\u017cone w liczne kieszenie, elastyczny pas i odblaskowe akcesoria, oferuj\u0105 funkcjonalno\u015b\u0107 i bezpiecze\u0144stwo w pracy. Ergonomiczny kr\u00f3j i materia\u0142 Tabiflex\u00ae zapewniaj\u0105 wygod\u0119 i odporno\u015b\u0107 na uszkodzenia.<\/p>\n","protected":false},"featured_media":6159,"comment_status":"open","ping_status":"closed","template":"","meta":[],"product_brand":[],"product_cat":[1035],"product_tag":[1103,1096,1105,1102,1106,1104],"class_list":{"0":"post-6148","1":"product","2":"type-product","3":"status-publish","4":"has-post-thumbnail","6":"product_cat-krotkie-spodenki-spodnie","7":"product_tag-elastyczne-spodenki-robocze","8":"product_tag-odziez-bhp-opole","9":"product_tag-odziez-robocza-z-kieszeniami-na-narzedzia","10":"product_tag-spodenki-robocze-ardon-xstretch","11":"product_tag-spodenki-z-odblaskami","12":"product_tag-wytrzymale-spodenki-bhp","14":"first","15":"instock","16":"taxable","17":"shipping-taxable","18":"purchasable","19":"product-type-variable"},"yoast_head":"<!-- This site is optimized with the Yoast SEO plugin v25.6 - https:\/\/yoast.com\/wordpress\/plugins\/seo\/ -->\n<title>ARDON Spodenki Xstretch - KAMEX BHP - SKLEP INTERNETOWY Z ARTYKU\u0141AMI BHP NAJWY\u017bSZEJ JAKO\u015aCI<\/title>\n<meta name=\"description\" content=\"ARDON Spodenki Xstretch s\u0105 idealne dla profesjonalist\u00f3w. Wykonane z elastycznej bawe\u0142ny Amalytton, oferuj\u0105 doskona\u0142\u0105 trwa\u0142o\u015b\u0107, wygod\u0119 i funkcjonalno\u015b\u0107. Ergonomiczny kr\u00f3j i liczne kieszenie sprawiaj\u0105, \u017ce s\u0105 niezast\u0105pione w pracy.\" \/>\n<meta name=\"robots\" content=\"index, follow, max-snippet:-1, max-image-preview:large, max-video-preview:-1\" \/>\n<link rel=\"canonical\" href=\"https:\/\/kamexbhp.pl\/sklep\/produkt\/ardon-spodenki-xstretch\/\" \/>\n<meta property=\"og:locale\" content=\"pl_PL\" \/>\n<meta property=\"og:type\" content=\"article\" \/>\n<meta property=\"og:title\" content=\"ARDON Spodenki Xstretch - KAMEX BHP - SKLEP INTERNETOWY Z ARTYKU\u0141AMI BHP NAJWY\u017bSZEJ JAKO\u015aCI\" \/>\n<meta property=\"og:description\" content=\"ARDON Spodenki Xstretch s\u0105 idealne dla profesjonalist\u00f3w. Wykonane z elastycznej bawe\u0142ny Amalytton, oferuj\u0105 doskona\u0142\u0105 trwa\u0142o\u015b\u0107, wygod\u0119 i funkcjonalno\u015b\u0107. Ergonomiczny kr\u00f3j i liczne kieszenie sprawiaj\u0105, \u017ce s\u0105 niezast\u0105pione w pracy.\" \/>\n<meta property=\"og:url\" content=\"https:\/\/kamexbhp.pl\/sklep\/produkt\/ardon-spodenki-xstretch\/\" \/>\n<meta property=\"og:site_name\" content=\"KAMEX BHP - SKLEP INTERNETOWY Z ARTYKU\u0141AMI BHP NAJWY\u017bSZEJ JAKO\u015aCI\" \/>\n<meta property=\"article:publisher\" content=\"https:\/\/www.facebook.com\/bhp.kamex\" \/>\n<meta property=\"article:modified_time\" content=\"2025-08-22T06:38:24+00:00\" \/>\n<meta property=\"og:image\" content=\"https:\/\/kamexbhp.pl\/sklep\/wp-content\/uploads\/2024\/09\/6c507f4e47b8aaec041d341b50831002_1_1024x768.jpg\" \/>\n\t<meta property=\"og:image:width\" content=\"1024\" \/>\n\t<meta property=\"og:image:height\" content=\"768\" \/>\n\t<meta property=\"og:image:type\" content=\"image\/jpeg\" \/>\n<meta name=\"twitter:card\" content=\"summary_large_image\" \/>\n<meta name=\"twitter:label1\" content=\"Szacowany czas czytania\" \/>\n\t<meta name=\"twitter:data1\" content=\"2 minuty\" \/>\n<script type=\"application\/ld+json\" class=\"yoast-schema-graph\">{\"@context\":\"https:\/\/schema.org\",\"@graph\":[{\"@type\":\"WebPage\",\"@id\":\"https:\/\/kamexbhp.pl\/sklep\/produkt\/ardon-spodenki-xstretch\/\",\"url\":\"https:\/\/kamexbhp.pl\/sklep\/produkt\/ardon-spodenki-xstretch\/\",\"name\":\"ARDON Spodenki Xstretch - KAMEX BHP - SKLEP INTERNETOWY Z ARTYKU\u0141AMI BHP NAJWY\u017bSZEJ JAKO\u015aCI\",\"isPartOf\":{\"@id\":\"https:\/\/kamexbhp.pl\/sklep\/#website\"},\"primaryImageOfPage\":{\"@id\":\"https:\/\/kamexbhp.pl\/sklep\/produkt\/ardon-spodenki-xstretch\/#primaryimage\"},\"image\":{\"@id\":\"https:\/\/kamexbhp.pl\/sklep\/produkt\/ardon-spodenki-xstretch\/#primaryimage\"},\"thumbnailUrl\":\"https:\/\/kamexbhp.pl\/sklep\/wp-content\/uploads\/2024\/09\/6c507f4e47b8aaec041d341b50831002_1_1024x768.jpg\",\"datePublished\":\"2024-09-11T14:34:38+00:00\",\"dateModified\":\"2025-08-22T06:38:24+00:00\",\"description\":\"ARDON Spodenki Xstretch s\u0105 idealne dla profesjonalist\u00f3w. Wykonane z elastycznej bawe\u0142ny Amalytton, oferuj\u0105 doskona\u0142\u0105 trwa\u0142o\u015b\u0107, wygod\u0119 i funkcjonalno\u015b\u0107. Ergonomiczny kr\u00f3j i liczne kieszenie sprawiaj\u0105, \u017ce s\u0105 niezast\u0105pione w pracy.\",\"breadcrumb\":{\"@id\":\"https:\/\/kamexbhp.pl\/sklep\/produkt\/ardon-spodenki-xstretch\/#breadcrumb\"},\"inLanguage\":\"pl-PL\",\"potentialAction\":[{\"@type\":\"ReadAction\",\"target\":[\"https:\/\/kamexbhp.pl\/sklep\/produkt\/ardon-spodenki-xstretch\/\"]}]},{\"@type\":\"ImageObject\",\"inLanguage\":\"pl-PL\",\"@id\":\"https:\/\/kamexbhp.pl\/sklep\/produkt\/ardon-spodenki-xstretch\/#primaryimage\",\"url\":\"https:\/\/kamexbhp.pl\/sklep\/wp-content\/uploads\/2024\/09\/6c507f4e47b8aaec041d341b50831002_1_1024x768.jpg\",\"contentUrl\":\"https:\/\/kamexbhp.pl\/sklep\/wp-content\/uploads\/2024\/09\/6c507f4e47b8aaec041d341b50831002_1_1024x768.jpg\",\"width\":1024,\"height\":768,\"caption\":\"krotkie spodenki\"},{\"@type\":\"BreadcrumbList\",\"@id\":\"https:\/\/kamexbhp.pl\/sklep\/produkt\/ardon-spodenki-xstretch\/#breadcrumb\",\"itemListElement\":[{\"@type\":\"ListItem\",\"position\":1,\"name\":\"Strona g\u0142\u00f3wna\",\"item\":\"https:\/\/kamexbhp.pl\/sklep\/\"},{\"@type\":\"ListItem\",\"position\":2,\"name\":\"Sklep\",\"item\":\"https:\/\/kamexbhp.pl\/sklep\/sklep\/\"},{\"@type\":\"ListItem\",\"position\":3,\"name\":\"ARDON Spodenki Xstretch\"}]},{\"@type\":\"WebSite\",\"@id\":\"https:\/\/kamexbhp.pl\/sklep\/#website\",\"url\":\"https:\/\/kamexbhp.pl\/sklep\/\",\"name\":\"KAMEX BHP - SKLEP INTERNETOWY Z ARTYKU\u0141AMI BHP NAJWY\u017bSZEJ JAKO\u015aCI\",\"description\":\"Artuku\u0142y BHP najwy\u017cszej jako\u015bci!\",\"publisher\":{\"@id\":\"https:\/\/kamexbhp.pl\/sklep\/#organization\"},\"potentialAction\":[{\"@type\":\"SearchAction\",\"target\":{\"@type\":\"EntryPoint\",\"urlTemplate\":\"https:\/\/kamexbhp.pl\/sklep\/?s={search_term_string}\"},\"query-input\":{\"@type\":\"PropertyValueSpecification\",\"valueRequired\":true,\"valueName\":\"search_term_string\"}}],\"inLanguage\":\"pl-PL\"},{\"@type\":\"Organization\",\"@id\":\"https:\/\/kamexbhp.pl\/sklep\/#organization\",\"name\":\"KAMEX-BHP - SKLEP BHP - Odzie\u017c i obuwie robocze\",\"url\":\"https:\/\/kamexbhp.pl\/sklep\/\",\"logo\":{\"@type\":\"ImageObject\",\"inLanguage\":\"pl-PL\",\"@id\":\"https:\/\/kamexbhp.pl\/sklep\/#\/schema\/logo\/image\/\",\"url\":\"https:\/\/kamexbhp.pl\/sklep\/wp-content\/uploads\/2025\/01\/KAMEX-BHP-Logo-1080-x-1080.png\",\"contentUrl\":\"https:\/\/kamexbhp.pl\/sklep\/wp-content\/uploads\/2025\/01\/KAMEX-BHP-Logo-1080-x-1080.png\",\"width\":1080,\"height\":1080,\"caption\":\"KAMEX-BHP - SKLEP BHP - Odzie\u017c i obuwie robocze\"},\"image\":{\"@id\":\"https:\/\/kamexbhp.pl\/sklep\/#\/schema\/logo\/image\/\"},\"sameAs\":[\"https:\/\/www.facebook.com\/bhp.kamex\",\"https:\/\/www.instagram.com\/kamexbhp\/\"]}]}<\/script>\n<!-- \/ Yoast SEO plugin. -->","yoast_head_json":{"title":"ARDON Spodenki Xstretch - KAMEX BHP - SKLEP INTERNETOWY Z ARTYKU\u0141AMI BHP NAJWY\u017bSZEJ JAKO\u015aCI","description":"ARDON Spodenki Xstretch s\u0105 idealne dla profesjonalist\u00f3w. Wykonane z elastycznej bawe\u0142ny Amalytton, oferuj\u0105 doskona\u0142\u0105 trwa\u0142o\u015b\u0107, wygod\u0119 i funkcjonalno\u015b\u0107. Ergonomiczny kr\u00f3j i liczne kieszenie sprawiaj\u0105, \u017ce s\u0105 niezast\u0105pione w pracy.","robots":{"index":"index","follow":"follow","max-snippet":"max-snippet:-1","max-image-preview":"max-image-preview:large","max-video-preview":"max-video-preview:-1"},"canonical":"https:\/\/kamexbhp.pl\/sklep\/produkt\/ardon-spodenki-xstretch\/","og_locale":"pl_PL","og_type":"article","og_title":"ARDON Spodenki Xstretch - KAMEX BHP - SKLEP INTERNETOWY Z ARTYKU\u0141AMI BHP NAJWY\u017bSZEJ JAKO\u015aCI","og_description":"ARDON Spodenki Xstretch s\u0105 idealne dla profesjonalist\u00f3w. Wykonane z elastycznej bawe\u0142ny Amalytton, oferuj\u0105 doskona\u0142\u0105 trwa\u0142o\u015b\u0107, wygod\u0119 i funkcjonalno\u015b\u0107. Ergonomiczny kr\u00f3j i liczne kieszenie sprawiaj\u0105, \u017ce s\u0105 niezast\u0105pione w pracy.","og_url":"https:\/\/kamexbhp.pl\/sklep\/produkt\/ardon-spodenki-xstretch\/","og_site_name":"KAMEX BHP - SKLEP INTERNETOWY Z ARTYKU\u0141AMI BHP NAJWY\u017bSZEJ JAKO\u015aCI","article_publisher":"https:\/\/www.facebook.com\/bhp.kamex","article_modified_time":"2025-08-22T06:38:24+00:00","og_image":[{"width":1024,"height":768,"url":"https:\/\/kamexbhp.pl\/sklep\/wp-content\/uploads\/2024\/09\/6c507f4e47b8aaec041d341b50831002_1_1024x768.jpg","type":"image\/jpeg"}],"twitter_card":"summary_large_image","twitter_misc":{"Szacowany czas czytania":"2 minuty"},"schema":{"@context":"https:\/\/schema.org","@graph":[{"@type":"WebPage","@id":"https:\/\/kamexbhp.pl\/sklep\/produkt\/ardon-spodenki-xstretch\/","url":"https:\/\/kamexbhp.pl\/sklep\/produkt\/ardon-spodenki-xstretch\/","name":"ARDON Spodenki Xstretch - KAMEX BHP - SKLEP INTERNETOWY Z ARTYKU\u0141AMI BHP NAJWY\u017bSZEJ JAKO\u015aCI","isPartOf":{"@id":"https:\/\/kamexbhp.pl\/sklep\/#website"},"primaryImageOfPage":{"@id":"https:\/\/kamexbhp.pl\/sklep\/produkt\/ardon-spodenki-xstretch\/#primaryimage"},"image":{"@id":"https:\/\/kamexbhp.pl\/sklep\/produkt\/ardon-spodenki-xstretch\/#primaryimage"},"thumbnailUrl":"https:\/\/kamexbhp.pl\/sklep\/wp-content\/uploads\/2024\/09\/6c507f4e47b8aaec041d341b50831002_1_1024x768.jpg","datePublished":"2024-09-11T14:34:38+00:00","dateModified":"2025-08-22T06:38:24+00:00","description":"ARDON Spodenki Xstretch s\u0105 idealne dla profesjonalist\u00f3w. Wykonane z elastycznej bawe\u0142ny Amalytton, oferuj\u0105 doskona\u0142\u0105 trwa\u0142o\u015b\u0107, wygod\u0119 i funkcjonalno\u015b\u0107. Ergonomiczny kr\u00f3j i liczne kieszenie sprawiaj\u0105, \u017ce s\u0105 niezast\u0105pione w pracy.","breadcrumb":{"@id":"https:\/\/kamexbhp.pl\/sklep\/produkt\/ardon-spodenki-xstretch\/#breadcrumb"},"inLanguage":"pl-PL","potentialAction":[{"@type":"ReadAction","target":["https:\/\/kamexbhp.pl\/sklep\/produkt\/ardon-spodenki-xstretch\/"]}]},{"@type":"ImageObject","inLanguage":"pl-PL","@id":"https:\/\/kamexbhp.pl\/sklep\/produkt\/ardon-spodenki-xstretch\/#primaryimage","url":"https:\/\/kamexbhp.pl\/sklep\/wp-content\/uploads\/2024\/09\/6c507f4e47b8aaec041d341b50831002_1_1024x768.jpg","contentUrl":"https:\/\/kamexbhp.pl\/sklep\/wp-content\/uploads\/2024\/09\/6c507f4e47b8aaec041d341b50831002_1_1024x768.jpg","width":1024,"height":768,"caption":"krotkie spodenki"},{"@type":"BreadcrumbList","@id":"https:\/\/kamexbhp.pl\/sklep\/produkt\/ardon-spodenki-xstretch\/#breadcrumb","itemListElement":[{"@type":"ListItem","position":1,"name":"Strona g\u0142\u00f3wna","item":"https:\/\/kamexbhp.pl\/sklep\/"},{"@type":"ListItem","position":2,"name":"Sklep","item":"https:\/\/kamexbhp.pl\/sklep\/sklep\/"},{"@type":"ListItem","position":3,"name":"ARDON Spodenki Xstretch"}]},{"@type":"WebSite","@id":"https:\/\/kamexbhp.pl\/sklep\/#website","url":"https:\/\/kamexbhp.pl\/sklep\/","name":"KAMEX BHP - SKLEP INTERNETOWY Z ARTYKU\u0141AMI BHP NAJWY\u017bSZEJ JAKO\u015aCI","description":"Artuku\u0142y BHP najwy\u017cszej jako\u015bci!","publisher":{"@id":"https:\/\/kamexbhp.pl\/sklep\/#organization"},"potentialAction":[{"@type":"SearchAction","target":{"@type":"EntryPoint","urlTemplate":"https:\/\/kamexbhp.pl\/sklep\/?s={search_term_string}"},"query-input":{"@type":"PropertyValueSpecification","valueRequired":true,"valueName":"search_term_string"}}],"inLanguage":"pl-PL"},{"@type":"Organization","@id":"https:\/\/kamexbhp.pl\/sklep\/#organization","name":"KAMEX-BHP - SKLEP BHP - Odzie\u017c i obuwie robocze","url":"https:\/\/kamexbhp.pl\/sklep\/","logo":{"@type":"ImageObject","inLanguage":"pl-PL","@id":"https:\/\/kamexbhp.pl\/sklep\/#\/schema\/logo\/image\/","url":"https:\/\/kamexbhp.pl\/sklep\/wp-content\/uploads\/2025\/01\/KAMEX-BHP-Logo-1080-x-1080.png","contentUrl":"https:\/\/kamexbhp.pl\/sklep\/wp-content\/uploads\/2025\/01\/KAMEX-BHP-Logo-1080-x-1080.png","width":1080,"height":1080,"caption":"KAMEX-BHP - SKLEP BHP - Odzie\u017c i obuwie robocze"},"image":{"@id":"https:\/\/kamexbhp.pl\/sklep\/#\/schema\/logo\/image\/"},"sameAs":["https:\/\/www.facebook.com\/bhp.kamex","https:\/\/www.instagram.com\/kamexbhp\/"]}]}},"_links":{"self":[{"href":"https:\/\/kamexbhp.pl\/sklep\/wp-json\/wp\/v2\/product\/6148","targetHints":{"allow":["GET"]}}],"collection":[{"href":"https:\/\/kamexbhp.pl\/sklep\/wp-json\/wp\/v2\/product"}],"about":[{"href":"https:\/\/kamexbhp.pl\/sklep\/wp-json\/wp\/v2\/types\/product"}],"replies":[{"embeddable":true,"href":"https:\/\/kamexbhp.pl\/sklep\/wp-json\/wp\/v2\/comments?post=6148"}],"version-history":[{"count":1,"href":"https:\/\/kamexbhp.pl\/sklep\/wp-json\/wp\/v2\/product\/6148\/revisions"}],"predecessor-version":[{"id":6163,"href":"https:\/\/kamexbhp.pl\/sklep\/wp-json\/wp\/v2\/product\/6148\/revisions\/6163"}],"wp:featuredmedia":[{"embeddable":true,"href":"https:\/\/kamexbhp.pl\/sklep\/wp-json\/wp\/v2\/media\/6159"}],"wp:attachment":[{"href":"https:\/\/kamexbhp.pl\/sklep\/wp-json\/wp\/v2\/media?parent=6148"}],"wp:term":[{"taxonomy":"product_brand","embeddable":true,"href":"https:\/\/kamexbhp.pl\/sklep\/wp-json\/wp\/v2\/product_brand?post=6148"},{"taxonomy":"product_cat","embeddable":true,"href":"https:\/\/kamexbhp.pl\/sklep\/wp-json\/wp\/v2\/product_cat?post=6148"},{"taxonomy":"product_tag","embeddable":true,"href":"https:\/\/kamexbhp.pl\/sklep\/wp-json\/wp\/v2\/product_tag?post=6148"}],"curies":[{"name":"wp","href":"https:\/\/api.w.org\/{rel}","templated":true}]}}