{"id":5980,"date":"2024-09-11T08:46:13","date_gmt":"2024-09-11T06:46:13","guid":{"rendered":"https:\/\/kamexbhp.pl\/sklep\/?post_type=product&#038;p=5980"},"modified":"2024-11-10T07:52:41","modified_gmt":"2024-11-10T06:52:41","slug":"mascot-kurtka-pilotka-00516-620-01","status":"publish","type":"product","link":"https:\/\/kamexbhp.pl\/sklep\/produkt\/mascot-kurtka-pilotka-00516-620-01\/","title":{"rendered":"MASCOT Kurtka Pilotka 00516-620-01"},"content":{"rendered":"<p>Kurtka pilotka MASCOT 00516-620-01 to idealny wyb\u00f3r dla os\u00f3b pracuj\u0105cych w trudnych warunkach. Wykonana z niezwykle wytrzyma\u0142ego materia\u0142u Bearnylon\u00ae o w\u0142a\u015bciwo\u015bciach wodoodpornych, zapewnia ochron\u0119 przed niekorzystnymi warunkami pogodowymi.<\/p>\n<p><strong>Cechy Produktu:<\/strong><\/p>\n<ul>\n<li><strong>Materia\u0142 Bearnylon\u00ae:<\/strong> Wysoce wytrzyma\u0142y i wodoodporny, idealny na zmienne warunki atmosferyczne.<\/li>\n<li><strong>Podszewka:<\/strong> Futrzana podszewka w korpusie i pikowana w r\u0119kawach, zapewniaj\u0105ca komfort cieplny nawet w ch\u0142odnych warunkach.<\/li>\n<li><strong>Uchwyt typu D-ring:<\/strong> Praktyczny uchwyt do przypi\u0119cia kluczy lub identyfikatora, zwi\u0119kszaj\u0105cy funkcjonalno\u015b\u0107 kurtki.<\/li>\n<li><strong>Kieszenie:<\/strong> Dwie wewn\u0119trzne kieszenie, w tym jedna zapinana na zamek b\u0142yskawiczny, idealne do przechowywania wa\u017cnych przedmiot\u00f3w.<\/li>\n<li><strong>\u015aci\u0105gacz w pasie i na nadgarstkach:<\/strong> Zabezpiecza przed wiatrem i zapewnia idealne dopasowanie.<\/li>\n<\/ul>\n","protected":false},"excerpt":{"rendered":"<p>Kurtka pilotka MASCOT 00516-620-01 jest idealna dla pracownik\u00f3w budowlanych, magazynier\u00f3w, kierowc\u00f3w oraz wszystkich, kt\u00f3rzy potrzebuj\u0105 solidnej i funkcjonalnej odzie\u017cy ochronnej. Doskonale sprawdza si\u0119 w ka\u017cdej sytuacji, zapewniaj\u0105c komfort i bezpiecze\u0144stwo.<\/p>\n","protected":false},"featured_media":5989,"comment_status":"open","ping_status":"closed","template":"","meta":[],"product_brand":[],"product_cat":[72],"product_tag":[1062,1059,1061,1060],"class_list":{"0":"post-5980","1":"product","2":"type-product","3":"status-publish","4":"has-post-thumbnail","6":"product_cat-kurtki","7":"product_tag-kurka-zimowa","8":"product_tag-kurtka-pilotka","9":"product_tag-odziez-bhp-opolemascot","10":"product_tag-ubrania-zimowe","12":"first","13":"instock","14":"taxable","15":"shipping-taxable","16":"purchasable","17":"product-type-variable"},"yoast_head":"<!-- This site is optimized with the Yoast SEO plugin v25.6 - https:\/\/yoast.com\/wordpress\/plugins\/seo\/ -->\n<title>MASCOT Kurtka Pilotka 00516-620-01 - KAMEX BHP - SKLEP INTERNETOWY Z ARTYKU\u0141AMI BHP NAJWY\u017bSZEJ JAKO\u015aCI<\/title>\n<meta name=\"description\" content=\"Kurtka pilotka MASCOT to po\u0142\u0105czenie wytrzyma\u0142o\u015bci, funkcjonalno\u015bci i komfortu cieplnego, idealna dla os\u00f3b pracuj\u0105cych na \u015bwie\u017cym powietrzu w trudnych warunkach pogodowych. Sprawd\u017a, jak dobrze mo\u017ce chroni\u0107 Ci\u0119 w pracy!\" \/>\n<meta name=\"robots\" content=\"index, follow, max-snippet:-1, max-image-preview:large, max-video-preview:-1\" \/>\n<link rel=\"canonical\" href=\"https:\/\/kamexbhp.pl\/sklep\/produkt\/mascot-kurtka-pilotka-00516-620-01\/\" \/>\n<meta property=\"og:locale\" content=\"pl_PL\" \/>\n<meta property=\"og:type\" content=\"article\" \/>\n<meta property=\"og:title\" content=\"MASCOT Kurtka Pilotka 00516-620-01 - KAMEX BHP - SKLEP INTERNETOWY Z ARTYKU\u0141AMI BHP NAJWY\u017bSZEJ JAKO\u015aCI\" \/>\n<meta property=\"og:description\" content=\"Kurtka pilotka MASCOT to po\u0142\u0105czenie wytrzyma\u0142o\u015bci, funkcjonalno\u015bci i komfortu cieplnego, idealna dla os\u00f3b pracuj\u0105cych na \u015bwie\u017cym powietrzu w trudnych warunkach pogodowych. Sprawd\u017a, jak dobrze mo\u017ce chroni\u0107 Ci\u0119 w pracy!\" \/>\n<meta property=\"og:url\" content=\"https:\/\/kamexbhp.pl\/sklep\/produkt\/mascot-kurtka-pilotka-00516-620-01\/\" \/>\n<meta property=\"og:site_name\" content=\"KAMEX BHP - SKLEP INTERNETOWY Z ARTYKU\u0141AMI BHP NAJWY\u017bSZEJ JAKO\u015aCI\" \/>\n<meta property=\"article:publisher\" content=\"https:\/\/www.facebook.com\/bhp.kamex\" \/>\n<meta property=\"article:modified_time\" content=\"2024-11-10T06:52:41+00:00\" \/>\n<meta property=\"og:image\" content=\"https:\/\/kamexbhp.pl\/sklep\/wp-content\/uploads\/2024\/09\/00516-620-01_P01_180pxh.jpg\" \/>\n\t<meta property=\"og:image:width\" content=\"148\" \/>\n\t<meta property=\"og:image:height\" content=\"180\" \/>\n\t<meta property=\"og:image:type\" content=\"image\/jpeg\" \/>\n<meta name=\"twitter:card\" content=\"summary_large_image\" \/>\n<meta name=\"twitter:label1\" content=\"Szacowany czas czytania\" \/>\n\t<meta name=\"twitter:data1\" content=\"1 minuta\" \/>\n<script type=\"application\/ld+json\" class=\"yoast-schema-graph\">{\"@context\":\"https:\/\/schema.org\",\"@graph\":[{\"@type\":\"WebPage\",\"@id\":\"https:\/\/kamexbhp.pl\/sklep\/produkt\/mascot-kurtka-pilotka-00516-620-01\/\",\"url\":\"https:\/\/kamexbhp.pl\/sklep\/produkt\/mascot-kurtka-pilotka-00516-620-01\/\",\"name\":\"MASCOT Kurtka Pilotka 00516-620-01 - KAMEX BHP - SKLEP INTERNETOWY Z ARTYKU\u0141AMI BHP NAJWY\u017bSZEJ JAKO\u015aCI\",\"isPartOf\":{\"@id\":\"https:\/\/kamexbhp.pl\/sklep\/#website\"},\"primaryImageOfPage\":{\"@id\":\"https:\/\/kamexbhp.pl\/sklep\/produkt\/mascot-kurtka-pilotka-00516-620-01\/#primaryimage\"},\"image\":{\"@id\":\"https:\/\/kamexbhp.pl\/sklep\/produkt\/mascot-kurtka-pilotka-00516-620-01\/#primaryimage\"},\"thumbnailUrl\":\"https:\/\/kamexbhp.pl\/sklep\/wp-content\/uploads\/2024\/09\/00516-620-01_P01_180pxh.jpg\",\"datePublished\":\"2024-09-11T06:46:13+00:00\",\"dateModified\":\"2024-11-10T06:52:41+00:00\",\"description\":\"Kurtka pilotka MASCOT to po\u0142\u0105czenie wytrzyma\u0142o\u015bci, funkcjonalno\u015bci i komfortu cieplnego, idealna dla os\u00f3b pracuj\u0105cych na \u015bwie\u017cym powietrzu w trudnych warunkach pogodowych. Sprawd\u017a, jak dobrze mo\u017ce chroni\u0107 Ci\u0119 w pracy!\",\"breadcrumb\":{\"@id\":\"https:\/\/kamexbhp.pl\/sklep\/produkt\/mascot-kurtka-pilotka-00516-620-01\/#breadcrumb\"},\"inLanguage\":\"pl-PL\",\"potentialAction\":[{\"@type\":\"ReadAction\",\"target\":[\"https:\/\/kamexbhp.pl\/sklep\/produkt\/mascot-kurtka-pilotka-00516-620-01\/\"]}]},{\"@type\":\"ImageObject\",\"inLanguage\":\"pl-PL\",\"@id\":\"https:\/\/kamexbhp.pl\/sklep\/produkt\/mascot-kurtka-pilotka-00516-620-01\/#primaryimage\",\"url\":\"https:\/\/kamexbhp.pl\/sklep\/wp-content\/uploads\/2024\/09\/00516-620-01_P01_180pxh.jpg\",\"contentUrl\":\"https:\/\/kamexbhp.pl\/sklep\/wp-content\/uploads\/2024\/09\/00516-620-01_P01_180pxh.jpg\",\"width\":148,\"height\":180,\"caption\":\"granatowa kurtka zimowa\"},{\"@type\":\"BreadcrumbList\",\"@id\":\"https:\/\/kamexbhp.pl\/sklep\/produkt\/mascot-kurtka-pilotka-00516-620-01\/#breadcrumb\",\"itemListElement\":[{\"@type\":\"ListItem\",\"position\":1,\"name\":\"Strona g\u0142\u00f3wna\",\"item\":\"https:\/\/kamexbhp.pl\/sklep\/\"},{\"@type\":\"ListItem\",\"position\":2,\"name\":\"Sklep\",\"item\":\"https:\/\/kamexbhp.pl\/sklep\/sklep\/\"},{\"@type\":\"ListItem\",\"position\":3,\"name\":\"MASCOT Kurtka Pilotka 00516-620-01\"}]},{\"@type\":\"WebSite\",\"@id\":\"https:\/\/kamexbhp.pl\/sklep\/#website\",\"url\":\"https:\/\/kamexbhp.pl\/sklep\/\",\"name\":\"KAMEX BHP - SKLEP INTERNETOWY Z ARTYKU\u0141AMI BHP NAJWY\u017bSZEJ JAKO\u015aCI\",\"description\":\"Artuku\u0142y BHP najwy\u017cszej jako\u015bci!\",\"publisher\":{\"@id\":\"https:\/\/kamexbhp.pl\/sklep\/#organization\"},\"potentialAction\":[{\"@type\":\"SearchAction\",\"target\":{\"@type\":\"EntryPoint\",\"urlTemplate\":\"https:\/\/kamexbhp.pl\/sklep\/?s={search_term_string}\"},\"query-input\":{\"@type\":\"PropertyValueSpecification\",\"valueRequired\":true,\"valueName\":\"search_term_string\"}}],\"inLanguage\":\"pl-PL\"},{\"@type\":\"Organization\",\"@id\":\"https:\/\/kamexbhp.pl\/sklep\/#organization\",\"name\":\"KAMEX-BHP - SKLEP BHP - Odzie\u017c i obuwie robocze\",\"url\":\"https:\/\/kamexbhp.pl\/sklep\/\",\"logo\":{\"@type\":\"ImageObject\",\"inLanguage\":\"pl-PL\",\"@id\":\"https:\/\/kamexbhp.pl\/sklep\/#\/schema\/logo\/image\/\",\"url\":\"https:\/\/kamexbhp.pl\/sklep\/wp-content\/uploads\/2025\/01\/KAMEX-BHP-Logo-1080-x-1080.png\",\"contentUrl\":\"https:\/\/kamexbhp.pl\/sklep\/wp-content\/uploads\/2025\/01\/KAMEX-BHP-Logo-1080-x-1080.png\",\"width\":1080,\"height\":1080,\"caption\":\"KAMEX-BHP - SKLEP BHP - Odzie\u017c i obuwie robocze\"},\"image\":{\"@id\":\"https:\/\/kamexbhp.pl\/sklep\/#\/schema\/logo\/image\/\"},\"sameAs\":[\"https:\/\/www.facebook.com\/bhp.kamex\",\"https:\/\/www.instagram.com\/kamexbhp\/\"]}]}<\/script>\n<!-- \/ Yoast SEO plugin. -->","yoast_head_json":{"title":"MASCOT Kurtka Pilotka 00516-620-01 - KAMEX BHP - SKLEP INTERNETOWY Z ARTYKU\u0141AMI BHP NAJWY\u017bSZEJ JAKO\u015aCI","description":"Kurtka pilotka MASCOT to po\u0142\u0105czenie wytrzyma\u0142o\u015bci, funkcjonalno\u015bci i komfortu cieplnego, idealna dla os\u00f3b pracuj\u0105cych na \u015bwie\u017cym powietrzu w trudnych warunkach pogodowych. Sprawd\u017a, jak dobrze mo\u017ce chroni\u0107 Ci\u0119 w pracy!","robots":{"index":"index","follow":"follow","max-snippet":"max-snippet:-1","max-image-preview":"max-image-preview:large","max-video-preview":"max-video-preview:-1"},"canonical":"https:\/\/kamexbhp.pl\/sklep\/produkt\/mascot-kurtka-pilotka-00516-620-01\/","og_locale":"pl_PL","og_type":"article","og_title":"MASCOT Kurtka Pilotka 00516-620-01 - KAMEX BHP - SKLEP INTERNETOWY Z ARTYKU\u0141AMI BHP NAJWY\u017bSZEJ JAKO\u015aCI","og_description":"Kurtka pilotka MASCOT to po\u0142\u0105czenie wytrzyma\u0142o\u015bci, funkcjonalno\u015bci i komfortu cieplnego, idealna dla os\u00f3b pracuj\u0105cych na \u015bwie\u017cym powietrzu w trudnych warunkach pogodowych. Sprawd\u017a, jak dobrze mo\u017ce chroni\u0107 Ci\u0119 w pracy!","og_url":"https:\/\/kamexbhp.pl\/sklep\/produkt\/mascot-kurtka-pilotka-00516-620-01\/","og_site_name":"KAMEX BHP - SKLEP INTERNETOWY Z ARTYKU\u0141AMI BHP NAJWY\u017bSZEJ JAKO\u015aCI","article_publisher":"https:\/\/www.facebook.com\/bhp.kamex","article_modified_time":"2024-11-10T06:52:41+00:00","og_image":[{"width":148,"height":180,"url":"https:\/\/kamexbhp.pl\/sklep\/wp-content\/uploads\/2024\/09\/00516-620-01_P01_180pxh.jpg","type":"image\/jpeg"}],"twitter_card":"summary_large_image","twitter_misc":{"Szacowany czas czytania":"1 minuta"},"schema":{"@context":"https:\/\/schema.org","@graph":[{"@type":"WebPage","@id":"https:\/\/kamexbhp.pl\/sklep\/produkt\/mascot-kurtka-pilotka-00516-620-01\/","url":"https:\/\/kamexbhp.pl\/sklep\/produkt\/mascot-kurtka-pilotka-00516-620-01\/","name":"MASCOT Kurtka Pilotka 00516-620-01 - KAMEX BHP - SKLEP INTERNETOWY Z ARTYKU\u0141AMI BHP NAJWY\u017bSZEJ JAKO\u015aCI","isPartOf":{"@id":"https:\/\/kamexbhp.pl\/sklep\/#website"},"primaryImageOfPage":{"@id":"https:\/\/kamexbhp.pl\/sklep\/produkt\/mascot-kurtka-pilotka-00516-620-01\/#primaryimage"},"image":{"@id":"https:\/\/kamexbhp.pl\/sklep\/produkt\/mascot-kurtka-pilotka-00516-620-01\/#primaryimage"},"thumbnailUrl":"https:\/\/kamexbhp.pl\/sklep\/wp-content\/uploads\/2024\/09\/00516-620-01_P01_180pxh.jpg","datePublished":"2024-09-11T06:46:13+00:00","dateModified":"2024-11-10T06:52:41+00:00","description":"Kurtka pilotka MASCOT to po\u0142\u0105czenie wytrzyma\u0142o\u015bci, funkcjonalno\u015bci i komfortu cieplnego, idealna dla os\u00f3b pracuj\u0105cych na \u015bwie\u017cym powietrzu w trudnych warunkach pogodowych. Sprawd\u017a, jak dobrze mo\u017ce chroni\u0107 Ci\u0119 w pracy!","breadcrumb":{"@id":"https:\/\/kamexbhp.pl\/sklep\/produkt\/mascot-kurtka-pilotka-00516-620-01\/#breadcrumb"},"inLanguage":"pl-PL","potentialAction":[{"@type":"ReadAction","target":["https:\/\/kamexbhp.pl\/sklep\/produkt\/mascot-kurtka-pilotka-00516-620-01\/"]}]},{"@type":"ImageObject","inLanguage":"pl-PL","@id":"https:\/\/kamexbhp.pl\/sklep\/produkt\/mascot-kurtka-pilotka-00516-620-01\/#primaryimage","url":"https:\/\/kamexbhp.pl\/sklep\/wp-content\/uploads\/2024\/09\/00516-620-01_P01_180pxh.jpg","contentUrl":"https:\/\/kamexbhp.pl\/sklep\/wp-content\/uploads\/2024\/09\/00516-620-01_P01_180pxh.jpg","width":148,"height":180,"caption":"granatowa kurtka zimowa"},{"@type":"BreadcrumbList","@id":"https:\/\/kamexbhp.pl\/sklep\/produkt\/mascot-kurtka-pilotka-00516-620-01\/#breadcrumb","itemListElement":[{"@type":"ListItem","position":1,"name":"Strona g\u0142\u00f3wna","item":"https:\/\/kamexbhp.pl\/sklep\/"},{"@type":"ListItem","position":2,"name":"Sklep","item":"https:\/\/kamexbhp.pl\/sklep\/sklep\/"},{"@type":"ListItem","position":3,"name":"MASCOT Kurtka Pilotka 00516-620-01"}]},{"@type":"WebSite","@id":"https:\/\/kamexbhp.pl\/sklep\/#website","url":"https:\/\/kamexbhp.pl\/sklep\/","name":"KAMEX BHP - SKLEP INTERNETOWY Z ARTYKU\u0141AMI BHP NAJWY\u017bSZEJ JAKO\u015aCI","description":"Artuku\u0142y BHP najwy\u017cszej jako\u015bci!","publisher":{"@id":"https:\/\/kamexbhp.pl\/sklep\/#organization"},"potentialAction":[{"@type":"SearchAction","target":{"@type":"EntryPoint","urlTemplate":"https:\/\/kamexbhp.pl\/sklep\/?s={search_term_string}"},"query-input":{"@type":"PropertyValueSpecification","valueRequired":true,"valueName":"search_term_string"}}],"inLanguage":"pl-PL"},{"@type":"Organization","@id":"https:\/\/kamexbhp.pl\/sklep\/#organization","name":"KAMEX-BHP - SKLEP BHP - Odzie\u017c i obuwie robocze","url":"https:\/\/kamexbhp.pl\/sklep\/","logo":{"@type":"ImageObject","inLanguage":"pl-PL","@id":"https:\/\/kamexbhp.pl\/sklep\/#\/schema\/logo\/image\/","url":"https:\/\/kamexbhp.pl\/sklep\/wp-content\/uploads\/2025\/01\/KAMEX-BHP-Logo-1080-x-1080.png","contentUrl":"https:\/\/kamexbhp.pl\/sklep\/wp-content\/uploads\/2025\/01\/KAMEX-BHP-Logo-1080-x-1080.png","width":1080,"height":1080,"caption":"KAMEX-BHP - SKLEP BHP - Odzie\u017c i obuwie robocze"},"image":{"@id":"https:\/\/kamexbhp.pl\/sklep\/#\/schema\/logo\/image\/"},"sameAs":["https:\/\/www.facebook.com\/bhp.kamex","https:\/\/www.instagram.com\/kamexbhp\/"]}]}},"_links":{"self":[{"href":"https:\/\/kamexbhp.pl\/sklep\/wp-json\/wp\/v2\/product\/5980","targetHints":{"allow":["GET"]}}],"collection":[{"href":"https:\/\/kamexbhp.pl\/sklep\/wp-json\/wp\/v2\/product"}],"about":[{"href":"https:\/\/kamexbhp.pl\/sklep\/wp-json\/wp\/v2\/types\/product"}],"replies":[{"embeddable":true,"href":"https:\/\/kamexbhp.pl\/sklep\/wp-json\/wp\/v2\/comments?post=5980"}],"version-history":[{"count":1,"href":"https:\/\/kamexbhp.pl\/sklep\/wp-json\/wp\/v2\/product\/5980\/revisions"}],"predecessor-version":[{"id":5993,"href":"https:\/\/kamexbhp.pl\/sklep\/wp-json\/wp\/v2\/product\/5980\/revisions\/5993"}],"wp:featuredmedia":[{"embeddable":true,"href":"https:\/\/kamexbhp.pl\/sklep\/wp-json\/wp\/v2\/media\/5989"}],"wp:attachment":[{"href":"https:\/\/kamexbhp.pl\/sklep\/wp-json\/wp\/v2\/media?parent=5980"}],"wp:term":[{"taxonomy":"product_brand","embeddable":true,"href":"https:\/\/kamexbhp.pl\/sklep\/wp-json\/wp\/v2\/product_brand?post=5980"},{"taxonomy":"product_cat","embeddable":true,"href":"https:\/\/kamexbhp.pl\/sklep\/wp-json\/wp\/v2\/product_cat?post=5980"},{"taxonomy":"product_tag","embeddable":true,"href":"https:\/\/kamexbhp.pl\/sklep\/wp-json\/wp\/v2\/product_tag?post=5980"}],"curies":[{"name":"wp","href":"https:\/\/api.w.org\/{rel}","templated":true}]}}