{"id":5914,"date":"2024-09-07T12:51:23","date_gmt":"2024-09-07T10:51:23","guid":{"rendered":"https:\/\/kamexbhp.pl\/sklep\/?post_type=product&#038;p=5914"},"modified":"2025-08-22T13:07:27","modified_gmt":"2025-08-22T11:07:27","slug":"brixton-flash-polar-z-pasami-odblaskowymi","status":"publish","type":"product","link":"https:\/\/kamexbhp.pl\/sklep\/produkt\/brixton-flash-polar-z-pasami-odblaskowymi\/","title":{"rendered":"BRIXTON FLASH POLAR Z PASAMI ODBLASKOWYMI"},"content":{"rendered":"<p>Zwi\u0119ksz bezpiecze\u0144stwo i komfort w pracy dzi\u0119ki polarowi Brixton Flash z pasami odblaskowymi. Idealny do wymagaj\u0105cych warunk\u00f3w, oferuje niezawodno\u015b\u0107 i funkcjonalno\u015b\u0107.<\/p>\n<p><strong>Cechy Produktu:<\/strong><\/p>\n<ul>\n<li><strong>Rodzaj Zapi\u0119cia:<\/strong> Zamek \u017cy\u0142kowy zapewniaj\u0105cy \u0142atwe i szybkie zapinanie.<\/li>\n<li><strong>Kieszenie:<\/strong> Dwie boczne kieszenie zapinane na zamek oraz g\u00f3rna kiesze\u0144 zapinana na zamek dla dodatkowego komfortu i bezpiecze\u0144stwa.<\/li>\n<li><strong>Elementy Odblaskowe:<\/strong> Podw\u00f3jne pasy odblaskowe przeszyte podw\u00f3jnymi szwami, zwi\u0119kszaj\u0105ce widoczno\u015b\u0107 i bezpiecze\u0144stwo w s\u0142abym o\u015bwietleniu.<\/li>\n<li><strong>Materia\u0142:<\/strong> 100% poliester o gramaturze 320 g\/m\u00b2, kt\u00f3ry zapewnia wysok\u0105 trwa\u0142o\u015b\u0107 i stabilno\u015b\u0107 kolor\u00f3w nawet po wielokrotnym praniu.<\/li>\n<li><strong>R\u0119kawy\/Mankiety:<\/strong> Regulowane mankiety na rzep dla idealnego dopasowania i komfortu.<\/li>\n<li><strong>Budowa\/Szycie:<\/strong> Zaczepy na komunikator oraz ko\u0142nierz wy\u0142o\u017cony mi\u0119kkim polarem dla dodatkowego komfortu.<\/li>\n<li><strong>Regulacja Obwodu:<\/strong> Mo\u017cliwo\u015b\u0107 regulacji t\u0119go\u015bci za pomoc\u0105 \u015bci\u0105gacza.<\/li>\n<li><strong>Rozmiary<\/strong> S-XXXL<\/li>\n<\/ul>\n","protected":false},"excerpt":{"rendered":"<p>Polar Brixton Flash to idealne rozwi\u0105zanie dla os\u00f3b pracuj\u0105cych w trudnych warunkach. Zapewnia nie tylko komfort, ale i bezpiecze\u0144stwo dzi\u0119ki elementom odblaskowym oraz wysokiej jako\u015bci materia\u0142om. Spraw, by ka\u017cdy dzie\u0144 pracy by\u0142 bardziej komfortowy i bezpieczny.<\/p>\n","protected":false},"featured_media":5915,"comment_status":"open","ping_status":"closed","template":"","meta":[],"product_brand":[],"product_cat":[325],"product_tag":[790,403,1029,1030,1033,1032,412,1028,1031],"class_list":{"0":"post-5914","1":"product","2":"type-product","3":"status-publish","4":"has-post-thumbnail","6":"product_cat-polary","7":"product_tag-bezpieczenstwo","8":"product_tag-bhp","9":"product_tag-brixtonflash","10":"product_tag-odziezbhp-wroclaw","11":"product_tag-odziezpracownicza","12":"product_tag-odziezrobocza-opole","13":"product_tag-polar","14":"product_tag-polarbhp","15":"product_tag-polarodblaskowy","17":"first","18":"outofstock","19":"taxable","20":"shipping-taxable","21":"purchasable","22":"product-type-variable"},"yoast_head":"<!-- This site is optimized with the Yoast SEO plugin v25.6 - https:\/\/yoast.com\/wordpress\/plugins\/seo\/ -->\n<title>BRIXTON FLASH POLAR Z PASAMI ODBLASKOWYMI - KAMEX BHP - SKLEP INTERNETOWY Z ARTYKU\u0141AMI BHP NAJWY\u017bSZEJ JAKO\u015aCI<\/title>\n<meta name=\"description\" content=\"Polar BHP Brixton Flash z Pasmami Odblaskowymi zapewnia komfort i bezpiecze\u0144stwo dzi\u0119ki podw\u00f3jnym pasom odblaskowym, regulowanym mankietom i wysokiej jako\u015bci materia\u0142owi poliester 320 g\/m\u00b2. Zamek \u017cy\u0142kowy, praktyczne kieszenie i mi\u0119kki ko\u0142nierz dope\u0142niaj\u0105 funkcjonalno\u015b\u0107. Idealny do pracy w trudnych warunkach.\" \/>\n<meta name=\"robots\" content=\"index, follow, max-snippet:-1, max-image-preview:large, max-video-preview:-1\" \/>\n<link rel=\"canonical\" href=\"https:\/\/kamexbhp.pl\/sklep\/produkt\/brixton-flash-polar-z-pasami-odblaskowymi\/\" \/>\n<meta property=\"og:locale\" content=\"pl_PL\" \/>\n<meta property=\"og:type\" content=\"article\" \/>\n<meta property=\"og:title\" content=\"BRIXTON FLASH POLAR Z PASAMI ODBLASKOWYMI - KAMEX BHP - SKLEP INTERNETOWY Z ARTYKU\u0141AMI BHP NAJWY\u017bSZEJ JAKO\u015aCI\" \/>\n<meta property=\"og:description\" content=\"Polar BHP Brixton Flash z Pasmami Odblaskowymi zapewnia komfort i bezpiecze\u0144stwo dzi\u0119ki podw\u00f3jnym pasom odblaskowym, regulowanym mankietom i wysokiej jako\u015bci materia\u0142owi poliester 320 g\/m\u00b2. Zamek \u017cy\u0142kowy, praktyczne kieszenie i mi\u0119kki ko\u0142nierz dope\u0142niaj\u0105 funkcjonalno\u015b\u0107. Idealny do pracy w trudnych warunkach.\" \/>\n<meta property=\"og:url\" content=\"https:\/\/kamexbhp.pl\/sklep\/produkt\/brixton-flash-polar-z-pasami-odblaskowymi\/\" \/>\n<meta property=\"og:site_name\" content=\"KAMEX BHP - SKLEP INTERNETOWY Z ARTYKU\u0141AMI BHP NAJWY\u017bSZEJ JAKO\u015aCI\" \/>\n<meta property=\"article:publisher\" content=\"https:\/\/www.facebook.com\/bhp.kamex\" \/>\n<meta property=\"article:modified_time\" content=\"2025-08-22T11:07:27+00:00\" \/>\n<meta property=\"og:image\" content=\"https:\/\/kamexbhp.pl\/sklep\/wp-content\/uploads\/2024\/09\/thumb_brixton_flash_polar_z_pasami_odblask._kat._2_klasa_2_bf04_13.jpg\" \/>\n\t<meta property=\"og:image:width\" content=\"350\" \/>\n\t<meta property=\"og:image:height\" content=\"405\" \/>\n\t<meta property=\"og:image:type\" content=\"image\/jpeg\" \/>\n<meta name=\"twitter:card\" content=\"summary_large_image\" \/>\n<meta name=\"twitter:label1\" content=\"Szacowany czas czytania\" \/>\n\t<meta name=\"twitter:data1\" content=\"1 minuta\" \/>\n<script type=\"application\/ld+json\" class=\"yoast-schema-graph\">{\"@context\":\"https:\/\/schema.org\",\"@graph\":[{\"@type\":\"WebPage\",\"@id\":\"https:\/\/kamexbhp.pl\/sklep\/produkt\/brixton-flash-polar-z-pasami-odblaskowymi\/\",\"url\":\"https:\/\/kamexbhp.pl\/sklep\/produkt\/brixton-flash-polar-z-pasami-odblaskowymi\/\",\"name\":\"BRIXTON FLASH POLAR Z PASAMI ODBLASKOWYMI - KAMEX BHP - SKLEP INTERNETOWY Z ARTYKU\u0141AMI BHP NAJWY\u017bSZEJ JAKO\u015aCI\",\"isPartOf\":{\"@id\":\"https:\/\/kamexbhp.pl\/sklep\/#website\"},\"primaryImageOfPage\":{\"@id\":\"https:\/\/kamexbhp.pl\/sklep\/produkt\/brixton-flash-polar-z-pasami-odblaskowymi\/#primaryimage\"},\"image\":{\"@id\":\"https:\/\/kamexbhp.pl\/sklep\/produkt\/brixton-flash-polar-z-pasami-odblaskowymi\/#primaryimage\"},\"thumbnailUrl\":\"https:\/\/kamexbhp.pl\/sklep\/wp-content\/uploads\/2024\/09\/thumb_brixton_flash_polar_z_pasami_odblask._kat._2_klasa_2_bf04_13.jpg\",\"datePublished\":\"2024-09-07T10:51:23+00:00\",\"dateModified\":\"2025-08-22T11:07:27+00:00\",\"description\":\"Polar BHP Brixton Flash z Pasmami Odblaskowymi zapewnia komfort i bezpiecze\u0144stwo dzi\u0119ki podw\u00f3jnym pasom odblaskowym, regulowanym mankietom i wysokiej jako\u015bci materia\u0142owi poliester 320 g\/m\u00b2. Zamek \u017cy\u0142kowy, praktyczne kieszenie i mi\u0119kki ko\u0142nierz dope\u0142niaj\u0105 funkcjonalno\u015b\u0107. Idealny do pracy w trudnych warunkach.\",\"breadcrumb\":{\"@id\":\"https:\/\/kamexbhp.pl\/sklep\/produkt\/brixton-flash-polar-z-pasami-odblaskowymi\/#breadcrumb\"},\"inLanguage\":\"pl-PL\",\"potentialAction\":[{\"@type\":\"ReadAction\",\"target\":[\"https:\/\/kamexbhp.pl\/sklep\/produkt\/brixton-flash-polar-z-pasami-odblaskowymi\/\"]}]},{\"@type\":\"ImageObject\",\"inLanguage\":\"pl-PL\",\"@id\":\"https:\/\/kamexbhp.pl\/sklep\/produkt\/brixton-flash-polar-z-pasami-odblaskowymi\/#primaryimage\",\"url\":\"https:\/\/kamexbhp.pl\/sklep\/wp-content\/uploads\/2024\/09\/thumb_brixton_flash_polar_z_pasami_odblask._kat._2_klasa_2_bf04_13.jpg\",\"contentUrl\":\"https:\/\/kamexbhp.pl\/sklep\/wp-content\/uploads\/2024\/09\/thumb_brixton_flash_polar_z_pasami_odblask._kat._2_klasa_2_bf04_13.jpg\",\"width\":350,\"height\":405,\"caption\":\"polar z odblaskami\"},{\"@type\":\"BreadcrumbList\",\"@id\":\"https:\/\/kamexbhp.pl\/sklep\/produkt\/brixton-flash-polar-z-pasami-odblaskowymi\/#breadcrumb\",\"itemListElement\":[{\"@type\":\"ListItem\",\"position\":1,\"name\":\"Strona g\u0142\u00f3wna\",\"item\":\"https:\/\/kamexbhp.pl\/sklep\/\"},{\"@type\":\"ListItem\",\"position\":2,\"name\":\"Sklep\",\"item\":\"https:\/\/kamexbhp.pl\/sklep\/sklep\/\"},{\"@type\":\"ListItem\",\"position\":3,\"name\":\"BRIXTON FLASH POLAR Z PASAMI ODBLASKOWYMI\"}]},{\"@type\":\"WebSite\",\"@id\":\"https:\/\/kamexbhp.pl\/sklep\/#website\",\"url\":\"https:\/\/kamexbhp.pl\/sklep\/\",\"name\":\"KAMEX BHP - SKLEP INTERNETOWY Z ARTYKU\u0141AMI BHP NAJWY\u017bSZEJ JAKO\u015aCI\",\"description\":\"Artuku\u0142y BHP najwy\u017cszej jako\u015bci!\",\"publisher\":{\"@id\":\"https:\/\/kamexbhp.pl\/sklep\/#organization\"},\"potentialAction\":[{\"@type\":\"SearchAction\",\"target\":{\"@type\":\"EntryPoint\",\"urlTemplate\":\"https:\/\/kamexbhp.pl\/sklep\/?s={search_term_string}\"},\"query-input\":{\"@type\":\"PropertyValueSpecification\",\"valueRequired\":true,\"valueName\":\"search_term_string\"}}],\"inLanguage\":\"pl-PL\"},{\"@type\":\"Organization\",\"@id\":\"https:\/\/kamexbhp.pl\/sklep\/#organization\",\"name\":\"KAMEX-BHP - SKLEP BHP - Odzie\u017c i obuwie robocze\",\"url\":\"https:\/\/kamexbhp.pl\/sklep\/\",\"logo\":{\"@type\":\"ImageObject\",\"inLanguage\":\"pl-PL\",\"@id\":\"https:\/\/kamexbhp.pl\/sklep\/#\/schema\/logo\/image\/\",\"url\":\"https:\/\/kamexbhp.pl\/sklep\/wp-content\/uploads\/2025\/01\/KAMEX-BHP-Logo-1080-x-1080.png\",\"contentUrl\":\"https:\/\/kamexbhp.pl\/sklep\/wp-content\/uploads\/2025\/01\/KAMEX-BHP-Logo-1080-x-1080.png\",\"width\":1080,\"height\":1080,\"caption\":\"KAMEX-BHP - SKLEP BHP - Odzie\u017c i obuwie robocze\"},\"image\":{\"@id\":\"https:\/\/kamexbhp.pl\/sklep\/#\/schema\/logo\/image\/\"},\"sameAs\":[\"https:\/\/www.facebook.com\/bhp.kamex\",\"https:\/\/www.instagram.com\/kamexbhp\/\"]}]}<\/script>\n<!-- \/ Yoast SEO plugin. -->","yoast_head_json":{"title":"BRIXTON FLASH POLAR Z PASAMI ODBLASKOWYMI - KAMEX BHP - SKLEP INTERNETOWY Z ARTYKU\u0141AMI BHP NAJWY\u017bSZEJ JAKO\u015aCI","description":"Polar BHP Brixton Flash z Pasmami Odblaskowymi zapewnia komfort i bezpiecze\u0144stwo dzi\u0119ki podw\u00f3jnym pasom odblaskowym, regulowanym mankietom i wysokiej jako\u015bci materia\u0142owi poliester 320 g\/m\u00b2. Zamek \u017cy\u0142kowy, praktyczne kieszenie i mi\u0119kki ko\u0142nierz dope\u0142niaj\u0105 funkcjonalno\u015b\u0107. Idealny do pracy w trudnych warunkach.","robots":{"index":"index","follow":"follow","max-snippet":"max-snippet:-1","max-image-preview":"max-image-preview:large","max-video-preview":"max-video-preview:-1"},"canonical":"https:\/\/kamexbhp.pl\/sklep\/produkt\/brixton-flash-polar-z-pasami-odblaskowymi\/","og_locale":"pl_PL","og_type":"article","og_title":"BRIXTON FLASH POLAR Z PASAMI ODBLASKOWYMI - KAMEX BHP - SKLEP INTERNETOWY Z ARTYKU\u0141AMI BHP NAJWY\u017bSZEJ JAKO\u015aCI","og_description":"Polar BHP Brixton Flash z Pasmami Odblaskowymi zapewnia komfort i bezpiecze\u0144stwo dzi\u0119ki podw\u00f3jnym pasom odblaskowym, regulowanym mankietom i wysokiej jako\u015bci materia\u0142owi poliester 320 g\/m\u00b2. Zamek \u017cy\u0142kowy, praktyczne kieszenie i mi\u0119kki ko\u0142nierz dope\u0142niaj\u0105 funkcjonalno\u015b\u0107. Idealny do pracy w trudnych warunkach.","og_url":"https:\/\/kamexbhp.pl\/sklep\/produkt\/brixton-flash-polar-z-pasami-odblaskowymi\/","og_site_name":"KAMEX BHP - SKLEP INTERNETOWY Z ARTYKU\u0141AMI BHP NAJWY\u017bSZEJ JAKO\u015aCI","article_publisher":"https:\/\/www.facebook.com\/bhp.kamex","article_modified_time":"2025-08-22T11:07:27+00:00","og_image":[{"width":350,"height":405,"url":"https:\/\/kamexbhp.pl\/sklep\/wp-content\/uploads\/2024\/09\/thumb_brixton_flash_polar_z_pasami_odblask._kat._2_klasa_2_bf04_13.jpg","type":"image\/jpeg"}],"twitter_card":"summary_large_image","twitter_misc":{"Szacowany czas czytania":"1 minuta"},"schema":{"@context":"https:\/\/schema.org","@graph":[{"@type":"WebPage","@id":"https:\/\/kamexbhp.pl\/sklep\/produkt\/brixton-flash-polar-z-pasami-odblaskowymi\/","url":"https:\/\/kamexbhp.pl\/sklep\/produkt\/brixton-flash-polar-z-pasami-odblaskowymi\/","name":"BRIXTON FLASH POLAR Z PASAMI ODBLASKOWYMI - KAMEX BHP - SKLEP INTERNETOWY Z ARTYKU\u0141AMI BHP NAJWY\u017bSZEJ JAKO\u015aCI","isPartOf":{"@id":"https:\/\/kamexbhp.pl\/sklep\/#website"},"primaryImageOfPage":{"@id":"https:\/\/kamexbhp.pl\/sklep\/produkt\/brixton-flash-polar-z-pasami-odblaskowymi\/#primaryimage"},"image":{"@id":"https:\/\/kamexbhp.pl\/sklep\/produkt\/brixton-flash-polar-z-pasami-odblaskowymi\/#primaryimage"},"thumbnailUrl":"https:\/\/kamexbhp.pl\/sklep\/wp-content\/uploads\/2024\/09\/thumb_brixton_flash_polar_z_pasami_odblask._kat._2_klasa_2_bf04_13.jpg","datePublished":"2024-09-07T10:51:23+00:00","dateModified":"2025-08-22T11:07:27+00:00","description":"Polar BHP Brixton Flash z Pasmami Odblaskowymi zapewnia komfort i bezpiecze\u0144stwo dzi\u0119ki podw\u00f3jnym pasom odblaskowym, regulowanym mankietom i wysokiej jako\u015bci materia\u0142owi poliester 320 g\/m\u00b2. Zamek \u017cy\u0142kowy, praktyczne kieszenie i mi\u0119kki ko\u0142nierz dope\u0142niaj\u0105 funkcjonalno\u015b\u0107. Idealny do pracy w trudnych warunkach.","breadcrumb":{"@id":"https:\/\/kamexbhp.pl\/sklep\/produkt\/brixton-flash-polar-z-pasami-odblaskowymi\/#breadcrumb"},"inLanguage":"pl-PL","potentialAction":[{"@type":"ReadAction","target":["https:\/\/kamexbhp.pl\/sklep\/produkt\/brixton-flash-polar-z-pasami-odblaskowymi\/"]}]},{"@type":"ImageObject","inLanguage":"pl-PL","@id":"https:\/\/kamexbhp.pl\/sklep\/produkt\/brixton-flash-polar-z-pasami-odblaskowymi\/#primaryimage","url":"https:\/\/kamexbhp.pl\/sklep\/wp-content\/uploads\/2024\/09\/thumb_brixton_flash_polar_z_pasami_odblask._kat._2_klasa_2_bf04_13.jpg","contentUrl":"https:\/\/kamexbhp.pl\/sklep\/wp-content\/uploads\/2024\/09\/thumb_brixton_flash_polar_z_pasami_odblask._kat._2_klasa_2_bf04_13.jpg","width":350,"height":405,"caption":"polar z odblaskami"},{"@type":"BreadcrumbList","@id":"https:\/\/kamexbhp.pl\/sklep\/produkt\/brixton-flash-polar-z-pasami-odblaskowymi\/#breadcrumb","itemListElement":[{"@type":"ListItem","position":1,"name":"Strona g\u0142\u00f3wna","item":"https:\/\/kamexbhp.pl\/sklep\/"},{"@type":"ListItem","position":2,"name":"Sklep","item":"https:\/\/kamexbhp.pl\/sklep\/sklep\/"},{"@type":"ListItem","position":3,"name":"BRIXTON FLASH POLAR Z PASAMI ODBLASKOWYMI"}]},{"@type":"WebSite","@id":"https:\/\/kamexbhp.pl\/sklep\/#website","url":"https:\/\/kamexbhp.pl\/sklep\/","name":"KAMEX BHP - SKLEP INTERNETOWY Z ARTYKU\u0141AMI BHP NAJWY\u017bSZEJ JAKO\u015aCI","description":"Artuku\u0142y BHP najwy\u017cszej jako\u015bci!","publisher":{"@id":"https:\/\/kamexbhp.pl\/sklep\/#organization"},"potentialAction":[{"@type":"SearchAction","target":{"@type":"EntryPoint","urlTemplate":"https:\/\/kamexbhp.pl\/sklep\/?s={search_term_string}"},"query-input":{"@type":"PropertyValueSpecification","valueRequired":true,"valueName":"search_term_string"}}],"inLanguage":"pl-PL"},{"@type":"Organization","@id":"https:\/\/kamexbhp.pl\/sklep\/#organization","name":"KAMEX-BHP - SKLEP BHP - Odzie\u017c i obuwie robocze","url":"https:\/\/kamexbhp.pl\/sklep\/","logo":{"@type":"ImageObject","inLanguage":"pl-PL","@id":"https:\/\/kamexbhp.pl\/sklep\/#\/schema\/logo\/image\/","url":"https:\/\/kamexbhp.pl\/sklep\/wp-content\/uploads\/2025\/01\/KAMEX-BHP-Logo-1080-x-1080.png","contentUrl":"https:\/\/kamexbhp.pl\/sklep\/wp-content\/uploads\/2025\/01\/KAMEX-BHP-Logo-1080-x-1080.png","width":1080,"height":1080,"caption":"KAMEX-BHP - SKLEP BHP - Odzie\u017c i obuwie robocze"},"image":{"@id":"https:\/\/kamexbhp.pl\/sklep\/#\/schema\/logo\/image\/"},"sameAs":["https:\/\/www.facebook.com\/bhp.kamex","https:\/\/www.instagram.com\/kamexbhp\/"]}]}},"_links":{"self":[{"href":"https:\/\/kamexbhp.pl\/sklep\/wp-json\/wp\/v2\/product\/5914","targetHints":{"allow":["GET"]}}],"collection":[{"href":"https:\/\/kamexbhp.pl\/sklep\/wp-json\/wp\/v2\/product"}],"about":[{"href":"https:\/\/kamexbhp.pl\/sklep\/wp-json\/wp\/v2\/types\/product"}],"replies":[{"embeddable":true,"href":"https:\/\/kamexbhp.pl\/sklep\/wp-json\/wp\/v2\/comments?post=5914"}],"version-history":[{"count":1,"href":"https:\/\/kamexbhp.pl\/sklep\/wp-json\/wp\/v2\/product\/5914\/revisions"}],"predecessor-version":[{"id":5935,"href":"https:\/\/kamexbhp.pl\/sklep\/wp-json\/wp\/v2\/product\/5914\/revisions\/5935"}],"wp:featuredmedia":[{"embeddable":true,"href":"https:\/\/kamexbhp.pl\/sklep\/wp-json\/wp\/v2\/media\/5915"}],"wp:attachment":[{"href":"https:\/\/kamexbhp.pl\/sklep\/wp-json\/wp\/v2\/media?parent=5914"}],"wp:term":[{"taxonomy":"product_brand","embeddable":true,"href":"https:\/\/kamexbhp.pl\/sklep\/wp-json\/wp\/v2\/product_brand?post=5914"},{"taxonomy":"product_cat","embeddable":true,"href":"https:\/\/kamexbhp.pl\/sklep\/wp-json\/wp\/v2\/product_cat?post=5914"},{"taxonomy":"product_tag","embeddable":true,"href":"https:\/\/kamexbhp.pl\/sklep\/wp-json\/wp\/v2\/product_tag?post=5914"}],"curies":[{"name":"wp","href":"https:\/\/api.w.org\/{rel}","templated":true}]}}