{"id":5886,"date":"2024-09-07T10:55:04","date_gmt":"2024-09-07T08:55:04","guid":{"rendered":"https:\/\/kamexbhp.pl\/sklep\/?post_type=product&#038;p=5886"},"modified":"2024-11-10T07:52:41","modified_gmt":"2024-11-10T06:52:41","slug":"mascot-kurtka-17101-311-0944","status":"publish","type":"product","link":"https:\/\/kamexbhp.pl\/sklep\/produkt\/mascot-kurtka-17101-311-0944\/","title":{"rendered":"MASCOT KURTKA 17101-311-0944"},"content":{"rendered":"<p>Szukasz kurtki roboczej, kt\u00f3ra zapewni Ci maksymalny komfort i pe\u0142n\u0105 ochron\u0119 w ka\u017cdych warunkach? <strong>MASCOT KURTKA 17101-311-0944<\/strong> to idealne rozwi\u0105zanie dla os\u00f3b ceni\u0105cych wygod\u0119, trwa\u0142o\u015b\u0107 i bezpiecze\u0144stwo. Dzi\u0119ki innowacyjnemu materia\u0142owi <strong>ULTIMATE STRETCH<\/strong>, kurtka rozci\u0105ga si\u0119 we wszystkich kierunkach, gwarantuj\u0105c swobod\u0119 ruchu bez ucisku i ocierania. Lekki, a jednocze\u015bnie niezwykle wytrzyma\u0142y materia\u0142 \u0142\u0105czy w sobie doskona\u0142\u0105 elastyczno\u015b\u0107 z wysok\u0105 odporno\u015bci\u0105 na uszkodzenia i wodoodporno\u015b\u0107.<\/p>\n<p>Dodatkowe cechy produktu:<\/p>\n<ul>\n<li><strong>Zapi\u0119cie na suwak<\/strong> i wewn\u0119trzna klapka sztormowa, kt\u00f3re chroni\u0105 przed wiatrem.<\/li>\n<li><strong>Ergonomiczny kszta\u0142t r\u0119kaw\u00f3w<\/strong> dostosowany do naturalnych ruch\u00f3w ramion, zapewniaj\u0105cy wygod\u0119 podczas pracy.<\/li>\n<li><strong>Paski refleksyjne<\/strong> zapewniaj\u0105ce lepsz\u0105 widoczno\u015b\u0107, zwi\u0119kszaj\u0105c bezpiecze\u0144stwo w miejscach o ograniczonej widoczno\u015bci.<\/li>\n<li><strong>Certyfikaty:<\/strong> produkt spe\u0142nia wymogi rozporz\u0105dzenia REACH oraz posiada certyfikat <strong>OEKO-TEX\u00ae STANDARD 100 nr 5548<\/strong>, co \u015bwiadczy o jego wysokiej jako\u015bci i bezpiecze\u0144stwie u\u017cytkowania.<\/li>\n<\/ul>\n<p>Kurtka zosta\u0142a wykonana z wysokiej jako\u015bci materia\u0142u: <strong>92% poliamid, 8% elastan, 235 g\/m\u00b2<\/strong>, kt\u00f3ry jest odporny na kurczenie (maksymalna kurczliwo\u015b\u0107 wynosi 2%).<\/p>\n<p>Doskona\u0142a jako\u015b\u0107, wyj\u0105tkowa funkcjonalno\u015b\u0107 oraz nowoczesny design sprawiaj\u0105, \u017ce <strong>MASCOT KURTKA 17101-311-0944<\/strong> to idealna kurtka robocza dla profesjonalist\u00f3w, zapewniaj\u0105ca komfort i ochron\u0119 w ka\u017cdych warunkach.<\/p>\n","protected":false},"excerpt":{"rendered":"<p><strong>OSTATNIE SZTUKI<\/strong><\/p>\n<p>&nbsp;<\/p>\n<p><strong>MASCOT KURTKA 17101-311-0944<\/strong> to idealny wyb\u00f3r dla os\u00f3b szukaj\u0105cych komfortowej, trwa\u0142ej i funkcjonalnej odzie\u017cy roboczej. Wykonana z innowacyjnego materia\u0142u <strong>ULTIMATE STRETCH<\/strong> (92% poliamid, 8% elastan), rozci\u0105ga si\u0119 we wszystkich kierunkach, zapewniaj\u0105c maksymaln\u0105 swobod\u0119 ruchu bez ucisku. Kurtka jest wodoodporna, lekka, a jednocze\u015bnie wysoce odporna na uszkodzenia, co czyni j\u0105 doskona\u0142\u0105 na trudne warunki pracy. Zapi\u0119cie na suwak i wewn\u0119trzna klapka sztormowa skutecznie chroni\u0105 przed wiatrem, a ergonomicznie zaprojektowane r\u0119kawy u\u0142atwiaj\u0105 ruchy ramion. <strong>Paski refleksyjne<\/strong> zwi\u0119kszaj\u0105 widoczno\u015b\u0107, zapewniaj\u0105c dodatkowe bezpiecze\u0144stwo. Kurtka posiada certyfikat <strong>OEKO-TEX\u00ae STANDARD 100<\/strong> i spe\u0142nia wymogi rozporz\u0105dzenia REACH, co gwarantuje bezpieczne u\u017cytkowanie. To niezawodna kurtka BHP, \u0142\u0105cz\u0105ca komfort, ochron\u0119 i nowoczesny design<\/p>\n","protected":false},"featured_media":5891,"comment_status":"open","ping_status":"closed","template":"","meta":[],"product_brand":[],"product_cat":[916,143],"product_tag":[1019,1016,418,1020,1018,408,765,1017],"class_list":{"0":"post-5886","1":"product","2":"type-product","3":"status-publish","4":"has-post-thumbnail","6":"product_cat-promocje","7":"product_cat-softshell","8":"product_tag-ergonomiczna-kurtka-robocza","9":"product_tag-kurtka-bhp-opole","10":"product_tag-kurtka-mascot","11":"product_tag-kurtka-ochronna-do-pracy","12":"product_tag-kurtka-robocza-z-paskami-refleksyjnymi","13":"product_tag-mascot","14":"product_tag-odziez-bhp","15":"product_tag-wodoodporna-kurtka-robocza","17":"first","18":"instock","19":"taxable","20":"shipping-taxable","21":"purchasable","22":"product-type-variable"},"yoast_head":"<!-- This site is optimized with the Yoast SEO plugin v25.6 - https:\/\/yoast.com\/wordpress\/plugins\/seo\/ -->\n<title>MASCOT KURTKA 17101-311-0944 - KAMEX BHP - SKLEP INTERNETOWY Z ARTYKU\u0141AMI BHP NAJWY\u017bSZEJ JAKO\u015aCI<\/title>\n<meta name=\"description\" content=\"MASCOT KURTKA 17101-311-0944 to idealny wyb\u00f3r dla os\u00f3b szukaj\u0105cych komfortowej, trwa\u0142ej i funkcjonalnej odzie\u017cy roboczej. Wykonana z innowacyjnego materia\u0142u ULTIMATE STRETCH (92% poliamid, 8% elastan), rozci\u0105ga si\u0119 we wszystkich kierunkach, zapewniaj\u0105c maksymaln\u0105 swobod\u0119 ruchu bez ucisku. Kurtka jest wodoodporna, lekka, a jednocze\u015bnie wysoce odporna na uszkodzenia, co czyni j\u0105 doskona\u0142\u0105 na trudne warunki pracy. Zapi\u0119cie na suwak i wewn\u0119trzna klapka sztormowa skutecznie chroni\u0105 przed wiatrem, a ergonomicznie zaprojektowane r\u0119kawy u\u0142atwiaj\u0105 ruchy ramion. Paski refleksyjne zwi\u0119kszaj\u0105 widoczno\u015b\u0107, zapewniaj\u0105c dodatkowe bezpiecze\u0144stwo. Kurtka posiada certyfikat OEKO-TEX\u00ae STANDARD 100 i spe\u0142nia wymogi rozporz\u0105dzenia REACH, co gwarantuje bezpieczne u\u017cytkowanie. To niezawodna kurtka BHP, \u0142\u0105cz\u0105ca komfort, ochron\u0119 i nowoczesny design\" \/>\n<meta name=\"robots\" content=\"index, follow, max-snippet:-1, max-image-preview:large, max-video-preview:-1\" \/>\n<link rel=\"canonical\" href=\"https:\/\/kamexbhp.pl\/sklep\/produkt\/mascot-kurtka-17101-311-0944\/\" \/>\n<meta property=\"og:locale\" content=\"pl_PL\" \/>\n<meta property=\"og:type\" content=\"article\" \/>\n<meta property=\"og:title\" content=\"MASCOT KURTKA 17101-311-0944 - KAMEX BHP - SKLEP INTERNETOWY Z ARTYKU\u0141AMI BHP NAJWY\u017bSZEJ JAKO\u015aCI\" \/>\n<meta property=\"og:description\" content=\"MASCOT KURTKA 17101-311-0944 to idealny wyb\u00f3r dla os\u00f3b szukaj\u0105cych komfortowej, trwa\u0142ej i funkcjonalnej odzie\u017cy roboczej. Wykonana z innowacyjnego materia\u0142u ULTIMATE STRETCH (92% poliamid, 8% elastan), rozci\u0105ga si\u0119 we wszystkich kierunkach, zapewniaj\u0105c maksymaln\u0105 swobod\u0119 ruchu bez ucisku. Kurtka jest wodoodporna, lekka, a jednocze\u015bnie wysoce odporna na uszkodzenia, co czyni j\u0105 doskona\u0142\u0105 na trudne warunki pracy. Zapi\u0119cie na suwak i wewn\u0119trzna klapka sztormowa skutecznie chroni\u0105 przed wiatrem, a ergonomicznie zaprojektowane r\u0119kawy u\u0142atwiaj\u0105 ruchy ramion. Paski refleksyjne zwi\u0119kszaj\u0105 widoczno\u015b\u0107, zapewniaj\u0105c dodatkowe bezpiecze\u0144stwo. Kurtka posiada certyfikat OEKO-TEX\u00ae STANDARD 100 i spe\u0142nia wymogi rozporz\u0105dzenia REACH, co gwarantuje bezpieczne u\u017cytkowanie. To niezawodna kurtka BHP, \u0142\u0105cz\u0105ca komfort, ochron\u0119 i nowoczesny design\" \/>\n<meta property=\"og:url\" content=\"https:\/\/kamexbhp.pl\/sklep\/produkt\/mascot-kurtka-17101-311-0944\/\" \/>\n<meta property=\"og:site_name\" content=\"KAMEX BHP - SKLEP INTERNETOWY Z ARTYKU\u0141AMI BHP NAJWY\u017bSZEJ JAKO\u015aCI\" \/>\n<meta property=\"article:publisher\" content=\"https:\/\/www.facebook.com\/bhp.kamex\" \/>\n<meta property=\"article:modified_time\" content=\"2024-11-10T06:52:41+00:00\" \/>\n<meta property=\"og:image\" content=\"https:\/\/kamexbhp.pl\/sklep\/wp-content\/uploads\/2024\/09\/1891196_1_646x646.jpg\" \/>\n\t<meta property=\"og:image:width\" content=\"646\" \/>\n\t<meta property=\"og:image:height\" content=\"646\" \/>\n\t<meta property=\"og:image:type\" content=\"image\/jpeg\" \/>\n<meta name=\"twitter:card\" content=\"summary_large_image\" \/>\n<meta name=\"twitter:label1\" content=\"Szacowany czas czytania\" \/>\n\t<meta name=\"twitter:data1\" content=\"2 minuty\" \/>\n<script type=\"application\/ld+json\" class=\"yoast-schema-graph\">{\"@context\":\"https:\/\/schema.org\",\"@graph\":[{\"@type\":\"WebPage\",\"@id\":\"https:\/\/kamexbhp.pl\/sklep\/produkt\/mascot-kurtka-17101-311-0944\/\",\"url\":\"https:\/\/kamexbhp.pl\/sklep\/produkt\/mascot-kurtka-17101-311-0944\/\",\"name\":\"MASCOT KURTKA 17101-311-0944 - KAMEX BHP - SKLEP INTERNETOWY Z ARTYKU\u0141AMI BHP NAJWY\u017bSZEJ JAKO\u015aCI\",\"isPartOf\":{\"@id\":\"https:\/\/kamexbhp.pl\/sklep\/#website\"},\"primaryImageOfPage\":{\"@id\":\"https:\/\/kamexbhp.pl\/sklep\/produkt\/mascot-kurtka-17101-311-0944\/#primaryimage\"},\"image\":{\"@id\":\"https:\/\/kamexbhp.pl\/sklep\/produkt\/mascot-kurtka-17101-311-0944\/#primaryimage\"},\"thumbnailUrl\":\"https:\/\/kamexbhp.pl\/sklep\/wp-content\/uploads\/2024\/09\/1891196_1_646x646.jpg\",\"datePublished\":\"2024-09-07T08:55:04+00:00\",\"dateModified\":\"2024-11-10T06:52:41+00:00\",\"description\":\"MASCOT KURTKA 17101-311-0944 to idealny wyb\u00f3r dla os\u00f3b szukaj\u0105cych komfortowej, trwa\u0142ej i funkcjonalnej odzie\u017cy roboczej. Wykonana z innowacyjnego materia\u0142u ULTIMATE STRETCH (92% poliamid, 8% elastan), rozci\u0105ga si\u0119 we wszystkich kierunkach, zapewniaj\u0105c maksymaln\u0105 swobod\u0119 ruchu bez ucisku. Kurtka jest wodoodporna, lekka, a jednocze\u015bnie wysoce odporna na uszkodzenia, co czyni j\u0105 doskona\u0142\u0105 na trudne warunki pracy. Zapi\u0119cie na suwak i wewn\u0119trzna klapka sztormowa skutecznie chroni\u0105 przed wiatrem, a ergonomicznie zaprojektowane r\u0119kawy u\u0142atwiaj\u0105 ruchy ramion. Paski refleksyjne zwi\u0119kszaj\u0105 widoczno\u015b\u0107, zapewniaj\u0105c dodatkowe bezpiecze\u0144stwo. Kurtka posiada certyfikat OEKO-TEX\u00ae STANDARD 100 i spe\u0142nia wymogi rozporz\u0105dzenia REACH, co gwarantuje bezpieczne u\u017cytkowanie. To niezawodna kurtka BHP, \u0142\u0105cz\u0105ca komfort, ochron\u0119 i nowoczesny design\",\"breadcrumb\":{\"@id\":\"https:\/\/kamexbhp.pl\/sklep\/produkt\/mascot-kurtka-17101-311-0944\/#breadcrumb\"},\"inLanguage\":\"pl-PL\",\"potentialAction\":[{\"@type\":\"ReadAction\",\"target\":[\"https:\/\/kamexbhp.pl\/sklep\/produkt\/mascot-kurtka-17101-311-0944\/\"]}]},{\"@type\":\"ImageObject\",\"inLanguage\":\"pl-PL\",\"@id\":\"https:\/\/kamexbhp.pl\/sklep\/produkt\/mascot-kurtka-17101-311-0944\/#primaryimage\",\"url\":\"https:\/\/kamexbhp.pl\/sklep\/wp-content\/uploads\/2024\/09\/1891196_1_646x646.jpg\",\"contentUrl\":\"https:\/\/kamexbhp.pl\/sklep\/wp-content\/uploads\/2024\/09\/1891196_1_646x646.jpg\",\"width\":646,\"height\":646,\"caption\":\"CZARNO NIEBIESKA KURTKA MASCOT\"},{\"@type\":\"BreadcrumbList\",\"@id\":\"https:\/\/kamexbhp.pl\/sklep\/produkt\/mascot-kurtka-17101-311-0944\/#breadcrumb\",\"itemListElement\":[{\"@type\":\"ListItem\",\"position\":1,\"name\":\"Strona g\u0142\u00f3wna\",\"item\":\"https:\/\/kamexbhp.pl\/sklep\/\"},{\"@type\":\"ListItem\",\"position\":2,\"name\":\"Sklep\",\"item\":\"https:\/\/kamexbhp.pl\/sklep\/sklep\/\"},{\"@type\":\"ListItem\",\"position\":3,\"name\":\"MASCOT KURTKA 17101-311-0944\"}]},{\"@type\":\"WebSite\",\"@id\":\"https:\/\/kamexbhp.pl\/sklep\/#website\",\"url\":\"https:\/\/kamexbhp.pl\/sklep\/\",\"name\":\"KAMEX BHP - SKLEP INTERNETOWY Z ARTYKU\u0141AMI BHP NAJWY\u017bSZEJ JAKO\u015aCI\",\"description\":\"Artuku\u0142y BHP najwy\u017cszej jako\u015bci!\",\"publisher\":{\"@id\":\"https:\/\/kamexbhp.pl\/sklep\/#organization\"},\"potentialAction\":[{\"@type\":\"SearchAction\",\"target\":{\"@type\":\"EntryPoint\",\"urlTemplate\":\"https:\/\/kamexbhp.pl\/sklep\/?s={search_term_string}\"},\"query-input\":{\"@type\":\"PropertyValueSpecification\",\"valueRequired\":true,\"valueName\":\"search_term_string\"}}],\"inLanguage\":\"pl-PL\"},{\"@type\":\"Organization\",\"@id\":\"https:\/\/kamexbhp.pl\/sklep\/#organization\",\"name\":\"KAMEX-BHP - SKLEP BHP - Odzie\u017c i obuwie robocze\",\"url\":\"https:\/\/kamexbhp.pl\/sklep\/\",\"logo\":{\"@type\":\"ImageObject\",\"inLanguage\":\"pl-PL\",\"@id\":\"https:\/\/kamexbhp.pl\/sklep\/#\/schema\/logo\/image\/\",\"url\":\"https:\/\/kamexbhp.pl\/sklep\/wp-content\/uploads\/2025\/01\/KAMEX-BHP-Logo-1080-x-1080.png\",\"contentUrl\":\"https:\/\/kamexbhp.pl\/sklep\/wp-content\/uploads\/2025\/01\/KAMEX-BHP-Logo-1080-x-1080.png\",\"width\":1080,\"height\":1080,\"caption\":\"KAMEX-BHP - SKLEP BHP - Odzie\u017c i obuwie robocze\"},\"image\":{\"@id\":\"https:\/\/kamexbhp.pl\/sklep\/#\/schema\/logo\/image\/\"},\"sameAs\":[\"https:\/\/www.facebook.com\/bhp.kamex\",\"https:\/\/www.instagram.com\/kamexbhp\/\"]}]}<\/script>\n<!-- \/ Yoast SEO plugin. -->","yoast_head_json":{"title":"MASCOT KURTKA 17101-311-0944 - KAMEX BHP - SKLEP INTERNETOWY Z ARTYKU\u0141AMI BHP NAJWY\u017bSZEJ JAKO\u015aCI","description":"MASCOT KURTKA 17101-311-0944 to idealny wyb\u00f3r dla os\u00f3b szukaj\u0105cych komfortowej, trwa\u0142ej i funkcjonalnej odzie\u017cy roboczej. Wykonana z innowacyjnego materia\u0142u ULTIMATE STRETCH (92% poliamid, 8% elastan), rozci\u0105ga si\u0119 we wszystkich kierunkach, zapewniaj\u0105c maksymaln\u0105 swobod\u0119 ruchu bez ucisku. Kurtka jest wodoodporna, lekka, a jednocze\u015bnie wysoce odporna na uszkodzenia, co czyni j\u0105 doskona\u0142\u0105 na trudne warunki pracy. Zapi\u0119cie na suwak i wewn\u0119trzna klapka sztormowa skutecznie chroni\u0105 przed wiatrem, a ergonomicznie zaprojektowane r\u0119kawy u\u0142atwiaj\u0105 ruchy ramion. Paski refleksyjne zwi\u0119kszaj\u0105 widoczno\u015b\u0107, zapewniaj\u0105c dodatkowe bezpiecze\u0144stwo. Kurtka posiada certyfikat OEKO-TEX\u00ae STANDARD 100 i spe\u0142nia wymogi rozporz\u0105dzenia REACH, co gwarantuje bezpieczne u\u017cytkowanie. To niezawodna kurtka BHP, \u0142\u0105cz\u0105ca komfort, ochron\u0119 i nowoczesny design","robots":{"index":"index","follow":"follow","max-snippet":"max-snippet:-1","max-image-preview":"max-image-preview:large","max-video-preview":"max-video-preview:-1"},"canonical":"https:\/\/kamexbhp.pl\/sklep\/produkt\/mascot-kurtka-17101-311-0944\/","og_locale":"pl_PL","og_type":"article","og_title":"MASCOT KURTKA 17101-311-0944 - KAMEX BHP - SKLEP INTERNETOWY Z ARTYKU\u0141AMI BHP NAJWY\u017bSZEJ JAKO\u015aCI","og_description":"MASCOT KURTKA 17101-311-0944 to idealny wyb\u00f3r dla os\u00f3b szukaj\u0105cych komfortowej, trwa\u0142ej i funkcjonalnej odzie\u017cy roboczej. Wykonana z innowacyjnego materia\u0142u ULTIMATE STRETCH (92% poliamid, 8% elastan), rozci\u0105ga si\u0119 we wszystkich kierunkach, zapewniaj\u0105c maksymaln\u0105 swobod\u0119 ruchu bez ucisku. Kurtka jest wodoodporna, lekka, a jednocze\u015bnie wysoce odporna na uszkodzenia, co czyni j\u0105 doskona\u0142\u0105 na trudne warunki pracy. Zapi\u0119cie na suwak i wewn\u0119trzna klapka sztormowa skutecznie chroni\u0105 przed wiatrem, a ergonomicznie zaprojektowane r\u0119kawy u\u0142atwiaj\u0105 ruchy ramion. Paski refleksyjne zwi\u0119kszaj\u0105 widoczno\u015b\u0107, zapewniaj\u0105c dodatkowe bezpiecze\u0144stwo. Kurtka posiada certyfikat OEKO-TEX\u00ae STANDARD 100 i spe\u0142nia wymogi rozporz\u0105dzenia REACH, co gwarantuje bezpieczne u\u017cytkowanie. To niezawodna kurtka BHP, \u0142\u0105cz\u0105ca komfort, ochron\u0119 i nowoczesny design","og_url":"https:\/\/kamexbhp.pl\/sklep\/produkt\/mascot-kurtka-17101-311-0944\/","og_site_name":"KAMEX BHP - SKLEP INTERNETOWY Z ARTYKU\u0141AMI BHP NAJWY\u017bSZEJ JAKO\u015aCI","article_publisher":"https:\/\/www.facebook.com\/bhp.kamex","article_modified_time":"2024-11-10T06:52:41+00:00","og_image":[{"width":646,"height":646,"url":"https:\/\/kamexbhp.pl\/sklep\/wp-content\/uploads\/2024\/09\/1891196_1_646x646.jpg","type":"image\/jpeg"}],"twitter_card":"summary_large_image","twitter_misc":{"Szacowany czas czytania":"2 minuty"},"schema":{"@context":"https:\/\/schema.org","@graph":[{"@type":"WebPage","@id":"https:\/\/kamexbhp.pl\/sklep\/produkt\/mascot-kurtka-17101-311-0944\/","url":"https:\/\/kamexbhp.pl\/sklep\/produkt\/mascot-kurtka-17101-311-0944\/","name":"MASCOT KURTKA 17101-311-0944 - KAMEX BHP - SKLEP INTERNETOWY Z ARTYKU\u0141AMI BHP NAJWY\u017bSZEJ JAKO\u015aCI","isPartOf":{"@id":"https:\/\/kamexbhp.pl\/sklep\/#website"},"primaryImageOfPage":{"@id":"https:\/\/kamexbhp.pl\/sklep\/produkt\/mascot-kurtka-17101-311-0944\/#primaryimage"},"image":{"@id":"https:\/\/kamexbhp.pl\/sklep\/produkt\/mascot-kurtka-17101-311-0944\/#primaryimage"},"thumbnailUrl":"https:\/\/kamexbhp.pl\/sklep\/wp-content\/uploads\/2024\/09\/1891196_1_646x646.jpg","datePublished":"2024-09-07T08:55:04+00:00","dateModified":"2024-11-10T06:52:41+00:00","description":"MASCOT KURTKA 17101-311-0944 to idealny wyb\u00f3r dla os\u00f3b szukaj\u0105cych komfortowej, trwa\u0142ej i funkcjonalnej odzie\u017cy roboczej. Wykonana z innowacyjnego materia\u0142u ULTIMATE STRETCH (92% poliamid, 8% elastan), rozci\u0105ga si\u0119 we wszystkich kierunkach, zapewniaj\u0105c maksymaln\u0105 swobod\u0119 ruchu bez ucisku. Kurtka jest wodoodporna, lekka, a jednocze\u015bnie wysoce odporna na uszkodzenia, co czyni j\u0105 doskona\u0142\u0105 na trudne warunki pracy. Zapi\u0119cie na suwak i wewn\u0119trzna klapka sztormowa skutecznie chroni\u0105 przed wiatrem, a ergonomicznie zaprojektowane r\u0119kawy u\u0142atwiaj\u0105 ruchy ramion. Paski refleksyjne zwi\u0119kszaj\u0105 widoczno\u015b\u0107, zapewniaj\u0105c dodatkowe bezpiecze\u0144stwo. Kurtka posiada certyfikat OEKO-TEX\u00ae STANDARD 100 i spe\u0142nia wymogi rozporz\u0105dzenia REACH, co gwarantuje bezpieczne u\u017cytkowanie. To niezawodna kurtka BHP, \u0142\u0105cz\u0105ca komfort, ochron\u0119 i nowoczesny design","breadcrumb":{"@id":"https:\/\/kamexbhp.pl\/sklep\/produkt\/mascot-kurtka-17101-311-0944\/#breadcrumb"},"inLanguage":"pl-PL","potentialAction":[{"@type":"ReadAction","target":["https:\/\/kamexbhp.pl\/sklep\/produkt\/mascot-kurtka-17101-311-0944\/"]}]},{"@type":"ImageObject","inLanguage":"pl-PL","@id":"https:\/\/kamexbhp.pl\/sklep\/produkt\/mascot-kurtka-17101-311-0944\/#primaryimage","url":"https:\/\/kamexbhp.pl\/sklep\/wp-content\/uploads\/2024\/09\/1891196_1_646x646.jpg","contentUrl":"https:\/\/kamexbhp.pl\/sklep\/wp-content\/uploads\/2024\/09\/1891196_1_646x646.jpg","width":646,"height":646,"caption":"CZARNO NIEBIESKA KURTKA MASCOT"},{"@type":"BreadcrumbList","@id":"https:\/\/kamexbhp.pl\/sklep\/produkt\/mascot-kurtka-17101-311-0944\/#breadcrumb","itemListElement":[{"@type":"ListItem","position":1,"name":"Strona g\u0142\u00f3wna","item":"https:\/\/kamexbhp.pl\/sklep\/"},{"@type":"ListItem","position":2,"name":"Sklep","item":"https:\/\/kamexbhp.pl\/sklep\/sklep\/"},{"@type":"ListItem","position":3,"name":"MASCOT KURTKA 17101-311-0944"}]},{"@type":"WebSite","@id":"https:\/\/kamexbhp.pl\/sklep\/#website","url":"https:\/\/kamexbhp.pl\/sklep\/","name":"KAMEX BHP - SKLEP INTERNETOWY Z ARTYKU\u0141AMI BHP NAJWY\u017bSZEJ JAKO\u015aCI","description":"Artuku\u0142y BHP najwy\u017cszej jako\u015bci!","publisher":{"@id":"https:\/\/kamexbhp.pl\/sklep\/#organization"},"potentialAction":[{"@type":"SearchAction","target":{"@type":"EntryPoint","urlTemplate":"https:\/\/kamexbhp.pl\/sklep\/?s={search_term_string}"},"query-input":{"@type":"PropertyValueSpecification","valueRequired":true,"valueName":"search_term_string"}}],"inLanguage":"pl-PL"},{"@type":"Organization","@id":"https:\/\/kamexbhp.pl\/sklep\/#organization","name":"KAMEX-BHP - SKLEP BHP - Odzie\u017c i obuwie robocze","url":"https:\/\/kamexbhp.pl\/sklep\/","logo":{"@type":"ImageObject","inLanguage":"pl-PL","@id":"https:\/\/kamexbhp.pl\/sklep\/#\/schema\/logo\/image\/","url":"https:\/\/kamexbhp.pl\/sklep\/wp-content\/uploads\/2025\/01\/KAMEX-BHP-Logo-1080-x-1080.png","contentUrl":"https:\/\/kamexbhp.pl\/sklep\/wp-content\/uploads\/2025\/01\/KAMEX-BHP-Logo-1080-x-1080.png","width":1080,"height":1080,"caption":"KAMEX-BHP - SKLEP BHP - Odzie\u017c i obuwie robocze"},"image":{"@id":"https:\/\/kamexbhp.pl\/sklep\/#\/schema\/logo\/image\/"},"sameAs":["https:\/\/www.facebook.com\/bhp.kamex","https:\/\/www.instagram.com\/kamexbhp\/"]}]}},"_links":{"self":[{"href":"https:\/\/kamexbhp.pl\/sklep\/wp-json\/wp\/v2\/product\/5886","targetHints":{"allow":["GET"]}}],"collection":[{"href":"https:\/\/kamexbhp.pl\/sklep\/wp-json\/wp\/v2\/product"}],"about":[{"href":"https:\/\/kamexbhp.pl\/sklep\/wp-json\/wp\/v2\/types\/product"}],"replies":[{"embeddable":true,"href":"https:\/\/kamexbhp.pl\/sklep\/wp-json\/wp\/v2\/comments?post=5886"}],"version-history":[{"count":2,"href":"https:\/\/kamexbhp.pl\/sklep\/wp-json\/wp\/v2\/product\/5886\/revisions"}],"predecessor-version":[{"id":5937,"href":"https:\/\/kamexbhp.pl\/sklep\/wp-json\/wp\/v2\/product\/5886\/revisions\/5937"}],"wp:featuredmedia":[{"embeddable":true,"href":"https:\/\/kamexbhp.pl\/sklep\/wp-json\/wp\/v2\/media\/5891"}],"wp:attachment":[{"href":"https:\/\/kamexbhp.pl\/sklep\/wp-json\/wp\/v2\/media?parent=5886"}],"wp:term":[{"taxonomy":"product_brand","embeddable":true,"href":"https:\/\/kamexbhp.pl\/sklep\/wp-json\/wp\/v2\/product_brand?post=5886"},{"taxonomy":"product_cat","embeddable":true,"href":"https:\/\/kamexbhp.pl\/sklep\/wp-json\/wp\/v2\/product_cat?post=5886"},{"taxonomy":"product_tag","embeddable":true,"href":"https:\/\/kamexbhp.pl\/sklep\/wp-json\/wp\/v2\/product_tag?post=5886"}],"curies":[{"name":"wp","href":"https:\/\/api.w.org\/{rel}","templated":true}]}}