{"id":5840,"date":"2024-09-06T14:28:51","date_gmt":"2024-09-06T12:28:51","guid":{"rendered":"https:\/\/kamexbhp.pl\/sklep\/?post_type=product&#038;p=5840"},"modified":"2025-08-22T13:11:20","modified_gmt":"2025-08-22T11:11:20","slug":"seven-kings-rival-bluza-dresowa-z-kapturem","status":"publish","type":"product","link":"https:\/\/kamexbhp.pl\/sklep\/produkt\/seven-kings-rival-bluza-dresowa-z-kapturem\/","title":{"rendered":"SEVEN KINGS RIVAL BLUZA DRESOWA Z KAPTUREM"},"content":{"rendered":"<p><strong>Bluza dresowa SEVEN KINGS RIVAL \u2013 funkcjonalno\u015b\u0107, wygoda i bezpiecze\u0144stwo<\/strong><\/p>\n<p>Odkryj bluz\u0119 dresow\u0105 SEVEN KINGS RIVAL, kt\u00f3ra \u0142\u0105czy w sobie nowoczesny design z wysok\u0105 jako\u015bci\u0105 wykonania. Idealna do pracy, na co dzie\u0144 oraz w ch\u0142odniejsze dni dzi\u0119ki zastosowaniu ciep\u0142ego polaru (280 g\/m2) o 100% zawarto\u015bci poliestru. Wyj\u0105tkowe w\u0142a\u015bciwo\u015bci tej bluzy, takie jak regulowany kaptur i odblaskowe elementy, zapewni\u0105 nie tylko komfort, ale tak\u017ce bezpiecze\u0144stwo.<\/p>\n<p><strong>Najwa\u017cniejsze cechy bluzy SEVEN KINGS RIVAL:<\/strong><\/p>\n<ul>\n<li><strong>Rodzaj zapi\u0119cia:<\/strong> Wytrzyma\u0142y zamek \u017cy\u0142kowy na ca\u0142ej d\u0142ugo\u015bci, u\u0142atwiaj\u0105cy szybkie zak\u0142adanie i zdejmowanie bluzy.<\/li>\n<li><strong>Kieszenie:<\/strong> Dwie funkcjonalne kieszenie boczne oraz dodatkowa kiesze\u0144 na klatce piersiowej, zapinana na zamek, idealna do przechowywania drobnych przedmiot\u00f3w.<\/li>\n<li><strong>Kaptur:<\/strong> Regulowany kaptur, zapewniaj\u0105cy ochron\u0119 przed wiatrem i zimnem.<\/li>\n<li><strong>Materia\u0142:<\/strong> Wykonana z trwa\u0142ego i ciep\u0142ego polaru (100% poliester, 280 g\/m2), kt\u00f3ry skutecznie chroni przed zimnem.<\/li>\n<li><strong>R\u0119kawy i mankiety:<\/strong> \u015aci\u0105gacze w r\u0119kawach gwarantuj\u0105 dobre dopasowanie oraz wygod\u0119 noszenia.<\/li>\n<li><strong>Elementy odblaskowe:<\/strong> Pasy odblaskowe (termotransferowalne) umieszczone pionowo na karczku oraz poziomo na r\u0119kawach, zwi\u0119kszaj\u0105ce widoczno\u015b\u0107 w warunkach s\u0142abego o\u015bwietlenia.<\/li>\n<li><strong>Budowa i szycie:<\/strong> Bluza posiada kontrastowe wstawki kolorystyczne, wysoki ko\u0142nierz, kt\u00f3ry dodatkowo chroni przed zimnem oraz wzmacnia ochron\u0119 szyi.<\/li>\n<\/ul>\n<p>Bluza SEVEN KINGS RIVAL to idealne po\u0142\u0105czenie stylu, wygody oraz bezpiecze\u0144stwa. Odblaskowe pasy zapewni\u0105 Ci wi\u0119ksz\u0105 widoczno\u015b\u0107 podczas pracy na zewn\u0105trz, a wysokiej jako\u015bci polar utrzyma ciep\u0142o nawet w ch\u0142odne dni. Doskona\u0142y wyb\u00f3r dla os\u00f3b ceni\u0105cych funkcjonalno\u015b\u0107 i wygod\u0119, niezale\u017cnie od warunk\u00f3w pracy.<\/p>\n","protected":false},"excerpt":{"rendered":"<p>Bluza SEVEN KINGS RIVAL to idealne po\u0142\u0105czenie stylu, wygody oraz bezpiecze\u0144stwa. Odblaskowe pasy zapewni\u0105 Ci wi\u0119ksz\u0105 widoczno\u015b\u0107 podczas pracy na zewn\u0105trz, a wysokiej jako\u015bci polar utrzyma ciep\u0142o nawet w ch\u0142odne dni. Doskona\u0142y wyb\u00f3r dla os\u00f3b ceni\u0105cych funkcjonalno\u015b\u0107 i wygod\u0119, niezale\u017cnie od warunk\u00f3w pracy.<\/p>\n","protected":false},"featured_media":5841,"comment_status":"open","ping_status":"closed","template":"","meta":[],"product_brand":[1905],"product_cat":[914],"product_tag":[1006,923,1004,430,917,1005,765],"class_list":{"0":"post-5840","1":"product","2":"type-product","3":"status-publish","4":"has-post-thumbnail","6":"product_brand-seven-kings","7":"product_cat-bluzy","8":"product_tag-artykul-bhp-opole","9":"product_tag-bluza-do-pracy","10":"product_tag-bluza-dresowa-z-kapturem","11":"product_tag-bluza-polarowa","12":"product_tag-bluza-robocza","13":"product_tag-bluza-z-odblaskami","14":"product_tag-odziez-bhp","16":"first","17":"onbackorder","18":"taxable","19":"shipping-taxable","20":"purchasable","21":"product-type-variable"},"yoast_head":"<!-- This site is optimized with the Yoast SEO plugin v25.6 - https:\/\/yoast.com\/wordpress\/plugins\/seo\/ -->\n<title>SEVEN KINGS RIVAL BLUZA DRESOWA Z KAPTUREM - KAMEX BHP - SKLEP INTERNETOWY Z ARTYKU\u0141AMI BHP NAJWY\u017bSZEJ JAKO\u015aCI<\/title>\n<meta name=\"description\" content=\"SEVEN KINGS BLUZA DRESOWA Z KAPTUREM RIVAL to funkcjonalna bluza robocza z polaru (100% poliester, 280 g\/m\u00b2), z zamkiem, regulowanym kapturem, kieszeniami i odblaskowymi pasami, zapewniaj\u0105ca komfort i bezpiecze\u0144stwo.\" \/>\n<meta name=\"robots\" content=\"index, follow, max-snippet:-1, max-image-preview:large, max-video-preview:-1\" \/>\n<link rel=\"canonical\" href=\"https:\/\/kamexbhp.pl\/sklep\/produkt\/seven-kings-rival-bluza-dresowa-z-kapturem\/\" \/>\n<meta property=\"og:locale\" content=\"pl_PL\" \/>\n<meta property=\"og:type\" content=\"article\" \/>\n<meta property=\"og:title\" content=\"SEVEN KINGS RIVAL BLUZA DRESOWA Z KAPTUREM - KAMEX BHP - SKLEP INTERNETOWY Z ARTYKU\u0141AMI BHP NAJWY\u017bSZEJ JAKO\u015aCI\" \/>\n<meta property=\"og:description\" content=\"SEVEN KINGS BLUZA DRESOWA Z KAPTUREM RIVAL to funkcjonalna bluza robocza z polaru (100% poliester, 280 g\/m\u00b2), z zamkiem, regulowanym kapturem, kieszeniami i odblaskowymi pasami, zapewniaj\u0105ca komfort i bezpiecze\u0144stwo.\" \/>\n<meta property=\"og:url\" content=\"https:\/\/kamexbhp.pl\/sklep\/produkt\/seven-kings-rival-bluza-dresowa-z-kapturem\/\" \/>\n<meta property=\"og:site_name\" content=\"KAMEX BHP - SKLEP INTERNETOWY Z ARTYKU\u0141AMI BHP NAJWY\u017bSZEJ JAKO\u015aCI\" \/>\n<meta property=\"article:publisher\" content=\"https:\/\/www.facebook.com\/bhp.kamex\" \/>\n<meta property=\"article:modified_time\" content=\"2025-08-22T11:11:20+00:00\" \/>\n<meta property=\"og:image\" content=\"https:\/\/kamexbhp.pl\/sklep\/wp-content\/uploads\/2024\/09\/bluza_seven_kings_rival_polstar_15.jpg\" \/>\n\t<meta property=\"og:image:width\" content=\"1660\" \/>\n\t<meta property=\"og:image:height\" content=\"1920\" \/>\n\t<meta property=\"og:image:type\" content=\"image\/jpeg\" \/>\n<meta name=\"twitter:card\" content=\"summary_large_image\" \/>\n<meta name=\"twitter:label1\" content=\"Szacowany czas czytania\" \/>\n\t<meta name=\"twitter:data1\" content=\"2 minuty\" \/>\n<script type=\"application\/ld+json\" class=\"yoast-schema-graph\">{\"@context\":\"https:\/\/schema.org\",\"@graph\":[{\"@type\":\"WebPage\",\"@id\":\"https:\/\/kamexbhp.pl\/sklep\/produkt\/seven-kings-rival-bluza-dresowa-z-kapturem\/\",\"url\":\"https:\/\/kamexbhp.pl\/sklep\/produkt\/seven-kings-rival-bluza-dresowa-z-kapturem\/\",\"name\":\"SEVEN KINGS RIVAL BLUZA DRESOWA Z KAPTUREM - KAMEX BHP - SKLEP INTERNETOWY Z ARTYKU\u0141AMI BHP NAJWY\u017bSZEJ JAKO\u015aCI\",\"isPartOf\":{\"@id\":\"https:\/\/kamexbhp.pl\/sklep\/#website\"},\"primaryImageOfPage\":{\"@id\":\"https:\/\/kamexbhp.pl\/sklep\/produkt\/seven-kings-rival-bluza-dresowa-z-kapturem\/#primaryimage\"},\"image\":{\"@id\":\"https:\/\/kamexbhp.pl\/sklep\/produkt\/seven-kings-rival-bluza-dresowa-z-kapturem\/#primaryimage\"},\"thumbnailUrl\":\"https:\/\/kamexbhp.pl\/sklep\/wp-content\/uploads\/2024\/09\/bluza_seven_kings_rival_polstar_15.jpg\",\"datePublished\":\"2024-09-06T12:28:51+00:00\",\"dateModified\":\"2025-08-22T11:11:20+00:00\",\"description\":\"SEVEN KINGS BLUZA DRESOWA Z KAPTUREM RIVAL to funkcjonalna bluza robocza z polaru (100% poliester, 280 g\/m\u00b2), z zamkiem, regulowanym kapturem, kieszeniami i odblaskowymi pasami, zapewniaj\u0105ca komfort i bezpiecze\u0144stwo.\",\"breadcrumb\":{\"@id\":\"https:\/\/kamexbhp.pl\/sklep\/produkt\/seven-kings-rival-bluza-dresowa-z-kapturem\/#breadcrumb\"},\"inLanguage\":\"pl-PL\",\"potentialAction\":[{\"@type\":\"ReadAction\",\"target\":[\"https:\/\/kamexbhp.pl\/sklep\/produkt\/seven-kings-rival-bluza-dresowa-z-kapturem\/\"]}]},{\"@type\":\"ImageObject\",\"inLanguage\":\"pl-PL\",\"@id\":\"https:\/\/kamexbhp.pl\/sklep\/produkt\/seven-kings-rival-bluza-dresowa-z-kapturem\/#primaryimage\",\"url\":\"https:\/\/kamexbhp.pl\/sklep\/wp-content\/uploads\/2024\/09\/bluza_seven_kings_rival_polstar_15.jpg\",\"contentUrl\":\"https:\/\/kamexbhp.pl\/sklep\/wp-content\/uploads\/2024\/09\/bluza_seven_kings_rival_polstar_15.jpg\",\"width\":1660,\"height\":1920,\"caption\":\"czarno \u017c\u00f3\u0142ta bluza\"},{\"@type\":\"BreadcrumbList\",\"@id\":\"https:\/\/kamexbhp.pl\/sklep\/produkt\/seven-kings-rival-bluza-dresowa-z-kapturem\/#breadcrumb\",\"itemListElement\":[{\"@type\":\"ListItem\",\"position\":1,\"name\":\"Strona g\u0142\u00f3wna\",\"item\":\"https:\/\/kamexbhp.pl\/sklep\/\"},{\"@type\":\"ListItem\",\"position\":2,\"name\":\"Sklep\",\"item\":\"https:\/\/kamexbhp.pl\/sklep\/sklep\/\"},{\"@type\":\"ListItem\",\"position\":3,\"name\":\"SEVEN KINGS RIVAL BLUZA DRESOWA Z KAPTUREM\"}]},{\"@type\":\"WebSite\",\"@id\":\"https:\/\/kamexbhp.pl\/sklep\/#website\",\"url\":\"https:\/\/kamexbhp.pl\/sklep\/\",\"name\":\"KAMEX BHP - SKLEP INTERNETOWY Z ARTYKU\u0141AMI BHP NAJWY\u017bSZEJ JAKO\u015aCI\",\"description\":\"Artuku\u0142y BHP najwy\u017cszej jako\u015bci!\",\"publisher\":{\"@id\":\"https:\/\/kamexbhp.pl\/sklep\/#organization\"},\"potentialAction\":[{\"@type\":\"SearchAction\",\"target\":{\"@type\":\"EntryPoint\",\"urlTemplate\":\"https:\/\/kamexbhp.pl\/sklep\/?s={search_term_string}\"},\"query-input\":{\"@type\":\"PropertyValueSpecification\",\"valueRequired\":true,\"valueName\":\"search_term_string\"}}],\"inLanguage\":\"pl-PL\"},{\"@type\":\"Organization\",\"@id\":\"https:\/\/kamexbhp.pl\/sklep\/#organization\",\"name\":\"KAMEX-BHP - SKLEP BHP - Odzie\u017c i obuwie robocze\",\"url\":\"https:\/\/kamexbhp.pl\/sklep\/\",\"logo\":{\"@type\":\"ImageObject\",\"inLanguage\":\"pl-PL\",\"@id\":\"https:\/\/kamexbhp.pl\/sklep\/#\/schema\/logo\/image\/\",\"url\":\"https:\/\/kamexbhp.pl\/sklep\/wp-content\/uploads\/2025\/01\/KAMEX-BHP-Logo-1080-x-1080.png\",\"contentUrl\":\"https:\/\/kamexbhp.pl\/sklep\/wp-content\/uploads\/2025\/01\/KAMEX-BHP-Logo-1080-x-1080.png\",\"width\":1080,\"height\":1080,\"caption\":\"KAMEX-BHP - SKLEP BHP - Odzie\u017c i obuwie robocze\"},\"image\":{\"@id\":\"https:\/\/kamexbhp.pl\/sklep\/#\/schema\/logo\/image\/\"},\"sameAs\":[\"https:\/\/www.facebook.com\/bhp.kamex\",\"https:\/\/www.instagram.com\/kamexbhp\/\"]}]}<\/script>\n<!-- \/ Yoast SEO plugin. -->","yoast_head_json":{"title":"SEVEN KINGS RIVAL BLUZA DRESOWA Z KAPTUREM - KAMEX BHP - SKLEP INTERNETOWY Z ARTYKU\u0141AMI BHP NAJWY\u017bSZEJ JAKO\u015aCI","description":"SEVEN KINGS BLUZA DRESOWA Z KAPTUREM RIVAL to funkcjonalna bluza robocza z polaru (100% poliester, 280 g\/m\u00b2), z zamkiem, regulowanym kapturem, kieszeniami i odblaskowymi pasami, zapewniaj\u0105ca komfort i bezpiecze\u0144stwo.","robots":{"index":"index","follow":"follow","max-snippet":"max-snippet:-1","max-image-preview":"max-image-preview:large","max-video-preview":"max-video-preview:-1"},"canonical":"https:\/\/kamexbhp.pl\/sklep\/produkt\/seven-kings-rival-bluza-dresowa-z-kapturem\/","og_locale":"pl_PL","og_type":"article","og_title":"SEVEN KINGS RIVAL BLUZA DRESOWA Z KAPTUREM - KAMEX BHP - SKLEP INTERNETOWY Z ARTYKU\u0141AMI BHP NAJWY\u017bSZEJ JAKO\u015aCI","og_description":"SEVEN KINGS BLUZA DRESOWA Z KAPTUREM RIVAL to funkcjonalna bluza robocza z polaru (100% poliester, 280 g\/m\u00b2), z zamkiem, regulowanym kapturem, kieszeniami i odblaskowymi pasami, zapewniaj\u0105ca komfort i bezpiecze\u0144stwo.","og_url":"https:\/\/kamexbhp.pl\/sklep\/produkt\/seven-kings-rival-bluza-dresowa-z-kapturem\/","og_site_name":"KAMEX BHP - SKLEP INTERNETOWY Z ARTYKU\u0141AMI BHP NAJWY\u017bSZEJ JAKO\u015aCI","article_publisher":"https:\/\/www.facebook.com\/bhp.kamex","article_modified_time":"2025-08-22T11:11:20+00:00","og_image":[{"width":1660,"height":1920,"url":"https:\/\/kamexbhp.pl\/sklep\/wp-content\/uploads\/2024\/09\/bluza_seven_kings_rival_polstar_15.jpg","type":"image\/jpeg"}],"twitter_card":"summary_large_image","twitter_misc":{"Szacowany czas czytania":"2 minuty"},"schema":{"@context":"https:\/\/schema.org","@graph":[{"@type":"WebPage","@id":"https:\/\/kamexbhp.pl\/sklep\/produkt\/seven-kings-rival-bluza-dresowa-z-kapturem\/","url":"https:\/\/kamexbhp.pl\/sklep\/produkt\/seven-kings-rival-bluza-dresowa-z-kapturem\/","name":"SEVEN KINGS RIVAL BLUZA DRESOWA Z KAPTUREM - KAMEX BHP - SKLEP INTERNETOWY Z ARTYKU\u0141AMI BHP NAJWY\u017bSZEJ JAKO\u015aCI","isPartOf":{"@id":"https:\/\/kamexbhp.pl\/sklep\/#website"},"primaryImageOfPage":{"@id":"https:\/\/kamexbhp.pl\/sklep\/produkt\/seven-kings-rival-bluza-dresowa-z-kapturem\/#primaryimage"},"image":{"@id":"https:\/\/kamexbhp.pl\/sklep\/produkt\/seven-kings-rival-bluza-dresowa-z-kapturem\/#primaryimage"},"thumbnailUrl":"https:\/\/kamexbhp.pl\/sklep\/wp-content\/uploads\/2024\/09\/bluza_seven_kings_rival_polstar_15.jpg","datePublished":"2024-09-06T12:28:51+00:00","dateModified":"2025-08-22T11:11:20+00:00","description":"SEVEN KINGS BLUZA DRESOWA Z KAPTUREM RIVAL to funkcjonalna bluza robocza z polaru (100% poliester, 280 g\/m\u00b2), z zamkiem, regulowanym kapturem, kieszeniami i odblaskowymi pasami, zapewniaj\u0105ca komfort i bezpiecze\u0144stwo.","breadcrumb":{"@id":"https:\/\/kamexbhp.pl\/sklep\/produkt\/seven-kings-rival-bluza-dresowa-z-kapturem\/#breadcrumb"},"inLanguage":"pl-PL","potentialAction":[{"@type":"ReadAction","target":["https:\/\/kamexbhp.pl\/sklep\/produkt\/seven-kings-rival-bluza-dresowa-z-kapturem\/"]}]},{"@type":"ImageObject","inLanguage":"pl-PL","@id":"https:\/\/kamexbhp.pl\/sklep\/produkt\/seven-kings-rival-bluza-dresowa-z-kapturem\/#primaryimage","url":"https:\/\/kamexbhp.pl\/sklep\/wp-content\/uploads\/2024\/09\/bluza_seven_kings_rival_polstar_15.jpg","contentUrl":"https:\/\/kamexbhp.pl\/sklep\/wp-content\/uploads\/2024\/09\/bluza_seven_kings_rival_polstar_15.jpg","width":1660,"height":1920,"caption":"czarno \u017c\u00f3\u0142ta bluza"},{"@type":"BreadcrumbList","@id":"https:\/\/kamexbhp.pl\/sklep\/produkt\/seven-kings-rival-bluza-dresowa-z-kapturem\/#breadcrumb","itemListElement":[{"@type":"ListItem","position":1,"name":"Strona g\u0142\u00f3wna","item":"https:\/\/kamexbhp.pl\/sklep\/"},{"@type":"ListItem","position":2,"name":"Sklep","item":"https:\/\/kamexbhp.pl\/sklep\/sklep\/"},{"@type":"ListItem","position":3,"name":"SEVEN KINGS RIVAL BLUZA DRESOWA Z KAPTUREM"}]},{"@type":"WebSite","@id":"https:\/\/kamexbhp.pl\/sklep\/#website","url":"https:\/\/kamexbhp.pl\/sklep\/","name":"KAMEX BHP - SKLEP INTERNETOWY Z ARTYKU\u0141AMI BHP NAJWY\u017bSZEJ JAKO\u015aCI","description":"Artuku\u0142y BHP najwy\u017cszej jako\u015bci!","publisher":{"@id":"https:\/\/kamexbhp.pl\/sklep\/#organization"},"potentialAction":[{"@type":"SearchAction","target":{"@type":"EntryPoint","urlTemplate":"https:\/\/kamexbhp.pl\/sklep\/?s={search_term_string}"},"query-input":{"@type":"PropertyValueSpecification","valueRequired":true,"valueName":"search_term_string"}}],"inLanguage":"pl-PL"},{"@type":"Organization","@id":"https:\/\/kamexbhp.pl\/sklep\/#organization","name":"KAMEX-BHP - SKLEP BHP - Odzie\u017c i obuwie robocze","url":"https:\/\/kamexbhp.pl\/sklep\/","logo":{"@type":"ImageObject","inLanguage":"pl-PL","@id":"https:\/\/kamexbhp.pl\/sklep\/#\/schema\/logo\/image\/","url":"https:\/\/kamexbhp.pl\/sklep\/wp-content\/uploads\/2025\/01\/KAMEX-BHP-Logo-1080-x-1080.png","contentUrl":"https:\/\/kamexbhp.pl\/sklep\/wp-content\/uploads\/2025\/01\/KAMEX-BHP-Logo-1080-x-1080.png","width":1080,"height":1080,"caption":"KAMEX-BHP - SKLEP BHP - Odzie\u017c i obuwie robocze"},"image":{"@id":"https:\/\/kamexbhp.pl\/sklep\/#\/schema\/logo\/image\/"},"sameAs":["https:\/\/www.facebook.com\/bhp.kamex","https:\/\/www.instagram.com\/kamexbhp\/"]}]}},"_links":{"self":[{"href":"https:\/\/kamexbhp.pl\/sklep\/wp-json\/wp\/v2\/product\/5840","targetHints":{"allow":["GET"]}}],"collection":[{"href":"https:\/\/kamexbhp.pl\/sklep\/wp-json\/wp\/v2\/product"}],"about":[{"href":"https:\/\/kamexbhp.pl\/sklep\/wp-json\/wp\/v2\/types\/product"}],"replies":[{"embeddable":true,"href":"https:\/\/kamexbhp.pl\/sklep\/wp-json\/wp\/v2\/comments?post=5840"}],"version-history":[{"count":1,"href":"https:\/\/kamexbhp.pl\/sklep\/wp-json\/wp\/v2\/product\/5840\/revisions"}],"predecessor-version":[{"id":5856,"href":"https:\/\/kamexbhp.pl\/sklep\/wp-json\/wp\/v2\/product\/5840\/revisions\/5856"}],"wp:featuredmedia":[{"embeddable":true,"href":"https:\/\/kamexbhp.pl\/sklep\/wp-json\/wp\/v2\/media\/5841"}],"wp:attachment":[{"href":"https:\/\/kamexbhp.pl\/sklep\/wp-json\/wp\/v2\/media?parent=5840"}],"wp:term":[{"taxonomy":"product_brand","embeddable":true,"href":"https:\/\/kamexbhp.pl\/sklep\/wp-json\/wp\/v2\/product_brand?post=5840"},{"taxonomy":"product_cat","embeddable":true,"href":"https:\/\/kamexbhp.pl\/sklep\/wp-json\/wp\/v2\/product_cat?post=5840"},{"taxonomy":"product_tag","embeddable":true,"href":"https:\/\/kamexbhp.pl\/sklep\/wp-json\/wp\/v2\/product_tag?post=5840"}],"curies":[{"name":"wp","href":"https:\/\/api.w.org\/{rel}","templated":true}]}}