{"id":5823,"date":"2024-09-06T13:05:24","date_gmt":"2024-09-06T11:05:24","guid":{"rendered":"https:\/\/kamexbhp.pl\/sklep\/?post_type=product&#038;p=5823"},"modified":"2025-02-12T16:02:25","modified_gmt":"2025-02-12T15:02:25","slug":"seven-kings-bluza-onyx","status":"publish","type":"product","link":"https:\/\/kamexbhp.pl\/sklep\/produkt\/seven-kings-bluza-onyx\/","title":{"rendered":"SEVEN KINGS BLUZA ONYX"},"content":{"rendered":"<p><strong>Bluza BHP SEVEN KINGS ONYX<\/strong> \u2013 Po\u0142\u0105czenie stylu, funkcjonalno\u015bci i bezpiecze\u0144stwa. Nasza bluza SEVEN KINGS ONYX to idealne rozwi\u0105zanie dla ka\u017cdego profesjonalisty, kt\u00f3ry ceni sobie komfort i wytrzyma\u0142o\u015b\u0107 w miejscu pracy.<\/p>\n<p><strong>Cechy produktu:<\/strong><\/p>\n<ul>\n<li><strong>Rodzaj zapi\u0119cia:<\/strong> Zapinana na zamek b\u0142yskawiczny, kryty listw\u0105 zapinan\u0105 na rzepy \u2013 zapewnia \u0142atwe i szybkie zak\u0142adanie oraz dodatkow\u0105 ochron\u0119 przed wiatrem.<\/li>\n<li><strong>R\u0119kawy:<\/strong> Regulowane mankiety przy r\u0119kawach za pomoc\u0105 gumki \u2013 gwarantuj\u0105 idealne dopasowanie i ochron\u0119 przed zimnem.<\/li>\n<li><strong>Kieszonka na d\u0142ugopisy:<\/strong> Umieszczona na r\u0119kawie \u2013 praktyczne rozwi\u0105zanie dla os\u00f3b, kt\u00f3re potrzebuj\u0105 mie\u0107 narz\u0119dzia zawsze pod r\u0119k\u0105.<\/li>\n<li><strong>Budowa\/Szycie:<\/strong> Podw\u00f3jne szwy, szyte mocn\u0105 nici\u0105 oraz du\u017ca ilo\u015b\u0107 rygl\u00f3wek w miejscach szczeg\u00f3lnie nara\u017conych na rozprucie \u2013 zapewniaj\u0105 wyj\u0105tkow\u0105 trwa\u0142o\u015b\u0107 i odporno\u015b\u0107 na uszkodzenia.<\/li>\n<li><strong>Design:<\/strong> Wstawki i lam\u00f3wki kolorystyczne dodaj\u0105 nowoczesnego wygl\u0105du, a transpiratory powietrza zapewniaj\u0105 optymaln\u0105 cyrkulacj\u0119 i komfort noszenia.<\/li>\n<li><strong>Logo:<\/strong> Widoczne logo SEVEN KINGS \u2013 gwarancja jako\u015bci i stylu.<\/li>\n<\/ul>\n","protected":false},"excerpt":{"rendered":"<p><strong>Bluza SEVEN KINGS ONYX<\/strong> jest idealna dla pracownik\u00f3w r\u00f3\u017cnych bran\u017c, zapewniaj\u0105c im wygod\u0119 i bezpiecze\u0144stwo podczas codziennych zada\u0144. Wybierz jako\u015b\u0107 i niezawodno\u015b\u0107 \u2013 wybierz SEVEN KINGS ONYX.<\/p>\n","protected":false},"featured_media":5824,"comment_status":"open","ping_status":"closed","template":"","meta":[],"product_brand":[1905],"product_cat":[914,916],"product_tag":[1000,1003,1001,996,998,1002,765,429,679,997,880,995,999],"class_list":{"0":"post-5823","1":"product","2":"type-product","3":"status-publish","4":"has-post-thumbnail","6":"product_brand-seven-kings","7":"product_cat-bluzy","8":"product_cat-promocje","9":"product_tag-bluza-robocza-z-transpiratorami","10":"product_tag-bluza-z-lamowkami","11":"product_tag-bluza-z-podwojnymi-szwami","12":"product_tag-bluza-z-zamkiem","13":"product_tag-kieszonka-na-dlugopisy","14":"product_tag-moda-robocza","15":"product_tag-odziez-bhp","16":"product_tag-odziez-ochronna","17":"product_tag-odziez-robocza","18":"product_tag-regulowane-mankiety","19":"product_tag-seven-kings","20":"product_tag-seven-kings-onyx","21":"product_tag-wytrzymala-bluza","23":"first","24":"instock","25":"taxable","26":"shipping-taxable","27":"purchasable","28":"product-type-variable"},"yoast_head":"<!-- This site is optimized with the Yoast SEO plugin v25.6 - https:\/\/yoast.com\/wordpress\/plugins\/seo\/ -->\n<title>SEVEN KINGS BLUZA ONYX - KAMEX BHP - SKLEP INTERNETOWY Z ARTYKU\u0141AMI BHP NAJWY\u017bSZEJ JAKO\u015aCI<\/title>\n<meta name=\"description\" content=\"Bluza BHP SEVEN KINGS ONYX \u2013 Po\u0142\u0105czenie stylu, funkcjonalno\u015bci i bezpiecze\u0144stwa. Nasza bluza SEVEN KINGS ONYX to idealne rozwi\u0105zanie dla ka\u017cdego profesjonalisty, kt\u00f3ry ceni sobie komfort i wytrzyma\u0142o\u015b\u0107 w miejscu pracy.Cechy produktu:\" \/>\n<meta name=\"robots\" content=\"index, follow, max-snippet:-1, max-image-preview:large, max-video-preview:-1\" \/>\n<link rel=\"canonical\" href=\"https:\/\/kamexbhp.pl\/sklep\/produkt\/seven-kings-bluza-onyx\/\" \/>\n<meta property=\"og:locale\" content=\"pl_PL\" \/>\n<meta property=\"og:type\" content=\"article\" \/>\n<meta property=\"og:title\" content=\"SEVEN KINGS BLUZA ONYX - KAMEX BHP - SKLEP INTERNETOWY Z ARTYKU\u0141AMI BHP NAJWY\u017bSZEJ JAKO\u015aCI\" \/>\n<meta property=\"og:description\" content=\"Bluza BHP SEVEN KINGS ONYX \u2013 Po\u0142\u0105czenie stylu, funkcjonalno\u015bci i bezpiecze\u0144stwa. Nasza bluza SEVEN KINGS ONYX to idealne rozwi\u0105zanie dla ka\u017cdego profesjonalisty, kt\u00f3ry ceni sobie komfort i wytrzyma\u0142o\u015b\u0107 w miejscu pracy.Cechy produktu:\" \/>\n<meta property=\"og:url\" content=\"https:\/\/kamexbhp.pl\/sklep\/produkt\/seven-kings-bluza-onyx\/\" \/>\n<meta property=\"og:site_name\" content=\"KAMEX BHP - SKLEP INTERNETOWY Z ARTYKU\u0141AMI BHP NAJWY\u017bSZEJ JAKO\u015aCI\" \/>\n<meta property=\"article:publisher\" content=\"https:\/\/www.facebook.com\/bhp.kamex\" \/>\n<meta property=\"article:modified_time\" content=\"2025-02-12T15:02:25+00:00\" \/>\n<meta property=\"og:image\" content=\"https:\/\/kamexbhp.pl\/sklep\/wp-content\/uploads\/2024\/09\/thumb_seven_kings_bluza_onyx_a7bl_polstar_1.jpg\" \/>\n\t<meta property=\"og:image:width\" content=\"350\" \/>\n\t<meta property=\"og:image:height\" content=\"405\" \/>\n\t<meta property=\"og:image:type\" content=\"image\/jpeg\" \/>\n<meta name=\"twitter:card\" content=\"summary_large_image\" \/>\n<meta name=\"twitter:label1\" content=\"Szacowany czas czytania\" \/>\n\t<meta name=\"twitter:data1\" content=\"2 minuty\" \/>\n<script type=\"application\/ld+json\" class=\"yoast-schema-graph\">{\"@context\":\"https:\/\/schema.org\",\"@graph\":[{\"@type\":\"WebPage\",\"@id\":\"https:\/\/kamexbhp.pl\/sklep\/produkt\/seven-kings-bluza-onyx\/\",\"url\":\"https:\/\/kamexbhp.pl\/sklep\/produkt\/seven-kings-bluza-onyx\/\",\"name\":\"SEVEN KINGS BLUZA ONYX - KAMEX BHP - SKLEP INTERNETOWY Z ARTYKU\u0141AMI BHP NAJWY\u017bSZEJ JAKO\u015aCI\",\"isPartOf\":{\"@id\":\"https:\/\/kamexbhp.pl\/sklep\/#website\"},\"primaryImageOfPage\":{\"@id\":\"https:\/\/kamexbhp.pl\/sklep\/produkt\/seven-kings-bluza-onyx\/#primaryimage\"},\"image\":{\"@id\":\"https:\/\/kamexbhp.pl\/sklep\/produkt\/seven-kings-bluza-onyx\/#primaryimage\"},\"thumbnailUrl\":\"https:\/\/kamexbhp.pl\/sklep\/wp-content\/uploads\/2024\/09\/thumb_seven_kings_bluza_onyx_a7bl_polstar_1.jpg\",\"datePublished\":\"2024-09-06T11:05:24+00:00\",\"dateModified\":\"2025-02-12T15:02:25+00:00\",\"description\":\"Bluza BHP SEVEN KINGS ONYX \u2013 Po\u0142\u0105czenie stylu, funkcjonalno\u015bci i bezpiecze\u0144stwa. Nasza bluza SEVEN KINGS ONYX to idealne rozwi\u0105zanie dla ka\u017cdego profesjonalisty, kt\u00f3ry ceni sobie komfort i wytrzyma\u0142o\u015b\u0107 w miejscu pracy.Cechy produktu:\",\"breadcrumb\":{\"@id\":\"https:\/\/kamexbhp.pl\/sklep\/produkt\/seven-kings-bluza-onyx\/#breadcrumb\"},\"inLanguage\":\"pl-PL\",\"potentialAction\":[{\"@type\":\"ReadAction\",\"target\":[\"https:\/\/kamexbhp.pl\/sklep\/produkt\/seven-kings-bluza-onyx\/\"]}]},{\"@type\":\"ImageObject\",\"inLanguage\":\"pl-PL\",\"@id\":\"https:\/\/kamexbhp.pl\/sklep\/produkt\/seven-kings-bluza-onyx\/#primaryimage\",\"url\":\"https:\/\/kamexbhp.pl\/sklep\/wp-content\/uploads\/2024\/09\/thumb_seven_kings_bluza_onyx_a7bl_polstar_1.jpg\",\"contentUrl\":\"https:\/\/kamexbhp.pl\/sklep\/wp-content\/uploads\/2024\/09\/thumb_seven_kings_bluza_onyx_a7bl_polstar_1.jpg\",\"width\":350,\"height\":405,\"caption\":\"szaro zielona bluza robocza\"},{\"@type\":\"BreadcrumbList\",\"@id\":\"https:\/\/kamexbhp.pl\/sklep\/produkt\/seven-kings-bluza-onyx\/#breadcrumb\",\"itemListElement\":[{\"@type\":\"ListItem\",\"position\":1,\"name\":\"Strona g\u0142\u00f3wna\",\"item\":\"https:\/\/kamexbhp.pl\/sklep\/\"},{\"@type\":\"ListItem\",\"position\":2,\"name\":\"Sklep\",\"item\":\"https:\/\/kamexbhp.pl\/sklep\/sklep\/\"},{\"@type\":\"ListItem\",\"position\":3,\"name\":\"SEVEN KINGS BLUZA ONYX\"}]},{\"@type\":\"WebSite\",\"@id\":\"https:\/\/kamexbhp.pl\/sklep\/#website\",\"url\":\"https:\/\/kamexbhp.pl\/sklep\/\",\"name\":\"KAMEX BHP - SKLEP INTERNETOWY Z ARTYKU\u0141AMI BHP NAJWY\u017bSZEJ JAKO\u015aCI\",\"description\":\"Artuku\u0142y BHP najwy\u017cszej jako\u015bci!\",\"publisher\":{\"@id\":\"https:\/\/kamexbhp.pl\/sklep\/#organization\"},\"potentialAction\":[{\"@type\":\"SearchAction\",\"target\":{\"@type\":\"EntryPoint\",\"urlTemplate\":\"https:\/\/kamexbhp.pl\/sklep\/?s={search_term_string}\"},\"query-input\":{\"@type\":\"PropertyValueSpecification\",\"valueRequired\":true,\"valueName\":\"search_term_string\"}}],\"inLanguage\":\"pl-PL\"},{\"@type\":\"Organization\",\"@id\":\"https:\/\/kamexbhp.pl\/sklep\/#organization\",\"name\":\"KAMEX-BHP - SKLEP BHP - Odzie\u017c i obuwie robocze\",\"url\":\"https:\/\/kamexbhp.pl\/sklep\/\",\"logo\":{\"@type\":\"ImageObject\",\"inLanguage\":\"pl-PL\",\"@id\":\"https:\/\/kamexbhp.pl\/sklep\/#\/schema\/logo\/image\/\",\"url\":\"https:\/\/kamexbhp.pl\/sklep\/wp-content\/uploads\/2025\/01\/KAMEX-BHP-Logo-1080-x-1080.png\",\"contentUrl\":\"https:\/\/kamexbhp.pl\/sklep\/wp-content\/uploads\/2025\/01\/KAMEX-BHP-Logo-1080-x-1080.png\",\"width\":1080,\"height\":1080,\"caption\":\"KAMEX-BHP - SKLEP BHP - Odzie\u017c i obuwie robocze\"},\"image\":{\"@id\":\"https:\/\/kamexbhp.pl\/sklep\/#\/schema\/logo\/image\/\"},\"sameAs\":[\"https:\/\/www.facebook.com\/bhp.kamex\",\"https:\/\/www.instagram.com\/kamexbhp\/\"]}]}<\/script>\n<!-- \/ Yoast SEO plugin. -->","yoast_head_json":{"title":"SEVEN KINGS BLUZA ONYX - KAMEX BHP - SKLEP INTERNETOWY Z ARTYKU\u0141AMI BHP NAJWY\u017bSZEJ JAKO\u015aCI","description":"Bluza BHP SEVEN KINGS ONYX \u2013 Po\u0142\u0105czenie stylu, funkcjonalno\u015bci i bezpiecze\u0144stwa. Nasza bluza SEVEN KINGS ONYX to idealne rozwi\u0105zanie dla ka\u017cdego profesjonalisty, kt\u00f3ry ceni sobie komfort i wytrzyma\u0142o\u015b\u0107 w miejscu pracy.Cechy produktu:","robots":{"index":"index","follow":"follow","max-snippet":"max-snippet:-1","max-image-preview":"max-image-preview:large","max-video-preview":"max-video-preview:-1"},"canonical":"https:\/\/kamexbhp.pl\/sklep\/produkt\/seven-kings-bluza-onyx\/","og_locale":"pl_PL","og_type":"article","og_title":"SEVEN KINGS BLUZA ONYX - KAMEX BHP - SKLEP INTERNETOWY Z ARTYKU\u0141AMI BHP NAJWY\u017bSZEJ JAKO\u015aCI","og_description":"Bluza BHP SEVEN KINGS ONYX \u2013 Po\u0142\u0105czenie stylu, funkcjonalno\u015bci i bezpiecze\u0144stwa. Nasza bluza SEVEN KINGS ONYX to idealne rozwi\u0105zanie dla ka\u017cdego profesjonalisty, kt\u00f3ry ceni sobie komfort i wytrzyma\u0142o\u015b\u0107 w miejscu pracy.Cechy produktu:","og_url":"https:\/\/kamexbhp.pl\/sklep\/produkt\/seven-kings-bluza-onyx\/","og_site_name":"KAMEX BHP - SKLEP INTERNETOWY Z ARTYKU\u0141AMI BHP NAJWY\u017bSZEJ JAKO\u015aCI","article_publisher":"https:\/\/www.facebook.com\/bhp.kamex","article_modified_time":"2025-02-12T15:02:25+00:00","og_image":[{"width":350,"height":405,"url":"https:\/\/kamexbhp.pl\/sklep\/wp-content\/uploads\/2024\/09\/thumb_seven_kings_bluza_onyx_a7bl_polstar_1.jpg","type":"image\/jpeg"}],"twitter_card":"summary_large_image","twitter_misc":{"Szacowany czas czytania":"2 minuty"},"schema":{"@context":"https:\/\/schema.org","@graph":[{"@type":"WebPage","@id":"https:\/\/kamexbhp.pl\/sklep\/produkt\/seven-kings-bluza-onyx\/","url":"https:\/\/kamexbhp.pl\/sklep\/produkt\/seven-kings-bluza-onyx\/","name":"SEVEN KINGS BLUZA ONYX - KAMEX BHP - SKLEP INTERNETOWY Z ARTYKU\u0141AMI BHP NAJWY\u017bSZEJ JAKO\u015aCI","isPartOf":{"@id":"https:\/\/kamexbhp.pl\/sklep\/#website"},"primaryImageOfPage":{"@id":"https:\/\/kamexbhp.pl\/sklep\/produkt\/seven-kings-bluza-onyx\/#primaryimage"},"image":{"@id":"https:\/\/kamexbhp.pl\/sklep\/produkt\/seven-kings-bluza-onyx\/#primaryimage"},"thumbnailUrl":"https:\/\/kamexbhp.pl\/sklep\/wp-content\/uploads\/2024\/09\/thumb_seven_kings_bluza_onyx_a7bl_polstar_1.jpg","datePublished":"2024-09-06T11:05:24+00:00","dateModified":"2025-02-12T15:02:25+00:00","description":"Bluza BHP SEVEN KINGS ONYX \u2013 Po\u0142\u0105czenie stylu, funkcjonalno\u015bci i bezpiecze\u0144stwa. Nasza bluza SEVEN KINGS ONYX to idealne rozwi\u0105zanie dla ka\u017cdego profesjonalisty, kt\u00f3ry ceni sobie komfort i wytrzyma\u0142o\u015b\u0107 w miejscu pracy.Cechy produktu:","breadcrumb":{"@id":"https:\/\/kamexbhp.pl\/sklep\/produkt\/seven-kings-bluza-onyx\/#breadcrumb"},"inLanguage":"pl-PL","potentialAction":[{"@type":"ReadAction","target":["https:\/\/kamexbhp.pl\/sklep\/produkt\/seven-kings-bluza-onyx\/"]}]},{"@type":"ImageObject","inLanguage":"pl-PL","@id":"https:\/\/kamexbhp.pl\/sklep\/produkt\/seven-kings-bluza-onyx\/#primaryimage","url":"https:\/\/kamexbhp.pl\/sklep\/wp-content\/uploads\/2024\/09\/thumb_seven_kings_bluza_onyx_a7bl_polstar_1.jpg","contentUrl":"https:\/\/kamexbhp.pl\/sklep\/wp-content\/uploads\/2024\/09\/thumb_seven_kings_bluza_onyx_a7bl_polstar_1.jpg","width":350,"height":405,"caption":"szaro zielona bluza robocza"},{"@type":"BreadcrumbList","@id":"https:\/\/kamexbhp.pl\/sklep\/produkt\/seven-kings-bluza-onyx\/#breadcrumb","itemListElement":[{"@type":"ListItem","position":1,"name":"Strona g\u0142\u00f3wna","item":"https:\/\/kamexbhp.pl\/sklep\/"},{"@type":"ListItem","position":2,"name":"Sklep","item":"https:\/\/kamexbhp.pl\/sklep\/sklep\/"},{"@type":"ListItem","position":3,"name":"SEVEN KINGS BLUZA ONYX"}]},{"@type":"WebSite","@id":"https:\/\/kamexbhp.pl\/sklep\/#website","url":"https:\/\/kamexbhp.pl\/sklep\/","name":"KAMEX BHP - SKLEP INTERNETOWY Z ARTYKU\u0141AMI BHP NAJWY\u017bSZEJ JAKO\u015aCI","description":"Artuku\u0142y BHP najwy\u017cszej jako\u015bci!","publisher":{"@id":"https:\/\/kamexbhp.pl\/sklep\/#organization"},"potentialAction":[{"@type":"SearchAction","target":{"@type":"EntryPoint","urlTemplate":"https:\/\/kamexbhp.pl\/sklep\/?s={search_term_string}"},"query-input":{"@type":"PropertyValueSpecification","valueRequired":true,"valueName":"search_term_string"}}],"inLanguage":"pl-PL"},{"@type":"Organization","@id":"https:\/\/kamexbhp.pl\/sklep\/#organization","name":"KAMEX-BHP - SKLEP BHP - Odzie\u017c i obuwie robocze","url":"https:\/\/kamexbhp.pl\/sklep\/","logo":{"@type":"ImageObject","inLanguage":"pl-PL","@id":"https:\/\/kamexbhp.pl\/sklep\/#\/schema\/logo\/image\/","url":"https:\/\/kamexbhp.pl\/sklep\/wp-content\/uploads\/2025\/01\/KAMEX-BHP-Logo-1080-x-1080.png","contentUrl":"https:\/\/kamexbhp.pl\/sklep\/wp-content\/uploads\/2025\/01\/KAMEX-BHP-Logo-1080-x-1080.png","width":1080,"height":1080,"caption":"KAMEX-BHP - SKLEP BHP - Odzie\u017c i obuwie robocze"},"image":{"@id":"https:\/\/kamexbhp.pl\/sklep\/#\/schema\/logo\/image\/"},"sameAs":["https:\/\/www.facebook.com\/bhp.kamex","https:\/\/www.instagram.com\/kamexbhp\/"]}]}},"_links":{"self":[{"href":"https:\/\/kamexbhp.pl\/sklep\/wp-json\/wp\/v2\/product\/5823","targetHints":{"allow":["GET"]}}],"collection":[{"href":"https:\/\/kamexbhp.pl\/sklep\/wp-json\/wp\/v2\/product"}],"about":[{"href":"https:\/\/kamexbhp.pl\/sklep\/wp-json\/wp\/v2\/types\/product"}],"replies":[{"embeddable":true,"href":"https:\/\/kamexbhp.pl\/sklep\/wp-json\/wp\/v2\/comments?post=5823"}],"version-history":[{"count":1,"href":"https:\/\/kamexbhp.pl\/sklep\/wp-json\/wp\/v2\/product\/5823\/revisions"}],"predecessor-version":[{"id":5837,"href":"https:\/\/kamexbhp.pl\/sklep\/wp-json\/wp\/v2\/product\/5823\/revisions\/5837"}],"wp:featuredmedia":[{"embeddable":true,"href":"https:\/\/kamexbhp.pl\/sklep\/wp-json\/wp\/v2\/media\/5824"}],"wp:attachment":[{"href":"https:\/\/kamexbhp.pl\/sklep\/wp-json\/wp\/v2\/media?parent=5823"}],"wp:term":[{"taxonomy":"product_brand","embeddable":true,"href":"https:\/\/kamexbhp.pl\/sklep\/wp-json\/wp\/v2\/product_brand?post=5823"},{"taxonomy":"product_cat","embeddable":true,"href":"https:\/\/kamexbhp.pl\/sklep\/wp-json\/wp\/v2\/product_cat?post=5823"},{"taxonomy":"product_tag","embeddable":true,"href":"https:\/\/kamexbhp.pl\/sklep\/wp-json\/wp\/v2\/product_tag?post=5823"}],"curies":[{"name":"wp","href":"https:\/\/api.w.org\/{rel}","templated":true}]}}