{"id":5801,"date":"2024-09-06T11:04:01","date_gmt":"2024-09-06T09:04:01","guid":{"rendered":"https:\/\/kamexbhp.pl\/sklep\/?post_type=product&#038;p=5801"},"modified":"2024-09-21T09:37:36","modified_gmt":"2024-09-21T07:37:36","slug":"ardon-kurtka-odblaskowa-softshell","status":"publish","type":"product","link":"https:\/\/kamexbhp.pl\/sklep\/produkt\/ardon-kurtka-odblaskowa-softshell\/","title":{"rendered":"ARDON kurtka odblaskowa softshell"},"content":{"rendered":"<p>Zwi\u0119ksz swoj\u0105 widoczno\u015b\u0107 i komfort pracy z kurtk\u0105 odblaskow\u0105 softshell ARDON, idealn\u0105 dla os\u00f3b pracuj\u0105cych w trudnych warunkach. Nasza kurtka \u0142\u0105czy funkcjonalno\u015b\u0107 z nowoczesnym designem, oferuj\u0105c szereg zaawansowanych funkcji, kt\u00f3re zapewniaj\u0105 najwy\u017cszy poziom ochrony i wygody.<\/p>\n<p><strong>Najwa\u017cniejsze cechy kurtki ARDON:<\/strong><\/p>\n<ul>\n<li><strong>Materia\u0142 Softshell:<\/strong> Wykonana z wysokiej jako\u015bci materia\u0142u softshell, kt\u00f3ry jest zar\u00f3wno wodoodporny (5000 mm), jak i oddychaj\u0105cy (3000 g\/m\u00b2\/24 h). Dzi\u0119ki temu kurtka skutecznie chroni przed deszczem, jednocze\u015bnie zapewniaj\u0105c komfort termiczny.<\/li>\n<li><strong>Odblaskowe Paski:<\/strong> Wyposa\u017cona w 2 poziome i 2 pionowe paski odblaskowe z przodu i z ty\u0142u, oraz 2 poziome paski odblaskowe na r\u0119kawach, kt\u00f3re zwi\u0119kszaj\u0105 widoczno\u015b\u0107 w s\u0142abym o\u015bwietleniu, zapewniaj\u0105c bezpiecze\u0144stwo w ka\u017cdej sytuacji.<\/li>\n<li><strong>Odpinane R\u0119kawy:<\/strong> Funkcja odpinanych r\u0119kaw\u00f3w pozwala na szybk\u0105 adaptacj\u0119 kurtki do zmieniaj\u0105cych si\u0119 warunk\u00f3w pogodowych, przekszta\u0142caj\u0105c j\u0105 w kamizelk\u0119 w cieplejsze dni.<\/li>\n<li><strong>Wodoodporne Zamki:<\/strong> Zastosowanie wodoodpornych zamk\u00f3w b\u0142yskawicznych z membran\u0105 TPU gwarantuje ochron\u0119 przed wod\u0105 i wilgoci\u0105.<\/li>\n<li><strong>Praktyczne Kieszenie:<\/strong> Kurtka wyposa\u017cona jest w jedn\u0105 kiesze\u0144 na piersi zapinan\u0105 na zamek oraz dwie wpuszczane kieszenie zapinane na zamek, kt\u00f3re zapewniaj\u0105 bezpieczne miejsce na przechowywanie drobnych przedmiot\u00f3w<\/li>\n<li><b>G\u00f3rna warstwa ubrania:<\/b>\u00a094 % poliester, 6 % elastan, 310 g\/m\u00b2<\/li>\n<li><b>Podszewka:<\/b>\u00a0100% poliester Micro Polar Polar<\/li>\n<\/ul>\n<p>&nbsp;<\/p>\n","protected":false},"excerpt":{"rendered":"<p>Idealna do pracy w trudnych warunkach, kurtka ARDON to nie tylko funkcjonalno\u015b\u0107, ale i komfort, kt\u00f3ry doceni ka\u017cdy u\u017cytkownik. Wybierz nasz\u0105 kurtk\u0119 softshell i zwi\u0119ksz swoje bezpiecze\u0144stwo oraz wygod\u0119 w pracy!<\/p>\n","protected":false},"featured_media":5808,"comment_status":"open","ping_status":"closed","template":"","meta":[],"product_brand":[],"product_cat":[143],"product_tag":[404,578,984,567,421,993,991,992,765,429,994],"class_list":{"0":"post-5801","1":"product","2":"type-product","3":"status-publish","4":"has-post-thumbnail","6":"product_cat-softshell","7":"product_tag-artykuly-bhp","8":"product_tag-kurtka-odblaskowa","9":"product_tag-kurtka-robocza","10":"product_tag-kurtka-softshell","11":"product_tag-kurtka-wodoodporna","12":"product_tag-kurtka-z-membrana-tpu","13":"product_tag-kurtka-z-odpinanym-kapturem","14":"product_tag-kurtka-z-odpinanymi-rekawami","15":"product_tag-odziez-bhp","16":"product_tag-odziez-ochronna","17":"product_tag-odziez-robocza-odblaskowa","19":"first","20":"instock","21":"taxable","22":"shipping-taxable","23":"purchasable","24":"product-type-variable"},"yoast_head":"<!-- This site is optimized with the Yoast SEO plugin v25.6 - https:\/\/yoast.com\/wordpress\/plugins\/seo\/ -->\n<title>ARDON kurtka odblaskowa softshell - KAMEX BHP - SKLEP INTERNETOWY Z ARTYKU\u0141AMI BHP NAJWY\u017bSZEJ JAKO\u015aCI<\/title>\n<meta name=\"description\" content=\"Zwi\u0119ksz swoj\u0105 widoczno\u015b\u0107 i komfort pracy z kurtk\u0105 odblaskow\u0105 softshell ARDON, idealn\u0105 dla os\u00f3b pracuj\u0105cych w trudnych warunkach. Nasza kurtka \u0142\u0105czy funkcjonalno\u015b\u0107 z nowoczesnym designem, oferuj\u0105c szereg zaawansowanych funkcji, kt\u00f3re zapewniaj\u0105 najwy\u017cszy poziom ochrony i wygody.\" \/>\n<meta name=\"robots\" content=\"index, follow, max-snippet:-1, max-image-preview:large, max-video-preview:-1\" \/>\n<link rel=\"canonical\" href=\"https:\/\/kamexbhp.pl\/sklep\/produkt\/ardon-kurtka-odblaskowa-softshell\/\" \/>\n<meta property=\"og:locale\" content=\"pl_PL\" \/>\n<meta property=\"og:type\" content=\"article\" \/>\n<meta property=\"og:title\" content=\"ARDON kurtka odblaskowa softshell - KAMEX BHP - SKLEP INTERNETOWY Z ARTYKU\u0141AMI BHP NAJWY\u017bSZEJ JAKO\u015aCI\" \/>\n<meta property=\"og:description\" content=\"Zwi\u0119ksz swoj\u0105 widoczno\u015b\u0107 i komfort pracy z kurtk\u0105 odblaskow\u0105 softshell ARDON, idealn\u0105 dla os\u00f3b pracuj\u0105cych w trudnych warunkach. Nasza kurtka \u0142\u0105czy funkcjonalno\u015b\u0107 z nowoczesnym designem, oferuj\u0105c szereg zaawansowanych funkcji, kt\u00f3re zapewniaj\u0105 najwy\u017cszy poziom ochrony i wygody.\" \/>\n<meta property=\"og:url\" content=\"https:\/\/kamexbhp.pl\/sklep\/produkt\/ardon-kurtka-odblaskowa-softshell\/\" \/>\n<meta property=\"og:site_name\" content=\"KAMEX BHP - SKLEP INTERNETOWY Z ARTYKU\u0141AMI BHP NAJWY\u017bSZEJ JAKO\u015aCI\" \/>\n<meta property=\"article:publisher\" content=\"https:\/\/www.facebook.com\/bhp.kamex\" \/>\n<meta property=\"article:modified_time\" content=\"2024-09-21T07:37:36+00:00\" \/>\n<meta property=\"og:image\" content=\"https:\/\/kamexbhp.pl\/sklep\/wp-content\/uploads\/2024\/09\/720780488012cfdb41595e6bd1b1e6c5.jpg\" \/>\n\t<meta property=\"og:image:width\" content=\"816\" \/>\n\t<meta property=\"og:image:height\" content=\"1000\" \/>\n\t<meta property=\"og:image:type\" content=\"image\/jpeg\" \/>\n<meta name=\"twitter:card\" content=\"summary_large_image\" \/>\n<meta name=\"twitter:label1\" content=\"Szacowany czas czytania\" \/>\n\t<meta name=\"twitter:data1\" content=\"2 minuty\" \/>\n<script type=\"application\/ld+json\" class=\"yoast-schema-graph\">{\"@context\":\"https:\/\/schema.org\",\"@graph\":[{\"@type\":\"WebPage\",\"@id\":\"https:\/\/kamexbhp.pl\/sklep\/produkt\/ardon-kurtka-odblaskowa-softshell\/\",\"url\":\"https:\/\/kamexbhp.pl\/sklep\/produkt\/ardon-kurtka-odblaskowa-softshell\/\",\"name\":\"ARDON kurtka odblaskowa softshell - KAMEX BHP - SKLEP INTERNETOWY Z ARTYKU\u0141AMI BHP NAJWY\u017bSZEJ JAKO\u015aCI\",\"isPartOf\":{\"@id\":\"https:\/\/kamexbhp.pl\/sklep\/#website\"},\"primaryImageOfPage\":{\"@id\":\"https:\/\/kamexbhp.pl\/sklep\/produkt\/ardon-kurtka-odblaskowa-softshell\/#primaryimage\"},\"image\":{\"@id\":\"https:\/\/kamexbhp.pl\/sklep\/produkt\/ardon-kurtka-odblaskowa-softshell\/#primaryimage\"},\"thumbnailUrl\":\"https:\/\/kamexbhp.pl\/sklep\/wp-content\/uploads\/2024\/09\/720780488012cfdb41595e6bd1b1e6c5.jpg\",\"datePublished\":\"2024-09-06T09:04:01+00:00\",\"dateModified\":\"2024-09-21T07:37:36+00:00\",\"description\":\"Zwi\u0119ksz swoj\u0105 widoczno\u015b\u0107 i komfort pracy z kurtk\u0105 odblaskow\u0105 softshell ARDON, idealn\u0105 dla os\u00f3b pracuj\u0105cych w trudnych warunkach. Nasza kurtka \u0142\u0105czy funkcjonalno\u015b\u0107 z nowoczesnym designem, oferuj\u0105c szereg zaawansowanych funkcji, kt\u00f3re zapewniaj\u0105 najwy\u017cszy poziom ochrony i wygody.\",\"breadcrumb\":{\"@id\":\"https:\/\/kamexbhp.pl\/sklep\/produkt\/ardon-kurtka-odblaskowa-softshell\/#breadcrumb\"},\"inLanguage\":\"pl-PL\",\"potentialAction\":[{\"@type\":\"ReadAction\",\"target\":[\"https:\/\/kamexbhp.pl\/sklep\/produkt\/ardon-kurtka-odblaskowa-softshell\/\"]}]},{\"@type\":\"ImageObject\",\"inLanguage\":\"pl-PL\",\"@id\":\"https:\/\/kamexbhp.pl\/sklep\/produkt\/ardon-kurtka-odblaskowa-softshell\/#primaryimage\",\"url\":\"https:\/\/kamexbhp.pl\/sklep\/wp-content\/uploads\/2024\/09\/720780488012cfdb41595e6bd1b1e6c5.jpg\",\"contentUrl\":\"https:\/\/kamexbhp.pl\/sklep\/wp-content\/uploads\/2024\/09\/720780488012cfdb41595e6bd1b1e6c5.jpg\",\"width\":816,\"height\":1000,\"caption\":\"\u017b\u00f3\u0142ta kurtka softshell ARDON\"},{\"@type\":\"BreadcrumbList\",\"@id\":\"https:\/\/kamexbhp.pl\/sklep\/produkt\/ardon-kurtka-odblaskowa-softshell\/#breadcrumb\",\"itemListElement\":[{\"@type\":\"ListItem\",\"position\":1,\"name\":\"Strona g\u0142\u00f3wna\",\"item\":\"https:\/\/kamexbhp.pl\/sklep\/\"},{\"@type\":\"ListItem\",\"position\":2,\"name\":\"Sklep\",\"item\":\"https:\/\/kamexbhp.pl\/sklep\/sklep\/\"},{\"@type\":\"ListItem\",\"position\":3,\"name\":\"ARDON kurtka odblaskowa softshell\"}]},{\"@type\":\"WebSite\",\"@id\":\"https:\/\/kamexbhp.pl\/sklep\/#website\",\"url\":\"https:\/\/kamexbhp.pl\/sklep\/\",\"name\":\"KAMEX BHP - SKLEP INTERNETOWY Z ARTYKU\u0141AMI BHP NAJWY\u017bSZEJ JAKO\u015aCI\",\"description\":\"Artuku\u0142y BHP najwy\u017cszej jako\u015bci!\",\"publisher\":{\"@id\":\"https:\/\/kamexbhp.pl\/sklep\/#organization\"},\"potentialAction\":[{\"@type\":\"SearchAction\",\"target\":{\"@type\":\"EntryPoint\",\"urlTemplate\":\"https:\/\/kamexbhp.pl\/sklep\/?s={search_term_string}\"},\"query-input\":{\"@type\":\"PropertyValueSpecification\",\"valueRequired\":true,\"valueName\":\"search_term_string\"}}],\"inLanguage\":\"pl-PL\"},{\"@type\":\"Organization\",\"@id\":\"https:\/\/kamexbhp.pl\/sklep\/#organization\",\"name\":\"KAMEX-BHP - SKLEP BHP - Odzie\u017c i obuwie robocze\",\"url\":\"https:\/\/kamexbhp.pl\/sklep\/\",\"logo\":{\"@type\":\"ImageObject\",\"inLanguage\":\"pl-PL\",\"@id\":\"https:\/\/kamexbhp.pl\/sklep\/#\/schema\/logo\/image\/\",\"url\":\"https:\/\/kamexbhp.pl\/sklep\/wp-content\/uploads\/2025\/01\/KAMEX-BHP-Logo-1080-x-1080.png\",\"contentUrl\":\"https:\/\/kamexbhp.pl\/sklep\/wp-content\/uploads\/2025\/01\/KAMEX-BHP-Logo-1080-x-1080.png\",\"width\":1080,\"height\":1080,\"caption\":\"KAMEX-BHP - SKLEP BHP - Odzie\u017c i obuwie robocze\"},\"image\":{\"@id\":\"https:\/\/kamexbhp.pl\/sklep\/#\/schema\/logo\/image\/\"},\"sameAs\":[\"https:\/\/www.facebook.com\/bhp.kamex\",\"https:\/\/www.instagram.com\/kamexbhp\/\"]}]}<\/script>\n<!-- \/ Yoast SEO plugin. -->","yoast_head_json":{"title":"ARDON kurtka odblaskowa softshell - KAMEX BHP - SKLEP INTERNETOWY Z ARTYKU\u0141AMI BHP NAJWY\u017bSZEJ JAKO\u015aCI","description":"Zwi\u0119ksz swoj\u0105 widoczno\u015b\u0107 i komfort pracy z kurtk\u0105 odblaskow\u0105 softshell ARDON, idealn\u0105 dla os\u00f3b pracuj\u0105cych w trudnych warunkach. Nasza kurtka \u0142\u0105czy funkcjonalno\u015b\u0107 z nowoczesnym designem, oferuj\u0105c szereg zaawansowanych funkcji, kt\u00f3re zapewniaj\u0105 najwy\u017cszy poziom ochrony i wygody.","robots":{"index":"index","follow":"follow","max-snippet":"max-snippet:-1","max-image-preview":"max-image-preview:large","max-video-preview":"max-video-preview:-1"},"canonical":"https:\/\/kamexbhp.pl\/sklep\/produkt\/ardon-kurtka-odblaskowa-softshell\/","og_locale":"pl_PL","og_type":"article","og_title":"ARDON kurtka odblaskowa softshell - KAMEX BHP - SKLEP INTERNETOWY Z ARTYKU\u0141AMI BHP NAJWY\u017bSZEJ JAKO\u015aCI","og_description":"Zwi\u0119ksz swoj\u0105 widoczno\u015b\u0107 i komfort pracy z kurtk\u0105 odblaskow\u0105 softshell ARDON, idealn\u0105 dla os\u00f3b pracuj\u0105cych w trudnych warunkach. Nasza kurtka \u0142\u0105czy funkcjonalno\u015b\u0107 z nowoczesnym designem, oferuj\u0105c szereg zaawansowanych funkcji, kt\u00f3re zapewniaj\u0105 najwy\u017cszy poziom ochrony i wygody.","og_url":"https:\/\/kamexbhp.pl\/sklep\/produkt\/ardon-kurtka-odblaskowa-softshell\/","og_site_name":"KAMEX BHP - SKLEP INTERNETOWY Z ARTYKU\u0141AMI BHP NAJWY\u017bSZEJ JAKO\u015aCI","article_publisher":"https:\/\/www.facebook.com\/bhp.kamex","article_modified_time":"2024-09-21T07:37:36+00:00","og_image":[{"width":816,"height":1000,"url":"https:\/\/kamexbhp.pl\/sklep\/wp-content\/uploads\/2024\/09\/720780488012cfdb41595e6bd1b1e6c5.jpg","type":"image\/jpeg"}],"twitter_card":"summary_large_image","twitter_misc":{"Szacowany czas czytania":"2 minuty"},"schema":{"@context":"https:\/\/schema.org","@graph":[{"@type":"WebPage","@id":"https:\/\/kamexbhp.pl\/sklep\/produkt\/ardon-kurtka-odblaskowa-softshell\/","url":"https:\/\/kamexbhp.pl\/sklep\/produkt\/ardon-kurtka-odblaskowa-softshell\/","name":"ARDON kurtka odblaskowa softshell - KAMEX BHP - SKLEP INTERNETOWY Z ARTYKU\u0141AMI BHP NAJWY\u017bSZEJ JAKO\u015aCI","isPartOf":{"@id":"https:\/\/kamexbhp.pl\/sklep\/#website"},"primaryImageOfPage":{"@id":"https:\/\/kamexbhp.pl\/sklep\/produkt\/ardon-kurtka-odblaskowa-softshell\/#primaryimage"},"image":{"@id":"https:\/\/kamexbhp.pl\/sklep\/produkt\/ardon-kurtka-odblaskowa-softshell\/#primaryimage"},"thumbnailUrl":"https:\/\/kamexbhp.pl\/sklep\/wp-content\/uploads\/2024\/09\/720780488012cfdb41595e6bd1b1e6c5.jpg","datePublished":"2024-09-06T09:04:01+00:00","dateModified":"2024-09-21T07:37:36+00:00","description":"Zwi\u0119ksz swoj\u0105 widoczno\u015b\u0107 i komfort pracy z kurtk\u0105 odblaskow\u0105 softshell ARDON, idealn\u0105 dla os\u00f3b pracuj\u0105cych w trudnych warunkach. Nasza kurtka \u0142\u0105czy funkcjonalno\u015b\u0107 z nowoczesnym designem, oferuj\u0105c szereg zaawansowanych funkcji, kt\u00f3re zapewniaj\u0105 najwy\u017cszy poziom ochrony i wygody.","breadcrumb":{"@id":"https:\/\/kamexbhp.pl\/sklep\/produkt\/ardon-kurtka-odblaskowa-softshell\/#breadcrumb"},"inLanguage":"pl-PL","potentialAction":[{"@type":"ReadAction","target":["https:\/\/kamexbhp.pl\/sklep\/produkt\/ardon-kurtka-odblaskowa-softshell\/"]}]},{"@type":"ImageObject","inLanguage":"pl-PL","@id":"https:\/\/kamexbhp.pl\/sklep\/produkt\/ardon-kurtka-odblaskowa-softshell\/#primaryimage","url":"https:\/\/kamexbhp.pl\/sklep\/wp-content\/uploads\/2024\/09\/720780488012cfdb41595e6bd1b1e6c5.jpg","contentUrl":"https:\/\/kamexbhp.pl\/sklep\/wp-content\/uploads\/2024\/09\/720780488012cfdb41595e6bd1b1e6c5.jpg","width":816,"height":1000,"caption":"\u017b\u00f3\u0142ta kurtka softshell ARDON"},{"@type":"BreadcrumbList","@id":"https:\/\/kamexbhp.pl\/sklep\/produkt\/ardon-kurtka-odblaskowa-softshell\/#breadcrumb","itemListElement":[{"@type":"ListItem","position":1,"name":"Strona g\u0142\u00f3wna","item":"https:\/\/kamexbhp.pl\/sklep\/"},{"@type":"ListItem","position":2,"name":"Sklep","item":"https:\/\/kamexbhp.pl\/sklep\/sklep\/"},{"@type":"ListItem","position":3,"name":"ARDON kurtka odblaskowa softshell"}]},{"@type":"WebSite","@id":"https:\/\/kamexbhp.pl\/sklep\/#website","url":"https:\/\/kamexbhp.pl\/sklep\/","name":"KAMEX BHP - SKLEP INTERNETOWY Z ARTYKU\u0141AMI BHP NAJWY\u017bSZEJ JAKO\u015aCI","description":"Artuku\u0142y BHP najwy\u017cszej jako\u015bci!","publisher":{"@id":"https:\/\/kamexbhp.pl\/sklep\/#organization"},"potentialAction":[{"@type":"SearchAction","target":{"@type":"EntryPoint","urlTemplate":"https:\/\/kamexbhp.pl\/sklep\/?s={search_term_string}"},"query-input":{"@type":"PropertyValueSpecification","valueRequired":true,"valueName":"search_term_string"}}],"inLanguage":"pl-PL"},{"@type":"Organization","@id":"https:\/\/kamexbhp.pl\/sklep\/#organization","name":"KAMEX-BHP - SKLEP BHP - Odzie\u017c i obuwie robocze","url":"https:\/\/kamexbhp.pl\/sklep\/","logo":{"@type":"ImageObject","inLanguage":"pl-PL","@id":"https:\/\/kamexbhp.pl\/sklep\/#\/schema\/logo\/image\/","url":"https:\/\/kamexbhp.pl\/sklep\/wp-content\/uploads\/2025\/01\/KAMEX-BHP-Logo-1080-x-1080.png","contentUrl":"https:\/\/kamexbhp.pl\/sklep\/wp-content\/uploads\/2025\/01\/KAMEX-BHP-Logo-1080-x-1080.png","width":1080,"height":1080,"caption":"KAMEX-BHP - SKLEP BHP - Odzie\u017c i obuwie robocze"},"image":{"@id":"https:\/\/kamexbhp.pl\/sklep\/#\/schema\/logo\/image\/"},"sameAs":["https:\/\/www.facebook.com\/bhp.kamex","https:\/\/www.instagram.com\/kamexbhp\/"]}]}},"_links":{"self":[{"href":"https:\/\/kamexbhp.pl\/sklep\/wp-json\/wp\/v2\/product\/5801","targetHints":{"allow":["GET"]}}],"collection":[{"href":"https:\/\/kamexbhp.pl\/sklep\/wp-json\/wp\/v2\/product"}],"about":[{"href":"https:\/\/kamexbhp.pl\/sklep\/wp-json\/wp\/v2\/types\/product"}],"replies":[{"embeddable":true,"href":"https:\/\/kamexbhp.pl\/sklep\/wp-json\/wp\/v2\/comments?post=5801"}],"version-history":[{"count":1,"href":"https:\/\/kamexbhp.pl\/sklep\/wp-json\/wp\/v2\/product\/5801\/revisions"}],"predecessor-version":[{"id":5811,"href":"https:\/\/kamexbhp.pl\/sklep\/wp-json\/wp\/v2\/product\/5801\/revisions\/5811"}],"wp:featuredmedia":[{"embeddable":true,"href":"https:\/\/kamexbhp.pl\/sklep\/wp-json\/wp\/v2\/media\/5808"}],"wp:attachment":[{"href":"https:\/\/kamexbhp.pl\/sklep\/wp-json\/wp\/v2\/media?parent=5801"}],"wp:term":[{"taxonomy":"product_brand","embeddable":true,"href":"https:\/\/kamexbhp.pl\/sklep\/wp-json\/wp\/v2\/product_brand?post=5801"},{"taxonomy":"product_cat","embeddable":true,"href":"https:\/\/kamexbhp.pl\/sklep\/wp-json\/wp\/v2\/product_cat?post=5801"},{"taxonomy":"product_tag","embeddable":true,"href":"https:\/\/kamexbhp.pl\/sklep\/wp-json\/wp\/v2\/product_tag?post=5801"}],"curies":[{"name":"wp","href":"https:\/\/api.w.org\/{rel}","templated":true}]}}