{"id":5596,"date":"2024-09-04T15:38:10","date_gmt":"2024-09-04T13:38:10","guid":{"rendered":"https:\/\/kamexbhp.pl\/sklep\/?post_type=product&#038;p=5596"},"modified":"2026-01-29T13:02:26","modified_gmt":"2026-01-29T12:02:26","slug":"procera-koszula-flanelowa-niebieska","status":"publish","type":"product","link":"https:\/\/kamexbhp.pl\/sklep\/produkt\/procera-koszula-flanelowa-niebieska\/","title":{"rendered":"PROCERA KOSZULA FLANELOWA NIEBIESKA"},"content":{"rendered":"<p><strong>Koszula flanelowa m\u0119ska 100% bawe\u0142ny \u2013 wysoka jako\u015b\u0107, komfort i trwa\u0142o\u015b\u0107<\/strong><\/p>\n<p>Szukasz trwa\u0142ej i wygodnej koszuli na ka\u017cd\u0105 okazj\u0119? Nasza <strong>koszula flanelowa<\/strong> wykonana z <strong>100% bawe\u0142ny o gramaturze 170 g\/m\u00b2<\/strong> to doskona\u0142y wyb\u00f3r! Flanela jest niezwykle mi\u0119kka, ciep\u0142a i przyjemna dla sk\u00f3ry, co czyni t\u0119 koszul\u0119 idealnym wyborem zar\u00f3wno do pracy, jak i na co dzie\u0144. <strong>Wyprodukowano w Polsce<\/strong> z dba\u0142o\u015bci\u0105 o ka\u017cdy detal, co gwarantuje d\u0142ug\u0105 \u017cywotno\u015b\u0107 i solidno\u015b\u0107 produktu.<\/p>\n<p>Koszula jest zapinana na guziki, posiada praktyczn\u0105 <strong>kiesze\u0144 na piersi<\/strong>, a jej r\u0119kawy zosta\u0142y wyko\u0144czone mankietami zapinanymi na guziki. Podkr\u00f3j szyi wyko\u0144czono stylowym ko\u0142nierzykiem, a d\u00f3\u0142 zosta\u0142 starannie wyko\u0144czony obr\u0119bem, co zapewnia estetyczny wygl\u0105d i wygod\u0119 noszenia.<\/p>\n<p><strong>Najwa\u017cniejsze cechy:<\/strong><\/p>\n<ul>\n<li>100% bawe\u0142na, gramatura 170 g\/m\u00b2<\/li>\n<li>Wygodne zapi\u0119cie na guziki<\/li>\n<li>Kiesze\u0144 na piersi<\/li>\n<li>Wyko\u0144czenie r\u0119kaw\u00f3w mankietami zapinanymi na guziki<\/li>\n<li>Stylowy ko\u0142nierzyk<\/li>\n<li>Solidne wyko\u0144czenie do\u0142u obr\u0119bem<\/li>\n<li>Produkt polski \u2013 gwarancja jako\u015bci<\/li>\n<li>\u00a0Dost\u0119pne rozmiary\u00a0 S, M, L, XL, XXL,XXXL<\/li>\n<\/ul>\n<p>Koszula flanelowa to idealna opcja dla os\u00f3b ceni\u0105cych sobie komfort i styl, niezale\u017cnie od tego, czy potrzebujesz jej do pracy, czy na weekendowe wyj\u015bcia. Zapewnij sobie ciep\u0142o, wygod\u0119 i wyj\u0105tkowy wygl\u0105d z nasz\u0105 koszul\u0105 flanelow\u0105!<\/p>\n","protected":false},"excerpt":{"rendered":"<p><strong>Koszula flanelowa 100% bawe\u0142ny<\/strong> to idealny wyb\u00f3r na ch\u0142odniejsze dni. Wykonana z wysokiej jako\u015bci materia\u0142u o gramaturze 170 g\/m\u00b2, zapewnia komfort i trwa\u0142o\u015b\u0107. Wyposa\u017cona w kiesze\u0144 na piersi, stylowy ko\u0142nierzyk oraz mankiety zapinane na guziki. D\u00f3\u0142 starannie wyko\u0144czony obr\u0119bem. <strong>Wyprodukowano w Polsce<\/strong>, co gwarantuje solidno\u015b\u0107 i dba\u0142o\u015b\u0107 o szczeg\u00f3\u0142y<\/p>\n","protected":false},"featured_media":5603,"comment_status":"open","ping_status":"closed","template":"","meta":[],"product_brand":[],"product_cat":[336],"product_tag":[974,969,971,976,970,975,972,977,973,978],"class_list":{"0":"post-5596","1":"product","2":"type-product","3":"status-publish","4":"has-post-thumbnail","6":"product_cat-koszule","7":"product_tag-koszula-bawelniana-z-kieszenia","8":"product_tag-koszula-flanelowa-100-bawelny","9":"product_tag-koszula-flanelowa-do-pracy","10":"product_tag-koszula-meska-do-pracy","11":"product_tag-koszula-robocza-meska","12":"product_tag-koszula-wyprodukowana-w-polsce","13":"product_tag-koszula-z-dlugim-rekawem","14":"product_tag-koszule-robocze-bawelniane","15":"product_tag-odziez-robocza-flanela","16":"product_tag-wygodna-koszula-flanelowa","18":"first","19":"instock","20":"taxable","21":"shipping-taxable","22":"purchasable","23":"product-type-variable"},"yoast_head":"<!-- This site is optimized with the Yoast SEO plugin v25.6 - https:\/\/yoast.com\/wordpress\/plugins\/seo\/ -->\n<title>PROCERA KOSZULA FLANELOWA NIEBIESKA - KAMEX BHP - SKLEP INTERNETOWY Z ARTYKU\u0141AMI BHP NAJWY\u017bSZEJ JAKO\u015aCI<\/title>\n<meta name=\"description\" content=\"Szukasz trwa\u0142ej i wygodnej koszuli na ka\u017cd\u0105 okazj\u0119? Nasza koszula flanelowa wykonana z 100% bawe\u0142ny o gramaturze 170 g\/m\u00b2 to doskona\u0142y wyb\u00f3r! Flanela jest niezwykle mi\u0119kka, ciep\u0142a i przyjemna dla sk\u00f3ry, co czyni t\u0119 koszul\u0119 idealnym wyborem zar\u00f3wno do pracy, jak i na co dzie\u0144. Wyprodukowano w Polsce z dba\u0142o\u015bci\u0105 o ka\u017cdy detal, co gwarantuje d\u0142ug\u0105 \u017cywotno\u015b\u0107 i solidno\u015b\u0107 produktu.\" \/>\n<meta name=\"robots\" content=\"index, follow, max-snippet:-1, max-image-preview:large, max-video-preview:-1\" \/>\n<link rel=\"canonical\" href=\"https:\/\/kamexbhp.pl\/sklep\/produkt\/procera-koszula-flanelowa-niebieska\/\" \/>\n<meta property=\"og:locale\" content=\"pl_PL\" \/>\n<meta property=\"og:type\" content=\"article\" \/>\n<meta property=\"og:title\" content=\"PROCERA KOSZULA FLANELOWA NIEBIESKA - KAMEX BHP - SKLEP INTERNETOWY Z ARTYKU\u0141AMI BHP NAJWY\u017bSZEJ JAKO\u015aCI\" \/>\n<meta property=\"og:description\" content=\"Szukasz trwa\u0142ej i wygodnej koszuli na ka\u017cd\u0105 okazj\u0119? Nasza koszula flanelowa wykonana z 100% bawe\u0142ny o gramaturze 170 g\/m\u00b2 to doskona\u0142y wyb\u00f3r! Flanela jest niezwykle mi\u0119kka, ciep\u0142a i przyjemna dla sk\u00f3ry, co czyni t\u0119 koszul\u0119 idealnym wyborem zar\u00f3wno do pracy, jak i na co dzie\u0144. Wyprodukowano w Polsce z dba\u0142o\u015bci\u0105 o ka\u017cdy detal, co gwarantuje d\u0142ug\u0105 \u017cywotno\u015b\u0107 i solidno\u015b\u0107 produktu.\" \/>\n<meta property=\"og:url\" content=\"https:\/\/kamexbhp.pl\/sklep\/produkt\/procera-koszula-flanelowa-niebieska\/\" \/>\n<meta property=\"og:site_name\" content=\"KAMEX BHP - SKLEP INTERNETOWY Z ARTYKU\u0141AMI BHP NAJWY\u017bSZEJ JAKO\u015aCI\" \/>\n<meta property=\"article:publisher\" content=\"https:\/\/www.facebook.com\/bhp.kamex\" \/>\n<meta property=\"article:modified_time\" content=\"2026-01-29T12:02:26+00:00\" \/>\n<meta property=\"og:image\" content=\"https:\/\/kamexbhp.pl\/sklep\/wp-content\/uploads\/2024\/09\/2.jpg\" \/>\n\t<meta property=\"og:image:width\" content=\"679\" \/>\n\t<meta property=\"og:image:height\" content=\"679\" \/>\n\t<meta property=\"og:image:type\" content=\"image\/jpeg\" \/>\n<meta name=\"twitter:card\" content=\"summary_large_image\" \/>\n<meta name=\"twitter:label1\" content=\"Szacowany czas czytania\" \/>\n\t<meta name=\"twitter:data1\" content=\"2 minuty\" \/>\n<script type=\"application\/ld+json\" class=\"yoast-schema-graph\">{\"@context\":\"https:\/\/schema.org\",\"@graph\":[{\"@type\":\"WebPage\",\"@id\":\"https:\/\/kamexbhp.pl\/sklep\/produkt\/procera-koszula-flanelowa-niebieska\/\",\"url\":\"https:\/\/kamexbhp.pl\/sklep\/produkt\/procera-koszula-flanelowa-niebieska\/\",\"name\":\"PROCERA KOSZULA FLANELOWA NIEBIESKA - KAMEX BHP - SKLEP INTERNETOWY Z ARTYKU\u0141AMI BHP NAJWY\u017bSZEJ JAKO\u015aCI\",\"isPartOf\":{\"@id\":\"https:\/\/kamexbhp.pl\/sklep\/#website\"},\"primaryImageOfPage\":{\"@id\":\"https:\/\/kamexbhp.pl\/sklep\/produkt\/procera-koszula-flanelowa-niebieska\/#primaryimage\"},\"image\":{\"@id\":\"https:\/\/kamexbhp.pl\/sklep\/produkt\/procera-koszula-flanelowa-niebieska\/#primaryimage\"},\"thumbnailUrl\":\"https:\/\/kamexbhp.pl\/sklep\/wp-content\/uploads\/2024\/09\/2.jpg\",\"datePublished\":\"2024-09-04T13:38:10+00:00\",\"dateModified\":\"2026-01-29T12:02:26+00:00\",\"description\":\"Szukasz trwa\u0142ej i wygodnej koszuli na ka\u017cd\u0105 okazj\u0119? Nasza koszula flanelowa wykonana z 100% bawe\u0142ny o gramaturze 170 g\/m\u00b2 to doskona\u0142y wyb\u00f3r! Flanela jest niezwykle mi\u0119kka, ciep\u0142a i przyjemna dla sk\u00f3ry, co czyni t\u0119 koszul\u0119 idealnym wyborem zar\u00f3wno do pracy, jak i na co dzie\u0144. Wyprodukowano w Polsce z dba\u0142o\u015bci\u0105 o ka\u017cdy detal, co gwarantuje d\u0142ug\u0105 \u017cywotno\u015b\u0107 i solidno\u015b\u0107 produktu.\",\"breadcrumb\":{\"@id\":\"https:\/\/kamexbhp.pl\/sklep\/produkt\/procera-koszula-flanelowa-niebieska\/#breadcrumb\"},\"inLanguage\":\"pl-PL\",\"potentialAction\":[{\"@type\":\"ReadAction\",\"target\":[\"https:\/\/kamexbhp.pl\/sklep\/produkt\/procera-koszula-flanelowa-niebieska\/\"]}]},{\"@type\":\"ImageObject\",\"inLanguage\":\"pl-PL\",\"@id\":\"https:\/\/kamexbhp.pl\/sklep\/produkt\/procera-koszula-flanelowa-niebieska\/#primaryimage\",\"url\":\"https:\/\/kamexbhp.pl\/sklep\/wp-content\/uploads\/2024\/09\/2.jpg\",\"contentUrl\":\"https:\/\/kamexbhp.pl\/sklep\/wp-content\/uploads\/2024\/09\/2.jpg\",\"width\":679,\"height\":679,\"caption\":\"Nasza koszula flanelowa m\u0119ska z 100% bawe\u0142ny o gramaturze 170 g\/m\u00b2 to po\u0142\u0105czenie wygody i trwa\u0142o\u015bci. Zapinana na guziki, z kieszeni\u0105 na piersi, stylowym ko\u0142nierzykiem i mankietami. Wykonana w Polsce, gwarantuje doskona\u0142\u0105 jako\u015b\u0107 i komfort noszenia. Idealna do pracy oraz na co dzie\u0144, szczeg\u00f3lnie na ch\u0142odniejsze dni.\"},{\"@type\":\"BreadcrumbList\",\"@id\":\"https:\/\/kamexbhp.pl\/sklep\/produkt\/procera-koszula-flanelowa-niebieska\/#breadcrumb\",\"itemListElement\":[{\"@type\":\"ListItem\",\"position\":1,\"name\":\"Strona g\u0142\u00f3wna\",\"item\":\"https:\/\/kamexbhp.pl\/sklep\/\"},{\"@type\":\"ListItem\",\"position\":2,\"name\":\"Sklep\",\"item\":\"https:\/\/kamexbhp.pl\/sklep\/sklep\/\"},{\"@type\":\"ListItem\",\"position\":3,\"name\":\"PROCERA KOSZULA FLANELOWA NIEBIESKA\"}]},{\"@type\":\"WebSite\",\"@id\":\"https:\/\/kamexbhp.pl\/sklep\/#website\",\"url\":\"https:\/\/kamexbhp.pl\/sklep\/\",\"name\":\"KAMEX BHP - SKLEP INTERNETOWY Z ARTYKU\u0141AMI BHP NAJWY\u017bSZEJ JAKO\u015aCI\",\"description\":\"Artuku\u0142y BHP najwy\u017cszej jako\u015bci!\",\"publisher\":{\"@id\":\"https:\/\/kamexbhp.pl\/sklep\/#organization\"},\"potentialAction\":[{\"@type\":\"SearchAction\",\"target\":{\"@type\":\"EntryPoint\",\"urlTemplate\":\"https:\/\/kamexbhp.pl\/sklep\/?s={search_term_string}\"},\"query-input\":{\"@type\":\"PropertyValueSpecification\",\"valueRequired\":true,\"valueName\":\"search_term_string\"}}],\"inLanguage\":\"pl-PL\"},{\"@type\":\"Organization\",\"@id\":\"https:\/\/kamexbhp.pl\/sklep\/#organization\",\"name\":\"KAMEX-BHP - SKLEP BHP - Odzie\u017c i obuwie robocze\",\"url\":\"https:\/\/kamexbhp.pl\/sklep\/\",\"logo\":{\"@type\":\"ImageObject\",\"inLanguage\":\"pl-PL\",\"@id\":\"https:\/\/kamexbhp.pl\/sklep\/#\/schema\/logo\/image\/\",\"url\":\"https:\/\/kamexbhp.pl\/sklep\/wp-content\/uploads\/2025\/01\/KAMEX-BHP-Logo-1080-x-1080.png\",\"contentUrl\":\"https:\/\/kamexbhp.pl\/sklep\/wp-content\/uploads\/2025\/01\/KAMEX-BHP-Logo-1080-x-1080.png\",\"width\":1080,\"height\":1080,\"caption\":\"KAMEX-BHP - SKLEP BHP - Odzie\u017c i obuwie robocze\"},\"image\":{\"@id\":\"https:\/\/kamexbhp.pl\/sklep\/#\/schema\/logo\/image\/\"},\"sameAs\":[\"https:\/\/www.facebook.com\/bhp.kamex\",\"https:\/\/www.instagram.com\/kamexbhp\/\"]}]}<\/script>\n<!-- \/ Yoast SEO plugin. -->","yoast_head_json":{"title":"PROCERA KOSZULA FLANELOWA NIEBIESKA - KAMEX BHP - SKLEP INTERNETOWY Z ARTYKU\u0141AMI BHP NAJWY\u017bSZEJ JAKO\u015aCI","description":"Szukasz trwa\u0142ej i wygodnej koszuli na ka\u017cd\u0105 okazj\u0119? Nasza koszula flanelowa wykonana z 100% bawe\u0142ny o gramaturze 170 g\/m\u00b2 to doskona\u0142y wyb\u00f3r! Flanela jest niezwykle mi\u0119kka, ciep\u0142a i przyjemna dla sk\u00f3ry, co czyni t\u0119 koszul\u0119 idealnym wyborem zar\u00f3wno do pracy, jak i na co dzie\u0144. Wyprodukowano w Polsce z dba\u0142o\u015bci\u0105 o ka\u017cdy detal, co gwarantuje d\u0142ug\u0105 \u017cywotno\u015b\u0107 i solidno\u015b\u0107 produktu.","robots":{"index":"index","follow":"follow","max-snippet":"max-snippet:-1","max-image-preview":"max-image-preview:large","max-video-preview":"max-video-preview:-1"},"canonical":"https:\/\/kamexbhp.pl\/sklep\/produkt\/procera-koszula-flanelowa-niebieska\/","og_locale":"pl_PL","og_type":"article","og_title":"PROCERA KOSZULA FLANELOWA NIEBIESKA - KAMEX BHP - SKLEP INTERNETOWY Z ARTYKU\u0141AMI BHP NAJWY\u017bSZEJ JAKO\u015aCI","og_description":"Szukasz trwa\u0142ej i wygodnej koszuli na ka\u017cd\u0105 okazj\u0119? Nasza koszula flanelowa wykonana z 100% bawe\u0142ny o gramaturze 170 g\/m\u00b2 to doskona\u0142y wyb\u00f3r! Flanela jest niezwykle mi\u0119kka, ciep\u0142a i przyjemna dla sk\u00f3ry, co czyni t\u0119 koszul\u0119 idealnym wyborem zar\u00f3wno do pracy, jak i na co dzie\u0144. Wyprodukowano w Polsce z dba\u0142o\u015bci\u0105 o ka\u017cdy detal, co gwarantuje d\u0142ug\u0105 \u017cywotno\u015b\u0107 i solidno\u015b\u0107 produktu.","og_url":"https:\/\/kamexbhp.pl\/sklep\/produkt\/procera-koszula-flanelowa-niebieska\/","og_site_name":"KAMEX BHP - SKLEP INTERNETOWY Z ARTYKU\u0141AMI BHP NAJWY\u017bSZEJ JAKO\u015aCI","article_publisher":"https:\/\/www.facebook.com\/bhp.kamex","article_modified_time":"2026-01-29T12:02:26+00:00","og_image":[{"width":679,"height":679,"url":"https:\/\/kamexbhp.pl\/sklep\/wp-content\/uploads\/2024\/09\/2.jpg","type":"image\/jpeg"}],"twitter_card":"summary_large_image","twitter_misc":{"Szacowany czas czytania":"2 minuty"},"schema":{"@context":"https:\/\/schema.org","@graph":[{"@type":"WebPage","@id":"https:\/\/kamexbhp.pl\/sklep\/produkt\/procera-koszula-flanelowa-niebieska\/","url":"https:\/\/kamexbhp.pl\/sklep\/produkt\/procera-koszula-flanelowa-niebieska\/","name":"PROCERA KOSZULA FLANELOWA NIEBIESKA - KAMEX BHP - SKLEP INTERNETOWY Z ARTYKU\u0141AMI BHP NAJWY\u017bSZEJ JAKO\u015aCI","isPartOf":{"@id":"https:\/\/kamexbhp.pl\/sklep\/#website"},"primaryImageOfPage":{"@id":"https:\/\/kamexbhp.pl\/sklep\/produkt\/procera-koszula-flanelowa-niebieska\/#primaryimage"},"image":{"@id":"https:\/\/kamexbhp.pl\/sklep\/produkt\/procera-koszula-flanelowa-niebieska\/#primaryimage"},"thumbnailUrl":"https:\/\/kamexbhp.pl\/sklep\/wp-content\/uploads\/2024\/09\/2.jpg","datePublished":"2024-09-04T13:38:10+00:00","dateModified":"2026-01-29T12:02:26+00:00","description":"Szukasz trwa\u0142ej i wygodnej koszuli na ka\u017cd\u0105 okazj\u0119? Nasza koszula flanelowa wykonana z 100% bawe\u0142ny o gramaturze 170 g\/m\u00b2 to doskona\u0142y wyb\u00f3r! Flanela jest niezwykle mi\u0119kka, ciep\u0142a i przyjemna dla sk\u00f3ry, co czyni t\u0119 koszul\u0119 idealnym wyborem zar\u00f3wno do pracy, jak i na co dzie\u0144. Wyprodukowano w Polsce z dba\u0142o\u015bci\u0105 o ka\u017cdy detal, co gwarantuje d\u0142ug\u0105 \u017cywotno\u015b\u0107 i solidno\u015b\u0107 produktu.","breadcrumb":{"@id":"https:\/\/kamexbhp.pl\/sklep\/produkt\/procera-koszula-flanelowa-niebieska\/#breadcrumb"},"inLanguage":"pl-PL","potentialAction":[{"@type":"ReadAction","target":["https:\/\/kamexbhp.pl\/sklep\/produkt\/procera-koszula-flanelowa-niebieska\/"]}]},{"@type":"ImageObject","inLanguage":"pl-PL","@id":"https:\/\/kamexbhp.pl\/sklep\/produkt\/procera-koszula-flanelowa-niebieska\/#primaryimage","url":"https:\/\/kamexbhp.pl\/sklep\/wp-content\/uploads\/2024\/09\/2.jpg","contentUrl":"https:\/\/kamexbhp.pl\/sklep\/wp-content\/uploads\/2024\/09\/2.jpg","width":679,"height":679,"caption":"Nasza koszula flanelowa m\u0119ska z 100% bawe\u0142ny o gramaturze 170 g\/m\u00b2 to po\u0142\u0105czenie wygody i trwa\u0142o\u015bci. Zapinana na guziki, z kieszeni\u0105 na piersi, stylowym ko\u0142nierzykiem i mankietami. Wykonana w Polsce, gwarantuje doskona\u0142\u0105 jako\u015b\u0107 i komfort noszenia. Idealna do pracy oraz na co dzie\u0144, szczeg\u00f3lnie na ch\u0142odniejsze dni."},{"@type":"BreadcrumbList","@id":"https:\/\/kamexbhp.pl\/sklep\/produkt\/procera-koszula-flanelowa-niebieska\/#breadcrumb","itemListElement":[{"@type":"ListItem","position":1,"name":"Strona g\u0142\u00f3wna","item":"https:\/\/kamexbhp.pl\/sklep\/"},{"@type":"ListItem","position":2,"name":"Sklep","item":"https:\/\/kamexbhp.pl\/sklep\/sklep\/"},{"@type":"ListItem","position":3,"name":"PROCERA KOSZULA FLANELOWA NIEBIESKA"}]},{"@type":"WebSite","@id":"https:\/\/kamexbhp.pl\/sklep\/#website","url":"https:\/\/kamexbhp.pl\/sklep\/","name":"KAMEX BHP - SKLEP INTERNETOWY Z ARTYKU\u0141AMI BHP NAJWY\u017bSZEJ JAKO\u015aCI","description":"Artuku\u0142y BHP najwy\u017cszej jako\u015bci!","publisher":{"@id":"https:\/\/kamexbhp.pl\/sklep\/#organization"},"potentialAction":[{"@type":"SearchAction","target":{"@type":"EntryPoint","urlTemplate":"https:\/\/kamexbhp.pl\/sklep\/?s={search_term_string}"},"query-input":{"@type":"PropertyValueSpecification","valueRequired":true,"valueName":"search_term_string"}}],"inLanguage":"pl-PL"},{"@type":"Organization","@id":"https:\/\/kamexbhp.pl\/sklep\/#organization","name":"KAMEX-BHP - SKLEP BHP - Odzie\u017c i obuwie robocze","url":"https:\/\/kamexbhp.pl\/sklep\/","logo":{"@type":"ImageObject","inLanguage":"pl-PL","@id":"https:\/\/kamexbhp.pl\/sklep\/#\/schema\/logo\/image\/","url":"https:\/\/kamexbhp.pl\/sklep\/wp-content\/uploads\/2025\/01\/KAMEX-BHP-Logo-1080-x-1080.png","contentUrl":"https:\/\/kamexbhp.pl\/sklep\/wp-content\/uploads\/2025\/01\/KAMEX-BHP-Logo-1080-x-1080.png","width":1080,"height":1080,"caption":"KAMEX-BHP - SKLEP BHP - Odzie\u017c i obuwie robocze"},"image":{"@id":"https:\/\/kamexbhp.pl\/sklep\/#\/schema\/logo\/image\/"},"sameAs":["https:\/\/www.facebook.com\/bhp.kamex","https:\/\/www.instagram.com\/kamexbhp\/"]}]}},"_links":{"self":[{"href":"https:\/\/kamexbhp.pl\/sklep\/wp-json\/wp\/v2\/product\/5596","targetHints":{"allow":["GET"]}}],"collection":[{"href":"https:\/\/kamexbhp.pl\/sklep\/wp-json\/wp\/v2\/product"}],"about":[{"href":"https:\/\/kamexbhp.pl\/sklep\/wp-json\/wp\/v2\/types\/product"}],"replies":[{"embeddable":true,"href":"https:\/\/kamexbhp.pl\/sklep\/wp-json\/wp\/v2\/comments?post=5596"}],"version-history":[{"count":1,"href":"https:\/\/kamexbhp.pl\/sklep\/wp-json\/wp\/v2\/product\/5596\/revisions"}],"predecessor-version":[{"id":5671,"href":"https:\/\/kamexbhp.pl\/sklep\/wp-json\/wp\/v2\/product\/5596\/revisions\/5671"}],"wp:featuredmedia":[{"embeddable":true,"href":"https:\/\/kamexbhp.pl\/sklep\/wp-json\/wp\/v2\/media\/5603"}],"wp:attachment":[{"href":"https:\/\/kamexbhp.pl\/sklep\/wp-json\/wp\/v2\/media?parent=5596"}],"wp:term":[{"taxonomy":"product_brand","embeddable":true,"href":"https:\/\/kamexbhp.pl\/sklep\/wp-json\/wp\/v2\/product_brand?post=5596"},{"taxonomy":"product_cat","embeddable":true,"href":"https:\/\/kamexbhp.pl\/sklep\/wp-json\/wp\/v2\/product_cat?post=5596"},{"taxonomy":"product_tag","embeddable":true,"href":"https:\/\/kamexbhp.pl\/sklep\/wp-json\/wp\/v2\/product_tag?post=5596"}],"curies":[{"name":"wp","href":"https:\/\/api.w.org\/{rel}","templated":true}]}}