{"id":5557,"date":"2024-09-04T12:01:45","date_gmt":"2024-09-04T10:01:45","guid":{"rendered":"https:\/\/kamexbhp.pl\/sklep\/?post_type=product&#038;p=5557"},"modified":"2025-08-22T13:19:27","modified_gmt":"2025-08-22T11:19:27","slug":"profflam-antistatic-spodnie-ogrodniczki","status":"publish","type":"product","link":"https:\/\/kamexbhp.pl\/sklep\/produkt\/profflam-antistatic-spodnie-ogrodniczki\/","title":{"rendered":"PROFFLAM ANTISTATIC SPODNIE OGRODNICZKI"},"content":{"rendered":"<p><strong>PROFFLAM ANTISTATIC OGRODNICZKI<\/strong> \u2013 to doskona\u0142y wyb\u00f3r dla os\u00f3b pracuj\u0105cych w wymagaj\u0105cych warunkach, kt\u00f3re potrzebuj\u0105 niezawodnych i wygodnych spodni roboczych. Dzi\u0119ki swojej solidnej konstrukcji oraz zastosowaniu wysokiej jako\u015bci materia\u0142\u00f3w, spe\u0142niaj\u0105 one najwy\u017csze standardy bezpiecze\u0144stwa i komfortu.<\/p>\n<p><strong>Zalety produktu<\/strong>:<\/p>\n<ul>\n<li><strong>Wygoda i ergonomia<\/strong>: Specjalnie wszyty klin w kroku zwi\u0119ksza swobod\u0119 ruch\u00f3w, co przek\u0142ada si\u0119 na komfort u\u017cytkowania przez ca\u0142y dzie\u0144 pracy.<\/li>\n<li><strong>Bezpiecze\u0144stwo<\/strong>: Elementy odblaskowe w postaci pas\u00f3w zwi\u0119kszaj\u0105 widoczno\u015b\u0107 pracownika w trudnych warunkach o\u015bwietleniowych, co poprawia jego bezpiecze\u0144stwo.<\/li>\n<li><strong>Funkcjonalno\u015b\u0107<\/strong>: Spodnie posiadaj\u0105 a\u017c 6 praktycznych kieszeni, w tym dwie tylne, dwie boczne oraz wzmocnion\u0105 kiesze\u0144 zapinan\u0105 na rzepy i specjaln\u0105 kiesze\u0144 na miark\u0119 \u201emetr\u00f3wk\u0119\u201d.<\/li>\n<li><strong>Wytrzyma\u0142o\u015b\u0107<\/strong>: Spodnie zosta\u0142y wzmocnione du\u017c\u0105 ilo\u015bci\u0105 rygl\u00f3wek w miejscach szczeg\u00f3lnie nara\u017conych na rozprucie, co znacz\u0105co podnosi ich trwa\u0142o\u015b\u0107.<\/li>\n<li><strong>Dost\u0119pne rozmiary<\/strong>: Od 48 do 64, co pozwala na dob\u00f3r odpowiedniego rozmiaru dla ka\u017cdego pracownika.<\/li>\n<\/ul>\n<p>Spodnie PROFFLAM ANTISTATIC OGRODNICZKI posiadaj\u0105 r\u00f3wnie\u017c certyfikaty widoczne na kieszeniach, co potwierdza ich zgodno\u015b\u0107 z obowi\u0105zuj\u0105cymi normami BHP.<\/p>\n<h3>Specyfikacja:<\/h3>\n<ul>\n<li><strong>Materia\u0142<\/strong>: 100% bawe\u0142na, 320g\/m\u00b2<\/li>\n<li><strong>Regulacja obwodu<\/strong>: Regulacja w pasie za pomoc\u0105 guzik\u00f3w i gumki.<\/li>\n<li><strong>Elementy odblaskowe<\/strong>: Pasy odblaskowe.<\/li>\n<li><strong>Kieszenie<\/strong>: 2 tylne, 2 boczne, kiesze\u0144 zapinana na rzepy, kiesze\u0144 na miark\u0119.<\/li>\n<li><strong>Dost\u0119pne rozmiary<\/strong>: 48-64<\/li>\n<li><strong>Dodatkowo widoczne atesty na kieszeniach<\/strong><\/li>\n<\/ul>\n<p>&nbsp;<\/p>\n<p>&nbsp;<\/p>\n","protected":false},"excerpt":{"rendered":"<p><strong>Czas realizacji zam\u00f3wienia 3-5dni roboczych.\u00a0<\/strong><\/p>\n<p>Te ogrodniczki to idealne rozwi\u0105zanie dla pracownik\u00f3w budowlanych, magazynowych oraz wszystkich, kt\u00f3rzy szukaj\u0105 spodni zapewniaj\u0105cych bezpiecze\u0144stwo, wygod\u0119 oraz trwa\u0142o\u015b\u0107 przez d\u0142ugi czas.<\/p>\n","protected":false},"featured_media":5567,"comment_status":"open","ping_status":"closed","template":"","meta":[],"product_brand":[],"product_cat":[70],"product_tag":[765,429,956,959,924,960,955,889,452,962,961,958,957],"class_list":{"0":"post-5557","1":"product","2":"type-product","3":"status-publish","4":"has-post-thumbnail","6":"product_cat-ogrodniczki","7":"product_tag-odziez-bhp","8":"product_tag-odziez-ochronna","9":"product_tag-odziez-robocza-bawelniana","10":"product_tag-odziez-robocza-z-atestami","11":"product_tag-ogrodniczki-robocze","12":"product_tag-ogrodniczki-robocze-meskie","13":"product_tag-spodnie-antystatyczne","14":"product_tag-spodnie-bhp","15":"product_tag-spodnie-robocze","16":"product_tag-spodnie-robocze-na-szelkach","17":"product_tag-spodnie-robocze-z-regulacja","18":"product_tag-spodnie-z-kieszeniami","19":"product_tag-spodnie-z-odblaskami","21":"first","22":"onbackorder","23":"taxable","24":"shipping-taxable","25":"purchasable","26":"product-type-variable"},"yoast_head":"<!-- This site is optimized with the Yoast SEO plugin v25.6 - https:\/\/yoast.com\/wordpress\/plugins\/seo\/ -->\n<title>PROFFLAM ANTISTATIC SPODNIE OGRODNICZKI - KAMEX BHP - SKLEP INTERNETOWY Z ARTYKU\u0141AMI BHP NAJWY\u017bSZEJ JAKO\u015aCI<\/title>\n<meta name=\"description\" content=\"Ogrodniczki BHP zosta\u0142y wykonane z wytrzyma\u0142ej, 100% bawe\u0142ny o gramaturze 320g\/m\u00b2, co zapewnia d\u0142ug\u0105 \u017cywotno\u015b\u0107 i odporno\u015b\u0107 na uszkodzenia. Regulowane szerokie szelki oraz gumka wszyta w tylnej cz\u0119\u015bci spodni gwarantuj\u0105 idealne dopasowanie do sylwetki, a mo\u017cliwo\u015b\u0107 regulacji w pasie za pomoc\u0105 guzik\u00f3w sprawia, \u017ce spodnie \u015bwietnie uk\u0142adaj\u0105 si\u0119 na ciele.\" \/>\n<meta name=\"robots\" content=\"index, follow, max-snippet:-1, max-image-preview:large, max-video-preview:-1\" \/>\n<link rel=\"canonical\" href=\"https:\/\/kamexbhp.pl\/sklep\/produkt\/profflam-antistatic-spodnie-ogrodniczki\/\" \/>\n<meta property=\"og:locale\" content=\"pl_PL\" \/>\n<meta property=\"og:type\" content=\"article\" \/>\n<meta property=\"og:title\" content=\"PROFFLAM ANTISTATIC SPODNIE OGRODNICZKI - KAMEX BHP - SKLEP INTERNETOWY Z ARTYKU\u0141AMI BHP NAJWY\u017bSZEJ JAKO\u015aCI\" \/>\n<meta property=\"og:description\" content=\"Ogrodniczki BHP zosta\u0142y wykonane z wytrzyma\u0142ej, 100% bawe\u0142ny o gramaturze 320g\/m\u00b2, co zapewnia d\u0142ug\u0105 \u017cywotno\u015b\u0107 i odporno\u015b\u0107 na uszkodzenia. Regulowane szerokie szelki oraz gumka wszyta w tylnej cz\u0119\u015bci spodni gwarantuj\u0105 idealne dopasowanie do sylwetki, a mo\u017cliwo\u015b\u0107 regulacji w pasie za pomoc\u0105 guzik\u00f3w sprawia, \u017ce spodnie \u015bwietnie uk\u0142adaj\u0105 si\u0119 na ciele.\" \/>\n<meta property=\"og:url\" content=\"https:\/\/kamexbhp.pl\/sklep\/produkt\/profflam-antistatic-spodnie-ogrodniczki\/\" \/>\n<meta property=\"og:site_name\" content=\"KAMEX BHP - SKLEP INTERNETOWY Z ARTYKU\u0141AMI BHP NAJWY\u017bSZEJ JAKO\u015aCI\" \/>\n<meta property=\"article:publisher\" content=\"https:\/\/www.facebook.com\/bhp.kamex\" \/>\n<meta property=\"article:modified_time\" content=\"2025-08-22T11:19:27+00:00\" \/>\n<meta property=\"og:image\" content=\"https:\/\/kamexbhp.pl\/sklep\/wp-content\/uploads\/2024\/09\/profflam_antistatic_spodnie_ogrodniczki_kat.ii_aoog_1.png\" \/>\n\t<meta property=\"og:image:width\" content=\"1660\" \/>\n\t<meta property=\"og:image:height\" content=\"1920\" \/>\n\t<meta property=\"og:image:type\" content=\"image\/png\" \/>\n<meta name=\"twitter:card\" content=\"summary_large_image\" \/>\n<meta name=\"twitter:label1\" content=\"Szacowany czas czytania\" \/>\n\t<meta name=\"twitter:data1\" content=\"2 minuty\" \/>\n<script type=\"application\/ld+json\" class=\"yoast-schema-graph\">{\"@context\":\"https:\/\/schema.org\",\"@graph\":[{\"@type\":\"WebPage\",\"@id\":\"https:\/\/kamexbhp.pl\/sklep\/produkt\/profflam-antistatic-spodnie-ogrodniczki\/\",\"url\":\"https:\/\/kamexbhp.pl\/sklep\/produkt\/profflam-antistatic-spodnie-ogrodniczki\/\",\"name\":\"PROFFLAM ANTISTATIC SPODNIE OGRODNICZKI - KAMEX BHP - SKLEP INTERNETOWY Z ARTYKU\u0141AMI BHP NAJWY\u017bSZEJ JAKO\u015aCI\",\"isPartOf\":{\"@id\":\"https:\/\/kamexbhp.pl\/sklep\/#website\"},\"primaryImageOfPage\":{\"@id\":\"https:\/\/kamexbhp.pl\/sklep\/produkt\/profflam-antistatic-spodnie-ogrodniczki\/#primaryimage\"},\"image\":{\"@id\":\"https:\/\/kamexbhp.pl\/sklep\/produkt\/profflam-antistatic-spodnie-ogrodniczki\/#primaryimage\"},\"thumbnailUrl\":\"https:\/\/kamexbhp.pl\/sklep\/wp-content\/uploads\/2024\/09\/profflam_antistatic_spodnie_ogrodniczki_kat.ii_aoog_1.png\",\"datePublished\":\"2024-09-04T10:01:45+00:00\",\"dateModified\":\"2025-08-22T11:19:27+00:00\",\"description\":\"Ogrodniczki BHP zosta\u0142y wykonane z wytrzyma\u0142ej, 100% bawe\u0142ny o gramaturze 320g\/m\u00b2, co zapewnia d\u0142ug\u0105 \u017cywotno\u015b\u0107 i odporno\u015b\u0107 na uszkodzenia. Regulowane szerokie szelki oraz gumka wszyta w tylnej cz\u0119\u015bci spodni gwarantuj\u0105 idealne dopasowanie do sylwetki, a mo\u017cliwo\u015b\u0107 regulacji w pasie za pomoc\u0105 guzik\u00f3w sprawia, \u017ce spodnie \u015bwietnie uk\u0142adaj\u0105 si\u0119 na ciele.\",\"breadcrumb\":{\"@id\":\"https:\/\/kamexbhp.pl\/sklep\/produkt\/profflam-antistatic-spodnie-ogrodniczki\/#breadcrumb\"},\"inLanguage\":\"pl-PL\",\"potentialAction\":[{\"@type\":\"ReadAction\",\"target\":[\"https:\/\/kamexbhp.pl\/sklep\/produkt\/profflam-antistatic-spodnie-ogrodniczki\/\"]}]},{\"@type\":\"ImageObject\",\"inLanguage\":\"pl-PL\",\"@id\":\"https:\/\/kamexbhp.pl\/sklep\/produkt\/profflam-antistatic-spodnie-ogrodniczki\/#primaryimage\",\"url\":\"https:\/\/kamexbhp.pl\/sklep\/wp-content\/uploads\/2024\/09\/profflam_antistatic_spodnie_ogrodniczki_kat.ii_aoog_1.png\",\"contentUrl\":\"https:\/\/kamexbhp.pl\/sklep\/wp-content\/uploads\/2024\/09\/profflam_antistatic_spodnie_ogrodniczki_kat.ii_aoog_1.png\",\"width\":1660,\"height\":1920,\"caption\":\"PROFFLAM ANTISTATIC SPODNIE OGRODNICZKI\"},{\"@type\":\"BreadcrumbList\",\"@id\":\"https:\/\/kamexbhp.pl\/sklep\/produkt\/profflam-antistatic-spodnie-ogrodniczki\/#breadcrumb\",\"itemListElement\":[{\"@type\":\"ListItem\",\"position\":1,\"name\":\"Strona g\u0142\u00f3wna\",\"item\":\"https:\/\/kamexbhp.pl\/sklep\/\"},{\"@type\":\"ListItem\",\"position\":2,\"name\":\"Sklep\",\"item\":\"https:\/\/kamexbhp.pl\/sklep\/sklep\/\"},{\"@type\":\"ListItem\",\"position\":3,\"name\":\"PROFFLAM ANTISTATIC SPODNIE OGRODNICZKI\"}]},{\"@type\":\"WebSite\",\"@id\":\"https:\/\/kamexbhp.pl\/sklep\/#website\",\"url\":\"https:\/\/kamexbhp.pl\/sklep\/\",\"name\":\"KAMEX BHP - SKLEP INTERNETOWY Z ARTYKU\u0141AMI BHP NAJWY\u017bSZEJ JAKO\u015aCI\",\"description\":\"Artuku\u0142y BHP najwy\u017cszej jako\u015bci!\",\"publisher\":{\"@id\":\"https:\/\/kamexbhp.pl\/sklep\/#organization\"},\"potentialAction\":[{\"@type\":\"SearchAction\",\"target\":{\"@type\":\"EntryPoint\",\"urlTemplate\":\"https:\/\/kamexbhp.pl\/sklep\/?s={search_term_string}\"},\"query-input\":{\"@type\":\"PropertyValueSpecification\",\"valueRequired\":true,\"valueName\":\"search_term_string\"}}],\"inLanguage\":\"pl-PL\"},{\"@type\":\"Organization\",\"@id\":\"https:\/\/kamexbhp.pl\/sklep\/#organization\",\"name\":\"KAMEX-BHP - SKLEP BHP - Odzie\u017c i obuwie robocze\",\"url\":\"https:\/\/kamexbhp.pl\/sklep\/\",\"logo\":{\"@type\":\"ImageObject\",\"inLanguage\":\"pl-PL\",\"@id\":\"https:\/\/kamexbhp.pl\/sklep\/#\/schema\/logo\/image\/\",\"url\":\"https:\/\/kamexbhp.pl\/sklep\/wp-content\/uploads\/2025\/01\/KAMEX-BHP-Logo-1080-x-1080.png\",\"contentUrl\":\"https:\/\/kamexbhp.pl\/sklep\/wp-content\/uploads\/2025\/01\/KAMEX-BHP-Logo-1080-x-1080.png\",\"width\":1080,\"height\":1080,\"caption\":\"KAMEX-BHP - SKLEP BHP - Odzie\u017c i obuwie robocze\"},\"image\":{\"@id\":\"https:\/\/kamexbhp.pl\/sklep\/#\/schema\/logo\/image\/\"},\"sameAs\":[\"https:\/\/www.facebook.com\/bhp.kamex\",\"https:\/\/www.instagram.com\/kamexbhp\/\"]}]}<\/script>\n<!-- \/ Yoast SEO plugin. -->","yoast_head_json":{"title":"PROFFLAM ANTISTATIC SPODNIE OGRODNICZKI - KAMEX BHP - SKLEP INTERNETOWY Z ARTYKU\u0141AMI BHP NAJWY\u017bSZEJ JAKO\u015aCI","description":"Ogrodniczki BHP zosta\u0142y wykonane z wytrzyma\u0142ej, 100% bawe\u0142ny o gramaturze 320g\/m\u00b2, co zapewnia d\u0142ug\u0105 \u017cywotno\u015b\u0107 i odporno\u015b\u0107 na uszkodzenia. Regulowane szerokie szelki oraz gumka wszyta w tylnej cz\u0119\u015bci spodni gwarantuj\u0105 idealne dopasowanie do sylwetki, a mo\u017cliwo\u015b\u0107 regulacji w pasie za pomoc\u0105 guzik\u00f3w sprawia, \u017ce spodnie \u015bwietnie uk\u0142adaj\u0105 si\u0119 na ciele.","robots":{"index":"index","follow":"follow","max-snippet":"max-snippet:-1","max-image-preview":"max-image-preview:large","max-video-preview":"max-video-preview:-1"},"canonical":"https:\/\/kamexbhp.pl\/sklep\/produkt\/profflam-antistatic-spodnie-ogrodniczki\/","og_locale":"pl_PL","og_type":"article","og_title":"PROFFLAM ANTISTATIC SPODNIE OGRODNICZKI - KAMEX BHP - SKLEP INTERNETOWY Z ARTYKU\u0141AMI BHP NAJWY\u017bSZEJ JAKO\u015aCI","og_description":"Ogrodniczki BHP zosta\u0142y wykonane z wytrzyma\u0142ej, 100% bawe\u0142ny o gramaturze 320g\/m\u00b2, co zapewnia d\u0142ug\u0105 \u017cywotno\u015b\u0107 i odporno\u015b\u0107 na uszkodzenia. Regulowane szerokie szelki oraz gumka wszyta w tylnej cz\u0119\u015bci spodni gwarantuj\u0105 idealne dopasowanie do sylwetki, a mo\u017cliwo\u015b\u0107 regulacji w pasie za pomoc\u0105 guzik\u00f3w sprawia, \u017ce spodnie \u015bwietnie uk\u0142adaj\u0105 si\u0119 na ciele.","og_url":"https:\/\/kamexbhp.pl\/sklep\/produkt\/profflam-antistatic-spodnie-ogrodniczki\/","og_site_name":"KAMEX BHP - SKLEP INTERNETOWY Z ARTYKU\u0141AMI BHP NAJWY\u017bSZEJ JAKO\u015aCI","article_publisher":"https:\/\/www.facebook.com\/bhp.kamex","article_modified_time":"2025-08-22T11:19:27+00:00","og_image":[{"width":1660,"height":1920,"url":"https:\/\/kamexbhp.pl\/sklep\/wp-content\/uploads\/2024\/09\/profflam_antistatic_spodnie_ogrodniczki_kat.ii_aoog_1.png","type":"image\/png"}],"twitter_card":"summary_large_image","twitter_misc":{"Szacowany czas czytania":"2 minuty"},"schema":{"@context":"https:\/\/schema.org","@graph":[{"@type":"WebPage","@id":"https:\/\/kamexbhp.pl\/sklep\/produkt\/profflam-antistatic-spodnie-ogrodniczki\/","url":"https:\/\/kamexbhp.pl\/sklep\/produkt\/profflam-antistatic-spodnie-ogrodniczki\/","name":"PROFFLAM ANTISTATIC SPODNIE OGRODNICZKI - KAMEX BHP - SKLEP INTERNETOWY Z ARTYKU\u0141AMI BHP NAJWY\u017bSZEJ JAKO\u015aCI","isPartOf":{"@id":"https:\/\/kamexbhp.pl\/sklep\/#website"},"primaryImageOfPage":{"@id":"https:\/\/kamexbhp.pl\/sklep\/produkt\/profflam-antistatic-spodnie-ogrodniczki\/#primaryimage"},"image":{"@id":"https:\/\/kamexbhp.pl\/sklep\/produkt\/profflam-antistatic-spodnie-ogrodniczki\/#primaryimage"},"thumbnailUrl":"https:\/\/kamexbhp.pl\/sklep\/wp-content\/uploads\/2024\/09\/profflam_antistatic_spodnie_ogrodniczki_kat.ii_aoog_1.png","datePublished":"2024-09-04T10:01:45+00:00","dateModified":"2025-08-22T11:19:27+00:00","description":"Ogrodniczki BHP zosta\u0142y wykonane z wytrzyma\u0142ej, 100% bawe\u0142ny o gramaturze 320g\/m\u00b2, co zapewnia d\u0142ug\u0105 \u017cywotno\u015b\u0107 i odporno\u015b\u0107 na uszkodzenia. Regulowane szerokie szelki oraz gumka wszyta w tylnej cz\u0119\u015bci spodni gwarantuj\u0105 idealne dopasowanie do sylwetki, a mo\u017cliwo\u015b\u0107 regulacji w pasie za pomoc\u0105 guzik\u00f3w sprawia, \u017ce spodnie \u015bwietnie uk\u0142adaj\u0105 si\u0119 na ciele.","breadcrumb":{"@id":"https:\/\/kamexbhp.pl\/sklep\/produkt\/profflam-antistatic-spodnie-ogrodniczki\/#breadcrumb"},"inLanguage":"pl-PL","potentialAction":[{"@type":"ReadAction","target":["https:\/\/kamexbhp.pl\/sklep\/produkt\/profflam-antistatic-spodnie-ogrodniczki\/"]}]},{"@type":"ImageObject","inLanguage":"pl-PL","@id":"https:\/\/kamexbhp.pl\/sklep\/produkt\/profflam-antistatic-spodnie-ogrodniczki\/#primaryimage","url":"https:\/\/kamexbhp.pl\/sklep\/wp-content\/uploads\/2024\/09\/profflam_antistatic_spodnie_ogrodniczki_kat.ii_aoog_1.png","contentUrl":"https:\/\/kamexbhp.pl\/sklep\/wp-content\/uploads\/2024\/09\/profflam_antistatic_spodnie_ogrodniczki_kat.ii_aoog_1.png","width":1660,"height":1920,"caption":"PROFFLAM ANTISTATIC SPODNIE OGRODNICZKI"},{"@type":"BreadcrumbList","@id":"https:\/\/kamexbhp.pl\/sklep\/produkt\/profflam-antistatic-spodnie-ogrodniczki\/#breadcrumb","itemListElement":[{"@type":"ListItem","position":1,"name":"Strona g\u0142\u00f3wna","item":"https:\/\/kamexbhp.pl\/sklep\/"},{"@type":"ListItem","position":2,"name":"Sklep","item":"https:\/\/kamexbhp.pl\/sklep\/sklep\/"},{"@type":"ListItem","position":3,"name":"PROFFLAM ANTISTATIC SPODNIE OGRODNICZKI"}]},{"@type":"WebSite","@id":"https:\/\/kamexbhp.pl\/sklep\/#website","url":"https:\/\/kamexbhp.pl\/sklep\/","name":"KAMEX BHP - SKLEP INTERNETOWY Z ARTYKU\u0141AMI BHP NAJWY\u017bSZEJ JAKO\u015aCI","description":"Artuku\u0142y BHP najwy\u017cszej jako\u015bci!","publisher":{"@id":"https:\/\/kamexbhp.pl\/sklep\/#organization"},"potentialAction":[{"@type":"SearchAction","target":{"@type":"EntryPoint","urlTemplate":"https:\/\/kamexbhp.pl\/sklep\/?s={search_term_string}"},"query-input":{"@type":"PropertyValueSpecification","valueRequired":true,"valueName":"search_term_string"}}],"inLanguage":"pl-PL"},{"@type":"Organization","@id":"https:\/\/kamexbhp.pl\/sklep\/#organization","name":"KAMEX-BHP - SKLEP BHP - Odzie\u017c i obuwie robocze","url":"https:\/\/kamexbhp.pl\/sklep\/","logo":{"@type":"ImageObject","inLanguage":"pl-PL","@id":"https:\/\/kamexbhp.pl\/sklep\/#\/schema\/logo\/image\/","url":"https:\/\/kamexbhp.pl\/sklep\/wp-content\/uploads\/2025\/01\/KAMEX-BHP-Logo-1080-x-1080.png","contentUrl":"https:\/\/kamexbhp.pl\/sklep\/wp-content\/uploads\/2025\/01\/KAMEX-BHP-Logo-1080-x-1080.png","width":1080,"height":1080,"caption":"KAMEX-BHP - SKLEP BHP - Odzie\u017c i obuwie robocze"},"image":{"@id":"https:\/\/kamexbhp.pl\/sklep\/#\/schema\/logo\/image\/"},"sameAs":["https:\/\/www.facebook.com\/bhp.kamex","https:\/\/www.instagram.com\/kamexbhp\/"]}]}},"_links":{"self":[{"href":"https:\/\/kamexbhp.pl\/sklep\/wp-json\/wp\/v2\/product\/5557","targetHints":{"allow":["GET"]}}],"collection":[{"href":"https:\/\/kamexbhp.pl\/sklep\/wp-json\/wp\/v2\/product"}],"about":[{"href":"https:\/\/kamexbhp.pl\/sklep\/wp-json\/wp\/v2\/types\/product"}],"replies":[{"embeddable":true,"href":"https:\/\/kamexbhp.pl\/sklep\/wp-json\/wp\/v2\/comments?post=5557"}],"version-history":[{"count":4,"href":"https:\/\/kamexbhp.pl\/sklep\/wp-json\/wp\/v2\/product\/5557\/revisions"}],"predecessor-version":[{"id":8757,"href":"https:\/\/kamexbhp.pl\/sklep\/wp-json\/wp\/v2\/product\/5557\/revisions\/8757"}],"wp:featuredmedia":[{"embeddable":true,"href":"https:\/\/kamexbhp.pl\/sklep\/wp-json\/wp\/v2\/media\/5567"}],"wp:attachment":[{"href":"https:\/\/kamexbhp.pl\/sklep\/wp-json\/wp\/v2\/media?parent=5557"}],"wp:term":[{"taxonomy":"product_brand","embeddable":true,"href":"https:\/\/kamexbhp.pl\/sklep\/wp-json\/wp\/v2\/product_brand?post=5557"},{"taxonomy":"product_cat","embeddable":true,"href":"https:\/\/kamexbhp.pl\/sklep\/wp-json\/wp\/v2\/product_cat?post=5557"},{"taxonomy":"product_tag","embeddable":true,"href":"https:\/\/kamexbhp.pl\/sklep\/wp-json\/wp\/v2\/product_tag?post=5557"}],"curies":[{"name":"wp","href":"https:\/\/api.w.org\/{rel}","templated":true}]}}