{"id":5460,"date":"2024-08-28T15:30:28","date_gmt":"2024-08-28T13:30:28","guid":{"rendered":"https:\/\/kamexbhp.pl\/sklep\/?post_type=product&#038;p=5460"},"modified":"2024-09-21T09:50:49","modified_gmt":"2024-09-21T07:50:49","slug":"planam-bundhose-highline","status":"publish","type":"product","link":"https:\/\/kamexbhp.pl\/sklep\/produkt\/planam-bundhose-highline\/","title":{"rendered":"PLANAM BUNDHOSE Highline"},"content":{"rendered":"<p><strong>PLANAM BUNDHOSE &#8211; Twoje zaufanie w pracy<\/strong><\/p>\n<p>Ubrania robocze to kluczowy element ka\u017cdej pracy fizycznej. PLANAM BUNDHOSE to doskona\u0142e spodnie robocze stworzone z my\u015bl\u0105 o najbardziej wymagaj\u0105cych u\u017cytkownikach. Je\u017celi szukasz odzie\u017cy, kt\u00f3ra zapewni Ci komfort, bezpiecze\u0144stwo oraz wytrzyma\u0142o\u015b\u0107 przez d\u0142ugie godziny pracy, to nasza oferta jest stworzona w\u0142a\u015bnie dla Ciebie.<\/p>\n<p><strong>Dlaczego PLANAM BUNDHOSE?<\/strong><\/p>\n<ol>\n<li><strong>Wytrzyma\u0142o\u015b\u0107 na lata:<\/strong> Wykonane z wysokiej jako\u015bci materia\u0142\u00f3w, spodnie PLANAM BUNDHOSE s\u0105 odporne na uszkodzenia mechaniczne i zu\u017cycie. Dzi\u0119ki temu sprawdz\u0105 si\u0119 w ka\u017cdych warunkach \u2013 od budowy, przez warsztaty, a\u017c po prace monta\u017cowe.<\/li>\n<li><strong>Komfort noszenia:<\/strong> Ergonomiczny kr\u00f3j spodni zapewnia swobod\u0119 ruch\u00f3w, a oddychaj\u0105ce tkaniny sprawiaj\u0105, \u017ce nawet podczas d\u0142ugotrwa\u0142ej pracy zachowasz pe\u0142en komfort. Dodatkowo, szeroka gama rozmiar\u00f3w pozwala na idealne dopasowanie do sylwetki.<\/li>\n<li><strong>Funkcjonalno\u015b\u0107:<\/strong> Spodnie robocze PLANAM BUNDHOSE posiadaj\u0105 liczne kieszenie, kt\u00f3re u\u0142atwiaj\u0105 przechowywanie narz\u0119dzi i niezb\u0119dnych przedmiot\u00f3w podczas pracy. Dzi\u0119ki temu zawsze masz wszystko pod r\u0119k\u0105.<\/li>\n<li><strong>Bezpiecze\u0144stwo:<\/strong> PLANAM BUNDHOSE spe\u0142niaj\u0105 najwy\u017csze normy bezpiecze\u0144stwa, chroni\u0105c przed urazami mechanicznymi, przetarciami i innymi zagro\u017ceniami w miejscu pracy.<\/li>\n<li><strong>Modny wygl\u0105d:<\/strong> Cho\u0107 funkcjonalno\u015b\u0107 jest najwa\u017cniejsza, spodnie robocze PLANAM wyr\u00f3\u017cniaj\u0105 si\u0119 r\u00f3wnie\u017c nowoczesnym designem. Mo\u017cesz wygl\u0105da\u0107 profesjonalnie, nie rezygnuj\u0105c przy tym z modnego wygl\u0105du<\/li>\n<li>Ubrania<strong> PLANAM\u00a0 <\/strong>produkowane s\u0105 i Niemczech.<\/li>\n<\/ol>\n","protected":false},"excerpt":{"rendered":"<p>Zainwestuj w spodnie PLANAM BUNDHOSE i przekonaj si\u0119, jak mo\u017ce poprawi\u0107 si\u0119 Twoje codzienne funkcjonowanie w pracy. Odzie\u017c ta to nie tylko ochrona, ale r\u00f3wnie\u017c pewno\u015b\u0107, \u017ce ka\u017cdy dzie\u0144 w pracy b\u0119dzie bezpieczny i komfortowy.<\/p>\n<p>Sprawd\u017a nasz\u0105 ofert\u0119 i wybierz spodnie robocze PLANAM BUNDHOSE dopasowane do Twoich potrzeb. Niezale\u017cnie od bran\u017cy, w kt\u00f3rej pracujesz \u2013 mamy rozwi\u0105zania dla Ciebie!<\/p>\n","protected":false},"featured_media":5461,"comment_status":"open","ping_status":"closed","template":"","meta":[],"product_brand":[],"product_cat":[69],"product_tag":[913,909,906,912,907,903,911,908,905,910],"class_list":{"0":"post-5460","1":"product","2":"type-product","3":"status-publish","4":"has-post-thumbnail","6":"product_cat-spodnie-do-pasa","7":"product_tag-bezpieczne-ubrania-do-pracy","8":"product_tag-komfortowe-ubrania-robocze","9":"product_tag-odziez-robocza-bhp","10":"product_tag-odziez-robocza-dla-budowlancow","11":"product_tag-spodnie-ochronne-do-pracy","12":"product_tag-spodnie-robocze-planam","13":"product_tag-spodnie-robocze-z-kieszeniami","14":"product_tag-ubrania-bhp","15":"product_tag-ubrania-robocze-planam-bundhose","16":"product_tag-wytrzymale-spodnie-robocze","18":"first","19":"instock","20":"taxable","21":"shipping-taxable","22":"purchasable","23":"product-type-variable"},"yoast_head":"<!-- This site is optimized with the Yoast SEO plugin v25.6 - https:\/\/yoast.com\/wordpress\/plugins\/seo\/ -->\n<title>PLANAM BUNDHOSE Highline - KAMEX BHP - SKLEP INTERNETOWY Z ARTYKU\u0141AMI BHP NAJWY\u017bSZEJ JAKO\u015aCI<\/title>\n<meta name=\"robots\" content=\"index, follow, max-snippet:-1, max-image-preview:large, max-video-preview:-1\" \/>\n<link rel=\"canonical\" href=\"https:\/\/kamexbhp.pl\/sklep\/produkt\/planam-bundhose-highline\/\" \/>\n<meta property=\"og:locale\" content=\"pl_PL\" \/>\n<meta property=\"og:type\" content=\"article\" \/>\n<meta property=\"og:title\" content=\"PLANAM BUNDHOSE Highline - KAMEX BHP - SKLEP INTERNETOWY Z ARTYKU\u0141AMI BHP NAJWY\u017bSZEJ JAKO\u015aCI\" \/>\n<meta property=\"og:description\" content=\"Zainwestuj w spodnie PLANAM BUNDHOSE i przekonaj si\u0119, jak mo\u017ce poprawi\u0107 si\u0119 Twoje codzienne funkcjonowanie w pracy. Odzie\u017c ta to nie tylko ochrona, ale r\u00f3wnie\u017c pewno\u015b\u0107, \u017ce ka\u017cdy dzie\u0144 w pracy b\u0119dzie bezpieczny i komfortowy.  Sprawd\u017a nasz\u0105 ofert\u0119 i wybierz spodnie robocze PLANAM BUNDHOSE dopasowane do Twoich potrzeb. Niezale\u017cnie od bran\u017cy, w kt\u00f3rej pracujesz \u2013 mamy rozwi\u0105zania dla Ciebie!\" \/>\n<meta property=\"og:url\" content=\"https:\/\/kamexbhp.pl\/sklep\/produkt\/planam-bundhose-highline\/\" \/>\n<meta property=\"og:site_name\" content=\"KAMEX BHP - SKLEP INTERNETOWY Z ARTYKU\u0141AMI BHP NAJWY\u017bSZEJ JAKO\u015aCI\" \/>\n<meta property=\"article:publisher\" content=\"https:\/\/www.facebook.com\/bhp.kamex\" \/>\n<meta property=\"article:modified_time\" content=\"2024-09-21T07:50:49+00:00\" \/>\n<meta property=\"og:image\" content=\"https:\/\/kamexbhp.pl\/sklep\/wp-content\/uploads\/2024\/08\/pobierz-1.png\" \/>\n\t<meta property=\"og:image:width\" content=\"500\" \/>\n\t<meta property=\"og:image:height\" content=\"749\" \/>\n\t<meta property=\"og:image:type\" content=\"image\/png\" \/>\n<meta name=\"twitter:card\" content=\"summary_large_image\" \/>\n<meta name=\"twitter:label1\" content=\"Szacowany czas czytania\" \/>\n\t<meta name=\"twitter:data1\" content=\"2 minuty\" \/>\n<script type=\"application\/ld+json\" class=\"yoast-schema-graph\">{\"@context\":\"https:\/\/schema.org\",\"@graph\":[{\"@type\":\"WebPage\",\"@id\":\"https:\/\/kamexbhp.pl\/sklep\/produkt\/planam-bundhose-highline\/\",\"url\":\"https:\/\/kamexbhp.pl\/sklep\/produkt\/planam-bundhose-highline\/\",\"name\":\"PLANAM BUNDHOSE Highline - KAMEX BHP - SKLEP INTERNETOWY Z ARTYKU\u0141AMI BHP NAJWY\u017bSZEJ JAKO\u015aCI\",\"isPartOf\":{\"@id\":\"https:\/\/kamexbhp.pl\/sklep\/#website\"},\"primaryImageOfPage\":{\"@id\":\"https:\/\/kamexbhp.pl\/sklep\/produkt\/planam-bundhose-highline\/#primaryimage\"},\"image\":{\"@id\":\"https:\/\/kamexbhp.pl\/sklep\/produkt\/planam-bundhose-highline\/#primaryimage\"},\"thumbnailUrl\":\"https:\/\/kamexbhp.pl\/sklep\/wp-content\/uploads\/2024\/08\/pobierz-1.png\",\"datePublished\":\"2024-08-28T13:30:28+00:00\",\"dateModified\":\"2024-09-21T07:50:49+00:00\",\"breadcrumb\":{\"@id\":\"https:\/\/kamexbhp.pl\/sklep\/produkt\/planam-bundhose-highline\/#breadcrumb\"},\"inLanguage\":\"pl-PL\",\"potentialAction\":[{\"@type\":\"ReadAction\",\"target\":[\"https:\/\/kamexbhp.pl\/sklep\/produkt\/planam-bundhose-highline\/\"]}]},{\"@type\":\"ImageObject\",\"inLanguage\":\"pl-PL\",\"@id\":\"https:\/\/kamexbhp.pl\/sklep\/produkt\/planam-bundhose-highline\/#primaryimage\",\"url\":\"https:\/\/kamexbhp.pl\/sklep\/wp-content\/uploads\/2024\/08\/pobierz-1.png\",\"contentUrl\":\"https:\/\/kamexbhp.pl\/sklep\/wp-content\/uploads\/2024\/08\/pobierz-1.png\",\"width\":500,\"height\":749},{\"@type\":\"BreadcrumbList\",\"@id\":\"https:\/\/kamexbhp.pl\/sklep\/produkt\/planam-bundhose-highline\/#breadcrumb\",\"itemListElement\":[{\"@type\":\"ListItem\",\"position\":1,\"name\":\"Strona g\u0142\u00f3wna\",\"item\":\"https:\/\/kamexbhp.pl\/sklep\/\"},{\"@type\":\"ListItem\",\"position\":2,\"name\":\"Sklep\",\"item\":\"https:\/\/kamexbhp.pl\/sklep\/sklep\/\"},{\"@type\":\"ListItem\",\"position\":3,\"name\":\"PLANAM BUNDHOSE Highline\"}]},{\"@type\":\"WebSite\",\"@id\":\"https:\/\/kamexbhp.pl\/sklep\/#website\",\"url\":\"https:\/\/kamexbhp.pl\/sklep\/\",\"name\":\"KAMEX BHP - SKLEP INTERNETOWY Z ARTYKU\u0141AMI BHP NAJWY\u017bSZEJ JAKO\u015aCI\",\"description\":\"Artuku\u0142y BHP najwy\u017cszej jako\u015bci!\",\"publisher\":{\"@id\":\"https:\/\/kamexbhp.pl\/sklep\/#organization\"},\"potentialAction\":[{\"@type\":\"SearchAction\",\"target\":{\"@type\":\"EntryPoint\",\"urlTemplate\":\"https:\/\/kamexbhp.pl\/sklep\/?s={search_term_string}\"},\"query-input\":{\"@type\":\"PropertyValueSpecification\",\"valueRequired\":true,\"valueName\":\"search_term_string\"}}],\"inLanguage\":\"pl-PL\"},{\"@type\":\"Organization\",\"@id\":\"https:\/\/kamexbhp.pl\/sklep\/#organization\",\"name\":\"KAMEX-BHP - SKLEP BHP - Odzie\u017c i obuwie robocze\",\"url\":\"https:\/\/kamexbhp.pl\/sklep\/\",\"logo\":{\"@type\":\"ImageObject\",\"inLanguage\":\"pl-PL\",\"@id\":\"https:\/\/kamexbhp.pl\/sklep\/#\/schema\/logo\/image\/\",\"url\":\"https:\/\/kamexbhp.pl\/sklep\/wp-content\/uploads\/2025\/01\/KAMEX-BHP-Logo-1080-x-1080.png\",\"contentUrl\":\"https:\/\/kamexbhp.pl\/sklep\/wp-content\/uploads\/2025\/01\/KAMEX-BHP-Logo-1080-x-1080.png\",\"width\":1080,\"height\":1080,\"caption\":\"KAMEX-BHP - SKLEP BHP - Odzie\u017c i obuwie robocze\"},\"image\":{\"@id\":\"https:\/\/kamexbhp.pl\/sklep\/#\/schema\/logo\/image\/\"},\"sameAs\":[\"https:\/\/www.facebook.com\/bhp.kamex\",\"https:\/\/www.instagram.com\/kamexbhp\/\"]}]}<\/script>\n<!-- \/ Yoast SEO plugin. -->","yoast_head_json":{"title":"PLANAM BUNDHOSE Highline - KAMEX BHP - SKLEP INTERNETOWY Z ARTYKU\u0141AMI BHP NAJWY\u017bSZEJ JAKO\u015aCI","robots":{"index":"index","follow":"follow","max-snippet":"max-snippet:-1","max-image-preview":"max-image-preview:large","max-video-preview":"max-video-preview:-1"},"canonical":"https:\/\/kamexbhp.pl\/sklep\/produkt\/planam-bundhose-highline\/","og_locale":"pl_PL","og_type":"article","og_title":"PLANAM BUNDHOSE Highline - KAMEX BHP - SKLEP INTERNETOWY Z ARTYKU\u0141AMI BHP NAJWY\u017bSZEJ JAKO\u015aCI","og_description":"Zainwestuj w spodnie PLANAM BUNDHOSE i przekonaj si\u0119, jak mo\u017ce poprawi\u0107 si\u0119 Twoje codzienne funkcjonowanie w pracy. Odzie\u017c ta to nie tylko ochrona, ale r\u00f3wnie\u017c pewno\u015b\u0107, \u017ce ka\u017cdy dzie\u0144 w pracy b\u0119dzie bezpieczny i komfortowy.  Sprawd\u017a nasz\u0105 ofert\u0119 i wybierz spodnie robocze PLANAM BUNDHOSE dopasowane do Twoich potrzeb. Niezale\u017cnie od bran\u017cy, w kt\u00f3rej pracujesz \u2013 mamy rozwi\u0105zania dla Ciebie!","og_url":"https:\/\/kamexbhp.pl\/sklep\/produkt\/planam-bundhose-highline\/","og_site_name":"KAMEX BHP - SKLEP INTERNETOWY Z ARTYKU\u0141AMI BHP NAJWY\u017bSZEJ JAKO\u015aCI","article_publisher":"https:\/\/www.facebook.com\/bhp.kamex","article_modified_time":"2024-09-21T07:50:49+00:00","og_image":[{"width":500,"height":749,"url":"https:\/\/kamexbhp.pl\/sklep\/wp-content\/uploads\/2024\/08\/pobierz-1.png","type":"image\/png"}],"twitter_card":"summary_large_image","twitter_misc":{"Szacowany czas czytania":"2 minuty"},"schema":{"@context":"https:\/\/schema.org","@graph":[{"@type":"WebPage","@id":"https:\/\/kamexbhp.pl\/sklep\/produkt\/planam-bundhose-highline\/","url":"https:\/\/kamexbhp.pl\/sklep\/produkt\/planam-bundhose-highline\/","name":"PLANAM BUNDHOSE Highline - KAMEX BHP - SKLEP INTERNETOWY Z ARTYKU\u0141AMI BHP NAJWY\u017bSZEJ JAKO\u015aCI","isPartOf":{"@id":"https:\/\/kamexbhp.pl\/sklep\/#website"},"primaryImageOfPage":{"@id":"https:\/\/kamexbhp.pl\/sklep\/produkt\/planam-bundhose-highline\/#primaryimage"},"image":{"@id":"https:\/\/kamexbhp.pl\/sklep\/produkt\/planam-bundhose-highline\/#primaryimage"},"thumbnailUrl":"https:\/\/kamexbhp.pl\/sklep\/wp-content\/uploads\/2024\/08\/pobierz-1.png","datePublished":"2024-08-28T13:30:28+00:00","dateModified":"2024-09-21T07:50:49+00:00","breadcrumb":{"@id":"https:\/\/kamexbhp.pl\/sklep\/produkt\/planam-bundhose-highline\/#breadcrumb"},"inLanguage":"pl-PL","potentialAction":[{"@type":"ReadAction","target":["https:\/\/kamexbhp.pl\/sklep\/produkt\/planam-bundhose-highline\/"]}]},{"@type":"ImageObject","inLanguage":"pl-PL","@id":"https:\/\/kamexbhp.pl\/sklep\/produkt\/planam-bundhose-highline\/#primaryimage","url":"https:\/\/kamexbhp.pl\/sklep\/wp-content\/uploads\/2024\/08\/pobierz-1.png","contentUrl":"https:\/\/kamexbhp.pl\/sklep\/wp-content\/uploads\/2024\/08\/pobierz-1.png","width":500,"height":749},{"@type":"BreadcrumbList","@id":"https:\/\/kamexbhp.pl\/sklep\/produkt\/planam-bundhose-highline\/#breadcrumb","itemListElement":[{"@type":"ListItem","position":1,"name":"Strona g\u0142\u00f3wna","item":"https:\/\/kamexbhp.pl\/sklep\/"},{"@type":"ListItem","position":2,"name":"Sklep","item":"https:\/\/kamexbhp.pl\/sklep\/sklep\/"},{"@type":"ListItem","position":3,"name":"PLANAM BUNDHOSE Highline"}]},{"@type":"WebSite","@id":"https:\/\/kamexbhp.pl\/sklep\/#website","url":"https:\/\/kamexbhp.pl\/sklep\/","name":"KAMEX BHP - SKLEP INTERNETOWY Z ARTYKU\u0141AMI BHP NAJWY\u017bSZEJ JAKO\u015aCI","description":"Artuku\u0142y BHP najwy\u017cszej jako\u015bci!","publisher":{"@id":"https:\/\/kamexbhp.pl\/sklep\/#organization"},"potentialAction":[{"@type":"SearchAction","target":{"@type":"EntryPoint","urlTemplate":"https:\/\/kamexbhp.pl\/sklep\/?s={search_term_string}"},"query-input":{"@type":"PropertyValueSpecification","valueRequired":true,"valueName":"search_term_string"}}],"inLanguage":"pl-PL"},{"@type":"Organization","@id":"https:\/\/kamexbhp.pl\/sklep\/#organization","name":"KAMEX-BHP - SKLEP BHP - Odzie\u017c i obuwie robocze","url":"https:\/\/kamexbhp.pl\/sklep\/","logo":{"@type":"ImageObject","inLanguage":"pl-PL","@id":"https:\/\/kamexbhp.pl\/sklep\/#\/schema\/logo\/image\/","url":"https:\/\/kamexbhp.pl\/sklep\/wp-content\/uploads\/2025\/01\/KAMEX-BHP-Logo-1080-x-1080.png","contentUrl":"https:\/\/kamexbhp.pl\/sklep\/wp-content\/uploads\/2025\/01\/KAMEX-BHP-Logo-1080-x-1080.png","width":1080,"height":1080,"caption":"KAMEX-BHP - SKLEP BHP - Odzie\u017c i obuwie robocze"},"image":{"@id":"https:\/\/kamexbhp.pl\/sklep\/#\/schema\/logo\/image\/"},"sameAs":["https:\/\/www.facebook.com\/bhp.kamex","https:\/\/www.instagram.com\/kamexbhp\/"]}]}},"_links":{"self":[{"href":"https:\/\/kamexbhp.pl\/sklep\/wp-json\/wp\/v2\/product\/5460","targetHints":{"allow":["GET"]}}],"collection":[{"href":"https:\/\/kamexbhp.pl\/sklep\/wp-json\/wp\/v2\/product"}],"about":[{"href":"https:\/\/kamexbhp.pl\/sklep\/wp-json\/wp\/v2\/types\/product"}],"replies":[{"embeddable":true,"href":"https:\/\/kamexbhp.pl\/sklep\/wp-json\/wp\/v2\/comments?post=5460"}],"version-history":[{"count":1,"href":"https:\/\/kamexbhp.pl\/sklep\/wp-json\/wp\/v2\/product\/5460\/revisions"}],"predecessor-version":[{"id":5678,"href":"https:\/\/kamexbhp.pl\/sklep\/wp-json\/wp\/v2\/product\/5460\/revisions\/5678"}],"wp:featuredmedia":[{"embeddable":true,"href":"https:\/\/kamexbhp.pl\/sklep\/wp-json\/wp\/v2\/media\/5461"}],"wp:attachment":[{"href":"https:\/\/kamexbhp.pl\/sklep\/wp-json\/wp\/v2\/media?parent=5460"}],"wp:term":[{"taxonomy":"product_brand","embeddable":true,"href":"https:\/\/kamexbhp.pl\/sklep\/wp-json\/wp\/v2\/product_brand?post=5460"},{"taxonomy":"product_cat","embeddable":true,"href":"https:\/\/kamexbhp.pl\/sklep\/wp-json\/wp\/v2\/product_cat?post=5460"},{"taxonomy":"product_tag","embeddable":true,"href":"https:\/\/kamexbhp.pl\/sklep\/wp-json\/wp\/v2\/product_tag?post=5460"}],"curies":[{"name":"wp","href":"https:\/\/api.w.org\/{rel}","templated":true}]}}