{"id":3912,"date":"2021-11-13T20:32:02","date_gmt":"2021-11-13T19:32:02","guid":{"rendered":"http:\/\/kamex.twojprojekt.eu\/sklep\/?post_type=product&#038;p=3912"},"modified":"2025-02-19T10:34:40","modified_gmt":"2025-02-19T09:34:40","slug":"protekt-szelki-bezpieczenstwa-p-03s","status":"publish","type":"product","link":"https:\/\/kamexbhp.pl\/sklep\/produkt\/protekt-szelki-bezpieczenstwa-p-03s\/","title":{"rendered":"PROTEKT Szelki bezpiecze\u0144stwa P-03S"},"content":{"rendered":"<h2>Specyfikacja techniczna<\/h2>\n<table width=\"344\">\n<tbody>\n<tr>\n<td width=\"203\">Waga<\/td>\n<td width=\"141\">730 g<\/td>\n<\/tr>\n<tr>\n<td>Rozmiar<\/td>\n<td>S, M &#8211; XL XXL, XXXL<\/td>\n<\/tr>\n<tr>\n<td>Kolor<\/td>\n<td>\u017c\u00f3\u0142to-niebieski<\/td>\n<\/tr>\n<tr>\n<td><\/td>\n<td><\/td>\n<\/tr>\n<tr>\n<td>Ta\u015bmy<\/td>\n<td><\/td>\n<\/tr>\n<tr>\n<td>Materia\u0142<\/td>\n<td>poliester<\/td>\n<\/tr>\n<tr>\n<td>Szeroko\u015b\u0107<\/td>\n<td>45 mm<\/td>\n<\/tr>\n<tr>\n<td><\/td>\n<td><\/td>\n<\/tr>\n<tr>\n<td>Nici<\/td>\n<td><\/td>\n<\/tr>\n<tr>\n<td>Materia\u0142<\/td>\n<td>poliester<\/td>\n<\/tr>\n<tr>\n<td><\/td>\n<td><\/td>\n<\/tr>\n<tr>\n<td>Klamry spinaj\u0105co-regulacyjne<\/td>\n<td><\/td>\n<\/tr>\n<tr>\n<td>Materia\u0142<\/td>\n<td>stal ocynkowana<\/td>\n<\/tr>\n<tr>\n<td><\/td>\n<td><\/td>\n<\/tr>\n<tr>\n<td>Klamry regulacyjne<\/td>\n<td><\/td>\n<\/tr>\n<tr>\n<td>Materia\u0142<\/td>\n<td>stal ocynkowana<\/td>\n<\/tr>\n<tr>\n<td>Typ<\/td>\n<td>klamra manualna<\/td>\n<\/tr>\n<tr>\n<td><\/td>\n<td><\/td>\n<\/tr>\n<tr>\n<td>Klamry zaczepowe<\/td>\n<td><\/td>\n<\/tr>\n<tr>\n<td>Materia\u0142<\/td>\n<td>stal ocynkowana<\/td>\n<\/tr>\n<tr>\n<td><\/td>\n<td><\/td>\n<\/tr>\n<tr>\n<td>Klamra piersiowa<\/td>\n<td><\/td>\n<\/tr>\n<tr>\n<td>Materia\u0142<\/td>\n<td>tworzywo sztuczne<\/td>\n<\/tr>\n<\/tbody>\n<\/table>\n","protected":false},"excerpt":{"rendered":"<p><strong>Czas realizacji zam\u00f3wienia: 4 &#8211; 14 dni robocze<\/strong><\/p>\n","protected":false},"featured_media":3914,"comment_status":"open","ping_status":"closed","template":"","meta":[],"product_brand":[],"product_cat":[309],"product_tag":[],"class_list":{"0":"post-3912","1":"product","2":"type-product","3":"status-publish","4":"has-post-thumbnail","6":"product_cat-sprzet-alpinistyczny","8":"first","9":"onbackorder","10":"taxable","11":"shipping-taxable","12":"purchasable","13":"product-type-simple"},"yoast_head":"<!-- This site is optimized with the Yoast SEO plugin v25.6 - https:\/\/yoast.com\/wordpress\/plugins\/seo\/ -->\n<title>PROTEKT Szelki bezpiecze\u0144stwa P-03S - KAMEX BHP - SKLEP INTERNETOWY Z ARTYKU\u0141AMI BHP NAJWY\u017bSZEJ JAKO\u015aCI<\/title>\n<meta name=\"robots\" content=\"index, follow, max-snippet:-1, max-image-preview:large, max-video-preview:-1\" \/>\n<link rel=\"canonical\" href=\"https:\/\/kamexbhp.pl\/sklep\/produkt\/protekt-szelki-bezpieczenstwa-p-03s\/\" \/>\n<meta property=\"og:locale\" content=\"pl_PL\" \/>\n<meta property=\"og:type\" content=\"article\" \/>\n<meta property=\"og:title\" content=\"PROTEKT Szelki bezpiecze\u0144stwa P-03S - KAMEX BHP - SKLEP INTERNETOWY Z ARTYKU\u0141AMI BHP NAJWY\u017bSZEJ JAKO\u015aCI\" \/>\n<meta property=\"og:description\" content=\"Czas realizacji zam\u00f3wienia: 4 - 14 dni robocze\" \/>\n<meta property=\"og:url\" content=\"https:\/\/kamexbhp.pl\/sklep\/produkt\/protekt-szelki-bezpieczenstwa-p-03s\/\" \/>\n<meta property=\"og:site_name\" content=\"KAMEX BHP - SKLEP INTERNETOWY Z ARTYKU\u0141AMI BHP NAJWY\u017bSZEJ JAKO\u015aCI\" \/>\n<meta property=\"article:publisher\" content=\"https:\/\/www.facebook.com\/bhp.kamex\" \/>\n<meta property=\"article:modified_time\" content=\"2025-02-19T09:34:40+00:00\" \/>\n<meta property=\"og:image\" content=\"https:\/\/kamexbhp.pl\/sklep\/wp-content\/uploads\/2021\/11\/AB10302.jpeg\" \/>\n\t<meta property=\"og:image:width\" content=\"1000\" \/>\n\t<meta property=\"og:image:height\" content=\"1000\" \/>\n\t<meta property=\"og:image:type\" content=\"image\/jpeg\" \/>\n<meta name=\"twitter:card\" content=\"summary_large_image\" \/>\n<meta name=\"twitter:label1\" content=\"Szacowany czas czytania\" \/>\n\t<meta name=\"twitter:data1\" content=\"1 minuta\" \/>\n<script type=\"application\/ld+json\" class=\"yoast-schema-graph\">{\"@context\":\"https:\/\/schema.org\",\"@graph\":[{\"@type\":\"WebPage\",\"@id\":\"https:\/\/kamexbhp.pl\/sklep\/produkt\/protekt-szelki-bezpieczenstwa-p-03s\/\",\"url\":\"https:\/\/kamexbhp.pl\/sklep\/produkt\/protekt-szelki-bezpieczenstwa-p-03s\/\",\"name\":\"PROTEKT Szelki bezpiecze\u0144stwa P-03S - KAMEX BHP - SKLEP INTERNETOWY Z ARTYKU\u0141AMI BHP NAJWY\u017bSZEJ JAKO\u015aCI\",\"isPartOf\":{\"@id\":\"https:\/\/kamexbhp.pl\/sklep\/#website\"},\"primaryImageOfPage\":{\"@id\":\"https:\/\/kamexbhp.pl\/sklep\/produkt\/protekt-szelki-bezpieczenstwa-p-03s\/#primaryimage\"},\"image\":{\"@id\":\"https:\/\/kamexbhp.pl\/sklep\/produkt\/protekt-szelki-bezpieczenstwa-p-03s\/#primaryimage\"},\"thumbnailUrl\":\"https:\/\/kamexbhp.pl\/sklep\/wp-content\/uploads\/2021\/11\/AB10302.jpeg\",\"datePublished\":\"2021-11-13T19:32:02+00:00\",\"dateModified\":\"2025-02-19T09:34:40+00:00\",\"breadcrumb\":{\"@id\":\"https:\/\/kamexbhp.pl\/sklep\/produkt\/protekt-szelki-bezpieczenstwa-p-03s\/#breadcrumb\"},\"inLanguage\":\"pl-PL\",\"potentialAction\":[{\"@type\":\"ReadAction\",\"target\":[\"https:\/\/kamexbhp.pl\/sklep\/produkt\/protekt-szelki-bezpieczenstwa-p-03s\/\"]}]},{\"@type\":\"ImageObject\",\"inLanguage\":\"pl-PL\",\"@id\":\"https:\/\/kamexbhp.pl\/sklep\/produkt\/protekt-szelki-bezpieczenstwa-p-03s\/#primaryimage\",\"url\":\"https:\/\/kamexbhp.pl\/sklep\/wp-content\/uploads\/2021\/11\/AB10302.jpeg\",\"contentUrl\":\"https:\/\/kamexbhp.pl\/sklep\/wp-content\/uploads\/2021\/11\/AB10302.jpeg\",\"width\":1000,\"height\":1000},{\"@type\":\"BreadcrumbList\",\"@id\":\"https:\/\/kamexbhp.pl\/sklep\/produkt\/protekt-szelki-bezpieczenstwa-p-03s\/#breadcrumb\",\"itemListElement\":[{\"@type\":\"ListItem\",\"position\":1,\"name\":\"Strona g\u0142\u00f3wna\",\"item\":\"https:\/\/kamexbhp.pl\/sklep\/\"},{\"@type\":\"ListItem\",\"position\":2,\"name\":\"Sklep\",\"item\":\"https:\/\/kamexbhp.pl\/sklep\/sklep\/\"},{\"@type\":\"ListItem\",\"position\":3,\"name\":\"PROTEKT Szelki bezpiecze\u0144stwa P-03S\"}]},{\"@type\":\"WebSite\",\"@id\":\"https:\/\/kamexbhp.pl\/sklep\/#website\",\"url\":\"https:\/\/kamexbhp.pl\/sklep\/\",\"name\":\"KAMEX BHP - SKLEP INTERNETOWY Z ARTYKU\u0141AMI BHP NAJWY\u017bSZEJ JAKO\u015aCI\",\"description\":\"Artuku\u0142y BHP najwy\u017cszej jako\u015bci!\",\"publisher\":{\"@id\":\"https:\/\/kamexbhp.pl\/sklep\/#organization\"},\"potentialAction\":[{\"@type\":\"SearchAction\",\"target\":{\"@type\":\"EntryPoint\",\"urlTemplate\":\"https:\/\/kamexbhp.pl\/sklep\/?s={search_term_string}\"},\"query-input\":{\"@type\":\"PropertyValueSpecification\",\"valueRequired\":true,\"valueName\":\"search_term_string\"}}],\"inLanguage\":\"pl-PL\"},{\"@type\":\"Organization\",\"@id\":\"https:\/\/kamexbhp.pl\/sklep\/#organization\",\"name\":\"KAMEX-BHP - SKLEP BHP - Odzie\u017c i obuwie robocze\",\"url\":\"https:\/\/kamexbhp.pl\/sklep\/\",\"logo\":{\"@type\":\"ImageObject\",\"inLanguage\":\"pl-PL\",\"@id\":\"https:\/\/kamexbhp.pl\/sklep\/#\/schema\/logo\/image\/\",\"url\":\"https:\/\/kamexbhp.pl\/sklep\/wp-content\/uploads\/2025\/01\/KAMEX-BHP-Logo-1080-x-1080.png\",\"contentUrl\":\"https:\/\/kamexbhp.pl\/sklep\/wp-content\/uploads\/2025\/01\/KAMEX-BHP-Logo-1080-x-1080.png\",\"width\":1080,\"height\":1080,\"caption\":\"KAMEX-BHP - SKLEP BHP - Odzie\u017c i obuwie robocze\"},\"image\":{\"@id\":\"https:\/\/kamexbhp.pl\/sklep\/#\/schema\/logo\/image\/\"},\"sameAs\":[\"https:\/\/www.facebook.com\/bhp.kamex\",\"https:\/\/www.instagram.com\/kamexbhp\/\"]}]}<\/script>\n<!-- \/ Yoast SEO plugin. -->","yoast_head_json":{"title":"PROTEKT Szelki bezpiecze\u0144stwa P-03S - KAMEX BHP - SKLEP INTERNETOWY Z ARTYKU\u0141AMI BHP NAJWY\u017bSZEJ JAKO\u015aCI","robots":{"index":"index","follow":"follow","max-snippet":"max-snippet:-1","max-image-preview":"max-image-preview:large","max-video-preview":"max-video-preview:-1"},"canonical":"https:\/\/kamexbhp.pl\/sklep\/produkt\/protekt-szelki-bezpieczenstwa-p-03s\/","og_locale":"pl_PL","og_type":"article","og_title":"PROTEKT Szelki bezpiecze\u0144stwa P-03S - KAMEX BHP - SKLEP INTERNETOWY Z ARTYKU\u0141AMI BHP NAJWY\u017bSZEJ JAKO\u015aCI","og_description":"Czas realizacji zam\u00f3wienia: 4 - 14 dni robocze","og_url":"https:\/\/kamexbhp.pl\/sklep\/produkt\/protekt-szelki-bezpieczenstwa-p-03s\/","og_site_name":"KAMEX BHP - SKLEP INTERNETOWY Z ARTYKU\u0141AMI BHP NAJWY\u017bSZEJ JAKO\u015aCI","article_publisher":"https:\/\/www.facebook.com\/bhp.kamex","article_modified_time":"2025-02-19T09:34:40+00:00","og_image":[{"width":1000,"height":1000,"url":"https:\/\/kamexbhp.pl\/sklep\/wp-content\/uploads\/2021\/11\/AB10302.jpeg","type":"image\/jpeg"}],"twitter_card":"summary_large_image","twitter_misc":{"Szacowany czas czytania":"1 minuta"},"schema":{"@context":"https:\/\/schema.org","@graph":[{"@type":"WebPage","@id":"https:\/\/kamexbhp.pl\/sklep\/produkt\/protekt-szelki-bezpieczenstwa-p-03s\/","url":"https:\/\/kamexbhp.pl\/sklep\/produkt\/protekt-szelki-bezpieczenstwa-p-03s\/","name":"PROTEKT Szelki bezpiecze\u0144stwa P-03S - KAMEX BHP - SKLEP INTERNETOWY Z ARTYKU\u0141AMI BHP NAJWY\u017bSZEJ JAKO\u015aCI","isPartOf":{"@id":"https:\/\/kamexbhp.pl\/sklep\/#website"},"primaryImageOfPage":{"@id":"https:\/\/kamexbhp.pl\/sklep\/produkt\/protekt-szelki-bezpieczenstwa-p-03s\/#primaryimage"},"image":{"@id":"https:\/\/kamexbhp.pl\/sklep\/produkt\/protekt-szelki-bezpieczenstwa-p-03s\/#primaryimage"},"thumbnailUrl":"https:\/\/kamexbhp.pl\/sklep\/wp-content\/uploads\/2021\/11\/AB10302.jpeg","datePublished":"2021-11-13T19:32:02+00:00","dateModified":"2025-02-19T09:34:40+00:00","breadcrumb":{"@id":"https:\/\/kamexbhp.pl\/sklep\/produkt\/protekt-szelki-bezpieczenstwa-p-03s\/#breadcrumb"},"inLanguage":"pl-PL","potentialAction":[{"@type":"ReadAction","target":["https:\/\/kamexbhp.pl\/sklep\/produkt\/protekt-szelki-bezpieczenstwa-p-03s\/"]}]},{"@type":"ImageObject","inLanguage":"pl-PL","@id":"https:\/\/kamexbhp.pl\/sklep\/produkt\/protekt-szelki-bezpieczenstwa-p-03s\/#primaryimage","url":"https:\/\/kamexbhp.pl\/sklep\/wp-content\/uploads\/2021\/11\/AB10302.jpeg","contentUrl":"https:\/\/kamexbhp.pl\/sklep\/wp-content\/uploads\/2021\/11\/AB10302.jpeg","width":1000,"height":1000},{"@type":"BreadcrumbList","@id":"https:\/\/kamexbhp.pl\/sklep\/produkt\/protekt-szelki-bezpieczenstwa-p-03s\/#breadcrumb","itemListElement":[{"@type":"ListItem","position":1,"name":"Strona g\u0142\u00f3wna","item":"https:\/\/kamexbhp.pl\/sklep\/"},{"@type":"ListItem","position":2,"name":"Sklep","item":"https:\/\/kamexbhp.pl\/sklep\/sklep\/"},{"@type":"ListItem","position":3,"name":"PROTEKT Szelki bezpiecze\u0144stwa P-03S"}]},{"@type":"WebSite","@id":"https:\/\/kamexbhp.pl\/sklep\/#website","url":"https:\/\/kamexbhp.pl\/sklep\/","name":"KAMEX BHP - SKLEP INTERNETOWY Z ARTYKU\u0141AMI BHP NAJWY\u017bSZEJ JAKO\u015aCI","description":"Artuku\u0142y BHP najwy\u017cszej jako\u015bci!","publisher":{"@id":"https:\/\/kamexbhp.pl\/sklep\/#organization"},"potentialAction":[{"@type":"SearchAction","target":{"@type":"EntryPoint","urlTemplate":"https:\/\/kamexbhp.pl\/sklep\/?s={search_term_string}"},"query-input":{"@type":"PropertyValueSpecification","valueRequired":true,"valueName":"search_term_string"}}],"inLanguage":"pl-PL"},{"@type":"Organization","@id":"https:\/\/kamexbhp.pl\/sklep\/#organization","name":"KAMEX-BHP - SKLEP BHP - Odzie\u017c i obuwie robocze","url":"https:\/\/kamexbhp.pl\/sklep\/","logo":{"@type":"ImageObject","inLanguage":"pl-PL","@id":"https:\/\/kamexbhp.pl\/sklep\/#\/schema\/logo\/image\/","url":"https:\/\/kamexbhp.pl\/sklep\/wp-content\/uploads\/2025\/01\/KAMEX-BHP-Logo-1080-x-1080.png","contentUrl":"https:\/\/kamexbhp.pl\/sklep\/wp-content\/uploads\/2025\/01\/KAMEX-BHP-Logo-1080-x-1080.png","width":1080,"height":1080,"caption":"KAMEX-BHP - SKLEP BHP - Odzie\u017c i obuwie robocze"},"image":{"@id":"https:\/\/kamexbhp.pl\/sklep\/#\/schema\/logo\/image\/"},"sameAs":["https:\/\/www.facebook.com\/bhp.kamex","https:\/\/www.instagram.com\/kamexbhp\/"]}]}},"_links":{"self":[{"href":"https:\/\/kamexbhp.pl\/sklep\/wp-json\/wp\/v2\/product\/3912","targetHints":{"allow":["GET"]}}],"collection":[{"href":"https:\/\/kamexbhp.pl\/sklep\/wp-json\/wp\/v2\/product"}],"about":[{"href":"https:\/\/kamexbhp.pl\/sklep\/wp-json\/wp\/v2\/types\/product"}],"replies":[{"embeddable":true,"href":"https:\/\/kamexbhp.pl\/sklep\/wp-json\/wp\/v2\/comments?post=3912"}],"version-history":[{"count":2,"href":"https:\/\/kamexbhp.pl\/sklep\/wp-json\/wp\/v2\/product\/3912\/revisions"}],"predecessor-version":[{"id":8303,"href":"https:\/\/kamexbhp.pl\/sklep\/wp-json\/wp\/v2\/product\/3912\/revisions\/8303"}],"wp:featuredmedia":[{"embeddable":true,"href":"https:\/\/kamexbhp.pl\/sklep\/wp-json\/wp\/v2\/media\/3914"}],"wp:attachment":[{"href":"https:\/\/kamexbhp.pl\/sklep\/wp-json\/wp\/v2\/media?parent=3912"}],"wp:term":[{"taxonomy":"product_brand","embeddable":true,"href":"https:\/\/kamexbhp.pl\/sklep\/wp-json\/wp\/v2\/product_brand?post=3912"},{"taxonomy":"product_cat","embeddable":true,"href":"https:\/\/kamexbhp.pl\/sklep\/wp-json\/wp\/v2\/product_cat?post=3912"},{"taxonomy":"product_tag","embeddable":true,"href":"https:\/\/kamexbhp.pl\/sklep\/wp-json\/wp\/v2\/product_tag?post=3912"}],"curies":[{"name":"wp","href":"https:\/\/api.w.org\/{rel}","templated":true}]}}