{"id":3867,"date":"2021-11-11T19:44:32","date_gmt":"2021-11-11T18:44:32","guid":{"rendered":"http:\/\/kamex.twojprojekt.eu\/sklep\/?post_type=product&#038;p=3867"},"modified":"2025-02-19T10:45:41","modified_gmt":"2025-02-19T09:45:41","slug":"protekt-zestaw-powstrzymujacy-upadek-do-pracy-na-rusztowaniach-basic-7h","status":"publish","type":"product","link":"https:\/\/kamexbhp.pl\/sklep\/produkt\/protekt-zestaw-powstrzymujacy-upadek-do-pracy-na-rusztowaniach-basic-7h\/","title":{"rendered":"PROTEKT Zestaw powstrzymuj\u0105cy upadek do pracy na rusztowaniach BASIC 7H"},"content":{"rendered":"<h2>Opis<\/h2>\n<ol>\n<li>szelki bezpiecze\u0144stwa P 30 z przednim i tylnym punktem zaczepowym, rozmiar M-XL lub XXL<\/li>\n<li>amortyzator bezpiecze\u0144stwa ABM SCF podw\u00f3jn\u0105 link\u0105 i zatrza\u015bnikami stalowymi AZ 011 i 2 x AZ 029, d\u0142. ca\u0142kowita 1,5 m<\/li>\n<li>EVO LITE High &#8211; He\u0142m przemys\u0142owy bez otwor\u00f3w wentylacyjnych, kolor czerwony<\/li>\n<li>torba transportowa, wymiary 45 x 38 x 10 cm<\/li>\n<\/ol>\n<h2><\/h2>\n<h2>Specyfikacja techniczna<\/h2>\n<table width=\"511\">\n<tbody>\n<tr>\n<td width=\"355\">Szelki bezpiecze\u0144stwa<\/td>\n<td width=\"156\"><\/td>\n<\/tr>\n<tr>\n<td>Rozmiar<\/td>\n<td>M-XL \/ XXL<\/td>\n<\/tr>\n<tr>\n<td>Szelki bezpiecze\u0144stwa<\/td>\n<td>AB13001<\/td>\n<\/tr>\n<tr>\n<td><\/td>\n<td><\/td>\n<\/tr>\n<tr>\n<td>Pozosta\u0142e<\/td>\n<td><\/td>\n<\/tr>\n<tr>\n<td>Amortyzator bezpiecze\u0144stwa<\/td>\n<td>BW220\/AZ011\/2AZ029<\/td>\n<\/tr>\n<tr>\n<td>He\u0142m<\/td>\n<td>HA00504<\/td>\n<\/tr>\n<tr>\n<td>Torba transportowa<\/td>\n<td>AXT4<\/td>\n<\/tr>\n<\/tbody>\n<\/table>\n","protected":false},"excerpt":{"rendered":"<p><strong>Czas realizacji zam\u00f3wienia: 4 \u2013 14 dni robocze<\/strong><\/p>\n","protected":false},"featured_media":3870,"comment_status":"open","ping_status":"closed","template":"","meta":[],"product_brand":[],"product_cat":[309],"product_tag":[],"class_list":{"0":"post-3867","1":"product","2":"type-product","3":"status-publish","4":"has-post-thumbnail","6":"product_cat-sprzet-alpinistyczny","8":"first","9":"onbackorder","10":"taxable","11":"shipping-taxable","12":"purchasable","13":"product-type-simple"},"yoast_head":"<!-- This site is optimized with the Yoast SEO plugin v25.6 - https:\/\/yoast.com\/wordpress\/plugins\/seo\/ -->\n<title>PROTEKT Zestaw powstrzymuj\u0105cy upadek do pracy na rusztowaniach BASIC 7H - KAMEX BHP - SKLEP INTERNETOWY Z ARTYKU\u0141AMI BHP NAJWY\u017bSZEJ JAKO\u015aCI<\/title>\n<meta name=\"robots\" content=\"index, follow, max-snippet:-1, max-image-preview:large, max-video-preview:-1\" \/>\n<link rel=\"canonical\" href=\"https:\/\/kamexbhp.pl\/sklep\/produkt\/protekt-zestaw-powstrzymujacy-upadek-do-pracy-na-rusztowaniach-basic-7h\/\" \/>\n<meta property=\"og:locale\" content=\"pl_PL\" \/>\n<meta property=\"og:type\" content=\"article\" \/>\n<meta property=\"og:title\" content=\"PROTEKT Zestaw powstrzymuj\u0105cy upadek do pracy na rusztowaniach BASIC 7H - KAMEX BHP - SKLEP INTERNETOWY Z ARTYKU\u0141AMI BHP NAJWY\u017bSZEJ JAKO\u015aCI\" \/>\n<meta property=\"og:description\" content=\"Czas realizacji zam\u00f3wienia: 4 \u2013 14 dni robocze\" \/>\n<meta property=\"og:url\" content=\"https:\/\/kamexbhp.pl\/sklep\/produkt\/protekt-zestaw-powstrzymujacy-upadek-do-pracy-na-rusztowaniach-basic-7h\/\" \/>\n<meta property=\"og:site_name\" content=\"KAMEX BHP - SKLEP INTERNETOWY Z ARTYKU\u0141AMI BHP NAJWY\u017bSZEJ JAKO\u015aCI\" \/>\n<meta property=\"article:publisher\" content=\"https:\/\/www.facebook.com\/bhp.kamex\" \/>\n<meta property=\"article:modified_time\" content=\"2025-02-19T09:45:41+00:00\" \/>\n<meta property=\"og:image\" content=\"https:\/\/kamexbhp.pl\/sklep\/wp-content\/uploads\/2021\/11\/T4_04_torba_zestawy_kask_evolite_red-1.jpeg\" \/>\n\t<meta property=\"og:image:width\" content=\"1000\" \/>\n\t<meta property=\"og:image:height\" content=\"1000\" \/>\n\t<meta property=\"og:image:type\" content=\"image\/jpeg\" \/>\n<meta name=\"twitter:card\" content=\"summary_large_image\" \/>\n<meta name=\"twitter:label1\" content=\"Szacowany czas czytania\" \/>\n\t<meta name=\"twitter:data1\" content=\"1 minuta\" \/>\n<script type=\"application\/ld+json\" class=\"yoast-schema-graph\">{\"@context\":\"https:\/\/schema.org\",\"@graph\":[{\"@type\":\"WebPage\",\"@id\":\"https:\/\/kamexbhp.pl\/sklep\/produkt\/protekt-zestaw-powstrzymujacy-upadek-do-pracy-na-rusztowaniach-basic-7h\/\",\"url\":\"https:\/\/kamexbhp.pl\/sklep\/produkt\/protekt-zestaw-powstrzymujacy-upadek-do-pracy-na-rusztowaniach-basic-7h\/\",\"name\":\"PROTEKT Zestaw powstrzymuj\u0105cy upadek do pracy na rusztowaniach BASIC 7H - KAMEX BHP - SKLEP INTERNETOWY Z ARTYKU\u0141AMI BHP NAJWY\u017bSZEJ JAKO\u015aCI\",\"isPartOf\":{\"@id\":\"https:\/\/kamexbhp.pl\/sklep\/#website\"},\"primaryImageOfPage\":{\"@id\":\"https:\/\/kamexbhp.pl\/sklep\/produkt\/protekt-zestaw-powstrzymujacy-upadek-do-pracy-na-rusztowaniach-basic-7h\/#primaryimage\"},\"image\":{\"@id\":\"https:\/\/kamexbhp.pl\/sklep\/produkt\/protekt-zestaw-powstrzymujacy-upadek-do-pracy-na-rusztowaniach-basic-7h\/#primaryimage\"},\"thumbnailUrl\":\"https:\/\/kamexbhp.pl\/sklep\/wp-content\/uploads\/2021\/11\/T4_04_torba_zestawy_kask_evolite_red-1.jpeg\",\"datePublished\":\"2021-11-11T18:44:32+00:00\",\"dateModified\":\"2025-02-19T09:45:41+00:00\",\"breadcrumb\":{\"@id\":\"https:\/\/kamexbhp.pl\/sklep\/produkt\/protekt-zestaw-powstrzymujacy-upadek-do-pracy-na-rusztowaniach-basic-7h\/#breadcrumb\"},\"inLanguage\":\"pl-PL\",\"potentialAction\":[{\"@type\":\"ReadAction\",\"target\":[\"https:\/\/kamexbhp.pl\/sklep\/produkt\/protekt-zestaw-powstrzymujacy-upadek-do-pracy-na-rusztowaniach-basic-7h\/\"]}]},{\"@type\":\"ImageObject\",\"inLanguage\":\"pl-PL\",\"@id\":\"https:\/\/kamexbhp.pl\/sklep\/produkt\/protekt-zestaw-powstrzymujacy-upadek-do-pracy-na-rusztowaniach-basic-7h\/#primaryimage\",\"url\":\"https:\/\/kamexbhp.pl\/sklep\/wp-content\/uploads\/2021\/11\/T4_04_torba_zestawy_kask_evolite_red-1.jpeg\",\"contentUrl\":\"https:\/\/kamexbhp.pl\/sklep\/wp-content\/uploads\/2021\/11\/T4_04_torba_zestawy_kask_evolite_red-1.jpeg\",\"width\":1000,\"height\":1000},{\"@type\":\"BreadcrumbList\",\"@id\":\"https:\/\/kamexbhp.pl\/sklep\/produkt\/protekt-zestaw-powstrzymujacy-upadek-do-pracy-na-rusztowaniach-basic-7h\/#breadcrumb\",\"itemListElement\":[{\"@type\":\"ListItem\",\"position\":1,\"name\":\"Strona g\u0142\u00f3wna\",\"item\":\"https:\/\/kamexbhp.pl\/sklep\/\"},{\"@type\":\"ListItem\",\"position\":2,\"name\":\"Sklep\",\"item\":\"https:\/\/kamexbhp.pl\/sklep\/sklep\/\"},{\"@type\":\"ListItem\",\"position\":3,\"name\":\"PROTEKT Zestaw powstrzymuj\u0105cy upadek do pracy na rusztowaniach BASIC 7H\"}]},{\"@type\":\"WebSite\",\"@id\":\"https:\/\/kamexbhp.pl\/sklep\/#website\",\"url\":\"https:\/\/kamexbhp.pl\/sklep\/\",\"name\":\"KAMEX BHP - SKLEP INTERNETOWY Z ARTYKU\u0141AMI BHP NAJWY\u017bSZEJ JAKO\u015aCI\",\"description\":\"Artuku\u0142y BHP najwy\u017cszej jako\u015bci!\",\"publisher\":{\"@id\":\"https:\/\/kamexbhp.pl\/sklep\/#organization\"},\"potentialAction\":[{\"@type\":\"SearchAction\",\"target\":{\"@type\":\"EntryPoint\",\"urlTemplate\":\"https:\/\/kamexbhp.pl\/sklep\/?s={search_term_string}\"},\"query-input\":{\"@type\":\"PropertyValueSpecification\",\"valueRequired\":true,\"valueName\":\"search_term_string\"}}],\"inLanguage\":\"pl-PL\"},{\"@type\":\"Organization\",\"@id\":\"https:\/\/kamexbhp.pl\/sklep\/#organization\",\"name\":\"KAMEX-BHP - SKLEP BHP - Odzie\u017c i obuwie robocze\",\"url\":\"https:\/\/kamexbhp.pl\/sklep\/\",\"logo\":{\"@type\":\"ImageObject\",\"inLanguage\":\"pl-PL\",\"@id\":\"https:\/\/kamexbhp.pl\/sklep\/#\/schema\/logo\/image\/\",\"url\":\"https:\/\/kamexbhp.pl\/sklep\/wp-content\/uploads\/2025\/01\/KAMEX-BHP-Logo-1080-x-1080.png\",\"contentUrl\":\"https:\/\/kamexbhp.pl\/sklep\/wp-content\/uploads\/2025\/01\/KAMEX-BHP-Logo-1080-x-1080.png\",\"width\":1080,\"height\":1080,\"caption\":\"KAMEX-BHP - SKLEP BHP - Odzie\u017c i obuwie robocze\"},\"image\":{\"@id\":\"https:\/\/kamexbhp.pl\/sklep\/#\/schema\/logo\/image\/\"},\"sameAs\":[\"https:\/\/www.facebook.com\/bhp.kamex\",\"https:\/\/www.instagram.com\/kamexbhp\/\"]}]}<\/script>\n<!-- \/ Yoast SEO plugin. -->","yoast_head_json":{"title":"PROTEKT Zestaw powstrzymuj\u0105cy upadek do pracy na rusztowaniach BASIC 7H - KAMEX BHP - SKLEP INTERNETOWY Z ARTYKU\u0141AMI BHP NAJWY\u017bSZEJ JAKO\u015aCI","robots":{"index":"index","follow":"follow","max-snippet":"max-snippet:-1","max-image-preview":"max-image-preview:large","max-video-preview":"max-video-preview:-1"},"canonical":"https:\/\/kamexbhp.pl\/sklep\/produkt\/protekt-zestaw-powstrzymujacy-upadek-do-pracy-na-rusztowaniach-basic-7h\/","og_locale":"pl_PL","og_type":"article","og_title":"PROTEKT Zestaw powstrzymuj\u0105cy upadek do pracy na rusztowaniach BASIC 7H - KAMEX BHP - SKLEP INTERNETOWY Z ARTYKU\u0141AMI BHP NAJWY\u017bSZEJ JAKO\u015aCI","og_description":"Czas realizacji zam\u00f3wienia: 4 \u2013 14 dni robocze","og_url":"https:\/\/kamexbhp.pl\/sklep\/produkt\/protekt-zestaw-powstrzymujacy-upadek-do-pracy-na-rusztowaniach-basic-7h\/","og_site_name":"KAMEX BHP - SKLEP INTERNETOWY Z ARTYKU\u0141AMI BHP NAJWY\u017bSZEJ JAKO\u015aCI","article_publisher":"https:\/\/www.facebook.com\/bhp.kamex","article_modified_time":"2025-02-19T09:45:41+00:00","og_image":[{"width":1000,"height":1000,"url":"https:\/\/kamexbhp.pl\/sklep\/wp-content\/uploads\/2021\/11\/T4_04_torba_zestawy_kask_evolite_red-1.jpeg","type":"image\/jpeg"}],"twitter_card":"summary_large_image","twitter_misc":{"Szacowany czas czytania":"1 minuta"},"schema":{"@context":"https:\/\/schema.org","@graph":[{"@type":"WebPage","@id":"https:\/\/kamexbhp.pl\/sklep\/produkt\/protekt-zestaw-powstrzymujacy-upadek-do-pracy-na-rusztowaniach-basic-7h\/","url":"https:\/\/kamexbhp.pl\/sklep\/produkt\/protekt-zestaw-powstrzymujacy-upadek-do-pracy-na-rusztowaniach-basic-7h\/","name":"PROTEKT Zestaw powstrzymuj\u0105cy upadek do pracy na rusztowaniach BASIC 7H - KAMEX BHP - SKLEP INTERNETOWY Z ARTYKU\u0141AMI BHP NAJWY\u017bSZEJ JAKO\u015aCI","isPartOf":{"@id":"https:\/\/kamexbhp.pl\/sklep\/#website"},"primaryImageOfPage":{"@id":"https:\/\/kamexbhp.pl\/sklep\/produkt\/protekt-zestaw-powstrzymujacy-upadek-do-pracy-na-rusztowaniach-basic-7h\/#primaryimage"},"image":{"@id":"https:\/\/kamexbhp.pl\/sklep\/produkt\/protekt-zestaw-powstrzymujacy-upadek-do-pracy-na-rusztowaniach-basic-7h\/#primaryimage"},"thumbnailUrl":"https:\/\/kamexbhp.pl\/sklep\/wp-content\/uploads\/2021\/11\/T4_04_torba_zestawy_kask_evolite_red-1.jpeg","datePublished":"2021-11-11T18:44:32+00:00","dateModified":"2025-02-19T09:45:41+00:00","breadcrumb":{"@id":"https:\/\/kamexbhp.pl\/sklep\/produkt\/protekt-zestaw-powstrzymujacy-upadek-do-pracy-na-rusztowaniach-basic-7h\/#breadcrumb"},"inLanguage":"pl-PL","potentialAction":[{"@type":"ReadAction","target":["https:\/\/kamexbhp.pl\/sklep\/produkt\/protekt-zestaw-powstrzymujacy-upadek-do-pracy-na-rusztowaniach-basic-7h\/"]}]},{"@type":"ImageObject","inLanguage":"pl-PL","@id":"https:\/\/kamexbhp.pl\/sklep\/produkt\/protekt-zestaw-powstrzymujacy-upadek-do-pracy-na-rusztowaniach-basic-7h\/#primaryimage","url":"https:\/\/kamexbhp.pl\/sklep\/wp-content\/uploads\/2021\/11\/T4_04_torba_zestawy_kask_evolite_red-1.jpeg","contentUrl":"https:\/\/kamexbhp.pl\/sklep\/wp-content\/uploads\/2021\/11\/T4_04_torba_zestawy_kask_evolite_red-1.jpeg","width":1000,"height":1000},{"@type":"BreadcrumbList","@id":"https:\/\/kamexbhp.pl\/sklep\/produkt\/protekt-zestaw-powstrzymujacy-upadek-do-pracy-na-rusztowaniach-basic-7h\/#breadcrumb","itemListElement":[{"@type":"ListItem","position":1,"name":"Strona g\u0142\u00f3wna","item":"https:\/\/kamexbhp.pl\/sklep\/"},{"@type":"ListItem","position":2,"name":"Sklep","item":"https:\/\/kamexbhp.pl\/sklep\/sklep\/"},{"@type":"ListItem","position":3,"name":"PROTEKT Zestaw powstrzymuj\u0105cy upadek do pracy na rusztowaniach BASIC 7H"}]},{"@type":"WebSite","@id":"https:\/\/kamexbhp.pl\/sklep\/#website","url":"https:\/\/kamexbhp.pl\/sklep\/","name":"KAMEX BHP - SKLEP INTERNETOWY Z ARTYKU\u0141AMI BHP NAJWY\u017bSZEJ JAKO\u015aCI","description":"Artuku\u0142y BHP najwy\u017cszej jako\u015bci!","publisher":{"@id":"https:\/\/kamexbhp.pl\/sklep\/#organization"},"potentialAction":[{"@type":"SearchAction","target":{"@type":"EntryPoint","urlTemplate":"https:\/\/kamexbhp.pl\/sklep\/?s={search_term_string}"},"query-input":{"@type":"PropertyValueSpecification","valueRequired":true,"valueName":"search_term_string"}}],"inLanguage":"pl-PL"},{"@type":"Organization","@id":"https:\/\/kamexbhp.pl\/sklep\/#organization","name":"KAMEX-BHP - SKLEP BHP - Odzie\u017c i obuwie robocze","url":"https:\/\/kamexbhp.pl\/sklep\/","logo":{"@type":"ImageObject","inLanguage":"pl-PL","@id":"https:\/\/kamexbhp.pl\/sklep\/#\/schema\/logo\/image\/","url":"https:\/\/kamexbhp.pl\/sklep\/wp-content\/uploads\/2025\/01\/KAMEX-BHP-Logo-1080-x-1080.png","contentUrl":"https:\/\/kamexbhp.pl\/sklep\/wp-content\/uploads\/2025\/01\/KAMEX-BHP-Logo-1080-x-1080.png","width":1080,"height":1080,"caption":"KAMEX-BHP - SKLEP BHP - Odzie\u017c i obuwie robocze"},"image":{"@id":"https:\/\/kamexbhp.pl\/sklep\/#\/schema\/logo\/image\/"},"sameAs":["https:\/\/www.facebook.com\/bhp.kamex","https:\/\/www.instagram.com\/kamexbhp\/"]}]}},"_links":{"self":[{"href":"https:\/\/kamexbhp.pl\/sklep\/wp-json\/wp\/v2\/product\/3867","targetHints":{"allow":["GET"]}}],"collection":[{"href":"https:\/\/kamexbhp.pl\/sklep\/wp-json\/wp\/v2\/product"}],"about":[{"href":"https:\/\/kamexbhp.pl\/sklep\/wp-json\/wp\/v2\/types\/product"}],"replies":[{"embeddable":true,"href":"https:\/\/kamexbhp.pl\/sklep\/wp-json\/wp\/v2\/comments?post=3867"}],"version-history":[{"count":3,"href":"https:\/\/kamexbhp.pl\/sklep\/wp-json\/wp\/v2\/product\/3867\/revisions"}],"predecessor-version":[{"id":8309,"href":"https:\/\/kamexbhp.pl\/sklep\/wp-json\/wp\/v2\/product\/3867\/revisions\/8309"}],"wp:featuredmedia":[{"embeddable":true,"href":"https:\/\/kamexbhp.pl\/sklep\/wp-json\/wp\/v2\/media\/3870"}],"wp:attachment":[{"href":"https:\/\/kamexbhp.pl\/sklep\/wp-json\/wp\/v2\/media?parent=3867"}],"wp:term":[{"taxonomy":"product_brand","embeddable":true,"href":"https:\/\/kamexbhp.pl\/sklep\/wp-json\/wp\/v2\/product_brand?post=3867"},{"taxonomy":"product_cat","embeddable":true,"href":"https:\/\/kamexbhp.pl\/sklep\/wp-json\/wp\/v2\/product_cat?post=3867"},{"taxonomy":"product_tag","embeddable":true,"href":"https:\/\/kamexbhp.pl\/sklep\/wp-json\/wp\/v2\/product_tag?post=3867"}],"curies":[{"name":"wp","href":"https:\/\/api.w.org\/{rel}","templated":true}]}}