{"id":3208,"date":"2021-10-26T17:26:34","date_gmt":"2021-10-26T15:26:34","guid":{"rendered":"http:\/\/kamex.twojprojekt.eu\/sklep\/?post_type=product&#038;p=3208"},"modified":"2026-01-29T14:06:50","modified_gmt":"2026-01-29T13:06:50","slug":"bearfield-trzewik-k14-s3-src","status":"publish","type":"product","link":"https:\/\/kamexbhp.pl\/sklep\/produkt\/bearfield-trzewik-k14-s3-src\/","title":{"rendered":"BEARFIELD TRZEWIK K14 S3 SRC"},"content":{"rendered":"<h3>Typ obuwia:<\/h3>\n<div class=\"row\">\n<div class=\"col-md-4\">\n<ul>\n<li>trzewik za kostk\u0119,<\/li>\n<\/ul>\n<\/div>\n<div class=\"col-md-4\">\n<h3>Rodzaj zapi\u0119cia:<\/h3>\n<ul>\n<li>wi\u0105zany,<\/li>\n<\/ul>\n<\/div>\n<div class=\"col-md-4\">\n<h3>Kategoria ochrony:<\/h3>\n<ul>\n<li>S3,<\/li>\n<\/ul>\n<\/div>\n<div class=\"col-md-4\">\n<h3>Podnosek:<\/h3>\n<ul>\n<li>kompozytowy, wytrzyma\u0142y na uderzenia z energi\u0105 200 J oraz zgniecenia do 15 kN,<\/li>\n<\/ul>\n<\/div>\n<div class=\"col-md-4\">\n<h3>Wk\u0142adka antyprzebiciowa:<\/h3>\n<ul>\n<li>kevlarowa, zabezpieczaj\u0105ca stop\u0119 przed przek\u0142uciem o nacisku 1100N,<\/li>\n<\/ul>\n<\/div>\n<div class=\"col-md-4\">\n<h3>Wierzchnia cz\u0119\u015b\u0107 buta:<\/h3>\n<ul>\n<li>o podwy\u017cszonej wodoodporno\u015bci,<\/li>\n<li>zapewnia odporno\u015b\u0107 na absorpcj\u0119 wody przez czas 60 min,<\/li>\n<li>sk\u00f3ra nubukowa o grubo\u015bci 1,6 &#8211; 1,8 mm,<\/li>\n<\/ul>\n<\/div>\n<div class=\"col-md-4\">\n<h3>Wierzchnia cz\u0119\u015b\u0107 obuwia w kolorze:<\/h3>\n<ul>\n<li>czarny,<\/li>\n<\/ul>\n<\/div>\n<div class=\"col-md-4\">\n<h3>Kolor nici:<\/h3>\n<ul>\n<li>czarny,<\/li>\n<\/ul>\n<\/div>\n<div class=\"col-md-4\">\n<h3>J\u0119zyk:<\/h3>\n<ul>\n<li>miechowy,<\/li>\n<li>mi\u0119kki i gruby,<\/li>\n<\/ul>\n<\/div>\n<div class=\"col-md-4\">\n<h3>Wy\u015bci\u00f3\u0142ka:<\/h3>\n<ul>\n<li>higroskopijna,<\/li>\n<li>zapobiegaj\u0105ca otarciom,<\/li>\n<li>z przewiewnej tkaniny,<\/li>\n<li>wch\u0142aniaj\u0105ca pot,<\/li>\n<\/ul>\n<\/div>\n<div class=\"col-md-4\">\n<h3>Wk\u0142adka:<\/h3>\n<ul>\n<li>wymienna,<\/li>\n<\/ul>\n<\/div>\n<div class=\"col-md-4\">\n<h3>Podeszwa:<\/h3>\n<ul>\n<li>PU\/TPU,<\/li>\n<li>transparentna,<\/li>\n<\/ul>\n<\/div>\n<div class=\"col-md-4\">\n<h3>W\u0142a\u015bciwo\u015bci podeszwy:<\/h3>\n<ul>\n<li>odporna na w\u0119glowodory,<\/li>\n<li>olejoodporna,<\/li>\n<li>antyelektrostatyczna,<\/li>\n<li>absorpcja energii pi\u0119ty,<\/li>\n<li>posiada w\u0142a\u015bciwo\u015bci antypo\u015blizgowe SRC,<\/li>\n<\/ul>\n<\/div>\n<div class=\"col-md-4\">\n<h3>Dodatki:<\/h3>\n<ul>\n<li>elementy odblaskowe,<\/li>\n<li>drugi komplet sznur\u00f3wek,<\/li>\n<\/ul>\n<\/div>\n<\/div>\n","protected":false},"excerpt":{"rendered":"<p>Typ obuwia: trzewik za kostk\u0119, Rodzaj zapi\u0119cia: wi\u0105zany, Kategoria ochrony: S3, Podnosek: kompozytowy, wytrzyma\u0142y na uderzenia z energi\u0105 200 J oraz zgniecenia do 15 kN, Wk\u0142adka<span class=\"excerpt-hellip\"> [\u2026]<\/span><\/p>\n","protected":false},"featured_media":3210,"comment_status":"open","ping_status":"closed","template":"","meta":[],"product_brand":[1904],"product_cat":[126],"product_tag":[404,416,480,491,403,440,477,481,493,406,417,492,473,482],"class_list":{"0":"post-3208","1":"product","2":"type-product","3":"status-publish","4":"has-post-thumbnail","6":"product_brand-bearfield","7":"product_cat-trzewiki","8":"product_tag-artykuly-bhp","9":"product_tag-artykuly-bhp-opole","10":"product_tag-bearfield","11":"product_tag-bearfield-trzewik-k14-s3-src","12":"product_tag-bhp","13":"product_tag-bhp-opole","14":"product_tag-buty-do-pracy","15":"product_tag-buty-robocze-za-kostke","16":"product_tag-buty-za-kostke","17":"product_tag-sklep-z-artykulami-bhp","18":"product_tag-sklep-z-artykulami-bhp-opole","19":"product_tag-trzewiki-k14-s3-src","20":"product_tag-trzewiki-ocieplane","21":"product_tag-trzewiki-za-kostke","23":"first","24":"instock","25":"taxable","26":"shipping-taxable","27":"purchasable","28":"product-type-variable"},"yoast_head":"<!-- This site is optimized with the Yoast SEO plugin v25.6 - https:\/\/yoast.com\/wordpress\/plugins\/seo\/ -->\n<title>BEARFIELD TRZEWIK K14 S3 SRC - KAMEX BHP - SKLEP INTERNETOWY Z ARTYKU\u0141AMI BHP NAJWY\u017bSZEJ JAKO\u015aCI<\/title>\n<meta name=\"robots\" content=\"index, follow, max-snippet:-1, max-image-preview:large, max-video-preview:-1\" \/>\n<link rel=\"canonical\" href=\"https:\/\/kamexbhp.pl\/sklep\/produkt\/bearfield-trzewik-k14-s3-src\/\" \/>\n<meta property=\"og:locale\" content=\"pl_PL\" \/>\n<meta property=\"og:type\" content=\"article\" \/>\n<meta property=\"og:title\" content=\"BEARFIELD TRZEWIK K14 S3 SRC - KAMEX BHP - SKLEP INTERNETOWY Z ARTYKU\u0141AMI BHP NAJWY\u017bSZEJ JAKO\u015aCI\" \/>\n<meta property=\"og:description\" content=\"Typ obuwia: trzewik za kostk\u0119, Rodzaj zapi\u0119cia: wi\u0105zany, Kategoria ochrony: S3, Podnosek: kompozytowy, wytrzyma\u0142y na uderzenia z energi\u0105 200 J oraz zgniecenia do 15 kN, Wk\u0142adka [\u2026]\" \/>\n<meta property=\"og:url\" content=\"https:\/\/kamexbhp.pl\/sklep\/produkt\/bearfield-trzewik-k14-s3-src\/\" \/>\n<meta property=\"og:site_name\" content=\"KAMEX BHP - SKLEP INTERNETOWY Z ARTYKU\u0141AMI BHP NAJWY\u017bSZEJ JAKO\u015aCI\" \/>\n<meta property=\"article:publisher\" content=\"https:\/\/www.facebook.com\/bhp.kamex\" \/>\n<meta property=\"article:modified_time\" content=\"2026-01-29T13:06:50+00:00\" \/>\n<meta property=\"og:image\" content=\"https:\/\/kamexbhp.pl\/sklep\/wp-content\/uploads\/2021\/10\/bb14-s3_1.jpg\" \/>\n\t<meta property=\"og:image:width\" content=\"1920\" \/>\n\t<meta property=\"og:image:height\" content=\"1660\" \/>\n\t<meta property=\"og:image:type\" content=\"image\/jpeg\" \/>\n<meta name=\"twitter:card\" content=\"summary_large_image\" \/>\n<meta name=\"twitter:label1\" content=\"Szacowany czas czytania\" \/>\n\t<meta name=\"twitter:data1\" content=\"1 minuta\" \/>\n<script type=\"application\/ld+json\" class=\"yoast-schema-graph\">{\"@context\":\"https:\/\/schema.org\",\"@graph\":[{\"@type\":\"WebPage\",\"@id\":\"https:\/\/kamexbhp.pl\/sklep\/produkt\/bearfield-trzewik-k14-s3-src\/\",\"url\":\"https:\/\/kamexbhp.pl\/sklep\/produkt\/bearfield-trzewik-k14-s3-src\/\",\"name\":\"BEARFIELD TRZEWIK K14 S3 SRC - KAMEX BHP - SKLEP INTERNETOWY Z ARTYKU\u0141AMI BHP NAJWY\u017bSZEJ JAKO\u015aCI\",\"isPartOf\":{\"@id\":\"https:\/\/kamexbhp.pl\/sklep\/#website\"},\"primaryImageOfPage\":{\"@id\":\"https:\/\/kamexbhp.pl\/sklep\/produkt\/bearfield-trzewik-k14-s3-src\/#primaryimage\"},\"image\":{\"@id\":\"https:\/\/kamexbhp.pl\/sklep\/produkt\/bearfield-trzewik-k14-s3-src\/#primaryimage\"},\"thumbnailUrl\":\"https:\/\/kamexbhp.pl\/sklep\/wp-content\/uploads\/2021\/10\/bb14-s3_1.jpg\",\"datePublished\":\"2021-10-26T15:26:34+00:00\",\"dateModified\":\"2026-01-29T13:06:50+00:00\",\"breadcrumb\":{\"@id\":\"https:\/\/kamexbhp.pl\/sklep\/produkt\/bearfield-trzewik-k14-s3-src\/#breadcrumb\"},\"inLanguage\":\"pl-PL\",\"potentialAction\":[{\"@type\":\"ReadAction\",\"target\":[\"https:\/\/kamexbhp.pl\/sklep\/produkt\/bearfield-trzewik-k14-s3-src\/\"]}]},{\"@type\":\"ImageObject\",\"inLanguage\":\"pl-PL\",\"@id\":\"https:\/\/kamexbhp.pl\/sklep\/produkt\/bearfield-trzewik-k14-s3-src\/#primaryimage\",\"url\":\"https:\/\/kamexbhp.pl\/sklep\/wp-content\/uploads\/2021\/10\/bb14-s3_1.jpg\",\"contentUrl\":\"https:\/\/kamexbhp.pl\/sklep\/wp-content\/uploads\/2021\/10\/bb14-s3_1.jpg\",\"width\":1920,\"height\":1660},{\"@type\":\"BreadcrumbList\",\"@id\":\"https:\/\/kamexbhp.pl\/sklep\/produkt\/bearfield-trzewik-k14-s3-src\/#breadcrumb\",\"itemListElement\":[{\"@type\":\"ListItem\",\"position\":1,\"name\":\"Strona g\u0142\u00f3wna\",\"item\":\"https:\/\/kamexbhp.pl\/sklep\/\"},{\"@type\":\"ListItem\",\"position\":2,\"name\":\"Sklep\",\"item\":\"https:\/\/kamexbhp.pl\/sklep\/sklep\/\"},{\"@type\":\"ListItem\",\"position\":3,\"name\":\"BEARFIELD TRZEWIK K14 S3 SRC\"}]},{\"@type\":\"WebSite\",\"@id\":\"https:\/\/kamexbhp.pl\/sklep\/#website\",\"url\":\"https:\/\/kamexbhp.pl\/sklep\/\",\"name\":\"KAMEX BHP - SKLEP INTERNETOWY Z ARTYKU\u0141AMI BHP NAJWY\u017bSZEJ JAKO\u015aCI\",\"description\":\"Artuku\u0142y BHP najwy\u017cszej jako\u015bci!\",\"publisher\":{\"@id\":\"https:\/\/kamexbhp.pl\/sklep\/#organization\"},\"potentialAction\":[{\"@type\":\"SearchAction\",\"target\":{\"@type\":\"EntryPoint\",\"urlTemplate\":\"https:\/\/kamexbhp.pl\/sklep\/?s={search_term_string}\"},\"query-input\":{\"@type\":\"PropertyValueSpecification\",\"valueRequired\":true,\"valueName\":\"search_term_string\"}}],\"inLanguage\":\"pl-PL\"},{\"@type\":\"Organization\",\"@id\":\"https:\/\/kamexbhp.pl\/sklep\/#organization\",\"name\":\"KAMEX-BHP - SKLEP BHP - Odzie\u017c i obuwie robocze\",\"url\":\"https:\/\/kamexbhp.pl\/sklep\/\",\"logo\":{\"@type\":\"ImageObject\",\"inLanguage\":\"pl-PL\",\"@id\":\"https:\/\/kamexbhp.pl\/sklep\/#\/schema\/logo\/image\/\",\"url\":\"https:\/\/kamexbhp.pl\/sklep\/wp-content\/uploads\/2025\/01\/KAMEX-BHP-Logo-1080-x-1080.png\",\"contentUrl\":\"https:\/\/kamexbhp.pl\/sklep\/wp-content\/uploads\/2025\/01\/KAMEX-BHP-Logo-1080-x-1080.png\",\"width\":1080,\"height\":1080,\"caption\":\"KAMEX-BHP - SKLEP BHP - Odzie\u017c i obuwie robocze\"},\"image\":{\"@id\":\"https:\/\/kamexbhp.pl\/sklep\/#\/schema\/logo\/image\/\"},\"sameAs\":[\"https:\/\/www.facebook.com\/bhp.kamex\",\"https:\/\/www.instagram.com\/kamexbhp\/\"]}]}<\/script>\n<!-- \/ Yoast SEO plugin. -->","yoast_head_json":{"title":"BEARFIELD TRZEWIK K14 S3 SRC - KAMEX BHP - SKLEP INTERNETOWY Z ARTYKU\u0141AMI BHP NAJWY\u017bSZEJ JAKO\u015aCI","robots":{"index":"index","follow":"follow","max-snippet":"max-snippet:-1","max-image-preview":"max-image-preview:large","max-video-preview":"max-video-preview:-1"},"canonical":"https:\/\/kamexbhp.pl\/sklep\/produkt\/bearfield-trzewik-k14-s3-src\/","og_locale":"pl_PL","og_type":"article","og_title":"BEARFIELD TRZEWIK K14 S3 SRC - KAMEX BHP - SKLEP INTERNETOWY Z ARTYKU\u0141AMI BHP NAJWY\u017bSZEJ JAKO\u015aCI","og_description":"Typ obuwia: trzewik za kostk\u0119, Rodzaj zapi\u0119cia: wi\u0105zany, Kategoria ochrony: S3, Podnosek: kompozytowy, wytrzyma\u0142y na uderzenia z energi\u0105 200 J oraz zgniecenia do 15 kN, Wk\u0142adka [\u2026]","og_url":"https:\/\/kamexbhp.pl\/sklep\/produkt\/bearfield-trzewik-k14-s3-src\/","og_site_name":"KAMEX BHP - SKLEP INTERNETOWY Z ARTYKU\u0141AMI BHP NAJWY\u017bSZEJ JAKO\u015aCI","article_publisher":"https:\/\/www.facebook.com\/bhp.kamex","article_modified_time":"2026-01-29T13:06:50+00:00","og_image":[{"width":1920,"height":1660,"url":"https:\/\/kamexbhp.pl\/sklep\/wp-content\/uploads\/2021\/10\/bb14-s3_1.jpg","type":"image\/jpeg"}],"twitter_card":"summary_large_image","twitter_misc":{"Szacowany czas czytania":"1 minuta"},"schema":{"@context":"https:\/\/schema.org","@graph":[{"@type":"WebPage","@id":"https:\/\/kamexbhp.pl\/sklep\/produkt\/bearfield-trzewik-k14-s3-src\/","url":"https:\/\/kamexbhp.pl\/sklep\/produkt\/bearfield-trzewik-k14-s3-src\/","name":"BEARFIELD TRZEWIK K14 S3 SRC - KAMEX BHP - SKLEP INTERNETOWY Z ARTYKU\u0141AMI BHP NAJWY\u017bSZEJ JAKO\u015aCI","isPartOf":{"@id":"https:\/\/kamexbhp.pl\/sklep\/#website"},"primaryImageOfPage":{"@id":"https:\/\/kamexbhp.pl\/sklep\/produkt\/bearfield-trzewik-k14-s3-src\/#primaryimage"},"image":{"@id":"https:\/\/kamexbhp.pl\/sklep\/produkt\/bearfield-trzewik-k14-s3-src\/#primaryimage"},"thumbnailUrl":"https:\/\/kamexbhp.pl\/sklep\/wp-content\/uploads\/2021\/10\/bb14-s3_1.jpg","datePublished":"2021-10-26T15:26:34+00:00","dateModified":"2026-01-29T13:06:50+00:00","breadcrumb":{"@id":"https:\/\/kamexbhp.pl\/sklep\/produkt\/bearfield-trzewik-k14-s3-src\/#breadcrumb"},"inLanguage":"pl-PL","potentialAction":[{"@type":"ReadAction","target":["https:\/\/kamexbhp.pl\/sklep\/produkt\/bearfield-trzewik-k14-s3-src\/"]}]},{"@type":"ImageObject","inLanguage":"pl-PL","@id":"https:\/\/kamexbhp.pl\/sklep\/produkt\/bearfield-trzewik-k14-s3-src\/#primaryimage","url":"https:\/\/kamexbhp.pl\/sklep\/wp-content\/uploads\/2021\/10\/bb14-s3_1.jpg","contentUrl":"https:\/\/kamexbhp.pl\/sklep\/wp-content\/uploads\/2021\/10\/bb14-s3_1.jpg","width":1920,"height":1660},{"@type":"BreadcrumbList","@id":"https:\/\/kamexbhp.pl\/sklep\/produkt\/bearfield-trzewik-k14-s3-src\/#breadcrumb","itemListElement":[{"@type":"ListItem","position":1,"name":"Strona g\u0142\u00f3wna","item":"https:\/\/kamexbhp.pl\/sklep\/"},{"@type":"ListItem","position":2,"name":"Sklep","item":"https:\/\/kamexbhp.pl\/sklep\/sklep\/"},{"@type":"ListItem","position":3,"name":"BEARFIELD TRZEWIK K14 S3 SRC"}]},{"@type":"WebSite","@id":"https:\/\/kamexbhp.pl\/sklep\/#website","url":"https:\/\/kamexbhp.pl\/sklep\/","name":"KAMEX BHP - SKLEP INTERNETOWY Z ARTYKU\u0141AMI BHP NAJWY\u017bSZEJ JAKO\u015aCI","description":"Artuku\u0142y BHP najwy\u017cszej jako\u015bci!","publisher":{"@id":"https:\/\/kamexbhp.pl\/sklep\/#organization"},"potentialAction":[{"@type":"SearchAction","target":{"@type":"EntryPoint","urlTemplate":"https:\/\/kamexbhp.pl\/sklep\/?s={search_term_string}"},"query-input":{"@type":"PropertyValueSpecification","valueRequired":true,"valueName":"search_term_string"}}],"inLanguage":"pl-PL"},{"@type":"Organization","@id":"https:\/\/kamexbhp.pl\/sklep\/#organization","name":"KAMEX-BHP - SKLEP BHP - Odzie\u017c i obuwie robocze","url":"https:\/\/kamexbhp.pl\/sklep\/","logo":{"@type":"ImageObject","inLanguage":"pl-PL","@id":"https:\/\/kamexbhp.pl\/sklep\/#\/schema\/logo\/image\/","url":"https:\/\/kamexbhp.pl\/sklep\/wp-content\/uploads\/2025\/01\/KAMEX-BHP-Logo-1080-x-1080.png","contentUrl":"https:\/\/kamexbhp.pl\/sklep\/wp-content\/uploads\/2025\/01\/KAMEX-BHP-Logo-1080-x-1080.png","width":1080,"height":1080,"caption":"KAMEX-BHP - SKLEP BHP - Odzie\u017c i obuwie robocze"},"image":{"@id":"https:\/\/kamexbhp.pl\/sklep\/#\/schema\/logo\/image\/"},"sameAs":["https:\/\/www.facebook.com\/bhp.kamex","https:\/\/www.instagram.com\/kamexbhp\/"]}]}},"_links":{"self":[{"href":"https:\/\/kamexbhp.pl\/sklep\/wp-json\/wp\/v2\/product\/3208","targetHints":{"allow":["GET"]}}],"collection":[{"href":"https:\/\/kamexbhp.pl\/sklep\/wp-json\/wp\/v2\/product"}],"about":[{"href":"https:\/\/kamexbhp.pl\/sklep\/wp-json\/wp\/v2\/types\/product"}],"replies":[{"embeddable":true,"href":"https:\/\/kamexbhp.pl\/sklep\/wp-json\/wp\/v2\/comments?post=3208"}],"version-history":[{"count":1,"href":"https:\/\/kamexbhp.pl\/sklep\/wp-json\/wp\/v2\/product\/3208\/revisions"}],"predecessor-version":[{"id":5770,"href":"https:\/\/kamexbhp.pl\/sklep\/wp-json\/wp\/v2\/product\/3208\/revisions\/5770"}],"wp:featuredmedia":[{"embeddable":true,"href":"https:\/\/kamexbhp.pl\/sklep\/wp-json\/wp\/v2\/media\/3210"}],"wp:attachment":[{"href":"https:\/\/kamexbhp.pl\/sklep\/wp-json\/wp\/v2\/media?parent=3208"}],"wp:term":[{"taxonomy":"product_brand","embeddable":true,"href":"https:\/\/kamexbhp.pl\/sklep\/wp-json\/wp\/v2\/product_brand?post=3208"},{"taxonomy":"product_cat","embeddable":true,"href":"https:\/\/kamexbhp.pl\/sklep\/wp-json\/wp\/v2\/product_cat?post=3208"},{"taxonomy":"product_tag","embeddable":true,"href":"https:\/\/kamexbhp.pl\/sklep\/wp-json\/wp\/v2\/product_tag?post=3208"}],"curies":[{"name":"wp","href":"https:\/\/api.w.org\/{rel}","templated":true}]}}