{"id":3056,"date":"2021-10-11T18:58:47","date_gmt":"2021-10-11T16:58:47","guid":{"rendered":"http:\/\/kamex.twojprojekt.eu\/sklep\/?post_type=product&#038;p=3056"},"modified":"2026-01-29T13:51:14","modified_gmt":"2026-01-29T12:51:14","slug":"spodnie-ogrodniczki-topaz","status":"publish","type":"product","link":"https:\/\/kamexbhp.pl\/sklep\/produkt\/spodnie-ogrodniczki-topaz\/","title":{"rendered":"SPODNIE OGRODNICZKI TOPAZ"},"content":{"rendered":"<p>&nbsp;<\/p>\n<div class=\"product-description\">\n<div class=\"row\">\n<div class=\"col-md-4\">\n<h3>Szelki:<\/h3>\n<ul>\n<li>d\u0142ugie, szerokie, regulowane szelki,<\/li>\n<\/ul>\n<\/div>\n<div class=\"col-md-4\">\n<h3>Materia\u0142:<\/h3>\n<ul>\n<li>wykonany z wysokiej jako\u015bci materia\u0142u, kt\u00f3ry nawet po wielokrotnym praniu zapewnia stabilno\u015b\u0107 rozmiar\u00f3w i kolor\u00f3w,<\/li>\n<\/ul>\n<\/div>\n<div class=\"col-md-4\">\n<h3>Budowa\/szycie:<\/h3>\n<ul>\n<li>wzmocnienie z ty\u0142u w miejscu nara\u017conym na przetarcie,<\/li>\n<li>wstawki kolorystyczne,<\/li>\n<li>podw\u00f3jne i potr\u00f3jne szwy, szyte mocn\u0105 nici\u0105,<\/li>\n<li>du\u017ca ilo\u015b\u0107 rygl\u00f3wek w miejscach szczeg\u00f3lnie nara\u017conych na rozprucie,<\/li>\n<li>szlufka na m\u0142otek,<\/li>\n<\/ul>\n<\/div>\n<div class=\"col-md-4\">\n<h3>Kieszenie:<\/h3>\n<ul>\n<li>kiesze\u0144 na zamek<\/li>\n<li>dwie kieszenie w tylnej cz\u0119\u015bci spodni,<\/li>\n<li>przestrzenne kieszenie,<\/li>\n<li>dwie kieszenie boczne,<\/li>\n<li>wzmocnione kieszenie boczne,<\/li>\n<li>kiesze\u0144 na kom\u00f3rk\u0119,<\/li>\n<li>kiesze\u0144 na d\u0142ugopisy,<\/li>\n<li>kiesze\u0144 na dokumenty,<\/li>\n<li>kiesze\u0144 na miark\u0119 \u201emetr\u00f3wk\u0119\u201d,<\/li>\n<li>ergonomiczna kiesze\u0144 na nakolanniki wykonana z OXFORDU,<\/li>\n<\/ul>\n<\/div>\n<div class=\"col-md-4\">\n<h3>Regulacja obwodu:<\/h3>\n<ul>\n<li>mo\u017cliwo\u015b\u0107 regulacji w pasie za pomoc\u0105 guzik\u00f3w,<\/li>\n<\/ul>\n<\/div>\n<\/div>\n<\/div>\n","protected":false},"excerpt":{"rendered":"<p>SEVEN KINGS TOPAZ to r\u00f3wnie\u017c estetyczny design \u2013 klasyczny kr\u00f3j i stonowane kolory pozwalaj\u0105 na profesjonalny wygl\u0105d w ka\u017cdej sytuacji. Spodnie s\u0105 dost\u0119pne w r\u00f3\u017cnych rozmiarach, co zapewnia doskona\u0142e dopasowanie do ka\u017cdej sylwetki.<\/p>\n","protected":false},"featured_media":3058,"comment_status":"open","ping_status":"closed","template":"","meta":[],"product_brand":[1905],"product_cat":[70],"product_tag":[404,416,403,440,508,406,417,505,504,507,452],"class_list":{"0":"post-3056","1":"product","2":"type-product","3":"status-publish","4":"has-post-thumbnail","6":"product_brand-seven-kings","7":"product_cat-ogrodniczki","8":"product_tag-artykuly-bhp","9":"product_tag-artykuly-bhp-opole","10":"product_tag-bhp","11":"product_tag-bhp-opole","12":"product_tag-ogrodniczki-topaz","13":"product_tag-sklep-z-artykulami-bhp","14":"product_tag-sklep-z-artykulami-bhp-opole","15":"product_tag-spodnie-do-pracy","16":"product_tag-spodnie-ogrodniczki","17":"product_tag-spodnie-ogrodniczki-topaz","18":"product_tag-spodnie-robocze","20":"first","21":"instock","22":"taxable","23":"shipping-taxable","24":"purchasable","25":"product-type-variable"},"yoast_head":"<!-- This site is optimized with the Yoast SEO plugin v25.6 - https:\/\/yoast.com\/wordpress\/plugins\/seo\/ -->\n<title>SPODNIE OGRODNICZKI TOPAZ - KAMEX BHP - SKLEP INTERNETOWY Z ARTYKU\u0141AMI BHP NAJWY\u017bSZEJ JAKO\u015aCI<\/title>\n<meta name=\"robots\" content=\"index, follow, max-snippet:-1, max-image-preview:large, max-video-preview:-1\" \/>\n<link rel=\"canonical\" href=\"https:\/\/kamexbhp.pl\/sklep\/produkt\/spodnie-ogrodniczki-topaz\/\" \/>\n<meta property=\"og:locale\" content=\"pl_PL\" \/>\n<meta property=\"og:type\" content=\"article\" \/>\n<meta property=\"og:title\" content=\"SPODNIE OGRODNICZKI TOPAZ - KAMEX BHP - SKLEP INTERNETOWY Z ARTYKU\u0141AMI BHP NAJWY\u017bSZEJ JAKO\u015aCI\" \/>\n<meta property=\"og:description\" content=\"SEVEN KINGS TOPAZ to r\u00f3wnie\u017c estetyczny design \u2013 klasyczny kr\u00f3j i stonowane kolory pozwalaj\u0105 na profesjonalny wygl\u0105d w ka\u017cdej sytuacji. Spodnie s\u0105 dost\u0119pne w r\u00f3\u017cnych rozmiarach, co zapewnia doskona\u0142e dopasowanie do ka\u017cdej sylwetki.\" \/>\n<meta property=\"og:url\" content=\"https:\/\/kamexbhp.pl\/sklep\/produkt\/spodnie-ogrodniczki-topaz\/\" \/>\n<meta property=\"og:site_name\" content=\"KAMEX BHP - SKLEP INTERNETOWY Z ARTYKU\u0141AMI BHP NAJWY\u017bSZEJ JAKO\u015aCI\" \/>\n<meta property=\"article:publisher\" content=\"https:\/\/www.facebook.com\/bhp.kamex\" \/>\n<meta property=\"article:modified_time\" content=\"2026-01-29T12:51:14+00:00\" \/>\n<meta property=\"og:image\" content=\"https:\/\/kamexbhp.pl\/sklep\/wp-content\/uploads\/2021\/10\/img_3069-edit-1.jpg\" \/>\n\t<meta property=\"og:image:width\" content=\"1660\" \/>\n\t<meta property=\"og:image:height\" content=\"1920\" \/>\n\t<meta property=\"og:image:type\" content=\"image\/jpeg\" \/>\n<meta name=\"twitter:card\" content=\"summary_large_image\" \/>\n<meta name=\"twitter:label1\" content=\"Szacowany czas czytania\" \/>\n\t<meta name=\"twitter:data1\" content=\"1 minuta\" \/>\n<script type=\"application\/ld+json\" class=\"yoast-schema-graph\">{\"@context\":\"https:\/\/schema.org\",\"@graph\":[{\"@type\":\"WebPage\",\"@id\":\"https:\/\/kamexbhp.pl\/sklep\/produkt\/spodnie-ogrodniczki-topaz\/\",\"url\":\"https:\/\/kamexbhp.pl\/sklep\/produkt\/spodnie-ogrodniczki-topaz\/\",\"name\":\"SPODNIE OGRODNICZKI TOPAZ - KAMEX BHP - SKLEP INTERNETOWY Z ARTYKU\u0141AMI BHP NAJWY\u017bSZEJ JAKO\u015aCI\",\"isPartOf\":{\"@id\":\"https:\/\/kamexbhp.pl\/sklep\/#website\"},\"primaryImageOfPage\":{\"@id\":\"https:\/\/kamexbhp.pl\/sklep\/produkt\/spodnie-ogrodniczki-topaz\/#primaryimage\"},\"image\":{\"@id\":\"https:\/\/kamexbhp.pl\/sklep\/produkt\/spodnie-ogrodniczki-topaz\/#primaryimage\"},\"thumbnailUrl\":\"https:\/\/kamexbhp.pl\/sklep\/wp-content\/uploads\/2021\/10\/img_3069-edit-1.jpg\",\"datePublished\":\"2021-10-11T16:58:47+00:00\",\"dateModified\":\"2026-01-29T12:51:14+00:00\",\"breadcrumb\":{\"@id\":\"https:\/\/kamexbhp.pl\/sklep\/produkt\/spodnie-ogrodniczki-topaz\/#breadcrumb\"},\"inLanguage\":\"pl-PL\",\"potentialAction\":[{\"@type\":\"ReadAction\",\"target\":[\"https:\/\/kamexbhp.pl\/sklep\/produkt\/spodnie-ogrodniczki-topaz\/\"]}]},{\"@type\":\"ImageObject\",\"inLanguage\":\"pl-PL\",\"@id\":\"https:\/\/kamexbhp.pl\/sklep\/produkt\/spodnie-ogrodniczki-topaz\/#primaryimage\",\"url\":\"https:\/\/kamexbhp.pl\/sklep\/wp-content\/uploads\/2021\/10\/img_3069-edit-1.jpg\",\"contentUrl\":\"https:\/\/kamexbhp.pl\/sklep\/wp-content\/uploads\/2021\/10\/img_3069-edit-1.jpg\",\"width\":1660,\"height\":1920},{\"@type\":\"BreadcrumbList\",\"@id\":\"https:\/\/kamexbhp.pl\/sklep\/produkt\/spodnie-ogrodniczki-topaz\/#breadcrumb\",\"itemListElement\":[{\"@type\":\"ListItem\",\"position\":1,\"name\":\"Strona g\u0142\u00f3wna\",\"item\":\"https:\/\/kamexbhp.pl\/sklep\/\"},{\"@type\":\"ListItem\",\"position\":2,\"name\":\"Sklep\",\"item\":\"https:\/\/kamexbhp.pl\/sklep\/sklep\/\"},{\"@type\":\"ListItem\",\"position\":3,\"name\":\"SPODNIE OGRODNICZKI TOPAZ\"}]},{\"@type\":\"WebSite\",\"@id\":\"https:\/\/kamexbhp.pl\/sklep\/#website\",\"url\":\"https:\/\/kamexbhp.pl\/sklep\/\",\"name\":\"KAMEX BHP - SKLEP INTERNETOWY Z ARTYKU\u0141AMI BHP NAJWY\u017bSZEJ JAKO\u015aCI\",\"description\":\"Artuku\u0142y BHP najwy\u017cszej jako\u015bci!\",\"publisher\":{\"@id\":\"https:\/\/kamexbhp.pl\/sklep\/#organization\"},\"potentialAction\":[{\"@type\":\"SearchAction\",\"target\":{\"@type\":\"EntryPoint\",\"urlTemplate\":\"https:\/\/kamexbhp.pl\/sklep\/?s={search_term_string}\"},\"query-input\":{\"@type\":\"PropertyValueSpecification\",\"valueRequired\":true,\"valueName\":\"search_term_string\"}}],\"inLanguage\":\"pl-PL\"},{\"@type\":\"Organization\",\"@id\":\"https:\/\/kamexbhp.pl\/sklep\/#organization\",\"name\":\"KAMEX-BHP - SKLEP BHP - Odzie\u017c i obuwie robocze\",\"url\":\"https:\/\/kamexbhp.pl\/sklep\/\",\"logo\":{\"@type\":\"ImageObject\",\"inLanguage\":\"pl-PL\",\"@id\":\"https:\/\/kamexbhp.pl\/sklep\/#\/schema\/logo\/image\/\",\"url\":\"https:\/\/kamexbhp.pl\/sklep\/wp-content\/uploads\/2025\/01\/KAMEX-BHP-Logo-1080-x-1080.png\",\"contentUrl\":\"https:\/\/kamexbhp.pl\/sklep\/wp-content\/uploads\/2025\/01\/KAMEX-BHP-Logo-1080-x-1080.png\",\"width\":1080,\"height\":1080,\"caption\":\"KAMEX-BHP - SKLEP BHP - Odzie\u017c i obuwie robocze\"},\"image\":{\"@id\":\"https:\/\/kamexbhp.pl\/sklep\/#\/schema\/logo\/image\/\"},\"sameAs\":[\"https:\/\/www.facebook.com\/bhp.kamex\",\"https:\/\/www.instagram.com\/kamexbhp\/\"]}]}<\/script>\n<!-- \/ Yoast SEO plugin. -->","yoast_head_json":{"title":"SPODNIE OGRODNICZKI TOPAZ - KAMEX BHP - SKLEP INTERNETOWY Z ARTYKU\u0141AMI BHP NAJWY\u017bSZEJ JAKO\u015aCI","robots":{"index":"index","follow":"follow","max-snippet":"max-snippet:-1","max-image-preview":"max-image-preview:large","max-video-preview":"max-video-preview:-1"},"canonical":"https:\/\/kamexbhp.pl\/sklep\/produkt\/spodnie-ogrodniczki-topaz\/","og_locale":"pl_PL","og_type":"article","og_title":"SPODNIE OGRODNICZKI TOPAZ - KAMEX BHP - SKLEP INTERNETOWY Z ARTYKU\u0141AMI BHP NAJWY\u017bSZEJ JAKO\u015aCI","og_description":"SEVEN KINGS TOPAZ to r\u00f3wnie\u017c estetyczny design \u2013 klasyczny kr\u00f3j i stonowane kolory pozwalaj\u0105 na profesjonalny wygl\u0105d w ka\u017cdej sytuacji. Spodnie s\u0105 dost\u0119pne w r\u00f3\u017cnych rozmiarach, co zapewnia doskona\u0142e dopasowanie do ka\u017cdej sylwetki.","og_url":"https:\/\/kamexbhp.pl\/sklep\/produkt\/spodnie-ogrodniczki-topaz\/","og_site_name":"KAMEX BHP - SKLEP INTERNETOWY Z ARTYKU\u0141AMI BHP NAJWY\u017bSZEJ JAKO\u015aCI","article_publisher":"https:\/\/www.facebook.com\/bhp.kamex","article_modified_time":"2026-01-29T12:51:14+00:00","og_image":[{"width":1660,"height":1920,"url":"https:\/\/kamexbhp.pl\/sklep\/wp-content\/uploads\/2021\/10\/img_3069-edit-1.jpg","type":"image\/jpeg"}],"twitter_card":"summary_large_image","twitter_misc":{"Szacowany czas czytania":"1 minuta"},"schema":{"@context":"https:\/\/schema.org","@graph":[{"@type":"WebPage","@id":"https:\/\/kamexbhp.pl\/sklep\/produkt\/spodnie-ogrodniczki-topaz\/","url":"https:\/\/kamexbhp.pl\/sklep\/produkt\/spodnie-ogrodniczki-topaz\/","name":"SPODNIE OGRODNICZKI TOPAZ - KAMEX BHP - SKLEP INTERNETOWY Z ARTYKU\u0141AMI BHP NAJWY\u017bSZEJ JAKO\u015aCI","isPartOf":{"@id":"https:\/\/kamexbhp.pl\/sklep\/#website"},"primaryImageOfPage":{"@id":"https:\/\/kamexbhp.pl\/sklep\/produkt\/spodnie-ogrodniczki-topaz\/#primaryimage"},"image":{"@id":"https:\/\/kamexbhp.pl\/sklep\/produkt\/spodnie-ogrodniczki-topaz\/#primaryimage"},"thumbnailUrl":"https:\/\/kamexbhp.pl\/sklep\/wp-content\/uploads\/2021\/10\/img_3069-edit-1.jpg","datePublished":"2021-10-11T16:58:47+00:00","dateModified":"2026-01-29T12:51:14+00:00","breadcrumb":{"@id":"https:\/\/kamexbhp.pl\/sklep\/produkt\/spodnie-ogrodniczki-topaz\/#breadcrumb"},"inLanguage":"pl-PL","potentialAction":[{"@type":"ReadAction","target":["https:\/\/kamexbhp.pl\/sklep\/produkt\/spodnie-ogrodniczki-topaz\/"]}]},{"@type":"ImageObject","inLanguage":"pl-PL","@id":"https:\/\/kamexbhp.pl\/sklep\/produkt\/spodnie-ogrodniczki-topaz\/#primaryimage","url":"https:\/\/kamexbhp.pl\/sklep\/wp-content\/uploads\/2021\/10\/img_3069-edit-1.jpg","contentUrl":"https:\/\/kamexbhp.pl\/sklep\/wp-content\/uploads\/2021\/10\/img_3069-edit-1.jpg","width":1660,"height":1920},{"@type":"BreadcrumbList","@id":"https:\/\/kamexbhp.pl\/sklep\/produkt\/spodnie-ogrodniczki-topaz\/#breadcrumb","itemListElement":[{"@type":"ListItem","position":1,"name":"Strona g\u0142\u00f3wna","item":"https:\/\/kamexbhp.pl\/sklep\/"},{"@type":"ListItem","position":2,"name":"Sklep","item":"https:\/\/kamexbhp.pl\/sklep\/sklep\/"},{"@type":"ListItem","position":3,"name":"SPODNIE OGRODNICZKI TOPAZ"}]},{"@type":"WebSite","@id":"https:\/\/kamexbhp.pl\/sklep\/#website","url":"https:\/\/kamexbhp.pl\/sklep\/","name":"KAMEX BHP - SKLEP INTERNETOWY Z ARTYKU\u0141AMI BHP NAJWY\u017bSZEJ JAKO\u015aCI","description":"Artuku\u0142y BHP najwy\u017cszej jako\u015bci!","publisher":{"@id":"https:\/\/kamexbhp.pl\/sklep\/#organization"},"potentialAction":[{"@type":"SearchAction","target":{"@type":"EntryPoint","urlTemplate":"https:\/\/kamexbhp.pl\/sklep\/?s={search_term_string}"},"query-input":{"@type":"PropertyValueSpecification","valueRequired":true,"valueName":"search_term_string"}}],"inLanguage":"pl-PL"},{"@type":"Organization","@id":"https:\/\/kamexbhp.pl\/sklep\/#organization","name":"KAMEX-BHP - SKLEP BHP - Odzie\u017c i obuwie robocze","url":"https:\/\/kamexbhp.pl\/sklep\/","logo":{"@type":"ImageObject","inLanguage":"pl-PL","@id":"https:\/\/kamexbhp.pl\/sklep\/#\/schema\/logo\/image\/","url":"https:\/\/kamexbhp.pl\/sklep\/wp-content\/uploads\/2025\/01\/KAMEX-BHP-Logo-1080-x-1080.png","contentUrl":"https:\/\/kamexbhp.pl\/sklep\/wp-content\/uploads\/2025\/01\/KAMEX-BHP-Logo-1080-x-1080.png","width":1080,"height":1080,"caption":"KAMEX-BHP - SKLEP BHP - Odzie\u017c i obuwie robocze"},"image":{"@id":"https:\/\/kamexbhp.pl\/sklep\/#\/schema\/logo\/image\/"},"sameAs":["https:\/\/www.facebook.com\/bhp.kamex","https:\/\/www.instagram.com\/kamexbhp\/"]}]}},"_links":{"self":[{"href":"https:\/\/kamexbhp.pl\/sklep\/wp-json\/wp\/v2\/product\/3056","targetHints":{"allow":["GET"]}}],"collection":[{"href":"https:\/\/kamexbhp.pl\/sklep\/wp-json\/wp\/v2\/product"}],"about":[{"href":"https:\/\/kamexbhp.pl\/sklep\/wp-json\/wp\/v2\/types\/product"}],"replies":[{"embeddable":true,"href":"https:\/\/kamexbhp.pl\/sklep\/wp-json\/wp\/v2\/comments?post=3056"}],"version-history":[{"count":2,"href":"https:\/\/kamexbhp.pl\/sklep\/wp-json\/wp\/v2\/product\/3056\/revisions"}],"predecessor-version":[{"id":5771,"href":"https:\/\/kamexbhp.pl\/sklep\/wp-json\/wp\/v2\/product\/3056\/revisions\/5771"}],"wp:featuredmedia":[{"embeddable":true,"href":"https:\/\/kamexbhp.pl\/sklep\/wp-json\/wp\/v2\/media\/3058"}],"wp:attachment":[{"href":"https:\/\/kamexbhp.pl\/sklep\/wp-json\/wp\/v2\/media?parent=3056"}],"wp:term":[{"taxonomy":"product_brand","embeddable":true,"href":"https:\/\/kamexbhp.pl\/sklep\/wp-json\/wp\/v2\/product_brand?post=3056"},{"taxonomy":"product_cat","embeddable":true,"href":"https:\/\/kamexbhp.pl\/sklep\/wp-json\/wp\/v2\/product_cat?post=3056"},{"taxonomy":"product_tag","embeddable":true,"href":"https:\/\/kamexbhp.pl\/sklep\/wp-json\/wp\/v2\/product_tag?post=3056"}],"curies":[{"name":"wp","href":"https:\/\/api.w.org\/{rel}","templated":true}]}}