{"id":3158,"date":"2021-10-11T20:23:16","date_gmt":"2021-10-11T18:23:16","guid":{"rendered":"http:\/\/kamex.twojprojekt.eu\/sklep\/?page_id=3158"},"modified":"2025-02-17T14:55:08","modified_gmt":"2025-02-17T13:55:08","slug":"regulamin","status":"publish","type":"page","link":"https:\/\/kamexbhp.pl\/sklep\/regulamin\/","title":{"rendered":"Regulamin"},"content":{"rendered":"\n<p><\/p>\n\n\n<\/p>\n\n\n<h1 class=\"wp-block-heading has-text-align-center\">Regulamin<\/h1>\n\n\n\n<h3 class=\"wp-block-heading has-text-align-center\">REGULAMIN SKLEPU INTERNETOWEGO KAMEX-BHP<\/h3>\n\n\n\n<p class=\"has-text-align-center\"><strong>I. S\u0142ownik<\/strong><\/p>\n\n\n<\/p>\n\n\n<br \/>1 <strong>Konsument<\/strong> to Kupuj\u0105cy, kt\u00f3ry nabywa towar oferowany przez Sprzedaj\u0105cego. w celu niezwi\u0105zanym z dzia\u0142alno\u015bci\u0105 gospodarcz\u0105 i zawodow\u0105,<br \/>2. <strong>Kupuj\u0105cy<\/strong> to zar\u00f3wno Konsument jak i podmiot nabywaj\u0105cy towar w celu zwi\u0105zanym z dzia\u0142alno\u015bci\u0105 gospodarcz\u0105 lub zawodow\u0105,<br \/>3. <strong>Sprzedawca<\/strong> to w\u0142a\u015bciciela sklepu internetowego <strong>KAMEX-BHP<\/strong>, z kt\u00f3rym zawierane s\u0105 transakcje sprzeda\u017cy Dane Sprzedawcy znajduj\u0105 si\u0119 w cz\u0119\u015bci II regulaminu.<br \/>4. <strong>Warto\u015b\u0107 zam\u00f3wienia<\/strong> to suma cen sprzeda\u017cy towar\u00f3w nabywanych w ramach jednego zam\u00f3wienia oraz op\u0142aty za dostarczenie towar\u00f3w.<\/p>\n\n\n\n<p class=\"has-text-align-center\"><strong>II. Postanowienia og\u00f3lne<\/strong><\/p>\n\n\n<\/p>\n\n\n<br \/>1. Dane Sprzedawcy:<\/p>\n\n\n<\/p>\n\n\n<strong>KAMEX -BHP Kamila Kampa<\/strong><br \/><strong>ul. Ligonia 50A<br \/><em>46-080 Chr\u00f3\u015bcice k\/Opola<\/em> <\/strong><\/p>\n\n\n<\/p>\n\n\n<strong>NIP:9910343210<\/strong><\/p>\n\n\n<\/p>\n\n\n<strong>Telefon : <em>501 403 136<\/em><\/strong><\/p>\n\n\n<\/p>\n\n<p><strong>Adres e-mail: \u00a0<a href=\"mailto:kamex.sklepbhp@gmail.com\">kamex.sklepbhp@gmail.com<\/a><\/strong><\/p>\n\n\n<p class=\"has-text-align-center\"><strong>III. Postanowienia szczeg\u00f3lne dotycz\u0105ce umowy sprzeda\u017cy.<\/strong><\/p>\n\n\n<\/p>\n\n\n1. Do zawarcia umowy sprzeda\u017cy dochodzi przez z\u0142o\u017cenie przez Kupuj\u0105cego zam\u00f3wienia na stronie internetowej Sprzedawcy drog\u0105 wyboru oferowanego tam towaru, wype\u0142nienie formularza dostawy oraz potwierdzenia drog\u0105 mailow\u0105 przyj\u0119cia zam\u00f3wienia przez Sprzedawc\u0119.<br \/>2. Zam\u00f3wienie mo\u017cna z\u0142o\u017cy\u0107 zar\u00f3wno bez rejestracji na stronie Sprzedawcy jak i z rejestracj\u0105.<br \/>3. Kupuj\u0105cy niezarejestrowany sk\u0142adaj\u0105c zam\u00f3wienie podaje dane osobowe niezb\u0119dne do realizacji zam\u00f3wienia tj: imi\u0119 i nazwisko, adres dostawy towaru, e-mail ewentualnie telefon,<br \/>4. Kupuj\u0105cy rejestruj\u0105c si\u0119 na stronie internetowej Sprzedawcy podaje dane okre\u015blone w pkt. 3 oraz ustanawia login i has\u0142o dost\u0119pu do konta. Aktywacja konta Kupuj\u0105cego nast\u0119puje po uruchomieniu przez Kupuj\u0105cego w przegl\u0105darce internetowej linku potwierdzaj\u0105cego, kt\u00f3ry otrzymuje na adres e-mail podany w procesie rejestracji. Po aktywacji konta zam\u00f3wienia s\u0105 sk\u0142adane po zalogowaniu na konto Kupuj\u0105cego przy u\u017cyciu okre\u015blonego przez niego loginu i has\u0142a.<br \/>5. Cena towaru oferowanego na stronie internetowej zawiera podatek VAT.<br \/>6. Cena towaru oferowanego na stronie internetowej nie zawiera op\u0142aty za dostarczenie towaru, kt\u00f3ra zostanie doliczona do warto\u015bci zam\u00f3wienia.<br \/>7. Towary dostarczane s\u0105 w spos\u00f3b jaki wybiera kupuj\u0105cy podczas sk\u0142adania zam\u00f3wienia. Mo\u017cliwy jest r\u00f3wnie\u017c odbi\u00f3r osobisty.<br \/>8. Warto\u015b\u0107 zam\u00f3wienia Kupuj\u0105cy mo\u017ce ui\u015bci\u0107 przelewem na konto o nr 65 1140 2004 0000 3002 8085 6679\u00a0. W tytule przelewu nale\u017cy poda\u0107 nr zam\u00f3wienia.<br \/>9. Sprzedawca wy\u015ble towar(y) obj\u0119te potwierdzonym przez niego zam\u00f3wieniem w ci\u0105gu 24 godzin od zaksi\u0119gowania wp\u0142ywu warto\u015bci zam\u00f3wienia.<br \/>10.Sprzedawca zobowi\u0105zany jest do dostarczenia towaru wolnego od wad,<br \/>11.Do przesy\u0142ki za\u0142\u0105czany jest dow\u00f3d sprzeda\u017cy, kt\u00f3rym jest paragon fiskalny lub faktura VAT.<\/p>\n\n\n\n<p class=\"has-text-align-center\"><strong>IV. Polityka prywatno\u015bci<\/strong><\/p>\n\n\n\n<p><br><\/p>\n\n\n<\/p>\n\n\nKupuj\u0105cy przyjmuje do wiadomo\u015bci, i\u017c:<\/p>\n\n\n\n<ol class=\"wp-block-list\">\n<li>Administratorem danych osobowych przekazanych przez kupuj\u0105cego podczas rejestracji w serwisie b\u0105d\u017a sk\u0142adaniu zam\u00f3wienia jest&nbsp;<strong>Sklep Kamex-BHP, ul. Ligonia 50A 46-080 Chr\u00f3\u015bcice<\/strong>.<\/li>\n\n\n\n<li>Celem zbierania danych osobowych jest wy\u0142\u0105cznie wykonanie zobowi\u0105za\u0144 z um\u00f3w sprzeda\u017cy zawieranych Sprzedawc\u0105 i Kupuj\u0105cym oraz promocja i reklama towar\u00f3w oferowanych przez Sprzedawc\u0119<\/li>\n\n\n\n<li>Udost\u0119pnione dane nie b\u0119d\u0105 one przekazane innym podmiotom.<\/li>\n\n\n\n<li>Kupuj\u0105cy ma prawo wgl\u0105du do swoich danych osobowych oraz ich poprawiania.<\/li>\n\n\n\n<li>Podanie danych osobowych jest dobrowolne lecz niezb\u0119dne do prawid\u0142owego przeprowadzenia transakcji kupna-sprzeda\u017cy. Na podstawie art. 32 ust. 1 pkt 7 ustawy o ochronie danych osobowych kupuj\u0105cemu przys\u0142uguje mu prawo do wniesienia pisemnego, umotywowanego \u017c\u0105dania zaprzestania przetwarzania jego danych ze wzgl\u0119du na szczeg\u00f3ln\u0105 sytuacj\u0119, jak r\u00f3wnie\u017c \u2013 na podstawie art. 32 ust. 1 pkt 8 ustawy o ochronie danych osobowych ma prawo wniesienia sprzeciwu wobec przetwarzania jego danych w celach marketingowych lub wobec przekazywania ich podmiotowi.<\/li>\n\n\n\n<li>Sprzedawca zobowi\u0105zuje si\u0119 stosowa\u0107 niezb\u0119dne \u015brodki techniczne w celu zabezpieczenia udost\u0119pnionych danych przed dost\u0119pem os\u00f3b nieuprawnionych.<\/li>\n<\/ol>\n\n\n\n<p class=\"has-text-align-center\"><strong>V. REKLAMACJE I ZWROTY<\/strong><\/p>\n\n\n\n<strong>1 . Odst\u0105pienie od umowy.<\/strong><br \/>1.1. Poza wyj\u0105tkiem okre\u015blonym w pkt. 1.2 Konsument w terminie 14-stu dni od daty dostarczenia towaru mo\u017ce odst\u0105pi\u0107 od umowy sprzeda\u017cy bez podawania przyczyny i bez ponoszenia koszt\u00f3w z wyj\u0105tkiem koszt\u00f3w okre\u015blonych poni\u017cej.<br \/>1.2. Prawo odst\u0105pienia nie przys\u0142uguje Konsumentowi w stosunku do towar\u00f3w, kt\u00f3re by\u0142y u\u017cywane oraz nosz\u0105 \u015blady u\u017cycia.<br \/>1.3. Konsument odst\u0119puj\u0105cy od umowy sk\u0142ada Sprzedawcy o\u015bwiadczenie o odst\u0105pieniu.<br \/>1.4. Konsument jest zobowi\u0105zany do zwrotu towaru Sprzedawcy niezw\u0142ocznie, jednak nie p\u00f3\u017aniej ni\u017c w terminie 14-stu dni, od dnia, w kt\u00f3rym odst\u0105pi\u0142 do umowy. Do zachowania terminu wystarczy odes\u0142anie towaru przed jego up\u0142ywem.<br \/>1.5. Konsument ponosi tylko bezpo\u015brednie koszty zwrotu towaru.<br \/>1.6. Sprzedawca ma obowi\u0105zek niezw\u0142ocznie, nie p\u00f3\u017aniej ni\u017c w terminie 14 dni od otrzymania o\u015bwiadczenia konsumenta o odst\u0105pieniu od umowy zwr\u00f3ci\u0107 Konsumentowi wszystkie dokonane przez niego p\u0142atno\u015bci w tym koszty dostarczenia towaru. Sprzedawca mo\u017ce jednak si\u0119 wstrzyma\u0107 ze zwrotem p\u0142atno\u015bci otrzymanych od konsumenta do chwili otrzymania rzeczy z powrotem lub dostarczenia przez Konsumenta dowodu jej odes\u0142ania w zale\u017cno\u015bci od tego, kt\u00f3re zdarzenie nast\u0105pi wcze\u015bniej.<br \/>1.7. Je\u017celi Kupuj\u0105cy wybra\u0142 inny ni\u017c najta\u0144szy zwyk\u0142y oferowany przez Sprzedawc\u0119 spos\u00f3b dostarczenia towaru, Sprzedawca nie jest zobowi\u0105zany do zwrotu Konsumentowi poniesionych przez niego dodatkowych koszt\u00f3w.<br \/><strong>2 . Gwarancja<\/strong><br \/>2.1. Na sprzedany towar Sprzedawca udziela gwarancji co do jako\u015bci sprzedanego towaru.<br \/>2.2. Gwarantem jest Sprzedawca.<br \/>2.3. Gwarancja nie wy\u0142\u0105cza, nie ogranicza, ani nie zawiesza uprawnie\u0144 Kupuj\u0105cego wynikaj\u0105cych, z przepis\u00f3w o r\u0119kojmi za wady rzeczy sprzedanej.<br \/>2.4. Termin gwarancji wynosi wynosi 24 m-ce od chwili zawarcia umowy sprzeda\u017cy.<br \/>2.5. Je\u017celi w okresie gwarancyjnym ujawni\u0105 si\u0119 wady fizyczne towaru Kupuj\u0105cy wype\u0142ni formularz reklamacyjny\u00a0a nast\u0119pnie ode\u015ble<br \/>towar wraz z formularzem oraz dowodem zakupu.<br \/>2.6. Reklamacja z powodu jako\u015bci towaru b\u0119dzie rozpoznana przez Sprzedawc\u0119 w terminie 21 dni od otrzymania prawid\u0142owo wype\u0142nionego formularza reklamacyjnego wraz z towarem oraz dowodem zakupu,<br \/>2.7. W razie potwierdzenia zasadno\u015bci reklamacji Sprzedawca w terminie 10 dni od up\u0142ywu terminu okre\u015blonego w ppkt 2.6<br \/>a) stosownie do swojego wyboru dokona wymiany towaru na nowy wolny od wad albo towar naprawi<br \/>b) dostarczy na sw\u00f3j koszt wymieniony albo naprawiony towar Kupuj\u0105cemu,<br \/>c) zwr\u00f3ci Kupuj\u0105cemu koszt dostarczenia wadliwego towaru w wysoko\u015bci kosztu najta\u0144szego sposobu przesy\u0142ki dla towaru przewidzianego przy sk\u0142adaniu zam\u00f3wienia<br \/>3. Sprzedawca rozpoznaje wszelkie inne reklamacje ni\u017c reklamacje gwarancyjne w terminie 14-stu dni od dnia ich otrzymania w formie<br \/>pisemnej na podany w cz\u0119\u015bci II pkt. 2 ppkt 2.1 Regulaminu adres Sprzedawcy.<\/p>\n\n\n<p style=\"text-align: center;\"><strong>VI. DOSTAWA<\/strong><\/p>\n<p>1.1. Dostawa Towar\u00f3w jest ograniczona do obszaru Rzeczpospolitej Polskiej i odbywa si\u0119 pod adres wskazany przez Klienta w trakcie sk\u0142adania Zam\u00f3wienia.<br \/>1.2. Dostawa zam\u00f3wionych Towar\u00f3w odbywa si\u0119 transportem w\u0142asnym, przesy\u0142k\u0105 kuriersk\u0105 lub odbi\u00f3r osobisty przez klienta. Koszty dostawy zostan\u0105 wskazane w czasie sk\u0142adania Zam\u00f3wienia.<br \/>1.3. Termin realizacji dostawy wynosi od 2 do 5 dni roboczych licz\u0105c od dnia wys\u0142ania przez Klienta Zam\u00f3wienia.<br \/>1.4. Klienci mog\u0105 uzyska\u0107 dost\u0119p do niniejszego Regulaminu w ka\u017cdym czasie za po\u015brednictwem odsy\u0142acza zamieszczonego na stronie g\u0142\u00f3wnej serwisu www\u2026\u2026. oraz pobra\u0107 go i sporz\u0105dzi\u0107 jego wydruk.<br \/>Utrwalenie, zabezpieczenie, udost\u0119pnienie oraz potwierdzenie Klientowi istotnych postanowie\u0144 Umowy sprzeda\u017cy Towar\u00f3w nast\u0119puje poprzez przes\u0142anie Klientowi na podany adres e-mail oraz poprzez do\u0142\u0105czenie do przesy\u0142ki zawieraj\u0105cej Towar wydruku potwierdzenia, specyfikacji Zam\u00f3wienia oraz faktury VAT.<\/p>\n<p style=\"text-align: center;\"><strong>VII. HISTORIA CENY PRODUKTU<\/strong><\/p>\n<p>Zgodnie z dyrektyw\u0105 Omnibus na stronach produkt\u00f3w obj\u0119tych promocj\u0105 znajduje si\u0119 informacja o najni\u017cszej cenie produktu jaka obowi\u0105zywa\u0142a w okresie 30 dni przed wprowadzeniem obni\u017cki.<\/p>\n\n\n<p class=\"has-text-align-center\"><strong>VIII. CENY I METODY P\u0141ATNO\u015aCI<\/strong><\/p>\n\n\n\n<p>1.1. Ceny Towar\u00f3w podawane s\u0105 w z\u0142otych polskich i zawieraj\u0105 wszystkie sk\u0142adniki, w tym podatek VAT (z wyr\u00f3\u017cnieniem wysoko\u015bci stawki), c\u0142a oraz wszelkie inne sk\u0142adniki<\/p>\n\n\n\n<p>1.2. Klient ma mo\u017cliwo\u015b\u0107 uiszczenia ceny:<\/p>\n\n\n\n<p>a.) przelewem na numer konta bankowego 65 1140 2004 0000 3002 8085 6679<\/p>\n","protected":false},"excerpt":{"rendered":"<p>Regulamin REGULAMIN SKLEPU INTERNETOWEGO KAMEX-BHP I. S\u0142ownik 1 Konsument to Kupuj\u0105cy, kt\u00f3ry nabywa towar oferowany przez Sprzedaj\u0105cego. w celu niezwi\u0105zanym z dzia\u0142alno\u015bci\u0105 gospodarcz\u0105 i zawodow\u0105,2. Kupuj\u0105cy<span class=\"excerpt-hellip\"> [\u2026]<\/span><\/p>\n","protected":false},"author":1,"featured_media":0,"parent":0,"menu_order":0,"comment_status":"closed","ping_status":"closed","template":"","meta":{"footnotes":""},"class_list":["post-3158","page","type-page","status-publish","hentry"],"yoast_head":"<!-- This site is optimized with the Yoast SEO plugin v25.6 - https:\/\/yoast.com\/wordpress\/plugins\/seo\/ -->\n<title>Regulamin - KAMEX BHP - SKLEP INTERNETOWY Z ARTYKU\u0141AMI BHP NAJWY\u017bSZEJ JAKO\u015aCI<\/title>\n<meta name=\"robots\" content=\"noindex, follow\" \/>\n<meta property=\"og:locale\" content=\"pl_PL\" \/>\n<meta property=\"og:type\" content=\"article\" \/>\n<meta property=\"og:title\" content=\"Regulamin - KAMEX BHP - SKLEP INTERNETOWY Z ARTYKU\u0141AMI BHP NAJWY\u017bSZEJ JAKO\u015aCI\" \/>\n<meta property=\"og:description\" content=\"Regulamin REGULAMIN SKLEPU INTERNETOWEGO KAMEX-BHP I. S\u0142ownik 1 Konsument to Kupuj\u0105cy, kt\u00f3ry nabywa towar oferowany przez Sprzedaj\u0105cego. w celu niezwi\u0105zanym z dzia\u0142alno\u015bci\u0105 gospodarcz\u0105 i zawodow\u0105,2. Kupuj\u0105cy [\u2026]\" \/>\n<meta property=\"og:url\" content=\"https:\/\/kamexbhp.pl\/sklep\/regulamin\/\" \/>\n<meta property=\"og:site_name\" content=\"KAMEX BHP - SKLEP INTERNETOWY Z ARTYKU\u0141AMI BHP NAJWY\u017bSZEJ JAKO\u015aCI\" \/>\n<meta property=\"article:publisher\" content=\"https:\/\/www.facebook.com\/bhp.kamex\" \/>\n<meta property=\"article:modified_time\" content=\"2025-02-17T13:55:08+00:00\" \/>\n<meta name=\"twitter:card\" content=\"summary_large_image\" \/>\n<meta name=\"twitter:label1\" content=\"Szacowany czas czytania\" \/>\n\t<meta name=\"twitter:data1\" content=\"7 minut\" \/>\n<script type=\"application\/ld+json\" class=\"yoast-schema-graph\">{\"@context\":\"https:\/\/schema.org\",\"@graph\":[{\"@type\":\"WebPage\",\"@id\":\"https:\/\/kamexbhp.pl\/sklep\/regulamin\/\",\"url\":\"https:\/\/kamexbhp.pl\/sklep\/regulamin\/\",\"name\":\"Regulamin - KAMEX BHP - SKLEP INTERNETOWY Z ARTYKU\u0141AMI BHP NAJWY\u017bSZEJ JAKO\u015aCI\",\"isPartOf\":{\"@id\":\"https:\/\/kamexbhp.pl\/sklep\/#website\"},\"datePublished\":\"2021-10-11T18:23:16+00:00\",\"dateModified\":\"2025-02-17T13:55:08+00:00\",\"breadcrumb\":{\"@id\":\"https:\/\/kamexbhp.pl\/sklep\/regulamin\/#breadcrumb\"},\"inLanguage\":\"pl-PL\",\"potentialAction\":[{\"@type\":\"ReadAction\",\"target\":[\"https:\/\/kamexbhp.pl\/sklep\/regulamin\/\"]}]},{\"@type\":\"BreadcrumbList\",\"@id\":\"https:\/\/kamexbhp.pl\/sklep\/regulamin\/#breadcrumb\",\"itemListElement\":[{\"@type\":\"ListItem\",\"position\":1,\"name\":\"Strona g\u0142\u00f3wna\",\"item\":\"https:\/\/kamexbhp.pl\/sklep\/\"},{\"@type\":\"ListItem\",\"position\":2,\"name\":\"Regulamin\"}]},{\"@type\":\"WebSite\",\"@id\":\"https:\/\/kamexbhp.pl\/sklep\/#website\",\"url\":\"https:\/\/kamexbhp.pl\/sklep\/\",\"name\":\"KAMEX BHP - SKLEP INTERNETOWY Z ARTYKU\u0141AMI BHP NAJWY\u017bSZEJ JAKO\u015aCI\",\"description\":\"Artuku\u0142y BHP najwy\u017cszej jako\u015bci!\",\"publisher\":{\"@id\":\"https:\/\/kamexbhp.pl\/sklep\/#organization\"},\"potentialAction\":[{\"@type\":\"SearchAction\",\"target\":{\"@type\":\"EntryPoint\",\"urlTemplate\":\"https:\/\/kamexbhp.pl\/sklep\/?s={search_term_string}\"},\"query-input\":{\"@type\":\"PropertyValueSpecification\",\"valueRequired\":true,\"valueName\":\"search_term_string\"}}],\"inLanguage\":\"pl-PL\"},{\"@type\":\"Organization\",\"@id\":\"https:\/\/kamexbhp.pl\/sklep\/#organization\",\"name\":\"KAMEX-BHP - SKLEP BHP - Odzie\u017c i obuwie robocze\",\"url\":\"https:\/\/kamexbhp.pl\/sklep\/\",\"logo\":{\"@type\":\"ImageObject\",\"inLanguage\":\"pl-PL\",\"@id\":\"https:\/\/kamexbhp.pl\/sklep\/#\/schema\/logo\/image\/\",\"url\":\"https:\/\/kamexbhp.pl\/sklep\/wp-content\/uploads\/2025\/01\/KAMEX-BHP-Logo-1080-x-1080.png\",\"contentUrl\":\"https:\/\/kamexbhp.pl\/sklep\/wp-content\/uploads\/2025\/01\/KAMEX-BHP-Logo-1080-x-1080.png\",\"width\":1080,\"height\":1080,\"caption\":\"KAMEX-BHP - SKLEP BHP - Odzie\u017c i obuwie robocze\"},\"image\":{\"@id\":\"https:\/\/kamexbhp.pl\/sklep\/#\/schema\/logo\/image\/\"},\"sameAs\":[\"https:\/\/www.facebook.com\/bhp.kamex\",\"https:\/\/www.instagram.com\/kamexbhp\/\"]}]}<\/script>\n<!-- \/ Yoast SEO plugin. -->","yoast_head_json":{"title":"Regulamin - KAMEX BHP - SKLEP INTERNETOWY Z ARTYKU\u0141AMI BHP NAJWY\u017bSZEJ JAKO\u015aCI","robots":{"index":"noindex","follow":"follow"},"og_locale":"pl_PL","og_type":"article","og_title":"Regulamin - KAMEX BHP - SKLEP INTERNETOWY Z ARTYKU\u0141AMI BHP NAJWY\u017bSZEJ JAKO\u015aCI","og_description":"Regulamin REGULAMIN SKLEPU INTERNETOWEGO KAMEX-BHP I. S\u0142ownik 1 Konsument to Kupuj\u0105cy, kt\u00f3ry nabywa towar oferowany przez Sprzedaj\u0105cego. w celu niezwi\u0105zanym z dzia\u0142alno\u015bci\u0105 gospodarcz\u0105 i zawodow\u0105,2. Kupuj\u0105cy [\u2026]","og_url":"https:\/\/kamexbhp.pl\/sklep\/regulamin\/","og_site_name":"KAMEX BHP - SKLEP INTERNETOWY Z ARTYKU\u0141AMI BHP NAJWY\u017bSZEJ JAKO\u015aCI","article_publisher":"https:\/\/www.facebook.com\/bhp.kamex","article_modified_time":"2025-02-17T13:55:08+00:00","twitter_card":"summary_large_image","twitter_misc":{"Szacowany czas czytania":"7 minut"},"schema":{"@context":"https:\/\/schema.org","@graph":[{"@type":"WebPage","@id":"https:\/\/kamexbhp.pl\/sklep\/regulamin\/","url":"https:\/\/kamexbhp.pl\/sklep\/regulamin\/","name":"Regulamin - KAMEX BHP - SKLEP INTERNETOWY Z ARTYKU\u0141AMI BHP NAJWY\u017bSZEJ JAKO\u015aCI","isPartOf":{"@id":"https:\/\/kamexbhp.pl\/sklep\/#website"},"datePublished":"2021-10-11T18:23:16+00:00","dateModified":"2025-02-17T13:55:08+00:00","breadcrumb":{"@id":"https:\/\/kamexbhp.pl\/sklep\/regulamin\/#breadcrumb"},"inLanguage":"pl-PL","potentialAction":[{"@type":"ReadAction","target":["https:\/\/kamexbhp.pl\/sklep\/regulamin\/"]}]},{"@type":"BreadcrumbList","@id":"https:\/\/kamexbhp.pl\/sklep\/regulamin\/#breadcrumb","itemListElement":[{"@type":"ListItem","position":1,"name":"Strona g\u0142\u00f3wna","item":"https:\/\/kamexbhp.pl\/sklep\/"},{"@type":"ListItem","position":2,"name":"Regulamin"}]},{"@type":"WebSite","@id":"https:\/\/kamexbhp.pl\/sklep\/#website","url":"https:\/\/kamexbhp.pl\/sklep\/","name":"KAMEX BHP - SKLEP INTERNETOWY Z ARTYKU\u0141AMI BHP NAJWY\u017bSZEJ JAKO\u015aCI","description":"Artuku\u0142y BHP najwy\u017cszej jako\u015bci!","publisher":{"@id":"https:\/\/kamexbhp.pl\/sklep\/#organization"},"potentialAction":[{"@type":"SearchAction","target":{"@type":"EntryPoint","urlTemplate":"https:\/\/kamexbhp.pl\/sklep\/?s={search_term_string}"},"query-input":{"@type":"PropertyValueSpecification","valueRequired":true,"valueName":"search_term_string"}}],"inLanguage":"pl-PL"},{"@type":"Organization","@id":"https:\/\/kamexbhp.pl\/sklep\/#organization","name":"KAMEX-BHP - SKLEP BHP - Odzie\u017c i obuwie robocze","url":"https:\/\/kamexbhp.pl\/sklep\/","logo":{"@type":"ImageObject","inLanguage":"pl-PL","@id":"https:\/\/kamexbhp.pl\/sklep\/#\/schema\/logo\/image\/","url":"https:\/\/kamexbhp.pl\/sklep\/wp-content\/uploads\/2025\/01\/KAMEX-BHP-Logo-1080-x-1080.png","contentUrl":"https:\/\/kamexbhp.pl\/sklep\/wp-content\/uploads\/2025\/01\/KAMEX-BHP-Logo-1080-x-1080.png","width":1080,"height":1080,"caption":"KAMEX-BHP - SKLEP BHP - Odzie\u017c i obuwie robocze"},"image":{"@id":"https:\/\/kamexbhp.pl\/sklep\/#\/schema\/logo\/image\/"},"sameAs":["https:\/\/www.facebook.com\/bhp.kamex","https:\/\/www.instagram.com\/kamexbhp\/"]}]}},"_links":{"self":[{"href":"https:\/\/kamexbhp.pl\/sklep\/wp-json\/wp\/v2\/pages\/3158","targetHints":{"allow":["GET"]}}],"collection":[{"href":"https:\/\/kamexbhp.pl\/sklep\/wp-json\/wp\/v2\/pages"}],"about":[{"href":"https:\/\/kamexbhp.pl\/sklep\/wp-json\/wp\/v2\/types\/page"}],"author":[{"embeddable":true,"href":"https:\/\/kamexbhp.pl\/sklep\/wp-json\/wp\/v2\/users\/1"}],"replies":[{"embeddable":true,"href":"https:\/\/kamexbhp.pl\/sklep\/wp-json\/wp\/v2\/comments?post=3158"}],"version-history":[{"count":6,"href":"https:\/\/kamexbhp.pl\/sklep\/wp-json\/wp\/v2\/pages\/3158\/revisions"}],"predecessor-version":[{"id":8240,"href":"https:\/\/kamexbhp.pl\/sklep\/wp-json\/wp\/v2\/pages\/3158\/revisions\/8240"}],"wp:attachment":[{"href":"https:\/\/kamexbhp.pl\/sklep\/wp-json\/wp\/v2\/media?parent=3158"}],"curies":[{"name":"wp","href":"https:\/\/api.w.org\/{rel}","templated":true}]}}