{"id":18,"date":"2021-10-12T20:43:09","date_gmt":"2021-10-12T18:43:09","guid":{"rendered":"http:\/\/kamex.twojprojekt.eu\/sklep\/?page_id=18"},"modified":"2022-05-09T12:44:38","modified_gmt":"2022-05-09T10:44:38","slug":"zwroty","status":"publish","type":"page","link":"https:\/\/kamexbhp.pl\/sklep\/zwroty\/","title":{"rendered":"Polityka zwrot\u00f3w"},"content":{"rendered":"\n<h1 class=\"wp-block-heading\">Polityka zwrot\u00f3w<\/h1>\n\n\n\n<p><strong>1 . Odst\u0105pienie od umowy.<\/strong><br>1.1. Poza wyj\u0105tkiem okre\u015blonym w pkt. 1.2 Konsument w terminie 14-stu dni od daty dostarczenia towaru mo\u017ce odst\u0105pi\u0107 od umowy sprzeda\u017cy bez podawania przyczyny i bez ponoszenia koszt\u00f3w z wyj\u0105tkiem koszt\u00f3w okre\u015blonych poni\u017cej.<br>1.2. Prawo odst\u0105pienia nie przys\u0142uguje Konsumentowi w stosunku do towar\u00f3w, kt\u00f3re by\u0142y u\u017cywane oraz nosz\u0105 \u015blady u\u017cycia.<br>1.3. Konsument odst\u0119puj\u0105cy od umowy sk\u0142ada Sprzedawcy o\u015bwiadczenie o odst\u0105pieniu.<br>1.4. Konsument jest zobowi\u0105zany do zwrotu towaru Sprzedawcy niezw\u0142ocznie, jednak nie p\u00f3\u017aniej ni\u017c w terminie 14-stu dni, od dnia, w kt\u00f3rym odst\u0105pi\u0142 do umowy. Do zachowania terminu wystarczy odes\u0142anie towaru przed jego up\u0142ywem.<br>1.5. Konsument ponosi tylko bezpo\u015brednie koszty zwrotu towaru.<br>1.6. Sprzedawca ma obowi\u0105zek niezw\u0142ocznie, nie p\u00f3\u017aniej ni\u017c w terminie 14 dni od otrzymania o\u015bwiadczenia konsumenta o odst\u0105pieniu od umowy zwr\u00f3ci\u0107 Konsumentowi wszystkie dokonane przez niego p\u0142atno\u015bci w tym koszty dostarczenia towaru. Sprzedawca mo\u017ce jednak si\u0119 wstrzyma\u0107 ze zwrotem p\u0142atno\u015bci otrzymanych od konsumenta do chwili otrzymania rzeczy z powrotem lub dostarczenia przez Konsumenta dowodu jej odes\u0142ania w zale\u017cno\u015bci od tego, kt\u00f3re zdarzenie nast\u0105pi wcze\u015bniej.<br>1.7. Je\u017celi Kupuj\u0105cy wybra\u0142 inny ni\u017c najta\u0144szy zwyk\u0142y oferowany przez Sprzedawc\u0119 spos\u00f3b dostarczenia towaru, Sprzedawca nie jest zobowi\u0105zany do zwrotu Konsumentowi poniesionych przez niego dodatkowych koszt\u00f3w.<\/p>\n","protected":false},"excerpt":{"rendered":"<p>Polityka zwrot\u00f3w 1 . Odst\u0105pienie od umowy.1.1. Poza wyj\u0105tkiem okre\u015blonym w pkt. 1.2 Konsument w terminie 14-stu dni od daty dostarczenia towaru mo\u017ce odst\u0105pi\u0107 od umowy<span class=\"excerpt-hellip\"> [\u2026]<\/span><\/p>\n","protected":false},"author":1,"featured_media":0,"parent":0,"menu_order":0,"comment_status":"closed","ping_status":"closed","template":"","meta":{"footnotes":""},"class_list":["post-18","page","type-page","status-publish","hentry"],"yoast_head":"<!-- This site is optimized with the Yoast SEO plugin v25.6 - https:\/\/yoast.com\/wordpress\/plugins\/seo\/ -->\n<title>Polityka zwrot\u00f3w - KAMEX BHP - SKLEP INTERNETOWY Z ARTYKU\u0141AMI BHP NAJWY\u017bSZEJ JAKO\u015aCI<\/title>\n<meta name=\"robots\" content=\"noindex, follow\" \/>\n<meta property=\"og:locale\" content=\"pl_PL\" \/>\n<meta property=\"og:type\" content=\"article\" \/>\n<meta property=\"og:title\" content=\"Polityka zwrot\u00f3w - KAMEX BHP - SKLEP INTERNETOWY Z ARTYKU\u0141AMI BHP NAJWY\u017bSZEJ JAKO\u015aCI\" \/>\n<meta property=\"og:description\" content=\"Polityka zwrot\u00f3w 1 . Odst\u0105pienie od umowy.1.1. Poza wyj\u0105tkiem okre\u015blonym w pkt. 1.2 Konsument w terminie 14-stu dni od daty dostarczenia towaru mo\u017ce odst\u0105pi\u0107 od umowy [\u2026]\" \/>\n<meta property=\"og:url\" content=\"https:\/\/kamexbhp.pl\/sklep\/zwroty\/\" \/>\n<meta property=\"og:site_name\" content=\"KAMEX BHP - SKLEP INTERNETOWY Z ARTYKU\u0141AMI BHP NAJWY\u017bSZEJ JAKO\u015aCI\" \/>\n<meta property=\"article:publisher\" content=\"https:\/\/www.facebook.com\/bhp.kamex\" \/>\n<meta property=\"article:modified_time\" content=\"2022-05-09T10:44:38+00:00\" \/>\n<meta name=\"twitter:card\" content=\"summary_large_image\" \/>\n<meta name=\"twitter:label1\" content=\"Szacowany czas czytania\" \/>\n\t<meta name=\"twitter:data1\" content=\"2 minuty\" \/>\n<script type=\"application\/ld+json\" class=\"yoast-schema-graph\">{\"@context\":\"https:\/\/schema.org\",\"@graph\":[{\"@type\":\"WebPage\",\"@id\":\"https:\/\/kamexbhp.pl\/sklep\/zwroty\/\",\"url\":\"https:\/\/kamexbhp.pl\/sklep\/zwroty\/\",\"name\":\"Polityka zwrot\u00f3w - KAMEX BHP - SKLEP INTERNETOWY Z ARTYKU\u0141AMI BHP NAJWY\u017bSZEJ JAKO\u015aCI\",\"isPartOf\":{\"@id\":\"https:\/\/kamexbhp.pl\/sklep\/#website\"},\"datePublished\":\"2021-10-12T18:43:09+00:00\",\"dateModified\":\"2022-05-09T10:44:38+00:00\",\"breadcrumb\":{\"@id\":\"https:\/\/kamexbhp.pl\/sklep\/zwroty\/#breadcrumb\"},\"inLanguage\":\"pl-PL\",\"potentialAction\":[{\"@type\":\"ReadAction\",\"target\":[\"https:\/\/kamexbhp.pl\/sklep\/zwroty\/\"]}]},{\"@type\":\"BreadcrumbList\",\"@id\":\"https:\/\/kamexbhp.pl\/sklep\/zwroty\/#breadcrumb\",\"itemListElement\":[{\"@type\":\"ListItem\",\"position\":1,\"name\":\"Strona g\u0142\u00f3wna\",\"item\":\"https:\/\/kamexbhp.pl\/sklep\/\"},{\"@type\":\"ListItem\",\"position\":2,\"name\":\"Polityka zwrot\u00f3w\"}]},{\"@type\":\"WebSite\",\"@id\":\"https:\/\/kamexbhp.pl\/sklep\/#website\",\"url\":\"https:\/\/kamexbhp.pl\/sklep\/\",\"name\":\"KAMEX BHP - SKLEP INTERNETOWY Z ARTYKU\u0141AMI BHP NAJWY\u017bSZEJ JAKO\u015aCI\",\"description\":\"Artuku\u0142y BHP najwy\u017cszej jako\u015bci!\",\"publisher\":{\"@id\":\"https:\/\/kamexbhp.pl\/sklep\/#organization\"},\"potentialAction\":[{\"@type\":\"SearchAction\",\"target\":{\"@type\":\"EntryPoint\",\"urlTemplate\":\"https:\/\/kamexbhp.pl\/sklep\/?s={search_term_string}\"},\"query-input\":{\"@type\":\"PropertyValueSpecification\",\"valueRequired\":true,\"valueName\":\"search_term_string\"}}],\"inLanguage\":\"pl-PL\"},{\"@type\":\"Organization\",\"@id\":\"https:\/\/kamexbhp.pl\/sklep\/#organization\",\"name\":\"KAMEX-BHP - SKLEP BHP - Odzie\u017c i obuwie robocze\",\"url\":\"https:\/\/kamexbhp.pl\/sklep\/\",\"logo\":{\"@type\":\"ImageObject\",\"inLanguage\":\"pl-PL\",\"@id\":\"https:\/\/kamexbhp.pl\/sklep\/#\/schema\/logo\/image\/\",\"url\":\"https:\/\/kamexbhp.pl\/sklep\/wp-content\/uploads\/2025\/01\/KAMEX-BHP-Logo-1080-x-1080.png\",\"contentUrl\":\"https:\/\/kamexbhp.pl\/sklep\/wp-content\/uploads\/2025\/01\/KAMEX-BHP-Logo-1080-x-1080.png\",\"width\":1080,\"height\":1080,\"caption\":\"KAMEX-BHP - SKLEP BHP - Odzie\u017c i obuwie robocze\"},\"image\":{\"@id\":\"https:\/\/kamexbhp.pl\/sklep\/#\/schema\/logo\/image\/\"},\"sameAs\":[\"https:\/\/www.facebook.com\/bhp.kamex\",\"https:\/\/www.instagram.com\/kamexbhp\/\"]}]}<\/script>\n<!-- \/ Yoast SEO plugin. -->","yoast_head_json":{"title":"Polityka zwrot\u00f3w - KAMEX BHP - SKLEP INTERNETOWY Z ARTYKU\u0141AMI BHP NAJWY\u017bSZEJ JAKO\u015aCI","robots":{"index":"noindex","follow":"follow"},"og_locale":"pl_PL","og_type":"article","og_title":"Polityka zwrot\u00f3w - KAMEX BHP - SKLEP INTERNETOWY Z ARTYKU\u0141AMI BHP NAJWY\u017bSZEJ JAKO\u015aCI","og_description":"Polityka zwrot\u00f3w 1 . Odst\u0105pienie od umowy.1.1. Poza wyj\u0105tkiem okre\u015blonym w pkt. 1.2 Konsument w terminie 14-stu dni od daty dostarczenia towaru mo\u017ce odst\u0105pi\u0107 od umowy [\u2026]","og_url":"https:\/\/kamexbhp.pl\/sklep\/zwroty\/","og_site_name":"KAMEX BHP - SKLEP INTERNETOWY Z ARTYKU\u0141AMI BHP NAJWY\u017bSZEJ JAKO\u015aCI","article_publisher":"https:\/\/www.facebook.com\/bhp.kamex","article_modified_time":"2022-05-09T10:44:38+00:00","twitter_card":"summary_large_image","twitter_misc":{"Szacowany czas czytania":"2 minuty"},"schema":{"@context":"https:\/\/schema.org","@graph":[{"@type":"WebPage","@id":"https:\/\/kamexbhp.pl\/sklep\/zwroty\/","url":"https:\/\/kamexbhp.pl\/sklep\/zwroty\/","name":"Polityka zwrot\u00f3w - KAMEX BHP - SKLEP INTERNETOWY Z ARTYKU\u0141AMI BHP NAJWY\u017bSZEJ JAKO\u015aCI","isPartOf":{"@id":"https:\/\/kamexbhp.pl\/sklep\/#website"},"datePublished":"2021-10-12T18:43:09+00:00","dateModified":"2022-05-09T10:44:38+00:00","breadcrumb":{"@id":"https:\/\/kamexbhp.pl\/sklep\/zwroty\/#breadcrumb"},"inLanguage":"pl-PL","potentialAction":[{"@type":"ReadAction","target":["https:\/\/kamexbhp.pl\/sklep\/zwroty\/"]}]},{"@type":"BreadcrumbList","@id":"https:\/\/kamexbhp.pl\/sklep\/zwroty\/#breadcrumb","itemListElement":[{"@type":"ListItem","position":1,"name":"Strona g\u0142\u00f3wna","item":"https:\/\/kamexbhp.pl\/sklep\/"},{"@type":"ListItem","position":2,"name":"Polityka zwrot\u00f3w"}]},{"@type":"WebSite","@id":"https:\/\/kamexbhp.pl\/sklep\/#website","url":"https:\/\/kamexbhp.pl\/sklep\/","name":"KAMEX BHP - SKLEP INTERNETOWY Z ARTYKU\u0141AMI BHP NAJWY\u017bSZEJ JAKO\u015aCI","description":"Artuku\u0142y BHP najwy\u017cszej jako\u015bci!","publisher":{"@id":"https:\/\/kamexbhp.pl\/sklep\/#organization"},"potentialAction":[{"@type":"SearchAction","target":{"@type":"EntryPoint","urlTemplate":"https:\/\/kamexbhp.pl\/sklep\/?s={search_term_string}"},"query-input":{"@type":"PropertyValueSpecification","valueRequired":true,"valueName":"search_term_string"}}],"inLanguage":"pl-PL"},{"@type":"Organization","@id":"https:\/\/kamexbhp.pl\/sklep\/#organization","name":"KAMEX-BHP - SKLEP BHP - Odzie\u017c i obuwie robocze","url":"https:\/\/kamexbhp.pl\/sklep\/","logo":{"@type":"ImageObject","inLanguage":"pl-PL","@id":"https:\/\/kamexbhp.pl\/sklep\/#\/schema\/logo\/image\/","url":"https:\/\/kamexbhp.pl\/sklep\/wp-content\/uploads\/2025\/01\/KAMEX-BHP-Logo-1080-x-1080.png","contentUrl":"https:\/\/kamexbhp.pl\/sklep\/wp-content\/uploads\/2025\/01\/KAMEX-BHP-Logo-1080-x-1080.png","width":1080,"height":1080,"caption":"KAMEX-BHP - SKLEP BHP - Odzie\u017c i obuwie robocze"},"image":{"@id":"https:\/\/kamexbhp.pl\/sklep\/#\/schema\/logo\/image\/"},"sameAs":["https:\/\/www.facebook.com\/bhp.kamex","https:\/\/www.instagram.com\/kamexbhp\/"]}]}},"_links":{"self":[{"href":"https:\/\/kamexbhp.pl\/sklep\/wp-json\/wp\/v2\/pages\/18","targetHints":{"allow":["GET"]}}],"collection":[{"href":"https:\/\/kamexbhp.pl\/sklep\/wp-json\/wp\/v2\/pages"}],"about":[{"href":"https:\/\/kamexbhp.pl\/sklep\/wp-json\/wp\/v2\/types\/page"}],"author":[{"embeddable":true,"href":"https:\/\/kamexbhp.pl\/sklep\/wp-json\/wp\/v2\/users\/1"}],"replies":[{"embeddable":true,"href":"https:\/\/kamexbhp.pl\/sklep\/wp-json\/wp\/v2\/comments?post=18"}],"version-history":[{"count":1,"href":"https:\/\/kamexbhp.pl\/sklep\/wp-json\/wp\/v2\/pages\/18\/revisions"}],"predecessor-version":[{"id":4915,"href":"https:\/\/kamexbhp.pl\/sklep\/wp-json\/wp\/v2\/pages\/18\/revisions\/4915"}],"wp:attachment":[{"href":"https:\/\/kamexbhp.pl\/sklep\/wp-json\/wp\/v2\/media?parent=18"}],"curies":[{"name":"wp","href":"https:\/\/api.w.org\/{rel}","templated":true}]}}